{"id":214178,"date":"2025-03-14T15:59:12","date_gmt":"2025-03-14T14:59:12","guid":{"rendered":"https:\/\/shop.bantam.ch\/produit\/table-elu-featherlight-brunner\/"},"modified":"2026-04-19T01:56:35","modified_gmt":"2026-04-18T23:56:35","slug":"table-elu-featherlight-brunner","status":"publish","type":"product","link":"https:\/\/shop.bantam.ch\/fr\/produit\/table-elu-featherlight-brunner\/","title":{"rendered":"Table El\u00fa Featherlight Brunner"},"content":{"rendered":"<p>Table de camping et d&rsquo;ext\u00e9rieur haut de gamme avec un m\u00e9canisme de pliage exclusif nouvellement d\u00e9velopp\u00e9 et un plateau de table en nid d&rsquo;abeille ultral\u00e9ger. Le bord de la table sur tout le pourtour garantit une stabilit\u00e9 et une s\u00e9curit\u00e9 suppl\u00e9mentaires.<br \/>\nGr\u00e2ce \u00e0 une glissi\u00e8re centrale, la table se monte et se d\u00e9monte facilement en quelques secondes.<\/p>\n<ul>\n<li>Plateau de table: construction ultral\u00e9g\u00e8re, r\u00e9sistante aux intemp\u00e9ries et \u00e0 la chaleur &#8211; Greywood design<\/li>\n<li>Structure: aluminium avec m\u00e9canisme de pliage exclusif des pieds de table<\/li>\n<li>Pieds de table: aluminium anodis\u00e9 noir diam\u00e8tre 28\/25 mm, avec r\u00e9glage pr\u00e9cis de la hauteur.<\/li>\n<li>Avec rangement pratique en filet<\/li>\n<\/ul>\n","protected":false},"excerpt":{"rendered":"<p>Table de camping et d&rsquo;ext\u00e9rieur haut de gamme avec un m\u00e9canisme de pliage exclusif nouvellement d\u00e9velopp\u00e9 et un plateau de table en nid d&rsquo;abeille ultral\u00e9ger. Le bord de la table sur tout le pourtour garantit une stabilit\u00e9 et une s\u00e9curit\u00e9 suppl\u00e9mentaires. Gr\u00e2ce \u00e0 une glissi\u00e8re centrale, la table se monte et se d\u00e9monte facilement en [&hellip;]<\/p>\n","protected":false},"featured_media":214174,"template":"","meta":{"_acf_changed":false},"product_featured_cat":[],"product_brand":[],"product_cat":[4053],"product_tag":[],"class_list":{"0":"post-214178","1":"product","2":"type-product","3":"status-publish","4":"has-post-thumbnail","6":"product_cat-tables-de-camping","8":"first","9":"instock","10":"taxable","11":"shipping-taxable","12":"purchasable","13":"product-type-variable"},"acf":[],"yoast_head":"<!-- This site is optimized with the Yoast SEO plugin v27.4 - https:\/\/yoast.com\/product\/yoast-seo-wordpress\/ -->\n<title>Table El\u00fa Featherlight Brunner - Bantam Wankm\u00fcller SA<\/title>\n<meta name=\"robots\" content=\"index, follow, max-snippet:-1, max-image-preview:large, max-video-preview:-1\" \/>\n<link rel=\"canonical\" href=\"https:\/\/shop.bantam.ch\/fr\/produit\/table-elu-featherlight-brunner\/\" \/>\n<meta property=\"og:locale\" content=\"fr_FR\" \/>\n<meta property=\"og:type\" content=\"article\" \/>\n<meta property=\"og:title\" content=\"Table El\u00fa Featherlight Brunner - Bantam Wankm\u00fcller SA\" \/>\n<meta property=\"og:description\" content=\"Table de camping et d&rsquo;ext\u00e9rieur haut de gamme avec un m\u00e9canisme de pliage exclusif nouvellement d\u00e9velopp\u00e9 et un plateau de table en nid d&rsquo;abeille ultral\u00e9ger. Le bord de la table sur tout le pourtour garantit une stabilit\u00e9 et une s\u00e9curit\u00e9 suppl\u00e9mentaires. Gr\u00e2ce \u00e0 une glissi\u00e8re centrale, la table se monte et se d\u00e9monte facilement en [&hellip;]\" \/>\n<meta property=\"og:url\" content=\"https:\/\/shop.bantam.ch\/fr\/produit\/table-elu-featherlight-brunner\/\" \/>\n<meta property=\"og:site_name\" content=\"Bantam Wankm\u00fcller SA\" \/>\n<meta property=\"article:modified_time\" content=\"2026-04-18T23:56:35+00:00\" \/>\n<meta name=\"twitter:card\" content=\"summary_large_image\" \/>\n<meta name=\"twitter:label1\" content=\"Dur\u00e9e de lecture estim\u00e9e\" \/>\n\t<meta name=\"twitter:data1\" content=\"1 minute\" \/>\n<script type=\"application\/ld+json\" class=\"yoast-schema-graph\">{\"@context\":\"https:\\\/\\\/schema.org\",\"@graph\":[{\"@type\":\"WebPage\",\"@id\":\"https:\\\/\\\/shop.bantam.ch\\\/fr\\\/produit\\\/table-elu-featherlight-brunner\\\/\",\"url\":\"https:\\\/\\\/shop.bantam.ch\\\/fr\\\/produit\\\/table-elu-featherlight-brunner\\\/\",\"name\":\"Table El\u00fa Featherlight Brunner - Bantam Wankm\u00fcller SA\",\"isPartOf\":{\"@id\":\"https:\\\/\\\/shop.bantam.ch\\\/fr\\\/#website\"},\"primaryImageOfPage\":{\"@id\":\"https:\\\/\\\/shop.bantam.ch\\\/fr\\\/produit\\\/table-elu-featherlight-brunner\\\/#primaryimage\"},\"image\":{\"@id\":\"https:\\\/\\\/shop.bantam.ch\\\/fr\\\/produit\\\/table-elu-featherlight-brunner\\\/#primaryimage\"},\"thumbnailUrl\":\"https:\\\/\\\/shop.bantam.ch\\\/wp-content\\\/uploads\\\/2025\\\/03\\\/Movera-L-9962601100.jpg\",\"datePublished\":\"2025-03-14T14:59:12+00:00\",\"dateModified\":\"2026-04-18T23:56:35+00:00\",\"breadcrumb\":{\"@id\":\"https:\\\/\\\/shop.bantam.ch\\\/fr\\\/produit\\\/table-elu-featherlight-brunner\\\/#breadcrumb\"},\"inLanguage\":\"fr-FR\",\"potentialAction\":[{\"@type\":\"ReadAction\",\"target\":[\"https:\\\/\\\/shop.bantam.ch\\\/fr\\\/produit\\\/table-elu-featherlight-brunner\\\/\"]}]},{\"@type\":\"ImageObject\",\"inLanguage\":\"fr-FR\",\"@id\":\"https:\\\/\\\/shop.bantam.ch\\\/fr\\\/produit\\\/table-elu-featherlight-brunner\\\/#primaryimage\",\"url\":\"https:\\\/\\\/shop.bantam.ch\\\/wp-content\\\/uploads\\\/2025\\\/03\\\/Movera-L-9962601100.jpg\",\"contentUrl\":\"https:\\\/\\\/shop.bantam.ch\\\/wp-content\\\/uploads\\\/2025\\\/03\\\/Movera-L-9962601100.jpg\",\"width\":640,\"height\":464},{\"@type\":\"BreadcrumbList\",\"@id\":\"https:\\\/\\\/shop.bantam.ch\\\/fr\\\/produit\\\/table-elu-featherlight-brunner\\\/#breadcrumb\",\"itemListElement\":[{\"@type\":\"ListItem\",\"position\":1,\"name\":\"Accueil\",\"item\":\"https:\\\/\\\/shop.bantam.ch\\\/fr\\\/\"},{\"@type\":\"ListItem\",\"position\":2,\"name\":\"Boutique\",\"item\":\"https:\\\/\\\/shop.bantam.ch\\\/fr\\\/boutique\\\/\"},{\"@type\":\"ListItem\",\"position\":3,\"name\":\"Table El\u00fa Featherlight Brunner\"}]},{\"@type\":\"WebSite\",\"@id\":\"https:\\\/\\\/shop.bantam.ch\\\/fr\\\/#website\",\"url\":\"https:\\\/\\\/shop.bantam.ch\\\/fr\\\/\",\"name\":\"Bantam Wankm\u00fcller SA\",\"description\":\"\",\"publisher\":{\"@id\":\"https:\\\/\\\/shop.bantam.ch\\\/fr\\\/#organization\"},\"inLanguage\":\"fr-FR\"},{\"@type\":\"Organization\",\"@id\":\"https:\\\/\\\/shop.bantam.ch\\\/fr\\\/#organization\",\"name\":\"Bantam Wankm\u00fcller SA\",\"url\":\"https:\\\/\\\/shop.bantam.ch\\\/fr\\\/\",\"logo\":{\"@type\":\"ImageObject\",\"inLanguage\":\"fr-FR\",\"@id\":\"https:\\\/\\\/shop.bantam.ch\\\/fr\\\/#\\\/schema\\\/logo\\\/image\\\/\",\"url\":\"https:\\\/\\\/shop.bantam.ch\\\/wp-content\\\/uploads\\\/2022\\\/12\\\/bantam-logo.png\",\"contentUrl\":\"https:\\\/\\\/shop.bantam.ch\\\/wp-content\\\/uploads\\\/2022\\\/12\\\/bantam-logo.png\",\"width\":320,\"height\":71,\"caption\":\"Bantam Wankm\u00fcller SA\"},\"image\":{\"@id\":\"https:\\\/\\\/shop.bantam.ch\\\/fr\\\/#\\\/schema\\\/logo\\\/image\\\/\"}}]}<\/script>\n<!-- \/ Yoast SEO plugin. -->","yoast_head_json":{"title":"Table El\u00fa Featherlight Brunner - Bantam Wankm\u00fcller SA","robots":{"index":"index","follow":"follow","max-snippet":"max-snippet:-1","max-image-preview":"max-image-preview:large","max-video-preview":"max-video-preview:-1"},"canonical":"https:\/\/shop.bantam.ch\/fr\/produit\/table-elu-featherlight-brunner\/","og_locale":"fr_FR","og_type":"article","og_title":"Table El\u00fa Featherlight Brunner - Bantam Wankm\u00fcller SA","og_description":"Table de camping et d&rsquo;ext\u00e9rieur haut de gamme avec un m\u00e9canisme de pliage exclusif nouvellement d\u00e9velopp\u00e9 et un plateau de table en nid d&rsquo;abeille ultral\u00e9ger. Le bord de la table sur tout le pourtour garantit une stabilit\u00e9 et une s\u00e9curit\u00e9 suppl\u00e9mentaires. Gr\u00e2ce \u00e0 une glissi\u00e8re centrale, la table se monte et se d\u00e9monte facilement en [&hellip;]","og_url":"https:\/\/shop.bantam.ch\/fr\/produit\/table-elu-featherlight-brunner\/","og_site_name":"Bantam Wankm\u00fcller SA","article_modified_time":"2026-04-18T23:56:35+00:00","twitter_card":"summary_large_image","twitter_misc":{"Dur\u00e9e de lecture estim\u00e9e":"1 minute"},"schema":{"@context":"https:\/\/schema.org","@graph":[{"@type":"WebPage","@id":"https:\/\/shop.bantam.ch\/fr\/produit\/table-elu-featherlight-brunner\/","url":"https:\/\/shop.bantam.ch\/fr\/produit\/table-elu-featherlight-brunner\/","name":"Table El\u00fa Featherlight Brunner - Bantam Wankm\u00fcller SA","isPartOf":{"@id":"https:\/\/shop.bantam.ch\/fr\/#website"},"primaryImageOfPage":{"@id":"https:\/\/shop.bantam.ch\/fr\/produit\/table-elu-featherlight-brunner\/#primaryimage"},"image":{"@id":"https:\/\/shop.bantam.ch\/fr\/produit\/table-elu-featherlight-brunner\/#primaryimage"},"thumbnailUrl":"https:\/\/shop.bantam.ch\/wp-content\/uploads\/2025\/03\/Movera-L-9962601100.jpg","datePublished":"2025-03-14T14:59:12+00:00","dateModified":"2026-04-18T23:56:35+00:00","breadcrumb":{"@id":"https:\/\/shop.bantam.ch\/fr\/produit\/table-elu-featherlight-brunner\/#breadcrumb"},"inLanguage":"fr-FR","potentialAction":[{"@type":"ReadAction","target":["https:\/\/shop.bantam.ch\/fr\/produit\/table-elu-featherlight-brunner\/"]}]},{"@type":"ImageObject","inLanguage":"fr-FR","@id":"https:\/\/shop.bantam.ch\/fr\/produit\/table-elu-featherlight-brunner\/#primaryimage","url":"https:\/\/shop.bantam.ch\/wp-content\/uploads\/2025\/03\/Movera-L-9962601100.jpg","contentUrl":"https:\/\/shop.bantam.ch\/wp-content\/uploads\/2025\/03\/Movera-L-9962601100.jpg","width":640,"height":464},{"@type":"BreadcrumbList","@id":"https:\/\/shop.bantam.ch\/fr\/produit\/table-elu-featherlight-brunner\/#breadcrumb","itemListElement":[{"@type":"ListItem","position":1,"name":"Accueil","item":"https:\/\/shop.bantam.ch\/fr\/"},{"@type":"ListItem","position":2,"name":"Boutique","item":"https:\/\/shop.bantam.ch\/fr\/boutique\/"},{"@type":"ListItem","position":3,"name":"Table El\u00fa Featherlight Brunner"}]},{"@type":"WebSite","@id":"https:\/\/shop.bantam.ch\/fr\/#website","url":"https:\/\/shop.bantam.ch\/fr\/","name":"Bantam Wankm\u00fcller SA","description":"","publisher":{"@id":"https:\/\/shop.bantam.ch\/fr\/#organization"},"inLanguage":"fr-FR"},{"@type":"Organization","@id":"https:\/\/shop.bantam.ch\/fr\/#organization","name":"Bantam Wankm\u00fcller SA","url":"https:\/\/shop.bantam.ch\/fr\/","logo":{"@type":"ImageObject","inLanguage":"fr-FR","@id":"https:\/\/shop.bantam.ch\/fr\/#\/schema\/logo\/image\/","url":"https:\/\/shop.bantam.ch\/wp-content\/uploads\/2022\/12\/bantam-logo.png","contentUrl":"https:\/\/shop.bantam.ch\/wp-content\/uploads\/2022\/12\/bantam-logo.png","width":320,"height":71,"caption":"Bantam Wankm\u00fcller SA"},"image":{"@id":"https:\/\/shop.bantam.ch\/fr\/#\/schema\/logo\/image\/"}}]}},"_links":{"self":[{"href":"https:\/\/shop.bantam.ch\/fr\/wp-json\/wp\/v2\/product\/214178","targetHints":{"allow":["GET"]}}],"collection":[{"href":"https:\/\/shop.bantam.ch\/fr\/wp-json\/wp\/v2\/product"}],"about":[{"href":"https:\/\/shop.bantam.ch\/fr\/wp-json\/wp\/v2\/types\/product"}],"wp:featuredmedia":[{"embeddable":true,"href":"https:\/\/shop.bantam.ch\/fr\/wp-json\/wp\/v2\/media\/214174"}],"wp:attachment":[{"href":"https:\/\/shop.bantam.ch\/fr\/wp-json\/wp\/v2\/media?parent=214178"}],"wp:term":[{"taxonomy":"product_featured_cat","embeddable":true,"href":"https:\/\/shop.bantam.ch\/fr\/wp-json\/wp\/v2\/product_featured_cat?post=214178"},{"taxonomy":"product_brand","embeddable":true,"href":"https:\/\/shop.bantam.ch\/fr\/wp-json\/wp\/v2\/product_brand?post=214178"},{"taxonomy":"product_cat","embeddable":true,"href":"https:\/\/shop.bantam.ch\/fr\/wp-json\/wp\/v2\/product_cat?post=214178"},{"taxonomy":"product_tag","embeddable":true,"href":"https:\/\/shop.bantam.ch\/fr\/wp-json\/wp\/v2\/product_tag?post=214178"}],"curies":[{"name":"wp","href":"https:\/\/api.w.org\/{rel}","templated":true}]}}