{"id":214166,"date":"2025-03-14T15:58:52","date_gmt":"2025-03-14T14:58:52","guid":{"rendered":"https:\/\/shop.bantam.ch\/produit\/table-de-camping-amulet\/"},"modified":"2026-04-18T01:54:00","modified_gmt":"2026-04-17T23:54:00","slug":"table-de-camping-amulet","status":"publish","type":"product","link":"https:\/\/shop.bantam.ch\/fr\/produit\/table-de-camping-amulet\/","title":{"rendered":"Table de camping Amulet"},"content":{"rendered":"<p>Optimis\u00e9e pour la polyvalence et la facilit\u00e9 d&rsquo;installation, Amulet est dot\u00e9e de pieds r\u00e9glables en hauteur et d&rsquo;un syst\u00e8me de mise \u00e0 niveau Adjustar sur l&rsquo;un des pieds, qui garantit une surface stable et plane, m\u00eame sur les terrains accident\u00e9s. Fabriqu\u00e9 \u00e0 partir d&rsquo;un panneau Severin ultral\u00e9ger, il offre un aspect moderne et \u00e9l\u00e9gant qui s&rsquo;adapte \u00e0 tous les environnements ext\u00e9rieurs. La livraison comprend un filet de rangement pratique et un sac de transport pour faciliter le transport et le stockage.<\/p>\n<ul>\n<li>Avec syst\u00e8me de cadre brevet\u00e9<\/li>\n<li>Les 4 pieds sont r\u00e9glables en hauteur<\/li>\n<li>Avec syst\u00e8me de mise \u00e0 niveau Adjustar sur un pied<\/li>\n<li>Plateau de table compos\u00e9 d&rsquo;un panneau Severin ultral\u00e9ger<\/li>\n<li>Design moderne<\/li>\n<li>Filet de rangement inclus<\/li>\n<li>Sac de transport inclus<\/li>\n<\/ul>\n","protected":false},"excerpt":{"rendered":"<p>Optimis\u00e9e pour la polyvalence et la facilit\u00e9 d&rsquo;installation, Amulet est dot\u00e9e de pieds r\u00e9glables en hauteur et d&rsquo;un syst\u00e8me de mise \u00e0 niveau Adjustar sur l&rsquo;un des pieds, qui garantit une surface stable et plane, m\u00eame sur les terrains accident\u00e9s. Fabriqu\u00e9 \u00e0 partir d&rsquo;un panneau Severin ultral\u00e9ger, il offre un aspect moderne et \u00e9l\u00e9gant qui [&hellip;]<\/p>\n","protected":false},"featured_media":214156,"template":"","meta":{"_acf_changed":false},"product_featured_cat":[],"product_brand":[],"product_cat":[4053],"product_tag":[],"class_list":{"0":"post-214166","1":"product","2":"type-product","3":"status-publish","4":"has-post-thumbnail","6":"product_cat-tables-de-camping","8":"first","9":"instock","10":"taxable","11":"shipping-taxable","12":"purchasable","13":"product-type-variable"},"acf":[],"yoast_head":"<!-- This site is optimized with the Yoast SEO plugin v27.4 - https:\/\/yoast.com\/product\/yoast-seo-wordpress\/ -->\n<title>Table de camping Amulet - Bantam Wankm\u00fcller SA<\/title>\n<meta name=\"robots\" content=\"index, follow, max-snippet:-1, max-image-preview:large, max-video-preview:-1\" \/>\n<link rel=\"canonical\" href=\"https:\/\/shop.bantam.ch\/fr\/produit\/table-de-camping-amulet\/\" \/>\n<meta property=\"og:locale\" content=\"fr_FR\" \/>\n<meta property=\"og:type\" content=\"article\" \/>\n<meta property=\"og:title\" content=\"Table de camping Amulet - Bantam Wankm\u00fcller SA\" \/>\n<meta property=\"og:description\" content=\"Optimis\u00e9e pour la polyvalence et la facilit\u00e9 d&rsquo;installation, Amulet est dot\u00e9e de pieds r\u00e9glables en hauteur et d&rsquo;un syst\u00e8me de mise \u00e0 niveau Adjustar sur l&rsquo;un des pieds, qui garantit une surface stable et plane, m\u00eame sur les terrains accident\u00e9s. Fabriqu\u00e9 \u00e0 partir d&rsquo;un panneau Severin ultral\u00e9ger, il offre un aspect moderne et \u00e9l\u00e9gant qui [&hellip;]\" \/>\n<meta property=\"og:url\" content=\"https:\/\/shop.bantam.ch\/fr\/produit\/table-de-camping-amulet\/\" \/>\n<meta property=\"og:site_name\" content=\"Bantam Wankm\u00fcller SA\" \/>\n<meta property=\"article:modified_time\" content=\"2026-04-17T23:54:00+00:00\" \/>\n<meta name=\"twitter:card\" content=\"summary_large_image\" \/>\n<meta name=\"twitter:label1\" content=\"Dur\u00e9e de lecture estim\u00e9e\" \/>\n\t<meta name=\"twitter:data1\" content=\"1 minute\" \/>\n<script type=\"application\/ld+json\" class=\"yoast-schema-graph\">{\"@context\":\"https:\\\/\\\/schema.org\",\"@graph\":[{\"@type\":\"WebPage\",\"@id\":\"https:\\\/\\\/shop.bantam.ch\\\/fr\\\/produit\\\/table-de-camping-amulet\\\/\",\"url\":\"https:\\\/\\\/shop.bantam.ch\\\/fr\\\/produit\\\/table-de-camping-amulet\\\/\",\"name\":\"Table de camping Amulet - Bantam Wankm\u00fcller SA\",\"isPartOf\":{\"@id\":\"https:\\\/\\\/shop.bantam.ch\\\/fr\\\/#website\"},\"primaryImageOfPage\":{\"@id\":\"https:\\\/\\\/shop.bantam.ch\\\/fr\\\/produit\\\/table-de-camping-amulet\\\/#primaryimage\"},\"image\":{\"@id\":\"https:\\\/\\\/shop.bantam.ch\\\/fr\\\/produit\\\/table-de-camping-amulet\\\/#primaryimage\"},\"thumbnailUrl\":\"https:\\\/\\\/shop.bantam.ch\\\/wp-content\\\/uploads\\\/2025\\\/03\\\/Movera-L-9962599100.jpg\",\"datePublished\":\"2025-03-14T14:58:52+00:00\",\"dateModified\":\"2026-04-17T23:54:00+00:00\",\"breadcrumb\":{\"@id\":\"https:\\\/\\\/shop.bantam.ch\\\/fr\\\/produit\\\/table-de-camping-amulet\\\/#breadcrumb\"},\"inLanguage\":\"fr-FR\",\"potentialAction\":[{\"@type\":\"ReadAction\",\"target\":[\"https:\\\/\\\/shop.bantam.ch\\\/fr\\\/produit\\\/table-de-camping-amulet\\\/\"]}]},{\"@type\":\"ImageObject\",\"inLanguage\":\"fr-FR\",\"@id\":\"https:\\\/\\\/shop.bantam.ch\\\/fr\\\/produit\\\/table-de-camping-amulet\\\/#primaryimage\",\"url\":\"https:\\\/\\\/shop.bantam.ch\\\/wp-content\\\/uploads\\\/2025\\\/03\\\/Movera-L-9962599100.jpg\",\"contentUrl\":\"https:\\\/\\\/shop.bantam.ch\\\/wp-content\\\/uploads\\\/2025\\\/03\\\/Movera-L-9962599100.jpg\",\"width\":640,\"height\":489},{\"@type\":\"BreadcrumbList\",\"@id\":\"https:\\\/\\\/shop.bantam.ch\\\/fr\\\/produit\\\/table-de-camping-amulet\\\/#breadcrumb\",\"itemListElement\":[{\"@type\":\"ListItem\",\"position\":1,\"name\":\"Accueil\",\"item\":\"https:\\\/\\\/shop.bantam.ch\\\/fr\\\/\"},{\"@type\":\"ListItem\",\"position\":2,\"name\":\"Boutique\",\"item\":\"https:\\\/\\\/shop.bantam.ch\\\/fr\\\/boutique\\\/\"},{\"@type\":\"ListItem\",\"position\":3,\"name\":\"Table de camping Amulet\"}]},{\"@type\":\"WebSite\",\"@id\":\"https:\\\/\\\/shop.bantam.ch\\\/fr\\\/#website\",\"url\":\"https:\\\/\\\/shop.bantam.ch\\\/fr\\\/\",\"name\":\"Bantam Wankm\u00fcller SA\",\"description\":\"\",\"publisher\":{\"@id\":\"https:\\\/\\\/shop.bantam.ch\\\/fr\\\/#organization\"},\"inLanguage\":\"fr-FR\"},{\"@type\":\"Organization\",\"@id\":\"https:\\\/\\\/shop.bantam.ch\\\/fr\\\/#organization\",\"name\":\"Bantam Wankm\u00fcller SA\",\"url\":\"https:\\\/\\\/shop.bantam.ch\\\/fr\\\/\",\"logo\":{\"@type\":\"ImageObject\",\"inLanguage\":\"fr-FR\",\"@id\":\"https:\\\/\\\/shop.bantam.ch\\\/fr\\\/#\\\/schema\\\/logo\\\/image\\\/\",\"url\":\"https:\\\/\\\/shop.bantam.ch\\\/wp-content\\\/uploads\\\/2022\\\/12\\\/bantam-logo.png\",\"contentUrl\":\"https:\\\/\\\/shop.bantam.ch\\\/wp-content\\\/uploads\\\/2022\\\/12\\\/bantam-logo.png\",\"width\":320,\"height\":71,\"caption\":\"Bantam Wankm\u00fcller SA\"},\"image\":{\"@id\":\"https:\\\/\\\/shop.bantam.ch\\\/fr\\\/#\\\/schema\\\/logo\\\/image\\\/\"}}]}<\/script>\n<!-- \/ Yoast SEO plugin. -->","yoast_head_json":{"title":"Table de camping Amulet - Bantam Wankm\u00fcller SA","robots":{"index":"index","follow":"follow","max-snippet":"max-snippet:-1","max-image-preview":"max-image-preview:large","max-video-preview":"max-video-preview:-1"},"canonical":"https:\/\/shop.bantam.ch\/fr\/produit\/table-de-camping-amulet\/","og_locale":"fr_FR","og_type":"article","og_title":"Table de camping Amulet - Bantam Wankm\u00fcller SA","og_description":"Optimis\u00e9e pour la polyvalence et la facilit\u00e9 d&rsquo;installation, Amulet est dot\u00e9e de pieds r\u00e9glables en hauteur et d&rsquo;un syst\u00e8me de mise \u00e0 niveau Adjustar sur l&rsquo;un des pieds, qui garantit une surface stable et plane, m\u00eame sur les terrains accident\u00e9s. Fabriqu\u00e9 \u00e0 partir d&rsquo;un panneau Severin ultral\u00e9ger, il offre un aspect moderne et \u00e9l\u00e9gant qui [&hellip;]","og_url":"https:\/\/shop.bantam.ch\/fr\/produit\/table-de-camping-amulet\/","og_site_name":"Bantam Wankm\u00fcller SA","article_modified_time":"2026-04-17T23:54:00+00:00","twitter_card":"summary_large_image","twitter_misc":{"Dur\u00e9e de lecture estim\u00e9e":"1 minute"},"schema":{"@context":"https:\/\/schema.org","@graph":[{"@type":"WebPage","@id":"https:\/\/shop.bantam.ch\/fr\/produit\/table-de-camping-amulet\/","url":"https:\/\/shop.bantam.ch\/fr\/produit\/table-de-camping-amulet\/","name":"Table de camping Amulet - Bantam Wankm\u00fcller SA","isPartOf":{"@id":"https:\/\/shop.bantam.ch\/fr\/#website"},"primaryImageOfPage":{"@id":"https:\/\/shop.bantam.ch\/fr\/produit\/table-de-camping-amulet\/#primaryimage"},"image":{"@id":"https:\/\/shop.bantam.ch\/fr\/produit\/table-de-camping-amulet\/#primaryimage"},"thumbnailUrl":"https:\/\/shop.bantam.ch\/wp-content\/uploads\/2025\/03\/Movera-L-9962599100.jpg","datePublished":"2025-03-14T14:58:52+00:00","dateModified":"2026-04-17T23:54:00+00:00","breadcrumb":{"@id":"https:\/\/shop.bantam.ch\/fr\/produit\/table-de-camping-amulet\/#breadcrumb"},"inLanguage":"fr-FR","potentialAction":[{"@type":"ReadAction","target":["https:\/\/shop.bantam.ch\/fr\/produit\/table-de-camping-amulet\/"]}]},{"@type":"ImageObject","inLanguage":"fr-FR","@id":"https:\/\/shop.bantam.ch\/fr\/produit\/table-de-camping-amulet\/#primaryimage","url":"https:\/\/shop.bantam.ch\/wp-content\/uploads\/2025\/03\/Movera-L-9962599100.jpg","contentUrl":"https:\/\/shop.bantam.ch\/wp-content\/uploads\/2025\/03\/Movera-L-9962599100.jpg","width":640,"height":489},{"@type":"BreadcrumbList","@id":"https:\/\/shop.bantam.ch\/fr\/produit\/table-de-camping-amulet\/#breadcrumb","itemListElement":[{"@type":"ListItem","position":1,"name":"Accueil","item":"https:\/\/shop.bantam.ch\/fr\/"},{"@type":"ListItem","position":2,"name":"Boutique","item":"https:\/\/shop.bantam.ch\/fr\/boutique\/"},{"@type":"ListItem","position":3,"name":"Table de camping Amulet"}]},{"@type":"WebSite","@id":"https:\/\/shop.bantam.ch\/fr\/#website","url":"https:\/\/shop.bantam.ch\/fr\/","name":"Bantam Wankm\u00fcller SA","description":"","publisher":{"@id":"https:\/\/shop.bantam.ch\/fr\/#organization"},"inLanguage":"fr-FR"},{"@type":"Organization","@id":"https:\/\/shop.bantam.ch\/fr\/#organization","name":"Bantam Wankm\u00fcller SA","url":"https:\/\/shop.bantam.ch\/fr\/","logo":{"@type":"ImageObject","inLanguage":"fr-FR","@id":"https:\/\/shop.bantam.ch\/fr\/#\/schema\/logo\/image\/","url":"https:\/\/shop.bantam.ch\/wp-content\/uploads\/2022\/12\/bantam-logo.png","contentUrl":"https:\/\/shop.bantam.ch\/wp-content\/uploads\/2022\/12\/bantam-logo.png","width":320,"height":71,"caption":"Bantam Wankm\u00fcller SA"},"image":{"@id":"https:\/\/shop.bantam.ch\/fr\/#\/schema\/logo\/image\/"}}]}},"_links":{"self":[{"href":"https:\/\/shop.bantam.ch\/fr\/wp-json\/wp\/v2\/product\/214166","targetHints":{"allow":["GET"]}}],"collection":[{"href":"https:\/\/shop.bantam.ch\/fr\/wp-json\/wp\/v2\/product"}],"about":[{"href":"https:\/\/shop.bantam.ch\/fr\/wp-json\/wp\/v2\/types\/product"}],"wp:featuredmedia":[{"embeddable":true,"href":"https:\/\/shop.bantam.ch\/fr\/wp-json\/wp\/v2\/media\/214156"}],"wp:attachment":[{"href":"https:\/\/shop.bantam.ch\/fr\/wp-json\/wp\/v2\/media?parent=214166"}],"wp:term":[{"taxonomy":"product_featured_cat","embeddable":true,"href":"https:\/\/shop.bantam.ch\/fr\/wp-json\/wp\/v2\/product_featured_cat?post=214166"},{"taxonomy":"product_brand","embeddable":true,"href":"https:\/\/shop.bantam.ch\/fr\/wp-json\/wp\/v2\/product_brand?post=214166"},{"taxonomy":"product_cat","embeddable":true,"href":"https:\/\/shop.bantam.ch\/fr\/wp-json\/wp\/v2\/product_cat?post=214166"},{"taxonomy":"product_tag","embeddable":true,"href":"https:\/\/shop.bantam.ch\/fr\/wp-json\/wp\/v2\/product_tag?post=214166"}],"curies":[{"name":"wp","href":"https:\/\/api.w.org\/{rel}","templated":true}]}}