{"id":214150,"date":"2025-03-14T15:58:38","date_gmt":"2025-03-14T14:58:38","guid":{"rendered":"https:\/\/shop.bantam.ch\/produit\/chaise-de-plage-avec-pare-soleil-makai\/"},"modified":"2026-05-03T23:24:24","modified_gmt":"2026-05-03T21:24:24","slug":"chaise-de-plage-avec-pare-soleil-makai","status":"publish","type":"product","link":"https:\/\/shop.bantam.ch\/fr\/produit\/chaise-de-plage-avec-pare-soleil-makai\/","title":{"rendered":"Chaise de plage avec pare-soleil Makai"},"content":{"rendered":"<p>La chaise de plage Makai offre un confort et une polyvalence exceptionnels pour vos aventures en plein air. \u00c9quip\u00e9e d&rsquo;un toit solaire r\u00e9glable et amovible, la chaise offre une protection suffisante contre les rayons du soleil.<br \/>\nL&rsquo;assise allong\u00e9e et le large oreiller garantissent une d\u00e9tente maximale, tandis que la housse Syntex de haute qualit\u00e9 assure une finition \u00e9l\u00e9gante et durable. De plus, les jambi\u00e8res prot\u00e8gent des surfaces rugueuses et font du Makai un compagnon fiable pour vos journ\u00e9es \u00e0 la plage.<\/p>\n<ul>\n<li>Avec toit solaire r\u00e9glable et amovible<\/li>\n<li>Assise allong\u00e9e vers l&rsquo;arri\u00e8re pour plus de confort<\/li>\n<li>Large coussin pour la t\u00eate<\/li>\n<li>Housse textile de haute qualit\u00e9<\/li>\n<li>Avec protections de cadre<\/li>\n<\/ul>\n<p>Mat\u00e9riaux :<br \/>\nHousse : 30 % polyester, 70 % chlorure de polyvinyle<br \/>\nArmature : aluminium<\/p>\n","protected":false},"excerpt":{"rendered":"<p>La chaise de plage Makai offre un confort et une polyvalence exceptionnels pour vos aventures en plein air. \u00c9quip\u00e9e d&rsquo;un toit solaire r\u00e9glable et amovible, la chaise offre une protection suffisante contre les rayons du soleil. L&rsquo;assise allong\u00e9e et le large oreiller garantissent une d\u00e9tente maximale, tandis que la housse Syntex de haute qualit\u00e9 assure [&hellip;]<\/p>\n","protected":false},"featured_media":214148,"template":"","meta":{"_acf_changed":false},"product_featured_cat":[],"product_brand":[],"product_cat":[4971],"product_tag":[],"class_list":{"0":"post-214150","1":"product","2":"type-product","3":"status-publish","4":"has-post-thumbnail","6":"product_cat-chaises-de-camping","8":"first","9":"instock","10":"taxable","11":"shipping-taxable","12":"purchasable","13":"product-type-simple"},"acf":[],"yoast_head":"<!-- This site is optimized with the Yoast SEO plugin v27.5 - https:\/\/yoast.com\/product\/yoast-seo-wordpress\/ -->\n<title>Chaise de plage avec pare-soleil Makai - Bantam<\/title>\n<meta name=\"robots\" content=\"index, follow, max-snippet:-1, max-image-preview:large, max-video-preview:-1\" \/>\n<link rel=\"canonical\" href=\"https:\/\/shop.bantam.ch\/fr\/produit\/chaise-de-plage-avec-pare-soleil-makai\/\" \/>\n<meta property=\"og:locale\" content=\"fr_FR\" \/>\n<meta property=\"og:type\" content=\"article\" \/>\n<meta property=\"og:title\" content=\"Chaise de plage avec pare-soleil Makai - Bantam\" \/>\n<meta property=\"og:description\" content=\"La chaise de plage Makai offre un confort et une polyvalence exceptionnels pour vos aventures en plein air. \u00c9quip\u00e9e d&rsquo;un toit solaire r\u00e9glable et amovible, la chaise offre une protection suffisante contre les rayons du soleil. L&rsquo;assise allong\u00e9e et le large oreiller garantissent une d\u00e9tente maximale, tandis que la housse Syntex de haute qualit\u00e9 assure [&hellip;]\" \/>\n<meta property=\"og:url\" content=\"https:\/\/shop.bantam.ch\/fr\/produit\/chaise-de-plage-avec-pare-soleil-makai\/\" \/>\n<meta property=\"og:site_name\" content=\"Bantam\" \/>\n<meta property=\"article:modified_time\" content=\"2026-05-03T21:24:24+00:00\" \/>\n<meta name=\"twitter:card\" content=\"summary_large_image\" \/>\n<meta name=\"twitter:label1\" content=\"Dur\u00e9e de lecture estim\u00e9e\" \/>\n\t<meta name=\"twitter:data1\" content=\"1 minute\" \/>\n<script type=\"application\/ld+json\" class=\"yoast-schema-graph\">{\"@context\":\"https:\\\/\\\/schema.org\",\"@graph\":[{\"@type\":\"WebPage\",\"@id\":\"https:\\\/\\\/shop.bantam.ch\\\/fr\\\/produit\\\/chaise-de-plage-avec-pare-soleil-makai\\\/\",\"url\":\"https:\\\/\\\/shop.bantam.ch\\\/fr\\\/produit\\\/chaise-de-plage-avec-pare-soleil-makai\\\/\",\"name\":\"Chaise de plage avec pare-soleil Makai - Bantam\",\"isPartOf\":{\"@id\":\"https:\\\/\\\/shop.bantam.ch\\\/fr\\\/#website\"},\"primaryImageOfPage\":{\"@id\":\"https:\\\/\\\/shop.bantam.ch\\\/fr\\\/produit\\\/chaise-de-plage-avec-pare-soleil-makai\\\/#primaryimage\"},\"image\":{\"@id\":\"https:\\\/\\\/shop.bantam.ch\\\/fr\\\/produit\\\/chaise-de-plage-avec-pare-soleil-makai\\\/#primaryimage\"},\"thumbnailUrl\":\"https:\\\/\\\/shop.bantam.ch\\\/wp-content\\\/uploads\\\/2025\\\/03\\\/Movera-L-9962597100.jpg\",\"datePublished\":\"2025-03-14T14:58:38+00:00\",\"dateModified\":\"2026-05-03T21:24:24+00:00\",\"breadcrumb\":{\"@id\":\"https:\\\/\\\/shop.bantam.ch\\\/fr\\\/produit\\\/chaise-de-plage-avec-pare-soleil-makai\\\/#breadcrumb\"},\"inLanguage\":\"fr-FR\",\"potentialAction\":[{\"@type\":\"ReadAction\",\"target\":[\"https:\\\/\\\/shop.bantam.ch\\\/fr\\\/produit\\\/chaise-de-plage-avec-pare-soleil-makai\\\/\"]}]},{\"@type\":\"ImageObject\",\"inLanguage\":\"fr-FR\",\"@id\":\"https:\\\/\\\/shop.bantam.ch\\\/fr\\\/produit\\\/chaise-de-plage-avec-pare-soleil-makai\\\/#primaryimage\",\"url\":\"https:\\\/\\\/shop.bantam.ch\\\/wp-content\\\/uploads\\\/2025\\\/03\\\/Movera-L-9962597100.jpg\",\"contentUrl\":\"https:\\\/\\\/shop.bantam.ch\\\/wp-content\\\/uploads\\\/2025\\\/03\\\/Movera-L-9962597100.jpg\",\"width\":640,\"height\":924},{\"@type\":\"BreadcrumbList\",\"@id\":\"https:\\\/\\\/shop.bantam.ch\\\/fr\\\/produit\\\/chaise-de-plage-avec-pare-soleil-makai\\\/#breadcrumb\",\"itemListElement\":[{\"@type\":\"ListItem\",\"position\":1,\"name\":\"Accueil\",\"item\":\"https:\\\/\\\/shop.bantam.ch\\\/fr\\\/\"},{\"@type\":\"ListItem\",\"position\":2,\"name\":\"Boutique\",\"item\":\"https:\\\/\\\/shop.bantam.ch\\\/fr\\\/boutique\\\/\"},{\"@type\":\"ListItem\",\"position\":3,\"name\":\"Chaise de plage avec pare-soleil Makai\"}]},{\"@type\":\"WebSite\",\"@id\":\"https:\\\/\\\/shop.bantam.ch\\\/fr\\\/#website\",\"url\":\"https:\\\/\\\/shop.bantam.ch\\\/fr\\\/\",\"name\":\"Bantam\",\"description\":\"\",\"publisher\":{\"@id\":\"https:\\\/\\\/shop.bantam.ch\\\/fr\\\/#organization\"},\"inLanguage\":\"fr-FR\"},{\"@type\":\"Organization\",\"@id\":\"https:\\\/\\\/shop.bantam.ch\\\/fr\\\/#organization\",\"name\":\"Bantam\",\"url\":\"https:\\\/\\\/shop.bantam.ch\\\/fr\\\/\",\"logo\":{\"@type\":\"ImageObject\",\"inLanguage\":\"fr-FR\",\"@id\":\"https:\\\/\\\/shop.bantam.ch\\\/fr\\\/#\\\/schema\\\/logo\\\/image\\\/\",\"url\":\"https:\\\/\\\/shop.bantam.ch\\\/wp-content\\\/uploads\\\/2022\\\/12\\\/bantam-logo.png\",\"contentUrl\":\"https:\\\/\\\/shop.bantam.ch\\\/wp-content\\\/uploads\\\/2022\\\/12\\\/bantam-logo.png\",\"width\":320,\"height\":71,\"caption\":\"Bantam\"},\"image\":{\"@id\":\"https:\\\/\\\/shop.bantam.ch\\\/fr\\\/#\\\/schema\\\/logo\\\/image\\\/\"}}]}<\/script>\n<!-- \/ Yoast SEO plugin. -->","yoast_head_json":{"title":"Chaise de plage avec pare-soleil Makai - Bantam","robots":{"index":"index","follow":"follow","max-snippet":"max-snippet:-1","max-image-preview":"max-image-preview:large","max-video-preview":"max-video-preview:-1"},"canonical":"https:\/\/shop.bantam.ch\/fr\/produit\/chaise-de-plage-avec-pare-soleil-makai\/","og_locale":"fr_FR","og_type":"article","og_title":"Chaise de plage avec pare-soleil Makai - Bantam","og_description":"La chaise de plage Makai offre un confort et une polyvalence exceptionnels pour vos aventures en plein air. \u00c9quip\u00e9e d&rsquo;un toit solaire r\u00e9glable et amovible, la chaise offre une protection suffisante contre les rayons du soleil. L&rsquo;assise allong\u00e9e et le large oreiller garantissent une d\u00e9tente maximale, tandis que la housse Syntex de haute qualit\u00e9 assure [&hellip;]","og_url":"https:\/\/shop.bantam.ch\/fr\/produit\/chaise-de-plage-avec-pare-soleil-makai\/","og_site_name":"Bantam","article_modified_time":"2026-05-03T21:24:24+00:00","twitter_card":"summary_large_image","twitter_misc":{"Dur\u00e9e de lecture estim\u00e9e":"1 minute"},"schema":{"@context":"https:\/\/schema.org","@graph":[{"@type":"WebPage","@id":"https:\/\/shop.bantam.ch\/fr\/produit\/chaise-de-plage-avec-pare-soleil-makai\/","url":"https:\/\/shop.bantam.ch\/fr\/produit\/chaise-de-plage-avec-pare-soleil-makai\/","name":"Chaise de plage avec pare-soleil Makai - Bantam","isPartOf":{"@id":"https:\/\/shop.bantam.ch\/fr\/#website"},"primaryImageOfPage":{"@id":"https:\/\/shop.bantam.ch\/fr\/produit\/chaise-de-plage-avec-pare-soleil-makai\/#primaryimage"},"image":{"@id":"https:\/\/shop.bantam.ch\/fr\/produit\/chaise-de-plage-avec-pare-soleil-makai\/#primaryimage"},"thumbnailUrl":"https:\/\/shop.bantam.ch\/wp-content\/uploads\/2025\/03\/Movera-L-9962597100.jpg","datePublished":"2025-03-14T14:58:38+00:00","dateModified":"2026-05-03T21:24:24+00:00","breadcrumb":{"@id":"https:\/\/shop.bantam.ch\/fr\/produit\/chaise-de-plage-avec-pare-soleil-makai\/#breadcrumb"},"inLanguage":"fr-FR","potentialAction":[{"@type":"ReadAction","target":["https:\/\/shop.bantam.ch\/fr\/produit\/chaise-de-plage-avec-pare-soleil-makai\/"]}]},{"@type":"ImageObject","inLanguage":"fr-FR","@id":"https:\/\/shop.bantam.ch\/fr\/produit\/chaise-de-plage-avec-pare-soleil-makai\/#primaryimage","url":"https:\/\/shop.bantam.ch\/wp-content\/uploads\/2025\/03\/Movera-L-9962597100.jpg","contentUrl":"https:\/\/shop.bantam.ch\/wp-content\/uploads\/2025\/03\/Movera-L-9962597100.jpg","width":640,"height":924},{"@type":"BreadcrumbList","@id":"https:\/\/shop.bantam.ch\/fr\/produit\/chaise-de-plage-avec-pare-soleil-makai\/#breadcrumb","itemListElement":[{"@type":"ListItem","position":1,"name":"Accueil","item":"https:\/\/shop.bantam.ch\/fr\/"},{"@type":"ListItem","position":2,"name":"Boutique","item":"https:\/\/shop.bantam.ch\/fr\/boutique\/"},{"@type":"ListItem","position":3,"name":"Chaise de plage avec pare-soleil Makai"}]},{"@type":"WebSite","@id":"https:\/\/shop.bantam.ch\/fr\/#website","url":"https:\/\/shop.bantam.ch\/fr\/","name":"Bantam","description":"","publisher":{"@id":"https:\/\/shop.bantam.ch\/fr\/#organization"},"inLanguage":"fr-FR"},{"@type":"Organization","@id":"https:\/\/shop.bantam.ch\/fr\/#organization","name":"Bantam","url":"https:\/\/shop.bantam.ch\/fr\/","logo":{"@type":"ImageObject","inLanguage":"fr-FR","@id":"https:\/\/shop.bantam.ch\/fr\/#\/schema\/logo\/image\/","url":"https:\/\/shop.bantam.ch\/wp-content\/uploads\/2022\/12\/bantam-logo.png","contentUrl":"https:\/\/shop.bantam.ch\/wp-content\/uploads\/2022\/12\/bantam-logo.png","width":320,"height":71,"caption":"Bantam"},"image":{"@id":"https:\/\/shop.bantam.ch\/fr\/#\/schema\/logo\/image\/"}}]}},"_links":{"self":[{"href":"https:\/\/shop.bantam.ch\/fr\/wp-json\/wp\/v2\/product\/214150","targetHints":{"allow":["GET"]}}],"collection":[{"href":"https:\/\/shop.bantam.ch\/fr\/wp-json\/wp\/v2\/product"}],"about":[{"href":"https:\/\/shop.bantam.ch\/fr\/wp-json\/wp\/v2\/types\/product"}],"wp:featuredmedia":[{"embeddable":true,"href":"https:\/\/shop.bantam.ch\/fr\/wp-json\/wp\/v2\/media\/214148"}],"wp:attachment":[{"href":"https:\/\/shop.bantam.ch\/fr\/wp-json\/wp\/v2\/media?parent=214150"}],"wp:term":[{"taxonomy":"product_featured_cat","embeddable":true,"href":"https:\/\/shop.bantam.ch\/fr\/wp-json\/wp\/v2\/product_featured_cat?post=214150"},{"taxonomy":"product_brand","embeddable":true,"href":"https:\/\/shop.bantam.ch\/fr\/wp-json\/wp\/v2\/product_brand?post=214150"},{"taxonomy":"product_cat","embeddable":true,"href":"https:\/\/shop.bantam.ch\/fr\/wp-json\/wp\/v2\/product_cat?post=214150"},{"taxonomy":"product_tag","embeddable":true,"href":"https:\/\/shop.bantam.ch\/fr\/wp-json\/wp\/v2\/product_tag?post=214150"}],"curies":[{"name":"wp","href":"https:\/\/api.w.org\/{rel}","templated":true}]}}