{"id":214078,"date":"2025-03-14T15:56:33","date_gmt":"2025-03-14T14:56:33","guid":{"rendered":"https:\/\/shop.bantam.ch\/produit\/truma-aventa-compact-plus-2-g-a-lexterieur-i-repartiteur-dair-2-g\/"},"modified":"2026-04-19T01:56:02","modified_gmt":"2026-04-18T23:56:02","slug":"truma-aventa-compact-plus-2-g-a-lexterieur-i-repartiteur-dair-2-g","status":"publish","type":"product","link":"https:\/\/shop.bantam.ch\/fr\/produit\/truma-aventa-compact-plus-2-g-a-lexterieur-i-repartiteur-dair-2-g\/","title":{"rendered":"Truma Aventa compact plus 2.G \u00e0 l&rsquo;ext\u00e9rieur. &#8211; I, + r\u00e9partiteur d&rsquo;air 2.G"},"content":{"rendered":"<p>La 2e g\u00e9n\u00e9ration de climatiseurs de toit Aventa assure une temp\u00e9rature extr\u00eamement agr\u00e9able et est particuli\u00e8rement silencieuse en fonctionnement. Il convient de souligner le faible poids total des installations, rendu possible par l&rsquo;int\u00e9gration des technologies les plus modernes. Le compresseur r\u00e9glable en continu assure une puissance de refroidissement exceptionnelle et, en combinaison avec le nouveau mode Night, des nuits calmes. Le diffuseur d&rsquo;air con\u00e7u pour le client fait office d&rsquo;\u00e9l\u00e9ment de design dans le v\u00e9hicule.<\/p>\n<ul>\n<li>Flexible : peut \u00eatre command\u00e9 selon vos souhaits.<\/li>\n<li>Silencieux : particuli\u00e8rement silencieux gr\u00e2ce au nouveau compresseur et au ventilateur int\u00e9rieur.<\/li>\n<li>Astucieux : nouveaux distributeurs d&rsquo;air en plusieurs variantes.<\/li>\n<li>Poids plume : le climatiseur le plus l\u00e9ger de sa cat\u00e9gorie gr\u00e2ce \u00e0 sa nouvelle conception.<\/li>\n<li>Eyecatcher : design intemporel \u00e0 l&rsquo;ext\u00e9rieur comme \u00e0 l&rsquo;int\u00e9rieur.<\/li>\n<li>Multifonctionnel : chauffe gr\u00e2ce \u00e0 une pompe \u00e0 chaleur int\u00e9gr\u00e9e (pour les trois mod\u00e8les).<\/li>\n<li>Puissant : excellent refroidissement avec 2.200 watts.<\/li>\n<li>Pour une longueur de v\u00e9hicule jusqu&rsquo;\u00e0 7 m<\/li>\n<\/ul>\n","protected":false},"excerpt":{"rendered":"<p>La 2e g\u00e9n\u00e9ration de climatiseurs de toit Aventa assure une temp\u00e9rature extr\u00eamement agr\u00e9able et est particuli\u00e8rement silencieuse en fonctionnement. Il convient de souligner le faible poids total des installations, rendu possible par l&rsquo;int\u00e9gration des technologies les plus modernes. Le compresseur r\u00e9glable en continu assure une puissance de refroidissement exceptionnelle et, en combinaison avec le nouveau [&hellip;]<\/p>\n","protected":false},"featured_media":214070,"template":"","meta":{"_acf_changed":false},"product_featured_cat":[],"product_brand":[],"product_cat":[4089],"product_tag":[],"class_list":{"0":"post-214078","1":"product","2":"type-product","3":"status-publish","4":"has-post-thumbnail","6":"product_cat-climatisations","8":"first","9":"instock","10":"taxable","11":"shipping-taxable","12":"purchasable","13":"product-type-variable"},"acf":[],"yoast_head":"<!-- This site is optimized with the Yoast SEO plugin v27.4 - https:\/\/yoast.com\/product\/yoast-seo-wordpress\/ -->\n<title>Truma Aventa compact plus 2.G \u00e0 l&#039;ext\u00e9rieur. - I, + r\u00e9partiteur d&#039;air 2.G - Bantam Wankm\u00fcller SA<\/title>\n<meta name=\"robots\" content=\"index, follow, max-snippet:-1, max-image-preview:large, max-video-preview:-1\" \/>\n<link rel=\"canonical\" href=\"https:\/\/shop.bantam.ch\/fr\/produit\/truma-aventa-compact-plus-2-g-a-lexterieur-i-repartiteur-dair-2-g\/\" \/>\n<meta property=\"og:locale\" content=\"fr_FR\" \/>\n<meta property=\"og:type\" content=\"article\" \/>\n<meta property=\"og:title\" content=\"Truma Aventa compact plus 2.G \u00e0 l&#039;ext\u00e9rieur. - I, + r\u00e9partiteur d&#039;air 2.G - Bantam Wankm\u00fcller SA\" \/>\n<meta property=\"og:description\" content=\"La 2e g\u00e9n\u00e9ration de climatiseurs de toit Aventa assure une temp\u00e9rature extr\u00eamement agr\u00e9able et est particuli\u00e8rement silencieuse en fonctionnement. Il convient de souligner le faible poids total des installations, rendu possible par l&rsquo;int\u00e9gration des technologies les plus modernes. Le compresseur r\u00e9glable en continu assure une puissance de refroidissement exceptionnelle et, en combinaison avec le nouveau [&hellip;]\" \/>\n<meta property=\"og:url\" content=\"https:\/\/shop.bantam.ch\/fr\/produit\/truma-aventa-compact-plus-2-g-a-lexterieur-i-repartiteur-dair-2-g\/\" \/>\n<meta property=\"og:site_name\" content=\"Bantam Wankm\u00fcller SA\" \/>\n<meta property=\"article:modified_time\" content=\"2026-04-18T23:56:02+00:00\" \/>\n<meta name=\"twitter:card\" content=\"summary_large_image\" \/>\n<meta name=\"twitter:label1\" content=\"Dur\u00e9e de lecture estim\u00e9e\" \/>\n\t<meta name=\"twitter:data1\" content=\"1 minute\" \/>\n<script type=\"application\/ld+json\" class=\"yoast-schema-graph\">{\"@context\":\"https:\\\/\\\/schema.org\",\"@graph\":[{\"@type\":\"WebPage\",\"@id\":\"https:\\\/\\\/shop.bantam.ch\\\/fr\\\/produit\\\/truma-aventa-compact-plus-2-g-a-lexterieur-i-repartiteur-dair-2-g\\\/\",\"url\":\"https:\\\/\\\/shop.bantam.ch\\\/fr\\\/produit\\\/truma-aventa-compact-plus-2-g-a-lexterieur-i-repartiteur-dair-2-g\\\/\",\"name\":\"Truma Aventa compact plus 2.G \u00e0 l'ext\u00e9rieur. - I, + r\u00e9partiteur d'air 2.G - Bantam Wankm\u00fcller SA\",\"isPartOf\":{\"@id\":\"https:\\\/\\\/shop.bantam.ch\\\/fr\\\/#website\"},\"primaryImageOfPage\":{\"@id\":\"https:\\\/\\\/shop.bantam.ch\\\/fr\\\/produit\\\/truma-aventa-compact-plus-2-g-a-lexterieur-i-repartiteur-dair-2-g\\\/#primaryimage\"},\"image\":{\"@id\":\"https:\\\/\\\/shop.bantam.ch\\\/fr\\\/produit\\\/truma-aventa-compact-plus-2-g-a-lexterieur-i-repartiteur-dair-2-g\\\/#primaryimage\"},\"thumbnailUrl\":\"https:\\\/\\\/shop.bantam.ch\\\/wp-content\\\/uploads\\\/2025\\\/03\\\/Movera-L-9962579100.png\",\"datePublished\":\"2025-03-14T14:56:33+00:00\",\"dateModified\":\"2026-04-18T23:56:02+00:00\",\"breadcrumb\":{\"@id\":\"https:\\\/\\\/shop.bantam.ch\\\/fr\\\/produit\\\/truma-aventa-compact-plus-2-g-a-lexterieur-i-repartiteur-dair-2-g\\\/#breadcrumb\"},\"inLanguage\":\"fr-FR\",\"potentialAction\":[{\"@type\":\"ReadAction\",\"target\":[\"https:\\\/\\\/shop.bantam.ch\\\/fr\\\/produit\\\/truma-aventa-compact-plus-2-g-a-lexterieur-i-repartiteur-dair-2-g\\\/\"]}]},{\"@type\":\"ImageObject\",\"inLanguage\":\"fr-FR\",\"@id\":\"https:\\\/\\\/shop.bantam.ch\\\/fr\\\/produit\\\/truma-aventa-compact-plus-2-g-a-lexterieur-i-repartiteur-dair-2-g\\\/#primaryimage\",\"url\":\"https:\\\/\\\/shop.bantam.ch\\\/wp-content\\\/uploads\\\/2025\\\/03\\\/Movera-L-9962579100.png\",\"contentUrl\":\"https:\\\/\\\/shop.bantam.ch\\\/wp-content\\\/uploads\\\/2025\\\/03\\\/Movera-L-9962579100.png\",\"width\":640,\"height\":480},{\"@type\":\"BreadcrumbList\",\"@id\":\"https:\\\/\\\/shop.bantam.ch\\\/fr\\\/produit\\\/truma-aventa-compact-plus-2-g-a-lexterieur-i-repartiteur-dair-2-g\\\/#breadcrumb\",\"itemListElement\":[{\"@type\":\"ListItem\",\"position\":1,\"name\":\"Accueil\",\"item\":\"https:\\\/\\\/shop.bantam.ch\\\/fr\\\/\"},{\"@type\":\"ListItem\",\"position\":2,\"name\":\"Boutique\",\"item\":\"https:\\\/\\\/shop.bantam.ch\\\/fr\\\/boutique\\\/\"},{\"@type\":\"ListItem\",\"position\":3,\"name\":\"Truma Aventa compact plus 2.G \u00e0 l&#8217;ext\u00e9rieur. &#8211; I, + r\u00e9partiteur d&#8217;air 2.G\"}]},{\"@type\":\"WebSite\",\"@id\":\"https:\\\/\\\/shop.bantam.ch\\\/fr\\\/#website\",\"url\":\"https:\\\/\\\/shop.bantam.ch\\\/fr\\\/\",\"name\":\"Bantam Wankm\u00fcller SA\",\"description\":\"\",\"publisher\":{\"@id\":\"https:\\\/\\\/shop.bantam.ch\\\/fr\\\/#organization\"},\"inLanguage\":\"fr-FR\"},{\"@type\":\"Organization\",\"@id\":\"https:\\\/\\\/shop.bantam.ch\\\/fr\\\/#organization\",\"name\":\"Bantam Wankm\u00fcller SA\",\"url\":\"https:\\\/\\\/shop.bantam.ch\\\/fr\\\/\",\"logo\":{\"@type\":\"ImageObject\",\"inLanguage\":\"fr-FR\",\"@id\":\"https:\\\/\\\/shop.bantam.ch\\\/fr\\\/#\\\/schema\\\/logo\\\/image\\\/\",\"url\":\"https:\\\/\\\/shop.bantam.ch\\\/wp-content\\\/uploads\\\/2022\\\/12\\\/bantam-logo.png\",\"contentUrl\":\"https:\\\/\\\/shop.bantam.ch\\\/wp-content\\\/uploads\\\/2022\\\/12\\\/bantam-logo.png\",\"width\":320,\"height\":71,\"caption\":\"Bantam Wankm\u00fcller SA\"},\"image\":{\"@id\":\"https:\\\/\\\/shop.bantam.ch\\\/fr\\\/#\\\/schema\\\/logo\\\/image\\\/\"}}]}<\/script>\n<!-- \/ Yoast SEO plugin. -->","yoast_head_json":{"title":"Truma Aventa compact plus 2.G \u00e0 l'ext\u00e9rieur. - I, + r\u00e9partiteur d'air 2.G - Bantam Wankm\u00fcller SA","robots":{"index":"index","follow":"follow","max-snippet":"max-snippet:-1","max-image-preview":"max-image-preview:large","max-video-preview":"max-video-preview:-1"},"canonical":"https:\/\/shop.bantam.ch\/fr\/produit\/truma-aventa-compact-plus-2-g-a-lexterieur-i-repartiteur-dair-2-g\/","og_locale":"fr_FR","og_type":"article","og_title":"Truma Aventa compact plus 2.G \u00e0 l'ext\u00e9rieur. - I, + r\u00e9partiteur d'air 2.G - Bantam Wankm\u00fcller SA","og_description":"La 2e g\u00e9n\u00e9ration de climatiseurs de toit Aventa assure une temp\u00e9rature extr\u00eamement agr\u00e9able et est particuli\u00e8rement silencieuse en fonctionnement. Il convient de souligner le faible poids total des installations, rendu possible par l&rsquo;int\u00e9gration des technologies les plus modernes. Le compresseur r\u00e9glable en continu assure une puissance de refroidissement exceptionnelle et, en combinaison avec le nouveau [&hellip;]","og_url":"https:\/\/shop.bantam.ch\/fr\/produit\/truma-aventa-compact-plus-2-g-a-lexterieur-i-repartiteur-dair-2-g\/","og_site_name":"Bantam Wankm\u00fcller SA","article_modified_time":"2026-04-18T23:56:02+00:00","twitter_card":"summary_large_image","twitter_misc":{"Dur\u00e9e de lecture estim\u00e9e":"1 minute"},"schema":{"@context":"https:\/\/schema.org","@graph":[{"@type":"WebPage","@id":"https:\/\/shop.bantam.ch\/fr\/produit\/truma-aventa-compact-plus-2-g-a-lexterieur-i-repartiteur-dair-2-g\/","url":"https:\/\/shop.bantam.ch\/fr\/produit\/truma-aventa-compact-plus-2-g-a-lexterieur-i-repartiteur-dair-2-g\/","name":"Truma Aventa compact plus 2.G \u00e0 l'ext\u00e9rieur. - I, + r\u00e9partiteur d'air 2.G - Bantam Wankm\u00fcller SA","isPartOf":{"@id":"https:\/\/shop.bantam.ch\/fr\/#website"},"primaryImageOfPage":{"@id":"https:\/\/shop.bantam.ch\/fr\/produit\/truma-aventa-compact-plus-2-g-a-lexterieur-i-repartiteur-dair-2-g\/#primaryimage"},"image":{"@id":"https:\/\/shop.bantam.ch\/fr\/produit\/truma-aventa-compact-plus-2-g-a-lexterieur-i-repartiteur-dair-2-g\/#primaryimage"},"thumbnailUrl":"https:\/\/shop.bantam.ch\/wp-content\/uploads\/2025\/03\/Movera-L-9962579100.png","datePublished":"2025-03-14T14:56:33+00:00","dateModified":"2026-04-18T23:56:02+00:00","breadcrumb":{"@id":"https:\/\/shop.bantam.ch\/fr\/produit\/truma-aventa-compact-plus-2-g-a-lexterieur-i-repartiteur-dair-2-g\/#breadcrumb"},"inLanguage":"fr-FR","potentialAction":[{"@type":"ReadAction","target":["https:\/\/shop.bantam.ch\/fr\/produit\/truma-aventa-compact-plus-2-g-a-lexterieur-i-repartiteur-dair-2-g\/"]}]},{"@type":"ImageObject","inLanguage":"fr-FR","@id":"https:\/\/shop.bantam.ch\/fr\/produit\/truma-aventa-compact-plus-2-g-a-lexterieur-i-repartiteur-dair-2-g\/#primaryimage","url":"https:\/\/shop.bantam.ch\/wp-content\/uploads\/2025\/03\/Movera-L-9962579100.png","contentUrl":"https:\/\/shop.bantam.ch\/wp-content\/uploads\/2025\/03\/Movera-L-9962579100.png","width":640,"height":480},{"@type":"BreadcrumbList","@id":"https:\/\/shop.bantam.ch\/fr\/produit\/truma-aventa-compact-plus-2-g-a-lexterieur-i-repartiteur-dair-2-g\/#breadcrumb","itemListElement":[{"@type":"ListItem","position":1,"name":"Accueil","item":"https:\/\/shop.bantam.ch\/fr\/"},{"@type":"ListItem","position":2,"name":"Boutique","item":"https:\/\/shop.bantam.ch\/fr\/boutique\/"},{"@type":"ListItem","position":3,"name":"Truma Aventa compact plus 2.G \u00e0 l&#8217;ext\u00e9rieur. &#8211; I, + r\u00e9partiteur d&#8217;air 2.G"}]},{"@type":"WebSite","@id":"https:\/\/shop.bantam.ch\/fr\/#website","url":"https:\/\/shop.bantam.ch\/fr\/","name":"Bantam Wankm\u00fcller SA","description":"","publisher":{"@id":"https:\/\/shop.bantam.ch\/fr\/#organization"},"inLanguage":"fr-FR"},{"@type":"Organization","@id":"https:\/\/shop.bantam.ch\/fr\/#organization","name":"Bantam Wankm\u00fcller SA","url":"https:\/\/shop.bantam.ch\/fr\/","logo":{"@type":"ImageObject","inLanguage":"fr-FR","@id":"https:\/\/shop.bantam.ch\/fr\/#\/schema\/logo\/image\/","url":"https:\/\/shop.bantam.ch\/wp-content\/uploads\/2022\/12\/bantam-logo.png","contentUrl":"https:\/\/shop.bantam.ch\/wp-content\/uploads\/2022\/12\/bantam-logo.png","width":320,"height":71,"caption":"Bantam Wankm\u00fcller SA"},"image":{"@id":"https:\/\/shop.bantam.ch\/fr\/#\/schema\/logo\/image\/"}}]}},"_links":{"self":[{"href":"https:\/\/shop.bantam.ch\/fr\/wp-json\/wp\/v2\/product\/214078","targetHints":{"allow":["GET"]}}],"collection":[{"href":"https:\/\/shop.bantam.ch\/fr\/wp-json\/wp\/v2\/product"}],"about":[{"href":"https:\/\/shop.bantam.ch\/fr\/wp-json\/wp\/v2\/types\/product"}],"wp:featuredmedia":[{"embeddable":true,"href":"https:\/\/shop.bantam.ch\/fr\/wp-json\/wp\/v2\/media\/214070"}],"wp:attachment":[{"href":"https:\/\/shop.bantam.ch\/fr\/wp-json\/wp\/v2\/media?parent=214078"}],"wp:term":[{"taxonomy":"product_featured_cat","embeddable":true,"href":"https:\/\/shop.bantam.ch\/fr\/wp-json\/wp\/v2\/product_featured_cat?post=214078"},{"taxonomy":"product_brand","embeddable":true,"href":"https:\/\/shop.bantam.ch\/fr\/wp-json\/wp\/v2\/product_brand?post=214078"},{"taxonomy":"product_cat","embeddable":true,"href":"https:\/\/shop.bantam.ch\/fr\/wp-json\/wp\/v2\/product_cat?post=214078"},{"taxonomy":"product_tag","embeddable":true,"href":"https:\/\/shop.bantam.ch\/fr\/wp-json\/wp\/v2\/product_tag?post=214078"}],"curies":[{"name":"wp","href":"https:\/\/api.w.org\/{rel}","templated":true}]}}