{"id":214050,"date":"2025-03-14T15:55:45","date_gmt":"2025-03-14T14:55:45","guid":{"rendered":"https:\/\/shop.bantam.ch\/produit\/canape-pliant-action-rendevous\/"},"modified":"2026-05-03T23:24:17","modified_gmt":"2026-05-03T21:24:17","slug":"canape-pliant-action-rendevous","status":"publish","type":"product","link":"https:\/\/shop.bantam.ch\/fr\/produit\/canape-pliant-action-rendevous\/","title":{"rendered":"Canap\u00e9 pliant Action Rendevous"},"content":{"rendered":"<p>Canap\u00e9 2 personnes de conception nouvelle, tr\u00e8s confortable, avec une structure pliante l\u00e9g\u00e8rement inclin\u00e9e. Id\u00e9al pour profiter de l&rsquo;espace avant des tentes ou des auvents en toute d\u00e9contraction. Avec zone d&rsquo;organisation centrale avec 2 poches \u00e0 gazes. Assise et dossier confortablement rembourr\u00e9s. D\u00e9montage en quelques secondes sans montage sp\u00e9cial. Sac de rangement et de transport inclus.<\/p>\n","protected":false},"excerpt":{"rendered":"<p>Canap\u00e9 2 personnes de conception nouvelle, tr\u00e8s confortable, avec une structure pliante l\u00e9g\u00e8rement inclin\u00e9e. Id\u00e9al pour profiter de l&rsquo;espace avant des tentes ou des auvents en toute d\u00e9contraction. Avec zone d&rsquo;organisation centrale avec 2 poches \u00e0 gazes. Assise et dossier confortablement rembourr\u00e9s. D\u00e9montage en quelques secondes sans montage sp\u00e9cial. Sac de rangement et de transport [&hellip;]<\/p>\n","protected":false},"featured_media":214042,"template":"","meta":{"_acf_changed":false},"product_featured_cat":[],"product_brand":[],"product_cat":[4971],"product_tag":[],"class_list":{"0":"post-214050","1":"product","2":"type-product","3":"status-publish","4":"has-post-thumbnail","6":"product_cat-chaises-de-camping","8":"first","9":"instock","10":"taxable","11":"shipping-taxable","12":"purchasable","13":"product-type-simple"},"acf":[],"yoast_head":"<!-- This site is optimized with the Yoast SEO plugin v27.5 - https:\/\/yoast.com\/product\/yoast-seo-wordpress\/ -->\n<title>Canap\u00e9 pliant Action Rendevous - Bantam<\/title>\n<meta name=\"robots\" content=\"index, follow, max-snippet:-1, max-image-preview:large, max-video-preview:-1\" \/>\n<link rel=\"canonical\" href=\"https:\/\/shop.bantam.ch\/fr\/produit\/canape-pliant-action-rendevous\/\" \/>\n<meta property=\"og:locale\" content=\"fr_FR\" \/>\n<meta property=\"og:type\" content=\"article\" \/>\n<meta property=\"og:title\" content=\"Canap\u00e9 pliant Action Rendevous - Bantam\" \/>\n<meta property=\"og:description\" content=\"Canap\u00e9 2 personnes de conception nouvelle, tr\u00e8s confortable, avec une structure pliante l\u00e9g\u00e8rement inclin\u00e9e. Id\u00e9al pour profiter de l&rsquo;espace avant des tentes ou des auvents en toute d\u00e9contraction. Avec zone d&rsquo;organisation centrale avec 2 poches \u00e0 gazes. Assise et dossier confortablement rembourr\u00e9s. D\u00e9montage en quelques secondes sans montage sp\u00e9cial. Sac de rangement et de transport [&hellip;]\" \/>\n<meta property=\"og:url\" content=\"https:\/\/shop.bantam.ch\/fr\/produit\/canape-pliant-action-rendevous\/\" \/>\n<meta property=\"og:site_name\" content=\"Bantam\" \/>\n<meta property=\"article:modified_time\" content=\"2026-05-03T21:24:17+00:00\" \/>\n<meta name=\"twitter:card\" content=\"summary_large_image\" \/>\n<script type=\"application\/ld+json\" class=\"yoast-schema-graph\">{\"@context\":\"https:\\\/\\\/schema.org\",\"@graph\":[{\"@type\":\"WebPage\",\"@id\":\"https:\\\/\\\/shop.bantam.ch\\\/fr\\\/produit\\\/canape-pliant-action-rendevous\\\/\",\"url\":\"https:\\\/\\\/shop.bantam.ch\\\/fr\\\/produit\\\/canape-pliant-action-rendevous\\\/\",\"name\":\"Canap\u00e9 pliant Action Rendevous - Bantam\",\"isPartOf\":{\"@id\":\"https:\\\/\\\/shop.bantam.ch\\\/fr\\\/#website\"},\"primaryImageOfPage\":{\"@id\":\"https:\\\/\\\/shop.bantam.ch\\\/fr\\\/produit\\\/canape-pliant-action-rendevous\\\/#primaryimage\"},\"image\":{\"@id\":\"https:\\\/\\\/shop.bantam.ch\\\/fr\\\/produit\\\/canape-pliant-action-rendevous\\\/#primaryimage\"},\"thumbnailUrl\":\"https:\\\/\\\/shop.bantam.ch\\\/wp-content\\\/uploads\\\/2025\\\/03\\\/Movera-L-9962569100.jpg\",\"datePublished\":\"2025-03-14T14:55:45+00:00\",\"dateModified\":\"2026-05-03T21:24:17+00:00\",\"breadcrumb\":{\"@id\":\"https:\\\/\\\/shop.bantam.ch\\\/fr\\\/produit\\\/canape-pliant-action-rendevous\\\/#breadcrumb\"},\"inLanguage\":\"fr-FR\",\"potentialAction\":[{\"@type\":\"ReadAction\",\"target\":[\"https:\\\/\\\/shop.bantam.ch\\\/fr\\\/produit\\\/canape-pliant-action-rendevous\\\/\"]}]},{\"@type\":\"ImageObject\",\"inLanguage\":\"fr-FR\",\"@id\":\"https:\\\/\\\/shop.bantam.ch\\\/fr\\\/produit\\\/canape-pliant-action-rendevous\\\/#primaryimage\",\"url\":\"https:\\\/\\\/shop.bantam.ch\\\/wp-content\\\/uploads\\\/2025\\\/03\\\/Movera-L-9962569100.jpg\",\"contentUrl\":\"https:\\\/\\\/shop.bantam.ch\\\/wp-content\\\/uploads\\\/2025\\\/03\\\/Movera-L-9962569100.jpg\",\"width\":640,\"height\":539},{\"@type\":\"BreadcrumbList\",\"@id\":\"https:\\\/\\\/shop.bantam.ch\\\/fr\\\/produit\\\/canape-pliant-action-rendevous\\\/#breadcrumb\",\"itemListElement\":[{\"@type\":\"ListItem\",\"position\":1,\"name\":\"Accueil\",\"item\":\"https:\\\/\\\/shop.bantam.ch\\\/fr\\\/\"},{\"@type\":\"ListItem\",\"position\":2,\"name\":\"Boutique\",\"item\":\"https:\\\/\\\/shop.bantam.ch\\\/fr\\\/boutique\\\/\"},{\"@type\":\"ListItem\",\"position\":3,\"name\":\"Canap\u00e9 pliant Action Rendevous\"}]},{\"@type\":\"WebSite\",\"@id\":\"https:\\\/\\\/shop.bantam.ch\\\/fr\\\/#website\",\"url\":\"https:\\\/\\\/shop.bantam.ch\\\/fr\\\/\",\"name\":\"Bantam\",\"description\":\"\",\"publisher\":{\"@id\":\"https:\\\/\\\/shop.bantam.ch\\\/fr\\\/#organization\"},\"inLanguage\":\"fr-FR\"},{\"@type\":\"Organization\",\"@id\":\"https:\\\/\\\/shop.bantam.ch\\\/fr\\\/#organization\",\"name\":\"Bantam\",\"url\":\"https:\\\/\\\/shop.bantam.ch\\\/fr\\\/\",\"logo\":{\"@type\":\"ImageObject\",\"inLanguage\":\"fr-FR\",\"@id\":\"https:\\\/\\\/shop.bantam.ch\\\/fr\\\/#\\\/schema\\\/logo\\\/image\\\/\",\"url\":\"https:\\\/\\\/shop.bantam.ch\\\/wp-content\\\/uploads\\\/2022\\\/12\\\/bantam-logo.png\",\"contentUrl\":\"https:\\\/\\\/shop.bantam.ch\\\/wp-content\\\/uploads\\\/2022\\\/12\\\/bantam-logo.png\",\"width\":320,\"height\":71,\"caption\":\"Bantam\"},\"image\":{\"@id\":\"https:\\\/\\\/shop.bantam.ch\\\/fr\\\/#\\\/schema\\\/logo\\\/image\\\/\"}}]}<\/script>\n<!-- \/ Yoast SEO plugin. -->","yoast_head_json":{"title":"Canap\u00e9 pliant Action Rendevous - Bantam","robots":{"index":"index","follow":"follow","max-snippet":"max-snippet:-1","max-image-preview":"max-image-preview:large","max-video-preview":"max-video-preview:-1"},"canonical":"https:\/\/shop.bantam.ch\/fr\/produit\/canape-pliant-action-rendevous\/","og_locale":"fr_FR","og_type":"article","og_title":"Canap\u00e9 pliant Action Rendevous - Bantam","og_description":"Canap\u00e9 2 personnes de conception nouvelle, tr\u00e8s confortable, avec une structure pliante l\u00e9g\u00e8rement inclin\u00e9e. Id\u00e9al pour profiter de l&rsquo;espace avant des tentes ou des auvents en toute d\u00e9contraction. Avec zone d&rsquo;organisation centrale avec 2 poches \u00e0 gazes. Assise et dossier confortablement rembourr\u00e9s. D\u00e9montage en quelques secondes sans montage sp\u00e9cial. Sac de rangement et de transport [&hellip;]","og_url":"https:\/\/shop.bantam.ch\/fr\/produit\/canape-pliant-action-rendevous\/","og_site_name":"Bantam","article_modified_time":"2026-05-03T21:24:17+00:00","twitter_card":"summary_large_image","schema":{"@context":"https:\/\/schema.org","@graph":[{"@type":"WebPage","@id":"https:\/\/shop.bantam.ch\/fr\/produit\/canape-pliant-action-rendevous\/","url":"https:\/\/shop.bantam.ch\/fr\/produit\/canape-pliant-action-rendevous\/","name":"Canap\u00e9 pliant Action Rendevous - Bantam","isPartOf":{"@id":"https:\/\/shop.bantam.ch\/fr\/#website"},"primaryImageOfPage":{"@id":"https:\/\/shop.bantam.ch\/fr\/produit\/canape-pliant-action-rendevous\/#primaryimage"},"image":{"@id":"https:\/\/shop.bantam.ch\/fr\/produit\/canape-pliant-action-rendevous\/#primaryimage"},"thumbnailUrl":"https:\/\/shop.bantam.ch\/wp-content\/uploads\/2025\/03\/Movera-L-9962569100.jpg","datePublished":"2025-03-14T14:55:45+00:00","dateModified":"2026-05-03T21:24:17+00:00","breadcrumb":{"@id":"https:\/\/shop.bantam.ch\/fr\/produit\/canape-pliant-action-rendevous\/#breadcrumb"},"inLanguage":"fr-FR","potentialAction":[{"@type":"ReadAction","target":["https:\/\/shop.bantam.ch\/fr\/produit\/canape-pliant-action-rendevous\/"]}]},{"@type":"ImageObject","inLanguage":"fr-FR","@id":"https:\/\/shop.bantam.ch\/fr\/produit\/canape-pliant-action-rendevous\/#primaryimage","url":"https:\/\/shop.bantam.ch\/wp-content\/uploads\/2025\/03\/Movera-L-9962569100.jpg","contentUrl":"https:\/\/shop.bantam.ch\/wp-content\/uploads\/2025\/03\/Movera-L-9962569100.jpg","width":640,"height":539},{"@type":"BreadcrumbList","@id":"https:\/\/shop.bantam.ch\/fr\/produit\/canape-pliant-action-rendevous\/#breadcrumb","itemListElement":[{"@type":"ListItem","position":1,"name":"Accueil","item":"https:\/\/shop.bantam.ch\/fr\/"},{"@type":"ListItem","position":2,"name":"Boutique","item":"https:\/\/shop.bantam.ch\/fr\/boutique\/"},{"@type":"ListItem","position":3,"name":"Canap\u00e9 pliant Action Rendevous"}]},{"@type":"WebSite","@id":"https:\/\/shop.bantam.ch\/fr\/#website","url":"https:\/\/shop.bantam.ch\/fr\/","name":"Bantam","description":"","publisher":{"@id":"https:\/\/shop.bantam.ch\/fr\/#organization"},"inLanguage":"fr-FR"},{"@type":"Organization","@id":"https:\/\/shop.bantam.ch\/fr\/#organization","name":"Bantam","url":"https:\/\/shop.bantam.ch\/fr\/","logo":{"@type":"ImageObject","inLanguage":"fr-FR","@id":"https:\/\/shop.bantam.ch\/fr\/#\/schema\/logo\/image\/","url":"https:\/\/shop.bantam.ch\/wp-content\/uploads\/2022\/12\/bantam-logo.png","contentUrl":"https:\/\/shop.bantam.ch\/wp-content\/uploads\/2022\/12\/bantam-logo.png","width":320,"height":71,"caption":"Bantam"},"image":{"@id":"https:\/\/shop.bantam.ch\/fr\/#\/schema\/logo\/image\/"}}]}},"_links":{"self":[{"href":"https:\/\/shop.bantam.ch\/fr\/wp-json\/wp\/v2\/product\/214050","targetHints":{"allow":["GET"]}}],"collection":[{"href":"https:\/\/shop.bantam.ch\/fr\/wp-json\/wp\/v2\/product"}],"about":[{"href":"https:\/\/shop.bantam.ch\/fr\/wp-json\/wp\/v2\/types\/product"}],"wp:featuredmedia":[{"embeddable":true,"href":"https:\/\/shop.bantam.ch\/fr\/wp-json\/wp\/v2\/media\/214042"}],"wp:attachment":[{"href":"https:\/\/shop.bantam.ch\/fr\/wp-json\/wp\/v2\/media?parent=214050"}],"wp:term":[{"taxonomy":"product_featured_cat","embeddable":true,"href":"https:\/\/shop.bantam.ch\/fr\/wp-json\/wp\/v2\/product_featured_cat?post=214050"},{"taxonomy":"product_brand","embeddable":true,"href":"https:\/\/shop.bantam.ch\/fr\/wp-json\/wp\/v2\/product_brand?post=214050"},{"taxonomy":"product_cat","embeddable":true,"href":"https:\/\/shop.bantam.ch\/fr\/wp-json\/wp\/v2\/product_cat?post=214050"},{"taxonomy":"product_tag","embeddable":true,"href":"https:\/\/shop.bantam.ch\/fr\/wp-json\/wp\/v2\/product_tag?post=214050"}],"curies":[{"name":"wp","href":"https:\/\/api.w.org\/{rel}","templated":true}]}}