{"id":213882,"date":"2025-03-14T15:41:46","date_gmt":"2025-03-14T14:41:46","guid":{"rendered":"https:\/\/shop.bantam.ch\/produit\/kit-store-de-toit-fiamma-f80-s-pour-fiat-ducato-tissu-gris-royal-boitier-deep-black\/"},"modified":"2026-04-18T01:52:53","modified_gmt":"2026-04-17T23:52:53","slug":"kit-store-de-toit-fiamma-f80-s-pour-fiat-ducato-tissu-gris-royal-boitier-deep-black","status":"publish","type":"product","link":"https:\/\/shop.bantam.ch\/fr\/produit\/kit-store-de-toit-fiamma-f80-s-pour-fiat-ducato-tissu-gris-royal-boitier-deep-black\/","title":{"rendered":"Kit store de toit FIAMMA F80 S pour Fiat Ducato Tissu gris royal Bo\u00eetier deep black"},"content":{"rendered":"<p>La version sp\u00e9ciale du store F80s adapt\u00e9e au Fiat Ducato.<\/p>\n<p>&nbsp;<\/p>\n<ul>\n<li>Complet avec supports et joints<\/li>\n<li>Store de toit avec manivelle et \u0153illet visible pratique<\/li>\n<li>Support en version noire &#8211; Kit Ducato \/ Citro\u00ebn Jumper \/ Peugeot Boxer &#8211; Low Profile \u2265 2006 &#8211; H2 &#8211; L2\/L3<\/li>\n<li>Rain Guard Slim et cache en plastique noir<\/li>\n<li>Kit Rain Guard Slim, un joint qui emp\u00eache l&rsquo;eau de couler le long de la paroi du v\u00e9hicule.<\/li>\n<li>Kit Cover, caches de support lat\u00e9raux pour une meilleure int\u00e9gration du store dans le profil du v\u00e9hicule<\/li>\n<li>Peut \u00eatre \u00e9quip\u00e9 d&rsquo;une commande \u00e9lectrique<\/li>\n<\/ul>\n<p>Mat\u00e9riau :<\/p>\n<p>Store 100 % polychlorure (PVC)<\/p>\n","protected":false},"excerpt":{"rendered":"<p>La version sp\u00e9ciale du store F80s adapt\u00e9e au Fiat Ducato. &nbsp; Complet avec supports et joints Store de toit avec manivelle et \u0153illet visible pratique Support en version noire &#8211; Kit Ducato \/ Citro\u00ebn Jumper \/ Peugeot Boxer &#8211; Low Profile \u2265 2006 &#8211; H2 &#8211; L2\/L3 Rain Guard Slim et cache en plastique noir [&hellip;]<\/p>\n","protected":false},"featured_media":213880,"template":"","meta":{"_acf_changed":false},"product_featured_cat":[],"product_brand":[],"product_cat":[4213],"product_tag":[],"class_list":{"0":"post-213882","1":"product","2":"type-product","3":"status-publish","4":"has-post-thumbnail","6":"product_cat-stores-a-cassette","8":"first","9":"instock","10":"taxable","11":"shipping-taxable","12":"purchasable","13":"product-type-variable"},"acf":[],"yoast_head":"<!-- This site is optimized with the Yoast SEO plugin v27.4 - https:\/\/yoast.com\/product\/yoast-seo-wordpress\/ -->\n<title>Kit store de toit FIAMMA F80 S pour Fiat Ducato Tissu gris royal Bo\u00eetier deep black - Bantam Wankm\u00fcller SA<\/title>\n<meta name=\"robots\" content=\"index, follow, max-snippet:-1, max-image-preview:large, max-video-preview:-1\" \/>\n<link rel=\"canonical\" href=\"https:\/\/shop.bantam.ch\/fr\/produit\/kit-store-de-toit-fiamma-f80-s-pour-fiat-ducato-tissu-gris-royal-boitier-deep-black\/\" \/>\n<meta property=\"og:locale\" content=\"fr_FR\" \/>\n<meta property=\"og:type\" content=\"article\" \/>\n<meta property=\"og:title\" content=\"Kit store de toit FIAMMA F80 S pour Fiat Ducato Tissu gris royal Bo\u00eetier deep black - Bantam Wankm\u00fcller SA\" \/>\n<meta property=\"og:description\" content=\"La version sp\u00e9ciale du store F80s adapt\u00e9e au Fiat Ducato. &nbsp; Complet avec supports et joints Store de toit avec manivelle et \u0153illet visible pratique Support en version noire &#8211; Kit Ducato \/ Citro\u00ebn Jumper \/ Peugeot Boxer &#8211; Low Profile \u2265 2006 &#8211; H2 &#8211; L2\/L3 Rain Guard Slim et cache en plastique noir [&hellip;]\" \/>\n<meta property=\"og:url\" content=\"https:\/\/shop.bantam.ch\/fr\/produit\/kit-store-de-toit-fiamma-f80-s-pour-fiat-ducato-tissu-gris-royal-boitier-deep-black\/\" \/>\n<meta property=\"og:site_name\" content=\"Bantam Wankm\u00fcller SA\" \/>\n<meta property=\"article:modified_time\" content=\"2026-04-17T23:52:53+00:00\" \/>\n<meta name=\"twitter:card\" content=\"summary_large_image\" \/>\n<meta name=\"twitter:label1\" content=\"Dur\u00e9e de lecture estim\u00e9e\" \/>\n\t<meta name=\"twitter:data1\" content=\"1 minute\" \/>\n<script type=\"application\/ld+json\" class=\"yoast-schema-graph\">{\"@context\":\"https:\\\/\\\/schema.org\",\"@graph\":[{\"@type\":\"WebPage\",\"@id\":\"https:\\\/\\\/shop.bantam.ch\\\/fr\\\/produit\\\/kit-store-de-toit-fiamma-f80-s-pour-fiat-ducato-tissu-gris-royal-boitier-deep-black\\\/\",\"url\":\"https:\\\/\\\/shop.bantam.ch\\\/fr\\\/produit\\\/kit-store-de-toit-fiamma-f80-s-pour-fiat-ducato-tissu-gris-royal-boitier-deep-black\\\/\",\"name\":\"Kit store de toit FIAMMA F80 S pour Fiat Ducato Tissu gris royal Bo\u00eetier deep black - Bantam Wankm\u00fcller SA\",\"isPartOf\":{\"@id\":\"https:\\\/\\\/shop.bantam.ch\\\/fr\\\/#website\"},\"primaryImageOfPage\":{\"@id\":\"https:\\\/\\\/shop.bantam.ch\\\/fr\\\/produit\\\/kit-store-de-toit-fiamma-f80-s-pour-fiat-ducato-tissu-gris-royal-boitier-deep-black\\\/#primaryimage\"},\"image\":{\"@id\":\"https:\\\/\\\/shop.bantam.ch\\\/fr\\\/produit\\\/kit-store-de-toit-fiamma-f80-s-pour-fiat-ducato-tissu-gris-royal-boitier-deep-black\\\/#primaryimage\"},\"thumbnailUrl\":\"https:\\\/\\\/shop.bantam.ch\\\/wp-content\\\/uploads\\\/2025\\\/03\\\/Movera-L-0107132100.jpg\",\"datePublished\":\"2025-03-14T14:41:46+00:00\",\"dateModified\":\"2026-04-17T23:52:53+00:00\",\"breadcrumb\":{\"@id\":\"https:\\\/\\\/shop.bantam.ch\\\/fr\\\/produit\\\/kit-store-de-toit-fiamma-f80-s-pour-fiat-ducato-tissu-gris-royal-boitier-deep-black\\\/#breadcrumb\"},\"inLanguage\":\"fr-FR\",\"potentialAction\":[{\"@type\":\"ReadAction\",\"target\":[\"https:\\\/\\\/shop.bantam.ch\\\/fr\\\/produit\\\/kit-store-de-toit-fiamma-f80-s-pour-fiat-ducato-tissu-gris-royal-boitier-deep-black\\\/\"]}]},{\"@type\":\"ImageObject\",\"inLanguage\":\"fr-FR\",\"@id\":\"https:\\\/\\\/shop.bantam.ch\\\/fr\\\/produit\\\/kit-store-de-toit-fiamma-f80-s-pour-fiat-ducato-tissu-gris-royal-boitier-deep-black\\\/#primaryimage\",\"url\":\"https:\\\/\\\/shop.bantam.ch\\\/wp-content\\\/uploads\\\/2025\\\/03\\\/Movera-L-0107132100.jpg\",\"contentUrl\":\"https:\\\/\\\/shop.bantam.ch\\\/wp-content\\\/uploads\\\/2025\\\/03\\\/Movera-L-0107132100.jpg\",\"width\":640,\"height\":456},{\"@type\":\"BreadcrumbList\",\"@id\":\"https:\\\/\\\/shop.bantam.ch\\\/fr\\\/produit\\\/kit-store-de-toit-fiamma-f80-s-pour-fiat-ducato-tissu-gris-royal-boitier-deep-black\\\/#breadcrumb\",\"itemListElement\":[{\"@type\":\"ListItem\",\"position\":1,\"name\":\"Accueil\",\"item\":\"https:\\\/\\\/shop.bantam.ch\\\/fr\\\/\"},{\"@type\":\"ListItem\",\"position\":2,\"name\":\"Boutique\",\"item\":\"https:\\\/\\\/shop.bantam.ch\\\/fr\\\/boutique\\\/\"},{\"@type\":\"ListItem\",\"position\":3,\"name\":\"Kit store de toit FIAMMA F80 S pour Fiat Ducato Tissu gris royal Bo\u00eetier deep black\"}]},{\"@type\":\"WebSite\",\"@id\":\"https:\\\/\\\/shop.bantam.ch\\\/fr\\\/#website\",\"url\":\"https:\\\/\\\/shop.bantam.ch\\\/fr\\\/\",\"name\":\"Bantam Wankm\u00fcller SA\",\"description\":\"\",\"publisher\":{\"@id\":\"https:\\\/\\\/shop.bantam.ch\\\/fr\\\/#organization\"},\"inLanguage\":\"fr-FR\"},{\"@type\":\"Organization\",\"@id\":\"https:\\\/\\\/shop.bantam.ch\\\/fr\\\/#organization\",\"name\":\"Bantam Wankm\u00fcller SA\",\"url\":\"https:\\\/\\\/shop.bantam.ch\\\/fr\\\/\",\"logo\":{\"@type\":\"ImageObject\",\"inLanguage\":\"fr-FR\",\"@id\":\"https:\\\/\\\/shop.bantam.ch\\\/fr\\\/#\\\/schema\\\/logo\\\/image\\\/\",\"url\":\"https:\\\/\\\/shop.bantam.ch\\\/wp-content\\\/uploads\\\/2022\\\/12\\\/bantam-logo.png\",\"contentUrl\":\"https:\\\/\\\/shop.bantam.ch\\\/wp-content\\\/uploads\\\/2022\\\/12\\\/bantam-logo.png\",\"width\":320,\"height\":71,\"caption\":\"Bantam Wankm\u00fcller SA\"},\"image\":{\"@id\":\"https:\\\/\\\/shop.bantam.ch\\\/fr\\\/#\\\/schema\\\/logo\\\/image\\\/\"}}]}<\/script>\n<!-- \/ Yoast SEO plugin. -->","yoast_head_json":{"title":"Kit store de toit FIAMMA F80 S pour Fiat Ducato Tissu gris royal Bo\u00eetier deep black - Bantam Wankm\u00fcller SA","robots":{"index":"index","follow":"follow","max-snippet":"max-snippet:-1","max-image-preview":"max-image-preview:large","max-video-preview":"max-video-preview:-1"},"canonical":"https:\/\/shop.bantam.ch\/fr\/produit\/kit-store-de-toit-fiamma-f80-s-pour-fiat-ducato-tissu-gris-royal-boitier-deep-black\/","og_locale":"fr_FR","og_type":"article","og_title":"Kit store de toit FIAMMA F80 S pour Fiat Ducato Tissu gris royal Bo\u00eetier deep black - Bantam Wankm\u00fcller SA","og_description":"La version sp\u00e9ciale du store F80s adapt\u00e9e au Fiat Ducato. &nbsp; Complet avec supports et joints Store de toit avec manivelle et \u0153illet visible pratique Support en version noire &#8211; Kit Ducato \/ Citro\u00ebn Jumper \/ Peugeot Boxer &#8211; Low Profile \u2265 2006 &#8211; H2 &#8211; L2\/L3 Rain Guard Slim et cache en plastique noir [&hellip;]","og_url":"https:\/\/shop.bantam.ch\/fr\/produit\/kit-store-de-toit-fiamma-f80-s-pour-fiat-ducato-tissu-gris-royal-boitier-deep-black\/","og_site_name":"Bantam Wankm\u00fcller SA","article_modified_time":"2026-04-17T23:52:53+00:00","twitter_card":"summary_large_image","twitter_misc":{"Dur\u00e9e de lecture estim\u00e9e":"1 minute"},"schema":{"@context":"https:\/\/schema.org","@graph":[{"@type":"WebPage","@id":"https:\/\/shop.bantam.ch\/fr\/produit\/kit-store-de-toit-fiamma-f80-s-pour-fiat-ducato-tissu-gris-royal-boitier-deep-black\/","url":"https:\/\/shop.bantam.ch\/fr\/produit\/kit-store-de-toit-fiamma-f80-s-pour-fiat-ducato-tissu-gris-royal-boitier-deep-black\/","name":"Kit store de toit FIAMMA F80 S pour Fiat Ducato Tissu gris royal Bo\u00eetier deep black - Bantam Wankm\u00fcller SA","isPartOf":{"@id":"https:\/\/shop.bantam.ch\/fr\/#website"},"primaryImageOfPage":{"@id":"https:\/\/shop.bantam.ch\/fr\/produit\/kit-store-de-toit-fiamma-f80-s-pour-fiat-ducato-tissu-gris-royal-boitier-deep-black\/#primaryimage"},"image":{"@id":"https:\/\/shop.bantam.ch\/fr\/produit\/kit-store-de-toit-fiamma-f80-s-pour-fiat-ducato-tissu-gris-royal-boitier-deep-black\/#primaryimage"},"thumbnailUrl":"https:\/\/shop.bantam.ch\/wp-content\/uploads\/2025\/03\/Movera-L-0107132100.jpg","datePublished":"2025-03-14T14:41:46+00:00","dateModified":"2026-04-17T23:52:53+00:00","breadcrumb":{"@id":"https:\/\/shop.bantam.ch\/fr\/produit\/kit-store-de-toit-fiamma-f80-s-pour-fiat-ducato-tissu-gris-royal-boitier-deep-black\/#breadcrumb"},"inLanguage":"fr-FR","potentialAction":[{"@type":"ReadAction","target":["https:\/\/shop.bantam.ch\/fr\/produit\/kit-store-de-toit-fiamma-f80-s-pour-fiat-ducato-tissu-gris-royal-boitier-deep-black\/"]}]},{"@type":"ImageObject","inLanguage":"fr-FR","@id":"https:\/\/shop.bantam.ch\/fr\/produit\/kit-store-de-toit-fiamma-f80-s-pour-fiat-ducato-tissu-gris-royal-boitier-deep-black\/#primaryimage","url":"https:\/\/shop.bantam.ch\/wp-content\/uploads\/2025\/03\/Movera-L-0107132100.jpg","contentUrl":"https:\/\/shop.bantam.ch\/wp-content\/uploads\/2025\/03\/Movera-L-0107132100.jpg","width":640,"height":456},{"@type":"BreadcrumbList","@id":"https:\/\/shop.bantam.ch\/fr\/produit\/kit-store-de-toit-fiamma-f80-s-pour-fiat-ducato-tissu-gris-royal-boitier-deep-black\/#breadcrumb","itemListElement":[{"@type":"ListItem","position":1,"name":"Accueil","item":"https:\/\/shop.bantam.ch\/fr\/"},{"@type":"ListItem","position":2,"name":"Boutique","item":"https:\/\/shop.bantam.ch\/fr\/boutique\/"},{"@type":"ListItem","position":3,"name":"Kit store de toit FIAMMA F80 S pour Fiat Ducato Tissu gris royal Bo\u00eetier deep black"}]},{"@type":"WebSite","@id":"https:\/\/shop.bantam.ch\/fr\/#website","url":"https:\/\/shop.bantam.ch\/fr\/","name":"Bantam Wankm\u00fcller SA","description":"","publisher":{"@id":"https:\/\/shop.bantam.ch\/fr\/#organization"},"inLanguage":"fr-FR"},{"@type":"Organization","@id":"https:\/\/shop.bantam.ch\/fr\/#organization","name":"Bantam Wankm\u00fcller SA","url":"https:\/\/shop.bantam.ch\/fr\/","logo":{"@type":"ImageObject","inLanguage":"fr-FR","@id":"https:\/\/shop.bantam.ch\/fr\/#\/schema\/logo\/image\/","url":"https:\/\/shop.bantam.ch\/wp-content\/uploads\/2022\/12\/bantam-logo.png","contentUrl":"https:\/\/shop.bantam.ch\/wp-content\/uploads\/2022\/12\/bantam-logo.png","width":320,"height":71,"caption":"Bantam Wankm\u00fcller SA"},"image":{"@id":"https:\/\/shop.bantam.ch\/fr\/#\/schema\/logo\/image\/"}}]}},"_links":{"self":[{"href":"https:\/\/shop.bantam.ch\/fr\/wp-json\/wp\/v2\/product\/213882","targetHints":{"allow":["GET"]}}],"collection":[{"href":"https:\/\/shop.bantam.ch\/fr\/wp-json\/wp\/v2\/product"}],"about":[{"href":"https:\/\/shop.bantam.ch\/fr\/wp-json\/wp\/v2\/types\/product"}],"wp:featuredmedia":[{"embeddable":true,"href":"https:\/\/shop.bantam.ch\/fr\/wp-json\/wp\/v2\/media\/213880"}],"wp:attachment":[{"href":"https:\/\/shop.bantam.ch\/fr\/wp-json\/wp\/v2\/media?parent=213882"}],"wp:term":[{"taxonomy":"product_featured_cat","embeddable":true,"href":"https:\/\/shop.bantam.ch\/fr\/wp-json\/wp\/v2\/product_featured_cat?post=213882"},{"taxonomy":"product_brand","embeddable":true,"href":"https:\/\/shop.bantam.ch\/fr\/wp-json\/wp\/v2\/product_brand?post=213882"},{"taxonomy":"product_cat","embeddable":true,"href":"https:\/\/shop.bantam.ch\/fr\/wp-json\/wp\/v2\/product_cat?post=213882"},{"taxonomy":"product_tag","embeddable":true,"href":"https:\/\/shop.bantam.ch\/fr\/wp-json\/wp\/v2\/product_tag?post=213882"}],"curies":[{"name":"wp","href":"https:\/\/api.w.org\/{rel}","templated":true}]}}