{"id":213650,"date":"2025-03-14T15:35:27","date_gmt":"2025-03-14T14:35:27","guid":{"rendered":"https:\/\/shop.bantam.ch\/produit\/installation-solaire-complete-avec-sun-control-sce320-boitier-de-cables-et-pg\/"},"modified":"2026-04-19T01:54:04","modified_gmt":"2026-04-18T23:54:04","slug":"installation-solaire-complete-avec-sun-control-sce320-boitier-de-cables-et-pg","status":"publish","type":"product","link":"https:\/\/shop.bantam.ch\/fr\/produit\/installation-solaire-complete-avec-sun-control-sce320-boitier-de-cables-et-pg\/","title":{"rendered":"Installation solaire compl\u00e8te avec Sun Control SCE320, bo\u00eetier de c\u00e2bles et PG"},"content":{"rendered":"<p>Panneau solaire avec cadre en aluminium et support en aluminium sur le panneau solaire.<br \/>\nCe module solaire est fabriqu\u00e9 \u00e0 partir de cellules monocristallines \u00e0 haut rendement avec un rev\u00eatement en verre de haute qualit\u00e9. La construction multicouche r\u00e9siste aux conditions environnementales les plus difficiles. Des diodes de d\u00e9rivation sp\u00e9ciales prot\u00e8gent les cellules contre les surtensions et permettent au module solaire de continuer \u00e0 fonctionner m\u00eame en cas d&rsquo;ombre ou de rupture accidentelle des cellules photovolta\u00efques.<br \/>\nContenu de la livraison:<br \/>\nModule solaire DOMETIC NDS Solenergy avec support int\u00e9gr\u00e9 en aluminium et c\u00e2ble de raccordement de 6 m<br \/>\nR\u00e9gulateur de charge solaire MPPT Suncontrol SC320 avec 2 sorties de charge (d\u00e9marreur et batterie auxiliaire), 2 entr\u00e9es de module solaire, N-Bus, courbes de charge pour batteries LiFePO4, AGM, gel et acide de plomb.<br \/>\nTravers\u00e9e de toit avec raccord PG.<\/p>\n","protected":false},"excerpt":{"rendered":"<p>Panneau solaire avec cadre en aluminium et support en aluminium sur le panneau solaire. Ce module solaire est fabriqu\u00e9 \u00e0 partir de cellules monocristallines \u00e0 haut rendement avec un rev\u00eatement en verre de haute qualit\u00e9. La construction multicouche r\u00e9siste aux conditions environnementales les plus difficiles. Des diodes de d\u00e9rivation sp\u00e9ciales prot\u00e8gent les cellules contre les [&hellip;]<\/p>\n","protected":false},"featured_media":213648,"template":"","meta":{"_acf_changed":false},"product_featured_cat":[],"product_brand":[],"product_cat":[4879],"product_tag":[],"class_list":{"0":"post-213650","1":"product","2":"type-product","3":"status-publish","4":"has-post-thumbnail","6":"product_cat-kits-solaires","8":"first","9":"instock","10":"taxable","11":"shipping-taxable","12":"purchasable","13":"product-type-variable"},"acf":[],"yoast_head":"<!-- This site is optimized with the Yoast SEO plugin v27.4 - https:\/\/yoast.com\/product\/yoast-seo-wordpress\/ -->\n<title>Installation solaire compl\u00e8te avec Sun Control SCE320, bo\u00eetier de c\u00e2bles et PG - Bantam Wankm\u00fcller SA<\/title>\n<meta name=\"robots\" content=\"index, follow, max-snippet:-1, max-image-preview:large, max-video-preview:-1\" \/>\n<link rel=\"canonical\" href=\"https:\/\/shop.bantam.ch\/fr\/produit\/installation-solaire-complete-avec-sun-control-sce320-boitier-de-cables-et-pg\/\" \/>\n<meta property=\"og:locale\" content=\"fr_FR\" \/>\n<meta property=\"og:type\" content=\"article\" \/>\n<meta property=\"og:title\" content=\"Installation solaire compl\u00e8te avec Sun Control SCE320, bo\u00eetier de c\u00e2bles et PG - Bantam Wankm\u00fcller SA\" \/>\n<meta property=\"og:description\" content=\"Panneau solaire avec cadre en aluminium et support en aluminium sur le panneau solaire. Ce module solaire est fabriqu\u00e9 \u00e0 partir de cellules monocristallines \u00e0 haut rendement avec un rev\u00eatement en verre de haute qualit\u00e9. La construction multicouche r\u00e9siste aux conditions environnementales les plus difficiles. Des diodes de d\u00e9rivation sp\u00e9ciales prot\u00e8gent les cellules contre les [&hellip;]\" \/>\n<meta property=\"og:url\" content=\"https:\/\/shop.bantam.ch\/fr\/produit\/installation-solaire-complete-avec-sun-control-sce320-boitier-de-cables-et-pg\/\" \/>\n<meta property=\"og:site_name\" content=\"Bantam Wankm\u00fcller SA\" \/>\n<meta property=\"article:modified_time\" content=\"2026-04-18T23:54:04+00:00\" \/>\n<meta name=\"twitter:card\" content=\"summary_large_image\" \/>\n<meta name=\"twitter:label1\" content=\"Dur\u00e9e de lecture estim\u00e9e\" \/>\n\t<meta name=\"twitter:data1\" content=\"1 minute\" \/>\n<script type=\"application\/ld+json\" class=\"yoast-schema-graph\">{\"@context\":\"https:\\\/\\\/schema.org\",\"@graph\":[{\"@type\":\"WebPage\",\"@id\":\"https:\\\/\\\/shop.bantam.ch\\\/fr\\\/produit\\\/installation-solaire-complete-avec-sun-control-sce320-boitier-de-cables-et-pg\\\/\",\"url\":\"https:\\\/\\\/shop.bantam.ch\\\/fr\\\/produit\\\/installation-solaire-complete-avec-sun-control-sce320-boitier-de-cables-et-pg\\\/\",\"name\":\"Installation solaire compl\u00e8te avec Sun Control SCE320, bo\u00eetier de c\u00e2bles et PG - Bantam Wankm\u00fcller SA\",\"isPartOf\":{\"@id\":\"https:\\\/\\\/shop.bantam.ch\\\/fr\\\/#website\"},\"primaryImageOfPage\":{\"@id\":\"https:\\\/\\\/shop.bantam.ch\\\/fr\\\/produit\\\/installation-solaire-complete-avec-sun-control-sce320-boitier-de-cables-et-pg\\\/#primaryimage\"},\"image\":{\"@id\":\"https:\\\/\\\/shop.bantam.ch\\\/fr\\\/produit\\\/installation-solaire-complete-avec-sun-control-sce320-boitier-de-cables-et-pg\\\/#primaryimage\"},\"thumbnailUrl\":\"https:\\\/\\\/shop.bantam.ch\\\/wp-content\\\/uploads\\\/2025\\\/03\\\/Movera-L-9962488100.jpg\",\"datePublished\":\"2025-03-14T14:35:27+00:00\",\"dateModified\":\"2026-04-18T23:54:04+00:00\",\"breadcrumb\":{\"@id\":\"https:\\\/\\\/shop.bantam.ch\\\/fr\\\/produit\\\/installation-solaire-complete-avec-sun-control-sce320-boitier-de-cables-et-pg\\\/#breadcrumb\"},\"inLanguage\":\"fr-FR\",\"potentialAction\":[{\"@type\":\"ReadAction\",\"target\":[\"https:\\\/\\\/shop.bantam.ch\\\/fr\\\/produit\\\/installation-solaire-complete-avec-sun-control-sce320-boitier-de-cables-et-pg\\\/\"]}]},{\"@type\":\"ImageObject\",\"inLanguage\":\"fr-FR\",\"@id\":\"https:\\\/\\\/shop.bantam.ch\\\/fr\\\/produit\\\/installation-solaire-complete-avec-sun-control-sce320-boitier-de-cables-et-pg\\\/#primaryimage\",\"url\":\"https:\\\/\\\/shop.bantam.ch\\\/wp-content\\\/uploads\\\/2025\\\/03\\\/Movera-L-9962488100.jpg\",\"contentUrl\":\"https:\\\/\\\/shop.bantam.ch\\\/wp-content\\\/uploads\\\/2025\\\/03\\\/Movera-L-9962488100.jpg\",\"width\":640,\"height\":640},{\"@type\":\"BreadcrumbList\",\"@id\":\"https:\\\/\\\/shop.bantam.ch\\\/fr\\\/produit\\\/installation-solaire-complete-avec-sun-control-sce320-boitier-de-cables-et-pg\\\/#breadcrumb\",\"itemListElement\":[{\"@type\":\"ListItem\",\"position\":1,\"name\":\"Accueil\",\"item\":\"https:\\\/\\\/shop.bantam.ch\\\/fr\\\/\"},{\"@type\":\"ListItem\",\"position\":2,\"name\":\"Boutique\",\"item\":\"https:\\\/\\\/shop.bantam.ch\\\/fr\\\/boutique\\\/\"},{\"@type\":\"ListItem\",\"position\":3,\"name\":\"Installation solaire compl\u00e8te avec Sun Control SCE320, bo\u00eetier de c\u00e2bles et PG\"}]},{\"@type\":\"WebSite\",\"@id\":\"https:\\\/\\\/shop.bantam.ch\\\/fr\\\/#website\",\"url\":\"https:\\\/\\\/shop.bantam.ch\\\/fr\\\/\",\"name\":\"Bantam Wankm\u00fcller SA\",\"description\":\"\",\"publisher\":{\"@id\":\"https:\\\/\\\/shop.bantam.ch\\\/fr\\\/#organization\"},\"inLanguage\":\"fr-FR\"},{\"@type\":\"Organization\",\"@id\":\"https:\\\/\\\/shop.bantam.ch\\\/fr\\\/#organization\",\"name\":\"Bantam Wankm\u00fcller SA\",\"url\":\"https:\\\/\\\/shop.bantam.ch\\\/fr\\\/\",\"logo\":{\"@type\":\"ImageObject\",\"inLanguage\":\"fr-FR\",\"@id\":\"https:\\\/\\\/shop.bantam.ch\\\/fr\\\/#\\\/schema\\\/logo\\\/image\\\/\",\"url\":\"https:\\\/\\\/shop.bantam.ch\\\/wp-content\\\/uploads\\\/2022\\\/12\\\/bantam-logo.png\",\"contentUrl\":\"https:\\\/\\\/shop.bantam.ch\\\/wp-content\\\/uploads\\\/2022\\\/12\\\/bantam-logo.png\",\"width\":320,\"height\":71,\"caption\":\"Bantam Wankm\u00fcller SA\"},\"image\":{\"@id\":\"https:\\\/\\\/shop.bantam.ch\\\/fr\\\/#\\\/schema\\\/logo\\\/image\\\/\"}}]}<\/script>\n<!-- \/ Yoast SEO plugin. -->","yoast_head_json":{"title":"Installation solaire compl\u00e8te avec Sun Control SCE320, bo\u00eetier de c\u00e2bles et PG - Bantam Wankm\u00fcller SA","robots":{"index":"index","follow":"follow","max-snippet":"max-snippet:-1","max-image-preview":"max-image-preview:large","max-video-preview":"max-video-preview:-1"},"canonical":"https:\/\/shop.bantam.ch\/fr\/produit\/installation-solaire-complete-avec-sun-control-sce320-boitier-de-cables-et-pg\/","og_locale":"fr_FR","og_type":"article","og_title":"Installation solaire compl\u00e8te avec Sun Control SCE320, bo\u00eetier de c\u00e2bles et PG - Bantam Wankm\u00fcller SA","og_description":"Panneau solaire avec cadre en aluminium et support en aluminium sur le panneau solaire. Ce module solaire est fabriqu\u00e9 \u00e0 partir de cellules monocristallines \u00e0 haut rendement avec un rev\u00eatement en verre de haute qualit\u00e9. La construction multicouche r\u00e9siste aux conditions environnementales les plus difficiles. Des diodes de d\u00e9rivation sp\u00e9ciales prot\u00e8gent les cellules contre les [&hellip;]","og_url":"https:\/\/shop.bantam.ch\/fr\/produit\/installation-solaire-complete-avec-sun-control-sce320-boitier-de-cables-et-pg\/","og_site_name":"Bantam Wankm\u00fcller SA","article_modified_time":"2026-04-18T23:54:04+00:00","twitter_card":"summary_large_image","twitter_misc":{"Dur\u00e9e de lecture estim\u00e9e":"1 minute"},"schema":{"@context":"https:\/\/schema.org","@graph":[{"@type":"WebPage","@id":"https:\/\/shop.bantam.ch\/fr\/produit\/installation-solaire-complete-avec-sun-control-sce320-boitier-de-cables-et-pg\/","url":"https:\/\/shop.bantam.ch\/fr\/produit\/installation-solaire-complete-avec-sun-control-sce320-boitier-de-cables-et-pg\/","name":"Installation solaire compl\u00e8te avec Sun Control SCE320, bo\u00eetier de c\u00e2bles et PG - Bantam Wankm\u00fcller SA","isPartOf":{"@id":"https:\/\/shop.bantam.ch\/fr\/#website"},"primaryImageOfPage":{"@id":"https:\/\/shop.bantam.ch\/fr\/produit\/installation-solaire-complete-avec-sun-control-sce320-boitier-de-cables-et-pg\/#primaryimage"},"image":{"@id":"https:\/\/shop.bantam.ch\/fr\/produit\/installation-solaire-complete-avec-sun-control-sce320-boitier-de-cables-et-pg\/#primaryimage"},"thumbnailUrl":"https:\/\/shop.bantam.ch\/wp-content\/uploads\/2025\/03\/Movera-L-9962488100.jpg","datePublished":"2025-03-14T14:35:27+00:00","dateModified":"2026-04-18T23:54:04+00:00","breadcrumb":{"@id":"https:\/\/shop.bantam.ch\/fr\/produit\/installation-solaire-complete-avec-sun-control-sce320-boitier-de-cables-et-pg\/#breadcrumb"},"inLanguage":"fr-FR","potentialAction":[{"@type":"ReadAction","target":["https:\/\/shop.bantam.ch\/fr\/produit\/installation-solaire-complete-avec-sun-control-sce320-boitier-de-cables-et-pg\/"]}]},{"@type":"ImageObject","inLanguage":"fr-FR","@id":"https:\/\/shop.bantam.ch\/fr\/produit\/installation-solaire-complete-avec-sun-control-sce320-boitier-de-cables-et-pg\/#primaryimage","url":"https:\/\/shop.bantam.ch\/wp-content\/uploads\/2025\/03\/Movera-L-9962488100.jpg","contentUrl":"https:\/\/shop.bantam.ch\/wp-content\/uploads\/2025\/03\/Movera-L-9962488100.jpg","width":640,"height":640},{"@type":"BreadcrumbList","@id":"https:\/\/shop.bantam.ch\/fr\/produit\/installation-solaire-complete-avec-sun-control-sce320-boitier-de-cables-et-pg\/#breadcrumb","itemListElement":[{"@type":"ListItem","position":1,"name":"Accueil","item":"https:\/\/shop.bantam.ch\/fr\/"},{"@type":"ListItem","position":2,"name":"Boutique","item":"https:\/\/shop.bantam.ch\/fr\/boutique\/"},{"@type":"ListItem","position":3,"name":"Installation solaire compl\u00e8te avec Sun Control SCE320, bo\u00eetier de c\u00e2bles et PG"}]},{"@type":"WebSite","@id":"https:\/\/shop.bantam.ch\/fr\/#website","url":"https:\/\/shop.bantam.ch\/fr\/","name":"Bantam Wankm\u00fcller SA","description":"","publisher":{"@id":"https:\/\/shop.bantam.ch\/fr\/#organization"},"inLanguage":"fr-FR"},{"@type":"Organization","@id":"https:\/\/shop.bantam.ch\/fr\/#organization","name":"Bantam Wankm\u00fcller SA","url":"https:\/\/shop.bantam.ch\/fr\/","logo":{"@type":"ImageObject","inLanguage":"fr-FR","@id":"https:\/\/shop.bantam.ch\/fr\/#\/schema\/logo\/image\/","url":"https:\/\/shop.bantam.ch\/wp-content\/uploads\/2022\/12\/bantam-logo.png","contentUrl":"https:\/\/shop.bantam.ch\/wp-content\/uploads\/2022\/12\/bantam-logo.png","width":320,"height":71,"caption":"Bantam Wankm\u00fcller SA"},"image":{"@id":"https:\/\/shop.bantam.ch\/fr\/#\/schema\/logo\/image\/"}}]}},"_links":{"self":[{"href":"https:\/\/shop.bantam.ch\/fr\/wp-json\/wp\/v2\/product\/213650","targetHints":{"allow":["GET"]}}],"collection":[{"href":"https:\/\/shop.bantam.ch\/fr\/wp-json\/wp\/v2\/product"}],"about":[{"href":"https:\/\/shop.bantam.ch\/fr\/wp-json\/wp\/v2\/types\/product"}],"wp:featuredmedia":[{"embeddable":true,"href":"https:\/\/shop.bantam.ch\/fr\/wp-json\/wp\/v2\/media\/213648"}],"wp:attachment":[{"href":"https:\/\/shop.bantam.ch\/fr\/wp-json\/wp\/v2\/media?parent=213650"}],"wp:term":[{"taxonomy":"product_featured_cat","embeddable":true,"href":"https:\/\/shop.bantam.ch\/fr\/wp-json\/wp\/v2\/product_featured_cat?post=213650"},{"taxonomy":"product_brand","embeddable":true,"href":"https:\/\/shop.bantam.ch\/fr\/wp-json\/wp\/v2\/product_brand?post=213650"},{"taxonomy":"product_cat","embeddable":true,"href":"https:\/\/shop.bantam.ch\/fr\/wp-json\/wp\/v2\/product_cat?post=213650"},{"taxonomy":"product_tag","embeddable":true,"href":"https:\/\/shop.bantam.ch\/fr\/wp-json\/wp\/v2\/product_tag?post=213650"}],"curies":[{"name":"wp","href":"https:\/\/api.w.org\/{rel}","templated":true}]}}