{"id":213636,"date":"2025-03-14T15:35:08","date_gmt":"2025-03-14T14:35:08","guid":{"rendered":"https:\/\/shop.bantam.ch\/produit\/acsi-campingcard-guide-des-emplacements-2025-en-anglais\/"},"modified":"2026-05-11T23:22:49","modified_gmt":"2026-05-11T21:22:49","slug":"acsi-campingcard-guide-des-emplacements-2025-en-anglais","status":"publish","type":"product","link":"https:\/\/shop.bantam.ch\/fr\/produit\/acsi-campingcard-guide-des-emplacements-2025-en-anglais\/","title":{"rendered":"ACSI CampingCard &amp; Guide des emplacements 2025, en anglais"},"content":{"rendered":"<p><strong>Le guide de voyage id\u00e9al pour les camping-caristes&nbsp;!<\/strong><\/p>\n<ul>\n<li>Plus de 12&nbsp;000&nbsp;campings et aires camping-cars v\u00e9rifi\u00e9s<\/li>\n<li>Des informations pratiques sur le terrain, les tarifs et les moyens de paiement<\/li>\n<li>Jusqu\u2019\u00e0 60&nbsp;% de r\u00e9duction hors saison dans 3&nbsp;000&nbsp;campings<\/li>\n<\/ul>\n<p><strong>Le guide de voyage id\u00e9al pour les camping-caristes<\/strong><br \/>\nUn seul guide avec plus de 12&nbsp;000&nbsp;campings inspect\u00e9s chaque ann\u00e9e par ACSI et des aires camping-car s\u00e9lectionn\u00e9es par Facile Media. Un aper\u00e7u clair par pays et toutes les informations pratiques sur le terrain, les tarifs, les moyens de paiement et les infrastructures disponibles. Avec coordonn\u00e9es GPS pour une navigation claire. Vous trouverez donc rapidement un emplacement \u00e0 proximit\u00e9&nbsp;!<br \/>\nCamper \u00e0 un prix encore plus attractif avec la carte de r\u00e9duction CampingCard ACSI<br \/>\nAvec le guide, vous recevez la carte de r\u00e9duction CampingCard ACSI. Vous payez toujours un prix attractif pour vos nuit\u00e9es hors saison. Dans 3&nbsp;000&nbsp;campings en Europe, et pendant la p\u00e9riode d\u2019acceptation de la carte de r\u00e9duction, vous s\u00e9journez pour un tarif bas fixe de 15&nbsp;\u20ac, 17&nbsp;\u20ac, 19&nbsp;\u20ac, 21&nbsp;\u20ac, 23&nbsp;\u20ac, 25&nbsp;\u20ac ou 27&nbsp;\u20ac par nuit. Vous pouvez ainsi \u00e9conomiser jusqu\u2019\u00e0 60&nbsp;% sur le tarif \u00e0 la nuit\u00e9e habituel&nbsp;!&nbsp;<br \/>\n<strong>Comment fonctionne la CampingCard ACSI&nbsp;?<\/strong><br \/>\nLa carte de r\u00e9duction CampingCard ACSI est incluse dans le guide et comprend un QR code. Avec ce QR code, vous pouvez enregistrer votre carte de r\u00e9duction en ligne. D\u00e8s que vous l\u2019aurez fait, le camping pourra scanner votre carte de r\u00e9duction et proc\u00e9der plus rapidement \u00e0 l\u2019enregistrement. Vous pouvez \u00e9galement inscrire vos coordonn\u00e9es au dos de la carte de r\u00e9duction. Le camping pourra ainsi les enregistrer manuellement. Sur pr\u00e9sentation d\u2019une carte de r\u00e9duction valide, les campings participants appliqueront un tarif attractif pour deux&nbsp;personnes. C\u2019est aussi simple que cela&nbsp;! Les campings participants et les p\u00e9riodes d\u2019acceptation sont renseign\u00e9s dans le guide ACSI CampingCard &amp; aires camping-cars.<\/p>\n<p><strong>Fourni par d\u00e9faut avec le guide ACSI CampingCard &amp; aires camping-cars&nbsp;:<\/strong><\/p>\n<ul>\n<li>Le guide ACSI CampingCard &amp; aires camping-cars 2025 (en deux&nbsp;parties)<\/li>\n<li>La carte de r\u00e9duction CampingCard ACSI 2025<\/li>\n<\/ul>\n","protected":false},"excerpt":{"rendered":"<p>Le guide de voyage id\u00e9al pour les camping-caristes&nbsp;! Plus de 12&nbsp;000&nbsp;campings et aires camping-cars v\u00e9rifi\u00e9s Des informations pratiques sur le terrain, les tarifs et les moyens de paiement Jusqu\u2019\u00e0 60&nbsp;% de r\u00e9duction hors saison dans 3&nbsp;000&nbsp;campings Le guide de voyage id\u00e9al pour les camping-caristes Un seul guide avec plus de 12&nbsp;000&nbsp;campings inspect\u00e9s chaque ann\u00e9e par [&hellip;]<\/p>\n","protected":false},"featured_media":213634,"template":"","meta":{"_acf_changed":false},"product_featured_cat":[],"product_brand":[],"product_cat":[4345],"product_tag":[],"class_list":{"0":"post-213636","1":"product","2":"type-product","3":"status-publish","4":"has-post-thumbnail","6":"product_cat-guides-des-emplacements","8":"first","9":"instock","10":"taxable","11":"shipping-taxable","12":"purchasable","13":"product-type-simple"},"acf":[],"yoast_head":"<!-- This site is optimized with the Yoast SEO plugin v27.5 - https:\/\/yoast.com\/product\/yoast-seo-wordpress\/ -->\n<title>ACSI CampingCard &amp; Guide des emplacements 2025, en anglais - Bantam<\/title>\n<meta name=\"robots\" content=\"index, follow, max-snippet:-1, max-image-preview:large, max-video-preview:-1\" \/>\n<link rel=\"canonical\" href=\"https:\/\/shop.bantam.ch\/fr\/produit\/acsi-campingcard-guide-des-emplacements-2025-en-anglais\/\" \/>\n<meta property=\"og:locale\" content=\"fr_FR\" \/>\n<meta property=\"og:type\" content=\"article\" \/>\n<meta property=\"og:title\" content=\"ACSI CampingCard &amp; Guide des emplacements 2025, en anglais - Bantam\" \/>\n<meta property=\"og:description\" content=\"Le guide de voyage id\u00e9al pour les camping-caristes&nbsp;! Plus de 12&nbsp;000&nbsp;campings et aires camping-cars v\u00e9rifi\u00e9s Des informations pratiques sur le terrain, les tarifs et les moyens de paiement Jusqu\u2019\u00e0 60&nbsp;% de r\u00e9duction hors saison dans 3&nbsp;000&nbsp;campings Le guide de voyage id\u00e9al pour les camping-caristes Un seul guide avec plus de 12&nbsp;000&nbsp;campings inspect\u00e9s chaque ann\u00e9e par [&hellip;]\" \/>\n<meta property=\"og:url\" content=\"https:\/\/shop.bantam.ch\/fr\/produit\/acsi-campingcard-guide-des-emplacements-2025-en-anglais\/\" \/>\n<meta property=\"og:site_name\" content=\"Bantam\" \/>\n<meta property=\"article:modified_time\" content=\"2026-05-11T21:22:49+00:00\" \/>\n<meta name=\"twitter:card\" content=\"summary_large_image\" \/>\n<meta name=\"twitter:label1\" content=\"Dur\u00e9e de lecture estim\u00e9e\" \/>\n\t<meta name=\"twitter:data1\" content=\"2 minutes\" \/>\n<script type=\"application\/ld+json\" class=\"yoast-schema-graph\">{\"@context\":\"https:\\\/\\\/schema.org\",\"@graph\":[{\"@type\":\"WebPage\",\"@id\":\"https:\\\/\\\/shop.bantam.ch\\\/fr\\\/produit\\\/acsi-campingcard-guide-des-emplacements-2025-en-anglais\\\/\",\"url\":\"https:\\\/\\\/shop.bantam.ch\\\/fr\\\/produit\\\/acsi-campingcard-guide-des-emplacements-2025-en-anglais\\\/\",\"name\":\"ACSI CampingCard &amp; Guide des emplacements 2025, en anglais - Bantam\",\"isPartOf\":{\"@id\":\"https:\\\/\\\/shop.bantam.ch\\\/fr\\\/#website\"},\"primaryImageOfPage\":{\"@id\":\"https:\\\/\\\/shop.bantam.ch\\\/fr\\\/produit\\\/acsi-campingcard-guide-des-emplacements-2025-en-anglais\\\/#primaryimage\"},\"image\":{\"@id\":\"https:\\\/\\\/shop.bantam.ch\\\/fr\\\/produit\\\/acsi-campingcard-guide-des-emplacements-2025-en-anglais\\\/#primaryimage\"},\"thumbnailUrl\":\"https:\\\/\\\/shop.bantam.ch\\\/wp-content\\\/uploads\\\/2025\\\/03\\\/Movera-L-9962485100.jpg\",\"datePublished\":\"2025-03-14T14:35:08+00:00\",\"dateModified\":\"2026-05-11T21:22:49+00:00\",\"breadcrumb\":{\"@id\":\"https:\\\/\\\/shop.bantam.ch\\\/fr\\\/produit\\\/acsi-campingcard-guide-des-emplacements-2025-en-anglais\\\/#breadcrumb\"},\"inLanguage\":\"fr-FR\",\"potentialAction\":[{\"@type\":\"ReadAction\",\"target\":[\"https:\\\/\\\/shop.bantam.ch\\\/fr\\\/produit\\\/acsi-campingcard-guide-des-emplacements-2025-en-anglais\\\/\"]}]},{\"@type\":\"ImageObject\",\"inLanguage\":\"fr-FR\",\"@id\":\"https:\\\/\\\/shop.bantam.ch\\\/fr\\\/produit\\\/acsi-campingcard-guide-des-emplacements-2025-en-anglais\\\/#primaryimage\",\"url\":\"https:\\\/\\\/shop.bantam.ch\\\/wp-content\\\/uploads\\\/2025\\\/03\\\/Movera-L-9962485100.jpg\",\"contentUrl\":\"https:\\\/\\\/shop.bantam.ch\\\/wp-content\\\/uploads\\\/2025\\\/03\\\/Movera-L-9962485100.jpg\",\"width\":640,\"height\":873},{\"@type\":\"BreadcrumbList\",\"@id\":\"https:\\\/\\\/shop.bantam.ch\\\/fr\\\/produit\\\/acsi-campingcard-guide-des-emplacements-2025-en-anglais\\\/#breadcrumb\",\"itemListElement\":[{\"@type\":\"ListItem\",\"position\":1,\"name\":\"Accueil\",\"item\":\"https:\\\/\\\/shop.bantam.ch\\\/fr\\\/\"},{\"@type\":\"ListItem\",\"position\":2,\"name\":\"Boutique\",\"item\":\"https:\\\/\\\/shop.bantam.ch\\\/fr\\\/boutique\\\/\"},{\"@type\":\"ListItem\",\"position\":3,\"name\":\"ACSI CampingCard &amp; Guide des emplacements 2025, en anglais\"}]},{\"@type\":\"WebSite\",\"@id\":\"https:\\\/\\\/shop.bantam.ch\\\/fr\\\/#website\",\"url\":\"https:\\\/\\\/shop.bantam.ch\\\/fr\\\/\",\"name\":\"Bantam\",\"description\":\"\",\"publisher\":{\"@id\":\"https:\\\/\\\/shop.bantam.ch\\\/fr\\\/#organization\"},\"inLanguage\":\"fr-FR\"},{\"@type\":\"Organization\",\"@id\":\"https:\\\/\\\/shop.bantam.ch\\\/fr\\\/#organization\",\"name\":\"Bantam\",\"url\":\"https:\\\/\\\/shop.bantam.ch\\\/fr\\\/\",\"logo\":{\"@type\":\"ImageObject\",\"inLanguage\":\"fr-FR\",\"@id\":\"https:\\\/\\\/shop.bantam.ch\\\/fr\\\/#\\\/schema\\\/logo\\\/image\\\/\",\"url\":\"https:\\\/\\\/shop.bantam.ch\\\/wp-content\\\/uploads\\\/2022\\\/12\\\/bantam-logo.png\",\"contentUrl\":\"https:\\\/\\\/shop.bantam.ch\\\/wp-content\\\/uploads\\\/2022\\\/12\\\/bantam-logo.png\",\"width\":320,\"height\":71,\"caption\":\"Bantam\"},\"image\":{\"@id\":\"https:\\\/\\\/shop.bantam.ch\\\/fr\\\/#\\\/schema\\\/logo\\\/image\\\/\"}}]}<\/script>\n<!-- \/ Yoast SEO plugin. -->","yoast_head_json":{"title":"ACSI CampingCard &amp; Guide des emplacements 2025, en anglais - Bantam","robots":{"index":"index","follow":"follow","max-snippet":"max-snippet:-1","max-image-preview":"max-image-preview:large","max-video-preview":"max-video-preview:-1"},"canonical":"https:\/\/shop.bantam.ch\/fr\/produit\/acsi-campingcard-guide-des-emplacements-2025-en-anglais\/","og_locale":"fr_FR","og_type":"article","og_title":"ACSI CampingCard &amp; Guide des emplacements 2025, en anglais - Bantam","og_description":"Le guide de voyage id\u00e9al pour les camping-caristes&nbsp;! Plus de 12&nbsp;000&nbsp;campings et aires camping-cars v\u00e9rifi\u00e9s Des informations pratiques sur le terrain, les tarifs et les moyens de paiement Jusqu\u2019\u00e0 60&nbsp;% de r\u00e9duction hors saison dans 3&nbsp;000&nbsp;campings Le guide de voyage id\u00e9al pour les camping-caristes Un seul guide avec plus de 12&nbsp;000&nbsp;campings inspect\u00e9s chaque ann\u00e9e par [&hellip;]","og_url":"https:\/\/shop.bantam.ch\/fr\/produit\/acsi-campingcard-guide-des-emplacements-2025-en-anglais\/","og_site_name":"Bantam","article_modified_time":"2026-05-11T21:22:49+00:00","twitter_card":"summary_large_image","twitter_misc":{"Dur\u00e9e de lecture estim\u00e9e":"2 minutes"},"schema":{"@context":"https:\/\/schema.org","@graph":[{"@type":"WebPage","@id":"https:\/\/shop.bantam.ch\/fr\/produit\/acsi-campingcard-guide-des-emplacements-2025-en-anglais\/","url":"https:\/\/shop.bantam.ch\/fr\/produit\/acsi-campingcard-guide-des-emplacements-2025-en-anglais\/","name":"ACSI CampingCard &amp; Guide des emplacements 2025, en anglais - Bantam","isPartOf":{"@id":"https:\/\/shop.bantam.ch\/fr\/#website"},"primaryImageOfPage":{"@id":"https:\/\/shop.bantam.ch\/fr\/produit\/acsi-campingcard-guide-des-emplacements-2025-en-anglais\/#primaryimage"},"image":{"@id":"https:\/\/shop.bantam.ch\/fr\/produit\/acsi-campingcard-guide-des-emplacements-2025-en-anglais\/#primaryimage"},"thumbnailUrl":"https:\/\/shop.bantam.ch\/wp-content\/uploads\/2025\/03\/Movera-L-9962485100.jpg","datePublished":"2025-03-14T14:35:08+00:00","dateModified":"2026-05-11T21:22:49+00:00","breadcrumb":{"@id":"https:\/\/shop.bantam.ch\/fr\/produit\/acsi-campingcard-guide-des-emplacements-2025-en-anglais\/#breadcrumb"},"inLanguage":"fr-FR","potentialAction":[{"@type":"ReadAction","target":["https:\/\/shop.bantam.ch\/fr\/produit\/acsi-campingcard-guide-des-emplacements-2025-en-anglais\/"]}]},{"@type":"ImageObject","inLanguage":"fr-FR","@id":"https:\/\/shop.bantam.ch\/fr\/produit\/acsi-campingcard-guide-des-emplacements-2025-en-anglais\/#primaryimage","url":"https:\/\/shop.bantam.ch\/wp-content\/uploads\/2025\/03\/Movera-L-9962485100.jpg","contentUrl":"https:\/\/shop.bantam.ch\/wp-content\/uploads\/2025\/03\/Movera-L-9962485100.jpg","width":640,"height":873},{"@type":"BreadcrumbList","@id":"https:\/\/shop.bantam.ch\/fr\/produit\/acsi-campingcard-guide-des-emplacements-2025-en-anglais\/#breadcrumb","itemListElement":[{"@type":"ListItem","position":1,"name":"Accueil","item":"https:\/\/shop.bantam.ch\/fr\/"},{"@type":"ListItem","position":2,"name":"Boutique","item":"https:\/\/shop.bantam.ch\/fr\/boutique\/"},{"@type":"ListItem","position":3,"name":"ACSI CampingCard &amp; Guide des emplacements 2025, en anglais"}]},{"@type":"WebSite","@id":"https:\/\/shop.bantam.ch\/fr\/#website","url":"https:\/\/shop.bantam.ch\/fr\/","name":"Bantam","description":"","publisher":{"@id":"https:\/\/shop.bantam.ch\/fr\/#organization"},"inLanguage":"fr-FR"},{"@type":"Organization","@id":"https:\/\/shop.bantam.ch\/fr\/#organization","name":"Bantam","url":"https:\/\/shop.bantam.ch\/fr\/","logo":{"@type":"ImageObject","inLanguage":"fr-FR","@id":"https:\/\/shop.bantam.ch\/fr\/#\/schema\/logo\/image\/","url":"https:\/\/shop.bantam.ch\/wp-content\/uploads\/2022\/12\/bantam-logo.png","contentUrl":"https:\/\/shop.bantam.ch\/wp-content\/uploads\/2022\/12\/bantam-logo.png","width":320,"height":71,"caption":"Bantam"},"image":{"@id":"https:\/\/shop.bantam.ch\/fr\/#\/schema\/logo\/image\/"}}]}},"_links":{"self":[{"href":"https:\/\/shop.bantam.ch\/fr\/wp-json\/wp\/v2\/product\/213636","targetHints":{"allow":["GET"]}}],"collection":[{"href":"https:\/\/shop.bantam.ch\/fr\/wp-json\/wp\/v2\/product"}],"about":[{"href":"https:\/\/shop.bantam.ch\/fr\/wp-json\/wp\/v2\/types\/product"}],"wp:featuredmedia":[{"embeddable":true,"href":"https:\/\/shop.bantam.ch\/fr\/wp-json\/wp\/v2\/media\/213634"}],"wp:attachment":[{"href":"https:\/\/shop.bantam.ch\/fr\/wp-json\/wp\/v2\/media?parent=213636"}],"wp:term":[{"taxonomy":"product_featured_cat","embeddable":true,"href":"https:\/\/shop.bantam.ch\/fr\/wp-json\/wp\/v2\/product_featured_cat?post=213636"},{"taxonomy":"product_brand","embeddable":true,"href":"https:\/\/shop.bantam.ch\/fr\/wp-json\/wp\/v2\/product_brand?post=213636"},{"taxonomy":"product_cat","embeddable":true,"href":"https:\/\/shop.bantam.ch\/fr\/wp-json\/wp\/v2\/product_cat?post=213636"},{"taxonomy":"product_tag","embeddable":true,"href":"https:\/\/shop.bantam.ch\/fr\/wp-json\/wp\/v2\/product_tag?post=213636"}],"curies":[{"name":"wp","href":"https:\/\/api.w.org\/{rel}","templated":true}]}}