{"id":213626,"date":"2025-03-14T15:34:56","date_gmt":"2025-03-14T14:34:56","guid":{"rendered":"https:\/\/shop.bantam.ch\/produit\/guide-de-camping-en-allemagne-acsi-2025\/"},"modified":"2026-05-11T23:22:48","modified_gmt":"2026-05-11T21:22:48","slug":"guide-de-camping-en-allemagne-acsi-2025","status":"publish","type":"product","link":"https:\/\/shop.bantam.ch\/fr\/produit\/guide-de-camping-en-allemagne-acsi-2025\/","title":{"rendered":"Guide de camping en Allemagne ACSI 2025"},"content":{"rendered":"<p>Trouvez votre camping id\u00e9al en Allemagne et dans les pays limitrophes !<\/p>\n<ul>\n<li>Plus de 2 500 campings en Allemagne, en Suisse, en Autriche, au Danemark, aux Pays-Bas, en Belgique et au Luxembourg.<\/li>\n<li>Tous les campings sont inspect\u00e9s chaque ann\u00e9e<\/li>\n<li>Informations fiables et actualis\u00e9es<\/li>\n<\/ul>\n<p>Carte de r\u00e9duction pour la basse saison incluse : CampingCard ACSI<br \/>\nD\u00e9couvrez les plus beaux campings d&rsquo;Allemagne et des pays voisins !<br \/>\nPour passer de bonnes vacances, il n&rsquo;est pas toujours n\u00e9cessaire de partir loin. Il y a aussi beaucoup \u00e0 d\u00e9couvrir en Allemagne et chez ses voisins. De la c\u00f4te de la mer du Nord en Hollande et en Belgique \u00e0 la For\u00eat-Noire, des Alpes en Autriche et en Suisse aux plages de la Baltique dans le Grand Nord. Quelle que soit votre destination, vous trouverez toujours les meilleurs campings gr\u00e2ce au Guide de camping ACSI Allemagne.<br \/>\n\u00c0 l&rsquo;achat du Guide de camping ACSI Allemagne, vous recevez :<br \/>\nGuide de camping ACSI Allemagne 2025<br \/>\nCarte des campings de passage<br \/>\nCarte de r\u00e9duction CampingCard ACSI 2025 ( d&rsquo;une valeur de 23,95 \u20ac)<\/p>\n","protected":false},"excerpt":{"rendered":"<p>Trouvez votre camping id\u00e9al en Allemagne et dans les pays limitrophes ! Plus de 2 500 campings en Allemagne, en Suisse, en Autriche, au Danemark, aux Pays-Bas, en Belgique et au Luxembourg. Tous les campings sont inspect\u00e9s chaque ann\u00e9e Informations fiables et actualis\u00e9es Carte de r\u00e9duction pour la basse saison incluse : CampingCard ACSI D\u00e9couvrez [&hellip;]<\/p>\n","protected":false},"featured_media":213624,"template":"","meta":{"_acf_changed":false},"product_featured_cat":[],"product_brand":[],"product_cat":[4345],"product_tag":[],"class_list":{"0":"post-213626","1":"product","2":"type-product","3":"status-publish","4":"has-post-thumbnail","6":"product_cat-guides-des-emplacements","8":"first","9":"instock","10":"taxable","11":"shipping-taxable","12":"purchasable","13":"product-type-simple"},"acf":[],"yoast_head":"<!-- This site is optimized with the Yoast SEO plugin v27.5 - https:\/\/yoast.com\/product\/yoast-seo-wordpress\/ -->\n<title>Guide de camping en Allemagne ACSI 2025 - Bantam<\/title>\n<meta name=\"robots\" content=\"index, follow, max-snippet:-1, max-image-preview:large, max-video-preview:-1\" \/>\n<link rel=\"canonical\" href=\"https:\/\/shop.bantam.ch\/fr\/produit\/guide-de-camping-en-allemagne-acsi-2025\/\" \/>\n<meta property=\"og:locale\" content=\"fr_FR\" \/>\n<meta property=\"og:type\" content=\"article\" \/>\n<meta property=\"og:title\" content=\"Guide de camping en Allemagne ACSI 2025 - Bantam\" \/>\n<meta property=\"og:description\" content=\"Trouvez votre camping id\u00e9al en Allemagne et dans les pays limitrophes ! Plus de 2 500 campings en Allemagne, en Suisse, en Autriche, au Danemark, aux Pays-Bas, en Belgique et au Luxembourg. Tous les campings sont inspect\u00e9s chaque ann\u00e9e Informations fiables et actualis\u00e9es Carte de r\u00e9duction pour la basse saison incluse : CampingCard ACSI D\u00e9couvrez [&hellip;]\" \/>\n<meta property=\"og:url\" content=\"https:\/\/shop.bantam.ch\/fr\/produit\/guide-de-camping-en-allemagne-acsi-2025\/\" \/>\n<meta property=\"og:site_name\" content=\"Bantam\" \/>\n<meta property=\"article:modified_time\" content=\"2026-05-11T21:22:48+00:00\" \/>\n<meta name=\"twitter:card\" content=\"summary_large_image\" \/>\n<meta name=\"twitter:label1\" content=\"Dur\u00e9e de lecture estim\u00e9e\" \/>\n\t<meta name=\"twitter:data1\" content=\"1 minute\" \/>\n<script type=\"application\/ld+json\" class=\"yoast-schema-graph\">{\"@context\":\"https:\\\/\\\/schema.org\",\"@graph\":[{\"@type\":\"WebPage\",\"@id\":\"https:\\\/\\\/shop.bantam.ch\\\/fr\\\/produit\\\/guide-de-camping-en-allemagne-acsi-2025\\\/\",\"url\":\"https:\\\/\\\/shop.bantam.ch\\\/fr\\\/produit\\\/guide-de-camping-en-allemagne-acsi-2025\\\/\",\"name\":\"Guide de camping en Allemagne ACSI 2025 - Bantam\",\"isPartOf\":{\"@id\":\"https:\\\/\\\/shop.bantam.ch\\\/fr\\\/#website\"},\"primaryImageOfPage\":{\"@id\":\"https:\\\/\\\/shop.bantam.ch\\\/fr\\\/produit\\\/guide-de-camping-en-allemagne-acsi-2025\\\/#primaryimage\"},\"image\":{\"@id\":\"https:\\\/\\\/shop.bantam.ch\\\/fr\\\/produit\\\/guide-de-camping-en-allemagne-acsi-2025\\\/#primaryimage\"},\"thumbnailUrl\":\"https:\\\/\\\/shop.bantam.ch\\\/wp-content\\\/uploads\\\/2025\\\/03\\\/Movera-L-9962483100.jpg\",\"datePublished\":\"2025-03-14T14:34:56+00:00\",\"dateModified\":\"2026-05-11T21:22:48+00:00\",\"breadcrumb\":{\"@id\":\"https:\\\/\\\/shop.bantam.ch\\\/fr\\\/produit\\\/guide-de-camping-en-allemagne-acsi-2025\\\/#breadcrumb\"},\"inLanguage\":\"fr-FR\",\"potentialAction\":[{\"@type\":\"ReadAction\",\"target\":[\"https:\\\/\\\/shop.bantam.ch\\\/fr\\\/produit\\\/guide-de-camping-en-allemagne-acsi-2025\\\/\"]}]},{\"@type\":\"ImageObject\",\"inLanguage\":\"fr-FR\",\"@id\":\"https:\\\/\\\/shop.bantam.ch\\\/fr\\\/produit\\\/guide-de-camping-en-allemagne-acsi-2025\\\/#primaryimage\",\"url\":\"https:\\\/\\\/shop.bantam.ch\\\/wp-content\\\/uploads\\\/2025\\\/03\\\/Movera-L-9962483100.jpg\",\"contentUrl\":\"https:\\\/\\\/shop.bantam.ch\\\/wp-content\\\/uploads\\\/2025\\\/03\\\/Movera-L-9962483100.jpg\",\"width\":640,\"height\":873},{\"@type\":\"BreadcrumbList\",\"@id\":\"https:\\\/\\\/shop.bantam.ch\\\/fr\\\/produit\\\/guide-de-camping-en-allemagne-acsi-2025\\\/#breadcrumb\",\"itemListElement\":[{\"@type\":\"ListItem\",\"position\":1,\"name\":\"Accueil\",\"item\":\"https:\\\/\\\/shop.bantam.ch\\\/fr\\\/\"},{\"@type\":\"ListItem\",\"position\":2,\"name\":\"Boutique\",\"item\":\"https:\\\/\\\/shop.bantam.ch\\\/fr\\\/boutique\\\/\"},{\"@type\":\"ListItem\",\"position\":3,\"name\":\"Guide de camping en Allemagne ACSI 2025\"}]},{\"@type\":\"WebSite\",\"@id\":\"https:\\\/\\\/shop.bantam.ch\\\/fr\\\/#website\",\"url\":\"https:\\\/\\\/shop.bantam.ch\\\/fr\\\/\",\"name\":\"Bantam\",\"description\":\"\",\"publisher\":{\"@id\":\"https:\\\/\\\/shop.bantam.ch\\\/fr\\\/#organization\"},\"inLanguage\":\"fr-FR\"},{\"@type\":\"Organization\",\"@id\":\"https:\\\/\\\/shop.bantam.ch\\\/fr\\\/#organization\",\"name\":\"Bantam\",\"url\":\"https:\\\/\\\/shop.bantam.ch\\\/fr\\\/\",\"logo\":{\"@type\":\"ImageObject\",\"inLanguage\":\"fr-FR\",\"@id\":\"https:\\\/\\\/shop.bantam.ch\\\/fr\\\/#\\\/schema\\\/logo\\\/image\\\/\",\"url\":\"https:\\\/\\\/shop.bantam.ch\\\/wp-content\\\/uploads\\\/2022\\\/12\\\/bantam-logo.png\",\"contentUrl\":\"https:\\\/\\\/shop.bantam.ch\\\/wp-content\\\/uploads\\\/2022\\\/12\\\/bantam-logo.png\",\"width\":320,\"height\":71,\"caption\":\"Bantam\"},\"image\":{\"@id\":\"https:\\\/\\\/shop.bantam.ch\\\/fr\\\/#\\\/schema\\\/logo\\\/image\\\/\"}}]}<\/script>\n<!-- \/ Yoast SEO plugin. -->","yoast_head_json":{"title":"Guide de camping en Allemagne ACSI 2025 - Bantam","robots":{"index":"index","follow":"follow","max-snippet":"max-snippet:-1","max-image-preview":"max-image-preview:large","max-video-preview":"max-video-preview:-1"},"canonical":"https:\/\/shop.bantam.ch\/fr\/produit\/guide-de-camping-en-allemagne-acsi-2025\/","og_locale":"fr_FR","og_type":"article","og_title":"Guide de camping en Allemagne ACSI 2025 - Bantam","og_description":"Trouvez votre camping id\u00e9al en Allemagne et dans les pays limitrophes ! Plus de 2 500 campings en Allemagne, en Suisse, en Autriche, au Danemark, aux Pays-Bas, en Belgique et au Luxembourg. Tous les campings sont inspect\u00e9s chaque ann\u00e9e Informations fiables et actualis\u00e9es Carte de r\u00e9duction pour la basse saison incluse : CampingCard ACSI D\u00e9couvrez [&hellip;]","og_url":"https:\/\/shop.bantam.ch\/fr\/produit\/guide-de-camping-en-allemagne-acsi-2025\/","og_site_name":"Bantam","article_modified_time":"2026-05-11T21:22:48+00:00","twitter_card":"summary_large_image","twitter_misc":{"Dur\u00e9e de lecture estim\u00e9e":"1 minute"},"schema":{"@context":"https:\/\/schema.org","@graph":[{"@type":"WebPage","@id":"https:\/\/shop.bantam.ch\/fr\/produit\/guide-de-camping-en-allemagne-acsi-2025\/","url":"https:\/\/shop.bantam.ch\/fr\/produit\/guide-de-camping-en-allemagne-acsi-2025\/","name":"Guide de camping en Allemagne ACSI 2025 - Bantam","isPartOf":{"@id":"https:\/\/shop.bantam.ch\/fr\/#website"},"primaryImageOfPage":{"@id":"https:\/\/shop.bantam.ch\/fr\/produit\/guide-de-camping-en-allemagne-acsi-2025\/#primaryimage"},"image":{"@id":"https:\/\/shop.bantam.ch\/fr\/produit\/guide-de-camping-en-allemagne-acsi-2025\/#primaryimage"},"thumbnailUrl":"https:\/\/shop.bantam.ch\/wp-content\/uploads\/2025\/03\/Movera-L-9962483100.jpg","datePublished":"2025-03-14T14:34:56+00:00","dateModified":"2026-05-11T21:22:48+00:00","breadcrumb":{"@id":"https:\/\/shop.bantam.ch\/fr\/produit\/guide-de-camping-en-allemagne-acsi-2025\/#breadcrumb"},"inLanguage":"fr-FR","potentialAction":[{"@type":"ReadAction","target":["https:\/\/shop.bantam.ch\/fr\/produit\/guide-de-camping-en-allemagne-acsi-2025\/"]}]},{"@type":"ImageObject","inLanguage":"fr-FR","@id":"https:\/\/shop.bantam.ch\/fr\/produit\/guide-de-camping-en-allemagne-acsi-2025\/#primaryimage","url":"https:\/\/shop.bantam.ch\/wp-content\/uploads\/2025\/03\/Movera-L-9962483100.jpg","contentUrl":"https:\/\/shop.bantam.ch\/wp-content\/uploads\/2025\/03\/Movera-L-9962483100.jpg","width":640,"height":873},{"@type":"BreadcrumbList","@id":"https:\/\/shop.bantam.ch\/fr\/produit\/guide-de-camping-en-allemagne-acsi-2025\/#breadcrumb","itemListElement":[{"@type":"ListItem","position":1,"name":"Accueil","item":"https:\/\/shop.bantam.ch\/fr\/"},{"@type":"ListItem","position":2,"name":"Boutique","item":"https:\/\/shop.bantam.ch\/fr\/boutique\/"},{"@type":"ListItem","position":3,"name":"Guide de camping en Allemagne ACSI 2025"}]},{"@type":"WebSite","@id":"https:\/\/shop.bantam.ch\/fr\/#website","url":"https:\/\/shop.bantam.ch\/fr\/","name":"Bantam","description":"","publisher":{"@id":"https:\/\/shop.bantam.ch\/fr\/#organization"},"inLanguage":"fr-FR"},{"@type":"Organization","@id":"https:\/\/shop.bantam.ch\/fr\/#organization","name":"Bantam","url":"https:\/\/shop.bantam.ch\/fr\/","logo":{"@type":"ImageObject","inLanguage":"fr-FR","@id":"https:\/\/shop.bantam.ch\/fr\/#\/schema\/logo\/image\/","url":"https:\/\/shop.bantam.ch\/wp-content\/uploads\/2022\/12\/bantam-logo.png","contentUrl":"https:\/\/shop.bantam.ch\/wp-content\/uploads\/2022\/12\/bantam-logo.png","width":320,"height":71,"caption":"Bantam"},"image":{"@id":"https:\/\/shop.bantam.ch\/fr\/#\/schema\/logo\/image\/"}}]}},"_links":{"self":[{"href":"https:\/\/shop.bantam.ch\/fr\/wp-json\/wp\/v2\/product\/213626","targetHints":{"allow":["GET"]}}],"collection":[{"href":"https:\/\/shop.bantam.ch\/fr\/wp-json\/wp\/v2\/product"}],"about":[{"href":"https:\/\/shop.bantam.ch\/fr\/wp-json\/wp\/v2\/types\/product"}],"wp:featuredmedia":[{"embeddable":true,"href":"https:\/\/shop.bantam.ch\/fr\/wp-json\/wp\/v2\/media\/213624"}],"wp:attachment":[{"href":"https:\/\/shop.bantam.ch\/fr\/wp-json\/wp\/v2\/media?parent=213626"}],"wp:term":[{"taxonomy":"product_featured_cat","embeddable":true,"href":"https:\/\/shop.bantam.ch\/fr\/wp-json\/wp\/v2\/product_featured_cat?post=213626"},{"taxonomy":"product_brand","embeddable":true,"href":"https:\/\/shop.bantam.ch\/fr\/wp-json\/wp\/v2\/product_brand?post=213626"},{"taxonomy":"product_cat","embeddable":true,"href":"https:\/\/shop.bantam.ch\/fr\/wp-json\/wp\/v2\/product_cat?post=213626"},{"taxonomy":"product_tag","embeddable":true,"href":"https:\/\/shop.bantam.ch\/fr\/wp-json\/wp\/v2\/product_tag?post=213626"}],"curies":[{"name":"wp","href":"https:\/\/api.w.org\/{rel}","templated":true}]}}