{"id":213614,"date":"2025-03-14T15:34:38","date_gmt":"2025-03-14T14:34:38","guid":{"rendered":"https:\/\/shop.bantam.ch\/produit\/campingcard-acsi-2025\/"},"modified":"2026-04-21T23:29:36","modified_gmt":"2026-04-21T21:29:36","slug":"campingcard-acsi-2025","status":"publish","type":"product","link":"https:\/\/shop.bantam.ch\/fr\/produit\/campingcard-acsi-2025\/","title":{"rendered":"CampingCard ACSI 2025"},"content":{"rendered":"<p><strong>Camper encore moins cher en basse saison<\/strong><\/p>\n<p>&nbsp;<\/p>\n<ul>\n<li>\u00c9conomisez jusqu&rsquo;\u00e0 60% par nuit<\/li>\n<li>3 000 campings participants, inspect\u00e9s chaque ann\u00e9e<\/li>\n<li>Enregistrement rapide avec le code QR sur la carte de r\u00e9duction<\/li>\n<li>Rentable \u00e0 partir de quatre nuits seulement<\/li>\n<\/ul>\n<p><strong>Nombreuses r\u00e9ductions sur le camping en basse saison<\/strong><\/p>\n<p>&nbsp;<\/p>\n<p>Qui n&rsquo;appr\u00e9cie pas de pouvoir camper \u00e0 moindre co\u00fbt en basse saison ? Avec la CampingCard ACSI, vous ne paierez plus jamais trop cher vos nuit\u00e9es au printemps et en automne. Pendant la p\u00e9riode d&rsquo;acceptation de la carte de r\u00e9duction, vous pouvez s\u00e9journer dans 3 000 campings en Europe \u00e0 un tarif fixe peu \u00e9lev\u00e9 de 15, 17, 19, 21, 23, 25 ou 27 \u20ac par nuit. Une offre formidable pour tous les campeurs qui aiment passer leurs vacances en dehors de la haute saison. Ce qui est particuli\u00e8rement avantageux, c&rsquo;est que le prix d&rsquo;achat est amorti en quatre nuits*.<\/p>\n<p>&nbsp;<\/p>\n<p>Cette ann\u00e9e, ACSI f\u00eate 60 ans d&rsquo;histoire de l&rsquo;inspection. Les inspecteurs ACSI partent pour la 60e fois \u00e0 la d\u00e9couverte de campings dans toute l&rsquo;Europe et vous fournissent ainsi des informations actualis\u00e9es sur l&rsquo;\u00e9quipement, la situation et le confort de chaque camping.<\/p>\n<p>&nbsp;<\/p>\n<p><strong>Comment fonctionne la CampingCard ACSI ?<\/strong><\/p>\n<p>&nbsp;<\/p>\n<p>La CampingCard ACSI comprend un guide de camping avec une carte de r\u00e9duction. La carte de r\u00e9duction est prise dans le guide de camping et est munie d&rsquo;un code QR. Le code QR vous permet d&rsquo;enregistrer votre carte de r\u00e9duction en ligne. Une fois que vous l&rsquo;avez fait, le camping peut scanner votre carte de r\u00e9duction et vous pouvez vous enregistrer particuli\u00e8rement rapidement. Vous pouvez \u00e9galement inscrire vos donn\u00e9es au dos de la carte de r\u00e9duction. Le camping peut alors les reprendre manuellement. Sur pr\u00e9sentation d&rsquo;une carte de r\u00e9duction valable, les campings participants calculent le prix particuli\u00e8rement avantageux pour deux personnes. C&rsquo;est aussi simple que cela !<\/p>\n<p>\nVous trouverez tous les campings participants dans le guide de camping CampingCard ACSI en deux parties. Class\u00e9 de mani\u00e8re claire par pays et avec des coordonn\u00e9es GPS pour une navigation parfaite. Vous voyez imm\u00e9diatement ce que vous devez savoir sur un camping : sa situation, les \u00e9quipements disponibles, le tarif de la nuit\u00e9e et la ou les p\u00e9riodes d&rsquo;acceptation de la carte de r\u00e9duction. Cela peut en effet varier d&rsquo;un camping \u00e0 l&rsquo;autre.<\/p>\n<p>&nbsp;<\/p>\n<p><strong>R\u00e9guli\u00e8rement fourni avec CampingCard ACSI :<\/strong><\/p>\n<p>&nbsp;<\/p>\n<ul>\n<li>Guide des campings CampingCard ACSI 2025 (en deux parties)<\/li>\n<li>Carte de r\u00e9duction CampingCard ACSI 2025<\/li>\n<li>Mini atlas avec tous les campings participants.<\/li>\n<\/ul>\n<p>*Sur la base des tarifs normaux de nuit\u00e9e en mai, juin et septembre<\/p>\n","protected":false},"excerpt":{"rendered":"<p>Camper encore moins cher en basse saison &nbsp; \u00c9conomisez jusqu&rsquo;\u00e0 60% par nuit 3 000 campings participants, inspect\u00e9s chaque ann\u00e9e Enregistrement rapide avec le code QR sur la carte de r\u00e9duction Rentable \u00e0 partir de quatre nuits seulement Nombreuses r\u00e9ductions sur le camping en basse saison &nbsp; Qui n&rsquo;appr\u00e9cie pas de pouvoir camper \u00e0 moindre [&hellip;]<\/p>\n","protected":false},"featured_media":213610,"template":"","meta":{"_acf_changed":false},"product_featured_cat":[],"product_brand":[],"product_cat":[4345],"product_tag":[],"class_list":{"0":"post-213614","1":"product","2":"type-product","3":"status-publish","4":"has-post-thumbnail","6":"product_cat-guides-des-emplacements","8":"first","9":"instock","10":"taxable","11":"shipping-taxable","12":"purchasable","13":"product-type-simple"},"acf":[],"yoast_head":"<!-- This site is optimized with the Yoast SEO plugin v27.4 - https:\/\/yoast.com\/product\/yoast-seo-wordpress\/ -->\n<title>CampingCard ACSI 2025 - Bantam Wankm\u00fcller SA<\/title>\n<meta name=\"robots\" content=\"index, follow, max-snippet:-1, max-image-preview:large, max-video-preview:-1\" \/>\n<link rel=\"canonical\" href=\"https:\/\/shop.bantam.ch\/fr\/produit\/campingcard-acsi-2025\/\" \/>\n<meta property=\"og:locale\" content=\"fr_FR\" \/>\n<meta property=\"og:type\" content=\"article\" \/>\n<meta property=\"og:title\" content=\"CampingCard ACSI 2025 - Bantam Wankm\u00fcller SA\" \/>\n<meta property=\"og:description\" content=\"Camper encore moins cher en basse saison &nbsp; \u00c9conomisez jusqu&rsquo;\u00e0 60% par nuit 3 000 campings participants, inspect\u00e9s chaque ann\u00e9e Enregistrement rapide avec le code QR sur la carte de r\u00e9duction Rentable \u00e0 partir de quatre nuits seulement Nombreuses r\u00e9ductions sur le camping en basse saison &nbsp; Qui n&rsquo;appr\u00e9cie pas de pouvoir camper \u00e0 moindre [&hellip;]\" \/>\n<meta property=\"og:url\" content=\"https:\/\/shop.bantam.ch\/fr\/produit\/campingcard-acsi-2025\/\" \/>\n<meta property=\"og:site_name\" content=\"Bantam Wankm\u00fcller SA\" \/>\n<meta property=\"article:modified_time\" content=\"2026-04-21T21:29:36+00:00\" \/>\n<meta name=\"twitter:card\" content=\"summary_large_image\" \/>\n<meta name=\"twitter:label1\" content=\"Dur\u00e9e de lecture estim\u00e9e\" \/>\n\t<meta name=\"twitter:data1\" content=\"2 minutes\" \/>\n<script type=\"application\/ld+json\" class=\"yoast-schema-graph\">{\"@context\":\"https:\\\/\\\/schema.org\",\"@graph\":[{\"@type\":\"WebPage\",\"@id\":\"https:\\\/\\\/shop.bantam.ch\\\/fr\\\/produit\\\/campingcard-acsi-2025\\\/\",\"url\":\"https:\\\/\\\/shop.bantam.ch\\\/fr\\\/produit\\\/campingcard-acsi-2025\\\/\",\"name\":\"CampingCard ACSI 2025 - Bantam Wankm\u00fcller SA\",\"isPartOf\":{\"@id\":\"https:\\\/\\\/shop.bantam.ch\\\/fr\\\/#website\"},\"primaryImageOfPage\":{\"@id\":\"https:\\\/\\\/shop.bantam.ch\\\/fr\\\/produit\\\/campingcard-acsi-2025\\\/#primaryimage\"},\"image\":{\"@id\":\"https:\\\/\\\/shop.bantam.ch\\\/fr\\\/produit\\\/campingcard-acsi-2025\\\/#primaryimage\"},\"thumbnailUrl\":\"https:\\\/\\\/shop.bantam.ch\\\/wp-content\\\/uploads\\\/2025\\\/03\\\/Movera-L-9962479100.png\",\"datePublished\":\"2025-03-14T14:34:38+00:00\",\"dateModified\":\"2026-04-21T21:29:36+00:00\",\"breadcrumb\":{\"@id\":\"https:\\\/\\\/shop.bantam.ch\\\/fr\\\/produit\\\/campingcard-acsi-2025\\\/#breadcrumb\"},\"inLanguage\":\"fr-FR\",\"potentialAction\":[{\"@type\":\"ReadAction\",\"target\":[\"https:\\\/\\\/shop.bantam.ch\\\/fr\\\/produit\\\/campingcard-acsi-2025\\\/\"]}]},{\"@type\":\"ImageObject\",\"inLanguage\":\"fr-FR\",\"@id\":\"https:\\\/\\\/shop.bantam.ch\\\/fr\\\/produit\\\/campingcard-acsi-2025\\\/#primaryimage\",\"url\":\"https:\\\/\\\/shop.bantam.ch\\\/wp-content\\\/uploads\\\/2025\\\/03\\\/Movera-L-9962479100.png\",\"contentUrl\":\"https:\\\/\\\/shop.bantam.ch\\\/wp-content\\\/uploads\\\/2025\\\/03\\\/Movera-L-9962479100.png\",\"width\":640,\"height\":821},{\"@type\":\"BreadcrumbList\",\"@id\":\"https:\\\/\\\/shop.bantam.ch\\\/fr\\\/produit\\\/campingcard-acsi-2025\\\/#breadcrumb\",\"itemListElement\":[{\"@type\":\"ListItem\",\"position\":1,\"name\":\"Accueil\",\"item\":\"https:\\\/\\\/shop.bantam.ch\\\/fr\\\/\"},{\"@type\":\"ListItem\",\"position\":2,\"name\":\"Boutique\",\"item\":\"https:\\\/\\\/shop.bantam.ch\\\/fr\\\/boutique\\\/\"},{\"@type\":\"ListItem\",\"position\":3,\"name\":\"CampingCard ACSI 2025\"}]},{\"@type\":\"WebSite\",\"@id\":\"https:\\\/\\\/shop.bantam.ch\\\/fr\\\/#website\",\"url\":\"https:\\\/\\\/shop.bantam.ch\\\/fr\\\/\",\"name\":\"Bantam Wankm\u00fcller SA\",\"description\":\"\",\"publisher\":{\"@id\":\"https:\\\/\\\/shop.bantam.ch\\\/fr\\\/#organization\"},\"inLanguage\":\"fr-FR\"},{\"@type\":\"Organization\",\"@id\":\"https:\\\/\\\/shop.bantam.ch\\\/fr\\\/#organization\",\"name\":\"Bantam Wankm\u00fcller SA\",\"url\":\"https:\\\/\\\/shop.bantam.ch\\\/fr\\\/\",\"logo\":{\"@type\":\"ImageObject\",\"inLanguage\":\"fr-FR\",\"@id\":\"https:\\\/\\\/shop.bantam.ch\\\/fr\\\/#\\\/schema\\\/logo\\\/image\\\/\",\"url\":\"https:\\\/\\\/shop.bantam.ch\\\/wp-content\\\/uploads\\\/2022\\\/12\\\/bantam-logo.png\",\"contentUrl\":\"https:\\\/\\\/shop.bantam.ch\\\/wp-content\\\/uploads\\\/2022\\\/12\\\/bantam-logo.png\",\"width\":320,\"height\":71,\"caption\":\"Bantam Wankm\u00fcller SA\"},\"image\":{\"@id\":\"https:\\\/\\\/shop.bantam.ch\\\/fr\\\/#\\\/schema\\\/logo\\\/image\\\/\"}}]}<\/script>\n<!-- \/ Yoast SEO plugin. -->","yoast_head_json":{"title":"CampingCard ACSI 2025 - Bantam Wankm\u00fcller SA","robots":{"index":"index","follow":"follow","max-snippet":"max-snippet:-1","max-image-preview":"max-image-preview:large","max-video-preview":"max-video-preview:-1"},"canonical":"https:\/\/shop.bantam.ch\/fr\/produit\/campingcard-acsi-2025\/","og_locale":"fr_FR","og_type":"article","og_title":"CampingCard ACSI 2025 - Bantam Wankm\u00fcller SA","og_description":"Camper encore moins cher en basse saison &nbsp; \u00c9conomisez jusqu&rsquo;\u00e0 60% par nuit 3 000 campings participants, inspect\u00e9s chaque ann\u00e9e Enregistrement rapide avec le code QR sur la carte de r\u00e9duction Rentable \u00e0 partir de quatre nuits seulement Nombreuses r\u00e9ductions sur le camping en basse saison &nbsp; Qui n&rsquo;appr\u00e9cie pas de pouvoir camper \u00e0 moindre [&hellip;]","og_url":"https:\/\/shop.bantam.ch\/fr\/produit\/campingcard-acsi-2025\/","og_site_name":"Bantam Wankm\u00fcller SA","article_modified_time":"2026-04-21T21:29:36+00:00","twitter_card":"summary_large_image","twitter_misc":{"Dur\u00e9e de lecture estim\u00e9e":"2 minutes"},"schema":{"@context":"https:\/\/schema.org","@graph":[{"@type":"WebPage","@id":"https:\/\/shop.bantam.ch\/fr\/produit\/campingcard-acsi-2025\/","url":"https:\/\/shop.bantam.ch\/fr\/produit\/campingcard-acsi-2025\/","name":"CampingCard ACSI 2025 - Bantam Wankm\u00fcller SA","isPartOf":{"@id":"https:\/\/shop.bantam.ch\/fr\/#website"},"primaryImageOfPage":{"@id":"https:\/\/shop.bantam.ch\/fr\/produit\/campingcard-acsi-2025\/#primaryimage"},"image":{"@id":"https:\/\/shop.bantam.ch\/fr\/produit\/campingcard-acsi-2025\/#primaryimage"},"thumbnailUrl":"https:\/\/shop.bantam.ch\/wp-content\/uploads\/2025\/03\/Movera-L-9962479100.png","datePublished":"2025-03-14T14:34:38+00:00","dateModified":"2026-04-21T21:29:36+00:00","breadcrumb":{"@id":"https:\/\/shop.bantam.ch\/fr\/produit\/campingcard-acsi-2025\/#breadcrumb"},"inLanguage":"fr-FR","potentialAction":[{"@type":"ReadAction","target":["https:\/\/shop.bantam.ch\/fr\/produit\/campingcard-acsi-2025\/"]}]},{"@type":"ImageObject","inLanguage":"fr-FR","@id":"https:\/\/shop.bantam.ch\/fr\/produit\/campingcard-acsi-2025\/#primaryimage","url":"https:\/\/shop.bantam.ch\/wp-content\/uploads\/2025\/03\/Movera-L-9962479100.png","contentUrl":"https:\/\/shop.bantam.ch\/wp-content\/uploads\/2025\/03\/Movera-L-9962479100.png","width":640,"height":821},{"@type":"BreadcrumbList","@id":"https:\/\/shop.bantam.ch\/fr\/produit\/campingcard-acsi-2025\/#breadcrumb","itemListElement":[{"@type":"ListItem","position":1,"name":"Accueil","item":"https:\/\/shop.bantam.ch\/fr\/"},{"@type":"ListItem","position":2,"name":"Boutique","item":"https:\/\/shop.bantam.ch\/fr\/boutique\/"},{"@type":"ListItem","position":3,"name":"CampingCard ACSI 2025"}]},{"@type":"WebSite","@id":"https:\/\/shop.bantam.ch\/fr\/#website","url":"https:\/\/shop.bantam.ch\/fr\/","name":"Bantam Wankm\u00fcller SA","description":"","publisher":{"@id":"https:\/\/shop.bantam.ch\/fr\/#organization"},"inLanguage":"fr-FR"},{"@type":"Organization","@id":"https:\/\/shop.bantam.ch\/fr\/#organization","name":"Bantam Wankm\u00fcller SA","url":"https:\/\/shop.bantam.ch\/fr\/","logo":{"@type":"ImageObject","inLanguage":"fr-FR","@id":"https:\/\/shop.bantam.ch\/fr\/#\/schema\/logo\/image\/","url":"https:\/\/shop.bantam.ch\/wp-content\/uploads\/2022\/12\/bantam-logo.png","contentUrl":"https:\/\/shop.bantam.ch\/wp-content\/uploads\/2022\/12\/bantam-logo.png","width":320,"height":71,"caption":"Bantam Wankm\u00fcller SA"},"image":{"@id":"https:\/\/shop.bantam.ch\/fr\/#\/schema\/logo\/image\/"}}]}},"_links":{"self":[{"href":"https:\/\/shop.bantam.ch\/fr\/wp-json\/wp\/v2\/product\/213614","targetHints":{"allow":["GET"]}}],"collection":[{"href":"https:\/\/shop.bantam.ch\/fr\/wp-json\/wp\/v2\/product"}],"about":[{"href":"https:\/\/shop.bantam.ch\/fr\/wp-json\/wp\/v2\/types\/product"}],"wp:featuredmedia":[{"embeddable":true,"href":"https:\/\/shop.bantam.ch\/fr\/wp-json\/wp\/v2\/media\/213610"}],"wp:attachment":[{"href":"https:\/\/shop.bantam.ch\/fr\/wp-json\/wp\/v2\/media?parent=213614"}],"wp:term":[{"taxonomy":"product_featured_cat","embeddable":true,"href":"https:\/\/shop.bantam.ch\/fr\/wp-json\/wp\/v2\/product_featured_cat?post=213614"},{"taxonomy":"product_brand","embeddable":true,"href":"https:\/\/shop.bantam.ch\/fr\/wp-json\/wp\/v2\/product_brand?post=213614"},{"taxonomy":"product_cat","embeddable":true,"href":"https:\/\/shop.bantam.ch\/fr\/wp-json\/wp\/v2\/product_cat?post=213614"},{"taxonomy":"product_tag","embeddable":true,"href":"https:\/\/shop.bantam.ch\/fr\/wp-json\/wp\/v2\/product_tag?post=213614"}],"curies":[{"name":"wp","href":"https:\/\/api.w.org\/{rel}","templated":true}]}}