{"id":213608,"date":"2025-03-14T15:34:32","date_gmt":"2025-03-14T14:34:32","guid":{"rendered":"https:\/\/shop.bantam.ch\/produit\/round-net-set-schildkrot-2\/"},"modified":"2026-05-11T23:22:41","modified_gmt":"2026-05-11T21:22:41","slug":"round-net-set-schildkrot-2","status":"publish","type":"product","link":"https:\/\/shop.bantam.ch\/fr\/produit\/round-net-set-schildkrot-2\/","title":{"rendered":"Round Net Set SCHILDKR\u00d6T"},"content":{"rendered":"<p>Quels parents ne connaissent pas le probl\u00e8me des valises ou de la voiture pr\u00eates \u00e0 \u00eatre emball\u00e9es et des jouets de sable normalement encombrants qui doivent encore \u00eatre emport\u00e9s en vacances ? Ou alors, il faut aller \u00e0 l&rsquo;aire de jeux et le sac ou la poussette sont d\u00e9j\u00e0 bien charg\u00e9s. Avec ce set 7in1 compact et innovant, Schildkr\u00f6t pr\u00e9sente la solution au format pratique d&rsquo;un sac \u00e0 main. Le set d\u00e9velopp\u00e9 en Allemagne est disponible en deux couleurs (bleu &amp; rouge) et offre une fonctionnalit\u00e9 unique et innovante avec son seau pliable de 3 litres et ses six jouets de sable suppl\u00e9mentaires pour creuser, former, tamiser et r\u00e2tisser.&nbsp;<br \/>\nGr\u00e2ce \u00e0 sa taille compacte (diam\u00e8tre : 22 cm \/ hauteur : 8,6 cm), le set est le compagnon id\u00e9al et se glisse dans presque tous les sacs, valises ou voitures, m\u00eame les plus charg\u00e9es. Un design de produit extr\u00eamement robuste se trouve dans chaque \u00e9l\u00e9ment du set de jouets de sable brevet\u00e9. Tous les composants sont con\u00e7us pour \u00eatre utilis\u00e9s par plusieurs g\u00e9n\u00e9rations d&rsquo;enfants. Les mat\u00e9riaux de haute qualit\u00e9 et biologiquement inoffensifs garantissent une longue dur\u00e9e de vie et un faible impact sur l&rsquo;environnement.&nbsp;<\/p>\n<p>\u00c0 propos de Schildkr\u00f6t : la marque allemande Schildkr\u00f6t, vieille de plus de 100 ans, est consid\u00e9r\u00e9e comme l&rsquo;inventeur de la balle de ping-pong. Aujourd&rsquo;hui, Schildkr\u00f6t propose, outre le tennis de table, une tr\u00e8s vaste collection de sports fun, de sports sur roulettes et de fitness et est consid\u00e9r\u00e9 comme le leader du march\u00e9 dans certains domaines. Le d\u00e9veloppement des produits se fait sans exception en Allemagne. Les sites de production dans le monde entier sont strictement contr\u00f4l\u00e9s et r\u00e9pondent aux normes sociales les plus \u00e9lev\u00e9es.<\/p>\n","protected":false},"excerpt":{"rendered":"<p>Quels parents ne connaissent pas le probl\u00e8me des valises ou de la voiture pr\u00eates \u00e0 \u00eatre emball\u00e9es et des jouets de sable normalement encombrants qui doivent encore \u00eatre emport\u00e9s en vacances ? Ou alors, il faut aller \u00e0 l&rsquo;aire de jeux et le sac ou la poussette sont d\u00e9j\u00e0 bien charg\u00e9s. Avec ce set 7in1 [&hellip;]<\/p>\n","protected":false},"featured_media":213598,"template":"","meta":{"_acf_changed":false},"product_featured_cat":[],"product_brand":[],"product_cat":[4047,4457],"product_tag":[],"class_list":{"0":"post-213608","1":"product","2":"type-product","3":"status-publish","4":"has-post-thumbnail","6":"product_cat-articles-de-plage","7":"product_cat-jouets","9":"first","10":"instock","11":"taxable","12":"shipping-taxable","13":"purchasable","14":"product-type-simple"},"acf":[],"yoast_head":"<!-- This site is optimized with the Yoast SEO plugin v27.5 - https:\/\/yoast.com\/product\/yoast-seo-wordpress\/ -->\n<title>Round Net Set SCHILDKR\u00d6T - Bantam<\/title>\n<meta name=\"robots\" content=\"index, follow, max-snippet:-1, max-image-preview:large, max-video-preview:-1\" \/>\n<link rel=\"canonical\" href=\"https:\/\/shop.bantam.ch\/fr\/produit\/round-net-set-schildkrot-2\/\" \/>\n<meta property=\"og:locale\" content=\"fr_FR\" \/>\n<meta property=\"og:type\" content=\"article\" \/>\n<meta property=\"og:title\" content=\"Round Net Set SCHILDKR\u00d6T - Bantam\" \/>\n<meta property=\"og:description\" content=\"Quels parents ne connaissent pas le probl\u00e8me des valises ou de la voiture pr\u00eates \u00e0 \u00eatre emball\u00e9es et des jouets de sable normalement encombrants qui doivent encore \u00eatre emport\u00e9s en vacances ? Ou alors, il faut aller \u00e0 l&rsquo;aire de jeux et le sac ou la poussette sont d\u00e9j\u00e0 bien charg\u00e9s. Avec ce set 7in1 [&hellip;]\" \/>\n<meta property=\"og:url\" content=\"https:\/\/shop.bantam.ch\/fr\/produit\/round-net-set-schildkrot-2\/\" \/>\n<meta property=\"og:site_name\" content=\"Bantam\" \/>\n<meta property=\"article:modified_time\" content=\"2026-05-11T21:22:41+00:00\" \/>\n<meta name=\"twitter:card\" content=\"summary_large_image\" \/>\n<meta name=\"twitter:label1\" content=\"Dur\u00e9e de lecture estim\u00e9e\" \/>\n\t<meta name=\"twitter:data1\" content=\"2 minutes\" \/>\n<script type=\"application\/ld+json\" class=\"yoast-schema-graph\">{\"@context\":\"https:\\\/\\\/schema.org\",\"@graph\":[{\"@type\":\"WebPage\",\"@id\":\"https:\\\/\\\/shop.bantam.ch\\\/fr\\\/produit\\\/round-net-set-schildkrot-2\\\/\",\"url\":\"https:\\\/\\\/shop.bantam.ch\\\/fr\\\/produit\\\/round-net-set-schildkrot-2\\\/\",\"name\":\"Round Net Set SCHILDKR\u00d6T - Bantam\",\"isPartOf\":{\"@id\":\"https:\\\/\\\/shop.bantam.ch\\\/fr\\\/#website\"},\"primaryImageOfPage\":{\"@id\":\"https:\\\/\\\/shop.bantam.ch\\\/fr\\\/produit\\\/round-net-set-schildkrot-2\\\/#primaryimage\"},\"image\":{\"@id\":\"https:\\\/\\\/shop.bantam.ch\\\/fr\\\/produit\\\/round-net-set-schildkrot-2\\\/#primaryimage\"},\"thumbnailUrl\":\"https:\\\/\\\/shop.bantam.ch\\\/wp-content\\\/uploads\\\/2025\\\/03\\\/Movera-L-9962478100.jpg\",\"datePublished\":\"2025-03-14T14:34:32+00:00\",\"dateModified\":\"2026-05-11T21:22:41+00:00\",\"breadcrumb\":{\"@id\":\"https:\\\/\\\/shop.bantam.ch\\\/fr\\\/produit\\\/round-net-set-schildkrot-2\\\/#breadcrumb\"},\"inLanguage\":\"fr-FR\",\"potentialAction\":[{\"@type\":\"ReadAction\",\"target\":[\"https:\\\/\\\/shop.bantam.ch\\\/fr\\\/produit\\\/round-net-set-schildkrot-2\\\/\"]}]},{\"@type\":\"ImageObject\",\"inLanguage\":\"fr-FR\",\"@id\":\"https:\\\/\\\/shop.bantam.ch\\\/fr\\\/produit\\\/round-net-set-schildkrot-2\\\/#primaryimage\",\"url\":\"https:\\\/\\\/shop.bantam.ch\\\/wp-content\\\/uploads\\\/2025\\\/03\\\/Movera-L-9962478100.jpg\",\"contentUrl\":\"https:\\\/\\\/shop.bantam.ch\\\/wp-content\\\/uploads\\\/2025\\\/03\\\/Movera-L-9962478100.jpg\",\"width\":640,\"height\":853},{\"@type\":\"BreadcrumbList\",\"@id\":\"https:\\\/\\\/shop.bantam.ch\\\/fr\\\/produit\\\/round-net-set-schildkrot-2\\\/#breadcrumb\",\"itemListElement\":[{\"@type\":\"ListItem\",\"position\":1,\"name\":\"Accueil\",\"item\":\"https:\\\/\\\/shop.bantam.ch\\\/fr\\\/\"},{\"@type\":\"ListItem\",\"position\":2,\"name\":\"Boutique\",\"item\":\"https:\\\/\\\/shop.bantam.ch\\\/fr\\\/boutique\\\/\"},{\"@type\":\"ListItem\",\"position\":3,\"name\":\"Round Net Set SCHILDKR\u00d6T\"}]},{\"@type\":\"WebSite\",\"@id\":\"https:\\\/\\\/shop.bantam.ch\\\/fr\\\/#website\",\"url\":\"https:\\\/\\\/shop.bantam.ch\\\/fr\\\/\",\"name\":\"Bantam\",\"description\":\"\",\"publisher\":{\"@id\":\"https:\\\/\\\/shop.bantam.ch\\\/fr\\\/#organization\"},\"inLanguage\":\"fr-FR\"},{\"@type\":\"Organization\",\"@id\":\"https:\\\/\\\/shop.bantam.ch\\\/fr\\\/#organization\",\"name\":\"Bantam\",\"url\":\"https:\\\/\\\/shop.bantam.ch\\\/fr\\\/\",\"logo\":{\"@type\":\"ImageObject\",\"inLanguage\":\"fr-FR\",\"@id\":\"https:\\\/\\\/shop.bantam.ch\\\/fr\\\/#\\\/schema\\\/logo\\\/image\\\/\",\"url\":\"https:\\\/\\\/shop.bantam.ch\\\/wp-content\\\/uploads\\\/2022\\\/12\\\/bantam-logo.png\",\"contentUrl\":\"https:\\\/\\\/shop.bantam.ch\\\/wp-content\\\/uploads\\\/2022\\\/12\\\/bantam-logo.png\",\"width\":320,\"height\":71,\"caption\":\"Bantam\"},\"image\":{\"@id\":\"https:\\\/\\\/shop.bantam.ch\\\/fr\\\/#\\\/schema\\\/logo\\\/image\\\/\"}}]}<\/script>\n<!-- \/ Yoast SEO plugin. -->","yoast_head_json":{"title":"Round Net Set SCHILDKR\u00d6T - Bantam","robots":{"index":"index","follow":"follow","max-snippet":"max-snippet:-1","max-image-preview":"max-image-preview:large","max-video-preview":"max-video-preview:-1"},"canonical":"https:\/\/shop.bantam.ch\/fr\/produit\/round-net-set-schildkrot-2\/","og_locale":"fr_FR","og_type":"article","og_title":"Round Net Set SCHILDKR\u00d6T - Bantam","og_description":"Quels parents ne connaissent pas le probl\u00e8me des valises ou de la voiture pr\u00eates \u00e0 \u00eatre emball\u00e9es et des jouets de sable normalement encombrants qui doivent encore \u00eatre emport\u00e9s en vacances ? Ou alors, il faut aller \u00e0 l&rsquo;aire de jeux et le sac ou la poussette sont d\u00e9j\u00e0 bien charg\u00e9s. Avec ce set 7in1 [&hellip;]","og_url":"https:\/\/shop.bantam.ch\/fr\/produit\/round-net-set-schildkrot-2\/","og_site_name":"Bantam","article_modified_time":"2026-05-11T21:22:41+00:00","twitter_card":"summary_large_image","twitter_misc":{"Dur\u00e9e de lecture estim\u00e9e":"2 minutes"},"schema":{"@context":"https:\/\/schema.org","@graph":[{"@type":"WebPage","@id":"https:\/\/shop.bantam.ch\/fr\/produit\/round-net-set-schildkrot-2\/","url":"https:\/\/shop.bantam.ch\/fr\/produit\/round-net-set-schildkrot-2\/","name":"Round Net Set SCHILDKR\u00d6T - Bantam","isPartOf":{"@id":"https:\/\/shop.bantam.ch\/fr\/#website"},"primaryImageOfPage":{"@id":"https:\/\/shop.bantam.ch\/fr\/produit\/round-net-set-schildkrot-2\/#primaryimage"},"image":{"@id":"https:\/\/shop.bantam.ch\/fr\/produit\/round-net-set-schildkrot-2\/#primaryimage"},"thumbnailUrl":"https:\/\/shop.bantam.ch\/wp-content\/uploads\/2025\/03\/Movera-L-9962478100.jpg","datePublished":"2025-03-14T14:34:32+00:00","dateModified":"2026-05-11T21:22:41+00:00","breadcrumb":{"@id":"https:\/\/shop.bantam.ch\/fr\/produit\/round-net-set-schildkrot-2\/#breadcrumb"},"inLanguage":"fr-FR","potentialAction":[{"@type":"ReadAction","target":["https:\/\/shop.bantam.ch\/fr\/produit\/round-net-set-schildkrot-2\/"]}]},{"@type":"ImageObject","inLanguage":"fr-FR","@id":"https:\/\/shop.bantam.ch\/fr\/produit\/round-net-set-schildkrot-2\/#primaryimage","url":"https:\/\/shop.bantam.ch\/wp-content\/uploads\/2025\/03\/Movera-L-9962478100.jpg","contentUrl":"https:\/\/shop.bantam.ch\/wp-content\/uploads\/2025\/03\/Movera-L-9962478100.jpg","width":640,"height":853},{"@type":"BreadcrumbList","@id":"https:\/\/shop.bantam.ch\/fr\/produit\/round-net-set-schildkrot-2\/#breadcrumb","itemListElement":[{"@type":"ListItem","position":1,"name":"Accueil","item":"https:\/\/shop.bantam.ch\/fr\/"},{"@type":"ListItem","position":2,"name":"Boutique","item":"https:\/\/shop.bantam.ch\/fr\/boutique\/"},{"@type":"ListItem","position":3,"name":"Round Net Set SCHILDKR\u00d6T"}]},{"@type":"WebSite","@id":"https:\/\/shop.bantam.ch\/fr\/#website","url":"https:\/\/shop.bantam.ch\/fr\/","name":"Bantam","description":"","publisher":{"@id":"https:\/\/shop.bantam.ch\/fr\/#organization"},"inLanguage":"fr-FR"},{"@type":"Organization","@id":"https:\/\/shop.bantam.ch\/fr\/#organization","name":"Bantam","url":"https:\/\/shop.bantam.ch\/fr\/","logo":{"@type":"ImageObject","inLanguage":"fr-FR","@id":"https:\/\/shop.bantam.ch\/fr\/#\/schema\/logo\/image\/","url":"https:\/\/shop.bantam.ch\/wp-content\/uploads\/2022\/12\/bantam-logo.png","contentUrl":"https:\/\/shop.bantam.ch\/wp-content\/uploads\/2022\/12\/bantam-logo.png","width":320,"height":71,"caption":"Bantam"},"image":{"@id":"https:\/\/shop.bantam.ch\/fr\/#\/schema\/logo\/image\/"}}]}},"_links":{"self":[{"href":"https:\/\/shop.bantam.ch\/fr\/wp-json\/wp\/v2\/product\/213608","targetHints":{"allow":["GET"]}}],"collection":[{"href":"https:\/\/shop.bantam.ch\/fr\/wp-json\/wp\/v2\/product"}],"about":[{"href":"https:\/\/shop.bantam.ch\/fr\/wp-json\/wp\/v2\/types\/product"}],"wp:featuredmedia":[{"embeddable":true,"href":"https:\/\/shop.bantam.ch\/fr\/wp-json\/wp\/v2\/media\/213598"}],"wp:attachment":[{"href":"https:\/\/shop.bantam.ch\/fr\/wp-json\/wp\/v2\/media?parent=213608"}],"wp:term":[{"taxonomy":"product_featured_cat","embeddable":true,"href":"https:\/\/shop.bantam.ch\/fr\/wp-json\/wp\/v2\/product_featured_cat?post=213608"},{"taxonomy":"product_brand","embeddable":true,"href":"https:\/\/shop.bantam.ch\/fr\/wp-json\/wp\/v2\/product_brand?post=213608"},{"taxonomy":"product_cat","embeddable":true,"href":"https:\/\/shop.bantam.ch\/fr\/wp-json\/wp\/v2\/product_cat?post=213608"},{"taxonomy":"product_tag","embeddable":true,"href":"https:\/\/shop.bantam.ch\/fr\/wp-json\/wp\/v2\/product_tag?post=213608"}],"curies":[{"name":"wp","href":"https:\/\/api.w.org\/{rel}","templated":true}]}}