{"id":213482,"date":"2025-03-14T15:31:25","date_gmt":"2025-03-14T14:31:25","guid":{"rendered":"https:\/\/shop.bantam.ch\/produit\/faltstuhl-uquip-rocky-2-0-fb-boulder\/"},"modified":"2026-05-03T23:22:23","modified_gmt":"2026-05-03T21:22:23","slug":"faltstuhl-uquip-rocky-2-0-fb-boulder","status":"publish","type":"product","link":"https:\/\/shop.bantam.ch\/fr\/produit\/faltstuhl-uquip-rocky-2-0-fb-boulder\/","title":{"rendered":"Faltstuhl uquip ROCKY 2.0 Fb. boulder"},"content":{"rendered":"<p>ROCKY 2.0 est une chaise pliante particuli\u00e8rement confortable pour se balancer. La version 2.0 offre une stabilit\u00e9 optimis\u00e9e et une fonction de s\u00e9curit\u00e9 am\u00e9lior\u00e9e. La position assise peut d\u00e9sormais \u00eatre r\u00e9gl\u00e9e individuellement et le porte-bouteille peut \u00eatre fix\u00e9 des deux c\u00f4t\u00e9s. Une deuxi\u00e8me poche offre un espace de rangement suppl\u00e9mentaire. Les pieds larges emp\u00eachent de s&rsquo;enfoncer dans un sol mou, l&rsquo;armature solide en acier et le polyester Rip-Stop de haute qualit\u00e9 permettent de supporter une charge \u00e9lev\u00e9e de 120 kg.<\/p>\n<p>Mat\u00e9riau :<br \/>\nHousse 100 % polyester<br \/>\nStructure en acier<\/p>\n","protected":false},"excerpt":{"rendered":"<p>ROCKY 2.0 est une chaise pliante particuli\u00e8rement confortable pour se balancer. La version 2.0 offre une stabilit\u00e9 optimis\u00e9e et une fonction de s\u00e9curit\u00e9 am\u00e9lior\u00e9e. La position assise peut d\u00e9sormais \u00eatre r\u00e9gl\u00e9e individuellement et le porte-bouteille peut \u00eatre fix\u00e9 des deux c\u00f4t\u00e9s. Une deuxi\u00e8me poche offre un espace de rangement suppl\u00e9mentaire. Les pieds larges emp\u00eachent de [&hellip;]<\/p>\n","protected":false},"featured_media":213472,"template":"","meta":{"_acf_changed":false},"product_featured_cat":[],"product_brand":[],"product_cat":[4971],"product_tag":[],"class_list":{"0":"post-213482","1":"product","2":"type-product","3":"status-publish","4":"has-post-thumbnail","6":"product_cat-chaises-de-camping","8":"first","9":"instock","10":"taxable","11":"shipping-taxable","12":"purchasable","13":"product-type-simple"},"acf":[],"yoast_head":"<!-- This site is optimized with the Yoast SEO plugin v27.5 - https:\/\/yoast.com\/product\/yoast-seo-wordpress\/ -->\n<title>Faltstuhl uquip ROCKY 2.0 Fb. boulder - Bantam<\/title>\n<meta name=\"robots\" content=\"index, follow, max-snippet:-1, max-image-preview:large, max-video-preview:-1\" \/>\n<link rel=\"canonical\" href=\"https:\/\/shop.bantam.ch\/fr\/produit\/faltstuhl-uquip-rocky-2-0-fb-boulder\/\" \/>\n<meta property=\"og:locale\" content=\"fr_FR\" \/>\n<meta property=\"og:type\" content=\"article\" \/>\n<meta property=\"og:title\" content=\"Faltstuhl uquip ROCKY 2.0 Fb. boulder - Bantam\" \/>\n<meta property=\"og:description\" content=\"ROCKY 2.0 est une chaise pliante particuli\u00e8rement confortable pour se balancer. La version 2.0 offre une stabilit\u00e9 optimis\u00e9e et une fonction de s\u00e9curit\u00e9 am\u00e9lior\u00e9e. La position assise peut d\u00e9sormais \u00eatre r\u00e9gl\u00e9e individuellement et le porte-bouteille peut \u00eatre fix\u00e9 des deux c\u00f4t\u00e9s. Une deuxi\u00e8me poche offre un espace de rangement suppl\u00e9mentaire. Les pieds larges emp\u00eachent de [&hellip;]\" \/>\n<meta property=\"og:url\" content=\"https:\/\/shop.bantam.ch\/fr\/produit\/faltstuhl-uquip-rocky-2-0-fb-boulder\/\" \/>\n<meta property=\"og:site_name\" content=\"Bantam\" \/>\n<meta property=\"article:modified_time\" content=\"2026-05-03T21:22:23+00:00\" \/>\n<meta name=\"twitter:card\" content=\"summary_large_image\" \/>\n<script type=\"application\/ld+json\" class=\"yoast-schema-graph\">{\"@context\":\"https:\\\/\\\/schema.org\",\"@graph\":[{\"@type\":\"WebPage\",\"@id\":\"https:\\\/\\\/shop.bantam.ch\\\/fr\\\/produit\\\/faltstuhl-uquip-rocky-2-0-fb-boulder\\\/\",\"url\":\"https:\\\/\\\/shop.bantam.ch\\\/fr\\\/produit\\\/faltstuhl-uquip-rocky-2-0-fb-boulder\\\/\",\"name\":\"Faltstuhl uquip ROCKY 2.0 Fb. boulder - Bantam\",\"isPartOf\":{\"@id\":\"https:\\\/\\\/shop.bantam.ch\\\/fr\\\/#website\"},\"primaryImageOfPage\":{\"@id\":\"https:\\\/\\\/shop.bantam.ch\\\/fr\\\/produit\\\/faltstuhl-uquip-rocky-2-0-fb-boulder\\\/#primaryimage\"},\"image\":{\"@id\":\"https:\\\/\\\/shop.bantam.ch\\\/fr\\\/produit\\\/faltstuhl-uquip-rocky-2-0-fb-boulder\\\/#primaryimage\"},\"thumbnailUrl\":\"https:\\\/\\\/shop.bantam.ch\\\/wp-content\\\/uploads\\\/2025\\\/03\\\/Movera-L-9966038100.jpg\",\"datePublished\":\"2025-03-14T14:31:25+00:00\",\"dateModified\":\"2026-05-03T21:22:23+00:00\",\"breadcrumb\":{\"@id\":\"https:\\\/\\\/shop.bantam.ch\\\/fr\\\/produit\\\/faltstuhl-uquip-rocky-2-0-fb-boulder\\\/#breadcrumb\"},\"inLanguage\":\"fr-FR\",\"potentialAction\":[{\"@type\":\"ReadAction\",\"target\":[\"https:\\\/\\\/shop.bantam.ch\\\/fr\\\/produit\\\/faltstuhl-uquip-rocky-2-0-fb-boulder\\\/\"]}]},{\"@type\":\"ImageObject\",\"inLanguage\":\"fr-FR\",\"@id\":\"https:\\\/\\\/shop.bantam.ch\\\/fr\\\/produit\\\/faltstuhl-uquip-rocky-2-0-fb-boulder\\\/#primaryimage\",\"url\":\"https:\\\/\\\/shop.bantam.ch\\\/wp-content\\\/uploads\\\/2025\\\/03\\\/Movera-L-9966038100.jpg\",\"contentUrl\":\"https:\\\/\\\/shop.bantam.ch\\\/wp-content\\\/uploads\\\/2025\\\/03\\\/Movera-L-9966038100.jpg\",\"width\":640,\"height\":768},{\"@type\":\"BreadcrumbList\",\"@id\":\"https:\\\/\\\/shop.bantam.ch\\\/fr\\\/produit\\\/faltstuhl-uquip-rocky-2-0-fb-boulder\\\/#breadcrumb\",\"itemListElement\":[{\"@type\":\"ListItem\",\"position\":1,\"name\":\"Accueil\",\"item\":\"https:\\\/\\\/shop.bantam.ch\\\/fr\\\/\"},{\"@type\":\"ListItem\",\"position\":2,\"name\":\"Boutique\",\"item\":\"https:\\\/\\\/shop.bantam.ch\\\/fr\\\/boutique\\\/\"},{\"@type\":\"ListItem\",\"position\":3,\"name\":\"Faltstuhl uquip ROCKY 2.0 Fb. boulder\"}]},{\"@type\":\"WebSite\",\"@id\":\"https:\\\/\\\/shop.bantam.ch\\\/fr\\\/#website\",\"url\":\"https:\\\/\\\/shop.bantam.ch\\\/fr\\\/\",\"name\":\"Bantam\",\"description\":\"\",\"publisher\":{\"@id\":\"https:\\\/\\\/shop.bantam.ch\\\/fr\\\/#organization\"},\"inLanguage\":\"fr-FR\"},{\"@type\":\"Organization\",\"@id\":\"https:\\\/\\\/shop.bantam.ch\\\/fr\\\/#organization\",\"name\":\"Bantam\",\"url\":\"https:\\\/\\\/shop.bantam.ch\\\/fr\\\/\",\"logo\":{\"@type\":\"ImageObject\",\"inLanguage\":\"fr-FR\",\"@id\":\"https:\\\/\\\/shop.bantam.ch\\\/fr\\\/#\\\/schema\\\/logo\\\/image\\\/\",\"url\":\"https:\\\/\\\/shop.bantam.ch\\\/wp-content\\\/uploads\\\/2022\\\/12\\\/bantam-logo.png\",\"contentUrl\":\"https:\\\/\\\/shop.bantam.ch\\\/wp-content\\\/uploads\\\/2022\\\/12\\\/bantam-logo.png\",\"width\":320,\"height\":71,\"caption\":\"Bantam\"},\"image\":{\"@id\":\"https:\\\/\\\/shop.bantam.ch\\\/fr\\\/#\\\/schema\\\/logo\\\/image\\\/\"}}]}<\/script>\n<!-- \/ Yoast SEO plugin. -->","yoast_head_json":{"title":"Faltstuhl uquip ROCKY 2.0 Fb. boulder - Bantam","robots":{"index":"index","follow":"follow","max-snippet":"max-snippet:-1","max-image-preview":"max-image-preview:large","max-video-preview":"max-video-preview:-1"},"canonical":"https:\/\/shop.bantam.ch\/fr\/produit\/faltstuhl-uquip-rocky-2-0-fb-boulder\/","og_locale":"fr_FR","og_type":"article","og_title":"Faltstuhl uquip ROCKY 2.0 Fb. boulder - Bantam","og_description":"ROCKY 2.0 est une chaise pliante particuli\u00e8rement confortable pour se balancer. La version 2.0 offre une stabilit\u00e9 optimis\u00e9e et une fonction de s\u00e9curit\u00e9 am\u00e9lior\u00e9e. La position assise peut d\u00e9sormais \u00eatre r\u00e9gl\u00e9e individuellement et le porte-bouteille peut \u00eatre fix\u00e9 des deux c\u00f4t\u00e9s. Une deuxi\u00e8me poche offre un espace de rangement suppl\u00e9mentaire. Les pieds larges emp\u00eachent de [&hellip;]","og_url":"https:\/\/shop.bantam.ch\/fr\/produit\/faltstuhl-uquip-rocky-2-0-fb-boulder\/","og_site_name":"Bantam","article_modified_time":"2026-05-03T21:22:23+00:00","twitter_card":"summary_large_image","schema":{"@context":"https:\/\/schema.org","@graph":[{"@type":"WebPage","@id":"https:\/\/shop.bantam.ch\/fr\/produit\/faltstuhl-uquip-rocky-2-0-fb-boulder\/","url":"https:\/\/shop.bantam.ch\/fr\/produit\/faltstuhl-uquip-rocky-2-0-fb-boulder\/","name":"Faltstuhl uquip ROCKY 2.0 Fb. boulder - Bantam","isPartOf":{"@id":"https:\/\/shop.bantam.ch\/fr\/#website"},"primaryImageOfPage":{"@id":"https:\/\/shop.bantam.ch\/fr\/produit\/faltstuhl-uquip-rocky-2-0-fb-boulder\/#primaryimage"},"image":{"@id":"https:\/\/shop.bantam.ch\/fr\/produit\/faltstuhl-uquip-rocky-2-0-fb-boulder\/#primaryimage"},"thumbnailUrl":"https:\/\/shop.bantam.ch\/wp-content\/uploads\/2025\/03\/Movera-L-9966038100.jpg","datePublished":"2025-03-14T14:31:25+00:00","dateModified":"2026-05-03T21:22:23+00:00","breadcrumb":{"@id":"https:\/\/shop.bantam.ch\/fr\/produit\/faltstuhl-uquip-rocky-2-0-fb-boulder\/#breadcrumb"},"inLanguage":"fr-FR","potentialAction":[{"@type":"ReadAction","target":["https:\/\/shop.bantam.ch\/fr\/produit\/faltstuhl-uquip-rocky-2-0-fb-boulder\/"]}]},{"@type":"ImageObject","inLanguage":"fr-FR","@id":"https:\/\/shop.bantam.ch\/fr\/produit\/faltstuhl-uquip-rocky-2-0-fb-boulder\/#primaryimage","url":"https:\/\/shop.bantam.ch\/wp-content\/uploads\/2025\/03\/Movera-L-9966038100.jpg","contentUrl":"https:\/\/shop.bantam.ch\/wp-content\/uploads\/2025\/03\/Movera-L-9966038100.jpg","width":640,"height":768},{"@type":"BreadcrumbList","@id":"https:\/\/shop.bantam.ch\/fr\/produit\/faltstuhl-uquip-rocky-2-0-fb-boulder\/#breadcrumb","itemListElement":[{"@type":"ListItem","position":1,"name":"Accueil","item":"https:\/\/shop.bantam.ch\/fr\/"},{"@type":"ListItem","position":2,"name":"Boutique","item":"https:\/\/shop.bantam.ch\/fr\/boutique\/"},{"@type":"ListItem","position":3,"name":"Faltstuhl uquip ROCKY 2.0 Fb. boulder"}]},{"@type":"WebSite","@id":"https:\/\/shop.bantam.ch\/fr\/#website","url":"https:\/\/shop.bantam.ch\/fr\/","name":"Bantam","description":"","publisher":{"@id":"https:\/\/shop.bantam.ch\/fr\/#organization"},"inLanguage":"fr-FR"},{"@type":"Organization","@id":"https:\/\/shop.bantam.ch\/fr\/#organization","name":"Bantam","url":"https:\/\/shop.bantam.ch\/fr\/","logo":{"@type":"ImageObject","inLanguage":"fr-FR","@id":"https:\/\/shop.bantam.ch\/fr\/#\/schema\/logo\/image\/","url":"https:\/\/shop.bantam.ch\/wp-content\/uploads\/2022\/12\/bantam-logo.png","contentUrl":"https:\/\/shop.bantam.ch\/wp-content\/uploads\/2022\/12\/bantam-logo.png","width":320,"height":71,"caption":"Bantam"},"image":{"@id":"https:\/\/shop.bantam.ch\/fr\/#\/schema\/logo\/image\/"}}]}},"_links":{"self":[{"href":"https:\/\/shop.bantam.ch\/fr\/wp-json\/wp\/v2\/product\/213482","targetHints":{"allow":["GET"]}}],"collection":[{"href":"https:\/\/shop.bantam.ch\/fr\/wp-json\/wp\/v2\/product"}],"about":[{"href":"https:\/\/shop.bantam.ch\/fr\/wp-json\/wp\/v2\/types\/product"}],"wp:featuredmedia":[{"embeddable":true,"href":"https:\/\/shop.bantam.ch\/fr\/wp-json\/wp\/v2\/media\/213472"}],"wp:attachment":[{"href":"https:\/\/shop.bantam.ch\/fr\/wp-json\/wp\/v2\/media?parent=213482"}],"wp:term":[{"taxonomy":"product_featured_cat","embeddable":true,"href":"https:\/\/shop.bantam.ch\/fr\/wp-json\/wp\/v2\/product_featured_cat?post=213482"},{"taxonomy":"product_brand","embeddable":true,"href":"https:\/\/shop.bantam.ch\/fr\/wp-json\/wp\/v2\/product_brand?post=213482"},{"taxonomy":"product_cat","embeddable":true,"href":"https:\/\/shop.bantam.ch\/fr\/wp-json\/wp\/v2\/product_cat?post=213482"},{"taxonomy":"product_tag","embeddable":true,"href":"https:\/\/shop.bantam.ch\/fr\/wp-json\/wp\/v2\/product_tag?post=213482"}],"curies":[{"name":"wp","href":"https:\/\/api.w.org\/{rel}","templated":true}]}}