{"id":213343,"date":"2025-03-14T15:28:48","date_gmt":"2025-03-14T14:28:48","guid":{"rendered":"https:\/\/shop.bantam.ch\/produit\/systeme-satellite-onelight-60-pl\/"},"modified":"2026-04-18T01:51:07","modified_gmt":"2026-04-17T23:51:07","slug":"systeme-satellite-onelight-60-pl","status":"publish","type":"product","link":"https:\/\/shop.bantam.ch\/fr\/produit\/systeme-satellite-onelight-60-pl\/","title":{"rendered":"Syst\u00e8me satellite ONELIGHT 60 PL"},"content":{"rendered":"<p>Les Onelight HD enti\u00e8rement automatiques offrent un excellent rapport qualit\u00e9-prix et s\u00e9duisent par leur design moderne. Avec leur faible encombrement et leur poids r\u00e9duit, elles sont particuli\u00e8rement pratiques. Elles se distinguent par une faible consommation d&rsquo;\u00e9nergie, un alignement rapide et une bonne port\u00e9e de r\u00e9ception. La variante de mod\u00e8le Onelight 60 HD est en outre \u00e9quip\u00e9e d&rsquo;un miroir en platine tamis\u00e9. LTEasy &#8211; Antenne LTE int\u00e9gr\u00e9e dans la travers\u00e9e de toit. ALDEN a d\u00e9velopp\u00e9 le syst\u00e8me LTE-Ready LTEasy pour les camping-cars et les caravanes afin de garantir, outre une r\u00e9ception satellite parfaite, une connexion mobile fiable. Il est id\u00e9al pour utiliser l&rsquo;ensemble des fonctions des t\u00e9l\u00e9viseurs intelligents ALDEN.<\/p>\n<ul>\n<li>Prix &#8211; performance : TOP !&nbsp;<\/li>\n<li>Facile \u00e0 utiliser&nbsp;<\/li>\n<li>Poids plume<\/li>\n<li>De s\u00e9rie avec LTEasy<\/li>\n<\/ul>\n","protected":false},"excerpt":{"rendered":"<p>Les Onelight HD enti\u00e8rement automatiques offrent un excellent rapport qualit\u00e9-prix et s\u00e9duisent par leur design moderne. Avec leur faible encombrement et leur poids r\u00e9duit, elles sont particuli\u00e8rement pratiques. Elles se distinguent par une faible consommation d&rsquo;\u00e9nergie, un alignement rapide et une bonne port\u00e9e de r\u00e9ception. La variante de mod\u00e8le Onelight 60 HD est en outre [&hellip;]<\/p>\n","protected":false},"featured_media":213333,"template":"","meta":{"_acf_changed":false},"product_featured_cat":[],"product_brand":[],"product_cat":[4529],"product_tag":[],"class_list":{"0":"post-213343","1":"product","2":"type-product","3":"status-publish","4":"has-post-thumbnail","6":"product_cat-systemes-complets-de-satellites-et-televiseurs","8":"first","9":"instock","10":"taxable","11":"shipping-taxable","12":"purchasable","13":"product-type-variable"},"acf":[],"yoast_head":"<!-- This site is optimized with the Yoast SEO plugin v27.4 - https:\/\/yoast.com\/product\/yoast-seo-wordpress\/ -->\n<title>Syst\u00e8me satellite ONELIGHT 60 PL - Bantam Wankm\u00fcller SA<\/title>\n<meta name=\"robots\" content=\"index, follow, max-snippet:-1, max-image-preview:large, max-video-preview:-1\" \/>\n<link rel=\"canonical\" href=\"https:\/\/shop.bantam.ch\/fr\/produit\/systeme-satellite-onelight-60-pl\/\" \/>\n<meta property=\"og:locale\" content=\"fr_FR\" \/>\n<meta property=\"og:type\" content=\"article\" \/>\n<meta property=\"og:title\" content=\"Syst\u00e8me satellite ONELIGHT 60 PL - Bantam Wankm\u00fcller SA\" \/>\n<meta property=\"og:description\" content=\"Les Onelight HD enti\u00e8rement automatiques offrent un excellent rapport qualit\u00e9-prix et s\u00e9duisent par leur design moderne. Avec leur faible encombrement et leur poids r\u00e9duit, elles sont particuli\u00e8rement pratiques. Elles se distinguent par une faible consommation d&rsquo;\u00e9nergie, un alignement rapide et une bonne port\u00e9e de r\u00e9ception. La variante de mod\u00e8le Onelight 60 HD est en outre [&hellip;]\" \/>\n<meta property=\"og:url\" content=\"https:\/\/shop.bantam.ch\/fr\/produit\/systeme-satellite-onelight-60-pl\/\" \/>\n<meta property=\"og:site_name\" content=\"Bantam Wankm\u00fcller SA\" \/>\n<meta property=\"article:modified_time\" content=\"2026-04-17T23:51:07+00:00\" \/>\n<meta name=\"twitter:card\" content=\"summary_large_image\" \/>\n<meta name=\"twitter:label1\" content=\"Dur\u00e9e de lecture estim\u00e9e\" \/>\n\t<meta name=\"twitter:data1\" content=\"1 minute\" \/>\n<script type=\"application\/ld+json\" class=\"yoast-schema-graph\">{\"@context\":\"https:\\\/\\\/schema.org\",\"@graph\":[{\"@type\":\"WebPage\",\"@id\":\"https:\\\/\\\/shop.bantam.ch\\\/fr\\\/produit\\\/systeme-satellite-onelight-60-pl\\\/\",\"url\":\"https:\\\/\\\/shop.bantam.ch\\\/fr\\\/produit\\\/systeme-satellite-onelight-60-pl\\\/\",\"name\":\"Syst\u00e8me satellite ONELIGHT 60 PL - Bantam Wankm\u00fcller SA\",\"isPartOf\":{\"@id\":\"https:\\\/\\\/shop.bantam.ch\\\/fr\\\/#website\"},\"primaryImageOfPage\":{\"@id\":\"https:\\\/\\\/shop.bantam.ch\\\/fr\\\/produit\\\/systeme-satellite-onelight-60-pl\\\/#primaryimage\"},\"image\":{\"@id\":\"https:\\\/\\\/shop.bantam.ch\\\/fr\\\/produit\\\/systeme-satellite-onelight-60-pl\\\/#primaryimage\"},\"thumbnailUrl\":\"https:\\\/\\\/shop.bantam.ch\\\/wp-content\\\/uploads\\\/2025\\\/03\\\/Movera-L-0107179100.png\",\"datePublished\":\"2025-03-14T14:28:48+00:00\",\"dateModified\":\"2026-04-17T23:51:07+00:00\",\"breadcrumb\":{\"@id\":\"https:\\\/\\\/shop.bantam.ch\\\/fr\\\/produit\\\/systeme-satellite-onelight-60-pl\\\/#breadcrumb\"},\"inLanguage\":\"fr-FR\",\"potentialAction\":[{\"@type\":\"ReadAction\",\"target\":[\"https:\\\/\\\/shop.bantam.ch\\\/fr\\\/produit\\\/systeme-satellite-onelight-60-pl\\\/\"]}]},{\"@type\":\"ImageObject\",\"inLanguage\":\"fr-FR\",\"@id\":\"https:\\\/\\\/shop.bantam.ch\\\/fr\\\/produit\\\/systeme-satellite-onelight-60-pl\\\/#primaryimage\",\"url\":\"https:\\\/\\\/shop.bantam.ch\\\/wp-content\\\/uploads\\\/2025\\\/03\\\/Movera-L-0107179100.png\",\"contentUrl\":\"https:\\\/\\\/shop.bantam.ch\\\/wp-content\\\/uploads\\\/2025\\\/03\\\/Movera-L-0107179100.png\",\"width\":640,\"height\":640},{\"@type\":\"BreadcrumbList\",\"@id\":\"https:\\\/\\\/shop.bantam.ch\\\/fr\\\/produit\\\/systeme-satellite-onelight-60-pl\\\/#breadcrumb\",\"itemListElement\":[{\"@type\":\"ListItem\",\"position\":1,\"name\":\"Accueil\",\"item\":\"https:\\\/\\\/shop.bantam.ch\\\/fr\\\/\"},{\"@type\":\"ListItem\",\"position\":2,\"name\":\"Boutique\",\"item\":\"https:\\\/\\\/shop.bantam.ch\\\/fr\\\/boutique\\\/\"},{\"@type\":\"ListItem\",\"position\":3,\"name\":\"Syst\u00e8me satellite ONELIGHT 60 PL\"}]},{\"@type\":\"WebSite\",\"@id\":\"https:\\\/\\\/shop.bantam.ch\\\/fr\\\/#website\",\"url\":\"https:\\\/\\\/shop.bantam.ch\\\/fr\\\/\",\"name\":\"Bantam Wankm\u00fcller SA\",\"description\":\"\",\"publisher\":{\"@id\":\"https:\\\/\\\/shop.bantam.ch\\\/fr\\\/#organization\"},\"inLanguage\":\"fr-FR\"},{\"@type\":\"Organization\",\"@id\":\"https:\\\/\\\/shop.bantam.ch\\\/fr\\\/#organization\",\"name\":\"Bantam Wankm\u00fcller SA\",\"url\":\"https:\\\/\\\/shop.bantam.ch\\\/fr\\\/\",\"logo\":{\"@type\":\"ImageObject\",\"inLanguage\":\"fr-FR\",\"@id\":\"https:\\\/\\\/shop.bantam.ch\\\/fr\\\/#\\\/schema\\\/logo\\\/image\\\/\",\"url\":\"https:\\\/\\\/shop.bantam.ch\\\/wp-content\\\/uploads\\\/2022\\\/12\\\/bantam-logo.png\",\"contentUrl\":\"https:\\\/\\\/shop.bantam.ch\\\/wp-content\\\/uploads\\\/2022\\\/12\\\/bantam-logo.png\",\"width\":320,\"height\":71,\"caption\":\"Bantam Wankm\u00fcller SA\"},\"image\":{\"@id\":\"https:\\\/\\\/shop.bantam.ch\\\/fr\\\/#\\\/schema\\\/logo\\\/image\\\/\"}}]}<\/script>\n<!-- \/ Yoast SEO plugin. -->","yoast_head_json":{"title":"Syst\u00e8me satellite ONELIGHT 60 PL - Bantam Wankm\u00fcller SA","robots":{"index":"index","follow":"follow","max-snippet":"max-snippet:-1","max-image-preview":"max-image-preview:large","max-video-preview":"max-video-preview:-1"},"canonical":"https:\/\/shop.bantam.ch\/fr\/produit\/systeme-satellite-onelight-60-pl\/","og_locale":"fr_FR","og_type":"article","og_title":"Syst\u00e8me satellite ONELIGHT 60 PL - Bantam Wankm\u00fcller SA","og_description":"Les Onelight HD enti\u00e8rement automatiques offrent un excellent rapport qualit\u00e9-prix et s\u00e9duisent par leur design moderne. Avec leur faible encombrement et leur poids r\u00e9duit, elles sont particuli\u00e8rement pratiques. Elles se distinguent par une faible consommation d&rsquo;\u00e9nergie, un alignement rapide et une bonne port\u00e9e de r\u00e9ception. La variante de mod\u00e8le Onelight 60 HD est en outre [&hellip;]","og_url":"https:\/\/shop.bantam.ch\/fr\/produit\/systeme-satellite-onelight-60-pl\/","og_site_name":"Bantam Wankm\u00fcller SA","article_modified_time":"2026-04-17T23:51:07+00:00","twitter_card":"summary_large_image","twitter_misc":{"Dur\u00e9e de lecture estim\u00e9e":"1 minute"},"schema":{"@context":"https:\/\/schema.org","@graph":[{"@type":"WebPage","@id":"https:\/\/shop.bantam.ch\/fr\/produit\/systeme-satellite-onelight-60-pl\/","url":"https:\/\/shop.bantam.ch\/fr\/produit\/systeme-satellite-onelight-60-pl\/","name":"Syst\u00e8me satellite ONELIGHT 60 PL - Bantam Wankm\u00fcller SA","isPartOf":{"@id":"https:\/\/shop.bantam.ch\/fr\/#website"},"primaryImageOfPage":{"@id":"https:\/\/shop.bantam.ch\/fr\/produit\/systeme-satellite-onelight-60-pl\/#primaryimage"},"image":{"@id":"https:\/\/shop.bantam.ch\/fr\/produit\/systeme-satellite-onelight-60-pl\/#primaryimage"},"thumbnailUrl":"https:\/\/shop.bantam.ch\/wp-content\/uploads\/2025\/03\/Movera-L-0107179100.png","datePublished":"2025-03-14T14:28:48+00:00","dateModified":"2026-04-17T23:51:07+00:00","breadcrumb":{"@id":"https:\/\/shop.bantam.ch\/fr\/produit\/systeme-satellite-onelight-60-pl\/#breadcrumb"},"inLanguage":"fr-FR","potentialAction":[{"@type":"ReadAction","target":["https:\/\/shop.bantam.ch\/fr\/produit\/systeme-satellite-onelight-60-pl\/"]}]},{"@type":"ImageObject","inLanguage":"fr-FR","@id":"https:\/\/shop.bantam.ch\/fr\/produit\/systeme-satellite-onelight-60-pl\/#primaryimage","url":"https:\/\/shop.bantam.ch\/wp-content\/uploads\/2025\/03\/Movera-L-0107179100.png","contentUrl":"https:\/\/shop.bantam.ch\/wp-content\/uploads\/2025\/03\/Movera-L-0107179100.png","width":640,"height":640},{"@type":"BreadcrumbList","@id":"https:\/\/shop.bantam.ch\/fr\/produit\/systeme-satellite-onelight-60-pl\/#breadcrumb","itemListElement":[{"@type":"ListItem","position":1,"name":"Accueil","item":"https:\/\/shop.bantam.ch\/fr\/"},{"@type":"ListItem","position":2,"name":"Boutique","item":"https:\/\/shop.bantam.ch\/fr\/boutique\/"},{"@type":"ListItem","position":3,"name":"Syst\u00e8me satellite ONELIGHT 60 PL"}]},{"@type":"WebSite","@id":"https:\/\/shop.bantam.ch\/fr\/#website","url":"https:\/\/shop.bantam.ch\/fr\/","name":"Bantam Wankm\u00fcller SA","description":"","publisher":{"@id":"https:\/\/shop.bantam.ch\/fr\/#organization"},"inLanguage":"fr-FR"},{"@type":"Organization","@id":"https:\/\/shop.bantam.ch\/fr\/#organization","name":"Bantam Wankm\u00fcller SA","url":"https:\/\/shop.bantam.ch\/fr\/","logo":{"@type":"ImageObject","inLanguage":"fr-FR","@id":"https:\/\/shop.bantam.ch\/fr\/#\/schema\/logo\/image\/","url":"https:\/\/shop.bantam.ch\/wp-content\/uploads\/2022\/12\/bantam-logo.png","contentUrl":"https:\/\/shop.bantam.ch\/wp-content\/uploads\/2022\/12\/bantam-logo.png","width":320,"height":71,"caption":"Bantam Wankm\u00fcller SA"},"image":{"@id":"https:\/\/shop.bantam.ch\/fr\/#\/schema\/logo\/image\/"}}]}},"_links":{"self":[{"href":"https:\/\/shop.bantam.ch\/fr\/wp-json\/wp\/v2\/product\/213343","targetHints":{"allow":["GET"]}}],"collection":[{"href":"https:\/\/shop.bantam.ch\/fr\/wp-json\/wp\/v2\/product"}],"about":[{"href":"https:\/\/shop.bantam.ch\/fr\/wp-json\/wp\/v2\/types\/product"}],"wp:featuredmedia":[{"embeddable":true,"href":"https:\/\/shop.bantam.ch\/fr\/wp-json\/wp\/v2\/media\/213333"}],"wp:attachment":[{"href":"https:\/\/shop.bantam.ch\/fr\/wp-json\/wp\/v2\/media?parent=213343"}],"wp:term":[{"taxonomy":"product_featured_cat","embeddable":true,"href":"https:\/\/shop.bantam.ch\/fr\/wp-json\/wp\/v2\/product_featured_cat?post=213343"},{"taxonomy":"product_brand","embeddable":true,"href":"https:\/\/shop.bantam.ch\/fr\/wp-json\/wp\/v2\/product_brand?post=213343"},{"taxonomy":"product_cat","embeddable":true,"href":"https:\/\/shop.bantam.ch\/fr\/wp-json\/wp\/v2\/product_cat?post=213343"},{"taxonomy":"product_tag","embeddable":true,"href":"https:\/\/shop.bantam.ch\/fr\/wp-json\/wp\/v2\/product_tag?post=213343"}],"curies":[{"name":"wp","href":"https:\/\/api.w.org\/{rel}","templated":true}]}}