{"id":213317,"date":"2025-03-14T15:28:23","date_gmt":"2025-03-14T14:28:23","guid":{"rendered":"https:\/\/shop.bantam.ch\/produit\/antenne-de-toit-am-fm-attb-dab-dab-avec-cable-adaptateur-fakra-b-din-et-cable-adaptateur-cable-fakra-g-smb-w\/"},"modified":"2026-04-18T23:27:31","modified_gmt":"2026-04-18T21:27:31","slug":"antenne-de-toit-am-fm-attb-dab-dab-avec-cable-adaptateur-fakra-b-din-et-cable-adaptateur-cable-fakra-g-smb-w","status":"publish","type":"product","link":"https:\/\/shop.bantam.ch\/fr\/produit\/antenne-de-toit-am-fm-attb-dab-dab-avec-cable-adaptateur-fakra-b-din-et-cable-adaptateur-cable-fakra-g-smb-w\/","title":{"rendered":"Antenne de toit AM\/FM ATTB DAB\/DAB+ avec c\u00e2ble adaptateur FAKRA B-DIN et c\u00e2ble adaptateur c\u00e2ble FAKRA G-SMB W"},"content":{"rendered":"<p>Antenne de toit<br \/>\nR\u00e9ception DAB+ , active et \u00e0 faible bruit dans la bande III, bande L passive. R\u00e9ception radio, active et \u00e0 faible bruit pour LMK\/UKW . Alimentation \u00e9lectrique 12 V des amplificateurs au choix par conducteur interne des raccords de c\u00e2bles ou par douille DIN. Tige d&rsquo;antenne \u00e0 faible bruit. Faible profondeur de montage (15 mm). Faible co\u00fbt de montage &#8211; un seul trou de montage pour 2 fonctions.<\/p>\n<p>C\u00e2ble adaptateur FAKRA(f)B-DIN<br \/>\nC\u00e2ble de raccordement VHF DIN, longueur 6,5 m, RG 58.<\/p>\n<p>C\u00e2ble adaptateur FAKRA(f)G-SMB(f)<br \/>\nC\u00e2ble de raccordement DAB SMB (f) coud\u00e9, longueur 6,5 m, RG 58.<\/p>\n","protected":false},"excerpt":{"rendered":"<p>Antenne de toit R\u00e9ception DAB+ , active et \u00e0 faible bruit dans la bande III, bande L passive. R\u00e9ception radio, active et \u00e0 faible bruit pour LMK\/UKW . Alimentation \u00e9lectrique 12 V des amplificateurs au choix par conducteur interne des raccords de c\u00e2bles ou par douille DIN. Tige d&rsquo;antenne \u00e0 faible bruit. Faible profondeur de [&hellip;]<\/p>\n","protected":false},"featured_media":213311,"template":"","meta":{"_acf_changed":false},"product_featured_cat":[],"product_brand":[],"product_cat":[5005],"product_tag":[],"class_list":{"0":"post-213317","1":"product","2":"type-product","3":"status-publish","4":"has-post-thumbnail","6":"product_cat-auto-radios","8":"first","9":"instock","10":"taxable","11":"shipping-taxable","12":"purchasable","13":"product-type-simple"},"acf":[],"yoast_head":"<!-- This site is optimized with the Yoast SEO plugin v27.4 - https:\/\/yoast.com\/product\/yoast-seo-wordpress\/ -->\n<title>Antenne de toit AM\/FM ATTB DAB\/DAB+ avec c\u00e2ble adaptateur FAKRA B-DIN et c\u00e2ble adaptateur c\u00e2ble FAKRA G-SMB W - Bantam Wankm\u00fcller SA<\/title>\n<meta name=\"robots\" content=\"index, follow, max-snippet:-1, max-image-preview:large, max-video-preview:-1\" \/>\n<link rel=\"canonical\" href=\"https:\/\/shop.bantam.ch\/fr\/produit\/antenne-de-toit-am-fm-attb-dab-dab-avec-cable-adaptateur-fakra-b-din-et-cable-adaptateur-cable-fakra-g-smb-w\/\" \/>\n<meta property=\"og:locale\" content=\"fr_FR\" \/>\n<meta property=\"og:type\" content=\"article\" \/>\n<meta property=\"og:title\" content=\"Antenne de toit AM\/FM ATTB DAB\/DAB+ avec c\u00e2ble adaptateur FAKRA B-DIN et c\u00e2ble adaptateur c\u00e2ble FAKRA G-SMB W - Bantam Wankm\u00fcller SA\" \/>\n<meta property=\"og:description\" content=\"Antenne de toit R\u00e9ception DAB+ , active et \u00e0 faible bruit dans la bande III, bande L passive. R\u00e9ception radio, active et \u00e0 faible bruit pour LMK\/UKW . Alimentation \u00e9lectrique 12 V des amplificateurs au choix par conducteur interne des raccords de c\u00e2bles ou par douille DIN. Tige d&rsquo;antenne \u00e0 faible bruit. Faible profondeur de [&hellip;]\" \/>\n<meta property=\"og:url\" content=\"https:\/\/shop.bantam.ch\/fr\/produit\/antenne-de-toit-am-fm-attb-dab-dab-avec-cable-adaptateur-fakra-b-din-et-cable-adaptateur-cable-fakra-g-smb-w\/\" \/>\n<meta property=\"og:site_name\" content=\"Bantam Wankm\u00fcller SA\" \/>\n<meta property=\"article:modified_time\" content=\"2026-04-18T21:27:31+00:00\" \/>\n<meta name=\"twitter:card\" content=\"summary_large_image\" \/>\n<meta name=\"twitter:label1\" content=\"Dur\u00e9e de lecture estim\u00e9e\" \/>\n\t<meta name=\"twitter:data1\" content=\"1 minute\" \/>\n<script type=\"application\/ld+json\" class=\"yoast-schema-graph\">{\"@context\":\"https:\\\/\\\/schema.org\",\"@graph\":[{\"@type\":\"WebPage\",\"@id\":\"https:\\\/\\\/shop.bantam.ch\\\/fr\\\/produit\\\/antenne-de-toit-am-fm-attb-dab-dab-avec-cable-adaptateur-fakra-b-din-et-cable-adaptateur-cable-fakra-g-smb-w\\\/\",\"url\":\"https:\\\/\\\/shop.bantam.ch\\\/fr\\\/produit\\\/antenne-de-toit-am-fm-attb-dab-dab-avec-cable-adaptateur-fakra-b-din-et-cable-adaptateur-cable-fakra-g-smb-w\\\/\",\"name\":\"Antenne de toit AM\\\/FM ATTB DAB\\\/DAB+ avec c\u00e2ble adaptateur FAKRA B-DIN et c\u00e2ble adaptateur c\u00e2ble FAKRA G-SMB W - Bantam Wankm\u00fcller SA\",\"isPartOf\":{\"@id\":\"https:\\\/\\\/shop.bantam.ch\\\/fr\\\/#website\"},\"primaryImageOfPage\":{\"@id\":\"https:\\\/\\\/shop.bantam.ch\\\/fr\\\/produit\\\/antenne-de-toit-am-fm-attb-dab-dab-avec-cable-adaptateur-fakra-b-din-et-cable-adaptateur-cable-fakra-g-smb-w\\\/#primaryimage\"},\"image\":{\"@id\":\"https:\\\/\\\/shop.bantam.ch\\\/fr\\\/produit\\\/antenne-de-toit-am-fm-attb-dab-dab-avec-cable-adaptateur-fakra-b-din-et-cable-adaptateur-cable-fakra-g-smb-w\\\/#primaryimage\"},\"thumbnailUrl\":\"https:\\\/\\\/shop.bantam.ch\\\/wp-content\\\/uploads\\\/2025\\\/03\\\/Movera-L-9963563100.jpg\",\"datePublished\":\"2025-03-14T14:28:23+00:00\",\"dateModified\":\"2026-04-18T21:27:31+00:00\",\"breadcrumb\":{\"@id\":\"https:\\\/\\\/shop.bantam.ch\\\/fr\\\/produit\\\/antenne-de-toit-am-fm-attb-dab-dab-avec-cable-adaptateur-fakra-b-din-et-cable-adaptateur-cable-fakra-g-smb-w\\\/#breadcrumb\"},\"inLanguage\":\"fr-FR\",\"potentialAction\":[{\"@type\":\"ReadAction\",\"target\":[\"https:\\\/\\\/shop.bantam.ch\\\/fr\\\/produit\\\/antenne-de-toit-am-fm-attb-dab-dab-avec-cable-adaptateur-fakra-b-din-et-cable-adaptateur-cable-fakra-g-smb-w\\\/\"]}]},{\"@type\":\"ImageObject\",\"inLanguage\":\"fr-FR\",\"@id\":\"https:\\\/\\\/shop.bantam.ch\\\/fr\\\/produit\\\/antenne-de-toit-am-fm-attb-dab-dab-avec-cable-adaptateur-fakra-b-din-et-cable-adaptateur-cable-fakra-g-smb-w\\\/#primaryimage\",\"url\":\"https:\\\/\\\/shop.bantam.ch\\\/wp-content\\\/uploads\\\/2025\\\/03\\\/Movera-L-9963563100.jpg\",\"contentUrl\":\"https:\\\/\\\/shop.bantam.ch\\\/wp-content\\\/uploads\\\/2025\\\/03\\\/Movera-L-9963563100.jpg\",\"width\":640,\"height\":928},{\"@type\":\"BreadcrumbList\",\"@id\":\"https:\\\/\\\/shop.bantam.ch\\\/fr\\\/produit\\\/antenne-de-toit-am-fm-attb-dab-dab-avec-cable-adaptateur-fakra-b-din-et-cable-adaptateur-cable-fakra-g-smb-w\\\/#breadcrumb\",\"itemListElement\":[{\"@type\":\"ListItem\",\"position\":1,\"name\":\"Accueil\",\"item\":\"https:\\\/\\\/shop.bantam.ch\\\/fr\\\/\"},{\"@type\":\"ListItem\",\"position\":2,\"name\":\"Boutique\",\"item\":\"https:\\\/\\\/shop.bantam.ch\\\/fr\\\/boutique\\\/\"},{\"@type\":\"ListItem\",\"position\":3,\"name\":\"Antenne de toit AM\\\/FM ATTB DAB\\\/DAB+ avec c\u00e2ble adaptateur FAKRA B-DIN et c\u00e2ble adaptateur c\u00e2ble FAKRA G-SMB W\"}]},{\"@type\":\"WebSite\",\"@id\":\"https:\\\/\\\/shop.bantam.ch\\\/fr\\\/#website\",\"url\":\"https:\\\/\\\/shop.bantam.ch\\\/fr\\\/\",\"name\":\"Bantam Wankm\u00fcller SA\",\"description\":\"\",\"publisher\":{\"@id\":\"https:\\\/\\\/shop.bantam.ch\\\/fr\\\/#organization\"},\"inLanguage\":\"fr-FR\"},{\"@type\":\"Organization\",\"@id\":\"https:\\\/\\\/shop.bantam.ch\\\/fr\\\/#organization\",\"name\":\"Bantam Wankm\u00fcller SA\",\"url\":\"https:\\\/\\\/shop.bantam.ch\\\/fr\\\/\",\"logo\":{\"@type\":\"ImageObject\",\"inLanguage\":\"fr-FR\",\"@id\":\"https:\\\/\\\/shop.bantam.ch\\\/fr\\\/#\\\/schema\\\/logo\\\/image\\\/\",\"url\":\"https:\\\/\\\/shop.bantam.ch\\\/wp-content\\\/uploads\\\/2022\\\/12\\\/bantam-logo.png\",\"contentUrl\":\"https:\\\/\\\/shop.bantam.ch\\\/wp-content\\\/uploads\\\/2022\\\/12\\\/bantam-logo.png\",\"width\":320,\"height\":71,\"caption\":\"Bantam Wankm\u00fcller SA\"},\"image\":{\"@id\":\"https:\\\/\\\/shop.bantam.ch\\\/fr\\\/#\\\/schema\\\/logo\\\/image\\\/\"}}]}<\/script>\n<!-- \/ Yoast SEO plugin. -->","yoast_head_json":{"title":"Antenne de toit AM\/FM ATTB DAB\/DAB+ avec c\u00e2ble adaptateur FAKRA B-DIN et c\u00e2ble adaptateur c\u00e2ble FAKRA G-SMB W - Bantam Wankm\u00fcller SA","robots":{"index":"index","follow":"follow","max-snippet":"max-snippet:-1","max-image-preview":"max-image-preview:large","max-video-preview":"max-video-preview:-1"},"canonical":"https:\/\/shop.bantam.ch\/fr\/produit\/antenne-de-toit-am-fm-attb-dab-dab-avec-cable-adaptateur-fakra-b-din-et-cable-adaptateur-cable-fakra-g-smb-w\/","og_locale":"fr_FR","og_type":"article","og_title":"Antenne de toit AM\/FM ATTB DAB\/DAB+ avec c\u00e2ble adaptateur FAKRA B-DIN et c\u00e2ble adaptateur c\u00e2ble FAKRA G-SMB W - Bantam Wankm\u00fcller SA","og_description":"Antenne de toit R\u00e9ception DAB+ , active et \u00e0 faible bruit dans la bande III, bande L passive. R\u00e9ception radio, active et \u00e0 faible bruit pour LMK\/UKW . Alimentation \u00e9lectrique 12 V des amplificateurs au choix par conducteur interne des raccords de c\u00e2bles ou par douille DIN. Tige d&rsquo;antenne \u00e0 faible bruit. Faible profondeur de [&hellip;]","og_url":"https:\/\/shop.bantam.ch\/fr\/produit\/antenne-de-toit-am-fm-attb-dab-dab-avec-cable-adaptateur-fakra-b-din-et-cable-adaptateur-cable-fakra-g-smb-w\/","og_site_name":"Bantam Wankm\u00fcller SA","article_modified_time":"2026-04-18T21:27:31+00:00","twitter_card":"summary_large_image","twitter_misc":{"Dur\u00e9e de lecture estim\u00e9e":"1 minute"},"schema":{"@context":"https:\/\/schema.org","@graph":[{"@type":"WebPage","@id":"https:\/\/shop.bantam.ch\/fr\/produit\/antenne-de-toit-am-fm-attb-dab-dab-avec-cable-adaptateur-fakra-b-din-et-cable-adaptateur-cable-fakra-g-smb-w\/","url":"https:\/\/shop.bantam.ch\/fr\/produit\/antenne-de-toit-am-fm-attb-dab-dab-avec-cable-adaptateur-fakra-b-din-et-cable-adaptateur-cable-fakra-g-smb-w\/","name":"Antenne de toit AM\/FM ATTB DAB\/DAB+ avec c\u00e2ble adaptateur FAKRA B-DIN et c\u00e2ble adaptateur c\u00e2ble FAKRA G-SMB W - Bantam Wankm\u00fcller SA","isPartOf":{"@id":"https:\/\/shop.bantam.ch\/fr\/#website"},"primaryImageOfPage":{"@id":"https:\/\/shop.bantam.ch\/fr\/produit\/antenne-de-toit-am-fm-attb-dab-dab-avec-cable-adaptateur-fakra-b-din-et-cable-adaptateur-cable-fakra-g-smb-w\/#primaryimage"},"image":{"@id":"https:\/\/shop.bantam.ch\/fr\/produit\/antenne-de-toit-am-fm-attb-dab-dab-avec-cable-adaptateur-fakra-b-din-et-cable-adaptateur-cable-fakra-g-smb-w\/#primaryimage"},"thumbnailUrl":"https:\/\/shop.bantam.ch\/wp-content\/uploads\/2025\/03\/Movera-L-9963563100.jpg","datePublished":"2025-03-14T14:28:23+00:00","dateModified":"2026-04-18T21:27:31+00:00","breadcrumb":{"@id":"https:\/\/shop.bantam.ch\/fr\/produit\/antenne-de-toit-am-fm-attb-dab-dab-avec-cable-adaptateur-fakra-b-din-et-cable-adaptateur-cable-fakra-g-smb-w\/#breadcrumb"},"inLanguage":"fr-FR","potentialAction":[{"@type":"ReadAction","target":["https:\/\/shop.bantam.ch\/fr\/produit\/antenne-de-toit-am-fm-attb-dab-dab-avec-cable-adaptateur-fakra-b-din-et-cable-adaptateur-cable-fakra-g-smb-w\/"]}]},{"@type":"ImageObject","inLanguage":"fr-FR","@id":"https:\/\/shop.bantam.ch\/fr\/produit\/antenne-de-toit-am-fm-attb-dab-dab-avec-cable-adaptateur-fakra-b-din-et-cable-adaptateur-cable-fakra-g-smb-w\/#primaryimage","url":"https:\/\/shop.bantam.ch\/wp-content\/uploads\/2025\/03\/Movera-L-9963563100.jpg","contentUrl":"https:\/\/shop.bantam.ch\/wp-content\/uploads\/2025\/03\/Movera-L-9963563100.jpg","width":640,"height":928},{"@type":"BreadcrumbList","@id":"https:\/\/shop.bantam.ch\/fr\/produit\/antenne-de-toit-am-fm-attb-dab-dab-avec-cable-adaptateur-fakra-b-din-et-cable-adaptateur-cable-fakra-g-smb-w\/#breadcrumb","itemListElement":[{"@type":"ListItem","position":1,"name":"Accueil","item":"https:\/\/shop.bantam.ch\/fr\/"},{"@type":"ListItem","position":2,"name":"Boutique","item":"https:\/\/shop.bantam.ch\/fr\/boutique\/"},{"@type":"ListItem","position":3,"name":"Antenne de toit AM\/FM ATTB DAB\/DAB+ avec c\u00e2ble adaptateur FAKRA B-DIN et c\u00e2ble adaptateur c\u00e2ble FAKRA G-SMB W"}]},{"@type":"WebSite","@id":"https:\/\/shop.bantam.ch\/fr\/#website","url":"https:\/\/shop.bantam.ch\/fr\/","name":"Bantam Wankm\u00fcller SA","description":"","publisher":{"@id":"https:\/\/shop.bantam.ch\/fr\/#organization"},"inLanguage":"fr-FR"},{"@type":"Organization","@id":"https:\/\/shop.bantam.ch\/fr\/#organization","name":"Bantam Wankm\u00fcller SA","url":"https:\/\/shop.bantam.ch\/fr\/","logo":{"@type":"ImageObject","inLanguage":"fr-FR","@id":"https:\/\/shop.bantam.ch\/fr\/#\/schema\/logo\/image\/","url":"https:\/\/shop.bantam.ch\/wp-content\/uploads\/2022\/12\/bantam-logo.png","contentUrl":"https:\/\/shop.bantam.ch\/wp-content\/uploads\/2022\/12\/bantam-logo.png","width":320,"height":71,"caption":"Bantam Wankm\u00fcller SA"},"image":{"@id":"https:\/\/shop.bantam.ch\/fr\/#\/schema\/logo\/image\/"}}]}},"_links":{"self":[{"href":"https:\/\/shop.bantam.ch\/fr\/wp-json\/wp\/v2\/product\/213317","targetHints":{"allow":["GET"]}}],"collection":[{"href":"https:\/\/shop.bantam.ch\/fr\/wp-json\/wp\/v2\/product"}],"about":[{"href":"https:\/\/shop.bantam.ch\/fr\/wp-json\/wp\/v2\/types\/product"}],"wp:featuredmedia":[{"embeddable":true,"href":"https:\/\/shop.bantam.ch\/fr\/wp-json\/wp\/v2\/media\/213311"}],"wp:attachment":[{"href":"https:\/\/shop.bantam.ch\/fr\/wp-json\/wp\/v2\/media?parent=213317"}],"wp:term":[{"taxonomy":"product_featured_cat","embeddable":true,"href":"https:\/\/shop.bantam.ch\/fr\/wp-json\/wp\/v2\/product_featured_cat?post=213317"},{"taxonomy":"product_brand","embeddable":true,"href":"https:\/\/shop.bantam.ch\/fr\/wp-json\/wp\/v2\/product_brand?post=213317"},{"taxonomy":"product_cat","embeddable":true,"href":"https:\/\/shop.bantam.ch\/fr\/wp-json\/wp\/v2\/product_cat?post=213317"},{"taxonomy":"product_tag","embeddable":true,"href":"https:\/\/shop.bantam.ch\/fr\/wp-json\/wp\/v2\/product_tag?post=213317"}],"curies":[{"name":"wp","href":"https:\/\/api.w.org\/{rel}","templated":true}]}}