{"id":213293,"date":"2025-03-14T15:27:49","date_gmt":"2025-03-14T14:27:49","guid":{"rendered":"https:\/\/shop.bantam.ch\/produit\/antenne-dab-adhesive-en-verre-a-linterieur-actif-smb-libre-de-potentiel\/"},"modified":"2026-04-18T23:27:19","modified_gmt":"2026-04-18T21:27:19","slug":"antenne-dab-adhesive-en-verre-a-linterieur-actif-smb-libre-de-potentiel","status":"publish","type":"product","link":"https:\/\/shop.bantam.ch\/fr\/produit\/antenne-dab-adhesive-en-verre-a-linterieur-actif-smb-libre-de-potentiel\/","title":{"rendered":"Antenne DAB+ adh\u00e9sive en verre \u00e0 l&rsquo;int\u00e9rieur actif, SMB, libre de potentiel"},"content":{"rendered":"<p>Antenne int\u00e9rieure active en verre adh\u00e9sif sans potentiel pour une fixation par collage sur le c\u00f4t\u00e9 droit ou gauche du pare-brise ou sur les vitres lat\u00e9rales. Caract\u00e9ristiques de r\u00e9ception favorables. Prot\u00e9g\u00e9e contre le vol et la destruction intentionnelle. Pas de bruit de vent. Longue dur\u00e9e de vie. Convient parfaitement pour le raccordement \u00e0 des r\u00e9cepteurs num\u00e9riques de voiture mont\u00e9s ult\u00e9rieurement. C\u00e2ble de raccordement 2,5 m RG 174 avec coude SMB (f).<br \/>\nRemarques :<br \/>\nDistance minimale de 5 mm entre l&rsquo;antenne et la carrosserie. Vitre sans rev\u00eatement, sans particules et sans fils chauffants dans la zone de montage.<br \/>\nConvient aux radios Zenec, Kenwood, Pioneer, JVC &amp; aux appareils multim\u00e9dias avec tuner DAB+ int\u00e9gr\u00e9.<\/p>\n","protected":false},"excerpt":{"rendered":"<p>Antenne int\u00e9rieure active en verre adh\u00e9sif sans potentiel pour une fixation par collage sur le c\u00f4t\u00e9 droit ou gauche du pare-brise ou sur les vitres lat\u00e9rales. Caract\u00e9ristiques de r\u00e9ception favorables. Prot\u00e9g\u00e9e contre le vol et la destruction intentionnelle. Pas de bruit de vent. Longue dur\u00e9e de vie. Convient parfaitement pour le raccordement \u00e0 des r\u00e9cepteurs [&hellip;]<\/p>\n","protected":false},"featured_media":213287,"template":"","meta":{"_acf_changed":false},"product_featured_cat":[],"product_brand":[],"product_cat":[5005],"product_tag":[],"class_list":{"0":"post-213293","1":"product","2":"type-product","3":"status-publish","4":"has-post-thumbnail","6":"product_cat-auto-radios","8":"first","9":"instock","10":"taxable","11":"shipping-taxable","12":"purchasable","13":"product-type-simple"},"acf":[],"yoast_head":"<!-- This site is optimized with the Yoast SEO plugin v27.4 - https:\/\/yoast.com\/product\/yoast-seo-wordpress\/ -->\n<title>Antenne DAB+ adh\u00e9sive en verre \u00e0 l&#039;int\u00e9rieur actif, SMB, libre de potentiel - Bantam Wankm\u00fcller SA<\/title>\n<meta name=\"robots\" content=\"index, follow, max-snippet:-1, max-image-preview:large, max-video-preview:-1\" \/>\n<link rel=\"canonical\" href=\"https:\/\/shop.bantam.ch\/fr\/produit\/antenne-dab-adhesive-en-verre-a-linterieur-actif-smb-libre-de-potentiel\/\" \/>\n<meta property=\"og:locale\" content=\"fr_FR\" \/>\n<meta property=\"og:type\" content=\"article\" \/>\n<meta property=\"og:title\" content=\"Antenne DAB+ adh\u00e9sive en verre \u00e0 l&#039;int\u00e9rieur actif, SMB, libre de potentiel - Bantam Wankm\u00fcller SA\" \/>\n<meta property=\"og:description\" content=\"Antenne int\u00e9rieure active en verre adh\u00e9sif sans potentiel pour une fixation par collage sur le c\u00f4t\u00e9 droit ou gauche du pare-brise ou sur les vitres lat\u00e9rales. Caract\u00e9ristiques de r\u00e9ception favorables. Prot\u00e9g\u00e9e contre le vol et la destruction intentionnelle. Pas de bruit de vent. Longue dur\u00e9e de vie. Convient parfaitement pour le raccordement \u00e0 des r\u00e9cepteurs [&hellip;]\" \/>\n<meta property=\"og:url\" content=\"https:\/\/shop.bantam.ch\/fr\/produit\/antenne-dab-adhesive-en-verre-a-linterieur-actif-smb-libre-de-potentiel\/\" \/>\n<meta property=\"og:site_name\" content=\"Bantam Wankm\u00fcller SA\" \/>\n<meta property=\"article:modified_time\" content=\"2026-04-18T21:27:19+00:00\" \/>\n<meta name=\"twitter:card\" content=\"summary_large_image\" \/>\n<meta name=\"twitter:label1\" content=\"Dur\u00e9e de lecture estim\u00e9e\" \/>\n\t<meta name=\"twitter:data1\" content=\"1 minute\" \/>\n<script type=\"application\/ld+json\" class=\"yoast-schema-graph\">{\"@context\":\"https:\\\/\\\/schema.org\",\"@graph\":[{\"@type\":\"WebPage\",\"@id\":\"https:\\\/\\\/shop.bantam.ch\\\/fr\\\/produit\\\/antenne-dab-adhesive-en-verre-a-linterieur-actif-smb-libre-de-potentiel\\\/\",\"url\":\"https:\\\/\\\/shop.bantam.ch\\\/fr\\\/produit\\\/antenne-dab-adhesive-en-verre-a-linterieur-actif-smb-libre-de-potentiel\\\/\",\"name\":\"Antenne DAB+ adh\u00e9sive en verre \u00e0 l'int\u00e9rieur actif, SMB, libre de potentiel - Bantam Wankm\u00fcller SA\",\"isPartOf\":{\"@id\":\"https:\\\/\\\/shop.bantam.ch\\\/fr\\\/#website\"},\"primaryImageOfPage\":{\"@id\":\"https:\\\/\\\/shop.bantam.ch\\\/fr\\\/produit\\\/antenne-dab-adhesive-en-verre-a-linterieur-actif-smb-libre-de-potentiel\\\/#primaryimage\"},\"image\":{\"@id\":\"https:\\\/\\\/shop.bantam.ch\\\/fr\\\/produit\\\/antenne-dab-adhesive-en-verre-a-linterieur-actif-smb-libre-de-potentiel\\\/#primaryimage\"},\"thumbnailUrl\":\"https:\\\/\\\/shop.bantam.ch\\\/wp-content\\\/uploads\\\/2025\\\/03\\\/Movera-L-9963552100.jpg\",\"datePublished\":\"2025-03-14T14:27:49+00:00\",\"dateModified\":\"2026-04-18T21:27:19+00:00\",\"breadcrumb\":{\"@id\":\"https:\\\/\\\/shop.bantam.ch\\\/fr\\\/produit\\\/antenne-dab-adhesive-en-verre-a-linterieur-actif-smb-libre-de-potentiel\\\/#breadcrumb\"},\"inLanguage\":\"fr-FR\",\"potentialAction\":[{\"@type\":\"ReadAction\",\"target\":[\"https:\\\/\\\/shop.bantam.ch\\\/fr\\\/produit\\\/antenne-dab-adhesive-en-verre-a-linterieur-actif-smb-libre-de-potentiel\\\/\"]}]},{\"@type\":\"ImageObject\",\"inLanguage\":\"fr-FR\",\"@id\":\"https:\\\/\\\/shop.bantam.ch\\\/fr\\\/produit\\\/antenne-dab-adhesive-en-verre-a-linterieur-actif-smb-libre-de-potentiel\\\/#primaryimage\",\"url\":\"https:\\\/\\\/shop.bantam.ch\\\/wp-content\\\/uploads\\\/2025\\\/03\\\/Movera-L-9963552100.jpg\",\"contentUrl\":\"https:\\\/\\\/shop.bantam.ch\\\/wp-content\\\/uploads\\\/2025\\\/03\\\/Movera-L-9963552100.jpg\",\"width\":640,\"height\":324},{\"@type\":\"BreadcrumbList\",\"@id\":\"https:\\\/\\\/shop.bantam.ch\\\/fr\\\/produit\\\/antenne-dab-adhesive-en-verre-a-linterieur-actif-smb-libre-de-potentiel\\\/#breadcrumb\",\"itemListElement\":[{\"@type\":\"ListItem\",\"position\":1,\"name\":\"Accueil\",\"item\":\"https:\\\/\\\/shop.bantam.ch\\\/fr\\\/\"},{\"@type\":\"ListItem\",\"position\":2,\"name\":\"Boutique\",\"item\":\"https:\\\/\\\/shop.bantam.ch\\\/fr\\\/boutique\\\/\"},{\"@type\":\"ListItem\",\"position\":3,\"name\":\"Antenne DAB+ adh\u00e9sive en verre \u00e0 l&#8217;int\u00e9rieur actif, SMB, libre de potentiel\"}]},{\"@type\":\"WebSite\",\"@id\":\"https:\\\/\\\/shop.bantam.ch\\\/fr\\\/#website\",\"url\":\"https:\\\/\\\/shop.bantam.ch\\\/fr\\\/\",\"name\":\"Bantam Wankm\u00fcller SA\",\"description\":\"\",\"publisher\":{\"@id\":\"https:\\\/\\\/shop.bantam.ch\\\/fr\\\/#organization\"},\"inLanguage\":\"fr-FR\"},{\"@type\":\"Organization\",\"@id\":\"https:\\\/\\\/shop.bantam.ch\\\/fr\\\/#organization\",\"name\":\"Bantam Wankm\u00fcller SA\",\"url\":\"https:\\\/\\\/shop.bantam.ch\\\/fr\\\/\",\"logo\":{\"@type\":\"ImageObject\",\"inLanguage\":\"fr-FR\",\"@id\":\"https:\\\/\\\/shop.bantam.ch\\\/fr\\\/#\\\/schema\\\/logo\\\/image\\\/\",\"url\":\"https:\\\/\\\/shop.bantam.ch\\\/wp-content\\\/uploads\\\/2022\\\/12\\\/bantam-logo.png\",\"contentUrl\":\"https:\\\/\\\/shop.bantam.ch\\\/wp-content\\\/uploads\\\/2022\\\/12\\\/bantam-logo.png\",\"width\":320,\"height\":71,\"caption\":\"Bantam Wankm\u00fcller SA\"},\"image\":{\"@id\":\"https:\\\/\\\/shop.bantam.ch\\\/fr\\\/#\\\/schema\\\/logo\\\/image\\\/\"}}]}<\/script>\n<!-- \/ Yoast SEO plugin. -->","yoast_head_json":{"title":"Antenne DAB+ adh\u00e9sive en verre \u00e0 l'int\u00e9rieur actif, SMB, libre de potentiel - Bantam Wankm\u00fcller SA","robots":{"index":"index","follow":"follow","max-snippet":"max-snippet:-1","max-image-preview":"max-image-preview:large","max-video-preview":"max-video-preview:-1"},"canonical":"https:\/\/shop.bantam.ch\/fr\/produit\/antenne-dab-adhesive-en-verre-a-linterieur-actif-smb-libre-de-potentiel\/","og_locale":"fr_FR","og_type":"article","og_title":"Antenne DAB+ adh\u00e9sive en verre \u00e0 l'int\u00e9rieur actif, SMB, libre de potentiel - Bantam Wankm\u00fcller SA","og_description":"Antenne int\u00e9rieure active en verre adh\u00e9sif sans potentiel pour une fixation par collage sur le c\u00f4t\u00e9 droit ou gauche du pare-brise ou sur les vitres lat\u00e9rales. Caract\u00e9ristiques de r\u00e9ception favorables. Prot\u00e9g\u00e9e contre le vol et la destruction intentionnelle. Pas de bruit de vent. Longue dur\u00e9e de vie. Convient parfaitement pour le raccordement \u00e0 des r\u00e9cepteurs [&hellip;]","og_url":"https:\/\/shop.bantam.ch\/fr\/produit\/antenne-dab-adhesive-en-verre-a-linterieur-actif-smb-libre-de-potentiel\/","og_site_name":"Bantam Wankm\u00fcller SA","article_modified_time":"2026-04-18T21:27:19+00:00","twitter_card":"summary_large_image","twitter_misc":{"Dur\u00e9e de lecture estim\u00e9e":"1 minute"},"schema":{"@context":"https:\/\/schema.org","@graph":[{"@type":"WebPage","@id":"https:\/\/shop.bantam.ch\/fr\/produit\/antenne-dab-adhesive-en-verre-a-linterieur-actif-smb-libre-de-potentiel\/","url":"https:\/\/shop.bantam.ch\/fr\/produit\/antenne-dab-adhesive-en-verre-a-linterieur-actif-smb-libre-de-potentiel\/","name":"Antenne DAB+ adh\u00e9sive en verre \u00e0 l'int\u00e9rieur actif, SMB, libre de potentiel - Bantam Wankm\u00fcller SA","isPartOf":{"@id":"https:\/\/shop.bantam.ch\/fr\/#website"},"primaryImageOfPage":{"@id":"https:\/\/shop.bantam.ch\/fr\/produit\/antenne-dab-adhesive-en-verre-a-linterieur-actif-smb-libre-de-potentiel\/#primaryimage"},"image":{"@id":"https:\/\/shop.bantam.ch\/fr\/produit\/antenne-dab-adhesive-en-verre-a-linterieur-actif-smb-libre-de-potentiel\/#primaryimage"},"thumbnailUrl":"https:\/\/shop.bantam.ch\/wp-content\/uploads\/2025\/03\/Movera-L-9963552100.jpg","datePublished":"2025-03-14T14:27:49+00:00","dateModified":"2026-04-18T21:27:19+00:00","breadcrumb":{"@id":"https:\/\/shop.bantam.ch\/fr\/produit\/antenne-dab-adhesive-en-verre-a-linterieur-actif-smb-libre-de-potentiel\/#breadcrumb"},"inLanguage":"fr-FR","potentialAction":[{"@type":"ReadAction","target":["https:\/\/shop.bantam.ch\/fr\/produit\/antenne-dab-adhesive-en-verre-a-linterieur-actif-smb-libre-de-potentiel\/"]}]},{"@type":"ImageObject","inLanguage":"fr-FR","@id":"https:\/\/shop.bantam.ch\/fr\/produit\/antenne-dab-adhesive-en-verre-a-linterieur-actif-smb-libre-de-potentiel\/#primaryimage","url":"https:\/\/shop.bantam.ch\/wp-content\/uploads\/2025\/03\/Movera-L-9963552100.jpg","contentUrl":"https:\/\/shop.bantam.ch\/wp-content\/uploads\/2025\/03\/Movera-L-9963552100.jpg","width":640,"height":324},{"@type":"BreadcrumbList","@id":"https:\/\/shop.bantam.ch\/fr\/produit\/antenne-dab-adhesive-en-verre-a-linterieur-actif-smb-libre-de-potentiel\/#breadcrumb","itemListElement":[{"@type":"ListItem","position":1,"name":"Accueil","item":"https:\/\/shop.bantam.ch\/fr\/"},{"@type":"ListItem","position":2,"name":"Boutique","item":"https:\/\/shop.bantam.ch\/fr\/boutique\/"},{"@type":"ListItem","position":3,"name":"Antenne DAB+ adh\u00e9sive en verre \u00e0 l&#8217;int\u00e9rieur actif, SMB, libre de potentiel"}]},{"@type":"WebSite","@id":"https:\/\/shop.bantam.ch\/fr\/#website","url":"https:\/\/shop.bantam.ch\/fr\/","name":"Bantam Wankm\u00fcller SA","description":"","publisher":{"@id":"https:\/\/shop.bantam.ch\/fr\/#organization"},"inLanguage":"fr-FR"},{"@type":"Organization","@id":"https:\/\/shop.bantam.ch\/fr\/#organization","name":"Bantam Wankm\u00fcller SA","url":"https:\/\/shop.bantam.ch\/fr\/","logo":{"@type":"ImageObject","inLanguage":"fr-FR","@id":"https:\/\/shop.bantam.ch\/fr\/#\/schema\/logo\/image\/","url":"https:\/\/shop.bantam.ch\/wp-content\/uploads\/2022\/12\/bantam-logo.png","contentUrl":"https:\/\/shop.bantam.ch\/wp-content\/uploads\/2022\/12\/bantam-logo.png","width":320,"height":71,"caption":"Bantam Wankm\u00fcller SA"},"image":{"@id":"https:\/\/shop.bantam.ch\/fr\/#\/schema\/logo\/image\/"}}]}},"_links":{"self":[{"href":"https:\/\/shop.bantam.ch\/fr\/wp-json\/wp\/v2\/product\/213293","targetHints":{"allow":["GET"]}}],"collection":[{"href":"https:\/\/shop.bantam.ch\/fr\/wp-json\/wp\/v2\/product"}],"about":[{"href":"https:\/\/shop.bantam.ch\/fr\/wp-json\/wp\/v2\/types\/product"}],"wp:featuredmedia":[{"embeddable":true,"href":"https:\/\/shop.bantam.ch\/fr\/wp-json\/wp\/v2\/media\/213287"}],"wp:attachment":[{"href":"https:\/\/shop.bantam.ch\/fr\/wp-json\/wp\/v2\/media?parent=213293"}],"wp:term":[{"taxonomy":"product_featured_cat","embeddable":true,"href":"https:\/\/shop.bantam.ch\/fr\/wp-json\/wp\/v2\/product_featured_cat?post=213293"},{"taxonomy":"product_brand","embeddable":true,"href":"https:\/\/shop.bantam.ch\/fr\/wp-json\/wp\/v2\/product_brand?post=213293"},{"taxonomy":"product_cat","embeddable":true,"href":"https:\/\/shop.bantam.ch\/fr\/wp-json\/wp\/v2\/product_cat?post=213293"},{"taxonomy":"product_tag","embeddable":true,"href":"https:\/\/shop.bantam.ch\/fr\/wp-json\/wp\/v2\/product_tag?post=213293"}],"curies":[{"name":"wp","href":"https:\/\/api.w.org\/{rel}","templated":true}]}}