{"id":213167,"date":"2025-03-14T15:22:40","date_gmt":"2025-03-14T14:22:40","guid":{"rendered":"https:\/\/shop.bantam.ch\/produit\/chaise-longue-avec-coussin-pour-la-tete\/"},"modified":"2026-04-18T01:50:20","modified_gmt":"2026-04-17T23:50:20","slug":"chaise-longue-avec-coussin-pour-la-tete","status":"publish","type":"product","link":"https:\/\/shop.bantam.ch\/fr\/produit\/chaise-longue-avec-coussin-pour-la-tete\/","title":{"rendered":"Chaise longue avec coussin pour la t\u00eate"},"content":{"rendered":"<p>Une chaise de relaxation tr\u00e8s luxueuse et confortable avec coussin. Cette chaise offre un confort maximal car elle est r\u00e9glable en continu et dot\u00e9e d&rsquo;un tissu rembourr\u00e9 3D fix\u00e9 par un \u00e9lastique. Le rembourrage confortable du tissu est particuli\u00e8rement perm\u00e9able \u00e0 l&rsquo;air. Sa finition lui conf\u00e8re une allure styl\u00e9e. Tant le dossier que les accoudoirs sont ergonomiques et la chaise est dot\u00e9e d&rsquo;un syst\u00e8me de fixation qui permet de la bloquer dans la position souhait\u00e9e. La chaise est \u00e9quip\u00e9e d&rsquo;un cadre en H anodis\u00e9 qui garantit une stabilit\u00e9 et une s\u00e9curit\u00e9 suppl\u00e9mentaires. La chaise est extra large, extra profonde et poss\u00e8de une assise particuli\u00e8rement haute (50 cm). Une fois repli\u00e9e, la chaise est tr\u00e8s compacte et donc facile \u00e0 transporter dans le sac de rangement fourni.<\/p>\n<p>Mat\u00e9riaux:<br \/>\nHousse: 100 % polyester<br \/>\nStructure: aluminium<\/p>\n<p>&nbsp;<\/p>\n","protected":false},"excerpt":{"rendered":"<p>Une chaise de relaxation tr\u00e8s luxueuse et confortable avec coussin. Cette chaise offre un confort maximal car elle est r\u00e9glable en continu et dot\u00e9e d&rsquo;un tissu rembourr\u00e9 3D fix\u00e9 par un \u00e9lastique. Le rembourrage confortable du tissu est particuli\u00e8rement perm\u00e9able \u00e0 l&rsquo;air. Sa finition lui conf\u00e8re une allure styl\u00e9e. Tant le dossier que les accoudoirs [&hellip;]<\/p>\n","protected":false},"featured_media":0,"template":"","meta":{"_acf_changed":false},"product_featured_cat":[],"product_brand":[],"product_cat":[4977],"product_tag":[],"class_list":{"0":"post-213167","1":"product","2":"type-product","3":"status-publish","5":"product_cat-chaises-longues-de-camping","7":"first","8":"instock","9":"taxable","10":"shipping-taxable","11":"purchasable","12":"product-type-variable"},"acf":[],"yoast_head":"<!-- This site is optimized with the Yoast SEO plugin v27.4 - https:\/\/yoast.com\/product\/yoast-seo-wordpress\/ -->\n<title>Chaise longue avec coussin pour la t\u00eate - Bantam Wankm\u00fcller SA<\/title>\n<meta name=\"robots\" content=\"index, follow, max-snippet:-1, max-image-preview:large, max-video-preview:-1\" \/>\n<link rel=\"canonical\" href=\"https:\/\/shop.bantam.ch\/fr\/produit\/chaise-longue-avec-coussin-pour-la-tete\/\" \/>\n<meta property=\"og:locale\" content=\"fr_FR\" \/>\n<meta property=\"og:type\" content=\"article\" \/>\n<meta property=\"og:title\" content=\"Chaise longue avec coussin pour la t\u00eate - Bantam Wankm\u00fcller SA\" \/>\n<meta property=\"og:description\" content=\"Une chaise de relaxation tr\u00e8s luxueuse et confortable avec coussin. Cette chaise offre un confort maximal car elle est r\u00e9glable en continu et dot\u00e9e d&rsquo;un tissu rembourr\u00e9 3D fix\u00e9 par un \u00e9lastique. Le rembourrage confortable du tissu est particuli\u00e8rement perm\u00e9able \u00e0 l&rsquo;air. Sa finition lui conf\u00e8re une allure styl\u00e9e. Tant le dossier que les accoudoirs [&hellip;]\" \/>\n<meta property=\"og:url\" content=\"https:\/\/shop.bantam.ch\/fr\/produit\/chaise-longue-avec-coussin-pour-la-tete\/\" \/>\n<meta property=\"og:site_name\" content=\"Bantam Wankm\u00fcller SA\" \/>\n<meta property=\"article:modified_time\" content=\"2026-04-17T23:50:20+00:00\" \/>\n<meta name=\"twitter:card\" content=\"summary_large_image\" \/>\n<meta name=\"twitter:label1\" content=\"Dur\u00e9e de lecture estim\u00e9e\" \/>\n\t<meta name=\"twitter:data1\" content=\"1 minute\" \/>\n<script type=\"application\/ld+json\" class=\"yoast-schema-graph\">{\"@context\":\"https:\\\/\\\/schema.org\",\"@graph\":[{\"@type\":\"WebPage\",\"@id\":\"https:\\\/\\\/shop.bantam.ch\\\/fr\\\/produit\\\/chaise-longue-avec-coussin-pour-la-tete\\\/\",\"url\":\"https:\\\/\\\/shop.bantam.ch\\\/fr\\\/produit\\\/chaise-longue-avec-coussin-pour-la-tete\\\/\",\"name\":\"Chaise longue avec coussin pour la t\u00eate - Bantam Wankm\u00fcller SA\",\"isPartOf\":{\"@id\":\"https:\\\/\\\/shop.bantam.ch\\\/fr\\\/#website\"},\"datePublished\":\"2025-03-14T14:22:40+00:00\",\"dateModified\":\"2026-04-17T23:50:20+00:00\",\"breadcrumb\":{\"@id\":\"https:\\\/\\\/shop.bantam.ch\\\/fr\\\/produit\\\/chaise-longue-avec-coussin-pour-la-tete\\\/#breadcrumb\"},\"inLanguage\":\"fr-FR\",\"potentialAction\":[{\"@type\":\"ReadAction\",\"target\":[\"https:\\\/\\\/shop.bantam.ch\\\/fr\\\/produit\\\/chaise-longue-avec-coussin-pour-la-tete\\\/\"]}]},{\"@type\":\"BreadcrumbList\",\"@id\":\"https:\\\/\\\/shop.bantam.ch\\\/fr\\\/produit\\\/chaise-longue-avec-coussin-pour-la-tete\\\/#breadcrumb\",\"itemListElement\":[{\"@type\":\"ListItem\",\"position\":1,\"name\":\"Accueil\",\"item\":\"https:\\\/\\\/shop.bantam.ch\\\/fr\\\/\"},{\"@type\":\"ListItem\",\"position\":2,\"name\":\"Boutique\",\"item\":\"https:\\\/\\\/shop.bantam.ch\\\/fr\\\/boutique\\\/\"},{\"@type\":\"ListItem\",\"position\":3,\"name\":\"Chaise longue avec coussin pour la t\u00eate\"}]},{\"@type\":\"WebSite\",\"@id\":\"https:\\\/\\\/shop.bantam.ch\\\/fr\\\/#website\",\"url\":\"https:\\\/\\\/shop.bantam.ch\\\/fr\\\/\",\"name\":\"Bantam Wankm\u00fcller SA\",\"description\":\"\",\"publisher\":{\"@id\":\"https:\\\/\\\/shop.bantam.ch\\\/fr\\\/#organization\"},\"inLanguage\":\"fr-FR\"},{\"@type\":\"Organization\",\"@id\":\"https:\\\/\\\/shop.bantam.ch\\\/fr\\\/#organization\",\"name\":\"Bantam Wankm\u00fcller SA\",\"url\":\"https:\\\/\\\/shop.bantam.ch\\\/fr\\\/\",\"logo\":{\"@type\":\"ImageObject\",\"inLanguage\":\"fr-FR\",\"@id\":\"https:\\\/\\\/shop.bantam.ch\\\/fr\\\/#\\\/schema\\\/logo\\\/image\\\/\",\"url\":\"https:\\\/\\\/shop.bantam.ch\\\/wp-content\\\/uploads\\\/2022\\\/12\\\/bantam-logo.png\",\"contentUrl\":\"https:\\\/\\\/shop.bantam.ch\\\/wp-content\\\/uploads\\\/2022\\\/12\\\/bantam-logo.png\",\"width\":320,\"height\":71,\"caption\":\"Bantam Wankm\u00fcller SA\"},\"image\":{\"@id\":\"https:\\\/\\\/shop.bantam.ch\\\/fr\\\/#\\\/schema\\\/logo\\\/image\\\/\"}}]}<\/script>\n<!-- \/ Yoast SEO plugin. -->","yoast_head_json":{"title":"Chaise longue avec coussin pour la t\u00eate - Bantam Wankm\u00fcller SA","robots":{"index":"index","follow":"follow","max-snippet":"max-snippet:-1","max-image-preview":"max-image-preview:large","max-video-preview":"max-video-preview:-1"},"canonical":"https:\/\/shop.bantam.ch\/fr\/produit\/chaise-longue-avec-coussin-pour-la-tete\/","og_locale":"fr_FR","og_type":"article","og_title":"Chaise longue avec coussin pour la t\u00eate - Bantam Wankm\u00fcller SA","og_description":"Une chaise de relaxation tr\u00e8s luxueuse et confortable avec coussin. Cette chaise offre un confort maximal car elle est r\u00e9glable en continu et dot\u00e9e d&rsquo;un tissu rembourr\u00e9 3D fix\u00e9 par un \u00e9lastique. Le rembourrage confortable du tissu est particuli\u00e8rement perm\u00e9able \u00e0 l&rsquo;air. Sa finition lui conf\u00e8re une allure styl\u00e9e. Tant le dossier que les accoudoirs [&hellip;]","og_url":"https:\/\/shop.bantam.ch\/fr\/produit\/chaise-longue-avec-coussin-pour-la-tete\/","og_site_name":"Bantam Wankm\u00fcller SA","article_modified_time":"2026-04-17T23:50:20+00:00","twitter_card":"summary_large_image","twitter_misc":{"Dur\u00e9e de lecture estim\u00e9e":"1 minute"},"schema":{"@context":"https:\/\/schema.org","@graph":[{"@type":"WebPage","@id":"https:\/\/shop.bantam.ch\/fr\/produit\/chaise-longue-avec-coussin-pour-la-tete\/","url":"https:\/\/shop.bantam.ch\/fr\/produit\/chaise-longue-avec-coussin-pour-la-tete\/","name":"Chaise longue avec coussin pour la t\u00eate - Bantam Wankm\u00fcller SA","isPartOf":{"@id":"https:\/\/shop.bantam.ch\/fr\/#website"},"datePublished":"2025-03-14T14:22:40+00:00","dateModified":"2026-04-17T23:50:20+00:00","breadcrumb":{"@id":"https:\/\/shop.bantam.ch\/fr\/produit\/chaise-longue-avec-coussin-pour-la-tete\/#breadcrumb"},"inLanguage":"fr-FR","potentialAction":[{"@type":"ReadAction","target":["https:\/\/shop.bantam.ch\/fr\/produit\/chaise-longue-avec-coussin-pour-la-tete\/"]}]},{"@type":"BreadcrumbList","@id":"https:\/\/shop.bantam.ch\/fr\/produit\/chaise-longue-avec-coussin-pour-la-tete\/#breadcrumb","itemListElement":[{"@type":"ListItem","position":1,"name":"Accueil","item":"https:\/\/shop.bantam.ch\/fr\/"},{"@type":"ListItem","position":2,"name":"Boutique","item":"https:\/\/shop.bantam.ch\/fr\/boutique\/"},{"@type":"ListItem","position":3,"name":"Chaise longue avec coussin pour la t\u00eate"}]},{"@type":"WebSite","@id":"https:\/\/shop.bantam.ch\/fr\/#website","url":"https:\/\/shop.bantam.ch\/fr\/","name":"Bantam Wankm\u00fcller SA","description":"","publisher":{"@id":"https:\/\/shop.bantam.ch\/fr\/#organization"},"inLanguage":"fr-FR"},{"@type":"Organization","@id":"https:\/\/shop.bantam.ch\/fr\/#organization","name":"Bantam Wankm\u00fcller SA","url":"https:\/\/shop.bantam.ch\/fr\/","logo":{"@type":"ImageObject","inLanguage":"fr-FR","@id":"https:\/\/shop.bantam.ch\/fr\/#\/schema\/logo\/image\/","url":"https:\/\/shop.bantam.ch\/wp-content\/uploads\/2022\/12\/bantam-logo.png","contentUrl":"https:\/\/shop.bantam.ch\/wp-content\/uploads\/2022\/12\/bantam-logo.png","width":320,"height":71,"caption":"Bantam Wankm\u00fcller SA"},"image":{"@id":"https:\/\/shop.bantam.ch\/fr\/#\/schema\/logo\/image\/"}}]}},"_links":{"self":[{"href":"https:\/\/shop.bantam.ch\/fr\/wp-json\/wp\/v2\/product\/213167","targetHints":{"allow":["GET"]}}],"collection":[{"href":"https:\/\/shop.bantam.ch\/fr\/wp-json\/wp\/v2\/product"}],"about":[{"href":"https:\/\/shop.bantam.ch\/fr\/wp-json\/wp\/v2\/types\/product"}],"wp:attachment":[{"href":"https:\/\/shop.bantam.ch\/fr\/wp-json\/wp\/v2\/media?parent=213167"}],"wp:term":[{"taxonomy":"product_featured_cat","embeddable":true,"href":"https:\/\/shop.bantam.ch\/fr\/wp-json\/wp\/v2\/product_featured_cat?post=213167"},{"taxonomy":"product_brand","embeddable":true,"href":"https:\/\/shop.bantam.ch\/fr\/wp-json\/wp\/v2\/product_brand?post=213167"},{"taxonomy":"product_cat","embeddable":true,"href":"https:\/\/shop.bantam.ch\/fr\/wp-json\/wp\/v2\/product_cat?post=213167"},{"taxonomy":"product_tag","embeddable":true,"href":"https:\/\/shop.bantam.ch\/fr\/wp-json\/wp\/v2\/product_tag?post=213167"}],"curies":[{"name":"wp","href":"https:\/\/api.w.org\/{rel}","templated":true}]}}