{"id":213075,"date":"2025-03-14T15:20:38","date_gmt":"2025-03-14T14:20:38","guid":{"rendered":"https:\/\/shop.bantam.ch\/produit\/stirnlampe-silva-discover-hybrid-black\/"},"modified":"2026-04-19T23:29:53","modified_gmt":"2026-04-19T21:29:53","slug":"stirnlampe-silva-discover-hybrid-black","status":"publish","type":"product","link":"https:\/\/shop.bantam.ch\/fr\/produit\/stirnlampe-silva-discover-hybrid-black\/","title":{"rendered":"Stirnlampe Silva Discover Hybrid Black"},"content":{"rendered":"<p>La Discover Hybrid est une lampe frontale de 500 lumens pour toutes tes aventures en plein air. Elle est robuste, dispose d&rsquo;un bandeau confortable et large et est livr\u00e9e avec un support pour casque. Sa conception est \u00e9tanche \u00e0 la poussi\u00e8re et \u00e0 l&rsquo;eau selon la norme IP65. Le mode lumi\u00e8re rouge de la lampe frontale pr\u00e9serve ta vision nocturne, tandis que la lumi\u00e8re orange permet une meilleure lecture des cartes. Les deux lampes frontales Discover sont dot\u00e9es de la technologie hybride : cela signifie qu&rsquo;elles sont compatibles aussi bien avec la batterie rechargeable Silva Hybrid (fournie avec la Discover Hybrid) qu&rsquo;avec les piles AAA.<\/p>\n<p>Etanche \u00e0 la poussi\u00e8re, \u00e0 l&rsquo;eau et durable<br \/>\nLa Discover Hybrid est une lampe frontale durable avec un design \u00e9tanche \u00e0 la poussi\u00e8re et \u00e0 l&rsquo;eau, conforme \u00e0 la norme IP65. Le large bandeau frontal assure un ajustement confortable. \u00c0 cela s&rsquo;ajoutent des boucles faciles \u00e0 utiliser pour un ajustement rapide.<\/p>\n<p>500 lumens et trois modes d&rsquo;\u00e9clairage LED<br \/>\nLa Discover Hybrid est une lampe frontale de 500 lumens \u00e9quip\u00e9e d&rsquo;une LED COB qui permet de r\u00e9duire les ombres et d&rsquo;\u00e9largir la lumi\u00e8re \u00e0 courte distance. Elle dispose \u00e9galement d&rsquo;un mode lumi\u00e8re rouge pour la vision nocturne, ainsi que d&rsquo;une lumi\u00e8re orange pour une meilleure lisibilit\u00e9 des cartes. La lampe dispose d&rsquo;une fonction de verrouillage et peut \u00eatre utilis\u00e9e en mode super faible avec 15 lumens pour une dur\u00e9e d&rsquo;\u00e9clairage de 25 heures &#8211; parfait pour \u00e9conomiser la batterie.<\/p>\n<p>Discover Hybrid &#8211; Batterie hybride incluse<br \/>\nLes deux lampes frontales Discover sont \u00e9quip\u00e9es de la technologie hybride. Cela signifie qu&rsquo;elles sont compatibles avec la batterie rechargeable Silva Hybrid et les piles AAA. L&rsquo;accumulateur hybride est inclus dans la Discover Hybrid. La lampe frontale dispose \u00e9galement d&rsquo;un indicateur de batterie \u00e0 4 niveaux.<\/p>\n","protected":false},"excerpt":{"rendered":"<p>La Discover Hybrid est une lampe frontale de 500 lumens pour toutes tes aventures en plein air. Elle est robuste, dispose d&rsquo;un bandeau confortable et large et est livr\u00e9e avec un support pour casque. Sa conception est \u00e9tanche \u00e0 la poussi\u00e8re et \u00e0 l&rsquo;eau selon la norme IP65. Le mode lumi\u00e8re rouge de la lampe [&hellip;]<\/p>\n","protected":false},"featured_media":213065,"template":"","meta":{"_acf_changed":false},"product_featured_cat":[],"product_brand":[],"product_cat":[4373],"product_tag":[],"class_list":{"0":"post-213075","1":"product","2":"type-product","3":"status-publish","4":"has-post-thumbnail","6":"product_cat-lampes-frontales","8":"first","9":"instock","10":"taxable","11":"shipping-taxable","12":"purchasable","13":"product-type-simple"},"acf":[],"yoast_head":"<!-- This site is optimized with the Yoast SEO plugin v27.4 - https:\/\/yoast.com\/product\/yoast-seo-wordpress\/ -->\n<title>Stirnlampe Silva Discover Hybrid Black - Bantam Wankm\u00fcller SA<\/title>\n<meta name=\"robots\" content=\"index, follow, max-snippet:-1, max-image-preview:large, max-video-preview:-1\" \/>\n<link rel=\"canonical\" href=\"https:\/\/shop.bantam.ch\/fr\/produit\/stirnlampe-silva-discover-hybrid-black\/\" \/>\n<meta property=\"og:locale\" content=\"fr_FR\" \/>\n<meta property=\"og:type\" content=\"article\" \/>\n<meta property=\"og:title\" content=\"Stirnlampe Silva Discover Hybrid Black - Bantam Wankm\u00fcller SA\" \/>\n<meta property=\"og:description\" content=\"La Discover Hybrid est une lampe frontale de 500 lumens pour toutes tes aventures en plein air. Elle est robuste, dispose d&rsquo;un bandeau confortable et large et est livr\u00e9e avec un support pour casque. Sa conception est \u00e9tanche \u00e0 la poussi\u00e8re et \u00e0 l&rsquo;eau selon la norme IP65. Le mode lumi\u00e8re rouge de la lampe [&hellip;]\" \/>\n<meta property=\"og:url\" content=\"https:\/\/shop.bantam.ch\/fr\/produit\/stirnlampe-silva-discover-hybrid-black\/\" \/>\n<meta property=\"og:site_name\" content=\"Bantam Wankm\u00fcller SA\" \/>\n<meta property=\"article:modified_time\" content=\"2026-04-19T21:29:53+00:00\" \/>\n<meta name=\"twitter:card\" content=\"summary_large_image\" \/>\n<meta name=\"twitter:label1\" content=\"Dur\u00e9e de lecture estim\u00e9e\" \/>\n\t<meta name=\"twitter:data1\" content=\"1 minute\" \/>\n<script type=\"application\/ld+json\" class=\"yoast-schema-graph\">{\"@context\":\"https:\\\/\\\/schema.org\",\"@graph\":[{\"@type\":\"WebPage\",\"@id\":\"https:\\\/\\\/shop.bantam.ch\\\/fr\\\/produit\\\/stirnlampe-silva-discover-hybrid-black\\\/\",\"url\":\"https:\\\/\\\/shop.bantam.ch\\\/fr\\\/produit\\\/stirnlampe-silva-discover-hybrid-black\\\/\",\"name\":\"Stirnlampe Silva Discover Hybrid Black - Bantam Wankm\u00fcller SA\",\"isPartOf\":{\"@id\":\"https:\\\/\\\/shop.bantam.ch\\\/fr\\\/#website\"},\"primaryImageOfPage\":{\"@id\":\"https:\\\/\\\/shop.bantam.ch\\\/fr\\\/produit\\\/stirnlampe-silva-discover-hybrid-black\\\/#primaryimage\"},\"image\":{\"@id\":\"https:\\\/\\\/shop.bantam.ch\\\/fr\\\/produit\\\/stirnlampe-silva-discover-hybrid-black\\\/#primaryimage\"},\"thumbnailUrl\":\"https:\\\/\\\/shop.bantam.ch\\\/wp-content\\\/uploads\\\/2025\\\/03\\\/Movera-L-9962448100.jpg\",\"datePublished\":\"2025-03-14T14:20:38+00:00\",\"dateModified\":\"2026-04-19T21:29:53+00:00\",\"breadcrumb\":{\"@id\":\"https:\\\/\\\/shop.bantam.ch\\\/fr\\\/produit\\\/stirnlampe-silva-discover-hybrid-black\\\/#breadcrumb\"},\"inLanguage\":\"fr-FR\",\"potentialAction\":[{\"@type\":\"ReadAction\",\"target\":[\"https:\\\/\\\/shop.bantam.ch\\\/fr\\\/produit\\\/stirnlampe-silva-discover-hybrid-black\\\/\"]}]},{\"@type\":\"ImageObject\",\"inLanguage\":\"fr-FR\",\"@id\":\"https:\\\/\\\/shop.bantam.ch\\\/fr\\\/produit\\\/stirnlampe-silva-discover-hybrid-black\\\/#primaryimage\",\"url\":\"https:\\\/\\\/shop.bantam.ch\\\/wp-content\\\/uploads\\\/2025\\\/03\\\/Movera-L-9962448100.jpg\",\"contentUrl\":\"https:\\\/\\\/shop.bantam.ch\\\/wp-content\\\/uploads\\\/2025\\\/03\\\/Movera-L-9962448100.jpg\",\"width\":640,\"height\":640},{\"@type\":\"BreadcrumbList\",\"@id\":\"https:\\\/\\\/shop.bantam.ch\\\/fr\\\/produit\\\/stirnlampe-silva-discover-hybrid-black\\\/#breadcrumb\",\"itemListElement\":[{\"@type\":\"ListItem\",\"position\":1,\"name\":\"Accueil\",\"item\":\"https:\\\/\\\/shop.bantam.ch\\\/fr\\\/\"},{\"@type\":\"ListItem\",\"position\":2,\"name\":\"Boutique\",\"item\":\"https:\\\/\\\/shop.bantam.ch\\\/fr\\\/boutique\\\/\"},{\"@type\":\"ListItem\",\"position\":3,\"name\":\"Stirnlampe Silva Discover Hybrid Black\"}]},{\"@type\":\"WebSite\",\"@id\":\"https:\\\/\\\/shop.bantam.ch\\\/fr\\\/#website\",\"url\":\"https:\\\/\\\/shop.bantam.ch\\\/fr\\\/\",\"name\":\"Bantam Wankm\u00fcller SA\",\"description\":\"\",\"publisher\":{\"@id\":\"https:\\\/\\\/shop.bantam.ch\\\/fr\\\/#organization\"},\"inLanguage\":\"fr-FR\"},{\"@type\":\"Organization\",\"@id\":\"https:\\\/\\\/shop.bantam.ch\\\/fr\\\/#organization\",\"name\":\"Bantam Wankm\u00fcller SA\",\"url\":\"https:\\\/\\\/shop.bantam.ch\\\/fr\\\/\",\"logo\":{\"@type\":\"ImageObject\",\"inLanguage\":\"fr-FR\",\"@id\":\"https:\\\/\\\/shop.bantam.ch\\\/fr\\\/#\\\/schema\\\/logo\\\/image\\\/\",\"url\":\"https:\\\/\\\/shop.bantam.ch\\\/wp-content\\\/uploads\\\/2022\\\/12\\\/bantam-logo.png\",\"contentUrl\":\"https:\\\/\\\/shop.bantam.ch\\\/wp-content\\\/uploads\\\/2022\\\/12\\\/bantam-logo.png\",\"width\":320,\"height\":71,\"caption\":\"Bantam Wankm\u00fcller SA\"},\"image\":{\"@id\":\"https:\\\/\\\/shop.bantam.ch\\\/fr\\\/#\\\/schema\\\/logo\\\/image\\\/\"}}]}<\/script>\n<!-- \/ Yoast SEO plugin. -->","yoast_head_json":{"title":"Stirnlampe Silva Discover Hybrid Black - Bantam Wankm\u00fcller SA","robots":{"index":"index","follow":"follow","max-snippet":"max-snippet:-1","max-image-preview":"max-image-preview:large","max-video-preview":"max-video-preview:-1"},"canonical":"https:\/\/shop.bantam.ch\/fr\/produit\/stirnlampe-silva-discover-hybrid-black\/","og_locale":"fr_FR","og_type":"article","og_title":"Stirnlampe Silva Discover Hybrid Black - Bantam Wankm\u00fcller SA","og_description":"La Discover Hybrid est une lampe frontale de 500 lumens pour toutes tes aventures en plein air. Elle est robuste, dispose d&rsquo;un bandeau confortable et large et est livr\u00e9e avec un support pour casque. Sa conception est \u00e9tanche \u00e0 la poussi\u00e8re et \u00e0 l&rsquo;eau selon la norme IP65. Le mode lumi\u00e8re rouge de la lampe [&hellip;]","og_url":"https:\/\/shop.bantam.ch\/fr\/produit\/stirnlampe-silva-discover-hybrid-black\/","og_site_name":"Bantam Wankm\u00fcller SA","article_modified_time":"2026-04-19T21:29:53+00:00","twitter_card":"summary_large_image","twitter_misc":{"Dur\u00e9e de lecture estim\u00e9e":"1 minute"},"schema":{"@context":"https:\/\/schema.org","@graph":[{"@type":"WebPage","@id":"https:\/\/shop.bantam.ch\/fr\/produit\/stirnlampe-silva-discover-hybrid-black\/","url":"https:\/\/shop.bantam.ch\/fr\/produit\/stirnlampe-silva-discover-hybrid-black\/","name":"Stirnlampe Silva Discover Hybrid Black - Bantam Wankm\u00fcller SA","isPartOf":{"@id":"https:\/\/shop.bantam.ch\/fr\/#website"},"primaryImageOfPage":{"@id":"https:\/\/shop.bantam.ch\/fr\/produit\/stirnlampe-silva-discover-hybrid-black\/#primaryimage"},"image":{"@id":"https:\/\/shop.bantam.ch\/fr\/produit\/stirnlampe-silva-discover-hybrid-black\/#primaryimage"},"thumbnailUrl":"https:\/\/shop.bantam.ch\/wp-content\/uploads\/2025\/03\/Movera-L-9962448100.jpg","datePublished":"2025-03-14T14:20:38+00:00","dateModified":"2026-04-19T21:29:53+00:00","breadcrumb":{"@id":"https:\/\/shop.bantam.ch\/fr\/produit\/stirnlampe-silva-discover-hybrid-black\/#breadcrumb"},"inLanguage":"fr-FR","potentialAction":[{"@type":"ReadAction","target":["https:\/\/shop.bantam.ch\/fr\/produit\/stirnlampe-silva-discover-hybrid-black\/"]}]},{"@type":"ImageObject","inLanguage":"fr-FR","@id":"https:\/\/shop.bantam.ch\/fr\/produit\/stirnlampe-silva-discover-hybrid-black\/#primaryimage","url":"https:\/\/shop.bantam.ch\/wp-content\/uploads\/2025\/03\/Movera-L-9962448100.jpg","contentUrl":"https:\/\/shop.bantam.ch\/wp-content\/uploads\/2025\/03\/Movera-L-9962448100.jpg","width":640,"height":640},{"@type":"BreadcrumbList","@id":"https:\/\/shop.bantam.ch\/fr\/produit\/stirnlampe-silva-discover-hybrid-black\/#breadcrumb","itemListElement":[{"@type":"ListItem","position":1,"name":"Accueil","item":"https:\/\/shop.bantam.ch\/fr\/"},{"@type":"ListItem","position":2,"name":"Boutique","item":"https:\/\/shop.bantam.ch\/fr\/boutique\/"},{"@type":"ListItem","position":3,"name":"Stirnlampe Silva Discover Hybrid Black"}]},{"@type":"WebSite","@id":"https:\/\/shop.bantam.ch\/fr\/#website","url":"https:\/\/shop.bantam.ch\/fr\/","name":"Bantam Wankm\u00fcller SA","description":"","publisher":{"@id":"https:\/\/shop.bantam.ch\/fr\/#organization"},"inLanguage":"fr-FR"},{"@type":"Organization","@id":"https:\/\/shop.bantam.ch\/fr\/#organization","name":"Bantam Wankm\u00fcller SA","url":"https:\/\/shop.bantam.ch\/fr\/","logo":{"@type":"ImageObject","inLanguage":"fr-FR","@id":"https:\/\/shop.bantam.ch\/fr\/#\/schema\/logo\/image\/","url":"https:\/\/shop.bantam.ch\/wp-content\/uploads\/2022\/12\/bantam-logo.png","contentUrl":"https:\/\/shop.bantam.ch\/wp-content\/uploads\/2022\/12\/bantam-logo.png","width":320,"height":71,"caption":"Bantam Wankm\u00fcller SA"},"image":{"@id":"https:\/\/shop.bantam.ch\/fr\/#\/schema\/logo\/image\/"}}]}},"_links":{"self":[{"href":"https:\/\/shop.bantam.ch\/fr\/wp-json\/wp\/v2\/product\/213075","targetHints":{"allow":["GET"]}}],"collection":[{"href":"https:\/\/shop.bantam.ch\/fr\/wp-json\/wp\/v2\/product"}],"about":[{"href":"https:\/\/shop.bantam.ch\/fr\/wp-json\/wp\/v2\/types\/product"}],"wp:featuredmedia":[{"embeddable":true,"href":"https:\/\/shop.bantam.ch\/fr\/wp-json\/wp\/v2\/media\/213065"}],"wp:attachment":[{"href":"https:\/\/shop.bantam.ch\/fr\/wp-json\/wp\/v2\/media?parent=213075"}],"wp:term":[{"taxonomy":"product_featured_cat","embeddable":true,"href":"https:\/\/shop.bantam.ch\/fr\/wp-json\/wp\/v2\/product_featured_cat?post=213075"},{"taxonomy":"product_brand","embeddable":true,"href":"https:\/\/shop.bantam.ch\/fr\/wp-json\/wp\/v2\/product_brand?post=213075"},{"taxonomy":"product_cat","embeddable":true,"href":"https:\/\/shop.bantam.ch\/fr\/wp-json\/wp\/v2\/product_cat?post=213075"},{"taxonomy":"product_tag","embeddable":true,"href":"https:\/\/shop.bantam.ch\/fr\/wp-json\/wp\/v2\/product_tag?post=213075"}],"curies":[{"name":"wp","href":"https:\/\/api.w.org\/{rel}","templated":true}]}}