{"id":212945,"date":"2025-03-14T15:17:58","date_gmt":"2025-03-14T14:17:58","guid":{"rendered":"https:\/\/shop.bantam.ch\/produit\/parasol-avellino-180x130-cm\/"},"modified":"2026-04-18T01:49:00","modified_gmt":"2026-04-17T23:49:00","slug":"parasol-avellino-180x130-cm","status":"publish","type":"product","link":"https:\/\/shop.bantam.ch\/fr\/produit\/parasol-avellino-180x130-cm\/","title":{"rendered":"Parasol Avellino 180&#215;130 cm"},"content":{"rendered":"<p>D\u00e9couvrez avec notre parasol de balcon Avellino un multitalent polyvalent qui ne se contente pas d&#8217;embellir votre balcon, mais qui convient aussi parfaitement \u00e0 votre jardin ou \u00e0 votre terrasse. La structure \u00e0 rev\u00eatement par poudre gris anthracite n&rsquo;est pas seulement agr\u00e9able \u00e0 l&rsquo;\u0153il, elle offre \u00e9galement toute une s\u00e9rie de fonctions qui rendront vos journ\u00e9es d&rsquo;\u00e9t\u00e9 encore plus agr\u00e9ables. Gr\u00e2ce au r\u00e9glage de la hauteur et au d\u00e9placement lat\u00e9ral, le parasol s&rsquo;adapte \u00e0 vos besoins de mani\u00e8re flexible. Le bandeau peut en outre \u00eatre tourn\u00e9 et orient\u00e9 dans toutes les directions pour offrir l&rsquo;ombre parfaite. L&rsquo;Avellino est la solution flexible pour profiter de la l\u00e9g\u00e8ret\u00e9 de l&rsquo;\u00e9t\u00e9.<br \/>\nParasol de balcon AVELLINO de 180 x 130 cm, imputrescible, impr\u00e9gnation hydrofuge &#8211; env. 160 g\/m\u00b2, amovible pour lavage \u00e0 la main.<br \/>\nStructure en acier thermolaqu\u00e9 gris anthracite, baleine en 2 parties de 22\/25 mm \u00d8 (baleine sup\u00e9rieure\/baleine inf\u00e9rieure), orientable et pivotante dans toutes les directions, d\u00e9pla\u00e7able lat\u00e9ralement jusqu&rsquo;\u00e0 56 cm et r\u00e9glable en hauteur jusqu&rsquo;\u00e0 81 cm. Sac en polyester inclus.<br \/>\nMat\u00e9riaux :&nbsp;<br \/>\nEntoilage : 100 % polyester<br \/>\nStructure : acier<\/p>\n","protected":false},"excerpt":{"rendered":"<p>D\u00e9couvrez avec notre parasol de balcon Avellino un multitalent polyvalent qui ne se contente pas d&#8217;embellir votre balcon, mais qui convient aussi parfaitement \u00e0 votre jardin ou \u00e0 votre terrasse. La structure \u00e0 rev\u00eatement par poudre gris anthracite n&rsquo;est pas seulement agr\u00e9able \u00e0 l&rsquo;\u0153il, elle offre \u00e9galement toute une s\u00e9rie de fonctions qui rendront vos [&hellip;]<\/p>\n","protected":false},"featured_media":212935,"template":"","meta":{"_acf_changed":false},"product_featured_cat":[],"product_brand":[],"product_cat":[4463],"product_tag":[],"class_list":{"0":"post-212945","1":"product","2":"type-product","3":"status-publish","4":"has-post-thumbnail","6":"product_cat-parasols","8":"first","9":"instock","10":"taxable","11":"shipping-taxable","12":"purchasable","13":"product-type-variable"},"acf":[],"yoast_head":"<!-- This site is optimized with the Yoast SEO plugin v27.4 - https:\/\/yoast.com\/product\/yoast-seo-wordpress\/ -->\n<title>Parasol Avellino 180x130 cm - Bantam Wankm\u00fcller SA<\/title>\n<meta name=\"robots\" content=\"index, follow, max-snippet:-1, max-image-preview:large, max-video-preview:-1\" \/>\n<link rel=\"canonical\" href=\"https:\/\/shop.bantam.ch\/fr\/produit\/parasol-avellino-180x130-cm\/\" \/>\n<meta property=\"og:locale\" content=\"fr_FR\" \/>\n<meta property=\"og:type\" content=\"article\" \/>\n<meta property=\"og:title\" content=\"Parasol Avellino 180x130 cm - Bantam Wankm\u00fcller SA\" \/>\n<meta property=\"og:description\" content=\"D\u00e9couvrez avec notre parasol de balcon Avellino un multitalent polyvalent qui ne se contente pas d&#8217;embellir votre balcon, mais qui convient aussi parfaitement \u00e0 votre jardin ou \u00e0 votre terrasse. La structure \u00e0 rev\u00eatement par poudre gris anthracite n&rsquo;est pas seulement agr\u00e9able \u00e0 l&rsquo;\u0153il, elle offre \u00e9galement toute une s\u00e9rie de fonctions qui rendront vos [&hellip;]\" \/>\n<meta property=\"og:url\" content=\"https:\/\/shop.bantam.ch\/fr\/produit\/parasol-avellino-180x130-cm\/\" \/>\n<meta property=\"og:site_name\" content=\"Bantam Wankm\u00fcller SA\" \/>\n<meta property=\"article:modified_time\" content=\"2026-04-17T23:49:00+00:00\" \/>\n<meta name=\"twitter:card\" content=\"summary_large_image\" \/>\n<meta name=\"twitter:label1\" content=\"Dur\u00e9e de lecture estim\u00e9e\" \/>\n\t<meta name=\"twitter:data1\" content=\"1 minute\" \/>\n<script type=\"application\/ld+json\" class=\"yoast-schema-graph\">{\"@context\":\"https:\\\/\\\/schema.org\",\"@graph\":[{\"@type\":\"WebPage\",\"@id\":\"https:\\\/\\\/shop.bantam.ch\\\/fr\\\/produit\\\/parasol-avellino-180x130-cm\\\/\",\"url\":\"https:\\\/\\\/shop.bantam.ch\\\/fr\\\/produit\\\/parasol-avellino-180x130-cm\\\/\",\"name\":\"Parasol Avellino 180x130 cm - Bantam Wankm\u00fcller SA\",\"isPartOf\":{\"@id\":\"https:\\\/\\\/shop.bantam.ch\\\/fr\\\/#website\"},\"primaryImageOfPage\":{\"@id\":\"https:\\\/\\\/shop.bantam.ch\\\/fr\\\/produit\\\/parasol-avellino-180x130-cm\\\/#primaryimage\"},\"image\":{\"@id\":\"https:\\\/\\\/shop.bantam.ch\\\/fr\\\/produit\\\/parasol-avellino-180x130-cm\\\/#primaryimage\"},\"thumbnailUrl\":\"https:\\\/\\\/shop.bantam.ch\\\/wp-content\\\/uploads\\\/2025\\\/03\\\/Movera-L-9962408100.jpg\",\"datePublished\":\"2025-03-14T14:17:58+00:00\",\"dateModified\":\"2026-04-17T23:49:00+00:00\",\"breadcrumb\":{\"@id\":\"https:\\\/\\\/shop.bantam.ch\\\/fr\\\/produit\\\/parasol-avellino-180x130-cm\\\/#breadcrumb\"},\"inLanguage\":\"fr-FR\",\"potentialAction\":[{\"@type\":\"ReadAction\",\"target\":[\"https:\\\/\\\/shop.bantam.ch\\\/fr\\\/produit\\\/parasol-avellino-180x130-cm\\\/\"]}]},{\"@type\":\"ImageObject\",\"inLanguage\":\"fr-FR\",\"@id\":\"https:\\\/\\\/shop.bantam.ch\\\/fr\\\/produit\\\/parasol-avellino-180x130-cm\\\/#primaryimage\",\"url\":\"https:\\\/\\\/shop.bantam.ch\\\/wp-content\\\/uploads\\\/2025\\\/03\\\/Movera-L-9962408100.jpg\",\"contentUrl\":\"https:\\\/\\\/shop.bantam.ch\\\/wp-content\\\/uploads\\\/2025\\\/03\\\/Movera-L-9962408100.jpg\",\"width\":640,\"height\":552},{\"@type\":\"BreadcrumbList\",\"@id\":\"https:\\\/\\\/shop.bantam.ch\\\/fr\\\/produit\\\/parasol-avellino-180x130-cm\\\/#breadcrumb\",\"itemListElement\":[{\"@type\":\"ListItem\",\"position\":1,\"name\":\"Accueil\",\"item\":\"https:\\\/\\\/shop.bantam.ch\\\/fr\\\/\"},{\"@type\":\"ListItem\",\"position\":2,\"name\":\"Boutique\",\"item\":\"https:\\\/\\\/shop.bantam.ch\\\/fr\\\/boutique\\\/\"},{\"@type\":\"ListItem\",\"position\":3,\"name\":\"Parasol Avellino 180&#215;130 cm\"}]},{\"@type\":\"WebSite\",\"@id\":\"https:\\\/\\\/shop.bantam.ch\\\/fr\\\/#website\",\"url\":\"https:\\\/\\\/shop.bantam.ch\\\/fr\\\/\",\"name\":\"Bantam Wankm\u00fcller SA\",\"description\":\"\",\"publisher\":{\"@id\":\"https:\\\/\\\/shop.bantam.ch\\\/fr\\\/#organization\"},\"inLanguage\":\"fr-FR\"},{\"@type\":\"Organization\",\"@id\":\"https:\\\/\\\/shop.bantam.ch\\\/fr\\\/#organization\",\"name\":\"Bantam Wankm\u00fcller SA\",\"url\":\"https:\\\/\\\/shop.bantam.ch\\\/fr\\\/\",\"logo\":{\"@type\":\"ImageObject\",\"inLanguage\":\"fr-FR\",\"@id\":\"https:\\\/\\\/shop.bantam.ch\\\/fr\\\/#\\\/schema\\\/logo\\\/image\\\/\",\"url\":\"https:\\\/\\\/shop.bantam.ch\\\/wp-content\\\/uploads\\\/2022\\\/12\\\/bantam-logo.png\",\"contentUrl\":\"https:\\\/\\\/shop.bantam.ch\\\/wp-content\\\/uploads\\\/2022\\\/12\\\/bantam-logo.png\",\"width\":320,\"height\":71,\"caption\":\"Bantam Wankm\u00fcller SA\"},\"image\":{\"@id\":\"https:\\\/\\\/shop.bantam.ch\\\/fr\\\/#\\\/schema\\\/logo\\\/image\\\/\"}}]}<\/script>\n<!-- \/ Yoast SEO plugin. -->","yoast_head_json":{"title":"Parasol Avellino 180x130 cm - Bantam Wankm\u00fcller SA","robots":{"index":"index","follow":"follow","max-snippet":"max-snippet:-1","max-image-preview":"max-image-preview:large","max-video-preview":"max-video-preview:-1"},"canonical":"https:\/\/shop.bantam.ch\/fr\/produit\/parasol-avellino-180x130-cm\/","og_locale":"fr_FR","og_type":"article","og_title":"Parasol Avellino 180x130 cm - Bantam Wankm\u00fcller SA","og_description":"D\u00e9couvrez avec notre parasol de balcon Avellino un multitalent polyvalent qui ne se contente pas d&#8217;embellir votre balcon, mais qui convient aussi parfaitement \u00e0 votre jardin ou \u00e0 votre terrasse. La structure \u00e0 rev\u00eatement par poudre gris anthracite n&rsquo;est pas seulement agr\u00e9able \u00e0 l&rsquo;\u0153il, elle offre \u00e9galement toute une s\u00e9rie de fonctions qui rendront vos [&hellip;]","og_url":"https:\/\/shop.bantam.ch\/fr\/produit\/parasol-avellino-180x130-cm\/","og_site_name":"Bantam Wankm\u00fcller SA","article_modified_time":"2026-04-17T23:49:00+00:00","twitter_card":"summary_large_image","twitter_misc":{"Dur\u00e9e de lecture estim\u00e9e":"1 minute"},"schema":{"@context":"https:\/\/schema.org","@graph":[{"@type":"WebPage","@id":"https:\/\/shop.bantam.ch\/fr\/produit\/parasol-avellino-180x130-cm\/","url":"https:\/\/shop.bantam.ch\/fr\/produit\/parasol-avellino-180x130-cm\/","name":"Parasol Avellino 180x130 cm - Bantam Wankm\u00fcller SA","isPartOf":{"@id":"https:\/\/shop.bantam.ch\/fr\/#website"},"primaryImageOfPage":{"@id":"https:\/\/shop.bantam.ch\/fr\/produit\/parasol-avellino-180x130-cm\/#primaryimage"},"image":{"@id":"https:\/\/shop.bantam.ch\/fr\/produit\/parasol-avellino-180x130-cm\/#primaryimage"},"thumbnailUrl":"https:\/\/shop.bantam.ch\/wp-content\/uploads\/2025\/03\/Movera-L-9962408100.jpg","datePublished":"2025-03-14T14:17:58+00:00","dateModified":"2026-04-17T23:49:00+00:00","breadcrumb":{"@id":"https:\/\/shop.bantam.ch\/fr\/produit\/parasol-avellino-180x130-cm\/#breadcrumb"},"inLanguage":"fr-FR","potentialAction":[{"@type":"ReadAction","target":["https:\/\/shop.bantam.ch\/fr\/produit\/parasol-avellino-180x130-cm\/"]}]},{"@type":"ImageObject","inLanguage":"fr-FR","@id":"https:\/\/shop.bantam.ch\/fr\/produit\/parasol-avellino-180x130-cm\/#primaryimage","url":"https:\/\/shop.bantam.ch\/wp-content\/uploads\/2025\/03\/Movera-L-9962408100.jpg","contentUrl":"https:\/\/shop.bantam.ch\/wp-content\/uploads\/2025\/03\/Movera-L-9962408100.jpg","width":640,"height":552},{"@type":"BreadcrumbList","@id":"https:\/\/shop.bantam.ch\/fr\/produit\/parasol-avellino-180x130-cm\/#breadcrumb","itemListElement":[{"@type":"ListItem","position":1,"name":"Accueil","item":"https:\/\/shop.bantam.ch\/fr\/"},{"@type":"ListItem","position":2,"name":"Boutique","item":"https:\/\/shop.bantam.ch\/fr\/boutique\/"},{"@type":"ListItem","position":3,"name":"Parasol Avellino 180&#215;130 cm"}]},{"@type":"WebSite","@id":"https:\/\/shop.bantam.ch\/fr\/#website","url":"https:\/\/shop.bantam.ch\/fr\/","name":"Bantam Wankm\u00fcller SA","description":"","publisher":{"@id":"https:\/\/shop.bantam.ch\/fr\/#organization"},"inLanguage":"fr-FR"},{"@type":"Organization","@id":"https:\/\/shop.bantam.ch\/fr\/#organization","name":"Bantam Wankm\u00fcller SA","url":"https:\/\/shop.bantam.ch\/fr\/","logo":{"@type":"ImageObject","inLanguage":"fr-FR","@id":"https:\/\/shop.bantam.ch\/fr\/#\/schema\/logo\/image\/","url":"https:\/\/shop.bantam.ch\/wp-content\/uploads\/2022\/12\/bantam-logo.png","contentUrl":"https:\/\/shop.bantam.ch\/wp-content\/uploads\/2022\/12\/bantam-logo.png","width":320,"height":71,"caption":"Bantam Wankm\u00fcller SA"},"image":{"@id":"https:\/\/shop.bantam.ch\/fr\/#\/schema\/logo\/image\/"}}]}},"_links":{"self":[{"href":"https:\/\/shop.bantam.ch\/fr\/wp-json\/wp\/v2\/product\/212945","targetHints":{"allow":["GET"]}}],"collection":[{"href":"https:\/\/shop.bantam.ch\/fr\/wp-json\/wp\/v2\/product"}],"about":[{"href":"https:\/\/shop.bantam.ch\/fr\/wp-json\/wp\/v2\/types\/product"}],"wp:featuredmedia":[{"embeddable":true,"href":"https:\/\/shop.bantam.ch\/fr\/wp-json\/wp\/v2\/media\/212935"}],"wp:attachment":[{"href":"https:\/\/shop.bantam.ch\/fr\/wp-json\/wp\/v2\/media?parent=212945"}],"wp:term":[{"taxonomy":"product_featured_cat","embeddable":true,"href":"https:\/\/shop.bantam.ch\/fr\/wp-json\/wp\/v2\/product_featured_cat?post=212945"},{"taxonomy":"product_brand","embeddable":true,"href":"https:\/\/shop.bantam.ch\/fr\/wp-json\/wp\/v2\/product_brand?post=212945"},{"taxonomy":"product_cat","embeddable":true,"href":"https:\/\/shop.bantam.ch\/fr\/wp-json\/wp\/v2\/product_cat?post=212945"},{"taxonomy":"product_tag","embeddable":true,"href":"https:\/\/shop.bantam.ch\/fr\/wp-json\/wp\/v2\/product_tag?post=212945"}],"curies":[{"name":"wp","href":"https:\/\/api.w.org\/{rel}","templated":true}]}}