{"id":212913,"date":"2025-03-14T15:17:30","date_gmt":"2025-03-14T14:17:30","guid":{"rendered":"https:\/\/shop.bantam.ch\/produit\/adaptateur-declairage-led\/"},"modified":"2026-04-17T23:23:20","modified_gmt":"2026-04-17T21:23:20","slug":"adaptateur-declairage-led","status":"publish","type":"product","link":"https:\/\/shop.bantam.ch\/fr\/produit\/adaptateur-declairage-led\/","title":{"rendered":"Adaptateur d&rsquo;\u00e9clairage LED"},"content":{"rendered":"<p>Convertisseur LED CANBUS 12V<br \/>\nConvient uniquement pour 12V<br \/>\n\u00c9limine les interf\u00e9rences ou autres effets secondaires \u00e9tranges lors de l&rsquo;utilisation de feux LED en combinaison avec votre voiture ou une remorque.<br \/>\nFacile \u00e0 monter sur une remorque, une remorque de bateau, une remorque de cheval ou une caravane.<br \/>\nPeut \u00eatre utilis\u00e9 avec presque toutes les lampes LED 12V et fonctionne toujours parfaitement avec 95% des voitures.<br \/>\nLe syst\u00e8me \u00e9lectronique intelligent communique avec le syst\u00e8me CAN-BUS sur le v\u00e9hicule tract\u00e9<br \/>\nDe 13 \u00e0 13 p\u00f4les<\/p>\n","protected":false},"excerpt":{"rendered":"<p>Convertisseur LED CANBUS 12V Convient uniquement pour 12V \u00c9limine les interf\u00e9rences ou autres effets secondaires \u00e9tranges lors de l&rsquo;utilisation de feux LED en combinaison avec votre voiture ou une remorque. Facile \u00e0 monter sur une remorque, une remorque de bateau, une remorque de cheval ou une caravane. Peut \u00eatre utilis\u00e9 avec presque toutes les lampes [&hellip;]<\/p>\n","protected":false},"featured_media":212905,"template":"","meta":{"_acf_changed":false},"product_featured_cat":[],"product_brand":[],"product_cat":[5103],"product_tag":[],"class_list":{"0":"post-212913","1":"product","2":"type-product","3":"status-publish","4":"has-post-thumbnail","6":"product_cat-systemes-electriques-pour-remorques","8":"first","9":"instock","10":"taxable","11":"shipping-taxable","12":"purchasable","13":"product-type-simple"},"acf":[],"yoast_head":"<!-- This site is optimized with the Yoast SEO plugin v27.4 - https:\/\/yoast.com\/product\/yoast-seo-wordpress\/ -->\n<title>Adaptateur d&#039;\u00e9clairage LED - Bantam Wankm\u00fcller SA<\/title>\n<meta name=\"robots\" content=\"index, follow, max-snippet:-1, max-image-preview:large, max-video-preview:-1\" \/>\n<link rel=\"canonical\" href=\"https:\/\/shop.bantam.ch\/fr\/produit\/adaptateur-declairage-led\/\" \/>\n<meta property=\"og:locale\" content=\"fr_FR\" \/>\n<meta property=\"og:type\" content=\"article\" \/>\n<meta property=\"og:title\" content=\"Adaptateur d&#039;\u00e9clairage LED - Bantam Wankm\u00fcller SA\" \/>\n<meta property=\"og:description\" content=\"Convertisseur LED CANBUS 12V Convient uniquement pour 12V \u00c9limine les interf\u00e9rences ou autres effets secondaires \u00e9tranges lors de l&rsquo;utilisation de feux LED en combinaison avec votre voiture ou une remorque. Facile \u00e0 monter sur une remorque, une remorque de bateau, une remorque de cheval ou une caravane. Peut \u00eatre utilis\u00e9 avec presque toutes les lampes [&hellip;]\" \/>\n<meta property=\"og:url\" content=\"https:\/\/shop.bantam.ch\/fr\/produit\/adaptateur-declairage-led\/\" \/>\n<meta property=\"og:site_name\" content=\"Bantam Wankm\u00fcller SA\" \/>\n<meta property=\"article:modified_time\" content=\"2026-04-17T21:23:20+00:00\" \/>\n<meta name=\"twitter:card\" content=\"summary_large_image\" \/>\n<script type=\"application\/ld+json\" class=\"yoast-schema-graph\">{\"@context\":\"https:\\\/\\\/schema.org\",\"@graph\":[{\"@type\":\"WebPage\",\"@id\":\"https:\\\/\\\/shop.bantam.ch\\\/fr\\\/produit\\\/adaptateur-declairage-led\\\/\",\"url\":\"https:\\\/\\\/shop.bantam.ch\\\/fr\\\/produit\\\/adaptateur-declairage-led\\\/\",\"name\":\"Adaptateur d'\u00e9clairage LED - Bantam Wankm\u00fcller SA\",\"isPartOf\":{\"@id\":\"https:\\\/\\\/shop.bantam.ch\\\/fr\\\/#website\"},\"primaryImageOfPage\":{\"@id\":\"https:\\\/\\\/shop.bantam.ch\\\/fr\\\/produit\\\/adaptateur-declairage-led\\\/#primaryimage\"},\"image\":{\"@id\":\"https:\\\/\\\/shop.bantam.ch\\\/fr\\\/produit\\\/adaptateur-declairage-led\\\/#primaryimage\"},\"thumbnailUrl\":\"https:\\\/\\\/shop.bantam.ch\\\/wp-content\\\/uploads\\\/2025\\\/03\\\/Movera-L-9962404100.jpg\",\"datePublished\":\"2025-03-14T14:17:30+00:00\",\"dateModified\":\"2026-04-17T21:23:20+00:00\",\"breadcrumb\":{\"@id\":\"https:\\\/\\\/shop.bantam.ch\\\/fr\\\/produit\\\/adaptateur-declairage-led\\\/#breadcrumb\"},\"inLanguage\":\"fr-FR\",\"potentialAction\":[{\"@type\":\"ReadAction\",\"target\":[\"https:\\\/\\\/shop.bantam.ch\\\/fr\\\/produit\\\/adaptateur-declairage-led\\\/\"]}]},{\"@type\":\"ImageObject\",\"inLanguage\":\"fr-FR\",\"@id\":\"https:\\\/\\\/shop.bantam.ch\\\/fr\\\/produit\\\/adaptateur-declairage-led\\\/#primaryimage\",\"url\":\"https:\\\/\\\/shop.bantam.ch\\\/wp-content\\\/uploads\\\/2025\\\/03\\\/Movera-L-9962404100.jpg\",\"contentUrl\":\"https:\\\/\\\/shop.bantam.ch\\\/wp-content\\\/uploads\\\/2025\\\/03\\\/Movera-L-9962404100.jpg\",\"width\":640,\"height\":511},{\"@type\":\"BreadcrumbList\",\"@id\":\"https:\\\/\\\/shop.bantam.ch\\\/fr\\\/produit\\\/adaptateur-declairage-led\\\/#breadcrumb\",\"itemListElement\":[{\"@type\":\"ListItem\",\"position\":1,\"name\":\"Accueil\",\"item\":\"https:\\\/\\\/shop.bantam.ch\\\/fr\\\/\"},{\"@type\":\"ListItem\",\"position\":2,\"name\":\"Boutique\",\"item\":\"https:\\\/\\\/shop.bantam.ch\\\/fr\\\/boutique\\\/\"},{\"@type\":\"ListItem\",\"position\":3,\"name\":\"Adaptateur d&#8217;\u00e9clairage LED\"}]},{\"@type\":\"WebSite\",\"@id\":\"https:\\\/\\\/shop.bantam.ch\\\/fr\\\/#website\",\"url\":\"https:\\\/\\\/shop.bantam.ch\\\/fr\\\/\",\"name\":\"Bantam Wankm\u00fcller SA\",\"description\":\"\",\"publisher\":{\"@id\":\"https:\\\/\\\/shop.bantam.ch\\\/fr\\\/#organization\"},\"inLanguage\":\"fr-FR\"},{\"@type\":\"Organization\",\"@id\":\"https:\\\/\\\/shop.bantam.ch\\\/fr\\\/#organization\",\"name\":\"Bantam Wankm\u00fcller SA\",\"url\":\"https:\\\/\\\/shop.bantam.ch\\\/fr\\\/\",\"logo\":{\"@type\":\"ImageObject\",\"inLanguage\":\"fr-FR\",\"@id\":\"https:\\\/\\\/shop.bantam.ch\\\/fr\\\/#\\\/schema\\\/logo\\\/image\\\/\",\"url\":\"https:\\\/\\\/shop.bantam.ch\\\/wp-content\\\/uploads\\\/2022\\\/12\\\/bantam-logo.png\",\"contentUrl\":\"https:\\\/\\\/shop.bantam.ch\\\/wp-content\\\/uploads\\\/2022\\\/12\\\/bantam-logo.png\",\"width\":320,\"height\":71,\"caption\":\"Bantam Wankm\u00fcller SA\"},\"image\":{\"@id\":\"https:\\\/\\\/shop.bantam.ch\\\/fr\\\/#\\\/schema\\\/logo\\\/image\\\/\"}}]}<\/script>\n<!-- \/ Yoast SEO plugin. -->","yoast_head_json":{"title":"Adaptateur d'\u00e9clairage LED - Bantam Wankm\u00fcller SA","robots":{"index":"index","follow":"follow","max-snippet":"max-snippet:-1","max-image-preview":"max-image-preview:large","max-video-preview":"max-video-preview:-1"},"canonical":"https:\/\/shop.bantam.ch\/fr\/produit\/adaptateur-declairage-led\/","og_locale":"fr_FR","og_type":"article","og_title":"Adaptateur d'\u00e9clairage LED - Bantam Wankm\u00fcller SA","og_description":"Convertisseur LED CANBUS 12V Convient uniquement pour 12V \u00c9limine les interf\u00e9rences ou autres effets secondaires \u00e9tranges lors de l&rsquo;utilisation de feux LED en combinaison avec votre voiture ou une remorque. Facile \u00e0 monter sur une remorque, une remorque de bateau, une remorque de cheval ou une caravane. Peut \u00eatre utilis\u00e9 avec presque toutes les lampes [&hellip;]","og_url":"https:\/\/shop.bantam.ch\/fr\/produit\/adaptateur-declairage-led\/","og_site_name":"Bantam Wankm\u00fcller SA","article_modified_time":"2026-04-17T21:23:20+00:00","twitter_card":"summary_large_image","schema":{"@context":"https:\/\/schema.org","@graph":[{"@type":"WebPage","@id":"https:\/\/shop.bantam.ch\/fr\/produit\/adaptateur-declairage-led\/","url":"https:\/\/shop.bantam.ch\/fr\/produit\/adaptateur-declairage-led\/","name":"Adaptateur d'\u00e9clairage LED - Bantam Wankm\u00fcller SA","isPartOf":{"@id":"https:\/\/shop.bantam.ch\/fr\/#website"},"primaryImageOfPage":{"@id":"https:\/\/shop.bantam.ch\/fr\/produit\/adaptateur-declairage-led\/#primaryimage"},"image":{"@id":"https:\/\/shop.bantam.ch\/fr\/produit\/adaptateur-declairage-led\/#primaryimage"},"thumbnailUrl":"https:\/\/shop.bantam.ch\/wp-content\/uploads\/2025\/03\/Movera-L-9962404100.jpg","datePublished":"2025-03-14T14:17:30+00:00","dateModified":"2026-04-17T21:23:20+00:00","breadcrumb":{"@id":"https:\/\/shop.bantam.ch\/fr\/produit\/adaptateur-declairage-led\/#breadcrumb"},"inLanguage":"fr-FR","potentialAction":[{"@type":"ReadAction","target":["https:\/\/shop.bantam.ch\/fr\/produit\/adaptateur-declairage-led\/"]}]},{"@type":"ImageObject","inLanguage":"fr-FR","@id":"https:\/\/shop.bantam.ch\/fr\/produit\/adaptateur-declairage-led\/#primaryimage","url":"https:\/\/shop.bantam.ch\/wp-content\/uploads\/2025\/03\/Movera-L-9962404100.jpg","contentUrl":"https:\/\/shop.bantam.ch\/wp-content\/uploads\/2025\/03\/Movera-L-9962404100.jpg","width":640,"height":511},{"@type":"BreadcrumbList","@id":"https:\/\/shop.bantam.ch\/fr\/produit\/adaptateur-declairage-led\/#breadcrumb","itemListElement":[{"@type":"ListItem","position":1,"name":"Accueil","item":"https:\/\/shop.bantam.ch\/fr\/"},{"@type":"ListItem","position":2,"name":"Boutique","item":"https:\/\/shop.bantam.ch\/fr\/boutique\/"},{"@type":"ListItem","position":3,"name":"Adaptateur d&#8217;\u00e9clairage LED"}]},{"@type":"WebSite","@id":"https:\/\/shop.bantam.ch\/fr\/#website","url":"https:\/\/shop.bantam.ch\/fr\/","name":"Bantam Wankm\u00fcller SA","description":"","publisher":{"@id":"https:\/\/shop.bantam.ch\/fr\/#organization"},"inLanguage":"fr-FR"},{"@type":"Organization","@id":"https:\/\/shop.bantam.ch\/fr\/#organization","name":"Bantam Wankm\u00fcller SA","url":"https:\/\/shop.bantam.ch\/fr\/","logo":{"@type":"ImageObject","inLanguage":"fr-FR","@id":"https:\/\/shop.bantam.ch\/fr\/#\/schema\/logo\/image\/","url":"https:\/\/shop.bantam.ch\/wp-content\/uploads\/2022\/12\/bantam-logo.png","contentUrl":"https:\/\/shop.bantam.ch\/wp-content\/uploads\/2022\/12\/bantam-logo.png","width":320,"height":71,"caption":"Bantam Wankm\u00fcller SA"},"image":{"@id":"https:\/\/shop.bantam.ch\/fr\/#\/schema\/logo\/image\/"}}]}},"_links":{"self":[{"href":"https:\/\/shop.bantam.ch\/fr\/wp-json\/wp\/v2\/product\/212913","targetHints":{"allow":["GET"]}}],"collection":[{"href":"https:\/\/shop.bantam.ch\/fr\/wp-json\/wp\/v2\/product"}],"about":[{"href":"https:\/\/shop.bantam.ch\/fr\/wp-json\/wp\/v2\/types\/product"}],"wp:featuredmedia":[{"embeddable":true,"href":"https:\/\/shop.bantam.ch\/fr\/wp-json\/wp\/v2\/media\/212905"}],"wp:attachment":[{"href":"https:\/\/shop.bantam.ch\/fr\/wp-json\/wp\/v2\/media?parent=212913"}],"wp:term":[{"taxonomy":"product_featured_cat","embeddable":true,"href":"https:\/\/shop.bantam.ch\/fr\/wp-json\/wp\/v2\/product_featured_cat?post=212913"},{"taxonomy":"product_brand","embeddable":true,"href":"https:\/\/shop.bantam.ch\/fr\/wp-json\/wp\/v2\/product_brand?post=212913"},{"taxonomy":"product_cat","embeddable":true,"href":"https:\/\/shop.bantam.ch\/fr\/wp-json\/wp\/v2\/product_cat?post=212913"},{"taxonomy":"product_tag","embeddable":true,"href":"https:\/\/shop.bantam.ch\/fr\/wp-json\/wp\/v2\/product_tag?post=212913"}],"curies":[{"name":"wp","href":"https:\/\/api.w.org\/{rel}","templated":true}]}}