{"id":212903,"date":"2025-03-14T15:17:23","date_gmt":"2025-03-14T14:17:23","guid":{"rendered":"https:\/\/shop.bantam.ch\/produit\/lautspechersystem-acr-eton-f2-2-fahrzeugspezifisch-fur-fiat-ducato-iii\/"},"modified":"2026-04-21T23:28:02","modified_gmt":"2026-04-21T21:28:02","slug":"lautspechersystem-acr-eton-f2-2-fahrzeugspezifisch-fur-fiat-ducato-iii","status":"publish","type":"product","link":"https:\/\/shop.bantam.ch\/fr\/produit\/lautspechersystem-acr-eton-f2-2-fahrzeugspezifisch-fur-fiat-ducato-iii\/","title":{"rendered":"Lautspechersystem ACR ETON  F2.2 fahrzeugspezifisch f\u00fcr Fiat Ducato III"},"content":{"rendered":"<p>Syst\u00e8me de haut-parleurs 16,5 cm (6,5\u00ab \u00bb) Plug &amp; Play pour un remplacement facile des haut-parleurs de s\u00e9rie, compatible avec Fiat Ducato III, Peugeot Boxer II, Citro\u00ebn Jumper II, Dodge Ram ProMaster, Opel Movano et mod\u00e8les similaires : Le Kompo UG FIAT FD16 convainc par sa pr\u00e9cision d&rsquo;adaptation absolue et son accord acoustique parfait. La membrane nouvellement d\u00e9velopp\u00e9e, compos\u00e9e d&rsquo;un m\u00e9lange de papier et de fibres de verre, est trait\u00e9e selon un proc\u00e9d\u00e9 de fabrication sp\u00e9cial et est le garant optimal du meilleur son possible. Le m\u00e9lange de fibres devient, gr\u00e2ce aux renforts des nervures, une v\u00e9ritable membrane haut de gamme : celle-ci, combin\u00e9e \u00e0 l&rsquo;aimant en ferrite extr\u00eamement puissant, assure une dynamique, des punchs et une p\u00e9n\u00e9tration des d\u00e9tails les plus fins hors du commun. Le saladier en polyamide renforc\u00e9 par des fibres de verre, avec son design \u00e0 double entretoise typique d&rsquo;ETON, est parfaitement ajust\u00e9 et extr\u00eamement r\u00e9sistant \u00e0 la torsion : la construction ouverte assure \u00e9galement le refroidissement n\u00e9cessaire du syst\u00e8me d&rsquo;entra\u00eenement, qui est soutenu par le grand per\u00e7age du noyau. Gr\u00e2ce \u00e0 la technologie des bobines mobiles de 3 ohms et \u00e0 la construction sp\u00e9ciale du woofer, qui ne n\u00e9cessite pas de filtre s\u00e9par\u00e9, l&rsquo;UG FIAT FD16 est particuli\u00e8rement efficace &#8211; m\u00eame en combinaison avec les radios d&rsquo;usine ! En interaction, le woofer et le tweeter en tissu rev\u00eatu de 25 mm (1\u00ab \u00bb) forment une unit\u00e9 parfaite : les d\u00e9tails les plus fins sont reproduits de mani\u00e8re soyeuse, douce et discr\u00e8te &#8211; accord\u00e9s de mani\u00e8re \u00e0 pouvoir \u00eatre utilis\u00e9s sur de longues distances gr\u00e2ce au r\u00e9partiteur de fr\u00e9quences \u00e0 c\u00e2ble pour les hautes fr\u00e9quences, facile \u00e0 installer et avec adaptation de niveau. Bien entendu, tous les composants disposent de fiches ou de prises de raccordement parfaitement adapt\u00e9es.<\/p>\n<p>Caract\u00e9ristiques techniques :<\/p>\n<ul>\n<li>Puissance nominale\/musicale : 60 W RMS \/ 90 W<\/li>\n<li>Imp\u00e9dance : 3 ohms<\/li>\n<li>Pression sonore caract\u00e9ristique : 91,5 dB<\/li>\n<\/ul>\n<p>Contenu de la livraison : y compris 2 x haut-parleurs de grave\/m\u00e9dium, 2 x haut-parleurs d&rsquo;aigu avec s\u00e9parateur de c\u00e2ble, bo\u00eetier de montage inclin\u00e9 pour le haut-parleur d&rsquo;aigu, outil de levier en plastique<\/p>\n<p>CARACT\u00c9RISTIQUES PRINCIPALES UG FIAT FD16<\/p>\n<ul>\n<li>Membrane en papier-fibre de verre renforc\u00e9e par des nervures de conception nouvelle<\/li>\n<li>Saladier en plastique polyamide renforc\u00e9 de fibres de verre Plug &amp; Play, nouveau design de saladier \u00e0 double entretoise pour une rigidit\u00e9 et un effet de refroidissement maximum.<\/li>\n<li>Aimant puissant en ferrite avec grand per\u00e7age du noyau pour le meilleur refroidissement possible<\/li>\n<li>Terminaux de connexion et points de montage parfaitement ajust\u00e9s et bride d&rsquo;\u00e9tanch\u00e9it\u00e9 int\u00e9gr\u00e9e<\/li>\n<li>Imp\u00e9dance de 3 ohms pour un rendement maximal &#8211; m\u00eame sans amplificateur suppl\u00e9mentaire !<\/li>\n<li>Tweeter en tissu de 25 mm (1\u00ab \u00bb) pour une reproduction des aigus soyeuse et riche en d\u00e9tails, adapt\u00e9 aux longues distances avec le haut-parleur de grave\/moyen.<\/li>\n<li>tweeter avec filtre \u00e0 c\u00e2ble de haute qualit\u00e9 avec adaptation de niveau<\/li>\n<li>bo\u00eetier de montage inclin\u00e9 pour le tweeter et outil \u00e0 levier en plastique inclus dans la livraison<\/li>\n<li>Construit en Allemagne<\/li>\n<\/ul>\n","protected":false},"excerpt":{"rendered":"<p>Syst\u00e8me de haut-parleurs 16,5 cm (6,5\u00ab \u00bb) Plug &amp; Play pour un remplacement facile des haut-parleurs de s\u00e9rie, compatible avec Fiat Ducato III, Peugeot Boxer II, Citro\u00ebn Jumper II, Dodge Ram ProMaster, Opel Movano et mod\u00e8les similaires : Le Kompo UG FIAT FD16 convainc par sa pr\u00e9cision d&rsquo;adaptation absolue et son accord acoustique parfait. La [&hellip;]<\/p>\n","protected":false},"featured_media":212901,"template":"","meta":{"_acf_changed":false},"product_featured_cat":[],"product_brand":[],"product_cat":[4499],"product_tag":[],"class_list":{"0":"post-212903","1":"product","2":"type-product","3":"status-publish","4":"has-post-thumbnail","6":"product_cat-haut-parleurs","8":"first","9":"instock","10":"taxable","11":"shipping-taxable","12":"purchasable","13":"product-type-simple"},"acf":[],"yoast_head":"<!-- This site is optimized with the Yoast SEO plugin v27.4 - https:\/\/yoast.com\/product\/yoast-seo-wordpress\/ -->\n<title>Lautspechersystem ACR ETON F2.2 fahrzeugspezifisch f\u00fcr Fiat Ducato III - Bantam Wankm\u00fcller SA<\/title>\n<meta name=\"robots\" content=\"index, follow, max-snippet:-1, max-image-preview:large, max-video-preview:-1\" \/>\n<link rel=\"canonical\" href=\"https:\/\/shop.bantam.ch\/fr\/produit\/lautspechersystem-acr-eton-f2-2-fahrzeugspezifisch-fur-fiat-ducato-iii\/\" \/>\n<meta property=\"og:locale\" content=\"fr_FR\" \/>\n<meta property=\"og:type\" content=\"article\" \/>\n<meta property=\"og:title\" content=\"Lautspechersystem ACR ETON F2.2 fahrzeugspezifisch f\u00fcr Fiat Ducato III - Bantam Wankm\u00fcller SA\" \/>\n<meta property=\"og:description\" content=\"Syst\u00e8me de haut-parleurs 16,5 cm (6,5\u00ab \u00bb) Plug &amp; Play pour un remplacement facile des haut-parleurs de s\u00e9rie, compatible avec Fiat Ducato III, Peugeot Boxer II, Citro\u00ebn Jumper II, Dodge Ram ProMaster, Opel Movano et mod\u00e8les similaires : Le Kompo UG FIAT FD16 convainc par sa pr\u00e9cision d&rsquo;adaptation absolue et son accord acoustique parfait. La [&hellip;]\" \/>\n<meta property=\"og:url\" content=\"https:\/\/shop.bantam.ch\/fr\/produit\/lautspechersystem-acr-eton-f2-2-fahrzeugspezifisch-fur-fiat-ducato-iii\/\" \/>\n<meta property=\"og:site_name\" content=\"Bantam Wankm\u00fcller SA\" \/>\n<meta property=\"article:modified_time\" content=\"2026-04-21T21:28:02+00:00\" \/>\n<meta name=\"twitter:card\" content=\"summary_large_image\" \/>\n<meta name=\"twitter:label1\" content=\"Dur\u00e9e de lecture estim\u00e9e\" \/>\n\t<meta name=\"twitter:data1\" content=\"3 minutes\" \/>\n<script type=\"application\/ld+json\" class=\"yoast-schema-graph\">{\"@context\":\"https:\\\/\\\/schema.org\",\"@graph\":[{\"@type\":\"WebPage\",\"@id\":\"https:\\\/\\\/shop.bantam.ch\\\/fr\\\/produit\\\/lautspechersystem-acr-eton-f2-2-fahrzeugspezifisch-fur-fiat-ducato-iii\\\/\",\"url\":\"https:\\\/\\\/shop.bantam.ch\\\/fr\\\/produit\\\/lautspechersystem-acr-eton-f2-2-fahrzeugspezifisch-fur-fiat-ducato-iii\\\/\",\"name\":\"Lautspechersystem ACR ETON F2.2 fahrzeugspezifisch f\u00fcr Fiat Ducato III - Bantam Wankm\u00fcller SA\",\"isPartOf\":{\"@id\":\"https:\\\/\\\/shop.bantam.ch\\\/fr\\\/#website\"},\"primaryImageOfPage\":{\"@id\":\"https:\\\/\\\/shop.bantam.ch\\\/fr\\\/produit\\\/lautspechersystem-acr-eton-f2-2-fahrzeugspezifisch-fur-fiat-ducato-iii\\\/#primaryimage\"},\"image\":{\"@id\":\"https:\\\/\\\/shop.bantam.ch\\\/fr\\\/produit\\\/lautspechersystem-acr-eton-f2-2-fahrzeugspezifisch-fur-fiat-ducato-iii\\\/#primaryimage\"},\"thumbnailUrl\":\"https:\\\/\\\/shop.bantam.ch\\\/wp-content\\\/uploads\\\/2025\\\/03\\\/Movera-L-9962403200.jpg\",\"datePublished\":\"2025-03-14T14:17:23+00:00\",\"dateModified\":\"2026-04-21T21:28:02+00:00\",\"breadcrumb\":{\"@id\":\"https:\\\/\\\/shop.bantam.ch\\\/fr\\\/produit\\\/lautspechersystem-acr-eton-f2-2-fahrzeugspezifisch-fur-fiat-ducato-iii\\\/#breadcrumb\"},\"inLanguage\":\"fr-FR\",\"potentialAction\":[{\"@type\":\"ReadAction\",\"target\":[\"https:\\\/\\\/shop.bantam.ch\\\/fr\\\/produit\\\/lautspechersystem-acr-eton-f2-2-fahrzeugspezifisch-fur-fiat-ducato-iii\\\/\"]}]},{\"@type\":\"ImageObject\",\"inLanguage\":\"fr-FR\",\"@id\":\"https:\\\/\\\/shop.bantam.ch\\\/fr\\\/produit\\\/lautspechersystem-acr-eton-f2-2-fahrzeugspezifisch-fur-fiat-ducato-iii\\\/#primaryimage\",\"url\":\"https:\\\/\\\/shop.bantam.ch\\\/wp-content\\\/uploads\\\/2025\\\/03\\\/Movera-L-9962403200.jpg\",\"contentUrl\":\"https:\\\/\\\/shop.bantam.ch\\\/wp-content\\\/uploads\\\/2025\\\/03\\\/Movera-L-9962403200.jpg\",\"width\":640,\"height\":314},{\"@type\":\"BreadcrumbList\",\"@id\":\"https:\\\/\\\/shop.bantam.ch\\\/fr\\\/produit\\\/lautspechersystem-acr-eton-f2-2-fahrzeugspezifisch-fur-fiat-ducato-iii\\\/#breadcrumb\",\"itemListElement\":[{\"@type\":\"ListItem\",\"position\":1,\"name\":\"Accueil\",\"item\":\"https:\\\/\\\/shop.bantam.ch\\\/fr\\\/\"},{\"@type\":\"ListItem\",\"position\":2,\"name\":\"Boutique\",\"item\":\"https:\\\/\\\/shop.bantam.ch\\\/fr\\\/boutique\\\/\"},{\"@type\":\"ListItem\",\"position\":3,\"name\":\"Lautspechersystem ACR ETON F2.2 fahrzeugspezifisch f\u00fcr Fiat Ducato III\"}]},{\"@type\":\"WebSite\",\"@id\":\"https:\\\/\\\/shop.bantam.ch\\\/fr\\\/#website\",\"url\":\"https:\\\/\\\/shop.bantam.ch\\\/fr\\\/\",\"name\":\"Bantam Wankm\u00fcller SA\",\"description\":\"\",\"publisher\":{\"@id\":\"https:\\\/\\\/shop.bantam.ch\\\/fr\\\/#organization\"},\"inLanguage\":\"fr-FR\"},{\"@type\":\"Organization\",\"@id\":\"https:\\\/\\\/shop.bantam.ch\\\/fr\\\/#organization\",\"name\":\"Bantam Wankm\u00fcller SA\",\"url\":\"https:\\\/\\\/shop.bantam.ch\\\/fr\\\/\",\"logo\":{\"@type\":\"ImageObject\",\"inLanguage\":\"fr-FR\",\"@id\":\"https:\\\/\\\/shop.bantam.ch\\\/fr\\\/#\\\/schema\\\/logo\\\/image\\\/\",\"url\":\"https:\\\/\\\/shop.bantam.ch\\\/wp-content\\\/uploads\\\/2022\\\/12\\\/bantam-logo.png\",\"contentUrl\":\"https:\\\/\\\/shop.bantam.ch\\\/wp-content\\\/uploads\\\/2022\\\/12\\\/bantam-logo.png\",\"width\":320,\"height\":71,\"caption\":\"Bantam Wankm\u00fcller SA\"},\"image\":{\"@id\":\"https:\\\/\\\/shop.bantam.ch\\\/fr\\\/#\\\/schema\\\/logo\\\/image\\\/\"}}]}<\/script>\n<!-- \/ Yoast SEO plugin. -->","yoast_head_json":{"title":"Lautspechersystem ACR ETON F2.2 fahrzeugspezifisch f\u00fcr Fiat Ducato III - Bantam Wankm\u00fcller SA","robots":{"index":"index","follow":"follow","max-snippet":"max-snippet:-1","max-image-preview":"max-image-preview:large","max-video-preview":"max-video-preview:-1"},"canonical":"https:\/\/shop.bantam.ch\/fr\/produit\/lautspechersystem-acr-eton-f2-2-fahrzeugspezifisch-fur-fiat-ducato-iii\/","og_locale":"fr_FR","og_type":"article","og_title":"Lautspechersystem ACR ETON F2.2 fahrzeugspezifisch f\u00fcr Fiat Ducato III - Bantam Wankm\u00fcller SA","og_description":"Syst\u00e8me de haut-parleurs 16,5 cm (6,5\u00ab \u00bb) Plug &amp; Play pour un remplacement facile des haut-parleurs de s\u00e9rie, compatible avec Fiat Ducato III, Peugeot Boxer II, Citro\u00ebn Jumper II, Dodge Ram ProMaster, Opel Movano et mod\u00e8les similaires : Le Kompo UG FIAT FD16 convainc par sa pr\u00e9cision d&rsquo;adaptation absolue et son accord acoustique parfait. La [&hellip;]","og_url":"https:\/\/shop.bantam.ch\/fr\/produit\/lautspechersystem-acr-eton-f2-2-fahrzeugspezifisch-fur-fiat-ducato-iii\/","og_site_name":"Bantam Wankm\u00fcller SA","article_modified_time":"2026-04-21T21:28:02+00:00","twitter_card":"summary_large_image","twitter_misc":{"Dur\u00e9e de lecture estim\u00e9e":"3 minutes"},"schema":{"@context":"https:\/\/schema.org","@graph":[{"@type":"WebPage","@id":"https:\/\/shop.bantam.ch\/fr\/produit\/lautspechersystem-acr-eton-f2-2-fahrzeugspezifisch-fur-fiat-ducato-iii\/","url":"https:\/\/shop.bantam.ch\/fr\/produit\/lautspechersystem-acr-eton-f2-2-fahrzeugspezifisch-fur-fiat-ducato-iii\/","name":"Lautspechersystem ACR ETON F2.2 fahrzeugspezifisch f\u00fcr Fiat Ducato III - Bantam Wankm\u00fcller SA","isPartOf":{"@id":"https:\/\/shop.bantam.ch\/fr\/#website"},"primaryImageOfPage":{"@id":"https:\/\/shop.bantam.ch\/fr\/produit\/lautspechersystem-acr-eton-f2-2-fahrzeugspezifisch-fur-fiat-ducato-iii\/#primaryimage"},"image":{"@id":"https:\/\/shop.bantam.ch\/fr\/produit\/lautspechersystem-acr-eton-f2-2-fahrzeugspezifisch-fur-fiat-ducato-iii\/#primaryimage"},"thumbnailUrl":"https:\/\/shop.bantam.ch\/wp-content\/uploads\/2025\/03\/Movera-L-9962403200.jpg","datePublished":"2025-03-14T14:17:23+00:00","dateModified":"2026-04-21T21:28:02+00:00","breadcrumb":{"@id":"https:\/\/shop.bantam.ch\/fr\/produit\/lautspechersystem-acr-eton-f2-2-fahrzeugspezifisch-fur-fiat-ducato-iii\/#breadcrumb"},"inLanguage":"fr-FR","potentialAction":[{"@type":"ReadAction","target":["https:\/\/shop.bantam.ch\/fr\/produit\/lautspechersystem-acr-eton-f2-2-fahrzeugspezifisch-fur-fiat-ducato-iii\/"]}]},{"@type":"ImageObject","inLanguage":"fr-FR","@id":"https:\/\/shop.bantam.ch\/fr\/produit\/lautspechersystem-acr-eton-f2-2-fahrzeugspezifisch-fur-fiat-ducato-iii\/#primaryimage","url":"https:\/\/shop.bantam.ch\/wp-content\/uploads\/2025\/03\/Movera-L-9962403200.jpg","contentUrl":"https:\/\/shop.bantam.ch\/wp-content\/uploads\/2025\/03\/Movera-L-9962403200.jpg","width":640,"height":314},{"@type":"BreadcrumbList","@id":"https:\/\/shop.bantam.ch\/fr\/produit\/lautspechersystem-acr-eton-f2-2-fahrzeugspezifisch-fur-fiat-ducato-iii\/#breadcrumb","itemListElement":[{"@type":"ListItem","position":1,"name":"Accueil","item":"https:\/\/shop.bantam.ch\/fr\/"},{"@type":"ListItem","position":2,"name":"Boutique","item":"https:\/\/shop.bantam.ch\/fr\/boutique\/"},{"@type":"ListItem","position":3,"name":"Lautspechersystem ACR ETON F2.2 fahrzeugspezifisch f\u00fcr Fiat Ducato III"}]},{"@type":"WebSite","@id":"https:\/\/shop.bantam.ch\/fr\/#website","url":"https:\/\/shop.bantam.ch\/fr\/","name":"Bantam Wankm\u00fcller SA","description":"","publisher":{"@id":"https:\/\/shop.bantam.ch\/fr\/#organization"},"inLanguage":"fr-FR"},{"@type":"Organization","@id":"https:\/\/shop.bantam.ch\/fr\/#organization","name":"Bantam Wankm\u00fcller SA","url":"https:\/\/shop.bantam.ch\/fr\/","logo":{"@type":"ImageObject","inLanguage":"fr-FR","@id":"https:\/\/shop.bantam.ch\/fr\/#\/schema\/logo\/image\/","url":"https:\/\/shop.bantam.ch\/wp-content\/uploads\/2022\/12\/bantam-logo.png","contentUrl":"https:\/\/shop.bantam.ch\/wp-content\/uploads\/2022\/12\/bantam-logo.png","width":320,"height":71,"caption":"Bantam Wankm\u00fcller SA"},"image":{"@id":"https:\/\/shop.bantam.ch\/fr\/#\/schema\/logo\/image\/"}}]}},"_links":{"self":[{"href":"https:\/\/shop.bantam.ch\/fr\/wp-json\/wp\/v2\/product\/212903","targetHints":{"allow":["GET"]}}],"collection":[{"href":"https:\/\/shop.bantam.ch\/fr\/wp-json\/wp\/v2\/product"}],"about":[{"href":"https:\/\/shop.bantam.ch\/fr\/wp-json\/wp\/v2\/types\/product"}],"wp:featuredmedia":[{"embeddable":true,"href":"https:\/\/shop.bantam.ch\/fr\/wp-json\/wp\/v2\/media\/212901"}],"wp:attachment":[{"href":"https:\/\/shop.bantam.ch\/fr\/wp-json\/wp\/v2\/media?parent=212903"}],"wp:term":[{"taxonomy":"product_featured_cat","embeddable":true,"href":"https:\/\/shop.bantam.ch\/fr\/wp-json\/wp\/v2\/product_featured_cat?post=212903"},{"taxonomy":"product_brand","embeddable":true,"href":"https:\/\/shop.bantam.ch\/fr\/wp-json\/wp\/v2\/product_brand?post=212903"},{"taxonomy":"product_cat","embeddable":true,"href":"https:\/\/shop.bantam.ch\/fr\/wp-json\/wp\/v2\/product_cat?post=212903"},{"taxonomy":"product_tag","embeddable":true,"href":"https:\/\/shop.bantam.ch\/fr\/wp-json\/wp\/v2\/product_tag?post=212903"}],"curies":[{"name":"wp","href":"https:\/\/api.w.org\/{rel}","templated":true}]}}