{"id":212895,"date":"2025-03-14T15:17:12","date_gmt":"2025-03-14T14:17:12","guid":{"rendered":"https:\/\/shop.bantam.ch\/produit\/guide-de-voyage-en-camping-car-sicile\/"},"modified":"2026-05-11T23:21:11","modified_gmt":"2026-05-11T21:21:11","slug":"guide-de-voyage-en-camping-car-sicile","status":"publish","type":"product","link":"https:\/\/shop.bantam.ch\/fr\/produit\/guide-de-voyage-en-camping-car-sicile\/","title":{"rendered":"Guide de voyage en camping-car Sicile"},"content":{"rendered":"<p>Manuel de randonn\u00e9e fiable avec les plus beaux itin\u00e9raires de la destination. Emplacements de camping et de caravaning avec coordonn\u00e9es GPS et tous les d\u00e9tails importants. Conseils pour la pr\u00e9paration du voyage, itin\u00e9raires d&rsquo;arriv\u00e9e &amp; liaisons par ferry, approvisionnement en gaz et en \u00e9lectricit\u00e9 sur place, faire le plein, parking &amp; repos, routes et signalisation. Informations int\u00e9ressantes sur la r\u00e9gion, randonn\u00e9es, excursions et curiosit\u00e9s. Atlas des itin\u00e9raires en grand format.Reliable touring guide with the most beautiful routes of the destination. Campsites and pitches including GPS coordinates and all important details. Tips on preparing for your trip, travel routes &amp; ferry connections, local gas and electricity supply, refuelling, parking &amp; resting, roads and signposting. Interesting facts about the region, hikes, excursions and sights. Large-format route atlas.<\/p>\n","protected":false},"excerpt":{"rendered":"<p>Manuel de randonn\u00e9e fiable avec les plus beaux itin\u00e9raires de la destination. Emplacements de camping et de caravaning avec coordonn\u00e9es GPS et tous les d\u00e9tails importants. Conseils pour la pr\u00e9paration du voyage, itin\u00e9raires d&rsquo;arriv\u00e9e &amp; liaisons par ferry, approvisionnement en gaz et en \u00e9lectricit\u00e9 sur place, faire le plein, parking &amp; repos, routes et signalisation. [&hellip;]<\/p>\n","protected":false},"featured_media":212893,"template":"","meta":{"_acf_changed":false},"product_featured_cat":[],"product_brand":[],"product_cat":[4351],"product_tag":[],"class_list":{"0":"post-212895","1":"product","2":"type-product","3":"status-publish","4":"has-post-thumbnail","6":"product_cat-guides-de-voyage","8":"first","9":"instock","10":"taxable","11":"shipping-taxable","12":"purchasable","13":"product-type-simple"},"acf":[],"yoast_head":"<!-- This site is optimized with the Yoast SEO plugin v27.5 - https:\/\/yoast.com\/product\/yoast-seo-wordpress\/ -->\n<title>Guide de voyage en camping-car Sicile - Bantam<\/title>\n<meta name=\"robots\" content=\"index, follow, max-snippet:-1, max-image-preview:large, max-video-preview:-1\" \/>\n<link rel=\"canonical\" href=\"https:\/\/shop.bantam.ch\/fr\/produit\/guide-de-voyage-en-camping-car-sicile\/\" \/>\n<meta property=\"og:locale\" content=\"fr_FR\" \/>\n<meta property=\"og:type\" content=\"article\" \/>\n<meta property=\"og:title\" content=\"Guide de voyage en camping-car Sicile - Bantam\" \/>\n<meta property=\"og:description\" content=\"Manuel de randonn\u00e9e fiable avec les plus beaux itin\u00e9raires de la destination. Emplacements de camping et de caravaning avec coordonn\u00e9es GPS et tous les d\u00e9tails importants. Conseils pour la pr\u00e9paration du voyage, itin\u00e9raires d&rsquo;arriv\u00e9e &amp; liaisons par ferry, approvisionnement en gaz et en \u00e9lectricit\u00e9 sur place, faire le plein, parking &amp; repos, routes et signalisation. [&hellip;]\" \/>\n<meta property=\"og:url\" content=\"https:\/\/shop.bantam.ch\/fr\/produit\/guide-de-voyage-en-camping-car-sicile\/\" \/>\n<meta property=\"og:site_name\" content=\"Bantam\" \/>\n<meta property=\"article:modified_time\" content=\"2026-05-11T21:21:11+00:00\" \/>\n<meta name=\"twitter:card\" content=\"summary_large_image\" \/>\n<meta name=\"twitter:label1\" content=\"Dur\u00e9e de lecture estim\u00e9e\" \/>\n\t<meta name=\"twitter:data1\" content=\"1 minute\" \/>\n<script type=\"application\/ld+json\" class=\"yoast-schema-graph\">{\"@context\":\"https:\\\/\\\/schema.org\",\"@graph\":[{\"@type\":\"WebPage\",\"@id\":\"https:\\\/\\\/shop.bantam.ch\\\/fr\\\/produit\\\/guide-de-voyage-en-camping-car-sicile\\\/\",\"url\":\"https:\\\/\\\/shop.bantam.ch\\\/fr\\\/produit\\\/guide-de-voyage-en-camping-car-sicile\\\/\",\"name\":\"Guide de voyage en camping-car Sicile - Bantam\",\"isPartOf\":{\"@id\":\"https:\\\/\\\/shop.bantam.ch\\\/fr\\\/#website\"},\"primaryImageOfPage\":{\"@id\":\"https:\\\/\\\/shop.bantam.ch\\\/fr\\\/produit\\\/guide-de-voyage-en-camping-car-sicile\\\/#primaryimage\"},\"image\":{\"@id\":\"https:\\\/\\\/shop.bantam.ch\\\/fr\\\/produit\\\/guide-de-voyage-en-camping-car-sicile\\\/#primaryimage\"},\"thumbnailUrl\":\"https:\\\/\\\/shop.bantam.ch\\\/wp-content\\\/uploads\\\/2025\\\/03\\\/Movera-L-9962401100.jpg\",\"datePublished\":\"2025-03-14T14:17:12+00:00\",\"dateModified\":\"2026-05-11T21:21:11+00:00\",\"breadcrumb\":{\"@id\":\"https:\\\/\\\/shop.bantam.ch\\\/fr\\\/produit\\\/guide-de-voyage-en-camping-car-sicile\\\/#breadcrumb\"},\"inLanguage\":\"fr-FR\",\"potentialAction\":[{\"@type\":\"ReadAction\",\"target\":[\"https:\\\/\\\/shop.bantam.ch\\\/fr\\\/produit\\\/guide-de-voyage-en-camping-car-sicile\\\/\"]}]},{\"@type\":\"ImageObject\",\"inLanguage\":\"fr-FR\",\"@id\":\"https:\\\/\\\/shop.bantam.ch\\\/fr\\\/produit\\\/guide-de-voyage-en-camping-car-sicile\\\/#primaryimage\",\"url\":\"https:\\\/\\\/shop.bantam.ch\\\/wp-content\\\/uploads\\\/2025\\\/03\\\/Movera-L-9962401100.jpg\",\"contentUrl\":\"https:\\\/\\\/shop.bantam.ch\\\/wp-content\\\/uploads\\\/2025\\\/03\\\/Movera-L-9962401100.jpg\",\"width\":640,\"height\":943},{\"@type\":\"BreadcrumbList\",\"@id\":\"https:\\\/\\\/shop.bantam.ch\\\/fr\\\/produit\\\/guide-de-voyage-en-camping-car-sicile\\\/#breadcrumb\",\"itemListElement\":[{\"@type\":\"ListItem\",\"position\":1,\"name\":\"Accueil\",\"item\":\"https:\\\/\\\/shop.bantam.ch\\\/fr\\\/\"},{\"@type\":\"ListItem\",\"position\":2,\"name\":\"Boutique\",\"item\":\"https:\\\/\\\/shop.bantam.ch\\\/fr\\\/boutique\\\/\"},{\"@type\":\"ListItem\",\"position\":3,\"name\":\"Guide de voyage en camping-car Sicile\"}]},{\"@type\":\"WebSite\",\"@id\":\"https:\\\/\\\/shop.bantam.ch\\\/fr\\\/#website\",\"url\":\"https:\\\/\\\/shop.bantam.ch\\\/fr\\\/\",\"name\":\"Bantam\",\"description\":\"\",\"publisher\":{\"@id\":\"https:\\\/\\\/shop.bantam.ch\\\/fr\\\/#organization\"},\"inLanguage\":\"fr-FR\"},{\"@type\":\"Organization\",\"@id\":\"https:\\\/\\\/shop.bantam.ch\\\/fr\\\/#organization\",\"name\":\"Bantam\",\"url\":\"https:\\\/\\\/shop.bantam.ch\\\/fr\\\/\",\"logo\":{\"@type\":\"ImageObject\",\"inLanguage\":\"fr-FR\",\"@id\":\"https:\\\/\\\/shop.bantam.ch\\\/fr\\\/#\\\/schema\\\/logo\\\/image\\\/\",\"url\":\"https:\\\/\\\/shop.bantam.ch\\\/wp-content\\\/uploads\\\/2022\\\/12\\\/bantam-logo.png\",\"contentUrl\":\"https:\\\/\\\/shop.bantam.ch\\\/wp-content\\\/uploads\\\/2022\\\/12\\\/bantam-logo.png\",\"width\":320,\"height\":71,\"caption\":\"Bantam\"},\"image\":{\"@id\":\"https:\\\/\\\/shop.bantam.ch\\\/fr\\\/#\\\/schema\\\/logo\\\/image\\\/\"}}]}<\/script>\n<!-- \/ Yoast SEO plugin. -->","yoast_head_json":{"title":"Guide de voyage en camping-car Sicile - Bantam","robots":{"index":"index","follow":"follow","max-snippet":"max-snippet:-1","max-image-preview":"max-image-preview:large","max-video-preview":"max-video-preview:-1"},"canonical":"https:\/\/shop.bantam.ch\/fr\/produit\/guide-de-voyage-en-camping-car-sicile\/","og_locale":"fr_FR","og_type":"article","og_title":"Guide de voyage en camping-car Sicile - Bantam","og_description":"Manuel de randonn\u00e9e fiable avec les plus beaux itin\u00e9raires de la destination. Emplacements de camping et de caravaning avec coordonn\u00e9es GPS et tous les d\u00e9tails importants. Conseils pour la pr\u00e9paration du voyage, itin\u00e9raires d&rsquo;arriv\u00e9e &amp; liaisons par ferry, approvisionnement en gaz et en \u00e9lectricit\u00e9 sur place, faire le plein, parking &amp; repos, routes et signalisation. [&hellip;]","og_url":"https:\/\/shop.bantam.ch\/fr\/produit\/guide-de-voyage-en-camping-car-sicile\/","og_site_name":"Bantam","article_modified_time":"2026-05-11T21:21:11+00:00","twitter_card":"summary_large_image","twitter_misc":{"Dur\u00e9e de lecture estim\u00e9e":"1 minute"},"schema":{"@context":"https:\/\/schema.org","@graph":[{"@type":"WebPage","@id":"https:\/\/shop.bantam.ch\/fr\/produit\/guide-de-voyage-en-camping-car-sicile\/","url":"https:\/\/shop.bantam.ch\/fr\/produit\/guide-de-voyage-en-camping-car-sicile\/","name":"Guide de voyage en camping-car Sicile - Bantam","isPartOf":{"@id":"https:\/\/shop.bantam.ch\/fr\/#website"},"primaryImageOfPage":{"@id":"https:\/\/shop.bantam.ch\/fr\/produit\/guide-de-voyage-en-camping-car-sicile\/#primaryimage"},"image":{"@id":"https:\/\/shop.bantam.ch\/fr\/produit\/guide-de-voyage-en-camping-car-sicile\/#primaryimage"},"thumbnailUrl":"https:\/\/shop.bantam.ch\/wp-content\/uploads\/2025\/03\/Movera-L-9962401100.jpg","datePublished":"2025-03-14T14:17:12+00:00","dateModified":"2026-05-11T21:21:11+00:00","breadcrumb":{"@id":"https:\/\/shop.bantam.ch\/fr\/produit\/guide-de-voyage-en-camping-car-sicile\/#breadcrumb"},"inLanguage":"fr-FR","potentialAction":[{"@type":"ReadAction","target":["https:\/\/shop.bantam.ch\/fr\/produit\/guide-de-voyage-en-camping-car-sicile\/"]}]},{"@type":"ImageObject","inLanguage":"fr-FR","@id":"https:\/\/shop.bantam.ch\/fr\/produit\/guide-de-voyage-en-camping-car-sicile\/#primaryimage","url":"https:\/\/shop.bantam.ch\/wp-content\/uploads\/2025\/03\/Movera-L-9962401100.jpg","contentUrl":"https:\/\/shop.bantam.ch\/wp-content\/uploads\/2025\/03\/Movera-L-9962401100.jpg","width":640,"height":943},{"@type":"BreadcrumbList","@id":"https:\/\/shop.bantam.ch\/fr\/produit\/guide-de-voyage-en-camping-car-sicile\/#breadcrumb","itemListElement":[{"@type":"ListItem","position":1,"name":"Accueil","item":"https:\/\/shop.bantam.ch\/fr\/"},{"@type":"ListItem","position":2,"name":"Boutique","item":"https:\/\/shop.bantam.ch\/fr\/boutique\/"},{"@type":"ListItem","position":3,"name":"Guide de voyage en camping-car Sicile"}]},{"@type":"WebSite","@id":"https:\/\/shop.bantam.ch\/fr\/#website","url":"https:\/\/shop.bantam.ch\/fr\/","name":"Bantam","description":"","publisher":{"@id":"https:\/\/shop.bantam.ch\/fr\/#organization"},"inLanguage":"fr-FR"},{"@type":"Organization","@id":"https:\/\/shop.bantam.ch\/fr\/#organization","name":"Bantam","url":"https:\/\/shop.bantam.ch\/fr\/","logo":{"@type":"ImageObject","inLanguage":"fr-FR","@id":"https:\/\/shop.bantam.ch\/fr\/#\/schema\/logo\/image\/","url":"https:\/\/shop.bantam.ch\/wp-content\/uploads\/2022\/12\/bantam-logo.png","contentUrl":"https:\/\/shop.bantam.ch\/wp-content\/uploads\/2022\/12\/bantam-logo.png","width":320,"height":71,"caption":"Bantam"},"image":{"@id":"https:\/\/shop.bantam.ch\/fr\/#\/schema\/logo\/image\/"}}]}},"_links":{"self":[{"href":"https:\/\/shop.bantam.ch\/fr\/wp-json\/wp\/v2\/product\/212895","targetHints":{"allow":["GET"]}}],"collection":[{"href":"https:\/\/shop.bantam.ch\/fr\/wp-json\/wp\/v2\/product"}],"about":[{"href":"https:\/\/shop.bantam.ch\/fr\/wp-json\/wp\/v2\/types\/product"}],"wp:featuredmedia":[{"embeddable":true,"href":"https:\/\/shop.bantam.ch\/fr\/wp-json\/wp\/v2\/media\/212893"}],"wp:attachment":[{"href":"https:\/\/shop.bantam.ch\/fr\/wp-json\/wp\/v2\/media?parent=212895"}],"wp:term":[{"taxonomy":"product_featured_cat","embeddable":true,"href":"https:\/\/shop.bantam.ch\/fr\/wp-json\/wp\/v2\/product_featured_cat?post=212895"},{"taxonomy":"product_brand","embeddable":true,"href":"https:\/\/shop.bantam.ch\/fr\/wp-json\/wp\/v2\/product_brand?post=212895"},{"taxonomy":"product_cat","embeddable":true,"href":"https:\/\/shop.bantam.ch\/fr\/wp-json\/wp\/v2\/product_cat?post=212895"},{"taxonomy":"product_tag","embeddable":true,"href":"https:\/\/shop.bantam.ch\/fr\/wp-json\/wp\/v2\/product_tag?post=212895"}],"curies":[{"name":"wp","href":"https:\/\/api.w.org\/{rel}","templated":true}]}}