{"id":212745,"date":"2025-03-14T15:13:38","date_gmt":"2025-03-14T14:13:38","guid":{"rendered":"https:\/\/shop.bantam.ch\/produit\/led-lanterne-feuerhand\/"},"modified":"2026-04-19T01:51:01","modified_gmt":"2026-04-18T23:51:01","slug":"led-lanterne-feuerhand","status":"publish","type":"product","link":"https:\/\/shop.bantam.ch\/fr\/produit\/led-lanterne-feuerhand\/","title":{"rendered":"LED Lanterne Feuerhand"},"content":{"rendered":"<p>\u00c0 l&rsquo;occasion de son 130e anniversaire, la Feuerhand Baby Special 276, lanterne LED \u00e0 intensit\u00e9 variable made in Germany, fait l&rsquo;objet d&rsquo;une r\u00e9\u00e9dition sp\u00e9ciale. S&rsquo;asseoir en bonne compagnie et vivre des moments privil\u00e9gi\u00e9s avec ses amis et sa famille &#8211; c&rsquo;est d\u00e9sormais possible en un tour de main avec la nouvelle lanterne LED.&nbsp;<br \/>\nUne utilisation simple et une ambiance lumineuse personnalis\u00e9e font de la Baby Special 276 LED un classique incontournable : l&rsquo;\u00e9l\u00e9gance intemporelle de la lanterne s&rsquo;allie \u00e0 la technique LED la plus moderne. Celle-ci assure une lumi\u00e8re blanc chaud de 2 lm \u00e0 150 lm, qui fait briller chaque foyer d&rsquo;un nouvel \u00e9clat.&nbsp;<br \/>\nFaites confiance \u00e0 la qualit\u00e9 et \u00e0 la tradition de la Feuerhand Baby Special 276, qui a maintenant \u00e9volu\u00e9 avec la technologie LED pour offrir encore plus de flexibilit\u00e9 et de possibilit\u00e9s d&rsquo;utilisation.<br \/>\nContenu de la livraison:<br \/>\nLanterne LED Feuerhand<br \/>\nGuide de d\u00e9marrage rapide<br \/>\nPiles AA ou batteries lithium-ion 18650 en option, c\u00e2ble de chargement USB-C et adaptateur secteur non compris dans la livraison<\/p>\n","protected":false},"excerpt":{"rendered":"<p>\u00c0 l&rsquo;occasion de son 130e anniversaire, la Feuerhand Baby Special 276, lanterne LED \u00e0 intensit\u00e9 variable made in Germany, fait l&rsquo;objet d&rsquo;une r\u00e9\u00e9dition sp\u00e9ciale. S&rsquo;asseoir en bonne compagnie et vivre des moments privil\u00e9gi\u00e9s avec ses amis et sa famille &#8211; c&rsquo;est d\u00e9sormais possible en un tour de main avec la nouvelle lanterne LED.&nbsp; Une utilisation [&hellip;]<\/p>\n","protected":false},"featured_media":212741,"template":"","meta":{"_acf_changed":false},"product_featured_cat":[],"product_brand":[],"product_cat":[4363],"product_tag":[],"class_list":{"0":"post-212745","1":"product","2":"type-product","3":"status-publish","4":"has-post-thumbnail","6":"product_cat-lanternes-et-bougies","8":"first","9":"instock","10":"taxable","11":"shipping-taxable","12":"purchasable","13":"product-type-variable"},"acf":[],"yoast_head":"<!-- This site is optimized with the Yoast SEO plugin v27.4 - https:\/\/yoast.com\/product\/yoast-seo-wordpress\/ -->\n<title>LED Lanterne Feuerhand - Bantam Wankm\u00fcller SA<\/title>\n<meta name=\"robots\" content=\"index, follow, max-snippet:-1, max-image-preview:large, max-video-preview:-1\" \/>\n<link rel=\"canonical\" href=\"https:\/\/shop.bantam.ch\/fr\/produit\/led-lanterne-feuerhand\/\" \/>\n<meta property=\"og:locale\" content=\"fr_FR\" \/>\n<meta property=\"og:type\" content=\"article\" \/>\n<meta property=\"og:title\" content=\"LED Lanterne Feuerhand - Bantam Wankm\u00fcller SA\" \/>\n<meta property=\"og:description\" content=\"\u00c0 l&rsquo;occasion de son 130e anniversaire, la Feuerhand Baby Special 276, lanterne LED \u00e0 intensit\u00e9 variable made in Germany, fait l&rsquo;objet d&rsquo;une r\u00e9\u00e9dition sp\u00e9ciale. S&rsquo;asseoir en bonne compagnie et vivre des moments privil\u00e9gi\u00e9s avec ses amis et sa famille &#8211; c&rsquo;est d\u00e9sormais possible en un tour de main avec la nouvelle lanterne LED.&nbsp; Une utilisation [&hellip;]\" \/>\n<meta property=\"og:url\" content=\"https:\/\/shop.bantam.ch\/fr\/produit\/led-lanterne-feuerhand\/\" \/>\n<meta property=\"og:site_name\" content=\"Bantam Wankm\u00fcller SA\" \/>\n<meta property=\"article:modified_time\" content=\"2026-04-18T23:51:01+00:00\" \/>\n<meta name=\"twitter:card\" content=\"summary_large_image\" \/>\n<meta name=\"twitter:label1\" content=\"Dur\u00e9e de lecture estim\u00e9e\" \/>\n\t<meta name=\"twitter:data1\" content=\"1 minute\" \/>\n<script type=\"application\/ld+json\" class=\"yoast-schema-graph\">{\"@context\":\"https:\\\/\\\/schema.org\",\"@graph\":[{\"@type\":\"WebPage\",\"@id\":\"https:\\\/\\\/shop.bantam.ch\\\/fr\\\/produit\\\/led-lanterne-feuerhand\\\/\",\"url\":\"https:\\\/\\\/shop.bantam.ch\\\/fr\\\/produit\\\/led-lanterne-feuerhand\\\/\",\"name\":\"LED Lanterne Feuerhand - Bantam Wankm\u00fcller SA\",\"isPartOf\":{\"@id\":\"https:\\\/\\\/shop.bantam.ch\\\/fr\\\/#website\"},\"primaryImageOfPage\":{\"@id\":\"https:\\\/\\\/shop.bantam.ch\\\/fr\\\/produit\\\/led-lanterne-feuerhand\\\/#primaryimage\"},\"image\":{\"@id\":\"https:\\\/\\\/shop.bantam.ch\\\/fr\\\/produit\\\/led-lanterne-feuerhand\\\/#primaryimage\"},\"thumbnailUrl\":\"https:\\\/\\\/shop.bantam.ch\\\/wp-content\\\/uploads\\\/2025\\\/03\\\/Movera-L-9962360100.jpg\",\"datePublished\":\"2025-03-14T14:13:38+00:00\",\"dateModified\":\"2026-04-18T23:51:01+00:00\",\"breadcrumb\":{\"@id\":\"https:\\\/\\\/shop.bantam.ch\\\/fr\\\/produit\\\/led-lanterne-feuerhand\\\/#breadcrumb\"},\"inLanguage\":\"fr-FR\",\"potentialAction\":[{\"@type\":\"ReadAction\",\"target\":[\"https:\\\/\\\/shop.bantam.ch\\\/fr\\\/produit\\\/led-lanterne-feuerhand\\\/\"]}]},{\"@type\":\"ImageObject\",\"inLanguage\":\"fr-FR\",\"@id\":\"https:\\\/\\\/shop.bantam.ch\\\/fr\\\/produit\\\/led-lanterne-feuerhand\\\/#primaryimage\",\"url\":\"https:\\\/\\\/shop.bantam.ch\\\/wp-content\\\/uploads\\\/2025\\\/03\\\/Movera-L-9962360100.jpg\",\"contentUrl\":\"https:\\\/\\\/shop.bantam.ch\\\/wp-content\\\/uploads\\\/2025\\\/03\\\/Movera-L-9962360100.jpg\",\"width\":640,\"height\":686},{\"@type\":\"BreadcrumbList\",\"@id\":\"https:\\\/\\\/shop.bantam.ch\\\/fr\\\/produit\\\/led-lanterne-feuerhand\\\/#breadcrumb\",\"itemListElement\":[{\"@type\":\"ListItem\",\"position\":1,\"name\":\"Accueil\",\"item\":\"https:\\\/\\\/shop.bantam.ch\\\/fr\\\/\"},{\"@type\":\"ListItem\",\"position\":2,\"name\":\"Boutique\",\"item\":\"https:\\\/\\\/shop.bantam.ch\\\/fr\\\/boutique\\\/\"},{\"@type\":\"ListItem\",\"position\":3,\"name\":\"LED Lanterne Feuerhand\"}]},{\"@type\":\"WebSite\",\"@id\":\"https:\\\/\\\/shop.bantam.ch\\\/fr\\\/#website\",\"url\":\"https:\\\/\\\/shop.bantam.ch\\\/fr\\\/\",\"name\":\"Bantam Wankm\u00fcller SA\",\"description\":\"\",\"publisher\":{\"@id\":\"https:\\\/\\\/shop.bantam.ch\\\/fr\\\/#organization\"},\"inLanguage\":\"fr-FR\"},{\"@type\":\"Organization\",\"@id\":\"https:\\\/\\\/shop.bantam.ch\\\/fr\\\/#organization\",\"name\":\"Bantam Wankm\u00fcller SA\",\"url\":\"https:\\\/\\\/shop.bantam.ch\\\/fr\\\/\",\"logo\":{\"@type\":\"ImageObject\",\"inLanguage\":\"fr-FR\",\"@id\":\"https:\\\/\\\/shop.bantam.ch\\\/fr\\\/#\\\/schema\\\/logo\\\/image\\\/\",\"url\":\"https:\\\/\\\/shop.bantam.ch\\\/wp-content\\\/uploads\\\/2022\\\/12\\\/bantam-logo.png\",\"contentUrl\":\"https:\\\/\\\/shop.bantam.ch\\\/wp-content\\\/uploads\\\/2022\\\/12\\\/bantam-logo.png\",\"width\":320,\"height\":71,\"caption\":\"Bantam Wankm\u00fcller SA\"},\"image\":{\"@id\":\"https:\\\/\\\/shop.bantam.ch\\\/fr\\\/#\\\/schema\\\/logo\\\/image\\\/\"}}]}<\/script>\n<!-- \/ Yoast SEO plugin. -->","yoast_head_json":{"title":"LED Lanterne Feuerhand - Bantam Wankm\u00fcller SA","robots":{"index":"index","follow":"follow","max-snippet":"max-snippet:-1","max-image-preview":"max-image-preview:large","max-video-preview":"max-video-preview:-1"},"canonical":"https:\/\/shop.bantam.ch\/fr\/produit\/led-lanterne-feuerhand\/","og_locale":"fr_FR","og_type":"article","og_title":"LED Lanterne Feuerhand - Bantam Wankm\u00fcller SA","og_description":"\u00c0 l&rsquo;occasion de son 130e anniversaire, la Feuerhand Baby Special 276, lanterne LED \u00e0 intensit\u00e9 variable made in Germany, fait l&rsquo;objet d&rsquo;une r\u00e9\u00e9dition sp\u00e9ciale. S&rsquo;asseoir en bonne compagnie et vivre des moments privil\u00e9gi\u00e9s avec ses amis et sa famille &#8211; c&rsquo;est d\u00e9sormais possible en un tour de main avec la nouvelle lanterne LED.&nbsp; Une utilisation [&hellip;]","og_url":"https:\/\/shop.bantam.ch\/fr\/produit\/led-lanterne-feuerhand\/","og_site_name":"Bantam Wankm\u00fcller SA","article_modified_time":"2026-04-18T23:51:01+00:00","twitter_card":"summary_large_image","twitter_misc":{"Dur\u00e9e de lecture estim\u00e9e":"1 minute"},"schema":{"@context":"https:\/\/schema.org","@graph":[{"@type":"WebPage","@id":"https:\/\/shop.bantam.ch\/fr\/produit\/led-lanterne-feuerhand\/","url":"https:\/\/shop.bantam.ch\/fr\/produit\/led-lanterne-feuerhand\/","name":"LED Lanterne Feuerhand - Bantam Wankm\u00fcller SA","isPartOf":{"@id":"https:\/\/shop.bantam.ch\/fr\/#website"},"primaryImageOfPage":{"@id":"https:\/\/shop.bantam.ch\/fr\/produit\/led-lanterne-feuerhand\/#primaryimage"},"image":{"@id":"https:\/\/shop.bantam.ch\/fr\/produit\/led-lanterne-feuerhand\/#primaryimage"},"thumbnailUrl":"https:\/\/shop.bantam.ch\/wp-content\/uploads\/2025\/03\/Movera-L-9962360100.jpg","datePublished":"2025-03-14T14:13:38+00:00","dateModified":"2026-04-18T23:51:01+00:00","breadcrumb":{"@id":"https:\/\/shop.bantam.ch\/fr\/produit\/led-lanterne-feuerhand\/#breadcrumb"},"inLanguage":"fr-FR","potentialAction":[{"@type":"ReadAction","target":["https:\/\/shop.bantam.ch\/fr\/produit\/led-lanterne-feuerhand\/"]}]},{"@type":"ImageObject","inLanguage":"fr-FR","@id":"https:\/\/shop.bantam.ch\/fr\/produit\/led-lanterne-feuerhand\/#primaryimage","url":"https:\/\/shop.bantam.ch\/wp-content\/uploads\/2025\/03\/Movera-L-9962360100.jpg","contentUrl":"https:\/\/shop.bantam.ch\/wp-content\/uploads\/2025\/03\/Movera-L-9962360100.jpg","width":640,"height":686},{"@type":"BreadcrumbList","@id":"https:\/\/shop.bantam.ch\/fr\/produit\/led-lanterne-feuerhand\/#breadcrumb","itemListElement":[{"@type":"ListItem","position":1,"name":"Accueil","item":"https:\/\/shop.bantam.ch\/fr\/"},{"@type":"ListItem","position":2,"name":"Boutique","item":"https:\/\/shop.bantam.ch\/fr\/boutique\/"},{"@type":"ListItem","position":3,"name":"LED Lanterne Feuerhand"}]},{"@type":"WebSite","@id":"https:\/\/shop.bantam.ch\/fr\/#website","url":"https:\/\/shop.bantam.ch\/fr\/","name":"Bantam Wankm\u00fcller SA","description":"","publisher":{"@id":"https:\/\/shop.bantam.ch\/fr\/#organization"},"inLanguage":"fr-FR"},{"@type":"Organization","@id":"https:\/\/shop.bantam.ch\/fr\/#organization","name":"Bantam Wankm\u00fcller SA","url":"https:\/\/shop.bantam.ch\/fr\/","logo":{"@type":"ImageObject","inLanguage":"fr-FR","@id":"https:\/\/shop.bantam.ch\/fr\/#\/schema\/logo\/image\/","url":"https:\/\/shop.bantam.ch\/wp-content\/uploads\/2022\/12\/bantam-logo.png","contentUrl":"https:\/\/shop.bantam.ch\/wp-content\/uploads\/2022\/12\/bantam-logo.png","width":320,"height":71,"caption":"Bantam Wankm\u00fcller SA"},"image":{"@id":"https:\/\/shop.bantam.ch\/fr\/#\/schema\/logo\/image\/"}}]}},"_links":{"self":[{"href":"https:\/\/shop.bantam.ch\/fr\/wp-json\/wp\/v2\/product\/212745","targetHints":{"allow":["GET"]}}],"collection":[{"href":"https:\/\/shop.bantam.ch\/fr\/wp-json\/wp\/v2\/product"}],"about":[{"href":"https:\/\/shop.bantam.ch\/fr\/wp-json\/wp\/v2\/types\/product"}],"wp:featuredmedia":[{"embeddable":true,"href":"https:\/\/shop.bantam.ch\/fr\/wp-json\/wp\/v2\/media\/212741"}],"wp:attachment":[{"href":"https:\/\/shop.bantam.ch\/fr\/wp-json\/wp\/v2\/media?parent=212745"}],"wp:term":[{"taxonomy":"product_featured_cat","embeddable":true,"href":"https:\/\/shop.bantam.ch\/fr\/wp-json\/wp\/v2\/product_featured_cat?post=212745"},{"taxonomy":"product_brand","embeddable":true,"href":"https:\/\/shop.bantam.ch\/fr\/wp-json\/wp\/v2\/product_brand?post=212745"},{"taxonomy":"product_cat","embeddable":true,"href":"https:\/\/shop.bantam.ch\/fr\/wp-json\/wp\/v2\/product_cat?post=212745"},{"taxonomy":"product_tag","embeddable":true,"href":"https:\/\/shop.bantam.ch\/fr\/wp-json\/wp\/v2\/product_tag?post=212745"}],"curies":[{"name":"wp","href":"https:\/\/api.w.org\/{rel}","templated":true}]}}