{"id":212503,"date":"2025-03-14T15:07:43","date_gmt":"2025-03-14T14:07:43","guid":{"rendered":"https:\/\/shop.bantam.ch\/produit\/onduleur-sinusoidal-dspi-rcd\/"},"modified":"2026-04-18T01:47:10","modified_gmt":"2026-04-17T23:47:10","slug":"onduleur-sinusoidal-dspi-rcd","status":"publish","type":"product","link":"https:\/\/shop.bantam.ch\/fr\/produit\/onduleur-sinusoidal-dspi-rcd\/","title":{"rendered":"Onduleur sinuso\u00efdal DSPI RCD"},"content":{"rendered":"<p>Onduleur sinuso\u00efdal avec RCD int\u00e9gr\u00e9. L&rsquo;installation d&rsquo;un RCD est ainsi superflue lors de l&rsquo;alimentation dans des prises existantes. Combinable de mani\u00e8re optimale avec notre circuit de priorit\u00e9 de r\u00e9seau Dometic B\u00fcttner MT NU 3600 gr\u00e2ce \u00e0 la sortie suppl\u00e9mentaire via le connecteur WAGO. Combinez l&rsquo;onduleur avec notre \u00e9cran multifonctions TD283 pour une utilisation confortable et une vue d&rsquo;ensemble parfaite.<\/p>\n","protected":false},"excerpt":{"rendered":"<p>Onduleur sinuso\u00efdal avec RCD int\u00e9gr\u00e9. L&rsquo;installation d&rsquo;un RCD est ainsi superflue lors de l&rsquo;alimentation dans des prises existantes. Combinable de mani\u00e8re optimale avec notre circuit de priorit\u00e9 de r\u00e9seau Dometic B\u00fcttner MT NU 3600 gr\u00e2ce \u00e0 la sortie suppl\u00e9mentaire via le connecteur WAGO. Combinez l&rsquo;onduleur avec notre \u00e9cran multifonctions TD283 pour une utilisation confortable et [&hellip;]<\/p>\n","protected":false},"featured_media":212501,"template":"","meta":{"_acf_changed":false},"product_featured_cat":[],"product_brand":[],"product_cat":[4169],"product_tag":[],"class_list":{"0":"post-212503","1":"product","2":"type-product","3":"status-publish","4":"has-post-thumbnail","6":"product_cat-onduleurs","8":"first","9":"instock","10":"taxable","11":"shipping-taxable","12":"purchasable","13":"product-type-variable"},"acf":[],"yoast_head":"<!-- This site is optimized with the Yoast SEO plugin v27.4 - https:\/\/yoast.com\/product\/yoast-seo-wordpress\/ -->\n<title>Onduleur sinuso\u00efdal DSPI RCD - Bantam Wankm\u00fcller SA<\/title>\n<meta name=\"robots\" content=\"index, follow, max-snippet:-1, max-image-preview:large, max-video-preview:-1\" \/>\n<link rel=\"canonical\" href=\"https:\/\/shop.bantam.ch\/fr\/produit\/onduleur-sinusoidal-dspi-rcd\/\" \/>\n<meta property=\"og:locale\" content=\"fr_FR\" \/>\n<meta property=\"og:type\" content=\"article\" \/>\n<meta property=\"og:title\" content=\"Onduleur sinuso\u00efdal DSPI RCD - Bantam Wankm\u00fcller SA\" \/>\n<meta property=\"og:description\" content=\"Onduleur sinuso\u00efdal avec RCD int\u00e9gr\u00e9. L&rsquo;installation d&rsquo;un RCD est ainsi superflue lors de l&rsquo;alimentation dans des prises existantes. Combinable de mani\u00e8re optimale avec notre circuit de priorit\u00e9 de r\u00e9seau Dometic B\u00fcttner MT NU 3600 gr\u00e2ce \u00e0 la sortie suppl\u00e9mentaire via le connecteur WAGO. Combinez l&rsquo;onduleur avec notre \u00e9cran multifonctions TD283 pour une utilisation confortable et [&hellip;]\" \/>\n<meta property=\"og:url\" content=\"https:\/\/shop.bantam.ch\/fr\/produit\/onduleur-sinusoidal-dspi-rcd\/\" \/>\n<meta property=\"og:site_name\" content=\"Bantam Wankm\u00fcller SA\" \/>\n<meta property=\"article:modified_time\" content=\"2026-04-17T23:47:10+00:00\" \/>\n<meta name=\"twitter:card\" content=\"summary_large_image\" \/>\n<script type=\"application\/ld+json\" class=\"yoast-schema-graph\">{\"@context\":\"https:\\\/\\\/schema.org\",\"@graph\":[{\"@type\":\"WebPage\",\"@id\":\"https:\\\/\\\/shop.bantam.ch\\\/fr\\\/produit\\\/onduleur-sinusoidal-dspi-rcd\\\/\",\"url\":\"https:\\\/\\\/shop.bantam.ch\\\/fr\\\/produit\\\/onduleur-sinusoidal-dspi-rcd\\\/\",\"name\":\"Onduleur sinuso\u00efdal DSPI RCD - Bantam Wankm\u00fcller SA\",\"isPartOf\":{\"@id\":\"https:\\\/\\\/shop.bantam.ch\\\/fr\\\/#website\"},\"primaryImageOfPage\":{\"@id\":\"https:\\\/\\\/shop.bantam.ch\\\/fr\\\/produit\\\/onduleur-sinusoidal-dspi-rcd\\\/#primaryimage\"},\"image\":{\"@id\":\"https:\\\/\\\/shop.bantam.ch\\\/fr\\\/produit\\\/onduleur-sinusoidal-dspi-rcd\\\/#primaryimage\"},\"thumbnailUrl\":\"https:\\\/\\\/shop.bantam.ch\\\/wp-content\\\/uploads\\\/2025\\\/03\\\/Movera-L-9958591100.jpg\",\"datePublished\":\"2025-03-14T14:07:43+00:00\",\"dateModified\":\"2026-04-17T23:47:10+00:00\",\"breadcrumb\":{\"@id\":\"https:\\\/\\\/shop.bantam.ch\\\/fr\\\/produit\\\/onduleur-sinusoidal-dspi-rcd\\\/#breadcrumb\"},\"inLanguage\":\"fr-FR\",\"potentialAction\":[{\"@type\":\"ReadAction\",\"target\":[\"https:\\\/\\\/shop.bantam.ch\\\/fr\\\/produit\\\/onduleur-sinusoidal-dspi-rcd\\\/\"]}]},{\"@type\":\"ImageObject\",\"inLanguage\":\"fr-FR\",\"@id\":\"https:\\\/\\\/shop.bantam.ch\\\/fr\\\/produit\\\/onduleur-sinusoidal-dspi-rcd\\\/#primaryimage\",\"url\":\"https:\\\/\\\/shop.bantam.ch\\\/wp-content\\\/uploads\\\/2025\\\/03\\\/Movera-L-9958591100.jpg\",\"contentUrl\":\"https:\\\/\\\/shop.bantam.ch\\\/wp-content\\\/uploads\\\/2025\\\/03\\\/Movera-L-9958591100.jpg\",\"width\":640,\"height\":640},{\"@type\":\"BreadcrumbList\",\"@id\":\"https:\\\/\\\/shop.bantam.ch\\\/fr\\\/produit\\\/onduleur-sinusoidal-dspi-rcd\\\/#breadcrumb\",\"itemListElement\":[{\"@type\":\"ListItem\",\"position\":1,\"name\":\"Accueil\",\"item\":\"https:\\\/\\\/shop.bantam.ch\\\/fr\\\/\"},{\"@type\":\"ListItem\",\"position\":2,\"name\":\"Boutique\",\"item\":\"https:\\\/\\\/shop.bantam.ch\\\/fr\\\/boutique\\\/\"},{\"@type\":\"ListItem\",\"position\":3,\"name\":\"Onduleur sinuso\u00efdal DSPI RCD\"}]},{\"@type\":\"WebSite\",\"@id\":\"https:\\\/\\\/shop.bantam.ch\\\/fr\\\/#website\",\"url\":\"https:\\\/\\\/shop.bantam.ch\\\/fr\\\/\",\"name\":\"Bantam Wankm\u00fcller SA\",\"description\":\"\",\"publisher\":{\"@id\":\"https:\\\/\\\/shop.bantam.ch\\\/fr\\\/#organization\"},\"inLanguage\":\"fr-FR\"},{\"@type\":\"Organization\",\"@id\":\"https:\\\/\\\/shop.bantam.ch\\\/fr\\\/#organization\",\"name\":\"Bantam Wankm\u00fcller SA\",\"url\":\"https:\\\/\\\/shop.bantam.ch\\\/fr\\\/\",\"logo\":{\"@type\":\"ImageObject\",\"inLanguage\":\"fr-FR\",\"@id\":\"https:\\\/\\\/shop.bantam.ch\\\/fr\\\/#\\\/schema\\\/logo\\\/image\\\/\",\"url\":\"https:\\\/\\\/shop.bantam.ch\\\/wp-content\\\/uploads\\\/2022\\\/12\\\/bantam-logo.png\",\"contentUrl\":\"https:\\\/\\\/shop.bantam.ch\\\/wp-content\\\/uploads\\\/2022\\\/12\\\/bantam-logo.png\",\"width\":320,\"height\":71,\"caption\":\"Bantam Wankm\u00fcller SA\"},\"image\":{\"@id\":\"https:\\\/\\\/shop.bantam.ch\\\/fr\\\/#\\\/schema\\\/logo\\\/image\\\/\"}}]}<\/script>\n<!-- \/ Yoast SEO plugin. -->","yoast_head_json":{"title":"Onduleur sinuso\u00efdal DSPI RCD - Bantam Wankm\u00fcller SA","robots":{"index":"index","follow":"follow","max-snippet":"max-snippet:-1","max-image-preview":"max-image-preview:large","max-video-preview":"max-video-preview:-1"},"canonical":"https:\/\/shop.bantam.ch\/fr\/produit\/onduleur-sinusoidal-dspi-rcd\/","og_locale":"fr_FR","og_type":"article","og_title":"Onduleur sinuso\u00efdal DSPI RCD - Bantam Wankm\u00fcller SA","og_description":"Onduleur sinuso\u00efdal avec RCD int\u00e9gr\u00e9. L&rsquo;installation d&rsquo;un RCD est ainsi superflue lors de l&rsquo;alimentation dans des prises existantes. Combinable de mani\u00e8re optimale avec notre circuit de priorit\u00e9 de r\u00e9seau Dometic B\u00fcttner MT NU 3600 gr\u00e2ce \u00e0 la sortie suppl\u00e9mentaire via le connecteur WAGO. Combinez l&rsquo;onduleur avec notre \u00e9cran multifonctions TD283 pour une utilisation confortable et [&hellip;]","og_url":"https:\/\/shop.bantam.ch\/fr\/produit\/onduleur-sinusoidal-dspi-rcd\/","og_site_name":"Bantam Wankm\u00fcller SA","article_modified_time":"2026-04-17T23:47:10+00:00","twitter_card":"summary_large_image","schema":{"@context":"https:\/\/schema.org","@graph":[{"@type":"WebPage","@id":"https:\/\/shop.bantam.ch\/fr\/produit\/onduleur-sinusoidal-dspi-rcd\/","url":"https:\/\/shop.bantam.ch\/fr\/produit\/onduleur-sinusoidal-dspi-rcd\/","name":"Onduleur sinuso\u00efdal DSPI RCD - Bantam Wankm\u00fcller SA","isPartOf":{"@id":"https:\/\/shop.bantam.ch\/fr\/#website"},"primaryImageOfPage":{"@id":"https:\/\/shop.bantam.ch\/fr\/produit\/onduleur-sinusoidal-dspi-rcd\/#primaryimage"},"image":{"@id":"https:\/\/shop.bantam.ch\/fr\/produit\/onduleur-sinusoidal-dspi-rcd\/#primaryimage"},"thumbnailUrl":"https:\/\/shop.bantam.ch\/wp-content\/uploads\/2025\/03\/Movera-L-9958591100.jpg","datePublished":"2025-03-14T14:07:43+00:00","dateModified":"2026-04-17T23:47:10+00:00","breadcrumb":{"@id":"https:\/\/shop.bantam.ch\/fr\/produit\/onduleur-sinusoidal-dspi-rcd\/#breadcrumb"},"inLanguage":"fr-FR","potentialAction":[{"@type":"ReadAction","target":["https:\/\/shop.bantam.ch\/fr\/produit\/onduleur-sinusoidal-dspi-rcd\/"]}]},{"@type":"ImageObject","inLanguage":"fr-FR","@id":"https:\/\/shop.bantam.ch\/fr\/produit\/onduleur-sinusoidal-dspi-rcd\/#primaryimage","url":"https:\/\/shop.bantam.ch\/wp-content\/uploads\/2025\/03\/Movera-L-9958591100.jpg","contentUrl":"https:\/\/shop.bantam.ch\/wp-content\/uploads\/2025\/03\/Movera-L-9958591100.jpg","width":640,"height":640},{"@type":"BreadcrumbList","@id":"https:\/\/shop.bantam.ch\/fr\/produit\/onduleur-sinusoidal-dspi-rcd\/#breadcrumb","itemListElement":[{"@type":"ListItem","position":1,"name":"Accueil","item":"https:\/\/shop.bantam.ch\/fr\/"},{"@type":"ListItem","position":2,"name":"Boutique","item":"https:\/\/shop.bantam.ch\/fr\/boutique\/"},{"@type":"ListItem","position":3,"name":"Onduleur sinuso\u00efdal DSPI RCD"}]},{"@type":"WebSite","@id":"https:\/\/shop.bantam.ch\/fr\/#website","url":"https:\/\/shop.bantam.ch\/fr\/","name":"Bantam Wankm\u00fcller SA","description":"","publisher":{"@id":"https:\/\/shop.bantam.ch\/fr\/#organization"},"inLanguage":"fr-FR"},{"@type":"Organization","@id":"https:\/\/shop.bantam.ch\/fr\/#organization","name":"Bantam Wankm\u00fcller SA","url":"https:\/\/shop.bantam.ch\/fr\/","logo":{"@type":"ImageObject","inLanguage":"fr-FR","@id":"https:\/\/shop.bantam.ch\/fr\/#\/schema\/logo\/image\/","url":"https:\/\/shop.bantam.ch\/wp-content\/uploads\/2022\/12\/bantam-logo.png","contentUrl":"https:\/\/shop.bantam.ch\/wp-content\/uploads\/2022\/12\/bantam-logo.png","width":320,"height":71,"caption":"Bantam Wankm\u00fcller SA"},"image":{"@id":"https:\/\/shop.bantam.ch\/fr\/#\/schema\/logo\/image\/"}}]}},"_links":{"self":[{"href":"https:\/\/shop.bantam.ch\/fr\/wp-json\/wp\/v2\/product\/212503","targetHints":{"allow":["GET"]}}],"collection":[{"href":"https:\/\/shop.bantam.ch\/fr\/wp-json\/wp\/v2\/product"}],"about":[{"href":"https:\/\/shop.bantam.ch\/fr\/wp-json\/wp\/v2\/types\/product"}],"wp:featuredmedia":[{"embeddable":true,"href":"https:\/\/shop.bantam.ch\/fr\/wp-json\/wp\/v2\/media\/212501"}],"wp:attachment":[{"href":"https:\/\/shop.bantam.ch\/fr\/wp-json\/wp\/v2\/media?parent=212503"}],"wp:term":[{"taxonomy":"product_featured_cat","embeddable":true,"href":"https:\/\/shop.bantam.ch\/fr\/wp-json\/wp\/v2\/product_featured_cat?post=212503"},{"taxonomy":"product_brand","embeddable":true,"href":"https:\/\/shop.bantam.ch\/fr\/wp-json\/wp\/v2\/product_brand?post=212503"},{"taxonomy":"product_cat","embeddable":true,"href":"https:\/\/shop.bantam.ch\/fr\/wp-json\/wp\/v2\/product_cat?post=212503"},{"taxonomy":"product_tag","embeddable":true,"href":"https:\/\/shop.bantam.ch\/fr\/wp-json\/wp\/v2\/product_tag?post=212503"}],"curies":[{"name":"wp","href":"https:\/\/api.w.org\/{rel}","templated":true}]}}