{"id":212475,"date":"2025-03-14T15:06:39","date_gmt":"2025-03-14T14:06:39","guid":{"rendered":"https:\/\/shop.bantam.ch\/produit\/onduleur-sinusoidal-dpsi-its\/"},"modified":"2026-05-02T01:42:09","modified_gmt":"2026-05-01T23:42:09","slug":"onduleur-sinusoidal-dpsi-its","status":"publish","type":"product","link":"https:\/\/shop.bantam.ch\/fr\/produit\/onduleur-sinusoidal-dpsi-its\/","title":{"rendered":"Onduleur sinuso\u00efdal DPSI iTS"},"content":{"rendered":"<ul>\n<li>La tension de sortie sinuso\u00efdale pure prot\u00e8ge vos pr\u00e9cieux appareils<\/li>\n<li>Commutateur intelligent pour une commutation en douceur entre le fonctionnement de l&rsquo;onduleur et le fonctionnement sur secteur<\/li>\n<li>\u00c9conomise l&rsquo;\u00e9nergie lorsque l&rsquo;onduleur n&rsquo;est pas en service<\/li>\n<li>Prend moins de place dans le v\u00e9hicule que les autres onduleurs disponibles sur le march\u00e9<\/li>\n<li>L&rsquo;onduleur peut \u00eatre contr\u00f4l\u00e9 via un \u00e9cran mural, une application ou une t\u00e9l\u00e9commande<\/li>\n<li>Compatible avec N-BUS et CI-BUS pour une installation pratique et une grande facilit\u00e9 d&rsquo;utilisation<\/li>\n<li>Contr\u00f4le pr\u00e9cis de la consommation en temps r\u00e9el avec l&rsquo;\u00e9cran Dometic TD283 ou l&rsquo;application Dometic Power App<\/li>\n<li>Bo\u00eetier plat avec support de montage int\u00e9gr\u00e9<\/li>\n<li>Onduleur sinuso\u00efdal confort avec circuit de transfert intelligent.<\/li>\n<\/ul>\n","protected":false},"excerpt":{"rendered":"<p>La tension de sortie sinuso\u00efdale pure prot\u00e8ge vos pr\u00e9cieux appareils Commutateur intelligent pour une commutation en douceur entre le fonctionnement de l&rsquo;onduleur et le fonctionnement sur secteur \u00c9conomise l&rsquo;\u00e9nergie lorsque l&rsquo;onduleur n&rsquo;est pas en service Prend moins de place dans le v\u00e9hicule que les autres onduleurs disponibles sur le march\u00e9 L&rsquo;onduleur peut \u00eatre contr\u00f4l\u00e9 via [&hellip;]<\/p>\n","protected":false},"featured_media":212473,"template":"","meta":{"_acf_changed":false},"product_featured_cat":[],"product_brand":[],"product_cat":[4169],"product_tag":[],"class_list":{"0":"post-212475","1":"product","2":"type-product","3":"status-publish","4":"has-post-thumbnail","6":"product_cat-onduleurs","8":"first","9":"instock","10":"taxable","11":"shipping-taxable","12":"purchasable","13":"product-type-variable"},"acf":[],"yoast_head":"<!-- This site is optimized with the Yoast SEO plugin v27.5 - https:\/\/yoast.com\/product\/yoast-seo-wordpress\/ -->\n<title>Onduleur sinuso\u00efdal DPSI iTS - Bantam<\/title>\n<meta name=\"robots\" content=\"index, follow, max-snippet:-1, max-image-preview:large, max-video-preview:-1\" \/>\n<link rel=\"canonical\" href=\"https:\/\/shop.bantam.ch\/fr\/produit\/onduleur-sinusoidal-dpsi-its\/\" \/>\n<meta property=\"og:locale\" content=\"fr_FR\" \/>\n<meta property=\"og:type\" content=\"article\" \/>\n<meta property=\"og:title\" content=\"Onduleur sinuso\u00efdal DPSI iTS - Bantam\" \/>\n<meta property=\"og:description\" content=\"La tension de sortie sinuso\u00efdale pure prot\u00e8ge vos pr\u00e9cieux appareils Commutateur intelligent pour une commutation en douceur entre le fonctionnement de l&rsquo;onduleur et le fonctionnement sur secteur \u00c9conomise l&rsquo;\u00e9nergie lorsque l&rsquo;onduleur n&rsquo;est pas en service Prend moins de place dans le v\u00e9hicule que les autres onduleurs disponibles sur le march\u00e9 L&rsquo;onduleur peut \u00eatre contr\u00f4l\u00e9 via [&hellip;]\" \/>\n<meta property=\"og:url\" content=\"https:\/\/shop.bantam.ch\/fr\/produit\/onduleur-sinusoidal-dpsi-its\/\" \/>\n<meta property=\"og:site_name\" content=\"Bantam\" \/>\n<meta property=\"article:modified_time\" content=\"2026-05-01T23:42:09+00:00\" \/>\n<meta name=\"twitter:card\" content=\"summary_large_image\" \/>\n<meta name=\"twitter:label1\" content=\"Dur\u00e9e de lecture estim\u00e9e\" \/>\n\t<meta name=\"twitter:data1\" content=\"1 minute\" \/>\n<script type=\"application\/ld+json\" class=\"yoast-schema-graph\">{\"@context\":\"https:\\\/\\\/schema.org\",\"@graph\":[{\"@type\":\"WebPage\",\"@id\":\"https:\\\/\\\/shop.bantam.ch\\\/fr\\\/produit\\\/onduleur-sinusoidal-dpsi-its\\\/\",\"url\":\"https:\\\/\\\/shop.bantam.ch\\\/fr\\\/produit\\\/onduleur-sinusoidal-dpsi-its\\\/\",\"name\":\"Onduleur sinuso\u00efdal DPSI iTS - Bantam\",\"isPartOf\":{\"@id\":\"https:\\\/\\\/shop.bantam.ch\\\/fr\\\/#website\"},\"primaryImageOfPage\":{\"@id\":\"https:\\\/\\\/shop.bantam.ch\\\/fr\\\/produit\\\/onduleur-sinusoidal-dpsi-its\\\/#primaryimage\"},\"image\":{\"@id\":\"https:\\\/\\\/shop.bantam.ch\\\/fr\\\/produit\\\/onduleur-sinusoidal-dpsi-its\\\/#primaryimage\"},\"thumbnailUrl\":\"https:\\\/\\\/shop.bantam.ch\\\/wp-content\\\/uploads\\\/2025\\\/03\\\/Movera-L-9958581100.jpg\",\"datePublished\":\"2025-03-14T14:06:39+00:00\",\"dateModified\":\"2026-05-01T23:42:09+00:00\",\"breadcrumb\":{\"@id\":\"https:\\\/\\\/shop.bantam.ch\\\/fr\\\/produit\\\/onduleur-sinusoidal-dpsi-its\\\/#breadcrumb\"},\"inLanguage\":\"fr-FR\",\"potentialAction\":[{\"@type\":\"ReadAction\",\"target\":[\"https:\\\/\\\/shop.bantam.ch\\\/fr\\\/produit\\\/onduleur-sinusoidal-dpsi-its\\\/\"]}]},{\"@type\":\"ImageObject\",\"inLanguage\":\"fr-FR\",\"@id\":\"https:\\\/\\\/shop.bantam.ch\\\/fr\\\/produit\\\/onduleur-sinusoidal-dpsi-its\\\/#primaryimage\",\"url\":\"https:\\\/\\\/shop.bantam.ch\\\/wp-content\\\/uploads\\\/2025\\\/03\\\/Movera-L-9958581100.jpg\",\"contentUrl\":\"https:\\\/\\\/shop.bantam.ch\\\/wp-content\\\/uploads\\\/2025\\\/03\\\/Movera-L-9958581100.jpg\",\"width\":640,\"height\":640},{\"@type\":\"BreadcrumbList\",\"@id\":\"https:\\\/\\\/shop.bantam.ch\\\/fr\\\/produit\\\/onduleur-sinusoidal-dpsi-its\\\/#breadcrumb\",\"itemListElement\":[{\"@type\":\"ListItem\",\"position\":1,\"name\":\"Accueil\",\"item\":\"https:\\\/\\\/shop.bantam.ch\\\/fr\\\/\"},{\"@type\":\"ListItem\",\"position\":2,\"name\":\"Boutique\",\"item\":\"https:\\\/\\\/shop.bantam.ch\\\/fr\\\/boutique\\\/\"},{\"@type\":\"ListItem\",\"position\":3,\"name\":\"Onduleur sinuso\u00efdal DPSI iTS\"}]},{\"@type\":\"WebSite\",\"@id\":\"https:\\\/\\\/shop.bantam.ch\\\/fr\\\/#website\",\"url\":\"https:\\\/\\\/shop.bantam.ch\\\/fr\\\/\",\"name\":\"Bantam\",\"description\":\"\",\"publisher\":{\"@id\":\"https:\\\/\\\/shop.bantam.ch\\\/fr\\\/#organization\"},\"inLanguage\":\"fr-FR\"},{\"@type\":\"Organization\",\"@id\":\"https:\\\/\\\/shop.bantam.ch\\\/fr\\\/#organization\",\"name\":\"Bantam\",\"url\":\"https:\\\/\\\/shop.bantam.ch\\\/fr\\\/\",\"logo\":{\"@type\":\"ImageObject\",\"inLanguage\":\"fr-FR\",\"@id\":\"https:\\\/\\\/shop.bantam.ch\\\/fr\\\/#\\\/schema\\\/logo\\\/image\\\/\",\"url\":\"https:\\\/\\\/shop.bantam.ch\\\/wp-content\\\/uploads\\\/2022\\\/12\\\/bantam-logo.png\",\"contentUrl\":\"https:\\\/\\\/shop.bantam.ch\\\/wp-content\\\/uploads\\\/2022\\\/12\\\/bantam-logo.png\",\"width\":320,\"height\":71,\"caption\":\"Bantam\"},\"image\":{\"@id\":\"https:\\\/\\\/shop.bantam.ch\\\/fr\\\/#\\\/schema\\\/logo\\\/image\\\/\"}}]}<\/script>\n<!-- \/ Yoast SEO plugin. -->","yoast_head_json":{"title":"Onduleur sinuso\u00efdal DPSI iTS - Bantam","robots":{"index":"index","follow":"follow","max-snippet":"max-snippet:-1","max-image-preview":"max-image-preview:large","max-video-preview":"max-video-preview:-1"},"canonical":"https:\/\/shop.bantam.ch\/fr\/produit\/onduleur-sinusoidal-dpsi-its\/","og_locale":"fr_FR","og_type":"article","og_title":"Onduleur sinuso\u00efdal DPSI iTS - Bantam","og_description":"La tension de sortie sinuso\u00efdale pure prot\u00e8ge vos pr\u00e9cieux appareils Commutateur intelligent pour une commutation en douceur entre le fonctionnement de l&rsquo;onduleur et le fonctionnement sur secteur \u00c9conomise l&rsquo;\u00e9nergie lorsque l&rsquo;onduleur n&rsquo;est pas en service Prend moins de place dans le v\u00e9hicule que les autres onduleurs disponibles sur le march\u00e9 L&rsquo;onduleur peut \u00eatre contr\u00f4l\u00e9 via [&hellip;]","og_url":"https:\/\/shop.bantam.ch\/fr\/produit\/onduleur-sinusoidal-dpsi-its\/","og_site_name":"Bantam","article_modified_time":"2026-05-01T23:42:09+00:00","twitter_card":"summary_large_image","twitter_misc":{"Dur\u00e9e de lecture estim\u00e9e":"1 minute"},"schema":{"@context":"https:\/\/schema.org","@graph":[{"@type":"WebPage","@id":"https:\/\/shop.bantam.ch\/fr\/produit\/onduleur-sinusoidal-dpsi-its\/","url":"https:\/\/shop.bantam.ch\/fr\/produit\/onduleur-sinusoidal-dpsi-its\/","name":"Onduleur sinuso\u00efdal DPSI iTS - Bantam","isPartOf":{"@id":"https:\/\/shop.bantam.ch\/fr\/#website"},"primaryImageOfPage":{"@id":"https:\/\/shop.bantam.ch\/fr\/produit\/onduleur-sinusoidal-dpsi-its\/#primaryimage"},"image":{"@id":"https:\/\/shop.bantam.ch\/fr\/produit\/onduleur-sinusoidal-dpsi-its\/#primaryimage"},"thumbnailUrl":"https:\/\/shop.bantam.ch\/wp-content\/uploads\/2025\/03\/Movera-L-9958581100.jpg","datePublished":"2025-03-14T14:06:39+00:00","dateModified":"2026-05-01T23:42:09+00:00","breadcrumb":{"@id":"https:\/\/shop.bantam.ch\/fr\/produit\/onduleur-sinusoidal-dpsi-its\/#breadcrumb"},"inLanguage":"fr-FR","potentialAction":[{"@type":"ReadAction","target":["https:\/\/shop.bantam.ch\/fr\/produit\/onduleur-sinusoidal-dpsi-its\/"]}]},{"@type":"ImageObject","inLanguage":"fr-FR","@id":"https:\/\/shop.bantam.ch\/fr\/produit\/onduleur-sinusoidal-dpsi-its\/#primaryimage","url":"https:\/\/shop.bantam.ch\/wp-content\/uploads\/2025\/03\/Movera-L-9958581100.jpg","contentUrl":"https:\/\/shop.bantam.ch\/wp-content\/uploads\/2025\/03\/Movera-L-9958581100.jpg","width":640,"height":640},{"@type":"BreadcrumbList","@id":"https:\/\/shop.bantam.ch\/fr\/produit\/onduleur-sinusoidal-dpsi-its\/#breadcrumb","itemListElement":[{"@type":"ListItem","position":1,"name":"Accueil","item":"https:\/\/shop.bantam.ch\/fr\/"},{"@type":"ListItem","position":2,"name":"Boutique","item":"https:\/\/shop.bantam.ch\/fr\/boutique\/"},{"@type":"ListItem","position":3,"name":"Onduleur sinuso\u00efdal DPSI iTS"}]},{"@type":"WebSite","@id":"https:\/\/shop.bantam.ch\/fr\/#website","url":"https:\/\/shop.bantam.ch\/fr\/","name":"Bantam","description":"","publisher":{"@id":"https:\/\/shop.bantam.ch\/fr\/#organization"},"inLanguage":"fr-FR"},{"@type":"Organization","@id":"https:\/\/shop.bantam.ch\/fr\/#organization","name":"Bantam","url":"https:\/\/shop.bantam.ch\/fr\/","logo":{"@type":"ImageObject","inLanguage":"fr-FR","@id":"https:\/\/shop.bantam.ch\/fr\/#\/schema\/logo\/image\/","url":"https:\/\/shop.bantam.ch\/wp-content\/uploads\/2022\/12\/bantam-logo.png","contentUrl":"https:\/\/shop.bantam.ch\/wp-content\/uploads\/2022\/12\/bantam-logo.png","width":320,"height":71,"caption":"Bantam"},"image":{"@id":"https:\/\/shop.bantam.ch\/fr\/#\/schema\/logo\/image\/"}}]}},"_links":{"self":[{"href":"https:\/\/shop.bantam.ch\/fr\/wp-json\/wp\/v2\/product\/212475","targetHints":{"allow":["GET"]}}],"collection":[{"href":"https:\/\/shop.bantam.ch\/fr\/wp-json\/wp\/v2\/product"}],"about":[{"href":"https:\/\/shop.bantam.ch\/fr\/wp-json\/wp\/v2\/types\/product"}],"wp:featuredmedia":[{"embeddable":true,"href":"https:\/\/shop.bantam.ch\/fr\/wp-json\/wp\/v2\/media\/212473"}],"wp:attachment":[{"href":"https:\/\/shop.bantam.ch\/fr\/wp-json\/wp\/v2\/media?parent=212475"}],"wp:term":[{"taxonomy":"product_featured_cat","embeddable":true,"href":"https:\/\/shop.bantam.ch\/fr\/wp-json\/wp\/v2\/product_featured_cat?post=212475"},{"taxonomy":"product_brand","embeddable":true,"href":"https:\/\/shop.bantam.ch\/fr\/wp-json\/wp\/v2\/product_brand?post=212475"},{"taxonomy":"product_cat","embeddable":true,"href":"https:\/\/shop.bantam.ch\/fr\/wp-json\/wp\/v2\/product_cat?post=212475"},{"taxonomy":"product_tag","embeddable":true,"href":"https:\/\/shop.bantam.ch\/fr\/wp-json\/wp\/v2\/product_tag?post=212475"}],"curies":[{"name":"wp","href":"https:\/\/api.w.org\/{rel}","templated":true}]}}