{"id":212415,"date":"2025-03-14T15:01:02","date_gmt":"2025-03-14T14:01:02","guid":{"rendered":"https:\/\/shop.bantam.ch\/produit\/pile-au-lithium-avec-chauffage\/"},"modified":"2026-04-19T01:48:31","modified_gmt":"2026-04-18T23:48:31","slug":"pile-au-lithium-avec-chauffage","status":"publish","type":"product","link":"https:\/\/shop.bantam.ch\/fr\/produit\/pile-au-lithium-avec-chauffage\/","title":{"rendered":"Pile au lithium avec chauffage"},"content":{"rendered":"<p>Les nouvelles batteries fournissent une puissance incomparable pour les applications de loisirs et ne vous laissent pas tomber, m\u00eame dans les situations hors r\u00e9seau les plus exigeantes, lorsque la fiabilit\u00e9 est la plus importante.<br \/>\nLes avantages :<\/p>\n<ul>\n<li>Une dur\u00e9e de vie jusqu&rsquo;\u00e0 20 fois sup\u00e9rieure \u00e0 celle des batteries traditionnelles.<\/li>\n<li>Plus d&rsquo;\u00e9nergie utilisable pour un poids r\u00e9duit et une taille plus petite<\/li>\n<li>Plusieurs connexions intelligentes comme CAN-Bus, Bluetooth et plus encore<\/li>\n<li>Convient \u00e0 la connexion en s\u00e9rie et en parall\u00e8le<\/li>\n<li>Variantes basse temp\u00e9rature avec fonction de chauffage des cellules<\/li>\n<li>Classe de protection IP67 (50Ah &#8211; IP54)<\/li>\n<li>Sans entretien<\/li>\n<\/ul>\n","protected":false},"excerpt":{"rendered":"<p>Les nouvelles batteries fournissent une puissance incomparable pour les applications de loisirs et ne vous laissent pas tomber, m\u00eame dans les situations hors r\u00e9seau les plus exigeantes, lorsque la fiabilit\u00e9 est la plus importante. Les avantages : Une dur\u00e9e de vie jusqu&rsquo;\u00e0 20 fois sup\u00e9rieure \u00e0 celle des batteries traditionnelles. Plus d&rsquo;\u00e9nergie utilisable pour un [&hellip;]<\/p>\n","protected":false},"featured_media":212413,"template":"","meta":{"_acf_changed":false},"product_featured_cat":[],"product_brand":[],"product_cat":[4187],"product_tag":[],"class_list":{"0":"post-212415","1":"product","2":"type-product","3":"status-publish","4":"has-post-thumbnail","6":"product_cat-batteries","8":"first","9":"instock","10":"taxable","11":"shipping-taxable","12":"purchasable","13":"product-type-variable"},"acf":[],"yoast_head":"<!-- This site is optimized with the Yoast SEO plugin v27.4 - https:\/\/yoast.com\/product\/yoast-seo-wordpress\/ -->\n<title>Pile au lithium avec chauffage - Bantam Wankm\u00fcller SA<\/title>\n<meta name=\"robots\" content=\"index, follow, max-snippet:-1, max-image-preview:large, max-video-preview:-1\" \/>\n<link rel=\"canonical\" href=\"https:\/\/shop.bantam.ch\/fr\/produit\/pile-au-lithium-avec-chauffage\/\" \/>\n<meta property=\"og:locale\" content=\"fr_FR\" \/>\n<meta property=\"og:type\" content=\"article\" \/>\n<meta property=\"og:title\" content=\"Pile au lithium avec chauffage - Bantam Wankm\u00fcller SA\" \/>\n<meta property=\"og:description\" content=\"Les nouvelles batteries fournissent une puissance incomparable pour les applications de loisirs et ne vous laissent pas tomber, m\u00eame dans les situations hors r\u00e9seau les plus exigeantes, lorsque la fiabilit\u00e9 est la plus importante. Les avantages : Une dur\u00e9e de vie jusqu&rsquo;\u00e0 20 fois sup\u00e9rieure \u00e0 celle des batteries traditionnelles. Plus d&rsquo;\u00e9nergie utilisable pour un [&hellip;]\" \/>\n<meta property=\"og:url\" content=\"https:\/\/shop.bantam.ch\/fr\/produit\/pile-au-lithium-avec-chauffage\/\" \/>\n<meta property=\"og:site_name\" content=\"Bantam Wankm\u00fcller SA\" \/>\n<meta property=\"article:modified_time\" content=\"2026-04-18T23:48:31+00:00\" \/>\n<meta name=\"twitter:card\" content=\"summary_large_image\" \/>\n<meta name=\"twitter:label1\" content=\"Dur\u00e9e de lecture estim\u00e9e\" \/>\n\t<meta name=\"twitter:data1\" content=\"1 minute\" \/>\n<script type=\"application\/ld+json\" class=\"yoast-schema-graph\">{\"@context\":\"https:\\\/\\\/schema.org\",\"@graph\":[{\"@type\":\"WebPage\",\"@id\":\"https:\\\/\\\/shop.bantam.ch\\\/fr\\\/produit\\\/pile-au-lithium-avec-chauffage\\\/\",\"url\":\"https:\\\/\\\/shop.bantam.ch\\\/fr\\\/produit\\\/pile-au-lithium-avec-chauffage\\\/\",\"name\":\"Pile au lithium avec chauffage - Bantam Wankm\u00fcller SA\",\"isPartOf\":{\"@id\":\"https:\\\/\\\/shop.bantam.ch\\\/fr\\\/#website\"},\"primaryImageOfPage\":{\"@id\":\"https:\\\/\\\/shop.bantam.ch\\\/fr\\\/produit\\\/pile-au-lithium-avec-chauffage\\\/#primaryimage\"},\"image\":{\"@id\":\"https:\\\/\\\/shop.bantam.ch\\\/fr\\\/produit\\\/pile-au-lithium-avec-chauffage\\\/#primaryimage\"},\"thumbnailUrl\":\"https:\\\/\\\/shop.bantam.ch\\\/wp-content\\\/uploads\\\/2025\\\/03\\\/Movera-L-9958557100.png\",\"datePublished\":\"2025-03-14T14:01:02+00:00\",\"dateModified\":\"2026-04-18T23:48:31+00:00\",\"breadcrumb\":{\"@id\":\"https:\\\/\\\/shop.bantam.ch\\\/fr\\\/produit\\\/pile-au-lithium-avec-chauffage\\\/#breadcrumb\"},\"inLanguage\":\"fr-FR\",\"potentialAction\":[{\"@type\":\"ReadAction\",\"target\":[\"https:\\\/\\\/shop.bantam.ch\\\/fr\\\/produit\\\/pile-au-lithium-avec-chauffage\\\/\"]}]},{\"@type\":\"ImageObject\",\"inLanguage\":\"fr-FR\",\"@id\":\"https:\\\/\\\/shop.bantam.ch\\\/fr\\\/produit\\\/pile-au-lithium-avec-chauffage\\\/#primaryimage\",\"url\":\"https:\\\/\\\/shop.bantam.ch\\\/wp-content\\\/uploads\\\/2025\\\/03\\\/Movera-L-9958557100.png\",\"contentUrl\":\"https:\\\/\\\/shop.bantam.ch\\\/wp-content\\\/uploads\\\/2025\\\/03\\\/Movera-L-9958557100.png\",\"width\":640,\"height\":640},{\"@type\":\"BreadcrumbList\",\"@id\":\"https:\\\/\\\/shop.bantam.ch\\\/fr\\\/produit\\\/pile-au-lithium-avec-chauffage\\\/#breadcrumb\",\"itemListElement\":[{\"@type\":\"ListItem\",\"position\":1,\"name\":\"Accueil\",\"item\":\"https:\\\/\\\/shop.bantam.ch\\\/fr\\\/\"},{\"@type\":\"ListItem\",\"position\":2,\"name\":\"Boutique\",\"item\":\"https:\\\/\\\/shop.bantam.ch\\\/fr\\\/boutique\\\/\"},{\"@type\":\"ListItem\",\"position\":3,\"name\":\"Pile au lithium avec chauffage\"}]},{\"@type\":\"WebSite\",\"@id\":\"https:\\\/\\\/shop.bantam.ch\\\/fr\\\/#website\",\"url\":\"https:\\\/\\\/shop.bantam.ch\\\/fr\\\/\",\"name\":\"Bantam Wankm\u00fcller SA\",\"description\":\"\",\"publisher\":{\"@id\":\"https:\\\/\\\/shop.bantam.ch\\\/fr\\\/#organization\"},\"inLanguage\":\"fr-FR\"},{\"@type\":\"Organization\",\"@id\":\"https:\\\/\\\/shop.bantam.ch\\\/fr\\\/#organization\",\"name\":\"Bantam Wankm\u00fcller SA\",\"url\":\"https:\\\/\\\/shop.bantam.ch\\\/fr\\\/\",\"logo\":{\"@type\":\"ImageObject\",\"inLanguage\":\"fr-FR\",\"@id\":\"https:\\\/\\\/shop.bantam.ch\\\/fr\\\/#\\\/schema\\\/logo\\\/image\\\/\",\"url\":\"https:\\\/\\\/shop.bantam.ch\\\/wp-content\\\/uploads\\\/2022\\\/12\\\/bantam-logo.png\",\"contentUrl\":\"https:\\\/\\\/shop.bantam.ch\\\/wp-content\\\/uploads\\\/2022\\\/12\\\/bantam-logo.png\",\"width\":320,\"height\":71,\"caption\":\"Bantam Wankm\u00fcller SA\"},\"image\":{\"@id\":\"https:\\\/\\\/shop.bantam.ch\\\/fr\\\/#\\\/schema\\\/logo\\\/image\\\/\"}}]}<\/script>\n<!-- \/ Yoast SEO plugin. -->","yoast_head_json":{"title":"Pile au lithium avec chauffage - Bantam Wankm\u00fcller SA","robots":{"index":"index","follow":"follow","max-snippet":"max-snippet:-1","max-image-preview":"max-image-preview:large","max-video-preview":"max-video-preview:-1"},"canonical":"https:\/\/shop.bantam.ch\/fr\/produit\/pile-au-lithium-avec-chauffage\/","og_locale":"fr_FR","og_type":"article","og_title":"Pile au lithium avec chauffage - Bantam Wankm\u00fcller SA","og_description":"Les nouvelles batteries fournissent une puissance incomparable pour les applications de loisirs et ne vous laissent pas tomber, m\u00eame dans les situations hors r\u00e9seau les plus exigeantes, lorsque la fiabilit\u00e9 est la plus importante. Les avantages : Une dur\u00e9e de vie jusqu&rsquo;\u00e0 20 fois sup\u00e9rieure \u00e0 celle des batteries traditionnelles. Plus d&rsquo;\u00e9nergie utilisable pour un [&hellip;]","og_url":"https:\/\/shop.bantam.ch\/fr\/produit\/pile-au-lithium-avec-chauffage\/","og_site_name":"Bantam Wankm\u00fcller SA","article_modified_time":"2026-04-18T23:48:31+00:00","twitter_card":"summary_large_image","twitter_misc":{"Dur\u00e9e de lecture estim\u00e9e":"1 minute"},"schema":{"@context":"https:\/\/schema.org","@graph":[{"@type":"WebPage","@id":"https:\/\/shop.bantam.ch\/fr\/produit\/pile-au-lithium-avec-chauffage\/","url":"https:\/\/shop.bantam.ch\/fr\/produit\/pile-au-lithium-avec-chauffage\/","name":"Pile au lithium avec chauffage - Bantam Wankm\u00fcller SA","isPartOf":{"@id":"https:\/\/shop.bantam.ch\/fr\/#website"},"primaryImageOfPage":{"@id":"https:\/\/shop.bantam.ch\/fr\/produit\/pile-au-lithium-avec-chauffage\/#primaryimage"},"image":{"@id":"https:\/\/shop.bantam.ch\/fr\/produit\/pile-au-lithium-avec-chauffage\/#primaryimage"},"thumbnailUrl":"https:\/\/shop.bantam.ch\/wp-content\/uploads\/2025\/03\/Movera-L-9958557100.png","datePublished":"2025-03-14T14:01:02+00:00","dateModified":"2026-04-18T23:48:31+00:00","breadcrumb":{"@id":"https:\/\/shop.bantam.ch\/fr\/produit\/pile-au-lithium-avec-chauffage\/#breadcrumb"},"inLanguage":"fr-FR","potentialAction":[{"@type":"ReadAction","target":["https:\/\/shop.bantam.ch\/fr\/produit\/pile-au-lithium-avec-chauffage\/"]}]},{"@type":"ImageObject","inLanguage":"fr-FR","@id":"https:\/\/shop.bantam.ch\/fr\/produit\/pile-au-lithium-avec-chauffage\/#primaryimage","url":"https:\/\/shop.bantam.ch\/wp-content\/uploads\/2025\/03\/Movera-L-9958557100.png","contentUrl":"https:\/\/shop.bantam.ch\/wp-content\/uploads\/2025\/03\/Movera-L-9958557100.png","width":640,"height":640},{"@type":"BreadcrumbList","@id":"https:\/\/shop.bantam.ch\/fr\/produit\/pile-au-lithium-avec-chauffage\/#breadcrumb","itemListElement":[{"@type":"ListItem","position":1,"name":"Accueil","item":"https:\/\/shop.bantam.ch\/fr\/"},{"@type":"ListItem","position":2,"name":"Boutique","item":"https:\/\/shop.bantam.ch\/fr\/boutique\/"},{"@type":"ListItem","position":3,"name":"Pile au lithium avec chauffage"}]},{"@type":"WebSite","@id":"https:\/\/shop.bantam.ch\/fr\/#website","url":"https:\/\/shop.bantam.ch\/fr\/","name":"Bantam Wankm\u00fcller SA","description":"","publisher":{"@id":"https:\/\/shop.bantam.ch\/fr\/#organization"},"inLanguage":"fr-FR"},{"@type":"Organization","@id":"https:\/\/shop.bantam.ch\/fr\/#organization","name":"Bantam Wankm\u00fcller SA","url":"https:\/\/shop.bantam.ch\/fr\/","logo":{"@type":"ImageObject","inLanguage":"fr-FR","@id":"https:\/\/shop.bantam.ch\/fr\/#\/schema\/logo\/image\/","url":"https:\/\/shop.bantam.ch\/wp-content\/uploads\/2022\/12\/bantam-logo.png","contentUrl":"https:\/\/shop.bantam.ch\/wp-content\/uploads\/2022\/12\/bantam-logo.png","width":320,"height":71,"caption":"Bantam Wankm\u00fcller SA"},"image":{"@id":"https:\/\/shop.bantam.ch\/fr\/#\/schema\/logo\/image\/"}}]}},"_links":{"self":[{"href":"https:\/\/shop.bantam.ch\/fr\/wp-json\/wp\/v2\/product\/212415","targetHints":{"allow":["GET"]}}],"collection":[{"href":"https:\/\/shop.bantam.ch\/fr\/wp-json\/wp\/v2\/product"}],"about":[{"href":"https:\/\/shop.bantam.ch\/fr\/wp-json\/wp\/v2\/types\/product"}],"wp:featuredmedia":[{"embeddable":true,"href":"https:\/\/shop.bantam.ch\/fr\/wp-json\/wp\/v2\/media\/212413"}],"wp:attachment":[{"href":"https:\/\/shop.bantam.ch\/fr\/wp-json\/wp\/v2\/media?parent=212415"}],"wp:term":[{"taxonomy":"product_featured_cat","embeddable":true,"href":"https:\/\/shop.bantam.ch\/fr\/wp-json\/wp\/v2\/product_featured_cat?post=212415"},{"taxonomy":"product_brand","embeddable":true,"href":"https:\/\/shop.bantam.ch\/fr\/wp-json\/wp\/v2\/product_brand?post=212415"},{"taxonomy":"product_cat","embeddable":true,"href":"https:\/\/shop.bantam.ch\/fr\/wp-json\/wp\/v2\/product_cat?post=212415"},{"taxonomy":"product_tag","embeddable":true,"href":"https:\/\/shop.bantam.ch\/fr\/wp-json\/wp\/v2\/product_tag?post=212415"}],"curies":[{"name":"wp","href":"https:\/\/api.w.org\/{rel}","templated":true}]}}