{"id":212401,"date":"2025-03-14T15:00:48","date_gmt":"2025-03-14T14:00:48","guid":{"rendered":"https:\/\/shop.bantam.ch\/produit\/powerstation-delta-pro-3-eu\/"},"modified":"2026-04-19T23:28:44","modified_gmt":"2026-04-19T21:28:44","slug":"powerstation-delta-pro-3-eu","status":"publish","type":"product","link":"https:\/\/shop.bantam.ch\/fr\/produit\/powerstation-delta-pro-3-eu\/","title":{"rendered":"Powerstation DELTA Pro 3 EU"},"content":{"rendered":"<p>Avec une puissance de 4000 W, vous pouvez alimenter presque tous les appareils m\u00e9nagers.<br \/>\nCapacit\u00e9 extensible&nbsp;<br \/>\n&#8211; De 4 \u00e0 12 kWh, adapt\u00e9e \u00e0 vos besoins en \u00e9nergie.<br \/>\nFonctionnement silencieux&nbsp;<br \/>\n&#8211; Avec un bruit de fonctionnement de seulement 30 dB (sous une charge de 2 000 W).<br \/>\nFacile \u00e0 utiliser&nbsp;<br \/>\n&#8211; Conception plug &amp; play pour une installation facile.<br \/>\nRecharge rapide&nbsp;<br \/>\n&#8211; Recharge \u00e0 80 % en une heure seulement.<br \/>\nPlusieurs m\u00e9thodes de charge<br \/>\n&nbsp;&#8211; Prend en charge des m\u00e9thodes de charge combin\u00e9es pour une flexibilit\u00e9 maximale.<\/p>\n<p>4000 W de puissance de sortie CA<br \/>\nIncroyable 7000 W MultiCharge (recharge sur secteur en 2,7 heures)<br \/>\nBatterie LFP de 4096 Wh<br \/>\nPrise CEE &amp; adaptateur de courant de quai int\u00e9gr\u00e9s<br \/>\nUltra-silencieux gr\u00e2ce \u00e0 la technologie X-Quiet<br \/>\nGestion de la puissance personnalis\u00e9e dans l&rsquo;application<br \/>\nCapacit\u00e9 extensible jusqu&rsquo;\u00e0 12 kWh<br \/>\n5 ans de garantie<\/p>\n","protected":false},"excerpt":{"rendered":"<p>Avec une puissance de 4000 W, vous pouvez alimenter presque tous les appareils m\u00e9nagers. Capacit\u00e9 extensible&nbsp; &#8211; De 4 \u00e0 12 kWh, adapt\u00e9e \u00e0 vos besoins en \u00e9nergie. Fonctionnement silencieux&nbsp; &#8211; Avec un bruit de fonctionnement de seulement 30 dB (sous une charge de 2 000 W). Facile \u00e0 utiliser&nbsp; &#8211; Conception plug &amp; play [&hellip;]<\/p>\n","protected":false},"featured_media":212399,"template":"","meta":{"_acf_changed":false},"product_featured_cat":[],"product_brand":[],"product_cat":[5129],"product_tag":[],"class_list":{"0":"post-212401","1":"product","2":"type-product","3":"status-publish","4":"has-post-thumbnail","6":"product_cat-batteries-portables","8":"first","9":"instock","10":"taxable","11":"shipping-taxable","12":"purchasable","13":"product-type-simple"},"acf":[],"yoast_head":"<!-- This site is optimized with the Yoast SEO plugin v27.4 - https:\/\/yoast.com\/product\/yoast-seo-wordpress\/ -->\n<title>Powerstation DELTA Pro 3 EU - Bantam Wankm\u00fcller SA<\/title>\n<meta name=\"robots\" content=\"index, follow, max-snippet:-1, max-image-preview:large, max-video-preview:-1\" \/>\n<link rel=\"canonical\" href=\"https:\/\/shop.bantam.ch\/fr\/produit\/powerstation-delta-pro-3-eu\/\" \/>\n<meta property=\"og:locale\" content=\"fr_FR\" \/>\n<meta property=\"og:type\" content=\"article\" \/>\n<meta property=\"og:title\" content=\"Powerstation DELTA Pro 3 EU - Bantam Wankm\u00fcller SA\" \/>\n<meta property=\"og:description\" content=\"Avec une puissance de 4000 W, vous pouvez alimenter presque tous les appareils m\u00e9nagers. Capacit\u00e9 extensible&nbsp; &#8211; De 4 \u00e0 12 kWh, adapt\u00e9e \u00e0 vos besoins en \u00e9nergie. Fonctionnement silencieux&nbsp; &#8211; Avec un bruit de fonctionnement de seulement 30 dB (sous une charge de 2 000 W). Facile \u00e0 utiliser&nbsp; &#8211; Conception plug &amp; play [&hellip;]\" \/>\n<meta property=\"og:url\" content=\"https:\/\/shop.bantam.ch\/fr\/produit\/powerstation-delta-pro-3-eu\/\" \/>\n<meta property=\"og:site_name\" content=\"Bantam Wankm\u00fcller SA\" \/>\n<meta property=\"article:modified_time\" content=\"2026-04-19T21:28:44+00:00\" \/>\n<meta name=\"twitter:card\" content=\"summary_large_image\" \/>\n<meta name=\"twitter:label1\" content=\"Dur\u00e9e de lecture estim\u00e9e\" \/>\n\t<meta name=\"twitter:data1\" content=\"1 minute\" \/>\n<script type=\"application\/ld+json\" class=\"yoast-schema-graph\">{\"@context\":\"https:\\\/\\\/schema.org\",\"@graph\":[{\"@type\":\"WebPage\",\"@id\":\"https:\\\/\\\/shop.bantam.ch\\\/fr\\\/produit\\\/powerstation-delta-pro-3-eu\\\/\",\"url\":\"https:\\\/\\\/shop.bantam.ch\\\/fr\\\/produit\\\/powerstation-delta-pro-3-eu\\\/\",\"name\":\"Powerstation DELTA Pro 3 EU - Bantam Wankm\u00fcller SA\",\"isPartOf\":{\"@id\":\"https:\\\/\\\/shop.bantam.ch\\\/fr\\\/#website\"},\"primaryImageOfPage\":{\"@id\":\"https:\\\/\\\/shop.bantam.ch\\\/fr\\\/produit\\\/powerstation-delta-pro-3-eu\\\/#primaryimage\"},\"image\":{\"@id\":\"https:\\\/\\\/shop.bantam.ch\\\/fr\\\/produit\\\/powerstation-delta-pro-3-eu\\\/#primaryimage\"},\"thumbnailUrl\":\"https:\\\/\\\/shop.bantam.ch\\\/wp-content\\\/uploads\\\/2025\\\/03\\\/Movera-L-9958548100.jpg\",\"datePublished\":\"2025-03-14T14:00:48+00:00\",\"dateModified\":\"2026-04-19T21:28:44+00:00\",\"breadcrumb\":{\"@id\":\"https:\\\/\\\/shop.bantam.ch\\\/fr\\\/produit\\\/powerstation-delta-pro-3-eu\\\/#breadcrumb\"},\"inLanguage\":\"fr-FR\",\"potentialAction\":[{\"@type\":\"ReadAction\",\"target\":[\"https:\\\/\\\/shop.bantam.ch\\\/fr\\\/produit\\\/powerstation-delta-pro-3-eu\\\/\"]}]},{\"@type\":\"ImageObject\",\"inLanguage\":\"fr-FR\",\"@id\":\"https:\\\/\\\/shop.bantam.ch\\\/fr\\\/produit\\\/powerstation-delta-pro-3-eu\\\/#primaryimage\",\"url\":\"https:\\\/\\\/shop.bantam.ch\\\/wp-content\\\/uploads\\\/2025\\\/03\\\/Movera-L-9958548100.jpg\",\"contentUrl\":\"https:\\\/\\\/shop.bantam.ch\\\/wp-content\\\/uploads\\\/2025\\\/03\\\/Movera-L-9958548100.jpg\",\"width\":640,\"height\":640},{\"@type\":\"BreadcrumbList\",\"@id\":\"https:\\\/\\\/shop.bantam.ch\\\/fr\\\/produit\\\/powerstation-delta-pro-3-eu\\\/#breadcrumb\",\"itemListElement\":[{\"@type\":\"ListItem\",\"position\":1,\"name\":\"Accueil\",\"item\":\"https:\\\/\\\/shop.bantam.ch\\\/fr\\\/\"},{\"@type\":\"ListItem\",\"position\":2,\"name\":\"Boutique\",\"item\":\"https:\\\/\\\/shop.bantam.ch\\\/fr\\\/boutique\\\/\"},{\"@type\":\"ListItem\",\"position\":3,\"name\":\"Powerstation DELTA Pro 3 EU\"}]},{\"@type\":\"WebSite\",\"@id\":\"https:\\\/\\\/shop.bantam.ch\\\/fr\\\/#website\",\"url\":\"https:\\\/\\\/shop.bantam.ch\\\/fr\\\/\",\"name\":\"Bantam Wankm\u00fcller SA\",\"description\":\"\",\"publisher\":{\"@id\":\"https:\\\/\\\/shop.bantam.ch\\\/fr\\\/#organization\"},\"inLanguage\":\"fr-FR\"},{\"@type\":\"Organization\",\"@id\":\"https:\\\/\\\/shop.bantam.ch\\\/fr\\\/#organization\",\"name\":\"Bantam Wankm\u00fcller SA\",\"url\":\"https:\\\/\\\/shop.bantam.ch\\\/fr\\\/\",\"logo\":{\"@type\":\"ImageObject\",\"inLanguage\":\"fr-FR\",\"@id\":\"https:\\\/\\\/shop.bantam.ch\\\/fr\\\/#\\\/schema\\\/logo\\\/image\\\/\",\"url\":\"https:\\\/\\\/shop.bantam.ch\\\/wp-content\\\/uploads\\\/2022\\\/12\\\/bantam-logo.png\",\"contentUrl\":\"https:\\\/\\\/shop.bantam.ch\\\/wp-content\\\/uploads\\\/2022\\\/12\\\/bantam-logo.png\",\"width\":320,\"height\":71,\"caption\":\"Bantam Wankm\u00fcller SA\"},\"image\":{\"@id\":\"https:\\\/\\\/shop.bantam.ch\\\/fr\\\/#\\\/schema\\\/logo\\\/image\\\/\"}}]}<\/script>\n<!-- \/ Yoast SEO plugin. -->","yoast_head_json":{"title":"Powerstation DELTA Pro 3 EU - Bantam Wankm\u00fcller SA","robots":{"index":"index","follow":"follow","max-snippet":"max-snippet:-1","max-image-preview":"max-image-preview:large","max-video-preview":"max-video-preview:-1"},"canonical":"https:\/\/shop.bantam.ch\/fr\/produit\/powerstation-delta-pro-3-eu\/","og_locale":"fr_FR","og_type":"article","og_title":"Powerstation DELTA Pro 3 EU - Bantam Wankm\u00fcller SA","og_description":"Avec une puissance de 4000 W, vous pouvez alimenter presque tous les appareils m\u00e9nagers. Capacit\u00e9 extensible&nbsp; &#8211; De 4 \u00e0 12 kWh, adapt\u00e9e \u00e0 vos besoins en \u00e9nergie. Fonctionnement silencieux&nbsp; &#8211; Avec un bruit de fonctionnement de seulement 30 dB (sous une charge de 2 000 W). Facile \u00e0 utiliser&nbsp; &#8211; Conception plug &amp; play [&hellip;]","og_url":"https:\/\/shop.bantam.ch\/fr\/produit\/powerstation-delta-pro-3-eu\/","og_site_name":"Bantam Wankm\u00fcller SA","article_modified_time":"2026-04-19T21:28:44+00:00","twitter_card":"summary_large_image","twitter_misc":{"Dur\u00e9e de lecture estim\u00e9e":"1 minute"},"schema":{"@context":"https:\/\/schema.org","@graph":[{"@type":"WebPage","@id":"https:\/\/shop.bantam.ch\/fr\/produit\/powerstation-delta-pro-3-eu\/","url":"https:\/\/shop.bantam.ch\/fr\/produit\/powerstation-delta-pro-3-eu\/","name":"Powerstation DELTA Pro 3 EU - Bantam Wankm\u00fcller SA","isPartOf":{"@id":"https:\/\/shop.bantam.ch\/fr\/#website"},"primaryImageOfPage":{"@id":"https:\/\/shop.bantam.ch\/fr\/produit\/powerstation-delta-pro-3-eu\/#primaryimage"},"image":{"@id":"https:\/\/shop.bantam.ch\/fr\/produit\/powerstation-delta-pro-3-eu\/#primaryimage"},"thumbnailUrl":"https:\/\/shop.bantam.ch\/wp-content\/uploads\/2025\/03\/Movera-L-9958548100.jpg","datePublished":"2025-03-14T14:00:48+00:00","dateModified":"2026-04-19T21:28:44+00:00","breadcrumb":{"@id":"https:\/\/shop.bantam.ch\/fr\/produit\/powerstation-delta-pro-3-eu\/#breadcrumb"},"inLanguage":"fr-FR","potentialAction":[{"@type":"ReadAction","target":["https:\/\/shop.bantam.ch\/fr\/produit\/powerstation-delta-pro-3-eu\/"]}]},{"@type":"ImageObject","inLanguage":"fr-FR","@id":"https:\/\/shop.bantam.ch\/fr\/produit\/powerstation-delta-pro-3-eu\/#primaryimage","url":"https:\/\/shop.bantam.ch\/wp-content\/uploads\/2025\/03\/Movera-L-9958548100.jpg","contentUrl":"https:\/\/shop.bantam.ch\/wp-content\/uploads\/2025\/03\/Movera-L-9958548100.jpg","width":640,"height":640},{"@type":"BreadcrumbList","@id":"https:\/\/shop.bantam.ch\/fr\/produit\/powerstation-delta-pro-3-eu\/#breadcrumb","itemListElement":[{"@type":"ListItem","position":1,"name":"Accueil","item":"https:\/\/shop.bantam.ch\/fr\/"},{"@type":"ListItem","position":2,"name":"Boutique","item":"https:\/\/shop.bantam.ch\/fr\/boutique\/"},{"@type":"ListItem","position":3,"name":"Powerstation DELTA Pro 3 EU"}]},{"@type":"WebSite","@id":"https:\/\/shop.bantam.ch\/fr\/#website","url":"https:\/\/shop.bantam.ch\/fr\/","name":"Bantam Wankm\u00fcller SA","description":"","publisher":{"@id":"https:\/\/shop.bantam.ch\/fr\/#organization"},"inLanguage":"fr-FR"},{"@type":"Organization","@id":"https:\/\/shop.bantam.ch\/fr\/#organization","name":"Bantam Wankm\u00fcller SA","url":"https:\/\/shop.bantam.ch\/fr\/","logo":{"@type":"ImageObject","inLanguage":"fr-FR","@id":"https:\/\/shop.bantam.ch\/fr\/#\/schema\/logo\/image\/","url":"https:\/\/shop.bantam.ch\/wp-content\/uploads\/2022\/12\/bantam-logo.png","contentUrl":"https:\/\/shop.bantam.ch\/wp-content\/uploads\/2022\/12\/bantam-logo.png","width":320,"height":71,"caption":"Bantam Wankm\u00fcller SA"},"image":{"@id":"https:\/\/shop.bantam.ch\/fr\/#\/schema\/logo\/image\/"}}]}},"_links":{"self":[{"href":"https:\/\/shop.bantam.ch\/fr\/wp-json\/wp\/v2\/product\/212401","targetHints":{"allow":["GET"]}}],"collection":[{"href":"https:\/\/shop.bantam.ch\/fr\/wp-json\/wp\/v2\/product"}],"about":[{"href":"https:\/\/shop.bantam.ch\/fr\/wp-json\/wp\/v2\/types\/product"}],"wp:featuredmedia":[{"embeddable":true,"href":"https:\/\/shop.bantam.ch\/fr\/wp-json\/wp\/v2\/media\/212399"}],"wp:attachment":[{"href":"https:\/\/shop.bantam.ch\/fr\/wp-json\/wp\/v2\/media?parent=212401"}],"wp:term":[{"taxonomy":"product_featured_cat","embeddable":true,"href":"https:\/\/shop.bantam.ch\/fr\/wp-json\/wp\/v2\/product_featured_cat?post=212401"},{"taxonomy":"product_brand","embeddable":true,"href":"https:\/\/shop.bantam.ch\/fr\/wp-json\/wp\/v2\/product_brand?post=212401"},{"taxonomy":"product_cat","embeddable":true,"href":"https:\/\/shop.bantam.ch\/fr\/wp-json\/wp\/v2\/product_cat?post=212401"},{"taxonomy":"product_tag","embeddable":true,"href":"https:\/\/shop.bantam.ch\/fr\/wp-json\/wp\/v2\/product_tag?post=212401"}],"curies":[{"name":"wp","href":"https:\/\/api.w.org\/{rel}","templated":true}]}}