{"id":212367,"date":"2025-03-14T15:00:00","date_gmt":"2025-03-14T14:00:00","guid":{"rendered":"https:\/\/shop.bantam.ch\/produit\/alimentation-electrique-ecoflow-delta-3\/"},"modified":"2026-04-19T01:48:22","modified_gmt":"2026-04-18T23:48:22","slug":"alimentation-electrique-ecoflow-delta-3","status":"publish","type":"product","link":"https:\/\/shop.bantam.ch\/fr\/produit\/alimentation-electrique-ecoflow-delta-3\/","title":{"rendered":"Alimentation \u00e9lectrique EcoFlow DELTA 3"},"content":{"rendered":"<p>Les nouvelles stations EcoFlow Power des s\u00e9ries River 3 et Delta 3 fournissent une \u00e9nergie autonome fiable pour chaque aventure. \u00c9quip\u00e9es de la technologie de batterie LiFePo4 robuste, durable et s\u00fbre, ces centrales \u00e9lectriques portables alimentent les consommateurs les plus divers. Avec des puissances de sortie de 300W \u00e0 4000W, les appareils offrent suffisamment de puissance et d&rsquo;\u00e9nergie, du smartphone aux machines \u00e0 caf\u00e9 ou aux plaques de cuisson \u00e0 induction (s\u00e9rie Delta 3). En combinaison avec un panneau solaire EcoFlow, une alimentation en \u00e9nergie autonome est r\u00e9alisable. L&rsquo;EcoFlow Charge Booster permet de charger les appareils pendant le trajet avec une puissance allant jusqu&rsquo;\u00e0 800W (s\u00e9rie Delta).<\/p>\n","protected":false},"excerpt":{"rendered":"<p>Les nouvelles stations EcoFlow Power des s\u00e9ries River 3 et Delta 3 fournissent une \u00e9nergie autonome fiable pour chaque aventure. \u00c9quip\u00e9es de la technologie de batterie LiFePo4 robuste, durable et s\u00fbre, ces centrales \u00e9lectriques portables alimentent les consommateurs les plus divers. Avec des puissances de sortie de 300W \u00e0 4000W, les appareils offrent suffisamment de [&hellip;]<\/p>\n","protected":false},"featured_media":212365,"template":"","meta":{"_acf_changed":false},"product_featured_cat":[],"product_brand":[],"product_cat":[5129],"product_tag":[],"class_list":{"0":"post-212367","1":"product","2":"type-product","3":"status-publish","4":"has-post-thumbnail","6":"product_cat-batteries-portables","8":"first","9":"instock","10":"taxable","11":"shipping-taxable","12":"purchasable","13":"product-type-variable"},"acf":[],"yoast_head":"<!-- This site is optimized with the Yoast SEO plugin v27.4 - https:\/\/yoast.com\/product\/yoast-seo-wordpress\/ -->\n<title>Alimentation \u00e9lectrique EcoFlow DELTA 3 - Bantam Wankm\u00fcller SA<\/title>\n<meta name=\"robots\" content=\"index, follow, max-snippet:-1, max-image-preview:large, max-video-preview:-1\" \/>\n<link rel=\"canonical\" href=\"https:\/\/shop.bantam.ch\/fr\/produit\/alimentation-electrique-ecoflow-delta-3\/\" \/>\n<meta property=\"og:locale\" content=\"fr_FR\" \/>\n<meta property=\"og:type\" content=\"article\" \/>\n<meta property=\"og:title\" content=\"Alimentation \u00e9lectrique EcoFlow DELTA 3 - Bantam Wankm\u00fcller SA\" \/>\n<meta property=\"og:description\" content=\"Les nouvelles stations EcoFlow Power des s\u00e9ries River 3 et Delta 3 fournissent une \u00e9nergie autonome fiable pour chaque aventure. \u00c9quip\u00e9es de la technologie de batterie LiFePo4 robuste, durable et s\u00fbre, ces centrales \u00e9lectriques portables alimentent les consommateurs les plus divers. Avec des puissances de sortie de 300W \u00e0 4000W, les appareils offrent suffisamment de [&hellip;]\" \/>\n<meta property=\"og:url\" content=\"https:\/\/shop.bantam.ch\/fr\/produit\/alimentation-electrique-ecoflow-delta-3\/\" \/>\n<meta property=\"og:site_name\" content=\"Bantam Wankm\u00fcller SA\" \/>\n<meta property=\"article:modified_time\" content=\"2026-04-18T23:48:22+00:00\" \/>\n<meta name=\"twitter:card\" content=\"summary_large_image\" \/>\n<meta name=\"twitter:label1\" content=\"Dur\u00e9e de lecture estim\u00e9e\" \/>\n\t<meta name=\"twitter:data1\" content=\"1 minute\" \/>\n<script type=\"application\/ld+json\" class=\"yoast-schema-graph\">{\"@context\":\"https:\\\/\\\/schema.org\",\"@graph\":[{\"@type\":\"WebPage\",\"@id\":\"https:\\\/\\\/shop.bantam.ch\\\/fr\\\/produit\\\/alimentation-electrique-ecoflow-delta-3\\\/\",\"url\":\"https:\\\/\\\/shop.bantam.ch\\\/fr\\\/produit\\\/alimentation-electrique-ecoflow-delta-3\\\/\",\"name\":\"Alimentation \u00e9lectrique EcoFlow DELTA 3 - Bantam Wankm\u00fcller SA\",\"isPartOf\":{\"@id\":\"https:\\\/\\\/shop.bantam.ch\\\/fr\\\/#website\"},\"primaryImageOfPage\":{\"@id\":\"https:\\\/\\\/shop.bantam.ch\\\/fr\\\/produit\\\/alimentation-electrique-ecoflow-delta-3\\\/#primaryimage\"},\"image\":{\"@id\":\"https:\\\/\\\/shop.bantam.ch\\\/fr\\\/produit\\\/alimentation-electrique-ecoflow-delta-3\\\/#primaryimage\"},\"thumbnailUrl\":\"https:\\\/\\\/shop.bantam.ch\\\/wp-content\\\/uploads\\\/2025\\\/03\\\/Movera-L-9958539100.jpg\",\"datePublished\":\"2025-03-14T14:00:00+00:00\",\"dateModified\":\"2026-04-18T23:48:22+00:00\",\"breadcrumb\":{\"@id\":\"https:\\\/\\\/shop.bantam.ch\\\/fr\\\/produit\\\/alimentation-electrique-ecoflow-delta-3\\\/#breadcrumb\"},\"inLanguage\":\"fr-FR\",\"potentialAction\":[{\"@type\":\"ReadAction\",\"target\":[\"https:\\\/\\\/shop.bantam.ch\\\/fr\\\/produit\\\/alimentation-electrique-ecoflow-delta-3\\\/\"]}]},{\"@type\":\"ImageObject\",\"inLanguage\":\"fr-FR\",\"@id\":\"https:\\\/\\\/shop.bantam.ch\\\/fr\\\/produit\\\/alimentation-electrique-ecoflow-delta-3\\\/#primaryimage\",\"url\":\"https:\\\/\\\/shop.bantam.ch\\\/wp-content\\\/uploads\\\/2025\\\/03\\\/Movera-L-9958539100.jpg\",\"contentUrl\":\"https:\\\/\\\/shop.bantam.ch\\\/wp-content\\\/uploads\\\/2025\\\/03\\\/Movera-L-9958539100.jpg\",\"width\":640,\"height\":640},{\"@type\":\"BreadcrumbList\",\"@id\":\"https:\\\/\\\/shop.bantam.ch\\\/fr\\\/produit\\\/alimentation-electrique-ecoflow-delta-3\\\/#breadcrumb\",\"itemListElement\":[{\"@type\":\"ListItem\",\"position\":1,\"name\":\"Accueil\",\"item\":\"https:\\\/\\\/shop.bantam.ch\\\/fr\\\/\"},{\"@type\":\"ListItem\",\"position\":2,\"name\":\"Boutique\",\"item\":\"https:\\\/\\\/shop.bantam.ch\\\/fr\\\/boutique\\\/\"},{\"@type\":\"ListItem\",\"position\":3,\"name\":\"Alimentation \u00e9lectrique EcoFlow DELTA 3\"}]},{\"@type\":\"WebSite\",\"@id\":\"https:\\\/\\\/shop.bantam.ch\\\/fr\\\/#website\",\"url\":\"https:\\\/\\\/shop.bantam.ch\\\/fr\\\/\",\"name\":\"Bantam Wankm\u00fcller SA\",\"description\":\"\",\"publisher\":{\"@id\":\"https:\\\/\\\/shop.bantam.ch\\\/fr\\\/#organization\"},\"inLanguage\":\"fr-FR\"},{\"@type\":\"Organization\",\"@id\":\"https:\\\/\\\/shop.bantam.ch\\\/fr\\\/#organization\",\"name\":\"Bantam Wankm\u00fcller SA\",\"url\":\"https:\\\/\\\/shop.bantam.ch\\\/fr\\\/\",\"logo\":{\"@type\":\"ImageObject\",\"inLanguage\":\"fr-FR\",\"@id\":\"https:\\\/\\\/shop.bantam.ch\\\/fr\\\/#\\\/schema\\\/logo\\\/image\\\/\",\"url\":\"https:\\\/\\\/shop.bantam.ch\\\/wp-content\\\/uploads\\\/2022\\\/12\\\/bantam-logo.png\",\"contentUrl\":\"https:\\\/\\\/shop.bantam.ch\\\/wp-content\\\/uploads\\\/2022\\\/12\\\/bantam-logo.png\",\"width\":320,\"height\":71,\"caption\":\"Bantam Wankm\u00fcller SA\"},\"image\":{\"@id\":\"https:\\\/\\\/shop.bantam.ch\\\/fr\\\/#\\\/schema\\\/logo\\\/image\\\/\"}}]}<\/script>\n<!-- \/ Yoast SEO plugin. -->","yoast_head_json":{"title":"Alimentation \u00e9lectrique EcoFlow DELTA 3 - Bantam Wankm\u00fcller SA","robots":{"index":"index","follow":"follow","max-snippet":"max-snippet:-1","max-image-preview":"max-image-preview:large","max-video-preview":"max-video-preview:-1"},"canonical":"https:\/\/shop.bantam.ch\/fr\/produit\/alimentation-electrique-ecoflow-delta-3\/","og_locale":"fr_FR","og_type":"article","og_title":"Alimentation \u00e9lectrique EcoFlow DELTA 3 - Bantam Wankm\u00fcller SA","og_description":"Les nouvelles stations EcoFlow Power des s\u00e9ries River 3 et Delta 3 fournissent une \u00e9nergie autonome fiable pour chaque aventure. \u00c9quip\u00e9es de la technologie de batterie LiFePo4 robuste, durable et s\u00fbre, ces centrales \u00e9lectriques portables alimentent les consommateurs les plus divers. Avec des puissances de sortie de 300W \u00e0 4000W, les appareils offrent suffisamment de [&hellip;]","og_url":"https:\/\/shop.bantam.ch\/fr\/produit\/alimentation-electrique-ecoflow-delta-3\/","og_site_name":"Bantam Wankm\u00fcller SA","article_modified_time":"2026-04-18T23:48:22+00:00","twitter_card":"summary_large_image","twitter_misc":{"Dur\u00e9e de lecture estim\u00e9e":"1 minute"},"schema":{"@context":"https:\/\/schema.org","@graph":[{"@type":"WebPage","@id":"https:\/\/shop.bantam.ch\/fr\/produit\/alimentation-electrique-ecoflow-delta-3\/","url":"https:\/\/shop.bantam.ch\/fr\/produit\/alimentation-electrique-ecoflow-delta-3\/","name":"Alimentation \u00e9lectrique EcoFlow DELTA 3 - Bantam Wankm\u00fcller SA","isPartOf":{"@id":"https:\/\/shop.bantam.ch\/fr\/#website"},"primaryImageOfPage":{"@id":"https:\/\/shop.bantam.ch\/fr\/produit\/alimentation-electrique-ecoflow-delta-3\/#primaryimage"},"image":{"@id":"https:\/\/shop.bantam.ch\/fr\/produit\/alimentation-electrique-ecoflow-delta-3\/#primaryimage"},"thumbnailUrl":"https:\/\/shop.bantam.ch\/wp-content\/uploads\/2025\/03\/Movera-L-9958539100.jpg","datePublished":"2025-03-14T14:00:00+00:00","dateModified":"2026-04-18T23:48:22+00:00","breadcrumb":{"@id":"https:\/\/shop.bantam.ch\/fr\/produit\/alimentation-electrique-ecoflow-delta-3\/#breadcrumb"},"inLanguage":"fr-FR","potentialAction":[{"@type":"ReadAction","target":["https:\/\/shop.bantam.ch\/fr\/produit\/alimentation-electrique-ecoflow-delta-3\/"]}]},{"@type":"ImageObject","inLanguage":"fr-FR","@id":"https:\/\/shop.bantam.ch\/fr\/produit\/alimentation-electrique-ecoflow-delta-3\/#primaryimage","url":"https:\/\/shop.bantam.ch\/wp-content\/uploads\/2025\/03\/Movera-L-9958539100.jpg","contentUrl":"https:\/\/shop.bantam.ch\/wp-content\/uploads\/2025\/03\/Movera-L-9958539100.jpg","width":640,"height":640},{"@type":"BreadcrumbList","@id":"https:\/\/shop.bantam.ch\/fr\/produit\/alimentation-electrique-ecoflow-delta-3\/#breadcrumb","itemListElement":[{"@type":"ListItem","position":1,"name":"Accueil","item":"https:\/\/shop.bantam.ch\/fr\/"},{"@type":"ListItem","position":2,"name":"Boutique","item":"https:\/\/shop.bantam.ch\/fr\/boutique\/"},{"@type":"ListItem","position":3,"name":"Alimentation \u00e9lectrique EcoFlow DELTA 3"}]},{"@type":"WebSite","@id":"https:\/\/shop.bantam.ch\/fr\/#website","url":"https:\/\/shop.bantam.ch\/fr\/","name":"Bantam Wankm\u00fcller SA","description":"","publisher":{"@id":"https:\/\/shop.bantam.ch\/fr\/#organization"},"inLanguage":"fr-FR"},{"@type":"Organization","@id":"https:\/\/shop.bantam.ch\/fr\/#organization","name":"Bantam Wankm\u00fcller SA","url":"https:\/\/shop.bantam.ch\/fr\/","logo":{"@type":"ImageObject","inLanguage":"fr-FR","@id":"https:\/\/shop.bantam.ch\/fr\/#\/schema\/logo\/image\/","url":"https:\/\/shop.bantam.ch\/wp-content\/uploads\/2022\/12\/bantam-logo.png","contentUrl":"https:\/\/shop.bantam.ch\/wp-content\/uploads\/2022\/12\/bantam-logo.png","width":320,"height":71,"caption":"Bantam Wankm\u00fcller SA"},"image":{"@id":"https:\/\/shop.bantam.ch\/fr\/#\/schema\/logo\/image\/"}}]}},"_links":{"self":[{"href":"https:\/\/shop.bantam.ch\/fr\/wp-json\/wp\/v2\/product\/212367","targetHints":{"allow":["GET"]}}],"collection":[{"href":"https:\/\/shop.bantam.ch\/fr\/wp-json\/wp\/v2\/product"}],"about":[{"href":"https:\/\/shop.bantam.ch\/fr\/wp-json\/wp\/v2\/types\/product"}],"wp:featuredmedia":[{"embeddable":true,"href":"https:\/\/shop.bantam.ch\/fr\/wp-json\/wp\/v2\/media\/212365"}],"wp:attachment":[{"href":"https:\/\/shop.bantam.ch\/fr\/wp-json\/wp\/v2\/media?parent=212367"}],"wp:term":[{"taxonomy":"product_featured_cat","embeddable":true,"href":"https:\/\/shop.bantam.ch\/fr\/wp-json\/wp\/v2\/product_featured_cat?post=212367"},{"taxonomy":"product_brand","embeddable":true,"href":"https:\/\/shop.bantam.ch\/fr\/wp-json\/wp\/v2\/product_brand?post=212367"},{"taxonomy":"product_cat","embeddable":true,"href":"https:\/\/shop.bantam.ch\/fr\/wp-json\/wp\/v2\/product_cat?post=212367"},{"taxonomy":"product_tag","embeddable":true,"href":"https:\/\/shop.bantam.ch\/fr\/wp-json\/wp\/v2\/product_tag?post=212367"}],"curies":[{"name":"wp","href":"https:\/\/api.w.org\/{rel}","templated":true}]}}