{"id":212325,"date":"2025-03-14T14:59:03","date_gmt":"2025-03-14T13:59:03","guid":{"rendered":"https:\/\/shop.bantam.ch\/produit\/verre-a-boire-superglas-no-22\/"},"modified":"2026-05-02T23:18:48","modified_gmt":"2026-05-02T21:18:48","slug":"verre-a-boire-superglas-no-22","status":"publish","type":"product","link":"https:\/\/shop.bantam.ch\/fr\/produit\/verre-a-boire-superglas-no-22\/","title":{"rendered":"Verre \u00e0 boire Superglas No. 22"},"content":{"rendered":"<p>Ce tumbler ne prend que peu de place, car il s&#8217;empile tr\u00e8s facilement. Gr\u00e2ce \u00e0 sa forme conique, le verre tient bien en main et le mat\u00e9riau high-tech incassable conf\u00e8re aux verres une haptique particuli\u00e8rement agr\u00e9able. CLUB No. 22 est surtout id\u00e9al pour les boissons froides, car le mat\u00e9riau isole quatre fois mieux que le verre traditionnel et les boissons restent fra\u00eeches longtemps.<br \/>\nSet de 2 verres<\/p>\n","protected":false},"excerpt":{"rendered":"<p>Ce tumbler ne prend que peu de place, car il s&#8217;empile tr\u00e8s facilement. Gr\u00e2ce \u00e0 sa forme conique, le verre tient bien en main et le mat\u00e9riau high-tech incassable conf\u00e8re aux verres une haptique particuli\u00e8rement agr\u00e9able. CLUB No. 22 est surtout id\u00e9al pour les boissons froides, car le mat\u00e9riau isole quatre fois mieux que le [&hellip;]<\/p>\n","protected":false},"featured_media":212323,"template":"","meta":{"_acf_changed":false},"product_featured_cat":[],"product_brand":[],"product_cat":[4269],"product_tag":[],"class_list":{"0":"post-212325","1":"product","2":"type-product","3":"status-publish","4":"has-post-thumbnail","6":"product_cat-gobelets-tasses-et-verres","8":"first","9":"instock","10":"taxable","11":"shipping-taxable","12":"purchasable","13":"product-type-simple"},"acf":[],"yoast_head":"<!-- This site is optimized with the Yoast SEO plugin v27.5 - https:\/\/yoast.com\/product\/yoast-seo-wordpress\/ -->\n<title>Verre \u00e0 boire Superglas No. 22 - Bantam<\/title>\n<meta name=\"robots\" content=\"index, follow, max-snippet:-1, max-image-preview:large, max-video-preview:-1\" \/>\n<link rel=\"canonical\" href=\"https:\/\/shop.bantam.ch\/fr\/produit\/verre-a-boire-superglas-no-22\/\" \/>\n<meta property=\"og:locale\" content=\"fr_FR\" \/>\n<meta property=\"og:type\" content=\"article\" \/>\n<meta property=\"og:title\" content=\"Verre \u00e0 boire Superglas No. 22 - Bantam\" \/>\n<meta property=\"og:description\" content=\"Ce tumbler ne prend que peu de place, car il s&#8217;empile tr\u00e8s facilement. Gr\u00e2ce \u00e0 sa forme conique, le verre tient bien en main et le mat\u00e9riau high-tech incassable conf\u00e8re aux verres une haptique particuli\u00e8rement agr\u00e9able. CLUB No. 22 est surtout id\u00e9al pour les boissons froides, car le mat\u00e9riau isole quatre fois mieux que le [&hellip;]\" \/>\n<meta property=\"og:url\" content=\"https:\/\/shop.bantam.ch\/fr\/produit\/verre-a-boire-superglas-no-22\/\" \/>\n<meta property=\"og:site_name\" content=\"Bantam\" \/>\n<meta property=\"article:modified_time\" content=\"2026-05-02T21:18:48+00:00\" \/>\n<meta name=\"twitter:card\" content=\"summary_large_image\" \/>\n<script type=\"application\/ld+json\" class=\"yoast-schema-graph\">{\"@context\":\"https:\\\/\\\/schema.org\",\"@graph\":[{\"@type\":\"WebPage\",\"@id\":\"https:\\\/\\\/shop.bantam.ch\\\/fr\\\/produit\\\/verre-a-boire-superglas-no-22\\\/\",\"url\":\"https:\\\/\\\/shop.bantam.ch\\\/fr\\\/produit\\\/verre-a-boire-superglas-no-22\\\/\",\"name\":\"Verre \u00e0 boire Superglas No. 22 - Bantam\",\"isPartOf\":{\"@id\":\"https:\\\/\\\/shop.bantam.ch\\\/fr\\\/#website\"},\"primaryImageOfPage\":{\"@id\":\"https:\\\/\\\/shop.bantam.ch\\\/fr\\\/produit\\\/verre-a-boire-superglas-no-22\\\/#primaryimage\"},\"image\":{\"@id\":\"https:\\\/\\\/shop.bantam.ch\\\/fr\\\/produit\\\/verre-a-boire-superglas-no-22\\\/#primaryimage\"},\"thumbnailUrl\":\"https:\\\/\\\/shop.bantam.ch\\\/wp-content\\\/uploads\\\/2025\\\/03\\\/Movera-L-9958532100.jpg\",\"datePublished\":\"2025-03-14T13:59:03+00:00\",\"dateModified\":\"2026-05-02T21:18:48+00:00\",\"breadcrumb\":{\"@id\":\"https:\\\/\\\/shop.bantam.ch\\\/fr\\\/produit\\\/verre-a-boire-superglas-no-22\\\/#breadcrumb\"},\"inLanguage\":\"fr-FR\",\"potentialAction\":[{\"@type\":\"ReadAction\",\"target\":[\"https:\\\/\\\/shop.bantam.ch\\\/fr\\\/produit\\\/verre-a-boire-superglas-no-22\\\/\"]}]},{\"@type\":\"ImageObject\",\"inLanguage\":\"fr-FR\",\"@id\":\"https:\\\/\\\/shop.bantam.ch\\\/fr\\\/produit\\\/verre-a-boire-superglas-no-22\\\/#primaryimage\",\"url\":\"https:\\\/\\\/shop.bantam.ch\\\/wp-content\\\/uploads\\\/2025\\\/03\\\/Movera-L-9958532100.jpg\",\"contentUrl\":\"https:\\\/\\\/shop.bantam.ch\\\/wp-content\\\/uploads\\\/2025\\\/03\\\/Movera-L-9958532100.jpg\",\"width\":640,\"height\":640},{\"@type\":\"BreadcrumbList\",\"@id\":\"https:\\\/\\\/shop.bantam.ch\\\/fr\\\/produit\\\/verre-a-boire-superglas-no-22\\\/#breadcrumb\",\"itemListElement\":[{\"@type\":\"ListItem\",\"position\":1,\"name\":\"Accueil\",\"item\":\"https:\\\/\\\/shop.bantam.ch\\\/fr\\\/\"},{\"@type\":\"ListItem\",\"position\":2,\"name\":\"Boutique\",\"item\":\"https:\\\/\\\/shop.bantam.ch\\\/fr\\\/boutique\\\/\"},{\"@type\":\"ListItem\",\"position\":3,\"name\":\"Verre \u00e0 boire Superglas No. 22\"}]},{\"@type\":\"WebSite\",\"@id\":\"https:\\\/\\\/shop.bantam.ch\\\/fr\\\/#website\",\"url\":\"https:\\\/\\\/shop.bantam.ch\\\/fr\\\/\",\"name\":\"Bantam\",\"description\":\"\",\"publisher\":{\"@id\":\"https:\\\/\\\/shop.bantam.ch\\\/fr\\\/#organization\"},\"inLanguage\":\"fr-FR\"},{\"@type\":\"Organization\",\"@id\":\"https:\\\/\\\/shop.bantam.ch\\\/fr\\\/#organization\",\"name\":\"Bantam\",\"url\":\"https:\\\/\\\/shop.bantam.ch\\\/fr\\\/\",\"logo\":{\"@type\":\"ImageObject\",\"inLanguage\":\"fr-FR\",\"@id\":\"https:\\\/\\\/shop.bantam.ch\\\/fr\\\/#\\\/schema\\\/logo\\\/image\\\/\",\"url\":\"https:\\\/\\\/shop.bantam.ch\\\/wp-content\\\/uploads\\\/2022\\\/12\\\/bantam-logo.png\",\"contentUrl\":\"https:\\\/\\\/shop.bantam.ch\\\/wp-content\\\/uploads\\\/2022\\\/12\\\/bantam-logo.png\",\"width\":320,\"height\":71,\"caption\":\"Bantam\"},\"image\":{\"@id\":\"https:\\\/\\\/shop.bantam.ch\\\/fr\\\/#\\\/schema\\\/logo\\\/image\\\/\"}}]}<\/script>\n<!-- \/ Yoast SEO plugin. -->","yoast_head_json":{"title":"Verre \u00e0 boire Superglas No. 22 - Bantam","robots":{"index":"index","follow":"follow","max-snippet":"max-snippet:-1","max-image-preview":"max-image-preview:large","max-video-preview":"max-video-preview:-1"},"canonical":"https:\/\/shop.bantam.ch\/fr\/produit\/verre-a-boire-superglas-no-22\/","og_locale":"fr_FR","og_type":"article","og_title":"Verre \u00e0 boire Superglas No. 22 - Bantam","og_description":"Ce tumbler ne prend que peu de place, car il s&#8217;empile tr\u00e8s facilement. Gr\u00e2ce \u00e0 sa forme conique, le verre tient bien en main et le mat\u00e9riau high-tech incassable conf\u00e8re aux verres une haptique particuli\u00e8rement agr\u00e9able. CLUB No. 22 est surtout id\u00e9al pour les boissons froides, car le mat\u00e9riau isole quatre fois mieux que le [&hellip;]","og_url":"https:\/\/shop.bantam.ch\/fr\/produit\/verre-a-boire-superglas-no-22\/","og_site_name":"Bantam","article_modified_time":"2026-05-02T21:18:48+00:00","twitter_card":"summary_large_image","schema":{"@context":"https:\/\/schema.org","@graph":[{"@type":"WebPage","@id":"https:\/\/shop.bantam.ch\/fr\/produit\/verre-a-boire-superglas-no-22\/","url":"https:\/\/shop.bantam.ch\/fr\/produit\/verre-a-boire-superglas-no-22\/","name":"Verre \u00e0 boire Superglas No. 22 - Bantam","isPartOf":{"@id":"https:\/\/shop.bantam.ch\/fr\/#website"},"primaryImageOfPage":{"@id":"https:\/\/shop.bantam.ch\/fr\/produit\/verre-a-boire-superglas-no-22\/#primaryimage"},"image":{"@id":"https:\/\/shop.bantam.ch\/fr\/produit\/verre-a-boire-superglas-no-22\/#primaryimage"},"thumbnailUrl":"https:\/\/shop.bantam.ch\/wp-content\/uploads\/2025\/03\/Movera-L-9958532100.jpg","datePublished":"2025-03-14T13:59:03+00:00","dateModified":"2026-05-02T21:18:48+00:00","breadcrumb":{"@id":"https:\/\/shop.bantam.ch\/fr\/produit\/verre-a-boire-superglas-no-22\/#breadcrumb"},"inLanguage":"fr-FR","potentialAction":[{"@type":"ReadAction","target":["https:\/\/shop.bantam.ch\/fr\/produit\/verre-a-boire-superglas-no-22\/"]}]},{"@type":"ImageObject","inLanguage":"fr-FR","@id":"https:\/\/shop.bantam.ch\/fr\/produit\/verre-a-boire-superglas-no-22\/#primaryimage","url":"https:\/\/shop.bantam.ch\/wp-content\/uploads\/2025\/03\/Movera-L-9958532100.jpg","contentUrl":"https:\/\/shop.bantam.ch\/wp-content\/uploads\/2025\/03\/Movera-L-9958532100.jpg","width":640,"height":640},{"@type":"BreadcrumbList","@id":"https:\/\/shop.bantam.ch\/fr\/produit\/verre-a-boire-superglas-no-22\/#breadcrumb","itemListElement":[{"@type":"ListItem","position":1,"name":"Accueil","item":"https:\/\/shop.bantam.ch\/fr\/"},{"@type":"ListItem","position":2,"name":"Boutique","item":"https:\/\/shop.bantam.ch\/fr\/boutique\/"},{"@type":"ListItem","position":3,"name":"Verre \u00e0 boire Superglas No. 22"}]},{"@type":"WebSite","@id":"https:\/\/shop.bantam.ch\/fr\/#website","url":"https:\/\/shop.bantam.ch\/fr\/","name":"Bantam","description":"","publisher":{"@id":"https:\/\/shop.bantam.ch\/fr\/#organization"},"inLanguage":"fr-FR"},{"@type":"Organization","@id":"https:\/\/shop.bantam.ch\/fr\/#organization","name":"Bantam","url":"https:\/\/shop.bantam.ch\/fr\/","logo":{"@type":"ImageObject","inLanguage":"fr-FR","@id":"https:\/\/shop.bantam.ch\/fr\/#\/schema\/logo\/image\/","url":"https:\/\/shop.bantam.ch\/wp-content\/uploads\/2022\/12\/bantam-logo.png","contentUrl":"https:\/\/shop.bantam.ch\/wp-content\/uploads\/2022\/12\/bantam-logo.png","width":320,"height":71,"caption":"Bantam"},"image":{"@id":"https:\/\/shop.bantam.ch\/fr\/#\/schema\/logo\/image\/"}}]}},"_links":{"self":[{"href":"https:\/\/shop.bantam.ch\/fr\/wp-json\/wp\/v2\/product\/212325","targetHints":{"allow":["GET"]}}],"collection":[{"href":"https:\/\/shop.bantam.ch\/fr\/wp-json\/wp\/v2\/product"}],"about":[{"href":"https:\/\/shop.bantam.ch\/fr\/wp-json\/wp\/v2\/types\/product"}],"wp:featuredmedia":[{"embeddable":true,"href":"https:\/\/shop.bantam.ch\/fr\/wp-json\/wp\/v2\/media\/212323"}],"wp:attachment":[{"href":"https:\/\/shop.bantam.ch\/fr\/wp-json\/wp\/v2\/media?parent=212325"}],"wp:term":[{"taxonomy":"product_featured_cat","embeddable":true,"href":"https:\/\/shop.bantam.ch\/fr\/wp-json\/wp\/v2\/product_featured_cat?post=212325"},{"taxonomy":"product_brand","embeddable":true,"href":"https:\/\/shop.bantam.ch\/fr\/wp-json\/wp\/v2\/product_brand?post=212325"},{"taxonomy":"product_cat","embeddable":true,"href":"https:\/\/shop.bantam.ch\/fr\/wp-json\/wp\/v2\/product_cat?post=212325"},{"taxonomy":"product_tag","embeddable":true,"href":"https:\/\/shop.bantam.ch\/fr\/wp-json\/wp\/v2\/product_tag?post=212325"}],"curies":[{"name":"wp","href":"https:\/\/api.w.org\/{rel}","templated":true}]}}