{"id":212241,"date":"2025-03-14T14:56:43","date_gmt":"2025-03-14T13:56:43","guid":{"rendered":"https:\/\/shop.bantam.ch\/produit\/service-de-table-brunner-venetian-16-pcs\/"},"modified":"2026-04-18T01:45:22","modified_gmt":"2026-04-17T23:45:22","slug":"service-de-table-brunner-venetian-16-pcs","status":"publish","type":"product","link":"https:\/\/shop.bantam.ch\/fr\/produit\/service-de-table-brunner-venetian-16-pcs\/","title":{"rendered":"Service de table Brunner Venetian 16 pcs."},"content":{"rendered":"<p>Set de vaisselle de 16 pi\u00e8ces de haute qualit\u00e9 compos\u00e9 de diff\u00e9rentes assiettes \u00e0 l&rsquo;aspect original de fa\u00efence. Toutes les assiettes sont fabriqu\u00e9es en mat\u00e9riau StoneTouch, un m\u00e9lange de r\u00e9sine de m\u00e9lamine et de min\u00e9raux incassable avec un superbe toucher porcelaine et d&rsquo;excellentes propri\u00e9t\u00e9s pour le camping et le plein air.<br \/>\nSet de 16 pi\u00e8ces comprenant :<\/p>\n<ul>\n<li>4 assiettes \u00e0 manger diam\u00e8tre 25 cm<\/li>\n<li>4 assiettes \u00e0 soupe diam\u00e8tre 21 cm<\/li>\n<li>4 assiettes \u00e0 dessert diam\u00e8tre 21 cm<\/li>\n<li>4 tasses \u00e0 anse de 300 ml<\/li>\n<\/ul>\n<p>Toutes les assiettes : mat\u00e9riau Stonetouch (m\u00e9lamine \/ m\u00e9lange de min\u00e9raux) &#8211; 100 % sans BPA<br \/>\nToutes les tasses \u00e0 anse : Resylin r\u00e9sistant \u00e0 la chaleur (100 pour cent ABS) &#8211; 100 pour cent sans BPA<\/p>\n","protected":false},"excerpt":{"rendered":"<p>Set de vaisselle de 16 pi\u00e8ces de haute qualit\u00e9 compos\u00e9 de diff\u00e9rentes assiettes \u00e0 l&rsquo;aspect original de fa\u00efence. Toutes les assiettes sont fabriqu\u00e9es en mat\u00e9riau StoneTouch, un m\u00e9lange de r\u00e9sine de m\u00e9lamine et de min\u00e9raux incassable avec un superbe toucher porcelaine et d&rsquo;excellentes propri\u00e9t\u00e9s pour le camping et le plein air. Set de 16 pi\u00e8ces [&hellip;]<\/p>\n","protected":false},"featured_media":212235,"template":"","meta":{"_acf_changed":false},"product_featured_cat":[],"product_brand":[],"product_cat":[4273],"product_tag":[],"class_list":{"0":"post-212241","1":"product","2":"type-product","3":"status-publish","4":"has-post-thumbnail","6":"product_cat-services-de-table","8":"first","9":"instock","10":"taxable","11":"shipping-taxable","12":"purchasable","13":"product-type-variable"},"acf":[],"yoast_head":"<!-- This site is optimized with the Yoast SEO plugin v27.4 - https:\/\/yoast.com\/product\/yoast-seo-wordpress\/ -->\n<title>Service de table Brunner Venetian 16 pcs. - Bantam Wankm\u00fcller SA<\/title>\n<meta name=\"robots\" content=\"index, follow, max-snippet:-1, max-image-preview:large, max-video-preview:-1\" \/>\n<link rel=\"canonical\" href=\"https:\/\/shop.bantam.ch\/fr\/produit\/service-de-table-brunner-venetian-16-pcs\/\" \/>\n<meta property=\"og:locale\" content=\"fr_FR\" \/>\n<meta property=\"og:type\" content=\"article\" \/>\n<meta property=\"og:title\" content=\"Service de table Brunner Venetian 16 pcs. - Bantam Wankm\u00fcller SA\" \/>\n<meta property=\"og:description\" content=\"Set de vaisselle de 16 pi\u00e8ces de haute qualit\u00e9 compos\u00e9 de diff\u00e9rentes assiettes \u00e0 l&rsquo;aspect original de fa\u00efence. Toutes les assiettes sont fabriqu\u00e9es en mat\u00e9riau StoneTouch, un m\u00e9lange de r\u00e9sine de m\u00e9lamine et de min\u00e9raux incassable avec un superbe toucher porcelaine et d&rsquo;excellentes propri\u00e9t\u00e9s pour le camping et le plein air. Set de 16 pi\u00e8ces [&hellip;]\" \/>\n<meta property=\"og:url\" content=\"https:\/\/shop.bantam.ch\/fr\/produit\/service-de-table-brunner-venetian-16-pcs\/\" \/>\n<meta property=\"og:site_name\" content=\"Bantam Wankm\u00fcller SA\" \/>\n<meta property=\"article:modified_time\" content=\"2026-04-17T23:45:22+00:00\" \/>\n<meta name=\"twitter:card\" content=\"summary_large_image\" \/>\n<meta name=\"twitter:label1\" content=\"Dur\u00e9e de lecture estim\u00e9e\" \/>\n\t<meta name=\"twitter:data1\" content=\"1 minute\" \/>\n<script type=\"application\/ld+json\" class=\"yoast-schema-graph\">{\"@context\":\"https:\\\/\\\/schema.org\",\"@graph\":[{\"@type\":\"WebPage\",\"@id\":\"https:\\\/\\\/shop.bantam.ch\\\/fr\\\/produit\\\/service-de-table-brunner-venetian-16-pcs\\\/\",\"url\":\"https:\\\/\\\/shop.bantam.ch\\\/fr\\\/produit\\\/service-de-table-brunner-venetian-16-pcs\\\/\",\"name\":\"Service de table Brunner Venetian 16 pcs. - Bantam Wankm\u00fcller SA\",\"isPartOf\":{\"@id\":\"https:\\\/\\\/shop.bantam.ch\\\/fr\\\/#website\"},\"primaryImageOfPage\":{\"@id\":\"https:\\\/\\\/shop.bantam.ch\\\/fr\\\/produit\\\/service-de-table-brunner-venetian-16-pcs\\\/#primaryimage\"},\"image\":{\"@id\":\"https:\\\/\\\/shop.bantam.ch\\\/fr\\\/produit\\\/service-de-table-brunner-venetian-16-pcs\\\/#primaryimage\"},\"thumbnailUrl\":\"https:\\\/\\\/shop.bantam.ch\\\/wp-content\\\/uploads\\\/2025\\\/03\\\/Movera-L-9958493100.jpg\",\"datePublished\":\"2025-03-14T13:56:43+00:00\",\"dateModified\":\"2026-04-17T23:45:22+00:00\",\"breadcrumb\":{\"@id\":\"https:\\\/\\\/shop.bantam.ch\\\/fr\\\/produit\\\/service-de-table-brunner-venetian-16-pcs\\\/#breadcrumb\"},\"inLanguage\":\"fr-FR\",\"potentialAction\":[{\"@type\":\"ReadAction\",\"target\":[\"https:\\\/\\\/shop.bantam.ch\\\/fr\\\/produit\\\/service-de-table-brunner-venetian-16-pcs\\\/\"]}]},{\"@type\":\"ImageObject\",\"inLanguage\":\"fr-FR\",\"@id\":\"https:\\\/\\\/shop.bantam.ch\\\/fr\\\/produit\\\/service-de-table-brunner-venetian-16-pcs\\\/#primaryimage\",\"url\":\"https:\\\/\\\/shop.bantam.ch\\\/wp-content\\\/uploads\\\/2025\\\/03\\\/Movera-L-9958493100.jpg\",\"contentUrl\":\"https:\\\/\\\/shop.bantam.ch\\\/wp-content\\\/uploads\\\/2025\\\/03\\\/Movera-L-9958493100.jpg\",\"width\":640,\"height\":380},{\"@type\":\"BreadcrumbList\",\"@id\":\"https:\\\/\\\/shop.bantam.ch\\\/fr\\\/produit\\\/service-de-table-brunner-venetian-16-pcs\\\/#breadcrumb\",\"itemListElement\":[{\"@type\":\"ListItem\",\"position\":1,\"name\":\"Accueil\",\"item\":\"https:\\\/\\\/shop.bantam.ch\\\/fr\\\/\"},{\"@type\":\"ListItem\",\"position\":2,\"name\":\"Boutique\",\"item\":\"https:\\\/\\\/shop.bantam.ch\\\/fr\\\/boutique\\\/\"},{\"@type\":\"ListItem\",\"position\":3,\"name\":\"Service de table Brunner Venetian 16 pcs.\"}]},{\"@type\":\"WebSite\",\"@id\":\"https:\\\/\\\/shop.bantam.ch\\\/fr\\\/#website\",\"url\":\"https:\\\/\\\/shop.bantam.ch\\\/fr\\\/\",\"name\":\"Bantam Wankm\u00fcller SA\",\"description\":\"\",\"publisher\":{\"@id\":\"https:\\\/\\\/shop.bantam.ch\\\/fr\\\/#organization\"},\"inLanguage\":\"fr-FR\"},{\"@type\":\"Organization\",\"@id\":\"https:\\\/\\\/shop.bantam.ch\\\/fr\\\/#organization\",\"name\":\"Bantam Wankm\u00fcller SA\",\"url\":\"https:\\\/\\\/shop.bantam.ch\\\/fr\\\/\",\"logo\":{\"@type\":\"ImageObject\",\"inLanguage\":\"fr-FR\",\"@id\":\"https:\\\/\\\/shop.bantam.ch\\\/fr\\\/#\\\/schema\\\/logo\\\/image\\\/\",\"url\":\"https:\\\/\\\/shop.bantam.ch\\\/wp-content\\\/uploads\\\/2022\\\/12\\\/bantam-logo.png\",\"contentUrl\":\"https:\\\/\\\/shop.bantam.ch\\\/wp-content\\\/uploads\\\/2022\\\/12\\\/bantam-logo.png\",\"width\":320,\"height\":71,\"caption\":\"Bantam Wankm\u00fcller SA\"},\"image\":{\"@id\":\"https:\\\/\\\/shop.bantam.ch\\\/fr\\\/#\\\/schema\\\/logo\\\/image\\\/\"}}]}<\/script>\n<!-- \/ Yoast SEO plugin. -->","yoast_head_json":{"title":"Service de table Brunner Venetian 16 pcs. - Bantam Wankm\u00fcller SA","robots":{"index":"index","follow":"follow","max-snippet":"max-snippet:-1","max-image-preview":"max-image-preview:large","max-video-preview":"max-video-preview:-1"},"canonical":"https:\/\/shop.bantam.ch\/fr\/produit\/service-de-table-brunner-venetian-16-pcs\/","og_locale":"fr_FR","og_type":"article","og_title":"Service de table Brunner Venetian 16 pcs. - Bantam Wankm\u00fcller SA","og_description":"Set de vaisselle de 16 pi\u00e8ces de haute qualit\u00e9 compos\u00e9 de diff\u00e9rentes assiettes \u00e0 l&rsquo;aspect original de fa\u00efence. Toutes les assiettes sont fabriqu\u00e9es en mat\u00e9riau StoneTouch, un m\u00e9lange de r\u00e9sine de m\u00e9lamine et de min\u00e9raux incassable avec un superbe toucher porcelaine et d&rsquo;excellentes propri\u00e9t\u00e9s pour le camping et le plein air. Set de 16 pi\u00e8ces [&hellip;]","og_url":"https:\/\/shop.bantam.ch\/fr\/produit\/service-de-table-brunner-venetian-16-pcs\/","og_site_name":"Bantam Wankm\u00fcller SA","article_modified_time":"2026-04-17T23:45:22+00:00","twitter_card":"summary_large_image","twitter_misc":{"Dur\u00e9e de lecture estim\u00e9e":"1 minute"},"schema":{"@context":"https:\/\/schema.org","@graph":[{"@type":"WebPage","@id":"https:\/\/shop.bantam.ch\/fr\/produit\/service-de-table-brunner-venetian-16-pcs\/","url":"https:\/\/shop.bantam.ch\/fr\/produit\/service-de-table-brunner-venetian-16-pcs\/","name":"Service de table Brunner Venetian 16 pcs. - Bantam Wankm\u00fcller SA","isPartOf":{"@id":"https:\/\/shop.bantam.ch\/fr\/#website"},"primaryImageOfPage":{"@id":"https:\/\/shop.bantam.ch\/fr\/produit\/service-de-table-brunner-venetian-16-pcs\/#primaryimage"},"image":{"@id":"https:\/\/shop.bantam.ch\/fr\/produit\/service-de-table-brunner-venetian-16-pcs\/#primaryimage"},"thumbnailUrl":"https:\/\/shop.bantam.ch\/wp-content\/uploads\/2025\/03\/Movera-L-9958493100.jpg","datePublished":"2025-03-14T13:56:43+00:00","dateModified":"2026-04-17T23:45:22+00:00","breadcrumb":{"@id":"https:\/\/shop.bantam.ch\/fr\/produit\/service-de-table-brunner-venetian-16-pcs\/#breadcrumb"},"inLanguage":"fr-FR","potentialAction":[{"@type":"ReadAction","target":["https:\/\/shop.bantam.ch\/fr\/produit\/service-de-table-brunner-venetian-16-pcs\/"]}]},{"@type":"ImageObject","inLanguage":"fr-FR","@id":"https:\/\/shop.bantam.ch\/fr\/produit\/service-de-table-brunner-venetian-16-pcs\/#primaryimage","url":"https:\/\/shop.bantam.ch\/wp-content\/uploads\/2025\/03\/Movera-L-9958493100.jpg","contentUrl":"https:\/\/shop.bantam.ch\/wp-content\/uploads\/2025\/03\/Movera-L-9958493100.jpg","width":640,"height":380},{"@type":"BreadcrumbList","@id":"https:\/\/shop.bantam.ch\/fr\/produit\/service-de-table-brunner-venetian-16-pcs\/#breadcrumb","itemListElement":[{"@type":"ListItem","position":1,"name":"Accueil","item":"https:\/\/shop.bantam.ch\/fr\/"},{"@type":"ListItem","position":2,"name":"Boutique","item":"https:\/\/shop.bantam.ch\/fr\/boutique\/"},{"@type":"ListItem","position":3,"name":"Service de table Brunner Venetian 16 pcs."}]},{"@type":"WebSite","@id":"https:\/\/shop.bantam.ch\/fr\/#website","url":"https:\/\/shop.bantam.ch\/fr\/","name":"Bantam Wankm\u00fcller SA","description":"","publisher":{"@id":"https:\/\/shop.bantam.ch\/fr\/#organization"},"inLanguage":"fr-FR"},{"@type":"Organization","@id":"https:\/\/shop.bantam.ch\/fr\/#organization","name":"Bantam Wankm\u00fcller SA","url":"https:\/\/shop.bantam.ch\/fr\/","logo":{"@type":"ImageObject","inLanguage":"fr-FR","@id":"https:\/\/shop.bantam.ch\/fr\/#\/schema\/logo\/image\/","url":"https:\/\/shop.bantam.ch\/wp-content\/uploads\/2022\/12\/bantam-logo.png","contentUrl":"https:\/\/shop.bantam.ch\/wp-content\/uploads\/2022\/12\/bantam-logo.png","width":320,"height":71,"caption":"Bantam Wankm\u00fcller SA"},"image":{"@id":"https:\/\/shop.bantam.ch\/fr\/#\/schema\/logo\/image\/"}}]}},"_links":{"self":[{"href":"https:\/\/shop.bantam.ch\/fr\/wp-json\/wp\/v2\/product\/212241","targetHints":{"allow":["GET"]}}],"collection":[{"href":"https:\/\/shop.bantam.ch\/fr\/wp-json\/wp\/v2\/product"}],"about":[{"href":"https:\/\/shop.bantam.ch\/fr\/wp-json\/wp\/v2\/types\/product"}],"wp:featuredmedia":[{"embeddable":true,"href":"https:\/\/shop.bantam.ch\/fr\/wp-json\/wp\/v2\/media\/212235"}],"wp:attachment":[{"href":"https:\/\/shop.bantam.ch\/fr\/wp-json\/wp\/v2\/media?parent=212241"}],"wp:term":[{"taxonomy":"product_featured_cat","embeddable":true,"href":"https:\/\/shop.bantam.ch\/fr\/wp-json\/wp\/v2\/product_featured_cat?post=212241"},{"taxonomy":"product_brand","embeddable":true,"href":"https:\/\/shop.bantam.ch\/fr\/wp-json\/wp\/v2\/product_brand?post=212241"},{"taxonomy":"product_cat","embeddable":true,"href":"https:\/\/shop.bantam.ch\/fr\/wp-json\/wp\/v2\/product_cat?post=212241"},{"taxonomy":"product_tag","embeddable":true,"href":"https:\/\/shop.bantam.ch\/fr\/wp-json\/wp\/v2\/product_tag?post=212241"}],"curies":[{"name":"wp","href":"https:\/\/api.w.org\/{rel}","templated":true}]}}