{"id":212207,"date":"2025-03-14T14:55:41","date_gmt":"2025-03-14T13:55:41","guid":{"rendered":"https:\/\/shop.bantam.ch\/produit\/assiette-a-dessert-brunner-venetian\/"},"modified":"2026-04-17T02:27:42","modified_gmt":"2026-04-17T00:27:42","slug":"assiette-a-dessert-brunner-venetian","status":"publish","type":"product","link":"https:\/\/shop.bantam.ch\/fr\/produit\/assiette-a-dessert-brunner-venetian\/","title":{"rendered":"Assiette \u00e0 dessert Brunner Venetian"},"content":{"rendered":"<p>L&rsquo;assiette \u00e0 dessert en m\u00e9lamine offre une solution \u00e9l\u00e9gante et pratique pour vos d\u00eeners en camping ou en plein air. Avec son \u00e9l\u00e9gant ton vert, elle apporte une atmosph\u00e8re fra\u00eeche et maritime \u00e0 votre table. Fabriqu\u00e9e en m\u00e9lamine robuste, l&rsquo;assiette est incassable, l\u00e9g\u00e8re et passe au lave-vaisselle &#8211; id\u00e9ale pour les voyages. Son design attrayant allie fonctionnalit\u00e9 et esth\u00e9tique et fait de chaque repas un moment particulier.<\/p>\n","protected":false},"excerpt":{"rendered":"<p>L&rsquo;assiette \u00e0 dessert en m\u00e9lamine offre une solution \u00e9l\u00e9gante et pratique pour vos d\u00eeners en camping ou en plein air. Avec son \u00e9l\u00e9gant ton vert, elle apporte une atmosph\u00e8re fra\u00eeche et maritime \u00e0 votre table. Fabriqu\u00e9e en m\u00e9lamine robuste, l&rsquo;assiette est incassable, l\u00e9g\u00e8re et passe au lave-vaisselle &#8211; id\u00e9ale pour les voyages. Son design attrayant [&hellip;]<\/p>\n","protected":false},"featured_media":212205,"template":"","meta":{"_acf_changed":false},"product_featured_cat":[],"product_brand":[],"product_cat":[4271],"product_tag":[],"class_list":{"0":"post-212207","1":"product","2":"type-product","3":"status-publish","4":"has-post-thumbnail","6":"product_cat-assiettes-et-coquetiers","8":"first","9":"instock","10":"taxable","11":"shipping-taxable","12":"purchasable","13":"product-type-variable"},"acf":[],"yoast_head":"<!-- This site is optimized with the Yoast SEO plugin v27.4 - https:\/\/yoast.com\/product\/yoast-seo-wordpress\/ -->\n<title>Assiette \u00e0 dessert Brunner Venetian - Bantam Wankm\u00fcller SA<\/title>\n<meta name=\"robots\" content=\"index, follow, max-snippet:-1, max-image-preview:large, max-video-preview:-1\" \/>\n<link rel=\"canonical\" href=\"https:\/\/shop.bantam.ch\/fr\/produit\/assiette-a-dessert-brunner-venetian\/\" \/>\n<meta property=\"og:locale\" content=\"fr_FR\" \/>\n<meta property=\"og:type\" content=\"article\" \/>\n<meta property=\"og:title\" content=\"Assiette \u00e0 dessert Brunner Venetian - Bantam Wankm\u00fcller SA\" \/>\n<meta property=\"og:description\" content=\"L&rsquo;assiette \u00e0 dessert en m\u00e9lamine offre une solution \u00e9l\u00e9gante et pratique pour vos d\u00eeners en camping ou en plein air. Avec son \u00e9l\u00e9gant ton vert, elle apporte une atmosph\u00e8re fra\u00eeche et maritime \u00e0 votre table. Fabriqu\u00e9e en m\u00e9lamine robuste, l&rsquo;assiette est incassable, l\u00e9g\u00e8re et passe au lave-vaisselle &#8211; id\u00e9ale pour les voyages. Son design attrayant [&hellip;]\" \/>\n<meta property=\"og:url\" content=\"https:\/\/shop.bantam.ch\/fr\/produit\/assiette-a-dessert-brunner-venetian\/\" \/>\n<meta property=\"og:site_name\" content=\"Bantam Wankm\u00fcller SA\" \/>\n<meta property=\"article:modified_time\" content=\"2026-04-17T00:27:42+00:00\" \/>\n<meta name=\"twitter:card\" content=\"summary_large_image\" \/>\n<script type=\"application\/ld+json\" class=\"yoast-schema-graph\">{\"@context\":\"https:\\\/\\\/schema.org\",\"@graph\":[{\"@type\":\"WebPage\",\"@id\":\"https:\\\/\\\/shop.bantam.ch\\\/fr\\\/produit\\\/assiette-a-dessert-brunner-venetian\\\/\",\"url\":\"https:\\\/\\\/shop.bantam.ch\\\/fr\\\/produit\\\/assiette-a-dessert-brunner-venetian\\\/\",\"name\":\"Assiette \u00e0 dessert Brunner Venetian - Bantam Wankm\u00fcller SA\",\"isPartOf\":{\"@id\":\"https:\\\/\\\/shop.bantam.ch\\\/fr\\\/#website\"},\"primaryImageOfPage\":{\"@id\":\"https:\\\/\\\/shop.bantam.ch\\\/fr\\\/produit\\\/assiette-a-dessert-brunner-venetian\\\/#primaryimage\"},\"image\":{\"@id\":\"https:\\\/\\\/shop.bantam.ch\\\/fr\\\/produit\\\/assiette-a-dessert-brunner-venetian\\\/#primaryimage\"},\"thumbnailUrl\":\"https:\\\/\\\/shop.bantam.ch\\\/wp-content\\\/uploads\\\/2025\\\/03\\\/Movera-L-9958488100.jpg\",\"datePublished\":\"2025-03-14T13:55:41+00:00\",\"dateModified\":\"2026-04-17T00:27:42+00:00\",\"breadcrumb\":{\"@id\":\"https:\\\/\\\/shop.bantam.ch\\\/fr\\\/produit\\\/assiette-a-dessert-brunner-venetian\\\/#breadcrumb\"},\"inLanguage\":\"fr-FR\",\"potentialAction\":[{\"@type\":\"ReadAction\",\"target\":[\"https:\\\/\\\/shop.bantam.ch\\\/fr\\\/produit\\\/assiette-a-dessert-brunner-venetian\\\/\"]}]},{\"@type\":\"ImageObject\",\"inLanguage\":\"fr-FR\",\"@id\":\"https:\\\/\\\/shop.bantam.ch\\\/fr\\\/produit\\\/assiette-a-dessert-brunner-venetian\\\/#primaryimage\",\"url\":\"https:\\\/\\\/shop.bantam.ch\\\/wp-content\\\/uploads\\\/2025\\\/03\\\/Movera-L-9958488100.jpg\",\"contentUrl\":\"https:\\\/\\\/shop.bantam.ch\\\/wp-content\\\/uploads\\\/2025\\\/03\\\/Movera-L-9958488100.jpg\",\"width\":640,\"height\":640},{\"@type\":\"BreadcrumbList\",\"@id\":\"https:\\\/\\\/shop.bantam.ch\\\/fr\\\/produit\\\/assiette-a-dessert-brunner-venetian\\\/#breadcrumb\",\"itemListElement\":[{\"@type\":\"ListItem\",\"position\":1,\"name\":\"Accueil\",\"item\":\"https:\\\/\\\/shop.bantam.ch\\\/fr\\\/\"},{\"@type\":\"ListItem\",\"position\":2,\"name\":\"Boutique\",\"item\":\"https:\\\/\\\/shop.bantam.ch\\\/fr\\\/boutique\\\/\"},{\"@type\":\"ListItem\",\"position\":3,\"name\":\"Assiette \u00e0 dessert Brunner Venetian\"}]},{\"@type\":\"WebSite\",\"@id\":\"https:\\\/\\\/shop.bantam.ch\\\/fr\\\/#website\",\"url\":\"https:\\\/\\\/shop.bantam.ch\\\/fr\\\/\",\"name\":\"Bantam Wankm\u00fcller SA\",\"description\":\"\",\"publisher\":{\"@id\":\"https:\\\/\\\/shop.bantam.ch\\\/fr\\\/#organization\"},\"inLanguage\":\"fr-FR\"},{\"@type\":\"Organization\",\"@id\":\"https:\\\/\\\/shop.bantam.ch\\\/fr\\\/#organization\",\"name\":\"Bantam Wankm\u00fcller SA\",\"url\":\"https:\\\/\\\/shop.bantam.ch\\\/fr\\\/\",\"logo\":{\"@type\":\"ImageObject\",\"inLanguage\":\"fr-FR\",\"@id\":\"https:\\\/\\\/shop.bantam.ch\\\/fr\\\/#\\\/schema\\\/logo\\\/image\\\/\",\"url\":\"https:\\\/\\\/shop.bantam.ch\\\/wp-content\\\/uploads\\\/2022\\\/12\\\/bantam-logo.png\",\"contentUrl\":\"https:\\\/\\\/shop.bantam.ch\\\/wp-content\\\/uploads\\\/2022\\\/12\\\/bantam-logo.png\",\"width\":320,\"height\":71,\"caption\":\"Bantam Wankm\u00fcller SA\"},\"image\":{\"@id\":\"https:\\\/\\\/shop.bantam.ch\\\/fr\\\/#\\\/schema\\\/logo\\\/image\\\/\"}}]}<\/script>\n<!-- \/ Yoast SEO plugin. -->","yoast_head_json":{"title":"Assiette \u00e0 dessert Brunner Venetian - Bantam Wankm\u00fcller SA","robots":{"index":"index","follow":"follow","max-snippet":"max-snippet:-1","max-image-preview":"max-image-preview:large","max-video-preview":"max-video-preview:-1"},"canonical":"https:\/\/shop.bantam.ch\/fr\/produit\/assiette-a-dessert-brunner-venetian\/","og_locale":"fr_FR","og_type":"article","og_title":"Assiette \u00e0 dessert Brunner Venetian - Bantam Wankm\u00fcller SA","og_description":"L&rsquo;assiette \u00e0 dessert en m\u00e9lamine offre une solution \u00e9l\u00e9gante et pratique pour vos d\u00eeners en camping ou en plein air. Avec son \u00e9l\u00e9gant ton vert, elle apporte une atmosph\u00e8re fra\u00eeche et maritime \u00e0 votre table. Fabriqu\u00e9e en m\u00e9lamine robuste, l&rsquo;assiette est incassable, l\u00e9g\u00e8re et passe au lave-vaisselle &#8211; id\u00e9ale pour les voyages. Son design attrayant [&hellip;]","og_url":"https:\/\/shop.bantam.ch\/fr\/produit\/assiette-a-dessert-brunner-venetian\/","og_site_name":"Bantam Wankm\u00fcller SA","article_modified_time":"2026-04-17T00:27:42+00:00","twitter_card":"summary_large_image","schema":{"@context":"https:\/\/schema.org","@graph":[{"@type":"WebPage","@id":"https:\/\/shop.bantam.ch\/fr\/produit\/assiette-a-dessert-brunner-venetian\/","url":"https:\/\/shop.bantam.ch\/fr\/produit\/assiette-a-dessert-brunner-venetian\/","name":"Assiette \u00e0 dessert Brunner Venetian - Bantam Wankm\u00fcller SA","isPartOf":{"@id":"https:\/\/shop.bantam.ch\/fr\/#website"},"primaryImageOfPage":{"@id":"https:\/\/shop.bantam.ch\/fr\/produit\/assiette-a-dessert-brunner-venetian\/#primaryimage"},"image":{"@id":"https:\/\/shop.bantam.ch\/fr\/produit\/assiette-a-dessert-brunner-venetian\/#primaryimage"},"thumbnailUrl":"https:\/\/shop.bantam.ch\/wp-content\/uploads\/2025\/03\/Movera-L-9958488100.jpg","datePublished":"2025-03-14T13:55:41+00:00","dateModified":"2026-04-17T00:27:42+00:00","breadcrumb":{"@id":"https:\/\/shop.bantam.ch\/fr\/produit\/assiette-a-dessert-brunner-venetian\/#breadcrumb"},"inLanguage":"fr-FR","potentialAction":[{"@type":"ReadAction","target":["https:\/\/shop.bantam.ch\/fr\/produit\/assiette-a-dessert-brunner-venetian\/"]}]},{"@type":"ImageObject","inLanguage":"fr-FR","@id":"https:\/\/shop.bantam.ch\/fr\/produit\/assiette-a-dessert-brunner-venetian\/#primaryimage","url":"https:\/\/shop.bantam.ch\/wp-content\/uploads\/2025\/03\/Movera-L-9958488100.jpg","contentUrl":"https:\/\/shop.bantam.ch\/wp-content\/uploads\/2025\/03\/Movera-L-9958488100.jpg","width":640,"height":640},{"@type":"BreadcrumbList","@id":"https:\/\/shop.bantam.ch\/fr\/produit\/assiette-a-dessert-brunner-venetian\/#breadcrumb","itemListElement":[{"@type":"ListItem","position":1,"name":"Accueil","item":"https:\/\/shop.bantam.ch\/fr\/"},{"@type":"ListItem","position":2,"name":"Boutique","item":"https:\/\/shop.bantam.ch\/fr\/boutique\/"},{"@type":"ListItem","position":3,"name":"Assiette \u00e0 dessert Brunner Venetian"}]},{"@type":"WebSite","@id":"https:\/\/shop.bantam.ch\/fr\/#website","url":"https:\/\/shop.bantam.ch\/fr\/","name":"Bantam Wankm\u00fcller SA","description":"","publisher":{"@id":"https:\/\/shop.bantam.ch\/fr\/#organization"},"inLanguage":"fr-FR"},{"@type":"Organization","@id":"https:\/\/shop.bantam.ch\/fr\/#organization","name":"Bantam Wankm\u00fcller SA","url":"https:\/\/shop.bantam.ch\/fr\/","logo":{"@type":"ImageObject","inLanguage":"fr-FR","@id":"https:\/\/shop.bantam.ch\/fr\/#\/schema\/logo\/image\/","url":"https:\/\/shop.bantam.ch\/wp-content\/uploads\/2022\/12\/bantam-logo.png","contentUrl":"https:\/\/shop.bantam.ch\/wp-content\/uploads\/2022\/12\/bantam-logo.png","width":320,"height":71,"caption":"Bantam Wankm\u00fcller SA"},"image":{"@id":"https:\/\/shop.bantam.ch\/fr\/#\/schema\/logo\/image\/"}}]}},"_links":{"self":[{"href":"https:\/\/shop.bantam.ch\/fr\/wp-json\/wp\/v2\/product\/212207","targetHints":{"allow":["GET"]}}],"collection":[{"href":"https:\/\/shop.bantam.ch\/fr\/wp-json\/wp\/v2\/product"}],"about":[{"href":"https:\/\/shop.bantam.ch\/fr\/wp-json\/wp\/v2\/types\/product"}],"wp:featuredmedia":[{"embeddable":true,"href":"https:\/\/shop.bantam.ch\/fr\/wp-json\/wp\/v2\/media\/212205"}],"wp:attachment":[{"href":"https:\/\/shop.bantam.ch\/fr\/wp-json\/wp\/v2\/media?parent=212207"}],"wp:term":[{"taxonomy":"product_featured_cat","embeddable":true,"href":"https:\/\/shop.bantam.ch\/fr\/wp-json\/wp\/v2\/product_featured_cat?post=212207"},{"taxonomy":"product_brand","embeddable":true,"href":"https:\/\/shop.bantam.ch\/fr\/wp-json\/wp\/v2\/product_brand?post=212207"},{"taxonomy":"product_cat","embeddable":true,"href":"https:\/\/shop.bantam.ch\/fr\/wp-json\/wp\/v2\/product_cat?post=212207"},{"taxonomy":"product_tag","embeddable":true,"href":"https:\/\/shop.bantam.ch\/fr\/wp-json\/wp\/v2\/product_tag?post=212207"}],"curies":[{"name":"wp","href":"https:\/\/api.w.org\/{rel}","templated":true}]}}