{"id":212189,"date":"2025-03-14T14:55:03","date_gmt":"2025-03-14T13:55:03","guid":{"rendered":"https:\/\/shop.bantam.ch\/produit\/vaisselle-brunner-venetian-all-inclusive\/"},"modified":"2026-04-19T01:46:39","modified_gmt":"2026-04-18T23:46:39","slug":"vaisselle-brunner-venetian-all-inclusive","status":"publish","type":"product","link":"https:\/\/shop.bantam.ch\/fr\/produit\/vaisselle-brunner-venetian-all-inclusive\/","title":{"rendered":"Vaisselle Brunner Venetian All inclusive"},"content":{"rendered":"<p>Ce set de vaisselle en mat\u00e9riau Stonetouch de qualit\u00e9 sup\u00e9rieure contient tout ce dont 4 personnes ont besoin \u00e0 table. Toutes les pi\u00e8ces de vaisselle sont \u00e9quip\u00e9es d&rsquo;un anneau antid\u00e9rapant et trouvent facilement une place de rangement s\u00fbre dans une bo\u00eete de transport pratique avec bac d&rsquo;organisation.<br \/>\nSet de 40 pi\u00e8ces comprenant :<\/p>\n<ul>\n<li>4 assiettes plates diam\u00e8tre 25 cm<\/li>\n<li>4 assiettes \u00e0 soupe diam\u00e8tre 21 cm<\/li>\n<li>4 assiettes \u00e0 dessert diam\u00e8tre 21 cm<\/li>\n<li>4 bol diam\u00e8tre 18 cm<\/li>\n<li>4 tasses \u00e0 anse en Resylin 300 ml<\/li>\n<li>4 verres \u00e0 boire en SAN 200 ml<\/li>\n<li>4 couteaux<\/li>\n<li>4 fourchettes<\/li>\n<li>4 cuill\u00e8res<\/li>\n<li>4 cuill\u00e8res \u00e0 caf\u00e9<\/li>\n<li>1 bo\u00eete de transport avec couvercle<\/li>\n<\/ul>\n<p>Toutes les assiettes : mat\u00e9riau Stonetouch (m\u00e9lamine \/ m\u00e9lange de min\u00e9raux) &#8211; 100 pour cent sans BPA<br \/>\nToutes les tasses \u00e0 anse : Resylin r\u00e9sistant \u00e0 la chaleur (100 pour cent ABS) &#8211; 100 pour cent sans BPA<\/p>\n","protected":false},"excerpt":{"rendered":"<p>Ce set de vaisselle en mat\u00e9riau Stonetouch de qualit\u00e9 sup\u00e9rieure contient tout ce dont 4 personnes ont besoin \u00e0 table. Toutes les pi\u00e8ces de vaisselle sont \u00e9quip\u00e9es d&rsquo;un anneau antid\u00e9rapant et trouvent facilement une place de rangement s\u00fbre dans une bo\u00eete de transport pratique avec bac d&rsquo;organisation. Set de 40 pi\u00e8ces comprenant : 4 assiettes [&hellip;]<\/p>\n","protected":false},"featured_media":212187,"template":"","meta":{"_acf_changed":false},"product_featured_cat":[],"product_brand":[],"product_cat":[4273],"product_tag":[],"class_list":{"0":"post-212189","1":"product","2":"type-product","3":"status-publish","4":"has-post-thumbnail","6":"product_cat-services-de-table","8":"first","9":"instock","10":"taxable","11":"shipping-taxable","12":"purchasable","13":"product-type-variable"},"acf":[],"yoast_head":"<!-- This site is optimized with the Yoast SEO plugin v27.4 - https:\/\/yoast.com\/product\/yoast-seo-wordpress\/ -->\n<title>Vaisselle Brunner Venetian All inclusive - Bantam Wankm\u00fcller SA<\/title>\n<meta name=\"robots\" content=\"index, follow, max-snippet:-1, max-image-preview:large, max-video-preview:-1\" \/>\n<link rel=\"canonical\" href=\"https:\/\/shop.bantam.ch\/fr\/produit\/vaisselle-brunner-venetian-all-inclusive\/\" \/>\n<meta property=\"og:locale\" content=\"fr_FR\" \/>\n<meta property=\"og:type\" content=\"article\" \/>\n<meta property=\"og:title\" content=\"Vaisselle Brunner Venetian All inclusive - Bantam Wankm\u00fcller SA\" \/>\n<meta property=\"og:description\" content=\"Ce set de vaisselle en mat\u00e9riau Stonetouch de qualit\u00e9 sup\u00e9rieure contient tout ce dont 4 personnes ont besoin \u00e0 table. Toutes les pi\u00e8ces de vaisselle sont \u00e9quip\u00e9es d&rsquo;un anneau antid\u00e9rapant et trouvent facilement une place de rangement s\u00fbre dans une bo\u00eete de transport pratique avec bac d&rsquo;organisation. Set de 40 pi\u00e8ces comprenant : 4 assiettes [&hellip;]\" \/>\n<meta property=\"og:url\" content=\"https:\/\/shop.bantam.ch\/fr\/produit\/vaisselle-brunner-venetian-all-inclusive\/\" \/>\n<meta property=\"og:site_name\" content=\"Bantam Wankm\u00fcller SA\" \/>\n<meta property=\"article:modified_time\" content=\"2026-04-18T23:46:39+00:00\" \/>\n<meta name=\"twitter:card\" content=\"summary_large_image\" \/>\n<meta name=\"twitter:label1\" content=\"Dur\u00e9e de lecture estim\u00e9e\" \/>\n\t<meta name=\"twitter:data1\" content=\"1 minute\" \/>\n<script type=\"application\/ld+json\" class=\"yoast-schema-graph\">{\"@context\":\"https:\\\/\\\/schema.org\",\"@graph\":[{\"@type\":\"WebPage\",\"@id\":\"https:\\\/\\\/shop.bantam.ch\\\/fr\\\/produit\\\/vaisselle-brunner-venetian-all-inclusive\\\/\",\"url\":\"https:\\\/\\\/shop.bantam.ch\\\/fr\\\/produit\\\/vaisselle-brunner-venetian-all-inclusive\\\/\",\"name\":\"Vaisselle Brunner Venetian All inclusive - Bantam Wankm\u00fcller SA\",\"isPartOf\":{\"@id\":\"https:\\\/\\\/shop.bantam.ch\\\/fr\\\/#website\"},\"primaryImageOfPage\":{\"@id\":\"https:\\\/\\\/shop.bantam.ch\\\/fr\\\/produit\\\/vaisselle-brunner-venetian-all-inclusive\\\/#primaryimage\"},\"image\":{\"@id\":\"https:\\\/\\\/shop.bantam.ch\\\/fr\\\/produit\\\/vaisselle-brunner-venetian-all-inclusive\\\/#primaryimage\"},\"thumbnailUrl\":\"https:\\\/\\\/shop.bantam.ch\\\/wp-content\\\/uploads\\\/2025\\\/03\\\/Movera-L-9958485100.jpg\",\"datePublished\":\"2025-03-14T13:55:03+00:00\",\"dateModified\":\"2026-04-18T23:46:39+00:00\",\"breadcrumb\":{\"@id\":\"https:\\\/\\\/shop.bantam.ch\\\/fr\\\/produit\\\/vaisselle-brunner-venetian-all-inclusive\\\/#breadcrumb\"},\"inLanguage\":\"fr-FR\",\"potentialAction\":[{\"@type\":\"ReadAction\",\"target\":[\"https:\\\/\\\/shop.bantam.ch\\\/fr\\\/produit\\\/vaisselle-brunner-venetian-all-inclusive\\\/\"]}]},{\"@type\":\"ImageObject\",\"inLanguage\":\"fr-FR\",\"@id\":\"https:\\\/\\\/shop.bantam.ch\\\/fr\\\/produit\\\/vaisselle-brunner-venetian-all-inclusive\\\/#primaryimage\",\"url\":\"https:\\\/\\\/shop.bantam.ch\\\/wp-content\\\/uploads\\\/2025\\\/03\\\/Movera-L-9958485100.jpg\",\"contentUrl\":\"https:\\\/\\\/shop.bantam.ch\\\/wp-content\\\/uploads\\\/2025\\\/03\\\/Movera-L-9958485100.jpg\",\"width\":640,\"height\":338},{\"@type\":\"BreadcrumbList\",\"@id\":\"https:\\\/\\\/shop.bantam.ch\\\/fr\\\/produit\\\/vaisselle-brunner-venetian-all-inclusive\\\/#breadcrumb\",\"itemListElement\":[{\"@type\":\"ListItem\",\"position\":1,\"name\":\"Accueil\",\"item\":\"https:\\\/\\\/shop.bantam.ch\\\/fr\\\/\"},{\"@type\":\"ListItem\",\"position\":2,\"name\":\"Boutique\",\"item\":\"https:\\\/\\\/shop.bantam.ch\\\/fr\\\/boutique\\\/\"},{\"@type\":\"ListItem\",\"position\":3,\"name\":\"Vaisselle Brunner Venetian All inclusive\"}]},{\"@type\":\"WebSite\",\"@id\":\"https:\\\/\\\/shop.bantam.ch\\\/fr\\\/#website\",\"url\":\"https:\\\/\\\/shop.bantam.ch\\\/fr\\\/\",\"name\":\"Bantam Wankm\u00fcller SA\",\"description\":\"\",\"publisher\":{\"@id\":\"https:\\\/\\\/shop.bantam.ch\\\/fr\\\/#organization\"},\"inLanguage\":\"fr-FR\"},{\"@type\":\"Organization\",\"@id\":\"https:\\\/\\\/shop.bantam.ch\\\/fr\\\/#organization\",\"name\":\"Bantam Wankm\u00fcller SA\",\"url\":\"https:\\\/\\\/shop.bantam.ch\\\/fr\\\/\",\"logo\":{\"@type\":\"ImageObject\",\"inLanguage\":\"fr-FR\",\"@id\":\"https:\\\/\\\/shop.bantam.ch\\\/fr\\\/#\\\/schema\\\/logo\\\/image\\\/\",\"url\":\"https:\\\/\\\/shop.bantam.ch\\\/wp-content\\\/uploads\\\/2022\\\/12\\\/bantam-logo.png\",\"contentUrl\":\"https:\\\/\\\/shop.bantam.ch\\\/wp-content\\\/uploads\\\/2022\\\/12\\\/bantam-logo.png\",\"width\":320,\"height\":71,\"caption\":\"Bantam Wankm\u00fcller SA\"},\"image\":{\"@id\":\"https:\\\/\\\/shop.bantam.ch\\\/fr\\\/#\\\/schema\\\/logo\\\/image\\\/\"}}]}<\/script>\n<!-- \/ Yoast SEO plugin. -->","yoast_head_json":{"title":"Vaisselle Brunner Venetian All inclusive - Bantam Wankm\u00fcller SA","robots":{"index":"index","follow":"follow","max-snippet":"max-snippet:-1","max-image-preview":"max-image-preview:large","max-video-preview":"max-video-preview:-1"},"canonical":"https:\/\/shop.bantam.ch\/fr\/produit\/vaisselle-brunner-venetian-all-inclusive\/","og_locale":"fr_FR","og_type":"article","og_title":"Vaisselle Brunner Venetian All inclusive - Bantam Wankm\u00fcller SA","og_description":"Ce set de vaisselle en mat\u00e9riau Stonetouch de qualit\u00e9 sup\u00e9rieure contient tout ce dont 4 personnes ont besoin \u00e0 table. Toutes les pi\u00e8ces de vaisselle sont \u00e9quip\u00e9es d&rsquo;un anneau antid\u00e9rapant et trouvent facilement une place de rangement s\u00fbre dans une bo\u00eete de transport pratique avec bac d&rsquo;organisation. Set de 40 pi\u00e8ces comprenant : 4 assiettes [&hellip;]","og_url":"https:\/\/shop.bantam.ch\/fr\/produit\/vaisselle-brunner-venetian-all-inclusive\/","og_site_name":"Bantam Wankm\u00fcller SA","article_modified_time":"2026-04-18T23:46:39+00:00","twitter_card":"summary_large_image","twitter_misc":{"Dur\u00e9e de lecture estim\u00e9e":"1 minute"},"schema":{"@context":"https:\/\/schema.org","@graph":[{"@type":"WebPage","@id":"https:\/\/shop.bantam.ch\/fr\/produit\/vaisselle-brunner-venetian-all-inclusive\/","url":"https:\/\/shop.bantam.ch\/fr\/produit\/vaisselle-brunner-venetian-all-inclusive\/","name":"Vaisselle Brunner Venetian All inclusive - Bantam Wankm\u00fcller SA","isPartOf":{"@id":"https:\/\/shop.bantam.ch\/fr\/#website"},"primaryImageOfPage":{"@id":"https:\/\/shop.bantam.ch\/fr\/produit\/vaisselle-brunner-venetian-all-inclusive\/#primaryimage"},"image":{"@id":"https:\/\/shop.bantam.ch\/fr\/produit\/vaisselle-brunner-venetian-all-inclusive\/#primaryimage"},"thumbnailUrl":"https:\/\/shop.bantam.ch\/wp-content\/uploads\/2025\/03\/Movera-L-9958485100.jpg","datePublished":"2025-03-14T13:55:03+00:00","dateModified":"2026-04-18T23:46:39+00:00","breadcrumb":{"@id":"https:\/\/shop.bantam.ch\/fr\/produit\/vaisselle-brunner-venetian-all-inclusive\/#breadcrumb"},"inLanguage":"fr-FR","potentialAction":[{"@type":"ReadAction","target":["https:\/\/shop.bantam.ch\/fr\/produit\/vaisselle-brunner-venetian-all-inclusive\/"]}]},{"@type":"ImageObject","inLanguage":"fr-FR","@id":"https:\/\/shop.bantam.ch\/fr\/produit\/vaisselle-brunner-venetian-all-inclusive\/#primaryimage","url":"https:\/\/shop.bantam.ch\/wp-content\/uploads\/2025\/03\/Movera-L-9958485100.jpg","contentUrl":"https:\/\/shop.bantam.ch\/wp-content\/uploads\/2025\/03\/Movera-L-9958485100.jpg","width":640,"height":338},{"@type":"BreadcrumbList","@id":"https:\/\/shop.bantam.ch\/fr\/produit\/vaisselle-brunner-venetian-all-inclusive\/#breadcrumb","itemListElement":[{"@type":"ListItem","position":1,"name":"Accueil","item":"https:\/\/shop.bantam.ch\/fr\/"},{"@type":"ListItem","position":2,"name":"Boutique","item":"https:\/\/shop.bantam.ch\/fr\/boutique\/"},{"@type":"ListItem","position":3,"name":"Vaisselle Brunner Venetian All inclusive"}]},{"@type":"WebSite","@id":"https:\/\/shop.bantam.ch\/fr\/#website","url":"https:\/\/shop.bantam.ch\/fr\/","name":"Bantam Wankm\u00fcller SA","description":"","publisher":{"@id":"https:\/\/shop.bantam.ch\/fr\/#organization"},"inLanguage":"fr-FR"},{"@type":"Organization","@id":"https:\/\/shop.bantam.ch\/fr\/#organization","name":"Bantam Wankm\u00fcller SA","url":"https:\/\/shop.bantam.ch\/fr\/","logo":{"@type":"ImageObject","inLanguage":"fr-FR","@id":"https:\/\/shop.bantam.ch\/fr\/#\/schema\/logo\/image\/","url":"https:\/\/shop.bantam.ch\/wp-content\/uploads\/2022\/12\/bantam-logo.png","contentUrl":"https:\/\/shop.bantam.ch\/wp-content\/uploads\/2022\/12\/bantam-logo.png","width":320,"height":71,"caption":"Bantam Wankm\u00fcller SA"},"image":{"@id":"https:\/\/shop.bantam.ch\/fr\/#\/schema\/logo\/image\/"}}]}},"_links":{"self":[{"href":"https:\/\/shop.bantam.ch\/fr\/wp-json\/wp\/v2\/product\/212189","targetHints":{"allow":["GET"]}}],"collection":[{"href":"https:\/\/shop.bantam.ch\/fr\/wp-json\/wp\/v2\/product"}],"about":[{"href":"https:\/\/shop.bantam.ch\/fr\/wp-json\/wp\/v2\/types\/product"}],"wp:featuredmedia":[{"embeddable":true,"href":"https:\/\/shop.bantam.ch\/fr\/wp-json\/wp\/v2\/media\/212187"}],"wp:attachment":[{"href":"https:\/\/shop.bantam.ch\/fr\/wp-json\/wp\/v2\/media?parent=212189"}],"wp:term":[{"taxonomy":"product_featured_cat","embeddable":true,"href":"https:\/\/shop.bantam.ch\/fr\/wp-json\/wp\/v2\/product_featured_cat?post=212189"},{"taxonomy":"product_brand","embeddable":true,"href":"https:\/\/shop.bantam.ch\/fr\/wp-json\/wp\/v2\/product_brand?post=212189"},{"taxonomy":"product_cat","embeddable":true,"href":"https:\/\/shop.bantam.ch\/fr\/wp-json\/wp\/v2\/product_cat?post=212189"},{"taxonomy":"product_tag","embeddable":true,"href":"https:\/\/shop.bantam.ch\/fr\/wp-json\/wp\/v2\/product_tag?post=212189"}],"curies":[{"name":"wp","href":"https:\/\/api.w.org\/{rel}","templated":true}]}}