{"id":212049,"date":"2025-03-14T14:51:47","date_gmt":"2025-03-14T13:51:47","guid":{"rendered":"https:\/\/shop.bantam.ch\/produit\/gourde-stan-grow-paw-patrol\/"},"modified":"2026-05-10T23:21:24","modified_gmt":"2026-05-10T21:21:24","slug":"gourde-stan-grow-paw-patrol","status":"publish","type":"product","link":"https:\/\/shop.bantam.ch\/fr\/produit\/gourde-stan-grow-paw-patrol\/","title":{"rendered":"Gourde Stan Grow Paw Patrol"},"content":{"rendered":"<p>Ne gaspillez rien, r\u00e9utilisez ! Le biberon rechargeable est l\u00e9ger et solide et est tout simplement le compagnon id\u00e9al pour le jardin d&rsquo;enfants et l&rsquo;\u00e9cole. Sa forme \u00e9troite est facile \u00e0 saisir par les mains des enfants et son poids plume lui permet de se glisser dans n&rsquo;importe quel sac d&rsquo;\u00e9cole ou sac \u00e0 dos. Elle est dot\u00e9e d&rsquo;une fermeture \u00e0 clip pratique pour une ouverture et une fermeture faciles, qui peut \u00eatre bloqu\u00e9e pour boire. La grande ouverture pour le remplissage est particuli\u00e8rement pratique. La bouteille peut \u00eatre enti\u00e8rement d\u00e9mont\u00e9e et nettoy\u00e9e de mani\u00e8re particuli\u00e8rement hygi\u00e9nique dans le lave-vaisselle. STAN GROW PAW PATROL peut \u00eatre rempli \u00e0 plusieurs reprises, ce qui permet d&rsquo;\u00e9conomiser de nombreuses bouteilles jetables et de pr\u00e9server l&rsquo;environnement.<\/p>\n","protected":false},"excerpt":{"rendered":"<p>Ne gaspillez rien, r\u00e9utilisez ! Le biberon rechargeable est l\u00e9ger et solide et est tout simplement le compagnon id\u00e9al pour le jardin d&rsquo;enfants et l&rsquo;\u00e9cole. Sa forme \u00e9troite est facile \u00e0 saisir par les mains des enfants et son poids plume lui permet de se glisser dans n&rsquo;importe quel sac d&rsquo;\u00e9cole ou sac \u00e0 dos. [&hellip;]<\/p>\n","protected":false},"featured_media":212047,"template":"","meta":{"_acf_changed":false},"product_featured_cat":[],"product_brand":[],"product_cat":[4329],"product_tag":[],"class_list":{"0":"post-212049","1":"product","2":"type-product","3":"status-publish","4":"has-post-thumbnail","6":"product_cat-gourdes-et-bouteilles-deau","8":"first","9":"instock","10":"taxable","11":"shipping-taxable","12":"purchasable","13":"product-type-simple"},"acf":[],"yoast_head":"<!-- This site is optimized with the Yoast SEO plugin v27.5 - https:\/\/yoast.com\/product\/yoast-seo-wordpress\/ -->\n<title>Gourde Stan Grow Paw Patrol - Bantam<\/title>\n<meta name=\"robots\" content=\"index, follow, max-snippet:-1, max-image-preview:large, max-video-preview:-1\" \/>\n<link rel=\"canonical\" href=\"https:\/\/shop.bantam.ch\/fr\/produit\/gourde-stan-grow-paw-patrol\/\" \/>\n<meta property=\"og:locale\" content=\"fr_FR\" \/>\n<meta property=\"og:type\" content=\"article\" \/>\n<meta property=\"og:title\" content=\"Gourde Stan Grow Paw Patrol - Bantam\" \/>\n<meta property=\"og:description\" content=\"Ne gaspillez rien, r\u00e9utilisez ! Le biberon rechargeable est l\u00e9ger et solide et est tout simplement le compagnon id\u00e9al pour le jardin d&rsquo;enfants et l&rsquo;\u00e9cole. Sa forme \u00e9troite est facile \u00e0 saisir par les mains des enfants et son poids plume lui permet de se glisser dans n&rsquo;importe quel sac d&rsquo;\u00e9cole ou sac \u00e0 dos. [&hellip;]\" \/>\n<meta property=\"og:url\" content=\"https:\/\/shop.bantam.ch\/fr\/produit\/gourde-stan-grow-paw-patrol\/\" \/>\n<meta property=\"og:site_name\" content=\"Bantam\" \/>\n<meta property=\"article:modified_time\" content=\"2026-05-10T21:21:24+00:00\" \/>\n<meta name=\"twitter:card\" content=\"summary_large_image\" \/>\n<meta name=\"twitter:label1\" content=\"Dur\u00e9e de lecture estim\u00e9e\" \/>\n\t<meta name=\"twitter:data1\" content=\"1 minute\" \/>\n<script type=\"application\/ld+json\" class=\"yoast-schema-graph\">{\"@context\":\"https:\\\/\\\/schema.org\",\"@graph\":[{\"@type\":\"WebPage\",\"@id\":\"https:\\\/\\\/shop.bantam.ch\\\/fr\\\/produit\\\/gourde-stan-grow-paw-patrol\\\/\",\"url\":\"https:\\\/\\\/shop.bantam.ch\\\/fr\\\/produit\\\/gourde-stan-grow-paw-patrol\\\/\",\"name\":\"Gourde Stan Grow Paw Patrol - Bantam\",\"isPartOf\":{\"@id\":\"https:\\\/\\\/shop.bantam.ch\\\/fr\\\/#website\"},\"primaryImageOfPage\":{\"@id\":\"https:\\\/\\\/shop.bantam.ch\\\/fr\\\/produit\\\/gourde-stan-grow-paw-patrol\\\/#primaryimage\"},\"image\":{\"@id\":\"https:\\\/\\\/shop.bantam.ch\\\/fr\\\/produit\\\/gourde-stan-grow-paw-patrol\\\/#primaryimage\"},\"thumbnailUrl\":\"https:\\\/\\\/shop.bantam.ch\\\/wp-content\\\/uploads\\\/2025\\\/03\\\/Movera-L-9958457100.jpg\",\"datePublished\":\"2025-03-14T13:51:47+00:00\",\"dateModified\":\"2026-05-10T21:21:24+00:00\",\"breadcrumb\":{\"@id\":\"https:\\\/\\\/shop.bantam.ch\\\/fr\\\/produit\\\/gourde-stan-grow-paw-patrol\\\/#breadcrumb\"},\"inLanguage\":\"fr-FR\",\"potentialAction\":[{\"@type\":\"ReadAction\",\"target\":[\"https:\\\/\\\/shop.bantam.ch\\\/fr\\\/produit\\\/gourde-stan-grow-paw-patrol\\\/\"]}]},{\"@type\":\"ImageObject\",\"inLanguage\":\"fr-FR\",\"@id\":\"https:\\\/\\\/shop.bantam.ch\\\/fr\\\/produit\\\/gourde-stan-grow-paw-patrol\\\/#primaryimage\",\"url\":\"https:\\\/\\\/shop.bantam.ch\\\/wp-content\\\/uploads\\\/2025\\\/03\\\/Movera-L-9958457100.jpg\",\"contentUrl\":\"https:\\\/\\\/shop.bantam.ch\\\/wp-content\\\/uploads\\\/2025\\\/03\\\/Movera-L-9958457100.jpg\",\"width\":640,\"height\":640},{\"@type\":\"BreadcrumbList\",\"@id\":\"https:\\\/\\\/shop.bantam.ch\\\/fr\\\/produit\\\/gourde-stan-grow-paw-patrol\\\/#breadcrumb\",\"itemListElement\":[{\"@type\":\"ListItem\",\"position\":1,\"name\":\"Accueil\",\"item\":\"https:\\\/\\\/shop.bantam.ch\\\/fr\\\/\"},{\"@type\":\"ListItem\",\"position\":2,\"name\":\"Boutique\",\"item\":\"https:\\\/\\\/shop.bantam.ch\\\/fr\\\/boutique\\\/\"},{\"@type\":\"ListItem\",\"position\":3,\"name\":\"Gourde Stan Grow Paw Patrol\"}]},{\"@type\":\"WebSite\",\"@id\":\"https:\\\/\\\/shop.bantam.ch\\\/fr\\\/#website\",\"url\":\"https:\\\/\\\/shop.bantam.ch\\\/fr\\\/\",\"name\":\"Bantam\",\"description\":\"\",\"publisher\":{\"@id\":\"https:\\\/\\\/shop.bantam.ch\\\/fr\\\/#organization\"},\"inLanguage\":\"fr-FR\"},{\"@type\":\"Organization\",\"@id\":\"https:\\\/\\\/shop.bantam.ch\\\/fr\\\/#organization\",\"name\":\"Bantam\",\"url\":\"https:\\\/\\\/shop.bantam.ch\\\/fr\\\/\",\"logo\":{\"@type\":\"ImageObject\",\"inLanguage\":\"fr-FR\",\"@id\":\"https:\\\/\\\/shop.bantam.ch\\\/fr\\\/#\\\/schema\\\/logo\\\/image\\\/\",\"url\":\"https:\\\/\\\/shop.bantam.ch\\\/wp-content\\\/uploads\\\/2022\\\/12\\\/bantam-logo.png\",\"contentUrl\":\"https:\\\/\\\/shop.bantam.ch\\\/wp-content\\\/uploads\\\/2022\\\/12\\\/bantam-logo.png\",\"width\":320,\"height\":71,\"caption\":\"Bantam\"},\"image\":{\"@id\":\"https:\\\/\\\/shop.bantam.ch\\\/fr\\\/#\\\/schema\\\/logo\\\/image\\\/\"}}]}<\/script>\n<!-- \/ Yoast SEO plugin. -->","yoast_head_json":{"title":"Gourde Stan Grow Paw Patrol - Bantam","robots":{"index":"index","follow":"follow","max-snippet":"max-snippet:-1","max-image-preview":"max-image-preview:large","max-video-preview":"max-video-preview:-1"},"canonical":"https:\/\/shop.bantam.ch\/fr\/produit\/gourde-stan-grow-paw-patrol\/","og_locale":"fr_FR","og_type":"article","og_title":"Gourde Stan Grow Paw Patrol - Bantam","og_description":"Ne gaspillez rien, r\u00e9utilisez ! Le biberon rechargeable est l\u00e9ger et solide et est tout simplement le compagnon id\u00e9al pour le jardin d&rsquo;enfants et l&rsquo;\u00e9cole. Sa forme \u00e9troite est facile \u00e0 saisir par les mains des enfants et son poids plume lui permet de se glisser dans n&rsquo;importe quel sac d&rsquo;\u00e9cole ou sac \u00e0 dos. [&hellip;]","og_url":"https:\/\/shop.bantam.ch\/fr\/produit\/gourde-stan-grow-paw-patrol\/","og_site_name":"Bantam","article_modified_time":"2026-05-10T21:21:24+00:00","twitter_card":"summary_large_image","twitter_misc":{"Dur\u00e9e de lecture estim\u00e9e":"1 minute"},"schema":{"@context":"https:\/\/schema.org","@graph":[{"@type":"WebPage","@id":"https:\/\/shop.bantam.ch\/fr\/produit\/gourde-stan-grow-paw-patrol\/","url":"https:\/\/shop.bantam.ch\/fr\/produit\/gourde-stan-grow-paw-patrol\/","name":"Gourde Stan Grow Paw Patrol - Bantam","isPartOf":{"@id":"https:\/\/shop.bantam.ch\/fr\/#website"},"primaryImageOfPage":{"@id":"https:\/\/shop.bantam.ch\/fr\/produit\/gourde-stan-grow-paw-patrol\/#primaryimage"},"image":{"@id":"https:\/\/shop.bantam.ch\/fr\/produit\/gourde-stan-grow-paw-patrol\/#primaryimage"},"thumbnailUrl":"https:\/\/shop.bantam.ch\/wp-content\/uploads\/2025\/03\/Movera-L-9958457100.jpg","datePublished":"2025-03-14T13:51:47+00:00","dateModified":"2026-05-10T21:21:24+00:00","breadcrumb":{"@id":"https:\/\/shop.bantam.ch\/fr\/produit\/gourde-stan-grow-paw-patrol\/#breadcrumb"},"inLanguage":"fr-FR","potentialAction":[{"@type":"ReadAction","target":["https:\/\/shop.bantam.ch\/fr\/produit\/gourde-stan-grow-paw-patrol\/"]}]},{"@type":"ImageObject","inLanguage":"fr-FR","@id":"https:\/\/shop.bantam.ch\/fr\/produit\/gourde-stan-grow-paw-patrol\/#primaryimage","url":"https:\/\/shop.bantam.ch\/wp-content\/uploads\/2025\/03\/Movera-L-9958457100.jpg","contentUrl":"https:\/\/shop.bantam.ch\/wp-content\/uploads\/2025\/03\/Movera-L-9958457100.jpg","width":640,"height":640},{"@type":"BreadcrumbList","@id":"https:\/\/shop.bantam.ch\/fr\/produit\/gourde-stan-grow-paw-patrol\/#breadcrumb","itemListElement":[{"@type":"ListItem","position":1,"name":"Accueil","item":"https:\/\/shop.bantam.ch\/fr\/"},{"@type":"ListItem","position":2,"name":"Boutique","item":"https:\/\/shop.bantam.ch\/fr\/boutique\/"},{"@type":"ListItem","position":3,"name":"Gourde Stan Grow Paw Patrol"}]},{"@type":"WebSite","@id":"https:\/\/shop.bantam.ch\/fr\/#website","url":"https:\/\/shop.bantam.ch\/fr\/","name":"Bantam","description":"","publisher":{"@id":"https:\/\/shop.bantam.ch\/fr\/#organization"},"inLanguage":"fr-FR"},{"@type":"Organization","@id":"https:\/\/shop.bantam.ch\/fr\/#organization","name":"Bantam","url":"https:\/\/shop.bantam.ch\/fr\/","logo":{"@type":"ImageObject","inLanguage":"fr-FR","@id":"https:\/\/shop.bantam.ch\/fr\/#\/schema\/logo\/image\/","url":"https:\/\/shop.bantam.ch\/wp-content\/uploads\/2022\/12\/bantam-logo.png","contentUrl":"https:\/\/shop.bantam.ch\/wp-content\/uploads\/2022\/12\/bantam-logo.png","width":320,"height":71,"caption":"Bantam"},"image":{"@id":"https:\/\/shop.bantam.ch\/fr\/#\/schema\/logo\/image\/"}}]}},"_links":{"self":[{"href":"https:\/\/shop.bantam.ch\/fr\/wp-json\/wp\/v2\/product\/212049","targetHints":{"allow":["GET"]}}],"collection":[{"href":"https:\/\/shop.bantam.ch\/fr\/wp-json\/wp\/v2\/product"}],"about":[{"href":"https:\/\/shop.bantam.ch\/fr\/wp-json\/wp\/v2\/types\/product"}],"wp:featuredmedia":[{"embeddable":true,"href":"https:\/\/shop.bantam.ch\/fr\/wp-json\/wp\/v2\/media\/212047"}],"wp:attachment":[{"href":"https:\/\/shop.bantam.ch\/fr\/wp-json\/wp\/v2\/media?parent=212049"}],"wp:term":[{"taxonomy":"product_featured_cat","embeddable":true,"href":"https:\/\/shop.bantam.ch\/fr\/wp-json\/wp\/v2\/product_featured_cat?post=212049"},{"taxonomy":"product_brand","embeddable":true,"href":"https:\/\/shop.bantam.ch\/fr\/wp-json\/wp\/v2\/product_brand?post=212049"},{"taxonomy":"product_cat","embeddable":true,"href":"https:\/\/shop.bantam.ch\/fr\/wp-json\/wp\/v2\/product_cat?post=212049"},{"taxonomy":"product_tag","embeddable":true,"href":"https:\/\/shop.bantam.ch\/fr\/wp-json\/wp\/v2\/product_tag?post=212049"}],"curies":[{"name":"wp","href":"https:\/\/api.w.org\/{rel}","templated":true}]}}