{"id":212025,"date":"2025-03-14T14:51:09","date_gmt":"2025-03-14T13:51:09","guid":{"rendered":"https:\/\/shop.bantam.ch\/produit\/set-de-vaisselle-set-de-club-goteborg\/"},"modified":"2026-05-03T01:37:28","modified_gmt":"2026-05-02T23:37:28","slug":"set-de-vaisselle-set-de-club-goteborg","status":"publish","type":"product","link":"https:\/\/shop.bantam.ch\/fr\/produit\/set-de-vaisselle-set-de-club-goteborg\/","title":{"rendered":"Set de vaisselle Set de club G\u00f6teborg"},"content":{"rendered":"<p>La vaisselle universelle pour les pique-niques, le camping et toutes les occasions qui se d\u00e9roulent de pr\u00e9f\u00e9rence \u00e0 l&rsquo;ext\u00e9rieur. Les assiettes \u00e0 facettes sont comme une brise d&rsquo;\u00e9t\u00e9 fra\u00eeche lors des d\u00e9jeuners en plein air et donnent \u00e0 tout moment et partout la sensation agr\u00e9able d&rsquo;un d\u00eener de qualit\u00e9. Le plat compact a exactement la bonne taille pour les recettes de bowl en vogue et fait \u00e9galement bonne figure pour les fruits, les salades, les desserts ou les soupes. Le mat\u00e9riau reste beau longtemps et convient bien s\u00fbr au lave-vaisselle.<br \/>\nSet de 16 pi\u00e8ces comprenant :<br \/>\n4x assiettes \u00e0 manger<br \/>\n4x assiettes \u00e0 dessert<br \/>\n4x bol<br \/>\n4x verre \u00e0 boire<\/p>\n","protected":false},"excerpt":{"rendered":"<p>La vaisselle universelle pour les pique-niques, le camping et toutes les occasions qui se d\u00e9roulent de pr\u00e9f\u00e9rence \u00e0 l&rsquo;ext\u00e9rieur. Les assiettes \u00e0 facettes sont comme une brise d&rsquo;\u00e9t\u00e9 fra\u00eeche lors des d\u00e9jeuners en plein air et donnent \u00e0 tout moment et partout la sensation agr\u00e9able d&rsquo;un d\u00eener de qualit\u00e9. Le plat compact a exactement la [&hellip;]<\/p>\n","protected":false},"featured_media":212021,"template":"","meta":{"_acf_changed":false},"product_featured_cat":[],"product_brand":[],"product_cat":[4273],"product_tag":[],"class_list":{"0":"post-212025","1":"product","2":"type-product","3":"status-publish","4":"has-post-thumbnail","6":"product_cat-services-de-table","8":"first","9":"instock","10":"taxable","11":"shipping-taxable","12":"purchasable","13":"product-type-variable"},"acf":[],"yoast_head":"<!-- This site is optimized with the Yoast SEO plugin v27.5 - https:\/\/yoast.com\/product\/yoast-seo-wordpress\/ -->\n<title>Set de vaisselle Set de club G\u00f6teborg - Bantam<\/title>\n<meta name=\"robots\" content=\"index, follow, max-snippet:-1, max-image-preview:large, max-video-preview:-1\" \/>\n<link rel=\"canonical\" href=\"https:\/\/shop.bantam.ch\/fr\/produit\/set-de-vaisselle-set-de-club-goteborg\/\" \/>\n<meta property=\"og:locale\" content=\"fr_FR\" \/>\n<meta property=\"og:type\" content=\"article\" \/>\n<meta property=\"og:title\" content=\"Set de vaisselle Set de club G\u00f6teborg - Bantam\" \/>\n<meta property=\"og:description\" content=\"La vaisselle universelle pour les pique-niques, le camping et toutes les occasions qui se d\u00e9roulent de pr\u00e9f\u00e9rence \u00e0 l&rsquo;ext\u00e9rieur. Les assiettes \u00e0 facettes sont comme une brise d&rsquo;\u00e9t\u00e9 fra\u00eeche lors des d\u00e9jeuners en plein air et donnent \u00e0 tout moment et partout la sensation agr\u00e9able d&rsquo;un d\u00eener de qualit\u00e9. Le plat compact a exactement la [&hellip;]\" \/>\n<meta property=\"og:url\" content=\"https:\/\/shop.bantam.ch\/fr\/produit\/set-de-vaisselle-set-de-club-goteborg\/\" \/>\n<meta property=\"og:site_name\" content=\"Bantam\" \/>\n<meta property=\"article:modified_time\" content=\"2026-05-02T23:37:28+00:00\" \/>\n<meta name=\"twitter:card\" content=\"summary_large_image\" \/>\n<meta name=\"twitter:label1\" content=\"Dur\u00e9e de lecture estim\u00e9e\" \/>\n\t<meta name=\"twitter:data1\" content=\"1 minute\" \/>\n<script type=\"application\/ld+json\" class=\"yoast-schema-graph\">{\"@context\":\"https:\\\/\\\/schema.org\",\"@graph\":[{\"@type\":\"WebPage\",\"@id\":\"https:\\\/\\\/shop.bantam.ch\\\/fr\\\/produit\\\/set-de-vaisselle-set-de-club-goteborg\\\/\",\"url\":\"https:\\\/\\\/shop.bantam.ch\\\/fr\\\/produit\\\/set-de-vaisselle-set-de-club-goteborg\\\/\",\"name\":\"Set de vaisselle Set de club G\u00f6teborg - Bantam\",\"isPartOf\":{\"@id\":\"https:\\\/\\\/shop.bantam.ch\\\/fr\\\/#website\"},\"primaryImageOfPage\":{\"@id\":\"https:\\\/\\\/shop.bantam.ch\\\/fr\\\/produit\\\/set-de-vaisselle-set-de-club-goteborg\\\/#primaryimage\"},\"image\":{\"@id\":\"https:\\\/\\\/shop.bantam.ch\\\/fr\\\/produit\\\/set-de-vaisselle-set-de-club-goteborg\\\/#primaryimage\"},\"thumbnailUrl\":\"https:\\\/\\\/shop.bantam.ch\\\/wp-content\\\/uploads\\\/2025\\\/03\\\/Movera-L-9958451100.jpg\",\"datePublished\":\"2025-03-14T13:51:09+00:00\",\"dateModified\":\"2026-05-02T23:37:28+00:00\",\"breadcrumb\":{\"@id\":\"https:\\\/\\\/shop.bantam.ch\\\/fr\\\/produit\\\/set-de-vaisselle-set-de-club-goteborg\\\/#breadcrumb\"},\"inLanguage\":\"fr-FR\",\"potentialAction\":[{\"@type\":\"ReadAction\",\"target\":[\"https:\\\/\\\/shop.bantam.ch\\\/fr\\\/produit\\\/set-de-vaisselle-set-de-club-goteborg\\\/\"]}]},{\"@type\":\"ImageObject\",\"inLanguage\":\"fr-FR\",\"@id\":\"https:\\\/\\\/shop.bantam.ch\\\/fr\\\/produit\\\/set-de-vaisselle-set-de-club-goteborg\\\/#primaryimage\",\"url\":\"https:\\\/\\\/shop.bantam.ch\\\/wp-content\\\/uploads\\\/2025\\\/03\\\/Movera-L-9958451100.jpg\",\"contentUrl\":\"https:\\\/\\\/shop.bantam.ch\\\/wp-content\\\/uploads\\\/2025\\\/03\\\/Movera-L-9958451100.jpg\",\"width\":640,\"height\":640},{\"@type\":\"BreadcrumbList\",\"@id\":\"https:\\\/\\\/shop.bantam.ch\\\/fr\\\/produit\\\/set-de-vaisselle-set-de-club-goteborg\\\/#breadcrumb\",\"itemListElement\":[{\"@type\":\"ListItem\",\"position\":1,\"name\":\"Accueil\",\"item\":\"https:\\\/\\\/shop.bantam.ch\\\/fr\\\/\"},{\"@type\":\"ListItem\",\"position\":2,\"name\":\"Boutique\",\"item\":\"https:\\\/\\\/shop.bantam.ch\\\/fr\\\/boutique\\\/\"},{\"@type\":\"ListItem\",\"position\":3,\"name\":\"Set de vaisselle Set de club G\u00f6teborg\"}]},{\"@type\":\"WebSite\",\"@id\":\"https:\\\/\\\/shop.bantam.ch\\\/fr\\\/#website\",\"url\":\"https:\\\/\\\/shop.bantam.ch\\\/fr\\\/\",\"name\":\"Bantam\",\"description\":\"\",\"publisher\":{\"@id\":\"https:\\\/\\\/shop.bantam.ch\\\/fr\\\/#organization\"},\"inLanguage\":\"fr-FR\"},{\"@type\":\"Organization\",\"@id\":\"https:\\\/\\\/shop.bantam.ch\\\/fr\\\/#organization\",\"name\":\"Bantam\",\"url\":\"https:\\\/\\\/shop.bantam.ch\\\/fr\\\/\",\"logo\":{\"@type\":\"ImageObject\",\"inLanguage\":\"fr-FR\",\"@id\":\"https:\\\/\\\/shop.bantam.ch\\\/fr\\\/#\\\/schema\\\/logo\\\/image\\\/\",\"url\":\"https:\\\/\\\/shop.bantam.ch\\\/wp-content\\\/uploads\\\/2022\\\/12\\\/bantam-logo.png\",\"contentUrl\":\"https:\\\/\\\/shop.bantam.ch\\\/wp-content\\\/uploads\\\/2022\\\/12\\\/bantam-logo.png\",\"width\":320,\"height\":71,\"caption\":\"Bantam\"},\"image\":{\"@id\":\"https:\\\/\\\/shop.bantam.ch\\\/fr\\\/#\\\/schema\\\/logo\\\/image\\\/\"}}]}<\/script>\n<!-- \/ Yoast SEO plugin. -->","yoast_head_json":{"title":"Set de vaisselle Set de club G\u00f6teborg - Bantam","robots":{"index":"index","follow":"follow","max-snippet":"max-snippet:-1","max-image-preview":"max-image-preview:large","max-video-preview":"max-video-preview:-1"},"canonical":"https:\/\/shop.bantam.ch\/fr\/produit\/set-de-vaisselle-set-de-club-goteborg\/","og_locale":"fr_FR","og_type":"article","og_title":"Set de vaisselle Set de club G\u00f6teborg - Bantam","og_description":"La vaisselle universelle pour les pique-niques, le camping et toutes les occasions qui se d\u00e9roulent de pr\u00e9f\u00e9rence \u00e0 l&rsquo;ext\u00e9rieur. Les assiettes \u00e0 facettes sont comme une brise d&rsquo;\u00e9t\u00e9 fra\u00eeche lors des d\u00e9jeuners en plein air et donnent \u00e0 tout moment et partout la sensation agr\u00e9able d&rsquo;un d\u00eener de qualit\u00e9. Le plat compact a exactement la [&hellip;]","og_url":"https:\/\/shop.bantam.ch\/fr\/produit\/set-de-vaisselle-set-de-club-goteborg\/","og_site_name":"Bantam","article_modified_time":"2026-05-02T23:37:28+00:00","twitter_card":"summary_large_image","twitter_misc":{"Dur\u00e9e de lecture estim\u00e9e":"1 minute"},"schema":{"@context":"https:\/\/schema.org","@graph":[{"@type":"WebPage","@id":"https:\/\/shop.bantam.ch\/fr\/produit\/set-de-vaisselle-set-de-club-goteborg\/","url":"https:\/\/shop.bantam.ch\/fr\/produit\/set-de-vaisselle-set-de-club-goteborg\/","name":"Set de vaisselle Set de club G\u00f6teborg - Bantam","isPartOf":{"@id":"https:\/\/shop.bantam.ch\/fr\/#website"},"primaryImageOfPage":{"@id":"https:\/\/shop.bantam.ch\/fr\/produit\/set-de-vaisselle-set-de-club-goteborg\/#primaryimage"},"image":{"@id":"https:\/\/shop.bantam.ch\/fr\/produit\/set-de-vaisselle-set-de-club-goteborg\/#primaryimage"},"thumbnailUrl":"https:\/\/shop.bantam.ch\/wp-content\/uploads\/2025\/03\/Movera-L-9958451100.jpg","datePublished":"2025-03-14T13:51:09+00:00","dateModified":"2026-05-02T23:37:28+00:00","breadcrumb":{"@id":"https:\/\/shop.bantam.ch\/fr\/produit\/set-de-vaisselle-set-de-club-goteborg\/#breadcrumb"},"inLanguage":"fr-FR","potentialAction":[{"@type":"ReadAction","target":["https:\/\/shop.bantam.ch\/fr\/produit\/set-de-vaisselle-set-de-club-goteborg\/"]}]},{"@type":"ImageObject","inLanguage":"fr-FR","@id":"https:\/\/shop.bantam.ch\/fr\/produit\/set-de-vaisselle-set-de-club-goteborg\/#primaryimage","url":"https:\/\/shop.bantam.ch\/wp-content\/uploads\/2025\/03\/Movera-L-9958451100.jpg","contentUrl":"https:\/\/shop.bantam.ch\/wp-content\/uploads\/2025\/03\/Movera-L-9958451100.jpg","width":640,"height":640},{"@type":"BreadcrumbList","@id":"https:\/\/shop.bantam.ch\/fr\/produit\/set-de-vaisselle-set-de-club-goteborg\/#breadcrumb","itemListElement":[{"@type":"ListItem","position":1,"name":"Accueil","item":"https:\/\/shop.bantam.ch\/fr\/"},{"@type":"ListItem","position":2,"name":"Boutique","item":"https:\/\/shop.bantam.ch\/fr\/boutique\/"},{"@type":"ListItem","position":3,"name":"Set de vaisselle Set de club G\u00f6teborg"}]},{"@type":"WebSite","@id":"https:\/\/shop.bantam.ch\/fr\/#website","url":"https:\/\/shop.bantam.ch\/fr\/","name":"Bantam","description":"","publisher":{"@id":"https:\/\/shop.bantam.ch\/fr\/#organization"},"inLanguage":"fr-FR"},{"@type":"Organization","@id":"https:\/\/shop.bantam.ch\/fr\/#organization","name":"Bantam","url":"https:\/\/shop.bantam.ch\/fr\/","logo":{"@type":"ImageObject","inLanguage":"fr-FR","@id":"https:\/\/shop.bantam.ch\/fr\/#\/schema\/logo\/image\/","url":"https:\/\/shop.bantam.ch\/wp-content\/uploads\/2022\/12\/bantam-logo.png","contentUrl":"https:\/\/shop.bantam.ch\/wp-content\/uploads\/2022\/12\/bantam-logo.png","width":320,"height":71,"caption":"Bantam"},"image":{"@id":"https:\/\/shop.bantam.ch\/fr\/#\/schema\/logo\/image\/"}}]}},"_links":{"self":[{"href":"https:\/\/shop.bantam.ch\/fr\/wp-json\/wp\/v2\/product\/212025","targetHints":{"allow":["GET"]}}],"collection":[{"href":"https:\/\/shop.bantam.ch\/fr\/wp-json\/wp\/v2\/product"}],"about":[{"href":"https:\/\/shop.bantam.ch\/fr\/wp-json\/wp\/v2\/types\/product"}],"wp:featuredmedia":[{"embeddable":true,"href":"https:\/\/shop.bantam.ch\/fr\/wp-json\/wp\/v2\/media\/212021"}],"wp:attachment":[{"href":"https:\/\/shop.bantam.ch\/fr\/wp-json\/wp\/v2\/media?parent=212025"}],"wp:term":[{"taxonomy":"product_featured_cat","embeddable":true,"href":"https:\/\/shop.bantam.ch\/fr\/wp-json\/wp\/v2\/product_featured_cat?post=212025"},{"taxonomy":"product_brand","embeddable":true,"href":"https:\/\/shop.bantam.ch\/fr\/wp-json\/wp\/v2\/product_brand?post=212025"},{"taxonomy":"product_cat","embeddable":true,"href":"https:\/\/shop.bantam.ch\/fr\/wp-json\/wp\/v2\/product_cat?post=212025"},{"taxonomy":"product_tag","embeddable":true,"href":"https:\/\/shop.bantam.ch\/fr\/wp-json\/wp\/v2\/product_tag?post=212025"}],"curies":[{"name":"wp","href":"https:\/\/api.w.org\/{rel}","templated":true}]}}