{"id":211927,"date":"2025-03-14T14:47:59","date_gmt":"2025-03-14T13:47:59","guid":{"rendered":"https:\/\/shop.bantam.ch\/produit\/service-de-vaisselle-vivid-line-12-pcs\/"},"modified":"2026-04-19T01:44:43","modified_gmt":"2026-04-18T23:44:43","slug":"service-de-vaisselle-vivid-line-12-pcs","status":"publish","type":"product","link":"https:\/\/shop.bantam.ch\/fr\/produit\/service-de-vaisselle-vivid-line-12-pcs\/","title":{"rendered":"Service de vaisselle Vivid Line 12 pcs."},"content":{"rendered":"<p>Un set de vaisselle \u00e9l\u00e9gant de la collection Vivid Line. 100 % m\u00e9lamine de qualit\u00e9 sup\u00e9rieure, pratiquement incassable et r\u00e9sistant aux rayures. Le set se compose de 12 pi\u00e8ces. La vaisselle est silencieuse et hygi\u00e9nique gr\u00e2ce \u00e0 la solution antid\u00e9rapante interchangeable. En outre, le set de vaisselle est livr\u00e9 avec un sac pratique et luxueux. Id\u00e9al pour le camping, \u00e0 la maison ou sur un bateau. En outre, la vaisselle est l\u00e9g\u00e8re, adapt\u00e9e au lave-vaisselle et convient pour les aliments.<\/p>\n<p>Set de 12 pi\u00e8ces comprenant :<br \/>\n4x assiettes \u00e0 manger diam\u00e8tre 25 cm<br \/>\n4x assiettes \u00e0 d\u00e9jeuner diam\u00e8tre 20,5 cm<br \/>\n4x bol diam\u00e8tre 15,5 cm<\/p>\n","protected":false},"excerpt":{"rendered":"<p>Un set de vaisselle \u00e9l\u00e9gant de la collection Vivid Line. 100 % m\u00e9lamine de qualit\u00e9 sup\u00e9rieure, pratiquement incassable et r\u00e9sistant aux rayures. Le set se compose de 12 pi\u00e8ces. La vaisselle est silencieuse et hygi\u00e9nique gr\u00e2ce \u00e0 la solution antid\u00e9rapante interchangeable. En outre, le set de vaisselle est livr\u00e9 avec un sac pratique et luxueux. [&hellip;]<\/p>\n","protected":false},"featured_media":211925,"template":"","meta":{"_acf_changed":false},"product_featured_cat":[],"product_brand":[],"product_cat":[4273],"product_tag":[],"class_list":{"0":"post-211927","1":"product","2":"type-product","3":"status-publish","4":"has-post-thumbnail","6":"product_cat-services-de-table","8":"first","9":"instock","10":"taxable","11":"shipping-taxable","12":"purchasable","13":"product-type-variable"},"acf":[],"yoast_head":"<!-- This site is optimized with the Yoast SEO plugin v27.4 - https:\/\/yoast.com\/product\/yoast-seo-wordpress\/ -->\n<title>Service de vaisselle Vivid Line 12 pcs. - Bantam Wankm\u00fcller SA<\/title>\n<meta name=\"robots\" content=\"index, follow, max-snippet:-1, max-image-preview:large, max-video-preview:-1\" \/>\n<link rel=\"canonical\" href=\"https:\/\/shop.bantam.ch\/fr\/produit\/service-de-vaisselle-vivid-line-12-pcs\/\" \/>\n<meta property=\"og:locale\" content=\"fr_FR\" \/>\n<meta property=\"og:type\" content=\"article\" \/>\n<meta property=\"og:title\" content=\"Service de vaisselle Vivid Line 12 pcs. - Bantam Wankm\u00fcller SA\" \/>\n<meta property=\"og:description\" content=\"Un set de vaisselle \u00e9l\u00e9gant de la collection Vivid Line. 100 % m\u00e9lamine de qualit\u00e9 sup\u00e9rieure, pratiquement incassable et r\u00e9sistant aux rayures. Le set se compose de 12 pi\u00e8ces. La vaisselle est silencieuse et hygi\u00e9nique gr\u00e2ce \u00e0 la solution antid\u00e9rapante interchangeable. En outre, le set de vaisselle est livr\u00e9 avec un sac pratique et luxueux. [&hellip;]\" \/>\n<meta property=\"og:url\" content=\"https:\/\/shop.bantam.ch\/fr\/produit\/service-de-vaisselle-vivid-line-12-pcs\/\" \/>\n<meta property=\"og:site_name\" content=\"Bantam Wankm\u00fcller SA\" \/>\n<meta property=\"article:modified_time\" content=\"2026-04-18T23:44:43+00:00\" \/>\n<meta name=\"twitter:card\" content=\"summary_large_image\" \/>\n<meta name=\"twitter:label1\" content=\"Dur\u00e9e de lecture estim\u00e9e\" \/>\n\t<meta name=\"twitter:data1\" content=\"1 minute\" \/>\n<script type=\"application\/ld+json\" class=\"yoast-schema-graph\">{\"@context\":\"https:\\\/\\\/schema.org\",\"@graph\":[{\"@type\":\"WebPage\",\"@id\":\"https:\\\/\\\/shop.bantam.ch\\\/fr\\\/produit\\\/service-de-vaisselle-vivid-line-12-pcs\\\/\",\"url\":\"https:\\\/\\\/shop.bantam.ch\\\/fr\\\/produit\\\/service-de-vaisselle-vivid-line-12-pcs\\\/\",\"name\":\"Service de vaisselle Vivid Line 12 pcs. - Bantam Wankm\u00fcller SA\",\"isPartOf\":{\"@id\":\"https:\\\/\\\/shop.bantam.ch\\\/fr\\\/#website\"},\"primaryImageOfPage\":{\"@id\":\"https:\\\/\\\/shop.bantam.ch\\\/fr\\\/produit\\\/service-de-vaisselle-vivid-line-12-pcs\\\/#primaryimage\"},\"image\":{\"@id\":\"https:\\\/\\\/shop.bantam.ch\\\/fr\\\/produit\\\/service-de-vaisselle-vivid-line-12-pcs\\\/#primaryimage\"},\"thumbnailUrl\":\"https:\\\/\\\/shop.bantam.ch\\\/wp-content\\\/uploads\\\/2025\\\/03\\\/Movera-L-9958424100.jpg\",\"datePublished\":\"2025-03-14T13:47:59+00:00\",\"dateModified\":\"2026-04-18T23:44:43+00:00\",\"breadcrumb\":{\"@id\":\"https:\\\/\\\/shop.bantam.ch\\\/fr\\\/produit\\\/service-de-vaisselle-vivid-line-12-pcs\\\/#breadcrumb\"},\"inLanguage\":\"fr-FR\",\"potentialAction\":[{\"@type\":\"ReadAction\",\"target\":[\"https:\\\/\\\/shop.bantam.ch\\\/fr\\\/produit\\\/service-de-vaisselle-vivid-line-12-pcs\\\/\"]}]},{\"@type\":\"ImageObject\",\"inLanguage\":\"fr-FR\",\"@id\":\"https:\\\/\\\/shop.bantam.ch\\\/fr\\\/produit\\\/service-de-vaisselle-vivid-line-12-pcs\\\/#primaryimage\",\"url\":\"https:\\\/\\\/shop.bantam.ch\\\/wp-content\\\/uploads\\\/2025\\\/03\\\/Movera-L-9958424100.jpg\",\"contentUrl\":\"https:\\\/\\\/shop.bantam.ch\\\/wp-content\\\/uploads\\\/2025\\\/03\\\/Movera-L-9958424100.jpg\",\"width\":640,\"height\":807},{\"@type\":\"BreadcrumbList\",\"@id\":\"https:\\\/\\\/shop.bantam.ch\\\/fr\\\/produit\\\/service-de-vaisselle-vivid-line-12-pcs\\\/#breadcrumb\",\"itemListElement\":[{\"@type\":\"ListItem\",\"position\":1,\"name\":\"Accueil\",\"item\":\"https:\\\/\\\/shop.bantam.ch\\\/fr\\\/\"},{\"@type\":\"ListItem\",\"position\":2,\"name\":\"Boutique\",\"item\":\"https:\\\/\\\/shop.bantam.ch\\\/fr\\\/boutique\\\/\"},{\"@type\":\"ListItem\",\"position\":3,\"name\":\"Service de vaisselle Vivid Line 12 pcs.\"}]},{\"@type\":\"WebSite\",\"@id\":\"https:\\\/\\\/shop.bantam.ch\\\/fr\\\/#website\",\"url\":\"https:\\\/\\\/shop.bantam.ch\\\/fr\\\/\",\"name\":\"Bantam Wankm\u00fcller SA\",\"description\":\"\",\"publisher\":{\"@id\":\"https:\\\/\\\/shop.bantam.ch\\\/fr\\\/#organization\"},\"inLanguage\":\"fr-FR\"},{\"@type\":\"Organization\",\"@id\":\"https:\\\/\\\/shop.bantam.ch\\\/fr\\\/#organization\",\"name\":\"Bantam Wankm\u00fcller SA\",\"url\":\"https:\\\/\\\/shop.bantam.ch\\\/fr\\\/\",\"logo\":{\"@type\":\"ImageObject\",\"inLanguage\":\"fr-FR\",\"@id\":\"https:\\\/\\\/shop.bantam.ch\\\/fr\\\/#\\\/schema\\\/logo\\\/image\\\/\",\"url\":\"https:\\\/\\\/shop.bantam.ch\\\/wp-content\\\/uploads\\\/2022\\\/12\\\/bantam-logo.png\",\"contentUrl\":\"https:\\\/\\\/shop.bantam.ch\\\/wp-content\\\/uploads\\\/2022\\\/12\\\/bantam-logo.png\",\"width\":320,\"height\":71,\"caption\":\"Bantam Wankm\u00fcller SA\"},\"image\":{\"@id\":\"https:\\\/\\\/shop.bantam.ch\\\/fr\\\/#\\\/schema\\\/logo\\\/image\\\/\"}}]}<\/script>\n<!-- \/ Yoast SEO plugin. -->","yoast_head_json":{"title":"Service de vaisselle Vivid Line 12 pcs. - Bantam Wankm\u00fcller SA","robots":{"index":"index","follow":"follow","max-snippet":"max-snippet:-1","max-image-preview":"max-image-preview:large","max-video-preview":"max-video-preview:-1"},"canonical":"https:\/\/shop.bantam.ch\/fr\/produit\/service-de-vaisselle-vivid-line-12-pcs\/","og_locale":"fr_FR","og_type":"article","og_title":"Service de vaisselle Vivid Line 12 pcs. - Bantam Wankm\u00fcller SA","og_description":"Un set de vaisselle \u00e9l\u00e9gant de la collection Vivid Line. 100 % m\u00e9lamine de qualit\u00e9 sup\u00e9rieure, pratiquement incassable et r\u00e9sistant aux rayures. Le set se compose de 12 pi\u00e8ces. La vaisselle est silencieuse et hygi\u00e9nique gr\u00e2ce \u00e0 la solution antid\u00e9rapante interchangeable. En outre, le set de vaisselle est livr\u00e9 avec un sac pratique et luxueux. [&hellip;]","og_url":"https:\/\/shop.bantam.ch\/fr\/produit\/service-de-vaisselle-vivid-line-12-pcs\/","og_site_name":"Bantam Wankm\u00fcller SA","article_modified_time":"2026-04-18T23:44:43+00:00","twitter_card":"summary_large_image","twitter_misc":{"Dur\u00e9e de lecture estim\u00e9e":"1 minute"},"schema":{"@context":"https:\/\/schema.org","@graph":[{"@type":"WebPage","@id":"https:\/\/shop.bantam.ch\/fr\/produit\/service-de-vaisselle-vivid-line-12-pcs\/","url":"https:\/\/shop.bantam.ch\/fr\/produit\/service-de-vaisselle-vivid-line-12-pcs\/","name":"Service de vaisselle Vivid Line 12 pcs. - Bantam Wankm\u00fcller SA","isPartOf":{"@id":"https:\/\/shop.bantam.ch\/fr\/#website"},"primaryImageOfPage":{"@id":"https:\/\/shop.bantam.ch\/fr\/produit\/service-de-vaisselle-vivid-line-12-pcs\/#primaryimage"},"image":{"@id":"https:\/\/shop.bantam.ch\/fr\/produit\/service-de-vaisselle-vivid-line-12-pcs\/#primaryimage"},"thumbnailUrl":"https:\/\/shop.bantam.ch\/wp-content\/uploads\/2025\/03\/Movera-L-9958424100.jpg","datePublished":"2025-03-14T13:47:59+00:00","dateModified":"2026-04-18T23:44:43+00:00","breadcrumb":{"@id":"https:\/\/shop.bantam.ch\/fr\/produit\/service-de-vaisselle-vivid-line-12-pcs\/#breadcrumb"},"inLanguage":"fr-FR","potentialAction":[{"@type":"ReadAction","target":["https:\/\/shop.bantam.ch\/fr\/produit\/service-de-vaisselle-vivid-line-12-pcs\/"]}]},{"@type":"ImageObject","inLanguage":"fr-FR","@id":"https:\/\/shop.bantam.ch\/fr\/produit\/service-de-vaisselle-vivid-line-12-pcs\/#primaryimage","url":"https:\/\/shop.bantam.ch\/wp-content\/uploads\/2025\/03\/Movera-L-9958424100.jpg","contentUrl":"https:\/\/shop.bantam.ch\/wp-content\/uploads\/2025\/03\/Movera-L-9958424100.jpg","width":640,"height":807},{"@type":"BreadcrumbList","@id":"https:\/\/shop.bantam.ch\/fr\/produit\/service-de-vaisselle-vivid-line-12-pcs\/#breadcrumb","itemListElement":[{"@type":"ListItem","position":1,"name":"Accueil","item":"https:\/\/shop.bantam.ch\/fr\/"},{"@type":"ListItem","position":2,"name":"Boutique","item":"https:\/\/shop.bantam.ch\/fr\/boutique\/"},{"@type":"ListItem","position":3,"name":"Service de vaisselle Vivid Line 12 pcs."}]},{"@type":"WebSite","@id":"https:\/\/shop.bantam.ch\/fr\/#website","url":"https:\/\/shop.bantam.ch\/fr\/","name":"Bantam Wankm\u00fcller SA","description":"","publisher":{"@id":"https:\/\/shop.bantam.ch\/fr\/#organization"},"inLanguage":"fr-FR"},{"@type":"Organization","@id":"https:\/\/shop.bantam.ch\/fr\/#organization","name":"Bantam Wankm\u00fcller SA","url":"https:\/\/shop.bantam.ch\/fr\/","logo":{"@type":"ImageObject","inLanguage":"fr-FR","@id":"https:\/\/shop.bantam.ch\/fr\/#\/schema\/logo\/image\/","url":"https:\/\/shop.bantam.ch\/wp-content\/uploads\/2022\/12\/bantam-logo.png","contentUrl":"https:\/\/shop.bantam.ch\/wp-content\/uploads\/2022\/12\/bantam-logo.png","width":320,"height":71,"caption":"Bantam Wankm\u00fcller SA"},"image":{"@id":"https:\/\/shop.bantam.ch\/fr\/#\/schema\/logo\/image\/"}}]}},"_links":{"self":[{"href":"https:\/\/shop.bantam.ch\/fr\/wp-json\/wp\/v2\/product\/211927","targetHints":{"allow":["GET"]}}],"collection":[{"href":"https:\/\/shop.bantam.ch\/fr\/wp-json\/wp\/v2\/product"}],"about":[{"href":"https:\/\/shop.bantam.ch\/fr\/wp-json\/wp\/v2\/types\/product"}],"wp:featuredmedia":[{"embeddable":true,"href":"https:\/\/shop.bantam.ch\/fr\/wp-json\/wp\/v2\/media\/211925"}],"wp:attachment":[{"href":"https:\/\/shop.bantam.ch\/fr\/wp-json\/wp\/v2\/media?parent=211927"}],"wp:term":[{"taxonomy":"product_featured_cat","embeddable":true,"href":"https:\/\/shop.bantam.ch\/fr\/wp-json\/wp\/v2\/product_featured_cat?post=211927"},{"taxonomy":"product_brand","embeddable":true,"href":"https:\/\/shop.bantam.ch\/fr\/wp-json\/wp\/v2\/product_brand?post=211927"},{"taxonomy":"product_cat","embeddable":true,"href":"https:\/\/shop.bantam.ch\/fr\/wp-json\/wp\/v2\/product_cat?post=211927"},{"taxonomy":"product_tag","embeddable":true,"href":"https:\/\/shop.bantam.ch\/fr\/wp-json\/wp\/v2\/product_tag?post=211927"}],"curies":[{"name":"wp","href":"https:\/\/api.w.org\/{rel}","templated":true}]}}