{"id":211831,"date":"2025-03-14T14:45:44","date_gmt":"2025-03-14T13:45:44","guid":{"rendered":"https:\/\/shop.bantam.ch\/produit\/sac-de-cuisine-hornsea-noir\/"},"modified":"2026-04-18T23:24:34","modified_gmt":"2026-04-18T21:24:34","slug":"sac-de-cuisine-hornsea-noir","status":"publish","type":"product","link":"https:\/\/shop.bantam.ch\/fr\/produit\/sac-de-cuisine-hornsea-noir\/","title":{"rendered":"Sac de cuisine Hornsea noir"},"content":{"rendered":"<p>L&rsquo;organisateur de rangement de cuisine polyvalent vous permet de mettre de l&rsquo;ordre et de simplifier le rangement dans votre cuisine. Cet organisateur a \u00e9t\u00e9 con\u00e7u pour r\u00e9pondre \u00e0 tous vos besoins en mati\u00e8re d&rsquo;accessoires de cuisine. Il dispose de quatre poches ext\u00e9rieures en tissu et de trois poches ext\u00e9rieures en filet qui offrent beaucoup de place pour tous vos objets importants. Des poign\u00e9es pratiques facilitent le transport. Gr\u00e2ce \u00e0 la grande fermeture \u00e9clair sur le dessus, l&rsquo;acc\u00e8s \u00e0 vos objets se fait sans effort. \u00c0 l&rsquo;int\u00e9rieur, deux s\u00e9parateurs amovibles vous permettent de personnaliser votre espace de rangement, ainsi que cinq poches sp\u00e9cialement con\u00e7ues pour vos ustensiles de cuisine. La doublure en PEVA facile \u00e0 nettoyer et le fond r\u00e9sistant et facile \u00e0 nettoyer font de l&rsquo;entretien un jeu d&rsquo;enfant. Lorsqu&rsquo;il n&rsquo;est pas utilis\u00e9, cet organiseur se plie \u00e0 plat et se range facilement, ce qui en fait un ajout pratique \u00e0 toute cuisine.<\/p>\n<p>Mat\u00e9riel :<br \/>\n100 % polyester<\/p>\n<ul>\n<li>Quatre poches externes en tissu<\/li>\n<li>Trois poches externes en filet<\/li>\n<li>Grande poche ext\u00e9rieure avec fermeture \u00e0 glissi\u00e8re<\/li>\n<li>Poign\u00e9es pratiques pour un transport facile<\/li>\n<li>Grande ouverture zipp\u00e9e sur le dessus pour un acc\u00e8s facile<\/li>\n<li>Deux parois int\u00e9rieures amovibles pour un rangement pratique des accessoires de cuisine<\/li>\n<li>Cinq poches d&rsquo;organisation pour les ustensiles de cuisine<\/li>\n<li>Rev\u00eatement en mat\u00e9riau PEVA facile \u00e0 nettoyer<\/li>\n<li>Fond durable et facile \u00e0 nettoyer<\/li>\n<li>Se plie \u00e0 plat et se range facilement lorsqu&rsquo;il n&rsquo;est pas utilis\u00e9<\/li>\n<li>Sac de transport pour un rangement et une portabilit\u00e9 faciles<\/li>\n<\/ul>\n","protected":false},"excerpt":{"rendered":"<p>L&rsquo;organisateur de rangement de cuisine polyvalent vous permet de mettre de l&rsquo;ordre et de simplifier le rangement dans votre cuisine. Cet organisateur a \u00e9t\u00e9 con\u00e7u pour r\u00e9pondre \u00e0 tous vos besoins en mati\u00e8re d&rsquo;accessoires de cuisine. Il dispose de quatre poches ext\u00e9rieures en tissu et de trois poches ext\u00e9rieures en filet qui offrent beaucoup de [&hellip;]<\/p>\n","protected":false},"featured_media":211827,"template":"","meta":{"_acf_changed":false},"product_featured_cat":[],"product_brand":[],"product_cat":[4319],"product_tag":[],"class_list":{"0":"post-211831","1":"product","2":"type-product","3":"status-publish","4":"has-post-thumbnail","6":"product_cat-boites-et-paniers","8":"first","9":"instock","10":"taxable","11":"shipping-taxable","12":"purchasable","13":"product-type-simple"},"acf":[],"yoast_head":"<!-- This site is optimized with the Yoast SEO plugin v27.4 - https:\/\/yoast.com\/product\/yoast-seo-wordpress\/ -->\n<title>Sac de cuisine Hornsea noir - Bantam Wankm\u00fcller SA<\/title>\n<meta name=\"robots\" content=\"index, follow, max-snippet:-1, max-image-preview:large, max-video-preview:-1\" \/>\n<link rel=\"canonical\" href=\"https:\/\/shop.bantam.ch\/fr\/produit\/sac-de-cuisine-hornsea-noir\/\" \/>\n<meta property=\"og:locale\" content=\"fr_FR\" \/>\n<meta property=\"og:type\" content=\"article\" \/>\n<meta property=\"og:title\" content=\"Sac de cuisine Hornsea noir - Bantam Wankm\u00fcller SA\" \/>\n<meta property=\"og:description\" content=\"L&rsquo;organisateur de rangement de cuisine polyvalent vous permet de mettre de l&rsquo;ordre et de simplifier le rangement dans votre cuisine. Cet organisateur a \u00e9t\u00e9 con\u00e7u pour r\u00e9pondre \u00e0 tous vos besoins en mati\u00e8re d&rsquo;accessoires de cuisine. Il dispose de quatre poches ext\u00e9rieures en tissu et de trois poches ext\u00e9rieures en filet qui offrent beaucoup de [&hellip;]\" \/>\n<meta property=\"og:url\" content=\"https:\/\/shop.bantam.ch\/fr\/produit\/sac-de-cuisine-hornsea-noir\/\" \/>\n<meta property=\"og:site_name\" content=\"Bantam Wankm\u00fcller SA\" \/>\n<meta property=\"article:modified_time\" content=\"2026-04-18T21:24:34+00:00\" \/>\n<meta name=\"twitter:card\" content=\"summary_large_image\" \/>\n<meta name=\"twitter:label1\" content=\"Dur\u00e9e de lecture estim\u00e9e\" \/>\n\t<meta name=\"twitter:data1\" content=\"1 minute\" \/>\n<script type=\"application\/ld+json\" class=\"yoast-schema-graph\">{\"@context\":\"https:\\\/\\\/schema.org\",\"@graph\":[{\"@type\":\"WebPage\",\"@id\":\"https:\\\/\\\/shop.bantam.ch\\\/fr\\\/produit\\\/sac-de-cuisine-hornsea-noir\\\/\",\"url\":\"https:\\\/\\\/shop.bantam.ch\\\/fr\\\/produit\\\/sac-de-cuisine-hornsea-noir\\\/\",\"name\":\"Sac de cuisine Hornsea noir - Bantam Wankm\u00fcller SA\",\"isPartOf\":{\"@id\":\"https:\\\/\\\/shop.bantam.ch\\\/fr\\\/#website\"},\"primaryImageOfPage\":{\"@id\":\"https:\\\/\\\/shop.bantam.ch\\\/fr\\\/produit\\\/sac-de-cuisine-hornsea-noir\\\/#primaryimage\"},\"image\":{\"@id\":\"https:\\\/\\\/shop.bantam.ch\\\/fr\\\/produit\\\/sac-de-cuisine-hornsea-noir\\\/#primaryimage\"},\"thumbnailUrl\":\"https:\\\/\\\/shop.bantam.ch\\\/wp-content\\\/uploads\\\/2025\\\/03\\\/Movera-L-9958402100.jpg\",\"datePublished\":\"2025-03-14T13:45:44+00:00\",\"dateModified\":\"2026-04-18T21:24:34+00:00\",\"breadcrumb\":{\"@id\":\"https:\\\/\\\/shop.bantam.ch\\\/fr\\\/produit\\\/sac-de-cuisine-hornsea-noir\\\/#breadcrumb\"},\"inLanguage\":\"fr-FR\",\"potentialAction\":[{\"@type\":\"ReadAction\",\"target\":[\"https:\\\/\\\/shop.bantam.ch\\\/fr\\\/produit\\\/sac-de-cuisine-hornsea-noir\\\/\"]}]},{\"@type\":\"ImageObject\",\"inLanguage\":\"fr-FR\",\"@id\":\"https:\\\/\\\/shop.bantam.ch\\\/fr\\\/produit\\\/sac-de-cuisine-hornsea-noir\\\/#primaryimage\",\"url\":\"https:\\\/\\\/shop.bantam.ch\\\/wp-content\\\/uploads\\\/2025\\\/03\\\/Movera-L-9958402100.jpg\",\"contentUrl\":\"https:\\\/\\\/shop.bantam.ch\\\/wp-content\\\/uploads\\\/2025\\\/03\\\/Movera-L-9958402100.jpg\",\"width\":640,\"height\":360},{\"@type\":\"BreadcrumbList\",\"@id\":\"https:\\\/\\\/shop.bantam.ch\\\/fr\\\/produit\\\/sac-de-cuisine-hornsea-noir\\\/#breadcrumb\",\"itemListElement\":[{\"@type\":\"ListItem\",\"position\":1,\"name\":\"Accueil\",\"item\":\"https:\\\/\\\/shop.bantam.ch\\\/fr\\\/\"},{\"@type\":\"ListItem\",\"position\":2,\"name\":\"Boutique\",\"item\":\"https:\\\/\\\/shop.bantam.ch\\\/fr\\\/boutique\\\/\"},{\"@type\":\"ListItem\",\"position\":3,\"name\":\"Sac de cuisine Hornsea noir\"}]},{\"@type\":\"WebSite\",\"@id\":\"https:\\\/\\\/shop.bantam.ch\\\/fr\\\/#website\",\"url\":\"https:\\\/\\\/shop.bantam.ch\\\/fr\\\/\",\"name\":\"Bantam Wankm\u00fcller SA\",\"description\":\"\",\"publisher\":{\"@id\":\"https:\\\/\\\/shop.bantam.ch\\\/fr\\\/#organization\"},\"inLanguage\":\"fr-FR\"},{\"@type\":\"Organization\",\"@id\":\"https:\\\/\\\/shop.bantam.ch\\\/fr\\\/#organization\",\"name\":\"Bantam Wankm\u00fcller SA\",\"url\":\"https:\\\/\\\/shop.bantam.ch\\\/fr\\\/\",\"logo\":{\"@type\":\"ImageObject\",\"inLanguage\":\"fr-FR\",\"@id\":\"https:\\\/\\\/shop.bantam.ch\\\/fr\\\/#\\\/schema\\\/logo\\\/image\\\/\",\"url\":\"https:\\\/\\\/shop.bantam.ch\\\/wp-content\\\/uploads\\\/2022\\\/12\\\/bantam-logo.png\",\"contentUrl\":\"https:\\\/\\\/shop.bantam.ch\\\/wp-content\\\/uploads\\\/2022\\\/12\\\/bantam-logo.png\",\"width\":320,\"height\":71,\"caption\":\"Bantam Wankm\u00fcller SA\"},\"image\":{\"@id\":\"https:\\\/\\\/shop.bantam.ch\\\/fr\\\/#\\\/schema\\\/logo\\\/image\\\/\"}}]}<\/script>\n<!-- \/ Yoast SEO plugin. -->","yoast_head_json":{"title":"Sac de cuisine Hornsea noir - Bantam Wankm\u00fcller SA","robots":{"index":"index","follow":"follow","max-snippet":"max-snippet:-1","max-image-preview":"max-image-preview:large","max-video-preview":"max-video-preview:-1"},"canonical":"https:\/\/shop.bantam.ch\/fr\/produit\/sac-de-cuisine-hornsea-noir\/","og_locale":"fr_FR","og_type":"article","og_title":"Sac de cuisine Hornsea noir - Bantam Wankm\u00fcller SA","og_description":"L&rsquo;organisateur de rangement de cuisine polyvalent vous permet de mettre de l&rsquo;ordre et de simplifier le rangement dans votre cuisine. Cet organisateur a \u00e9t\u00e9 con\u00e7u pour r\u00e9pondre \u00e0 tous vos besoins en mati\u00e8re d&rsquo;accessoires de cuisine. Il dispose de quatre poches ext\u00e9rieures en tissu et de trois poches ext\u00e9rieures en filet qui offrent beaucoup de [&hellip;]","og_url":"https:\/\/shop.bantam.ch\/fr\/produit\/sac-de-cuisine-hornsea-noir\/","og_site_name":"Bantam Wankm\u00fcller SA","article_modified_time":"2026-04-18T21:24:34+00:00","twitter_card":"summary_large_image","twitter_misc":{"Dur\u00e9e de lecture estim\u00e9e":"1 minute"},"schema":{"@context":"https:\/\/schema.org","@graph":[{"@type":"WebPage","@id":"https:\/\/shop.bantam.ch\/fr\/produit\/sac-de-cuisine-hornsea-noir\/","url":"https:\/\/shop.bantam.ch\/fr\/produit\/sac-de-cuisine-hornsea-noir\/","name":"Sac de cuisine Hornsea noir - Bantam Wankm\u00fcller SA","isPartOf":{"@id":"https:\/\/shop.bantam.ch\/fr\/#website"},"primaryImageOfPage":{"@id":"https:\/\/shop.bantam.ch\/fr\/produit\/sac-de-cuisine-hornsea-noir\/#primaryimage"},"image":{"@id":"https:\/\/shop.bantam.ch\/fr\/produit\/sac-de-cuisine-hornsea-noir\/#primaryimage"},"thumbnailUrl":"https:\/\/shop.bantam.ch\/wp-content\/uploads\/2025\/03\/Movera-L-9958402100.jpg","datePublished":"2025-03-14T13:45:44+00:00","dateModified":"2026-04-18T21:24:34+00:00","breadcrumb":{"@id":"https:\/\/shop.bantam.ch\/fr\/produit\/sac-de-cuisine-hornsea-noir\/#breadcrumb"},"inLanguage":"fr-FR","potentialAction":[{"@type":"ReadAction","target":["https:\/\/shop.bantam.ch\/fr\/produit\/sac-de-cuisine-hornsea-noir\/"]}]},{"@type":"ImageObject","inLanguage":"fr-FR","@id":"https:\/\/shop.bantam.ch\/fr\/produit\/sac-de-cuisine-hornsea-noir\/#primaryimage","url":"https:\/\/shop.bantam.ch\/wp-content\/uploads\/2025\/03\/Movera-L-9958402100.jpg","contentUrl":"https:\/\/shop.bantam.ch\/wp-content\/uploads\/2025\/03\/Movera-L-9958402100.jpg","width":640,"height":360},{"@type":"BreadcrumbList","@id":"https:\/\/shop.bantam.ch\/fr\/produit\/sac-de-cuisine-hornsea-noir\/#breadcrumb","itemListElement":[{"@type":"ListItem","position":1,"name":"Accueil","item":"https:\/\/shop.bantam.ch\/fr\/"},{"@type":"ListItem","position":2,"name":"Boutique","item":"https:\/\/shop.bantam.ch\/fr\/boutique\/"},{"@type":"ListItem","position":3,"name":"Sac de cuisine Hornsea noir"}]},{"@type":"WebSite","@id":"https:\/\/shop.bantam.ch\/fr\/#website","url":"https:\/\/shop.bantam.ch\/fr\/","name":"Bantam Wankm\u00fcller SA","description":"","publisher":{"@id":"https:\/\/shop.bantam.ch\/fr\/#organization"},"inLanguage":"fr-FR"},{"@type":"Organization","@id":"https:\/\/shop.bantam.ch\/fr\/#organization","name":"Bantam Wankm\u00fcller SA","url":"https:\/\/shop.bantam.ch\/fr\/","logo":{"@type":"ImageObject","inLanguage":"fr-FR","@id":"https:\/\/shop.bantam.ch\/fr\/#\/schema\/logo\/image\/","url":"https:\/\/shop.bantam.ch\/wp-content\/uploads\/2022\/12\/bantam-logo.png","contentUrl":"https:\/\/shop.bantam.ch\/wp-content\/uploads\/2022\/12\/bantam-logo.png","width":320,"height":71,"caption":"Bantam Wankm\u00fcller SA"},"image":{"@id":"https:\/\/shop.bantam.ch\/fr\/#\/schema\/logo\/image\/"}}]}},"_links":{"self":[{"href":"https:\/\/shop.bantam.ch\/fr\/wp-json\/wp\/v2\/product\/211831","targetHints":{"allow":["GET"]}}],"collection":[{"href":"https:\/\/shop.bantam.ch\/fr\/wp-json\/wp\/v2\/product"}],"about":[{"href":"https:\/\/shop.bantam.ch\/fr\/wp-json\/wp\/v2\/types\/product"}],"wp:featuredmedia":[{"embeddable":true,"href":"https:\/\/shop.bantam.ch\/fr\/wp-json\/wp\/v2\/media\/211827"}],"wp:attachment":[{"href":"https:\/\/shop.bantam.ch\/fr\/wp-json\/wp\/v2\/media?parent=211831"}],"wp:term":[{"taxonomy":"product_featured_cat","embeddable":true,"href":"https:\/\/shop.bantam.ch\/fr\/wp-json\/wp\/v2\/product_featured_cat?post=211831"},{"taxonomy":"product_brand","embeddable":true,"href":"https:\/\/shop.bantam.ch\/fr\/wp-json\/wp\/v2\/product_brand?post=211831"},{"taxonomy":"product_cat","embeddable":true,"href":"https:\/\/shop.bantam.ch\/fr\/wp-json\/wp\/v2\/product_cat?post=211831"},{"taxonomy":"product_tag","embeddable":true,"href":"https:\/\/shop.bantam.ch\/fr\/wp-json\/wp\/v2\/product_tag?post=211831"}],"curies":[{"name":"wp","href":"https:\/\/api.w.org\/{rel}","templated":true}]}}