{"id":211825,"date":"2025-03-14T14:45:37","date_gmt":"2025-03-14T13:45:37","guid":{"rendered":"https:\/\/shop.bantam.ch\/produit\/schussel-set-outwell-cookout-mit-deckeln-6-tlg-farbe-beige-blau\/"},"modified":"2026-05-10T23:20:42","modified_gmt":"2026-05-10T21:20:42","slug":"schussel-set-outwell-cookout-mit-deckeln-6-tlg-farbe-beige-blau","status":"publish","type":"product","link":"https:\/\/shop.bantam.ch\/fr\/produit\/schussel-set-outwell-cookout-mit-deckeln-6-tlg-farbe-beige-blau\/","title":{"rendered":"Sch\u00fcssel Set Outwell Cookout mit Deckeln 6-tlg. Farbe beige \/ blau"},"content":{"rendered":"<p>Le set de bols Cookout avec couvercles est id\u00e9al pour chaque cuisine, que ce soit \u00e0 la maison ou en d\u00e9placement. Le set se compose de trois bols et de trois couvercles assortis, fabriqu\u00e9s en polypropyl\u00e8ne robuste et en TPR. Gr\u00e2ce aux couvercles transparents, tu peux facilement voir le contenu sans devoir ouvrir le saladier. Les bols s&#8217;empilent les uns dans les autres pour un rangement peu encombrant. Ce set t&rsquo;offre des solutions pratiques et durables pour tes besoins en cuisine.<br \/>\nSet de 6 pi\u00e8ces comprenant :<br \/>\nBol S, 0,73 l<br \/>\nBol M, 1,25 l<br \/>\nBol L, 2,2 l<br \/>\n3 Couvercle<\/p>\n","protected":false},"excerpt":{"rendered":"<p>Le set de bols Cookout avec couvercles est id\u00e9al pour chaque cuisine, que ce soit \u00e0 la maison ou en d\u00e9placement. Le set se compose de trois bols et de trois couvercles assortis, fabriqu\u00e9s en polypropyl\u00e8ne robuste et en TPR. Gr\u00e2ce aux couvercles transparents, tu peux facilement voir le contenu sans devoir ouvrir le saladier. [&hellip;]<\/p>\n","protected":false},"featured_media":211823,"template":"","meta":{"_acf_changed":false},"product_featured_cat":[],"product_brand":[],"product_cat":[4011],"product_tag":[],"class_list":{"0":"post-211825","1":"product","2":"type-product","3":"status-publish","4":"has-post-thumbnail","6":"product_cat-boites-et-bouteilles","8":"first","9":"instock","10":"taxable","11":"shipping-taxable","12":"purchasable","13":"product-type-simple"},"acf":[],"yoast_head":"<!-- This site is optimized with the Yoast SEO plugin v27.5 - https:\/\/yoast.com\/product\/yoast-seo-wordpress\/ -->\n<title>Sch\u00fcssel Set Outwell Cookout mit Deckeln 6-tlg. Farbe beige \/ blau - Bantam<\/title>\n<meta name=\"robots\" content=\"index, follow, max-snippet:-1, max-image-preview:large, max-video-preview:-1\" \/>\n<link rel=\"canonical\" href=\"https:\/\/shop.bantam.ch\/fr\/produit\/schussel-set-outwell-cookout-mit-deckeln-6-tlg-farbe-beige-blau\/\" \/>\n<meta property=\"og:locale\" content=\"fr_FR\" \/>\n<meta property=\"og:type\" content=\"article\" \/>\n<meta property=\"og:title\" content=\"Sch\u00fcssel Set Outwell Cookout mit Deckeln 6-tlg. Farbe beige \/ blau - Bantam\" \/>\n<meta property=\"og:description\" content=\"Le set de bols Cookout avec couvercles est id\u00e9al pour chaque cuisine, que ce soit \u00e0 la maison ou en d\u00e9placement. Le set se compose de trois bols et de trois couvercles assortis, fabriqu\u00e9s en polypropyl\u00e8ne robuste et en TPR. Gr\u00e2ce aux couvercles transparents, tu peux facilement voir le contenu sans devoir ouvrir le saladier. [&hellip;]\" \/>\n<meta property=\"og:url\" content=\"https:\/\/shop.bantam.ch\/fr\/produit\/schussel-set-outwell-cookout-mit-deckeln-6-tlg-farbe-beige-blau\/\" \/>\n<meta property=\"og:site_name\" content=\"Bantam\" \/>\n<meta property=\"article:modified_time\" content=\"2026-05-10T21:20:42+00:00\" \/>\n<meta name=\"twitter:card\" content=\"summary_large_image\" \/>\n<meta name=\"twitter:label1\" content=\"Dur\u00e9e de lecture estim\u00e9e\" \/>\n\t<meta name=\"twitter:data1\" content=\"1 minute\" \/>\n<script type=\"application\/ld+json\" class=\"yoast-schema-graph\">{\"@context\":\"https:\\\/\\\/schema.org\",\"@graph\":[{\"@type\":\"WebPage\",\"@id\":\"https:\\\/\\\/shop.bantam.ch\\\/fr\\\/produit\\\/schussel-set-outwell-cookout-mit-deckeln-6-tlg-farbe-beige-blau\\\/\",\"url\":\"https:\\\/\\\/shop.bantam.ch\\\/fr\\\/produit\\\/schussel-set-outwell-cookout-mit-deckeln-6-tlg-farbe-beige-blau\\\/\",\"name\":\"Sch\u00fcssel Set Outwell Cookout mit Deckeln 6-tlg. Farbe beige \\\/ blau - Bantam\",\"isPartOf\":{\"@id\":\"https:\\\/\\\/shop.bantam.ch\\\/fr\\\/#website\"},\"primaryImageOfPage\":{\"@id\":\"https:\\\/\\\/shop.bantam.ch\\\/fr\\\/produit\\\/schussel-set-outwell-cookout-mit-deckeln-6-tlg-farbe-beige-blau\\\/#primaryimage\"},\"image\":{\"@id\":\"https:\\\/\\\/shop.bantam.ch\\\/fr\\\/produit\\\/schussel-set-outwell-cookout-mit-deckeln-6-tlg-farbe-beige-blau\\\/#primaryimage\"},\"thumbnailUrl\":\"https:\\\/\\\/shop.bantam.ch\\\/wp-content\\\/uploads\\\/2025\\\/03\\\/Movera-L-9958401100.jpg\",\"datePublished\":\"2025-03-14T13:45:37+00:00\",\"dateModified\":\"2026-05-10T21:20:42+00:00\",\"breadcrumb\":{\"@id\":\"https:\\\/\\\/shop.bantam.ch\\\/fr\\\/produit\\\/schussel-set-outwell-cookout-mit-deckeln-6-tlg-farbe-beige-blau\\\/#breadcrumb\"},\"inLanguage\":\"fr-FR\",\"potentialAction\":[{\"@type\":\"ReadAction\",\"target\":[\"https:\\\/\\\/shop.bantam.ch\\\/fr\\\/produit\\\/schussel-set-outwell-cookout-mit-deckeln-6-tlg-farbe-beige-blau\\\/\"]}]},{\"@type\":\"ImageObject\",\"inLanguage\":\"fr-FR\",\"@id\":\"https:\\\/\\\/shop.bantam.ch\\\/fr\\\/produit\\\/schussel-set-outwell-cookout-mit-deckeln-6-tlg-farbe-beige-blau\\\/#primaryimage\",\"url\":\"https:\\\/\\\/shop.bantam.ch\\\/wp-content\\\/uploads\\\/2025\\\/03\\\/Movera-L-9958401100.jpg\",\"contentUrl\":\"https:\\\/\\\/shop.bantam.ch\\\/wp-content\\\/uploads\\\/2025\\\/03\\\/Movera-L-9958401100.jpg\",\"width\":640,\"height\":360},{\"@type\":\"BreadcrumbList\",\"@id\":\"https:\\\/\\\/shop.bantam.ch\\\/fr\\\/produit\\\/schussel-set-outwell-cookout-mit-deckeln-6-tlg-farbe-beige-blau\\\/#breadcrumb\",\"itemListElement\":[{\"@type\":\"ListItem\",\"position\":1,\"name\":\"Accueil\",\"item\":\"https:\\\/\\\/shop.bantam.ch\\\/fr\\\/\"},{\"@type\":\"ListItem\",\"position\":2,\"name\":\"Boutique\",\"item\":\"https:\\\/\\\/shop.bantam.ch\\\/fr\\\/boutique\\\/\"},{\"@type\":\"ListItem\",\"position\":3,\"name\":\"Sch\u00fcssel Set Outwell Cookout mit Deckeln 6-tlg. Farbe beige \\\/ blau\"}]},{\"@type\":\"WebSite\",\"@id\":\"https:\\\/\\\/shop.bantam.ch\\\/fr\\\/#website\",\"url\":\"https:\\\/\\\/shop.bantam.ch\\\/fr\\\/\",\"name\":\"Bantam\",\"description\":\"\",\"publisher\":{\"@id\":\"https:\\\/\\\/shop.bantam.ch\\\/fr\\\/#organization\"},\"inLanguage\":\"fr-FR\"},{\"@type\":\"Organization\",\"@id\":\"https:\\\/\\\/shop.bantam.ch\\\/fr\\\/#organization\",\"name\":\"Bantam\",\"url\":\"https:\\\/\\\/shop.bantam.ch\\\/fr\\\/\",\"logo\":{\"@type\":\"ImageObject\",\"inLanguage\":\"fr-FR\",\"@id\":\"https:\\\/\\\/shop.bantam.ch\\\/fr\\\/#\\\/schema\\\/logo\\\/image\\\/\",\"url\":\"https:\\\/\\\/shop.bantam.ch\\\/wp-content\\\/uploads\\\/2022\\\/12\\\/bantam-logo.png\",\"contentUrl\":\"https:\\\/\\\/shop.bantam.ch\\\/wp-content\\\/uploads\\\/2022\\\/12\\\/bantam-logo.png\",\"width\":320,\"height\":71,\"caption\":\"Bantam\"},\"image\":{\"@id\":\"https:\\\/\\\/shop.bantam.ch\\\/fr\\\/#\\\/schema\\\/logo\\\/image\\\/\"}}]}<\/script>\n<!-- \/ Yoast SEO plugin. -->","yoast_head_json":{"title":"Sch\u00fcssel Set Outwell Cookout mit Deckeln 6-tlg. Farbe beige \/ blau - Bantam","robots":{"index":"index","follow":"follow","max-snippet":"max-snippet:-1","max-image-preview":"max-image-preview:large","max-video-preview":"max-video-preview:-1"},"canonical":"https:\/\/shop.bantam.ch\/fr\/produit\/schussel-set-outwell-cookout-mit-deckeln-6-tlg-farbe-beige-blau\/","og_locale":"fr_FR","og_type":"article","og_title":"Sch\u00fcssel Set Outwell Cookout mit Deckeln 6-tlg. Farbe beige \/ blau - Bantam","og_description":"Le set de bols Cookout avec couvercles est id\u00e9al pour chaque cuisine, que ce soit \u00e0 la maison ou en d\u00e9placement. Le set se compose de trois bols et de trois couvercles assortis, fabriqu\u00e9s en polypropyl\u00e8ne robuste et en TPR. Gr\u00e2ce aux couvercles transparents, tu peux facilement voir le contenu sans devoir ouvrir le saladier. [&hellip;]","og_url":"https:\/\/shop.bantam.ch\/fr\/produit\/schussel-set-outwell-cookout-mit-deckeln-6-tlg-farbe-beige-blau\/","og_site_name":"Bantam","article_modified_time":"2026-05-10T21:20:42+00:00","twitter_card":"summary_large_image","twitter_misc":{"Dur\u00e9e de lecture estim\u00e9e":"1 minute"},"schema":{"@context":"https:\/\/schema.org","@graph":[{"@type":"WebPage","@id":"https:\/\/shop.bantam.ch\/fr\/produit\/schussel-set-outwell-cookout-mit-deckeln-6-tlg-farbe-beige-blau\/","url":"https:\/\/shop.bantam.ch\/fr\/produit\/schussel-set-outwell-cookout-mit-deckeln-6-tlg-farbe-beige-blau\/","name":"Sch\u00fcssel Set Outwell Cookout mit Deckeln 6-tlg. Farbe beige \/ blau - Bantam","isPartOf":{"@id":"https:\/\/shop.bantam.ch\/fr\/#website"},"primaryImageOfPage":{"@id":"https:\/\/shop.bantam.ch\/fr\/produit\/schussel-set-outwell-cookout-mit-deckeln-6-tlg-farbe-beige-blau\/#primaryimage"},"image":{"@id":"https:\/\/shop.bantam.ch\/fr\/produit\/schussel-set-outwell-cookout-mit-deckeln-6-tlg-farbe-beige-blau\/#primaryimage"},"thumbnailUrl":"https:\/\/shop.bantam.ch\/wp-content\/uploads\/2025\/03\/Movera-L-9958401100.jpg","datePublished":"2025-03-14T13:45:37+00:00","dateModified":"2026-05-10T21:20:42+00:00","breadcrumb":{"@id":"https:\/\/shop.bantam.ch\/fr\/produit\/schussel-set-outwell-cookout-mit-deckeln-6-tlg-farbe-beige-blau\/#breadcrumb"},"inLanguage":"fr-FR","potentialAction":[{"@type":"ReadAction","target":["https:\/\/shop.bantam.ch\/fr\/produit\/schussel-set-outwell-cookout-mit-deckeln-6-tlg-farbe-beige-blau\/"]}]},{"@type":"ImageObject","inLanguage":"fr-FR","@id":"https:\/\/shop.bantam.ch\/fr\/produit\/schussel-set-outwell-cookout-mit-deckeln-6-tlg-farbe-beige-blau\/#primaryimage","url":"https:\/\/shop.bantam.ch\/wp-content\/uploads\/2025\/03\/Movera-L-9958401100.jpg","contentUrl":"https:\/\/shop.bantam.ch\/wp-content\/uploads\/2025\/03\/Movera-L-9958401100.jpg","width":640,"height":360},{"@type":"BreadcrumbList","@id":"https:\/\/shop.bantam.ch\/fr\/produit\/schussel-set-outwell-cookout-mit-deckeln-6-tlg-farbe-beige-blau\/#breadcrumb","itemListElement":[{"@type":"ListItem","position":1,"name":"Accueil","item":"https:\/\/shop.bantam.ch\/fr\/"},{"@type":"ListItem","position":2,"name":"Boutique","item":"https:\/\/shop.bantam.ch\/fr\/boutique\/"},{"@type":"ListItem","position":3,"name":"Sch\u00fcssel Set Outwell Cookout mit Deckeln 6-tlg. Farbe beige \/ blau"}]},{"@type":"WebSite","@id":"https:\/\/shop.bantam.ch\/fr\/#website","url":"https:\/\/shop.bantam.ch\/fr\/","name":"Bantam","description":"","publisher":{"@id":"https:\/\/shop.bantam.ch\/fr\/#organization"},"inLanguage":"fr-FR"},{"@type":"Organization","@id":"https:\/\/shop.bantam.ch\/fr\/#organization","name":"Bantam","url":"https:\/\/shop.bantam.ch\/fr\/","logo":{"@type":"ImageObject","inLanguage":"fr-FR","@id":"https:\/\/shop.bantam.ch\/fr\/#\/schema\/logo\/image\/","url":"https:\/\/shop.bantam.ch\/wp-content\/uploads\/2022\/12\/bantam-logo.png","contentUrl":"https:\/\/shop.bantam.ch\/wp-content\/uploads\/2022\/12\/bantam-logo.png","width":320,"height":71,"caption":"Bantam"},"image":{"@id":"https:\/\/shop.bantam.ch\/fr\/#\/schema\/logo\/image\/"}}]}},"_links":{"self":[{"href":"https:\/\/shop.bantam.ch\/fr\/wp-json\/wp\/v2\/product\/211825","targetHints":{"allow":["GET"]}}],"collection":[{"href":"https:\/\/shop.bantam.ch\/fr\/wp-json\/wp\/v2\/product"}],"about":[{"href":"https:\/\/shop.bantam.ch\/fr\/wp-json\/wp\/v2\/types\/product"}],"wp:featuredmedia":[{"embeddable":true,"href":"https:\/\/shop.bantam.ch\/fr\/wp-json\/wp\/v2\/media\/211823"}],"wp:attachment":[{"href":"https:\/\/shop.bantam.ch\/fr\/wp-json\/wp\/v2\/media?parent=211825"}],"wp:term":[{"taxonomy":"product_featured_cat","embeddable":true,"href":"https:\/\/shop.bantam.ch\/fr\/wp-json\/wp\/v2\/product_featured_cat?post=211825"},{"taxonomy":"product_brand","embeddable":true,"href":"https:\/\/shop.bantam.ch\/fr\/wp-json\/wp\/v2\/product_brand?post=211825"},{"taxonomy":"product_cat","embeddable":true,"href":"https:\/\/shop.bantam.ch\/fr\/wp-json\/wp\/v2\/product_cat?post=211825"},{"taxonomy":"product_tag","embeddable":true,"href":"https:\/\/shop.bantam.ch\/fr\/wp-json\/wp\/v2\/product_tag?post=211825"}],"curies":[{"name":"wp","href":"https:\/\/api.w.org\/{rel}","templated":true}]}}