{"id":211739,"date":"2025-03-14T14:42:51","date_gmt":"2025-03-14T13:42:51","guid":{"rendered":"https:\/\/shop.bantam.ch\/produit\/schussel-set-gefu-preparo-4-tlg-18-l-4-l-farbe-schwarz-grau\/"},"modified":"2026-05-02T23:17:32","modified_gmt":"2026-05-02T21:17:32","slug":"schussel-set-gefu-preparo-4-tlg-18-l-4-l-farbe-schwarz-grau","status":"publish","type":"product","link":"https:\/\/shop.bantam.ch\/fr\/produit\/schussel-set-gefu-preparo-4-tlg-18-l-4-l-farbe-schwarz-grau\/","title":{"rendered":"Sch\u00fcssel-Set GEFU PREPARO 4-tlg., 1,8 l, 4 l Farbe schwarz \/ grau"},"content":{"rendered":"<p>Vite \u00e0 port\u00e9e de main, vite rang\u00e9 : ce petit miracle de gain de place en 4 parties se glisse dans n&rsquo;importe quel placard de cuisine et y met de l&rsquo;ordre.<br \/>\nSet de 4 pi\u00e8ces comprenant :<\/p>\n<ul>\n<li>bol de 1,8 l<\/li>\n<li>bol 4 l<\/li>\n<li>Passe-partout<\/li>\n<li>S\u00e9parateur de pur\u00e9e<\/li>\n<\/ul>\n","protected":false},"excerpt":{"rendered":"<p>Vite \u00e0 port\u00e9e de main, vite rang\u00e9 : ce petit miracle de gain de place en 4 parties se glisse dans n&rsquo;importe quel placard de cuisine et y met de l&rsquo;ordre. Set de 4 pi\u00e8ces comprenant : bol de 1,8 l bol 4 l Passe-partout S\u00e9parateur de pur\u00e9e<\/p>\n","protected":false},"featured_media":211735,"template":"","meta":{"_acf_changed":false},"product_featured_cat":[],"product_brand":[],"product_cat":[4275],"product_tag":[],"class_list":{"0":"post-211739","1":"product","2":"type-product","3":"status-publish","4":"has-post-thumbnail","6":"product_cat-saladiers-et-bols","8":"first","9":"instock","10":"taxable","11":"shipping-taxable","12":"purchasable","13":"product-type-simple"},"acf":[],"yoast_head":"<!-- This site is optimized with the Yoast SEO plugin v27.5 - https:\/\/yoast.com\/product\/yoast-seo-wordpress\/ -->\n<title>Sch\u00fcssel-Set GEFU PREPARO 4-tlg., 1,8 l, 4 l Farbe schwarz \/ grau - Bantam<\/title>\n<meta name=\"robots\" content=\"index, follow, max-snippet:-1, max-image-preview:large, max-video-preview:-1\" \/>\n<link rel=\"canonical\" href=\"https:\/\/shop.bantam.ch\/fr\/produit\/schussel-set-gefu-preparo-4-tlg-18-l-4-l-farbe-schwarz-grau\/\" \/>\n<meta property=\"og:locale\" content=\"fr_FR\" \/>\n<meta property=\"og:type\" content=\"article\" \/>\n<meta property=\"og:title\" content=\"Sch\u00fcssel-Set GEFU PREPARO 4-tlg., 1,8 l, 4 l Farbe schwarz \/ grau - Bantam\" \/>\n<meta property=\"og:description\" content=\"Vite \u00e0 port\u00e9e de main, vite rang\u00e9 : ce petit miracle de gain de place en 4 parties se glisse dans n&rsquo;importe quel placard de cuisine et y met de l&rsquo;ordre. Set de 4 pi\u00e8ces comprenant : bol de 1,8 l bol 4 l Passe-partout S\u00e9parateur de pur\u00e9e\" \/>\n<meta property=\"og:url\" content=\"https:\/\/shop.bantam.ch\/fr\/produit\/schussel-set-gefu-preparo-4-tlg-18-l-4-l-farbe-schwarz-grau\/\" \/>\n<meta property=\"og:site_name\" content=\"Bantam\" \/>\n<meta property=\"article:modified_time\" content=\"2026-05-02T21:17:32+00:00\" \/>\n<meta name=\"twitter:card\" content=\"summary_large_image\" \/>\n<script type=\"application\/ld+json\" class=\"yoast-schema-graph\">{\"@context\":\"https:\\\/\\\/schema.org\",\"@graph\":[{\"@type\":\"WebPage\",\"@id\":\"https:\\\/\\\/shop.bantam.ch\\\/fr\\\/produit\\\/schussel-set-gefu-preparo-4-tlg-18-l-4-l-farbe-schwarz-grau\\\/\",\"url\":\"https:\\\/\\\/shop.bantam.ch\\\/fr\\\/produit\\\/schussel-set-gefu-preparo-4-tlg-18-l-4-l-farbe-schwarz-grau\\\/\",\"name\":\"Sch\u00fcssel-Set GEFU PREPARO 4-tlg., 1,8 l, 4 l Farbe schwarz \\\/ grau - Bantam\",\"isPartOf\":{\"@id\":\"https:\\\/\\\/shop.bantam.ch\\\/fr\\\/#website\"},\"primaryImageOfPage\":{\"@id\":\"https:\\\/\\\/shop.bantam.ch\\\/fr\\\/produit\\\/schussel-set-gefu-preparo-4-tlg-18-l-4-l-farbe-schwarz-grau\\\/#primaryimage\"},\"image\":{\"@id\":\"https:\\\/\\\/shop.bantam.ch\\\/fr\\\/produit\\\/schussel-set-gefu-preparo-4-tlg-18-l-4-l-farbe-schwarz-grau\\\/#primaryimage\"},\"thumbnailUrl\":\"https:\\\/\\\/shop.bantam.ch\\\/wp-content\\\/uploads\\\/2025\\\/03\\\/Movera-L-9958384100.jpg\",\"datePublished\":\"2025-03-14T13:42:51+00:00\",\"dateModified\":\"2026-05-02T21:17:32+00:00\",\"breadcrumb\":{\"@id\":\"https:\\\/\\\/shop.bantam.ch\\\/fr\\\/produit\\\/schussel-set-gefu-preparo-4-tlg-18-l-4-l-farbe-schwarz-grau\\\/#breadcrumb\"},\"inLanguage\":\"fr-FR\",\"potentialAction\":[{\"@type\":\"ReadAction\",\"target\":[\"https:\\\/\\\/shop.bantam.ch\\\/fr\\\/produit\\\/schussel-set-gefu-preparo-4-tlg-18-l-4-l-farbe-schwarz-grau\\\/\"]}]},{\"@type\":\"ImageObject\",\"inLanguage\":\"fr-FR\",\"@id\":\"https:\\\/\\\/shop.bantam.ch\\\/fr\\\/produit\\\/schussel-set-gefu-preparo-4-tlg-18-l-4-l-farbe-schwarz-grau\\\/#primaryimage\",\"url\":\"https:\\\/\\\/shop.bantam.ch\\\/wp-content\\\/uploads\\\/2025\\\/03\\\/Movera-L-9958384100.jpg\",\"contentUrl\":\"https:\\\/\\\/shop.bantam.ch\\\/wp-content\\\/uploads\\\/2025\\\/03\\\/Movera-L-9958384100.jpg\",\"width\":640,\"height\":427},{\"@type\":\"BreadcrumbList\",\"@id\":\"https:\\\/\\\/shop.bantam.ch\\\/fr\\\/produit\\\/schussel-set-gefu-preparo-4-tlg-18-l-4-l-farbe-schwarz-grau\\\/#breadcrumb\",\"itemListElement\":[{\"@type\":\"ListItem\",\"position\":1,\"name\":\"Accueil\",\"item\":\"https:\\\/\\\/shop.bantam.ch\\\/fr\\\/\"},{\"@type\":\"ListItem\",\"position\":2,\"name\":\"Boutique\",\"item\":\"https:\\\/\\\/shop.bantam.ch\\\/fr\\\/boutique\\\/\"},{\"@type\":\"ListItem\",\"position\":3,\"name\":\"Sch\u00fcssel-Set GEFU PREPARO 4-tlg., 1,8 l, 4 l Farbe schwarz \\\/ grau\"}]},{\"@type\":\"WebSite\",\"@id\":\"https:\\\/\\\/shop.bantam.ch\\\/fr\\\/#website\",\"url\":\"https:\\\/\\\/shop.bantam.ch\\\/fr\\\/\",\"name\":\"Bantam\",\"description\":\"\",\"publisher\":{\"@id\":\"https:\\\/\\\/shop.bantam.ch\\\/fr\\\/#organization\"},\"inLanguage\":\"fr-FR\"},{\"@type\":\"Organization\",\"@id\":\"https:\\\/\\\/shop.bantam.ch\\\/fr\\\/#organization\",\"name\":\"Bantam\",\"url\":\"https:\\\/\\\/shop.bantam.ch\\\/fr\\\/\",\"logo\":{\"@type\":\"ImageObject\",\"inLanguage\":\"fr-FR\",\"@id\":\"https:\\\/\\\/shop.bantam.ch\\\/fr\\\/#\\\/schema\\\/logo\\\/image\\\/\",\"url\":\"https:\\\/\\\/shop.bantam.ch\\\/wp-content\\\/uploads\\\/2022\\\/12\\\/bantam-logo.png\",\"contentUrl\":\"https:\\\/\\\/shop.bantam.ch\\\/wp-content\\\/uploads\\\/2022\\\/12\\\/bantam-logo.png\",\"width\":320,\"height\":71,\"caption\":\"Bantam\"},\"image\":{\"@id\":\"https:\\\/\\\/shop.bantam.ch\\\/fr\\\/#\\\/schema\\\/logo\\\/image\\\/\"}}]}<\/script>\n<!-- \/ Yoast SEO plugin. -->","yoast_head_json":{"title":"Sch\u00fcssel-Set GEFU PREPARO 4-tlg., 1,8 l, 4 l Farbe schwarz \/ grau - Bantam","robots":{"index":"index","follow":"follow","max-snippet":"max-snippet:-1","max-image-preview":"max-image-preview:large","max-video-preview":"max-video-preview:-1"},"canonical":"https:\/\/shop.bantam.ch\/fr\/produit\/schussel-set-gefu-preparo-4-tlg-18-l-4-l-farbe-schwarz-grau\/","og_locale":"fr_FR","og_type":"article","og_title":"Sch\u00fcssel-Set GEFU PREPARO 4-tlg., 1,8 l, 4 l Farbe schwarz \/ grau - Bantam","og_description":"Vite \u00e0 port\u00e9e de main, vite rang\u00e9 : ce petit miracle de gain de place en 4 parties se glisse dans n&rsquo;importe quel placard de cuisine et y met de l&rsquo;ordre. Set de 4 pi\u00e8ces comprenant : bol de 1,8 l bol 4 l Passe-partout S\u00e9parateur de pur\u00e9e","og_url":"https:\/\/shop.bantam.ch\/fr\/produit\/schussel-set-gefu-preparo-4-tlg-18-l-4-l-farbe-schwarz-grau\/","og_site_name":"Bantam","article_modified_time":"2026-05-02T21:17:32+00:00","twitter_card":"summary_large_image","schema":{"@context":"https:\/\/schema.org","@graph":[{"@type":"WebPage","@id":"https:\/\/shop.bantam.ch\/fr\/produit\/schussel-set-gefu-preparo-4-tlg-18-l-4-l-farbe-schwarz-grau\/","url":"https:\/\/shop.bantam.ch\/fr\/produit\/schussel-set-gefu-preparo-4-tlg-18-l-4-l-farbe-schwarz-grau\/","name":"Sch\u00fcssel-Set GEFU PREPARO 4-tlg., 1,8 l, 4 l Farbe schwarz \/ grau - Bantam","isPartOf":{"@id":"https:\/\/shop.bantam.ch\/fr\/#website"},"primaryImageOfPage":{"@id":"https:\/\/shop.bantam.ch\/fr\/produit\/schussel-set-gefu-preparo-4-tlg-18-l-4-l-farbe-schwarz-grau\/#primaryimage"},"image":{"@id":"https:\/\/shop.bantam.ch\/fr\/produit\/schussel-set-gefu-preparo-4-tlg-18-l-4-l-farbe-schwarz-grau\/#primaryimage"},"thumbnailUrl":"https:\/\/shop.bantam.ch\/wp-content\/uploads\/2025\/03\/Movera-L-9958384100.jpg","datePublished":"2025-03-14T13:42:51+00:00","dateModified":"2026-05-02T21:17:32+00:00","breadcrumb":{"@id":"https:\/\/shop.bantam.ch\/fr\/produit\/schussel-set-gefu-preparo-4-tlg-18-l-4-l-farbe-schwarz-grau\/#breadcrumb"},"inLanguage":"fr-FR","potentialAction":[{"@type":"ReadAction","target":["https:\/\/shop.bantam.ch\/fr\/produit\/schussel-set-gefu-preparo-4-tlg-18-l-4-l-farbe-schwarz-grau\/"]}]},{"@type":"ImageObject","inLanguage":"fr-FR","@id":"https:\/\/shop.bantam.ch\/fr\/produit\/schussel-set-gefu-preparo-4-tlg-18-l-4-l-farbe-schwarz-grau\/#primaryimage","url":"https:\/\/shop.bantam.ch\/wp-content\/uploads\/2025\/03\/Movera-L-9958384100.jpg","contentUrl":"https:\/\/shop.bantam.ch\/wp-content\/uploads\/2025\/03\/Movera-L-9958384100.jpg","width":640,"height":427},{"@type":"BreadcrumbList","@id":"https:\/\/shop.bantam.ch\/fr\/produit\/schussel-set-gefu-preparo-4-tlg-18-l-4-l-farbe-schwarz-grau\/#breadcrumb","itemListElement":[{"@type":"ListItem","position":1,"name":"Accueil","item":"https:\/\/shop.bantam.ch\/fr\/"},{"@type":"ListItem","position":2,"name":"Boutique","item":"https:\/\/shop.bantam.ch\/fr\/boutique\/"},{"@type":"ListItem","position":3,"name":"Sch\u00fcssel-Set GEFU PREPARO 4-tlg., 1,8 l, 4 l Farbe schwarz \/ grau"}]},{"@type":"WebSite","@id":"https:\/\/shop.bantam.ch\/fr\/#website","url":"https:\/\/shop.bantam.ch\/fr\/","name":"Bantam","description":"","publisher":{"@id":"https:\/\/shop.bantam.ch\/fr\/#organization"},"inLanguage":"fr-FR"},{"@type":"Organization","@id":"https:\/\/shop.bantam.ch\/fr\/#organization","name":"Bantam","url":"https:\/\/shop.bantam.ch\/fr\/","logo":{"@type":"ImageObject","inLanguage":"fr-FR","@id":"https:\/\/shop.bantam.ch\/fr\/#\/schema\/logo\/image\/","url":"https:\/\/shop.bantam.ch\/wp-content\/uploads\/2022\/12\/bantam-logo.png","contentUrl":"https:\/\/shop.bantam.ch\/wp-content\/uploads\/2022\/12\/bantam-logo.png","width":320,"height":71,"caption":"Bantam"},"image":{"@id":"https:\/\/shop.bantam.ch\/fr\/#\/schema\/logo\/image\/"}}]}},"_links":{"self":[{"href":"https:\/\/shop.bantam.ch\/fr\/wp-json\/wp\/v2\/product\/211739","targetHints":{"allow":["GET"]}}],"collection":[{"href":"https:\/\/shop.bantam.ch\/fr\/wp-json\/wp\/v2\/product"}],"about":[{"href":"https:\/\/shop.bantam.ch\/fr\/wp-json\/wp\/v2\/types\/product"}],"wp:featuredmedia":[{"embeddable":true,"href":"https:\/\/shop.bantam.ch\/fr\/wp-json\/wp\/v2\/media\/211735"}],"wp:attachment":[{"href":"https:\/\/shop.bantam.ch\/fr\/wp-json\/wp\/v2\/media?parent=211739"}],"wp:term":[{"taxonomy":"product_featured_cat","embeddable":true,"href":"https:\/\/shop.bantam.ch\/fr\/wp-json\/wp\/v2\/product_featured_cat?post=211739"},{"taxonomy":"product_brand","embeddable":true,"href":"https:\/\/shop.bantam.ch\/fr\/wp-json\/wp\/v2\/product_brand?post=211739"},{"taxonomy":"product_cat","embeddable":true,"href":"https:\/\/shop.bantam.ch\/fr\/wp-json\/wp\/v2\/product_cat?post=211739"},{"taxonomy":"product_tag","embeddable":true,"href":"https:\/\/shop.bantam.ch\/fr\/wp-json\/wp\/v2\/product_tag?post=211739"}],"curies":[{"name":"wp","href":"https:\/\/api.w.org\/{rel}","templated":true}]}}