{"id":211727,"date":"2025-03-14T14:42:37","date_gmt":"2025-03-14T13:42:37","guid":{"rendered":"https:\/\/shop.bantam.ch\/produit\/spulburste-gefu-mit-spulmittelspender-swift-farbe-schwarz-silber\/"},"modified":"2026-05-02T23:17:26","modified_gmt":"2026-05-02T21:17:26","slug":"spulburste-gefu-mit-spulmittelspender-swift-farbe-schwarz-silber","status":"publish","type":"product","link":"https:\/\/shop.bantam.ch\/fr\/produit\/spulburste-gefu-mit-spulmittelspender-swift-farbe-schwarz-silber\/","title":{"rendered":"Sp\u00fclb\u00fcrste GEFU mit Sp\u00fclmittelspender SWIFT Farbe schwarz \/ silber"},"content":{"rendered":"<p>Faire la vaisselle devient enfin un plaisir ! La puissante brosse en nylon nettoie les casseroles et la vaisselle sales avec une force et une douceur particuli\u00e8res, le produit vaisselle dans le distributeur int\u00e9gr\u00e9 se dose parfaitement par simple pression sur un bouton jusqu&rsquo;\u00e0 ce que tout brille et resplendisse de propret\u00e9.<\/p>\n","protected":false},"excerpt":{"rendered":"<p>Faire la vaisselle devient enfin un plaisir ! La puissante brosse en nylon nettoie les casseroles et la vaisselle sales avec une force et une douceur particuli\u00e8res, le produit vaisselle dans le distributeur int\u00e9gr\u00e9 se dose parfaitement par simple pression sur un bouton jusqu&rsquo;\u00e0 ce que tout brille et resplendisse de propret\u00e9.<\/p>\n","protected":false},"featured_media":211723,"template":"","meta":{"_acf_changed":false},"product_featured_cat":[],"product_brand":[],"product_cat":[4289],"product_tag":[],"class_list":{"0":"post-211727","1":"product","2":"type-product","3":"status-publish","4":"has-post-thumbnail","6":"product_cat-rincage-et-nettoyage","8":"first","9":"instock","10":"taxable","11":"shipping-taxable","12":"purchasable","13":"product-type-simple"},"acf":[],"yoast_head":"<!-- This site is optimized with the Yoast SEO plugin v27.5 - https:\/\/yoast.com\/product\/yoast-seo-wordpress\/ -->\n<title>Sp\u00fclb\u00fcrste GEFU mit Sp\u00fclmittelspender SWIFT Farbe schwarz \/ silber - Bantam<\/title>\n<meta name=\"robots\" content=\"index, follow, max-snippet:-1, max-image-preview:large, max-video-preview:-1\" \/>\n<link rel=\"canonical\" href=\"https:\/\/shop.bantam.ch\/fr\/produit\/spulburste-gefu-mit-spulmittelspender-swift-farbe-schwarz-silber\/\" \/>\n<meta property=\"og:locale\" content=\"fr_FR\" \/>\n<meta property=\"og:type\" content=\"article\" \/>\n<meta property=\"og:title\" content=\"Sp\u00fclb\u00fcrste GEFU mit Sp\u00fclmittelspender SWIFT Farbe schwarz \/ silber - Bantam\" \/>\n<meta property=\"og:description\" content=\"Faire la vaisselle devient enfin un plaisir ! La puissante brosse en nylon nettoie les casseroles et la vaisselle sales avec une force et une douceur particuli\u00e8res, le produit vaisselle dans le distributeur int\u00e9gr\u00e9 se dose parfaitement par simple pression sur un bouton jusqu&rsquo;\u00e0 ce que tout brille et resplendisse de propret\u00e9.\" \/>\n<meta property=\"og:url\" content=\"https:\/\/shop.bantam.ch\/fr\/produit\/spulburste-gefu-mit-spulmittelspender-swift-farbe-schwarz-silber\/\" \/>\n<meta property=\"og:site_name\" content=\"Bantam\" \/>\n<meta property=\"article:modified_time\" content=\"2026-05-02T21:17:26+00:00\" \/>\n<meta name=\"twitter:card\" content=\"summary_large_image\" \/>\n<script type=\"application\/ld+json\" class=\"yoast-schema-graph\">{\"@context\":\"https:\\\/\\\/schema.org\",\"@graph\":[{\"@type\":\"WebPage\",\"@id\":\"https:\\\/\\\/shop.bantam.ch\\\/fr\\\/produit\\\/spulburste-gefu-mit-spulmittelspender-swift-farbe-schwarz-silber\\\/\",\"url\":\"https:\\\/\\\/shop.bantam.ch\\\/fr\\\/produit\\\/spulburste-gefu-mit-spulmittelspender-swift-farbe-schwarz-silber\\\/\",\"name\":\"Sp\u00fclb\u00fcrste GEFU mit Sp\u00fclmittelspender SWIFT Farbe schwarz \\\/ silber - Bantam\",\"isPartOf\":{\"@id\":\"https:\\\/\\\/shop.bantam.ch\\\/fr\\\/#website\"},\"primaryImageOfPage\":{\"@id\":\"https:\\\/\\\/shop.bantam.ch\\\/fr\\\/produit\\\/spulburste-gefu-mit-spulmittelspender-swift-farbe-schwarz-silber\\\/#primaryimage\"},\"image\":{\"@id\":\"https:\\\/\\\/shop.bantam.ch\\\/fr\\\/produit\\\/spulburste-gefu-mit-spulmittelspender-swift-farbe-schwarz-silber\\\/#primaryimage\"},\"thumbnailUrl\":\"https:\\\/\\\/shop.bantam.ch\\\/wp-content\\\/uploads\\\/2025\\\/03\\\/Movera-L-9958381100.jpg\",\"datePublished\":\"2025-03-14T13:42:37+00:00\",\"dateModified\":\"2026-05-02T21:17:26+00:00\",\"breadcrumb\":{\"@id\":\"https:\\\/\\\/shop.bantam.ch\\\/fr\\\/produit\\\/spulburste-gefu-mit-spulmittelspender-swift-farbe-schwarz-silber\\\/#breadcrumb\"},\"inLanguage\":\"fr-FR\",\"potentialAction\":[{\"@type\":\"ReadAction\",\"target\":[\"https:\\\/\\\/shop.bantam.ch\\\/fr\\\/produit\\\/spulburste-gefu-mit-spulmittelspender-swift-farbe-schwarz-silber\\\/\"]}]},{\"@type\":\"ImageObject\",\"inLanguage\":\"fr-FR\",\"@id\":\"https:\\\/\\\/shop.bantam.ch\\\/fr\\\/produit\\\/spulburste-gefu-mit-spulmittelspender-swift-farbe-schwarz-silber\\\/#primaryimage\",\"url\":\"https:\\\/\\\/shop.bantam.ch\\\/wp-content\\\/uploads\\\/2025\\\/03\\\/Movera-L-9958381100.jpg\",\"contentUrl\":\"https:\\\/\\\/shop.bantam.ch\\\/wp-content\\\/uploads\\\/2025\\\/03\\\/Movera-L-9958381100.jpg\",\"width\":640,\"height\":959},{\"@type\":\"BreadcrumbList\",\"@id\":\"https:\\\/\\\/shop.bantam.ch\\\/fr\\\/produit\\\/spulburste-gefu-mit-spulmittelspender-swift-farbe-schwarz-silber\\\/#breadcrumb\",\"itemListElement\":[{\"@type\":\"ListItem\",\"position\":1,\"name\":\"Accueil\",\"item\":\"https:\\\/\\\/shop.bantam.ch\\\/fr\\\/\"},{\"@type\":\"ListItem\",\"position\":2,\"name\":\"Boutique\",\"item\":\"https:\\\/\\\/shop.bantam.ch\\\/fr\\\/boutique\\\/\"},{\"@type\":\"ListItem\",\"position\":3,\"name\":\"Sp\u00fclb\u00fcrste GEFU mit Sp\u00fclmittelspender SWIFT Farbe schwarz \\\/ silber\"}]},{\"@type\":\"WebSite\",\"@id\":\"https:\\\/\\\/shop.bantam.ch\\\/fr\\\/#website\",\"url\":\"https:\\\/\\\/shop.bantam.ch\\\/fr\\\/\",\"name\":\"Bantam\",\"description\":\"\",\"publisher\":{\"@id\":\"https:\\\/\\\/shop.bantam.ch\\\/fr\\\/#organization\"},\"inLanguage\":\"fr-FR\"},{\"@type\":\"Organization\",\"@id\":\"https:\\\/\\\/shop.bantam.ch\\\/fr\\\/#organization\",\"name\":\"Bantam\",\"url\":\"https:\\\/\\\/shop.bantam.ch\\\/fr\\\/\",\"logo\":{\"@type\":\"ImageObject\",\"inLanguage\":\"fr-FR\",\"@id\":\"https:\\\/\\\/shop.bantam.ch\\\/fr\\\/#\\\/schema\\\/logo\\\/image\\\/\",\"url\":\"https:\\\/\\\/shop.bantam.ch\\\/wp-content\\\/uploads\\\/2022\\\/12\\\/bantam-logo.png\",\"contentUrl\":\"https:\\\/\\\/shop.bantam.ch\\\/wp-content\\\/uploads\\\/2022\\\/12\\\/bantam-logo.png\",\"width\":320,\"height\":71,\"caption\":\"Bantam\"},\"image\":{\"@id\":\"https:\\\/\\\/shop.bantam.ch\\\/fr\\\/#\\\/schema\\\/logo\\\/image\\\/\"}}]}<\/script>\n<!-- \/ Yoast SEO plugin. -->","yoast_head_json":{"title":"Sp\u00fclb\u00fcrste GEFU mit Sp\u00fclmittelspender SWIFT Farbe schwarz \/ silber - Bantam","robots":{"index":"index","follow":"follow","max-snippet":"max-snippet:-1","max-image-preview":"max-image-preview:large","max-video-preview":"max-video-preview:-1"},"canonical":"https:\/\/shop.bantam.ch\/fr\/produit\/spulburste-gefu-mit-spulmittelspender-swift-farbe-schwarz-silber\/","og_locale":"fr_FR","og_type":"article","og_title":"Sp\u00fclb\u00fcrste GEFU mit Sp\u00fclmittelspender SWIFT Farbe schwarz \/ silber - Bantam","og_description":"Faire la vaisselle devient enfin un plaisir ! La puissante brosse en nylon nettoie les casseroles et la vaisselle sales avec une force et une douceur particuli\u00e8res, le produit vaisselle dans le distributeur int\u00e9gr\u00e9 se dose parfaitement par simple pression sur un bouton jusqu&rsquo;\u00e0 ce que tout brille et resplendisse de propret\u00e9.","og_url":"https:\/\/shop.bantam.ch\/fr\/produit\/spulburste-gefu-mit-spulmittelspender-swift-farbe-schwarz-silber\/","og_site_name":"Bantam","article_modified_time":"2026-05-02T21:17:26+00:00","twitter_card":"summary_large_image","schema":{"@context":"https:\/\/schema.org","@graph":[{"@type":"WebPage","@id":"https:\/\/shop.bantam.ch\/fr\/produit\/spulburste-gefu-mit-spulmittelspender-swift-farbe-schwarz-silber\/","url":"https:\/\/shop.bantam.ch\/fr\/produit\/spulburste-gefu-mit-spulmittelspender-swift-farbe-schwarz-silber\/","name":"Sp\u00fclb\u00fcrste GEFU mit Sp\u00fclmittelspender SWIFT Farbe schwarz \/ silber - Bantam","isPartOf":{"@id":"https:\/\/shop.bantam.ch\/fr\/#website"},"primaryImageOfPage":{"@id":"https:\/\/shop.bantam.ch\/fr\/produit\/spulburste-gefu-mit-spulmittelspender-swift-farbe-schwarz-silber\/#primaryimage"},"image":{"@id":"https:\/\/shop.bantam.ch\/fr\/produit\/spulburste-gefu-mit-spulmittelspender-swift-farbe-schwarz-silber\/#primaryimage"},"thumbnailUrl":"https:\/\/shop.bantam.ch\/wp-content\/uploads\/2025\/03\/Movera-L-9958381100.jpg","datePublished":"2025-03-14T13:42:37+00:00","dateModified":"2026-05-02T21:17:26+00:00","breadcrumb":{"@id":"https:\/\/shop.bantam.ch\/fr\/produit\/spulburste-gefu-mit-spulmittelspender-swift-farbe-schwarz-silber\/#breadcrumb"},"inLanguage":"fr-FR","potentialAction":[{"@type":"ReadAction","target":["https:\/\/shop.bantam.ch\/fr\/produit\/spulburste-gefu-mit-spulmittelspender-swift-farbe-schwarz-silber\/"]}]},{"@type":"ImageObject","inLanguage":"fr-FR","@id":"https:\/\/shop.bantam.ch\/fr\/produit\/spulburste-gefu-mit-spulmittelspender-swift-farbe-schwarz-silber\/#primaryimage","url":"https:\/\/shop.bantam.ch\/wp-content\/uploads\/2025\/03\/Movera-L-9958381100.jpg","contentUrl":"https:\/\/shop.bantam.ch\/wp-content\/uploads\/2025\/03\/Movera-L-9958381100.jpg","width":640,"height":959},{"@type":"BreadcrumbList","@id":"https:\/\/shop.bantam.ch\/fr\/produit\/spulburste-gefu-mit-spulmittelspender-swift-farbe-schwarz-silber\/#breadcrumb","itemListElement":[{"@type":"ListItem","position":1,"name":"Accueil","item":"https:\/\/shop.bantam.ch\/fr\/"},{"@type":"ListItem","position":2,"name":"Boutique","item":"https:\/\/shop.bantam.ch\/fr\/boutique\/"},{"@type":"ListItem","position":3,"name":"Sp\u00fclb\u00fcrste GEFU mit Sp\u00fclmittelspender SWIFT Farbe schwarz \/ silber"}]},{"@type":"WebSite","@id":"https:\/\/shop.bantam.ch\/fr\/#website","url":"https:\/\/shop.bantam.ch\/fr\/","name":"Bantam","description":"","publisher":{"@id":"https:\/\/shop.bantam.ch\/fr\/#organization"},"inLanguage":"fr-FR"},{"@type":"Organization","@id":"https:\/\/shop.bantam.ch\/fr\/#organization","name":"Bantam","url":"https:\/\/shop.bantam.ch\/fr\/","logo":{"@type":"ImageObject","inLanguage":"fr-FR","@id":"https:\/\/shop.bantam.ch\/fr\/#\/schema\/logo\/image\/","url":"https:\/\/shop.bantam.ch\/wp-content\/uploads\/2022\/12\/bantam-logo.png","contentUrl":"https:\/\/shop.bantam.ch\/wp-content\/uploads\/2022\/12\/bantam-logo.png","width":320,"height":71,"caption":"Bantam"},"image":{"@id":"https:\/\/shop.bantam.ch\/fr\/#\/schema\/logo\/image\/"}}]}},"_links":{"self":[{"href":"https:\/\/shop.bantam.ch\/fr\/wp-json\/wp\/v2\/product\/211727","targetHints":{"allow":["GET"]}}],"collection":[{"href":"https:\/\/shop.bantam.ch\/fr\/wp-json\/wp\/v2\/product"}],"about":[{"href":"https:\/\/shop.bantam.ch\/fr\/wp-json\/wp\/v2\/types\/product"}],"wp:featuredmedia":[{"embeddable":true,"href":"https:\/\/shop.bantam.ch\/fr\/wp-json\/wp\/v2\/media\/211723"}],"wp:attachment":[{"href":"https:\/\/shop.bantam.ch\/fr\/wp-json\/wp\/v2\/media?parent=211727"}],"wp:term":[{"taxonomy":"product_featured_cat","embeddable":true,"href":"https:\/\/shop.bantam.ch\/fr\/wp-json\/wp\/v2\/product_featured_cat?post=211727"},{"taxonomy":"product_brand","embeddable":true,"href":"https:\/\/shop.bantam.ch\/fr\/wp-json\/wp\/v2\/product_brand?post=211727"},{"taxonomy":"product_cat","embeddable":true,"href":"https:\/\/shop.bantam.ch\/fr\/wp-json\/wp\/v2\/product_cat?post=211727"},{"taxonomy":"product_tag","embeddable":true,"href":"https:\/\/shop.bantam.ch\/fr\/wp-json\/wp\/v2\/product_tag?post=211727"}],"curies":[{"name":"wp","href":"https:\/\/api.w.org\/{rel}","templated":true}]}}