{"id":211555,"date":"2025-03-14T14:38:41","date_gmt":"2025-03-14T13:38:41","guid":{"rendered":"https:\/\/shop.bantam.ch\/produit\/batterie-exide-equipment-li-ion-ev\/"},"modified":"2026-04-18T01:41:04","modified_gmt":"2026-04-17T23:41:04","slug":"batterie-exide-equipment-li-ion-ev","status":"publish","type":"product","link":"https:\/\/shop.bantam.ch\/fr\/produit\/batterie-exide-equipment-li-ion-ev\/","title":{"rendered":"Batterie Exide Equipment Li-Ion EV"},"content":{"rendered":"<p>Avantages:<\/p>\n<ul>\n<li>Ultra-l\u00e9ger<\/li>\n<li>Performance de cycle sup\u00e9rieure<\/li>\n<li>Recharge jusqu&rsquo;\u00e0 50 % plus rapide<\/li>\n<li>Imm\u00e9diatement pr\u00eat \u00e0 l&#8217;emploi<\/li>\n<li>Enti\u00e8rement sans entretien<\/li>\n<li>Adapt\u00e9 aux longues p\u00e9riodes de repos<\/li>\n<li>Syst\u00e8mes de gestion de la batterie en fonctionnement s\u00fbr et meilleures performances<\/li>\n<li>Charge optimale m\u00eame par temps froid<\/li>\n<li>Recharge \u00e9galement possible par panneau solaire<\/li>\n<li>Connexion Bluetooth et application mobile<\/li>\n<li>Le mode veille pr\u00e9serve la charge de la batterie pendant les phases de repos.<\/li>\n<\/ul>\n","protected":false},"excerpt":{"rendered":"<p>Avantages: Ultra-l\u00e9ger Performance de cycle sup\u00e9rieure Recharge jusqu&rsquo;\u00e0 50 % plus rapide Imm\u00e9diatement pr\u00eat \u00e0 l&#8217;emploi Enti\u00e8rement sans entretien Adapt\u00e9 aux longues p\u00e9riodes de repos Syst\u00e8mes de gestion de la batterie en fonctionnement s\u00fbr et meilleures performances Charge optimale m\u00eame par temps froid Recharge \u00e9galement possible par panneau solaire Connexion Bluetooth et application mobile Le [&hellip;]<\/p>\n","protected":false},"featured_media":211553,"template":"","meta":{"_acf_changed":false},"product_featured_cat":[],"product_brand":[],"product_cat":[4187,5107],"product_tag":[],"class_list":{"0":"post-211555","1":"product","2":"type-product","3":"status-publish","4":"has-post-thumbnail","6":"product_cat-batteries","7":"product_cat-batteries-agm","9":"first","10":"instock","11":"taxable","12":"shipping-taxable","13":"purchasable","14":"product-type-variable"},"acf":[],"yoast_head":"<!-- This site is optimized with the Yoast SEO plugin v27.4 - https:\/\/yoast.com\/product\/yoast-seo-wordpress\/ -->\n<title>Batterie Exide Equipment Li-Ion EV - Bantam Wankm\u00fcller SA<\/title>\n<meta name=\"robots\" content=\"index, follow, max-snippet:-1, max-image-preview:large, max-video-preview:-1\" \/>\n<link rel=\"canonical\" href=\"https:\/\/shop.bantam.ch\/fr\/produit\/batterie-exide-equipment-li-ion-ev\/\" \/>\n<meta property=\"og:locale\" content=\"fr_FR\" \/>\n<meta property=\"og:type\" content=\"article\" \/>\n<meta property=\"og:title\" content=\"Batterie Exide Equipment Li-Ion EV - Bantam Wankm\u00fcller SA\" \/>\n<meta property=\"og:description\" content=\"Avantages: Ultra-l\u00e9ger Performance de cycle sup\u00e9rieure Recharge jusqu&rsquo;\u00e0 50 % plus rapide Imm\u00e9diatement pr\u00eat \u00e0 l&#8217;emploi Enti\u00e8rement sans entretien Adapt\u00e9 aux longues p\u00e9riodes de repos Syst\u00e8mes de gestion de la batterie en fonctionnement s\u00fbr et meilleures performances Charge optimale m\u00eame par temps froid Recharge \u00e9galement possible par panneau solaire Connexion Bluetooth et application mobile Le [&hellip;]\" \/>\n<meta property=\"og:url\" content=\"https:\/\/shop.bantam.ch\/fr\/produit\/batterie-exide-equipment-li-ion-ev\/\" \/>\n<meta property=\"og:site_name\" content=\"Bantam Wankm\u00fcller SA\" \/>\n<meta property=\"article:modified_time\" content=\"2026-04-17T23:41:04+00:00\" \/>\n<meta name=\"twitter:card\" content=\"summary_large_image\" \/>\n<script type=\"application\/ld+json\" class=\"yoast-schema-graph\">{\"@context\":\"https:\\\/\\\/schema.org\",\"@graph\":[{\"@type\":\"WebPage\",\"@id\":\"https:\\\/\\\/shop.bantam.ch\\\/fr\\\/produit\\\/batterie-exide-equipment-li-ion-ev\\\/\",\"url\":\"https:\\\/\\\/shop.bantam.ch\\\/fr\\\/produit\\\/batterie-exide-equipment-li-ion-ev\\\/\",\"name\":\"Batterie Exide Equipment Li-Ion EV - Bantam Wankm\u00fcller SA\",\"isPartOf\":{\"@id\":\"https:\\\/\\\/shop.bantam.ch\\\/fr\\\/#website\"},\"primaryImageOfPage\":{\"@id\":\"https:\\\/\\\/shop.bantam.ch\\\/fr\\\/produit\\\/batterie-exide-equipment-li-ion-ev\\\/#primaryimage\"},\"image\":{\"@id\":\"https:\\\/\\\/shop.bantam.ch\\\/fr\\\/produit\\\/batterie-exide-equipment-li-ion-ev\\\/#primaryimage\"},\"thumbnailUrl\":\"https:\\\/\\\/shop.bantam.ch\\\/wp-content\\\/uploads\\\/2025\\\/03\\\/Movera-L-9957574100.jpg\",\"datePublished\":\"2025-03-14T13:38:41+00:00\",\"dateModified\":\"2026-04-17T23:41:04+00:00\",\"breadcrumb\":{\"@id\":\"https:\\\/\\\/shop.bantam.ch\\\/fr\\\/produit\\\/batterie-exide-equipment-li-ion-ev\\\/#breadcrumb\"},\"inLanguage\":\"fr-FR\",\"potentialAction\":[{\"@type\":\"ReadAction\",\"target\":[\"https:\\\/\\\/shop.bantam.ch\\\/fr\\\/produit\\\/batterie-exide-equipment-li-ion-ev\\\/\"]}]},{\"@type\":\"ImageObject\",\"inLanguage\":\"fr-FR\",\"@id\":\"https:\\\/\\\/shop.bantam.ch\\\/fr\\\/produit\\\/batterie-exide-equipment-li-ion-ev\\\/#primaryimage\",\"url\":\"https:\\\/\\\/shop.bantam.ch\\\/wp-content\\\/uploads\\\/2025\\\/03\\\/Movera-L-9957574100.jpg\",\"contentUrl\":\"https:\\\/\\\/shop.bantam.ch\\\/wp-content\\\/uploads\\\/2025\\\/03\\\/Movera-L-9957574100.jpg\",\"width\":640,\"height\":529},{\"@type\":\"BreadcrumbList\",\"@id\":\"https:\\\/\\\/shop.bantam.ch\\\/fr\\\/produit\\\/batterie-exide-equipment-li-ion-ev\\\/#breadcrumb\",\"itemListElement\":[{\"@type\":\"ListItem\",\"position\":1,\"name\":\"Accueil\",\"item\":\"https:\\\/\\\/shop.bantam.ch\\\/fr\\\/\"},{\"@type\":\"ListItem\",\"position\":2,\"name\":\"Boutique\",\"item\":\"https:\\\/\\\/shop.bantam.ch\\\/fr\\\/boutique\\\/\"},{\"@type\":\"ListItem\",\"position\":3,\"name\":\"Batterie Exide Equipment Li-Ion EV\"}]},{\"@type\":\"WebSite\",\"@id\":\"https:\\\/\\\/shop.bantam.ch\\\/fr\\\/#website\",\"url\":\"https:\\\/\\\/shop.bantam.ch\\\/fr\\\/\",\"name\":\"Bantam Wankm\u00fcller SA\",\"description\":\"\",\"publisher\":{\"@id\":\"https:\\\/\\\/shop.bantam.ch\\\/fr\\\/#organization\"},\"inLanguage\":\"fr-FR\"},{\"@type\":\"Organization\",\"@id\":\"https:\\\/\\\/shop.bantam.ch\\\/fr\\\/#organization\",\"name\":\"Bantam Wankm\u00fcller SA\",\"url\":\"https:\\\/\\\/shop.bantam.ch\\\/fr\\\/\",\"logo\":{\"@type\":\"ImageObject\",\"inLanguage\":\"fr-FR\",\"@id\":\"https:\\\/\\\/shop.bantam.ch\\\/fr\\\/#\\\/schema\\\/logo\\\/image\\\/\",\"url\":\"https:\\\/\\\/shop.bantam.ch\\\/wp-content\\\/uploads\\\/2022\\\/12\\\/bantam-logo.png\",\"contentUrl\":\"https:\\\/\\\/shop.bantam.ch\\\/wp-content\\\/uploads\\\/2022\\\/12\\\/bantam-logo.png\",\"width\":320,\"height\":71,\"caption\":\"Bantam Wankm\u00fcller SA\"},\"image\":{\"@id\":\"https:\\\/\\\/shop.bantam.ch\\\/fr\\\/#\\\/schema\\\/logo\\\/image\\\/\"}}]}<\/script>\n<!-- \/ Yoast SEO plugin. -->","yoast_head_json":{"title":"Batterie Exide Equipment Li-Ion EV - Bantam Wankm\u00fcller SA","robots":{"index":"index","follow":"follow","max-snippet":"max-snippet:-1","max-image-preview":"max-image-preview:large","max-video-preview":"max-video-preview:-1"},"canonical":"https:\/\/shop.bantam.ch\/fr\/produit\/batterie-exide-equipment-li-ion-ev\/","og_locale":"fr_FR","og_type":"article","og_title":"Batterie Exide Equipment Li-Ion EV - Bantam Wankm\u00fcller SA","og_description":"Avantages: Ultra-l\u00e9ger Performance de cycle sup\u00e9rieure Recharge jusqu&rsquo;\u00e0 50 % plus rapide Imm\u00e9diatement pr\u00eat \u00e0 l&#8217;emploi Enti\u00e8rement sans entretien Adapt\u00e9 aux longues p\u00e9riodes de repos Syst\u00e8mes de gestion de la batterie en fonctionnement s\u00fbr et meilleures performances Charge optimale m\u00eame par temps froid Recharge \u00e9galement possible par panneau solaire Connexion Bluetooth et application mobile Le [&hellip;]","og_url":"https:\/\/shop.bantam.ch\/fr\/produit\/batterie-exide-equipment-li-ion-ev\/","og_site_name":"Bantam Wankm\u00fcller SA","article_modified_time":"2026-04-17T23:41:04+00:00","twitter_card":"summary_large_image","schema":{"@context":"https:\/\/schema.org","@graph":[{"@type":"WebPage","@id":"https:\/\/shop.bantam.ch\/fr\/produit\/batterie-exide-equipment-li-ion-ev\/","url":"https:\/\/shop.bantam.ch\/fr\/produit\/batterie-exide-equipment-li-ion-ev\/","name":"Batterie Exide Equipment Li-Ion EV - Bantam Wankm\u00fcller SA","isPartOf":{"@id":"https:\/\/shop.bantam.ch\/fr\/#website"},"primaryImageOfPage":{"@id":"https:\/\/shop.bantam.ch\/fr\/produit\/batterie-exide-equipment-li-ion-ev\/#primaryimage"},"image":{"@id":"https:\/\/shop.bantam.ch\/fr\/produit\/batterie-exide-equipment-li-ion-ev\/#primaryimage"},"thumbnailUrl":"https:\/\/shop.bantam.ch\/wp-content\/uploads\/2025\/03\/Movera-L-9957574100.jpg","datePublished":"2025-03-14T13:38:41+00:00","dateModified":"2026-04-17T23:41:04+00:00","breadcrumb":{"@id":"https:\/\/shop.bantam.ch\/fr\/produit\/batterie-exide-equipment-li-ion-ev\/#breadcrumb"},"inLanguage":"fr-FR","potentialAction":[{"@type":"ReadAction","target":["https:\/\/shop.bantam.ch\/fr\/produit\/batterie-exide-equipment-li-ion-ev\/"]}]},{"@type":"ImageObject","inLanguage":"fr-FR","@id":"https:\/\/shop.bantam.ch\/fr\/produit\/batterie-exide-equipment-li-ion-ev\/#primaryimage","url":"https:\/\/shop.bantam.ch\/wp-content\/uploads\/2025\/03\/Movera-L-9957574100.jpg","contentUrl":"https:\/\/shop.bantam.ch\/wp-content\/uploads\/2025\/03\/Movera-L-9957574100.jpg","width":640,"height":529},{"@type":"BreadcrumbList","@id":"https:\/\/shop.bantam.ch\/fr\/produit\/batterie-exide-equipment-li-ion-ev\/#breadcrumb","itemListElement":[{"@type":"ListItem","position":1,"name":"Accueil","item":"https:\/\/shop.bantam.ch\/fr\/"},{"@type":"ListItem","position":2,"name":"Boutique","item":"https:\/\/shop.bantam.ch\/fr\/boutique\/"},{"@type":"ListItem","position":3,"name":"Batterie Exide Equipment Li-Ion EV"}]},{"@type":"WebSite","@id":"https:\/\/shop.bantam.ch\/fr\/#website","url":"https:\/\/shop.bantam.ch\/fr\/","name":"Bantam Wankm\u00fcller SA","description":"","publisher":{"@id":"https:\/\/shop.bantam.ch\/fr\/#organization"},"inLanguage":"fr-FR"},{"@type":"Organization","@id":"https:\/\/shop.bantam.ch\/fr\/#organization","name":"Bantam Wankm\u00fcller SA","url":"https:\/\/shop.bantam.ch\/fr\/","logo":{"@type":"ImageObject","inLanguage":"fr-FR","@id":"https:\/\/shop.bantam.ch\/fr\/#\/schema\/logo\/image\/","url":"https:\/\/shop.bantam.ch\/wp-content\/uploads\/2022\/12\/bantam-logo.png","contentUrl":"https:\/\/shop.bantam.ch\/wp-content\/uploads\/2022\/12\/bantam-logo.png","width":320,"height":71,"caption":"Bantam Wankm\u00fcller SA"},"image":{"@id":"https:\/\/shop.bantam.ch\/fr\/#\/schema\/logo\/image\/"}}]}},"_links":{"self":[{"href":"https:\/\/shop.bantam.ch\/fr\/wp-json\/wp\/v2\/product\/211555","targetHints":{"allow":["GET"]}}],"collection":[{"href":"https:\/\/shop.bantam.ch\/fr\/wp-json\/wp\/v2\/product"}],"about":[{"href":"https:\/\/shop.bantam.ch\/fr\/wp-json\/wp\/v2\/types\/product"}],"wp:featuredmedia":[{"embeddable":true,"href":"https:\/\/shop.bantam.ch\/fr\/wp-json\/wp\/v2\/media\/211553"}],"wp:attachment":[{"href":"https:\/\/shop.bantam.ch\/fr\/wp-json\/wp\/v2\/media?parent=211555"}],"wp:term":[{"taxonomy":"product_featured_cat","embeddable":true,"href":"https:\/\/shop.bantam.ch\/fr\/wp-json\/wp\/v2\/product_featured_cat?post=211555"},{"taxonomy":"product_brand","embeddable":true,"href":"https:\/\/shop.bantam.ch\/fr\/wp-json\/wp\/v2\/product_brand?post=211555"},{"taxonomy":"product_cat","embeddable":true,"href":"https:\/\/shop.bantam.ch\/fr\/wp-json\/wp\/v2\/product_cat?post=211555"},{"taxonomy":"product_tag","embeddable":true,"href":"https:\/\/shop.bantam.ch\/fr\/wp-json\/wp\/v2\/product_tag?post=211555"}],"curies":[{"name":"wp","href":"https:\/\/api.w.org\/{rel}","templated":true}]}}