{"id":211513,"date":"2025-03-14T14:37:35","date_gmt":"2025-03-14T13:37:35","guid":{"rendered":"https:\/\/shop.bantam.ch\/produit\/voile-dombrage-bent-tc-zip-canvas-scandinavian-design\/"},"modified":"2026-04-19T01:43:05","modified_gmt":"2026-04-18T23:43:05","slug":"voile-dombrage-bent-tc-zip-canvas-scandinavian-design","status":"publish","type":"product","link":"https:\/\/shop.bantam.ch\/fr\/produit\/voile-dombrage-bent-tc-zip-canvas-scandinavian-design\/","title":{"rendered":"Voile d&rsquo;ombrage BENT TC Zip-Canvas Scandinavian Design"},"content":{"rendered":"<p>La voile d&rsquo;ombrage connectable BENT TC-Zip-Canvas Single est modulaire, fonctionnelle, variable et brille par sa facilit\u00e9 d&rsquo;utilisation.<br \/>\nElle est fabriqu\u00e9e dans un tissu robuste en polyester et coton (TC 65\/35) de 210 g\/m\u00b2. La toile TC-Zip-Canvas se distingue par sa tr\u00e8s grande r\u00e9sistance aux UV et rend la voile d&rsquo;ombrage particuli\u00e8rement adapt\u00e9e aux r\u00e9gions tr\u00e8s ensoleill\u00e9es et aux utilisations de longue dur\u00e9e. La toile TC est trait\u00e9e WR avec une colonne d&rsquo;eau de 450 mm. Les fils de coton qui gonflent dans le tissu assurent l&rsquo;\u00e9tanch\u00e9it\u00e9 de la toile zipp\u00e9e TC.<\/p>\n<p>La voile d&rsquo;ombrage connectable TC-Zip-Canvas est \u00e9quip\u00e9e de fermetures \u00e0 glissi\u00e8re de marque SBS de haute qualit\u00e9 sur les trois c\u00f4t\u00e9s et offre de nombreuses possibilit\u00e9s de construction d&rsquo;un salon moderne pour une protection optimale contre les intemp\u00e9ries.<br \/>\nLes voiles d&rsquo;ombrage connectables TC-Zip-Canvas peuvent \u00eatre connect\u00e9es dans toutes les directions, ajout\u00e9es et modifi\u00e9es, ou \u00e9tendues avec d&rsquo;autres produits BENT comme le tapis connectable Zip-Carpet au moyen de fermetures \u00e9clair.<br \/>\nLa construction en triangle isoc\u00e8le et la construction renforc\u00e9e des coins permettent un haubanage optimal de la voile d&rsquo;ombrage.<br \/>\nSac de rangement TC pratique et robuste avec fermeture rapide, sangles d&rsquo;\u00e9paule et petite taille de rangement pour un transport facile.<br \/>\nId\u00e9al pour le camping, le caravaning, la plage, le jardin, les festivals ou le chilling.<br \/>\nBENT s&rsquo;engage d\u00e9lib\u00e9r\u00e9ment pour la durabilit\u00e9 \u00e9cologique et \u00e9vite l&rsquo;utilisation de perfluorocarbures (PFC) nocifs pour l&rsquo;environnement dans les rev\u00eatements hydrofuges.<\/p>\n<p>La voile d&rsquo;ombrage \u00e0 relier est modulaire, fonctionnelle, variable et brille par sa facilit\u00e9 d&rsquo;utilisation. Elle est \u00e9quip\u00e9e sur les trois c\u00f4t\u00e9s de fermetures \u00e0 glissi\u00e8re de marque SBS de haute qualit\u00e9 et offre de nombreuses possibilit\u00e9s de construction d&rsquo;un lounge moderne pour une protection optimale contre les intemp\u00e9ries.<\/p>\n<p>Mat\u00e9riau :<br \/>\n65 % polyester, 35 % coton<\/p>\n","protected":false},"excerpt":{"rendered":"<p>La voile d&rsquo;ombrage connectable BENT TC-Zip-Canvas Single est modulaire, fonctionnelle, variable et brille par sa facilit\u00e9 d&rsquo;utilisation. Elle est fabriqu\u00e9e dans un tissu robuste en polyester et coton (TC 65\/35) de 210 g\/m\u00b2. La toile TC-Zip-Canvas se distingue par sa tr\u00e8s grande r\u00e9sistance aux UV et rend la voile d&rsquo;ombrage particuli\u00e8rement adapt\u00e9e aux r\u00e9gions tr\u00e8s [&hellip;]<\/p>\n","protected":false},"featured_media":211505,"template":"","meta":{"_acf_changed":false},"product_featured_cat":[],"product_brand":[],"product_cat":[4251],"product_tag":[],"class_list":{"0":"post-211513","1":"product","2":"type-product","3":"status-publish","4":"has-post-thumbnail","6":"product_cat-voile-dombrage-pour-camping-cars","8":"first","9":"instock","10":"taxable","11":"shipping-taxable","12":"purchasable","13":"product-type-variable"},"acf":[],"yoast_head":"<!-- This site is optimized with the Yoast SEO plugin v27.4 - https:\/\/yoast.com\/product\/yoast-seo-wordpress\/ -->\n<title>Voile d&#039;ombrage BENT TC Zip-Canvas Scandinavian Design - Bantam Wankm\u00fcller SA<\/title>\n<meta name=\"robots\" content=\"index, follow, max-snippet:-1, max-image-preview:large, max-video-preview:-1\" \/>\n<link rel=\"canonical\" href=\"https:\/\/shop.bantam.ch\/fr\/produit\/voile-dombrage-bent-tc-zip-canvas-scandinavian-design\/\" \/>\n<meta property=\"og:locale\" content=\"fr_FR\" \/>\n<meta property=\"og:type\" content=\"article\" \/>\n<meta property=\"og:title\" content=\"Voile d&#039;ombrage BENT TC Zip-Canvas Scandinavian Design - Bantam Wankm\u00fcller SA\" \/>\n<meta property=\"og:description\" content=\"La voile d&rsquo;ombrage connectable BENT TC-Zip-Canvas Single est modulaire, fonctionnelle, variable et brille par sa facilit\u00e9 d&rsquo;utilisation. Elle est fabriqu\u00e9e dans un tissu robuste en polyester et coton (TC 65\/35) de 210 g\/m\u00b2. La toile TC-Zip-Canvas se distingue par sa tr\u00e8s grande r\u00e9sistance aux UV et rend la voile d&rsquo;ombrage particuli\u00e8rement adapt\u00e9e aux r\u00e9gions tr\u00e8s [&hellip;]\" \/>\n<meta property=\"og:url\" content=\"https:\/\/shop.bantam.ch\/fr\/produit\/voile-dombrage-bent-tc-zip-canvas-scandinavian-design\/\" \/>\n<meta property=\"og:site_name\" content=\"Bantam Wankm\u00fcller SA\" \/>\n<meta property=\"article:modified_time\" content=\"2026-04-18T23:43:05+00:00\" \/>\n<meta name=\"twitter:card\" content=\"summary_large_image\" \/>\n<meta name=\"twitter:label1\" content=\"Dur\u00e9e de lecture estim\u00e9e\" \/>\n\t<meta name=\"twitter:data1\" content=\"2 minutes\" \/>\n<script type=\"application\/ld+json\" class=\"yoast-schema-graph\">{\"@context\":\"https:\\\/\\\/schema.org\",\"@graph\":[{\"@type\":\"WebPage\",\"@id\":\"https:\\\/\\\/shop.bantam.ch\\\/fr\\\/produit\\\/voile-dombrage-bent-tc-zip-canvas-scandinavian-design\\\/\",\"url\":\"https:\\\/\\\/shop.bantam.ch\\\/fr\\\/produit\\\/voile-dombrage-bent-tc-zip-canvas-scandinavian-design\\\/\",\"name\":\"Voile d'ombrage BENT TC Zip-Canvas Scandinavian Design - Bantam Wankm\u00fcller SA\",\"isPartOf\":{\"@id\":\"https:\\\/\\\/shop.bantam.ch\\\/fr\\\/#website\"},\"primaryImageOfPage\":{\"@id\":\"https:\\\/\\\/shop.bantam.ch\\\/fr\\\/produit\\\/voile-dombrage-bent-tc-zip-canvas-scandinavian-design\\\/#primaryimage\"},\"image\":{\"@id\":\"https:\\\/\\\/shop.bantam.ch\\\/fr\\\/produit\\\/voile-dombrage-bent-tc-zip-canvas-scandinavian-design\\\/#primaryimage\"},\"thumbnailUrl\":\"https:\\\/\\\/shop.bantam.ch\\\/wp-content\\\/uploads\\\/2025\\\/03\\\/Movera-L-9949502100.jpg\",\"datePublished\":\"2025-03-14T13:37:35+00:00\",\"dateModified\":\"2026-04-18T23:43:05+00:00\",\"breadcrumb\":{\"@id\":\"https:\\\/\\\/shop.bantam.ch\\\/fr\\\/produit\\\/voile-dombrage-bent-tc-zip-canvas-scandinavian-design\\\/#breadcrumb\"},\"inLanguage\":\"fr-FR\",\"potentialAction\":[{\"@type\":\"ReadAction\",\"target\":[\"https:\\\/\\\/shop.bantam.ch\\\/fr\\\/produit\\\/voile-dombrage-bent-tc-zip-canvas-scandinavian-design\\\/\"]}]},{\"@type\":\"ImageObject\",\"inLanguage\":\"fr-FR\",\"@id\":\"https:\\\/\\\/shop.bantam.ch\\\/fr\\\/produit\\\/voile-dombrage-bent-tc-zip-canvas-scandinavian-design\\\/#primaryimage\",\"url\":\"https:\\\/\\\/shop.bantam.ch\\\/wp-content\\\/uploads\\\/2025\\\/03\\\/Movera-L-9949502100.jpg\",\"contentUrl\":\"https:\\\/\\\/shop.bantam.ch\\\/wp-content\\\/uploads\\\/2025\\\/03\\\/Movera-L-9949502100.jpg\",\"width\":640,\"height\":596},{\"@type\":\"BreadcrumbList\",\"@id\":\"https:\\\/\\\/shop.bantam.ch\\\/fr\\\/produit\\\/voile-dombrage-bent-tc-zip-canvas-scandinavian-design\\\/#breadcrumb\",\"itemListElement\":[{\"@type\":\"ListItem\",\"position\":1,\"name\":\"Accueil\",\"item\":\"https:\\\/\\\/shop.bantam.ch\\\/fr\\\/\"},{\"@type\":\"ListItem\",\"position\":2,\"name\":\"Boutique\",\"item\":\"https:\\\/\\\/shop.bantam.ch\\\/fr\\\/boutique\\\/\"},{\"@type\":\"ListItem\",\"position\":3,\"name\":\"Voile d&#8217;ombrage BENT TC Zip-Canvas Scandinavian Design\"}]},{\"@type\":\"WebSite\",\"@id\":\"https:\\\/\\\/shop.bantam.ch\\\/fr\\\/#website\",\"url\":\"https:\\\/\\\/shop.bantam.ch\\\/fr\\\/\",\"name\":\"Bantam Wankm\u00fcller SA\",\"description\":\"\",\"publisher\":{\"@id\":\"https:\\\/\\\/shop.bantam.ch\\\/fr\\\/#organization\"},\"inLanguage\":\"fr-FR\"},{\"@type\":\"Organization\",\"@id\":\"https:\\\/\\\/shop.bantam.ch\\\/fr\\\/#organization\",\"name\":\"Bantam Wankm\u00fcller SA\",\"url\":\"https:\\\/\\\/shop.bantam.ch\\\/fr\\\/\",\"logo\":{\"@type\":\"ImageObject\",\"inLanguage\":\"fr-FR\",\"@id\":\"https:\\\/\\\/shop.bantam.ch\\\/fr\\\/#\\\/schema\\\/logo\\\/image\\\/\",\"url\":\"https:\\\/\\\/shop.bantam.ch\\\/wp-content\\\/uploads\\\/2022\\\/12\\\/bantam-logo.png\",\"contentUrl\":\"https:\\\/\\\/shop.bantam.ch\\\/wp-content\\\/uploads\\\/2022\\\/12\\\/bantam-logo.png\",\"width\":320,\"height\":71,\"caption\":\"Bantam Wankm\u00fcller SA\"},\"image\":{\"@id\":\"https:\\\/\\\/shop.bantam.ch\\\/fr\\\/#\\\/schema\\\/logo\\\/image\\\/\"}}]}<\/script>\n<!-- \/ Yoast SEO plugin. -->","yoast_head_json":{"title":"Voile d'ombrage BENT TC Zip-Canvas Scandinavian Design - Bantam Wankm\u00fcller SA","robots":{"index":"index","follow":"follow","max-snippet":"max-snippet:-1","max-image-preview":"max-image-preview:large","max-video-preview":"max-video-preview:-1"},"canonical":"https:\/\/shop.bantam.ch\/fr\/produit\/voile-dombrage-bent-tc-zip-canvas-scandinavian-design\/","og_locale":"fr_FR","og_type":"article","og_title":"Voile d'ombrage BENT TC Zip-Canvas Scandinavian Design - Bantam Wankm\u00fcller SA","og_description":"La voile d&rsquo;ombrage connectable BENT TC-Zip-Canvas Single est modulaire, fonctionnelle, variable et brille par sa facilit\u00e9 d&rsquo;utilisation. Elle est fabriqu\u00e9e dans un tissu robuste en polyester et coton (TC 65\/35) de 210 g\/m\u00b2. La toile TC-Zip-Canvas se distingue par sa tr\u00e8s grande r\u00e9sistance aux UV et rend la voile d&rsquo;ombrage particuli\u00e8rement adapt\u00e9e aux r\u00e9gions tr\u00e8s [&hellip;]","og_url":"https:\/\/shop.bantam.ch\/fr\/produit\/voile-dombrage-bent-tc-zip-canvas-scandinavian-design\/","og_site_name":"Bantam Wankm\u00fcller SA","article_modified_time":"2026-04-18T23:43:05+00:00","twitter_card":"summary_large_image","twitter_misc":{"Dur\u00e9e de lecture estim\u00e9e":"2 minutes"},"schema":{"@context":"https:\/\/schema.org","@graph":[{"@type":"WebPage","@id":"https:\/\/shop.bantam.ch\/fr\/produit\/voile-dombrage-bent-tc-zip-canvas-scandinavian-design\/","url":"https:\/\/shop.bantam.ch\/fr\/produit\/voile-dombrage-bent-tc-zip-canvas-scandinavian-design\/","name":"Voile d'ombrage BENT TC Zip-Canvas Scandinavian Design - Bantam Wankm\u00fcller SA","isPartOf":{"@id":"https:\/\/shop.bantam.ch\/fr\/#website"},"primaryImageOfPage":{"@id":"https:\/\/shop.bantam.ch\/fr\/produit\/voile-dombrage-bent-tc-zip-canvas-scandinavian-design\/#primaryimage"},"image":{"@id":"https:\/\/shop.bantam.ch\/fr\/produit\/voile-dombrage-bent-tc-zip-canvas-scandinavian-design\/#primaryimage"},"thumbnailUrl":"https:\/\/shop.bantam.ch\/wp-content\/uploads\/2025\/03\/Movera-L-9949502100.jpg","datePublished":"2025-03-14T13:37:35+00:00","dateModified":"2026-04-18T23:43:05+00:00","breadcrumb":{"@id":"https:\/\/shop.bantam.ch\/fr\/produit\/voile-dombrage-bent-tc-zip-canvas-scandinavian-design\/#breadcrumb"},"inLanguage":"fr-FR","potentialAction":[{"@type":"ReadAction","target":["https:\/\/shop.bantam.ch\/fr\/produit\/voile-dombrage-bent-tc-zip-canvas-scandinavian-design\/"]}]},{"@type":"ImageObject","inLanguage":"fr-FR","@id":"https:\/\/shop.bantam.ch\/fr\/produit\/voile-dombrage-bent-tc-zip-canvas-scandinavian-design\/#primaryimage","url":"https:\/\/shop.bantam.ch\/wp-content\/uploads\/2025\/03\/Movera-L-9949502100.jpg","contentUrl":"https:\/\/shop.bantam.ch\/wp-content\/uploads\/2025\/03\/Movera-L-9949502100.jpg","width":640,"height":596},{"@type":"BreadcrumbList","@id":"https:\/\/shop.bantam.ch\/fr\/produit\/voile-dombrage-bent-tc-zip-canvas-scandinavian-design\/#breadcrumb","itemListElement":[{"@type":"ListItem","position":1,"name":"Accueil","item":"https:\/\/shop.bantam.ch\/fr\/"},{"@type":"ListItem","position":2,"name":"Boutique","item":"https:\/\/shop.bantam.ch\/fr\/boutique\/"},{"@type":"ListItem","position":3,"name":"Voile d&#8217;ombrage BENT TC Zip-Canvas Scandinavian Design"}]},{"@type":"WebSite","@id":"https:\/\/shop.bantam.ch\/fr\/#website","url":"https:\/\/shop.bantam.ch\/fr\/","name":"Bantam Wankm\u00fcller SA","description":"","publisher":{"@id":"https:\/\/shop.bantam.ch\/fr\/#organization"},"inLanguage":"fr-FR"},{"@type":"Organization","@id":"https:\/\/shop.bantam.ch\/fr\/#organization","name":"Bantam Wankm\u00fcller SA","url":"https:\/\/shop.bantam.ch\/fr\/","logo":{"@type":"ImageObject","inLanguage":"fr-FR","@id":"https:\/\/shop.bantam.ch\/fr\/#\/schema\/logo\/image\/","url":"https:\/\/shop.bantam.ch\/wp-content\/uploads\/2022\/12\/bantam-logo.png","contentUrl":"https:\/\/shop.bantam.ch\/wp-content\/uploads\/2022\/12\/bantam-logo.png","width":320,"height":71,"caption":"Bantam Wankm\u00fcller SA"},"image":{"@id":"https:\/\/shop.bantam.ch\/fr\/#\/schema\/logo\/image\/"}}]}},"_links":{"self":[{"href":"https:\/\/shop.bantam.ch\/fr\/wp-json\/wp\/v2\/product\/211513","targetHints":{"allow":["GET"]}}],"collection":[{"href":"https:\/\/shop.bantam.ch\/fr\/wp-json\/wp\/v2\/product"}],"about":[{"href":"https:\/\/shop.bantam.ch\/fr\/wp-json\/wp\/v2\/types\/product"}],"wp:featuredmedia":[{"embeddable":true,"href":"https:\/\/shop.bantam.ch\/fr\/wp-json\/wp\/v2\/media\/211505"}],"wp:attachment":[{"href":"https:\/\/shop.bantam.ch\/fr\/wp-json\/wp\/v2\/media?parent=211513"}],"wp:term":[{"taxonomy":"product_featured_cat","embeddable":true,"href":"https:\/\/shop.bantam.ch\/fr\/wp-json\/wp\/v2\/product_featured_cat?post=211513"},{"taxonomy":"product_brand","embeddable":true,"href":"https:\/\/shop.bantam.ch\/fr\/wp-json\/wp\/v2\/product_brand?post=211513"},{"taxonomy":"product_cat","embeddable":true,"href":"https:\/\/shop.bantam.ch\/fr\/wp-json\/wp\/v2\/product_cat?post=211513"},{"taxonomy":"product_tag","embeddable":true,"href":"https:\/\/shop.bantam.ch\/fr\/wp-json\/wp\/v2\/product_tag?post=211513"}],"curies":[{"name":"wp","href":"https:\/\/api.w.org\/{rel}","templated":true}]}}