{"id":211419,"date":"2025-03-14T14:35:38","date_gmt":"2025-03-14T13:35:38","guid":{"rendered":"https:\/\/shop.bantam.ch\/produit\/kit-dextension-pour-strada-e-bike-m-ml-et-strada-sport-m3-couleur-noir\/"},"modified":"2026-04-17T23:20:32","modified_gmt":"2026-04-17T21:20:32","slug":"kit-dextension-pour-strada-e-bike-m-ml-et-strada-sport-m3-couleur-noir","status":"publish","type":"product","link":"https:\/\/shop.bantam.ch\/fr\/produit\/kit-dextension-pour-strada-e-bike-m-ml-et-strada-sport-m3-couleur-noir\/","title":{"rendered":"Kit d&rsquo;extension pour Strada E-Bike M \/ ML et Strada Sport M3 couleur noir"},"content":{"rendered":"<p>Kit d&rsquo;extension 3e v\u00e9lo pour Atera Sport et E-Bike.<\/p>\n<p>Rail de roue suppl\u00e9mentaire avec entretoise courte (de roue \u00e0 roue), la charge maximale pour le rail de roue suppl\u00e9mentaire 3\u00e8me roue est de 17 kg, la charge maximale pour le porte-v\u00e9los y compris le kit d&rsquo;extension est de 65 kg.<\/p>\n","protected":false},"excerpt":{"rendered":"<p>Kit d&rsquo;extension 3e v\u00e9lo pour Atera Sport et E-Bike. Rail de roue suppl\u00e9mentaire avec entretoise courte (de roue \u00e0 roue), la charge maximale pour le rail de roue suppl\u00e9mentaire 3\u00e8me roue est de 17 kg, la charge maximale pour le porte-v\u00e9los y compris le kit d&rsquo;extension est de 65 kg.<\/p>\n","protected":false},"featured_media":211417,"template":"","meta":{"_acf_changed":false},"product_featured_cat":[],"product_brand":[],"product_cat":[4689],"product_tag":[],"class_list":{"0":"post-211419","1":"product","2":"type-product","3":"status-publish","4":"has-post-thumbnail","6":"product_cat-supports-pour-velos-et-rails","8":"first","9":"instock","10":"taxable","11":"shipping-taxable","12":"purchasable","13":"product-type-simple"},"acf":[],"yoast_head":"<!-- This site is optimized with the Yoast SEO plugin v27.4 - https:\/\/yoast.com\/product\/yoast-seo-wordpress\/ -->\n<title>Kit d&#039;extension pour Strada E-Bike M \/ ML et Strada Sport M3 couleur noir - Bantam Wankm\u00fcller SA<\/title>\n<meta name=\"robots\" content=\"index, follow, max-snippet:-1, max-image-preview:large, max-video-preview:-1\" \/>\n<link rel=\"canonical\" href=\"https:\/\/shop.bantam.ch\/fr\/produit\/kit-dextension-pour-strada-e-bike-m-ml-et-strada-sport-m3-couleur-noir\/\" \/>\n<meta property=\"og:locale\" content=\"fr_FR\" \/>\n<meta property=\"og:type\" content=\"article\" \/>\n<meta property=\"og:title\" content=\"Kit d&#039;extension pour Strada E-Bike M \/ ML et Strada Sport M3 couleur noir - Bantam Wankm\u00fcller SA\" \/>\n<meta property=\"og:description\" content=\"Kit d&rsquo;extension 3e v\u00e9lo pour Atera Sport et E-Bike. Rail de roue suppl\u00e9mentaire avec entretoise courte (de roue \u00e0 roue), la charge maximale pour le rail de roue suppl\u00e9mentaire 3\u00e8me roue est de 17 kg, la charge maximale pour le porte-v\u00e9los y compris le kit d&rsquo;extension est de 65 kg.\" \/>\n<meta property=\"og:url\" content=\"https:\/\/shop.bantam.ch\/fr\/produit\/kit-dextension-pour-strada-e-bike-m-ml-et-strada-sport-m3-couleur-noir\/\" \/>\n<meta property=\"og:site_name\" content=\"Bantam Wankm\u00fcller SA\" \/>\n<meta property=\"article:modified_time\" content=\"2026-04-17T21:20:32+00:00\" \/>\n<meta name=\"twitter:card\" content=\"summary_large_image\" \/>\n<script type=\"application\/ld+json\" class=\"yoast-schema-graph\">{\"@context\":\"https:\\\/\\\/schema.org\",\"@graph\":[{\"@type\":\"WebPage\",\"@id\":\"https:\\\/\\\/shop.bantam.ch\\\/fr\\\/produit\\\/kit-dextension-pour-strada-e-bike-m-ml-et-strada-sport-m3-couleur-noir\\\/\",\"url\":\"https:\\\/\\\/shop.bantam.ch\\\/fr\\\/produit\\\/kit-dextension-pour-strada-e-bike-m-ml-et-strada-sport-m3-couleur-noir\\\/\",\"name\":\"Kit d'extension pour Strada E-Bike M \\\/ ML et Strada Sport M3 couleur noir - Bantam Wankm\u00fcller SA\",\"isPartOf\":{\"@id\":\"https:\\\/\\\/shop.bantam.ch\\\/fr\\\/#website\"},\"primaryImageOfPage\":{\"@id\":\"https:\\\/\\\/shop.bantam.ch\\\/fr\\\/produit\\\/kit-dextension-pour-strada-e-bike-m-ml-et-strada-sport-m3-couleur-noir\\\/#primaryimage\"},\"image\":{\"@id\":\"https:\\\/\\\/shop.bantam.ch\\\/fr\\\/produit\\\/kit-dextension-pour-strada-e-bike-m-ml-et-strada-sport-m3-couleur-noir\\\/#primaryimage\"},\"thumbnailUrl\":\"https:\\\/\\\/shop.bantam.ch\\\/wp-content\\\/uploads\\\/2025\\\/03\\\/Movera-L-9949597100.jpg\",\"datePublished\":\"2025-03-14T13:35:38+00:00\",\"dateModified\":\"2026-04-17T21:20:32+00:00\",\"breadcrumb\":{\"@id\":\"https:\\\/\\\/shop.bantam.ch\\\/fr\\\/produit\\\/kit-dextension-pour-strada-e-bike-m-ml-et-strada-sport-m3-couleur-noir\\\/#breadcrumb\"},\"inLanguage\":\"fr-FR\",\"potentialAction\":[{\"@type\":\"ReadAction\",\"target\":[\"https:\\\/\\\/shop.bantam.ch\\\/fr\\\/produit\\\/kit-dextension-pour-strada-e-bike-m-ml-et-strada-sport-m3-couleur-noir\\\/\"]}]},{\"@type\":\"ImageObject\",\"inLanguage\":\"fr-FR\",\"@id\":\"https:\\\/\\\/shop.bantam.ch\\\/fr\\\/produit\\\/kit-dextension-pour-strada-e-bike-m-ml-et-strada-sport-m3-couleur-noir\\\/#primaryimage\",\"url\":\"https:\\\/\\\/shop.bantam.ch\\\/wp-content\\\/uploads\\\/2025\\\/03\\\/Movera-L-9949597100.jpg\",\"contentUrl\":\"https:\\\/\\\/shop.bantam.ch\\\/wp-content\\\/uploads\\\/2025\\\/03\\\/Movera-L-9949597100.jpg\",\"width\":640,\"height\":314},{\"@type\":\"BreadcrumbList\",\"@id\":\"https:\\\/\\\/shop.bantam.ch\\\/fr\\\/produit\\\/kit-dextension-pour-strada-e-bike-m-ml-et-strada-sport-m3-couleur-noir\\\/#breadcrumb\",\"itemListElement\":[{\"@type\":\"ListItem\",\"position\":1,\"name\":\"Accueil\",\"item\":\"https:\\\/\\\/shop.bantam.ch\\\/fr\\\/\"},{\"@type\":\"ListItem\",\"position\":2,\"name\":\"Boutique\",\"item\":\"https:\\\/\\\/shop.bantam.ch\\\/fr\\\/boutique\\\/\"},{\"@type\":\"ListItem\",\"position\":3,\"name\":\"Kit d&#8217;extension pour Strada E-Bike M \\\/ ML et Strada Sport M3 couleur noir\"}]},{\"@type\":\"WebSite\",\"@id\":\"https:\\\/\\\/shop.bantam.ch\\\/fr\\\/#website\",\"url\":\"https:\\\/\\\/shop.bantam.ch\\\/fr\\\/\",\"name\":\"Bantam Wankm\u00fcller SA\",\"description\":\"\",\"publisher\":{\"@id\":\"https:\\\/\\\/shop.bantam.ch\\\/fr\\\/#organization\"},\"inLanguage\":\"fr-FR\"},{\"@type\":\"Organization\",\"@id\":\"https:\\\/\\\/shop.bantam.ch\\\/fr\\\/#organization\",\"name\":\"Bantam Wankm\u00fcller SA\",\"url\":\"https:\\\/\\\/shop.bantam.ch\\\/fr\\\/\",\"logo\":{\"@type\":\"ImageObject\",\"inLanguage\":\"fr-FR\",\"@id\":\"https:\\\/\\\/shop.bantam.ch\\\/fr\\\/#\\\/schema\\\/logo\\\/image\\\/\",\"url\":\"https:\\\/\\\/shop.bantam.ch\\\/wp-content\\\/uploads\\\/2022\\\/12\\\/bantam-logo.png\",\"contentUrl\":\"https:\\\/\\\/shop.bantam.ch\\\/wp-content\\\/uploads\\\/2022\\\/12\\\/bantam-logo.png\",\"width\":320,\"height\":71,\"caption\":\"Bantam Wankm\u00fcller SA\"},\"image\":{\"@id\":\"https:\\\/\\\/shop.bantam.ch\\\/fr\\\/#\\\/schema\\\/logo\\\/image\\\/\"}}]}<\/script>\n<!-- \/ Yoast SEO plugin. -->","yoast_head_json":{"title":"Kit d'extension pour Strada E-Bike M \/ ML et Strada Sport M3 couleur noir - Bantam Wankm\u00fcller SA","robots":{"index":"index","follow":"follow","max-snippet":"max-snippet:-1","max-image-preview":"max-image-preview:large","max-video-preview":"max-video-preview:-1"},"canonical":"https:\/\/shop.bantam.ch\/fr\/produit\/kit-dextension-pour-strada-e-bike-m-ml-et-strada-sport-m3-couleur-noir\/","og_locale":"fr_FR","og_type":"article","og_title":"Kit d'extension pour Strada E-Bike M \/ ML et Strada Sport M3 couleur noir - Bantam Wankm\u00fcller SA","og_description":"Kit d&rsquo;extension 3e v\u00e9lo pour Atera Sport et E-Bike. Rail de roue suppl\u00e9mentaire avec entretoise courte (de roue \u00e0 roue), la charge maximale pour le rail de roue suppl\u00e9mentaire 3\u00e8me roue est de 17 kg, la charge maximale pour le porte-v\u00e9los y compris le kit d&rsquo;extension est de 65 kg.","og_url":"https:\/\/shop.bantam.ch\/fr\/produit\/kit-dextension-pour-strada-e-bike-m-ml-et-strada-sport-m3-couleur-noir\/","og_site_name":"Bantam Wankm\u00fcller SA","article_modified_time":"2026-04-17T21:20:32+00:00","twitter_card":"summary_large_image","schema":{"@context":"https:\/\/schema.org","@graph":[{"@type":"WebPage","@id":"https:\/\/shop.bantam.ch\/fr\/produit\/kit-dextension-pour-strada-e-bike-m-ml-et-strada-sport-m3-couleur-noir\/","url":"https:\/\/shop.bantam.ch\/fr\/produit\/kit-dextension-pour-strada-e-bike-m-ml-et-strada-sport-m3-couleur-noir\/","name":"Kit d'extension pour Strada E-Bike M \/ ML et Strada Sport M3 couleur noir - Bantam Wankm\u00fcller SA","isPartOf":{"@id":"https:\/\/shop.bantam.ch\/fr\/#website"},"primaryImageOfPage":{"@id":"https:\/\/shop.bantam.ch\/fr\/produit\/kit-dextension-pour-strada-e-bike-m-ml-et-strada-sport-m3-couleur-noir\/#primaryimage"},"image":{"@id":"https:\/\/shop.bantam.ch\/fr\/produit\/kit-dextension-pour-strada-e-bike-m-ml-et-strada-sport-m3-couleur-noir\/#primaryimage"},"thumbnailUrl":"https:\/\/shop.bantam.ch\/wp-content\/uploads\/2025\/03\/Movera-L-9949597100.jpg","datePublished":"2025-03-14T13:35:38+00:00","dateModified":"2026-04-17T21:20:32+00:00","breadcrumb":{"@id":"https:\/\/shop.bantam.ch\/fr\/produit\/kit-dextension-pour-strada-e-bike-m-ml-et-strada-sport-m3-couleur-noir\/#breadcrumb"},"inLanguage":"fr-FR","potentialAction":[{"@type":"ReadAction","target":["https:\/\/shop.bantam.ch\/fr\/produit\/kit-dextension-pour-strada-e-bike-m-ml-et-strada-sport-m3-couleur-noir\/"]}]},{"@type":"ImageObject","inLanguage":"fr-FR","@id":"https:\/\/shop.bantam.ch\/fr\/produit\/kit-dextension-pour-strada-e-bike-m-ml-et-strada-sport-m3-couleur-noir\/#primaryimage","url":"https:\/\/shop.bantam.ch\/wp-content\/uploads\/2025\/03\/Movera-L-9949597100.jpg","contentUrl":"https:\/\/shop.bantam.ch\/wp-content\/uploads\/2025\/03\/Movera-L-9949597100.jpg","width":640,"height":314},{"@type":"BreadcrumbList","@id":"https:\/\/shop.bantam.ch\/fr\/produit\/kit-dextension-pour-strada-e-bike-m-ml-et-strada-sport-m3-couleur-noir\/#breadcrumb","itemListElement":[{"@type":"ListItem","position":1,"name":"Accueil","item":"https:\/\/shop.bantam.ch\/fr\/"},{"@type":"ListItem","position":2,"name":"Boutique","item":"https:\/\/shop.bantam.ch\/fr\/boutique\/"},{"@type":"ListItem","position":3,"name":"Kit d&#8217;extension pour Strada E-Bike M \/ ML et Strada Sport M3 couleur noir"}]},{"@type":"WebSite","@id":"https:\/\/shop.bantam.ch\/fr\/#website","url":"https:\/\/shop.bantam.ch\/fr\/","name":"Bantam Wankm\u00fcller SA","description":"","publisher":{"@id":"https:\/\/shop.bantam.ch\/fr\/#organization"},"inLanguage":"fr-FR"},{"@type":"Organization","@id":"https:\/\/shop.bantam.ch\/fr\/#organization","name":"Bantam Wankm\u00fcller SA","url":"https:\/\/shop.bantam.ch\/fr\/","logo":{"@type":"ImageObject","inLanguage":"fr-FR","@id":"https:\/\/shop.bantam.ch\/fr\/#\/schema\/logo\/image\/","url":"https:\/\/shop.bantam.ch\/wp-content\/uploads\/2022\/12\/bantam-logo.png","contentUrl":"https:\/\/shop.bantam.ch\/wp-content\/uploads\/2022\/12\/bantam-logo.png","width":320,"height":71,"caption":"Bantam Wankm\u00fcller SA"},"image":{"@id":"https:\/\/shop.bantam.ch\/fr\/#\/schema\/logo\/image\/"}}]}},"_links":{"self":[{"href":"https:\/\/shop.bantam.ch\/fr\/wp-json\/wp\/v2\/product\/211419","targetHints":{"allow":["GET"]}}],"collection":[{"href":"https:\/\/shop.bantam.ch\/fr\/wp-json\/wp\/v2\/product"}],"about":[{"href":"https:\/\/shop.bantam.ch\/fr\/wp-json\/wp\/v2\/types\/product"}],"wp:featuredmedia":[{"embeddable":true,"href":"https:\/\/shop.bantam.ch\/fr\/wp-json\/wp\/v2\/media\/211417"}],"wp:attachment":[{"href":"https:\/\/shop.bantam.ch\/fr\/wp-json\/wp\/v2\/media?parent=211419"}],"wp:term":[{"taxonomy":"product_featured_cat","embeddable":true,"href":"https:\/\/shop.bantam.ch\/fr\/wp-json\/wp\/v2\/product_featured_cat?post=211419"},{"taxonomy":"product_brand","embeddable":true,"href":"https:\/\/shop.bantam.ch\/fr\/wp-json\/wp\/v2\/product_brand?post=211419"},{"taxonomy":"product_cat","embeddable":true,"href":"https:\/\/shop.bantam.ch\/fr\/wp-json\/wp\/v2\/product_cat?post=211419"},{"taxonomy":"product_tag","embeddable":true,"href":"https:\/\/shop.bantam.ch\/fr\/wp-json\/wp\/v2\/product_tag?post=211419"}],"curies":[{"name":"wp","href":"https:\/\/api.w.org\/{rel}","templated":true}]}}