{"id":211399,"date":"2025-03-14T14:35:08","date_gmt":"2025-03-14T13:35:08","guid":{"rendered":"https:\/\/shop.bantam.ch\/produit\/module-dinterconnexion-connect\/"},"modified":"2026-04-21T23:25:02","modified_gmt":"2026-04-21T21:25:02","slug":"module-dinterconnexion-connect","status":"publish","type":"product","link":"https:\/\/shop.bantam.ch\/fr\/produit\/module-dinterconnexion-connect\/","title":{"rendered":"Module d&rsquo;interconnexion connect"},"content":{"rendered":"<p>Se sentir libre signifie \u00eatre sans souci &#8211; avec le syst\u00e8me de contr\u00f4le pour caravanes et camping-cars d&rsquo;easysdriver, vous vivez des moments de vacances insouciants. Connectez tout simplement votre habitat mobile et gardez un \u0153il sur votre maison sur roues o\u00f9 que vous soyez &#8211; sans avoir \u00e0 vous rendre sur place.<\/p>\n<p>easydriver connect vous connecte !<\/p>\n<p>Le syst\u00e8me de contr\u00f4le intelligent pour<\/p>\n<p>Ton chez-toi sur roues &#8211; Plus de temps pour les loisirs<\/p>\n<p>Se sentir libre signifie \u00eatre sans souci &#8211; avec notre syst\u00e8me de contr\u00f4le pour caravanes et camping-cars, tu vivras des moments de vacances insouciants. Connecte tout simplement ton espace de vie mobile et garde un \u0153il sur ta maison sur roues &#8211; sans avoir \u00e0 te rendre sur place. Sois s\u00fbr de toi &#8211; avec easydriver connect<\/p>\n<ul>\n<li>Syst\u00e8me de localisation GPS : Gr\u00e2ce aux applications gratuites myCaravaning et connect d&rsquo;easydriver, tu peux consulter \u00e0 tout moment la position exacte de ton domicile mobile en temps r\u00e9el.<\/li>\n<li>Protection contre le vol : si le v\u00e9hicule quitte de mani\u00e8re impr\u00e9vue une zone de s\u00e9curit\u00e9 pr\u00e9d\u00e9finie et personnalisable, tu es imm\u00e9diatement averti via ton smartphone.<\/li>\n<li>Service d&rsquo;assistance : En \u00e9troite collaboration avec la police, nous retrouvons la trace du v\u00e9hicule vol\u00e9.<\/li>\n<li>Connect\u00e9 \u00e0 toi partout : Les informations importantes concernant le v\u00e9hicule (par exemple la temp\u00e9rature, le niveau de carburant, etc.) peuvent \u00eatre facilement consult\u00e9es par toi, m\u00eame \u00e0 distance, et surveill\u00e9es via l&rsquo;application.<\/li>\n<li>Des capteurs intelligents pour la surveillance des diff\u00e9rents composants du v\u00e9hicule sont extensibles \u00e0 volont\u00e9 et garantissent encore plus de s\u00e9r\u00e9nit\u00e9 en tourn\u00e9e.<\/li>\n<\/ul>\n<p>Possibilit\u00e9 de choisir plusieurs profils de v\u00e9hicule<\/p>\n<p>Connexion possible au syst\u00e8me de stabilisation \u00e9lectronique<\/p>\n<p>Pour la commande par app de l&rsquo;aide \u00e0 la man\u0153uvre easydriver, un appcontroller suppl\u00e9mentaire est n\u00e9cessaire.<\/p>\n<p>Syst\u00e8me de localisation PS via les apps gratuites easydriver my Caravaning et connect, la position exacte du v\u00e9hicule peut \u00eatre consult\u00e9e \u00e0 tout moment en temps r\u00e9el.<\/p>\n<p>Protection antivol : si le v\u00e9hicule sort de mani\u00e8re impr\u00e9vue d&rsquo;une zone de s\u00e9curit\u00e9 pr\u00e9d\u00e9finie et personnalisable, il est imm\u00e9diatement averti via son smartphone.<\/p>\n<p>Service d&rsquo;assistance : La trace du v\u00e9hicule vol\u00e9 est retrouv\u00e9e en \u00e9troite collaboration avec la police.<\/p>\n<p>Connect\u00e9 partout : Les informations importantes peuvent \u00eatre consult\u00e9es m\u00eame \u00e0 grande distance (temp\u00e9rature, contenu du r\u00e9servoir, etc.) Des capteurs intelligents pour la surveillance des diff\u00e9rents composants du v\u00e9hicule sont extensibles \u00e0 volont\u00e9.<\/p>\n<p>&nbsp;<\/p>\n<ul>\n<li>Dimensions : 8,9 x 4,8 x 13 cm (l x h x p)<\/li>\n<li>Type de batterie : lithium<\/li>\n<\/ul>\n","protected":false},"excerpt":{"rendered":"<p>Se sentir libre signifie \u00eatre sans souci &#8211; avec le syst\u00e8me de contr\u00f4le pour caravanes et camping-cars d&rsquo;easysdriver, vous vivez des moments de vacances insouciants. Connectez tout simplement votre habitat mobile et gardez un \u0153il sur votre maison sur roues o\u00f9 que vous soyez &#8211; sans avoir \u00e0 vous rendre sur place. easydriver connect vous [&hellip;]<\/p>\n","protected":false},"featured_media":211395,"template":"","meta":{"_acf_changed":false},"product_featured_cat":[],"product_brand":[],"product_cat":[4661],"product_tag":[],"class_list":{"0":"post-211399","1":"product","2":"type-product","3":"status-publish","4":"has-post-thumbnail","6":"product_cat-smart-home","8":"first","9":"instock","10":"taxable","11":"shipping-taxable","12":"purchasable","13":"product-type-simple"},"acf":[],"yoast_head":"<!-- This site is optimized with the Yoast SEO plugin v27.4 - https:\/\/yoast.com\/product\/yoast-seo-wordpress\/ -->\n<title>Module d&#039;interconnexion connect - Bantam Wankm\u00fcller SA<\/title>\n<meta name=\"robots\" content=\"index, follow, max-snippet:-1, max-image-preview:large, max-video-preview:-1\" \/>\n<link rel=\"canonical\" href=\"https:\/\/shop.bantam.ch\/fr\/produit\/module-dinterconnexion-connect\/\" \/>\n<meta property=\"og:locale\" content=\"fr_FR\" \/>\n<meta property=\"og:type\" content=\"article\" \/>\n<meta property=\"og:title\" content=\"Module d&#039;interconnexion connect - Bantam Wankm\u00fcller SA\" \/>\n<meta property=\"og:description\" content=\"Se sentir libre signifie \u00eatre sans souci &#8211; avec le syst\u00e8me de contr\u00f4le pour caravanes et camping-cars d&rsquo;easysdriver, vous vivez des moments de vacances insouciants. Connectez tout simplement votre habitat mobile et gardez un \u0153il sur votre maison sur roues o\u00f9 que vous soyez &#8211; sans avoir \u00e0 vous rendre sur place. easydriver connect vous [&hellip;]\" \/>\n<meta property=\"og:url\" content=\"https:\/\/shop.bantam.ch\/fr\/produit\/module-dinterconnexion-connect\/\" \/>\n<meta property=\"og:site_name\" content=\"Bantam Wankm\u00fcller SA\" \/>\n<meta property=\"article:modified_time\" content=\"2026-04-21T21:25:02+00:00\" \/>\n<meta name=\"twitter:card\" content=\"summary_large_image\" \/>\n<meta name=\"twitter:label1\" content=\"Dur\u00e9e de lecture estim\u00e9e\" \/>\n\t<meta name=\"twitter:data1\" content=\"2 minutes\" \/>\n<script type=\"application\/ld+json\" class=\"yoast-schema-graph\">{\"@context\":\"https:\\\/\\\/schema.org\",\"@graph\":[{\"@type\":\"WebPage\",\"@id\":\"https:\\\/\\\/shop.bantam.ch\\\/fr\\\/produit\\\/module-dinterconnexion-connect\\\/\",\"url\":\"https:\\\/\\\/shop.bantam.ch\\\/fr\\\/produit\\\/module-dinterconnexion-connect\\\/\",\"name\":\"Module d'interconnexion connect - Bantam Wankm\u00fcller SA\",\"isPartOf\":{\"@id\":\"https:\\\/\\\/shop.bantam.ch\\\/fr\\\/#website\"},\"primaryImageOfPage\":{\"@id\":\"https:\\\/\\\/shop.bantam.ch\\\/fr\\\/produit\\\/module-dinterconnexion-connect\\\/#primaryimage\"},\"image\":{\"@id\":\"https:\\\/\\\/shop.bantam.ch\\\/fr\\\/produit\\\/module-dinterconnexion-connect\\\/#primaryimage\"},\"thumbnailUrl\":\"https:\\\/\\\/shop.bantam.ch\\\/wp-content\\\/uploads\\\/2025\\\/03\\\/Movera-L-9949605100.jpg\",\"datePublished\":\"2025-03-14T13:35:08+00:00\",\"dateModified\":\"2026-04-21T21:25:02+00:00\",\"breadcrumb\":{\"@id\":\"https:\\\/\\\/shop.bantam.ch\\\/fr\\\/produit\\\/module-dinterconnexion-connect\\\/#breadcrumb\"},\"inLanguage\":\"fr-FR\",\"potentialAction\":[{\"@type\":\"ReadAction\",\"target\":[\"https:\\\/\\\/shop.bantam.ch\\\/fr\\\/produit\\\/module-dinterconnexion-connect\\\/\"]}]},{\"@type\":\"ImageObject\",\"inLanguage\":\"fr-FR\",\"@id\":\"https:\\\/\\\/shop.bantam.ch\\\/fr\\\/produit\\\/module-dinterconnexion-connect\\\/#primaryimage\",\"url\":\"https:\\\/\\\/shop.bantam.ch\\\/wp-content\\\/uploads\\\/2025\\\/03\\\/Movera-L-9949605100.jpg\",\"contentUrl\":\"https:\\\/\\\/shop.bantam.ch\\\/wp-content\\\/uploads\\\/2025\\\/03\\\/Movera-L-9949605100.jpg\",\"width\":640,\"height\":427},{\"@type\":\"BreadcrumbList\",\"@id\":\"https:\\\/\\\/shop.bantam.ch\\\/fr\\\/produit\\\/module-dinterconnexion-connect\\\/#breadcrumb\",\"itemListElement\":[{\"@type\":\"ListItem\",\"position\":1,\"name\":\"Accueil\",\"item\":\"https:\\\/\\\/shop.bantam.ch\\\/fr\\\/\"},{\"@type\":\"ListItem\",\"position\":2,\"name\":\"Boutique\",\"item\":\"https:\\\/\\\/shop.bantam.ch\\\/fr\\\/boutique\\\/\"},{\"@type\":\"ListItem\",\"position\":3,\"name\":\"Module d&#8217;interconnexion connect\"}]},{\"@type\":\"WebSite\",\"@id\":\"https:\\\/\\\/shop.bantam.ch\\\/fr\\\/#website\",\"url\":\"https:\\\/\\\/shop.bantam.ch\\\/fr\\\/\",\"name\":\"Bantam Wankm\u00fcller SA\",\"description\":\"\",\"publisher\":{\"@id\":\"https:\\\/\\\/shop.bantam.ch\\\/fr\\\/#organization\"},\"inLanguage\":\"fr-FR\"},{\"@type\":\"Organization\",\"@id\":\"https:\\\/\\\/shop.bantam.ch\\\/fr\\\/#organization\",\"name\":\"Bantam Wankm\u00fcller SA\",\"url\":\"https:\\\/\\\/shop.bantam.ch\\\/fr\\\/\",\"logo\":{\"@type\":\"ImageObject\",\"inLanguage\":\"fr-FR\",\"@id\":\"https:\\\/\\\/shop.bantam.ch\\\/fr\\\/#\\\/schema\\\/logo\\\/image\\\/\",\"url\":\"https:\\\/\\\/shop.bantam.ch\\\/wp-content\\\/uploads\\\/2022\\\/12\\\/bantam-logo.png\",\"contentUrl\":\"https:\\\/\\\/shop.bantam.ch\\\/wp-content\\\/uploads\\\/2022\\\/12\\\/bantam-logo.png\",\"width\":320,\"height\":71,\"caption\":\"Bantam Wankm\u00fcller SA\"},\"image\":{\"@id\":\"https:\\\/\\\/shop.bantam.ch\\\/fr\\\/#\\\/schema\\\/logo\\\/image\\\/\"}}]}<\/script>\n<!-- \/ Yoast SEO plugin. -->","yoast_head_json":{"title":"Module d'interconnexion connect - Bantam Wankm\u00fcller SA","robots":{"index":"index","follow":"follow","max-snippet":"max-snippet:-1","max-image-preview":"max-image-preview:large","max-video-preview":"max-video-preview:-1"},"canonical":"https:\/\/shop.bantam.ch\/fr\/produit\/module-dinterconnexion-connect\/","og_locale":"fr_FR","og_type":"article","og_title":"Module d'interconnexion connect - Bantam Wankm\u00fcller SA","og_description":"Se sentir libre signifie \u00eatre sans souci &#8211; avec le syst\u00e8me de contr\u00f4le pour caravanes et camping-cars d&rsquo;easysdriver, vous vivez des moments de vacances insouciants. Connectez tout simplement votre habitat mobile et gardez un \u0153il sur votre maison sur roues o\u00f9 que vous soyez &#8211; sans avoir \u00e0 vous rendre sur place. easydriver connect vous [&hellip;]","og_url":"https:\/\/shop.bantam.ch\/fr\/produit\/module-dinterconnexion-connect\/","og_site_name":"Bantam Wankm\u00fcller SA","article_modified_time":"2026-04-21T21:25:02+00:00","twitter_card":"summary_large_image","twitter_misc":{"Dur\u00e9e de lecture estim\u00e9e":"2 minutes"},"schema":{"@context":"https:\/\/schema.org","@graph":[{"@type":"WebPage","@id":"https:\/\/shop.bantam.ch\/fr\/produit\/module-dinterconnexion-connect\/","url":"https:\/\/shop.bantam.ch\/fr\/produit\/module-dinterconnexion-connect\/","name":"Module d'interconnexion connect - Bantam Wankm\u00fcller SA","isPartOf":{"@id":"https:\/\/shop.bantam.ch\/fr\/#website"},"primaryImageOfPage":{"@id":"https:\/\/shop.bantam.ch\/fr\/produit\/module-dinterconnexion-connect\/#primaryimage"},"image":{"@id":"https:\/\/shop.bantam.ch\/fr\/produit\/module-dinterconnexion-connect\/#primaryimage"},"thumbnailUrl":"https:\/\/shop.bantam.ch\/wp-content\/uploads\/2025\/03\/Movera-L-9949605100.jpg","datePublished":"2025-03-14T13:35:08+00:00","dateModified":"2026-04-21T21:25:02+00:00","breadcrumb":{"@id":"https:\/\/shop.bantam.ch\/fr\/produit\/module-dinterconnexion-connect\/#breadcrumb"},"inLanguage":"fr-FR","potentialAction":[{"@type":"ReadAction","target":["https:\/\/shop.bantam.ch\/fr\/produit\/module-dinterconnexion-connect\/"]}]},{"@type":"ImageObject","inLanguage":"fr-FR","@id":"https:\/\/shop.bantam.ch\/fr\/produit\/module-dinterconnexion-connect\/#primaryimage","url":"https:\/\/shop.bantam.ch\/wp-content\/uploads\/2025\/03\/Movera-L-9949605100.jpg","contentUrl":"https:\/\/shop.bantam.ch\/wp-content\/uploads\/2025\/03\/Movera-L-9949605100.jpg","width":640,"height":427},{"@type":"BreadcrumbList","@id":"https:\/\/shop.bantam.ch\/fr\/produit\/module-dinterconnexion-connect\/#breadcrumb","itemListElement":[{"@type":"ListItem","position":1,"name":"Accueil","item":"https:\/\/shop.bantam.ch\/fr\/"},{"@type":"ListItem","position":2,"name":"Boutique","item":"https:\/\/shop.bantam.ch\/fr\/boutique\/"},{"@type":"ListItem","position":3,"name":"Module d&#8217;interconnexion connect"}]},{"@type":"WebSite","@id":"https:\/\/shop.bantam.ch\/fr\/#website","url":"https:\/\/shop.bantam.ch\/fr\/","name":"Bantam Wankm\u00fcller SA","description":"","publisher":{"@id":"https:\/\/shop.bantam.ch\/fr\/#organization"},"inLanguage":"fr-FR"},{"@type":"Organization","@id":"https:\/\/shop.bantam.ch\/fr\/#organization","name":"Bantam Wankm\u00fcller SA","url":"https:\/\/shop.bantam.ch\/fr\/","logo":{"@type":"ImageObject","inLanguage":"fr-FR","@id":"https:\/\/shop.bantam.ch\/fr\/#\/schema\/logo\/image\/","url":"https:\/\/shop.bantam.ch\/wp-content\/uploads\/2022\/12\/bantam-logo.png","contentUrl":"https:\/\/shop.bantam.ch\/wp-content\/uploads\/2022\/12\/bantam-logo.png","width":320,"height":71,"caption":"Bantam Wankm\u00fcller SA"},"image":{"@id":"https:\/\/shop.bantam.ch\/fr\/#\/schema\/logo\/image\/"}}]}},"_links":{"self":[{"href":"https:\/\/shop.bantam.ch\/fr\/wp-json\/wp\/v2\/product\/211399","targetHints":{"allow":["GET"]}}],"collection":[{"href":"https:\/\/shop.bantam.ch\/fr\/wp-json\/wp\/v2\/product"}],"about":[{"href":"https:\/\/shop.bantam.ch\/fr\/wp-json\/wp\/v2\/types\/product"}],"wp:featuredmedia":[{"embeddable":true,"href":"https:\/\/shop.bantam.ch\/fr\/wp-json\/wp\/v2\/media\/211395"}],"wp:attachment":[{"href":"https:\/\/shop.bantam.ch\/fr\/wp-json\/wp\/v2\/media?parent=211399"}],"wp:term":[{"taxonomy":"product_featured_cat","embeddable":true,"href":"https:\/\/shop.bantam.ch\/fr\/wp-json\/wp\/v2\/product_featured_cat?post=211399"},{"taxonomy":"product_brand","embeddable":true,"href":"https:\/\/shop.bantam.ch\/fr\/wp-json\/wp\/v2\/product_brand?post=211399"},{"taxonomy":"product_cat","embeddable":true,"href":"https:\/\/shop.bantam.ch\/fr\/wp-json\/wp\/v2\/product_cat?post=211399"},{"taxonomy":"product_tag","embeddable":true,"href":"https:\/\/shop.bantam.ch\/fr\/wp-json\/wp\/v2\/product_tag?post=211399"}],"curies":[{"name":"wp","href":"https:\/\/api.w.org\/{rel}","templated":true}]}}