{"id":211377,"date":"2025-03-14T14:34:43","date_gmt":"2025-03-14T13:34:43","guid":{"rendered":"https:\/\/shop.bantam.ch\/produit\/tapis-thermique-interieur-tecon-covercraft-isotherm-de-luxe\/"},"modified":"2026-04-17T02:22:53","modified_gmt":"2026-04-17T00:22:53","slug":"tapis-thermique-interieur-tecon-covercraft-isotherm-de-luxe","status":"publish","type":"product","link":"https:\/\/shop.bantam.ch\/fr\/produit\/tapis-thermique-interieur-tecon-covercraft-isotherm-de-luxe\/","title":{"rendered":"Tapis thermique int\u00e9rieur Tecon Covercraft Isotherm de luxe"},"content":{"rendered":"<p>Pour les fen\u00eatres de la cabine de conduite. Ces tapis int\u00e9rieurs \u00e0 8 couches sont la protection id\u00e9ale contre la chaleur et le froid et servent \u00e9galement de protection visuelle. L&rsquo;utilisation d&rsquo;un mat\u00e9riau isolant \u00e0 huit couches permet d&rsquo;obtenir une isolation thermique \u00e9lev\u00e9e en hiver. En \u00e9t\u00e9, le rev\u00eatement ext\u00e9rieur argent\u00e9 garantit une r\u00e9flexion \u00e9lev\u00e9e du soleil et emp\u00eache le r\u00e9chauffement du v\u00e9hicule.<\/p>\n<ul>\n<li>&nbsp;&nbsp;&nbsp; Avec fixation magn\u00e9tique et barres de tension.<\/li>\n<li>&nbsp;&nbsp;&nbsp; 8 couches<\/li>\n<li>&nbsp;&nbsp;&nbsp; Pas de ventouses<\/li>\n<li>&nbsp;&nbsp;&nbsp; Pas de collage<\/li>\n<\/ul>\n","protected":false},"excerpt":{"rendered":"<p>Pour les fen\u00eatres de la cabine de conduite. Ces tapis int\u00e9rieurs \u00e0 8 couches sont la protection id\u00e9ale contre la chaleur et le froid et servent \u00e9galement de protection visuelle. L&rsquo;utilisation d&rsquo;un mat\u00e9riau isolant \u00e0 huit couches permet d&rsquo;obtenir une isolation thermique \u00e9lev\u00e9e en hiver. En \u00e9t\u00e9, le rev\u00eatement ext\u00e9rieur argent\u00e9 garantit une r\u00e9flexion \u00e9lev\u00e9e [&hellip;]<\/p>\n","protected":false},"featured_media":211375,"template":"","meta":{"_acf_changed":false},"product_featured_cat":[],"product_brand":[],"product_cat":[4641],"product_tag":[],"class_list":{"0":"post-211377","1":"product","2":"type-product","3":"status-publish","4":"has-post-thumbnail","6":"product_cat-matelas-et-rideaux-thermiques","8":"first","9":"instock","10":"taxable","11":"shipping-taxable","12":"purchasable","13":"product-type-variable"},"acf":[],"yoast_head":"<!-- This site is optimized with the Yoast SEO plugin v27.4 - https:\/\/yoast.com\/product\/yoast-seo-wordpress\/ -->\n<title>Tapis thermique int\u00e9rieur Tecon Covercraft Isotherm de luxe - Bantam Wankm\u00fcller SA<\/title>\n<meta name=\"robots\" content=\"index, follow, max-snippet:-1, max-image-preview:large, max-video-preview:-1\" \/>\n<link rel=\"canonical\" href=\"https:\/\/shop.bantam.ch\/fr\/produit\/tapis-thermique-interieur-tecon-covercraft-isotherm-de-luxe\/\" \/>\n<meta property=\"og:locale\" content=\"fr_FR\" \/>\n<meta property=\"og:type\" content=\"article\" \/>\n<meta property=\"og:title\" content=\"Tapis thermique int\u00e9rieur Tecon Covercraft Isotherm de luxe - Bantam Wankm\u00fcller SA\" \/>\n<meta property=\"og:description\" content=\"Pour les fen\u00eatres de la cabine de conduite. Ces tapis int\u00e9rieurs \u00e0 8 couches sont la protection id\u00e9ale contre la chaleur et le froid et servent \u00e9galement de protection visuelle. L&rsquo;utilisation d&rsquo;un mat\u00e9riau isolant \u00e0 huit couches permet d&rsquo;obtenir une isolation thermique \u00e9lev\u00e9e en hiver. En \u00e9t\u00e9, le rev\u00eatement ext\u00e9rieur argent\u00e9 garantit une r\u00e9flexion \u00e9lev\u00e9e [&hellip;]\" \/>\n<meta property=\"og:url\" content=\"https:\/\/shop.bantam.ch\/fr\/produit\/tapis-thermique-interieur-tecon-covercraft-isotherm-de-luxe\/\" \/>\n<meta property=\"og:site_name\" content=\"Bantam Wankm\u00fcller SA\" \/>\n<meta property=\"article:modified_time\" content=\"2026-04-17T00:22:53+00:00\" \/>\n<meta name=\"twitter:card\" content=\"summary_large_image\" \/>\n<script type=\"application\/ld+json\" class=\"yoast-schema-graph\">{\"@context\":\"https:\\\/\\\/schema.org\",\"@graph\":[{\"@type\":\"WebPage\",\"@id\":\"https:\\\/\\\/shop.bantam.ch\\\/fr\\\/produit\\\/tapis-thermique-interieur-tecon-covercraft-isotherm-de-luxe\\\/\",\"url\":\"https:\\\/\\\/shop.bantam.ch\\\/fr\\\/produit\\\/tapis-thermique-interieur-tecon-covercraft-isotherm-de-luxe\\\/\",\"name\":\"Tapis thermique int\u00e9rieur Tecon Covercraft Isotherm de luxe - Bantam Wankm\u00fcller SA\",\"isPartOf\":{\"@id\":\"https:\\\/\\\/shop.bantam.ch\\\/fr\\\/#website\"},\"primaryImageOfPage\":{\"@id\":\"https:\\\/\\\/shop.bantam.ch\\\/fr\\\/produit\\\/tapis-thermique-interieur-tecon-covercraft-isotherm-de-luxe\\\/#primaryimage\"},\"image\":{\"@id\":\"https:\\\/\\\/shop.bantam.ch\\\/fr\\\/produit\\\/tapis-thermique-interieur-tecon-covercraft-isotherm-de-luxe\\\/#primaryimage\"},\"thumbnailUrl\":\"https:\\\/\\\/shop.bantam.ch\\\/wp-content\\\/uploads\\\/2025\\\/03\\\/Movera-L-9949599100.jpg\",\"datePublished\":\"2025-03-14T13:34:43+00:00\",\"dateModified\":\"2026-04-17T00:22:53+00:00\",\"breadcrumb\":{\"@id\":\"https:\\\/\\\/shop.bantam.ch\\\/fr\\\/produit\\\/tapis-thermique-interieur-tecon-covercraft-isotherm-de-luxe\\\/#breadcrumb\"},\"inLanguage\":\"fr-FR\",\"potentialAction\":[{\"@type\":\"ReadAction\",\"target\":[\"https:\\\/\\\/shop.bantam.ch\\\/fr\\\/produit\\\/tapis-thermique-interieur-tecon-covercraft-isotherm-de-luxe\\\/\"]}]},{\"@type\":\"ImageObject\",\"inLanguage\":\"fr-FR\",\"@id\":\"https:\\\/\\\/shop.bantam.ch\\\/fr\\\/produit\\\/tapis-thermique-interieur-tecon-covercraft-isotherm-de-luxe\\\/#primaryimage\",\"url\":\"https:\\\/\\\/shop.bantam.ch\\\/wp-content\\\/uploads\\\/2025\\\/03\\\/Movera-L-9949599100.jpg\",\"contentUrl\":\"https:\\\/\\\/shop.bantam.ch\\\/wp-content\\\/uploads\\\/2025\\\/03\\\/Movera-L-9949599100.jpg\",\"width\":500,\"height\":326},{\"@type\":\"BreadcrumbList\",\"@id\":\"https:\\\/\\\/shop.bantam.ch\\\/fr\\\/produit\\\/tapis-thermique-interieur-tecon-covercraft-isotherm-de-luxe\\\/#breadcrumb\",\"itemListElement\":[{\"@type\":\"ListItem\",\"position\":1,\"name\":\"Accueil\",\"item\":\"https:\\\/\\\/shop.bantam.ch\\\/fr\\\/\"},{\"@type\":\"ListItem\",\"position\":2,\"name\":\"Boutique\",\"item\":\"https:\\\/\\\/shop.bantam.ch\\\/fr\\\/boutique\\\/\"},{\"@type\":\"ListItem\",\"position\":3,\"name\":\"Tapis thermique int\u00e9rieur Tecon Covercraft Isotherm de luxe\"}]},{\"@type\":\"WebSite\",\"@id\":\"https:\\\/\\\/shop.bantam.ch\\\/fr\\\/#website\",\"url\":\"https:\\\/\\\/shop.bantam.ch\\\/fr\\\/\",\"name\":\"Bantam Wankm\u00fcller SA\",\"description\":\"\",\"publisher\":{\"@id\":\"https:\\\/\\\/shop.bantam.ch\\\/fr\\\/#organization\"},\"inLanguage\":\"fr-FR\"},{\"@type\":\"Organization\",\"@id\":\"https:\\\/\\\/shop.bantam.ch\\\/fr\\\/#organization\",\"name\":\"Bantam Wankm\u00fcller SA\",\"url\":\"https:\\\/\\\/shop.bantam.ch\\\/fr\\\/\",\"logo\":{\"@type\":\"ImageObject\",\"inLanguage\":\"fr-FR\",\"@id\":\"https:\\\/\\\/shop.bantam.ch\\\/fr\\\/#\\\/schema\\\/logo\\\/image\\\/\",\"url\":\"https:\\\/\\\/shop.bantam.ch\\\/wp-content\\\/uploads\\\/2022\\\/12\\\/bantam-logo.png\",\"contentUrl\":\"https:\\\/\\\/shop.bantam.ch\\\/wp-content\\\/uploads\\\/2022\\\/12\\\/bantam-logo.png\",\"width\":320,\"height\":71,\"caption\":\"Bantam Wankm\u00fcller SA\"},\"image\":{\"@id\":\"https:\\\/\\\/shop.bantam.ch\\\/fr\\\/#\\\/schema\\\/logo\\\/image\\\/\"}}]}<\/script>\n<!-- \/ Yoast SEO plugin. -->","yoast_head_json":{"title":"Tapis thermique int\u00e9rieur Tecon Covercraft Isotherm de luxe - Bantam Wankm\u00fcller SA","robots":{"index":"index","follow":"follow","max-snippet":"max-snippet:-1","max-image-preview":"max-image-preview:large","max-video-preview":"max-video-preview:-1"},"canonical":"https:\/\/shop.bantam.ch\/fr\/produit\/tapis-thermique-interieur-tecon-covercraft-isotherm-de-luxe\/","og_locale":"fr_FR","og_type":"article","og_title":"Tapis thermique int\u00e9rieur Tecon Covercraft Isotherm de luxe - Bantam Wankm\u00fcller SA","og_description":"Pour les fen\u00eatres de la cabine de conduite. Ces tapis int\u00e9rieurs \u00e0 8 couches sont la protection id\u00e9ale contre la chaleur et le froid et servent \u00e9galement de protection visuelle. L&rsquo;utilisation d&rsquo;un mat\u00e9riau isolant \u00e0 huit couches permet d&rsquo;obtenir une isolation thermique \u00e9lev\u00e9e en hiver. En \u00e9t\u00e9, le rev\u00eatement ext\u00e9rieur argent\u00e9 garantit une r\u00e9flexion \u00e9lev\u00e9e [&hellip;]","og_url":"https:\/\/shop.bantam.ch\/fr\/produit\/tapis-thermique-interieur-tecon-covercraft-isotherm-de-luxe\/","og_site_name":"Bantam Wankm\u00fcller SA","article_modified_time":"2026-04-17T00:22:53+00:00","twitter_card":"summary_large_image","schema":{"@context":"https:\/\/schema.org","@graph":[{"@type":"WebPage","@id":"https:\/\/shop.bantam.ch\/fr\/produit\/tapis-thermique-interieur-tecon-covercraft-isotherm-de-luxe\/","url":"https:\/\/shop.bantam.ch\/fr\/produit\/tapis-thermique-interieur-tecon-covercraft-isotherm-de-luxe\/","name":"Tapis thermique int\u00e9rieur Tecon Covercraft Isotherm de luxe - Bantam Wankm\u00fcller SA","isPartOf":{"@id":"https:\/\/shop.bantam.ch\/fr\/#website"},"primaryImageOfPage":{"@id":"https:\/\/shop.bantam.ch\/fr\/produit\/tapis-thermique-interieur-tecon-covercraft-isotherm-de-luxe\/#primaryimage"},"image":{"@id":"https:\/\/shop.bantam.ch\/fr\/produit\/tapis-thermique-interieur-tecon-covercraft-isotherm-de-luxe\/#primaryimage"},"thumbnailUrl":"https:\/\/shop.bantam.ch\/wp-content\/uploads\/2025\/03\/Movera-L-9949599100.jpg","datePublished":"2025-03-14T13:34:43+00:00","dateModified":"2026-04-17T00:22:53+00:00","breadcrumb":{"@id":"https:\/\/shop.bantam.ch\/fr\/produit\/tapis-thermique-interieur-tecon-covercraft-isotherm-de-luxe\/#breadcrumb"},"inLanguage":"fr-FR","potentialAction":[{"@type":"ReadAction","target":["https:\/\/shop.bantam.ch\/fr\/produit\/tapis-thermique-interieur-tecon-covercraft-isotherm-de-luxe\/"]}]},{"@type":"ImageObject","inLanguage":"fr-FR","@id":"https:\/\/shop.bantam.ch\/fr\/produit\/tapis-thermique-interieur-tecon-covercraft-isotherm-de-luxe\/#primaryimage","url":"https:\/\/shop.bantam.ch\/wp-content\/uploads\/2025\/03\/Movera-L-9949599100.jpg","contentUrl":"https:\/\/shop.bantam.ch\/wp-content\/uploads\/2025\/03\/Movera-L-9949599100.jpg","width":500,"height":326},{"@type":"BreadcrumbList","@id":"https:\/\/shop.bantam.ch\/fr\/produit\/tapis-thermique-interieur-tecon-covercraft-isotherm-de-luxe\/#breadcrumb","itemListElement":[{"@type":"ListItem","position":1,"name":"Accueil","item":"https:\/\/shop.bantam.ch\/fr\/"},{"@type":"ListItem","position":2,"name":"Boutique","item":"https:\/\/shop.bantam.ch\/fr\/boutique\/"},{"@type":"ListItem","position":3,"name":"Tapis thermique int\u00e9rieur Tecon Covercraft Isotherm de luxe"}]},{"@type":"WebSite","@id":"https:\/\/shop.bantam.ch\/fr\/#website","url":"https:\/\/shop.bantam.ch\/fr\/","name":"Bantam Wankm\u00fcller SA","description":"","publisher":{"@id":"https:\/\/shop.bantam.ch\/fr\/#organization"},"inLanguage":"fr-FR"},{"@type":"Organization","@id":"https:\/\/shop.bantam.ch\/fr\/#organization","name":"Bantam Wankm\u00fcller SA","url":"https:\/\/shop.bantam.ch\/fr\/","logo":{"@type":"ImageObject","inLanguage":"fr-FR","@id":"https:\/\/shop.bantam.ch\/fr\/#\/schema\/logo\/image\/","url":"https:\/\/shop.bantam.ch\/wp-content\/uploads\/2022\/12\/bantam-logo.png","contentUrl":"https:\/\/shop.bantam.ch\/wp-content\/uploads\/2022\/12\/bantam-logo.png","width":320,"height":71,"caption":"Bantam Wankm\u00fcller SA"},"image":{"@id":"https:\/\/shop.bantam.ch\/fr\/#\/schema\/logo\/image\/"}}]}},"_links":{"self":[{"href":"https:\/\/shop.bantam.ch\/fr\/wp-json\/wp\/v2\/product\/211377","targetHints":{"allow":["GET"]}}],"collection":[{"href":"https:\/\/shop.bantam.ch\/fr\/wp-json\/wp\/v2\/product"}],"about":[{"href":"https:\/\/shop.bantam.ch\/fr\/wp-json\/wp\/v2\/types\/product"}],"wp:featuredmedia":[{"embeddable":true,"href":"https:\/\/shop.bantam.ch\/fr\/wp-json\/wp\/v2\/media\/211375"}],"wp:attachment":[{"href":"https:\/\/shop.bantam.ch\/fr\/wp-json\/wp\/v2\/media?parent=211377"}],"wp:term":[{"taxonomy":"product_featured_cat","embeddable":true,"href":"https:\/\/shop.bantam.ch\/fr\/wp-json\/wp\/v2\/product_featured_cat?post=211377"},{"taxonomy":"product_brand","embeddable":true,"href":"https:\/\/shop.bantam.ch\/fr\/wp-json\/wp\/v2\/product_brand?post=211377"},{"taxonomy":"product_cat","embeddable":true,"href":"https:\/\/shop.bantam.ch\/fr\/wp-json\/wp\/v2\/product_cat?post=211377"},{"taxonomy":"product_tag","embeddable":true,"href":"https:\/\/shop.bantam.ch\/fr\/wp-json\/wp\/v2\/product_tag?post=211377"}],"curies":[{"name":"wp","href":"https:\/\/api.w.org\/{rel}","templated":true}]}}