{"id":211317,"date":"2025-03-14T14:32:49","date_gmt":"2025-03-14T13:32:49","guid":{"rendered":"https:\/\/shop.bantam.ch\/produit\/detecteur-de-gaz-sans-fil-g-a-s-connect\/"},"modified":"2026-04-18T23:23:36","modified_gmt":"2026-04-18T21:23:36","slug":"detecteur-de-gaz-sans-fil-g-a-s-connect","status":"publish","type":"product","link":"https:\/\/shop.bantam.ch\/fr\/produit\/detecteur-de-gaz-sans-fil-g-a-s-connect\/","title":{"rendered":"D\u00e9tecteur de gaz sans fil G.A.S. connect"},"content":{"rendered":"<p>G.A.S.-connect est le compl\u00e9ment id\u00e9al du syst\u00e8me d&rsquo;alarme. Il d\u00e9tecte m\u00eame les plus petites quantit\u00e9s de propane, de butane et de gaz anesth\u00e9siants dans l&rsquo;air respir\u00e9 et donne l&rsquo;alarme de mani\u00e8re fiable. Le d\u00e9tecteur de gaz sans fil ne n\u00e9cessite qu&rsquo;un raccordement \u00e0 une alimentation en tension. Il envoie le signal d&rsquo;alarme sans fil par radio \u00e0 la centrale. Il s&rsquo;installe facilement \u00e0 la bonne hauteur gr\u00e2ce au gabarit de per\u00e7age. L&rsquo;interrupteur marche\/arr\u00eat permet de le d\u00e9sactiver lorsqu&rsquo;il n&rsquo;est pas utilis\u00e9. Gr\u00e2ce \u00e0 son raccordement au r\u00e9seau \u00e9lectrique de bord, il est pr\u00eat \u00e0 fonctionner en permanence &#8211; sans avoir \u00e0 changer les piles.<\/p>\n<p>Comme extension du WiPro III (safe.lock). Donne l&rsquo;alarme en cas d&rsquo;agression par gaz anesth\u00e9siant et de fuite de l&rsquo;installation de gaz embarqu\u00e9e. L&rsquo;adaptation intelligente et dynamique de la temp\u00e9rature et l&rsquo;autotest permanent du capteur garantissent un fonctionnement parfait dans les conditions climatiques les plus diverses.<\/p>\n","protected":false},"excerpt":{"rendered":"<p>G.A.S.-connect est le compl\u00e9ment id\u00e9al du syst\u00e8me d&rsquo;alarme. Il d\u00e9tecte m\u00eame les plus petites quantit\u00e9s de propane, de butane et de gaz anesth\u00e9siants dans l&rsquo;air respir\u00e9 et donne l&rsquo;alarme de mani\u00e8re fiable. Le d\u00e9tecteur de gaz sans fil ne n\u00e9cessite qu&rsquo;un raccordement \u00e0 une alimentation en tension. Il envoie le signal d&rsquo;alarme sans fil par [&hellip;]<\/p>\n","protected":false},"featured_media":211315,"template":"","meta":{"_acf_changed":false},"product_featured_cat":[],"product_brand":[],"product_cat":[5053],"product_tag":[],"class_list":{"0":"post-211317","1":"product","2":"type-product","3":"status-publish","4":"has-post-thumbnail","6":"product_cat-alarmes-a-gaz","8":"first","9":"instock","10":"taxable","11":"shipping-taxable","12":"purchasable","13":"product-type-simple"},"acf":[],"yoast_head":"<!-- This site is optimized with the Yoast SEO plugin v27.4 - https:\/\/yoast.com\/product\/yoast-seo-wordpress\/ -->\n<title>D\u00e9tecteur de gaz sans fil G.A.S. connect - Bantam Wankm\u00fcller SA<\/title>\n<meta name=\"robots\" content=\"index, follow, max-snippet:-1, max-image-preview:large, max-video-preview:-1\" \/>\n<link rel=\"canonical\" href=\"https:\/\/shop.bantam.ch\/fr\/produit\/detecteur-de-gaz-sans-fil-g-a-s-connect\/\" \/>\n<meta property=\"og:locale\" content=\"fr_FR\" \/>\n<meta property=\"og:type\" content=\"article\" \/>\n<meta property=\"og:title\" content=\"D\u00e9tecteur de gaz sans fil G.A.S. connect - Bantam Wankm\u00fcller SA\" \/>\n<meta property=\"og:description\" content=\"G.A.S.-connect est le compl\u00e9ment id\u00e9al du syst\u00e8me d&rsquo;alarme. Il d\u00e9tecte m\u00eame les plus petites quantit\u00e9s de propane, de butane et de gaz anesth\u00e9siants dans l&rsquo;air respir\u00e9 et donne l&rsquo;alarme de mani\u00e8re fiable. Le d\u00e9tecteur de gaz sans fil ne n\u00e9cessite qu&rsquo;un raccordement \u00e0 une alimentation en tension. Il envoie le signal d&rsquo;alarme sans fil par [&hellip;]\" \/>\n<meta property=\"og:url\" content=\"https:\/\/shop.bantam.ch\/fr\/produit\/detecteur-de-gaz-sans-fil-g-a-s-connect\/\" \/>\n<meta property=\"og:site_name\" content=\"Bantam Wankm\u00fcller SA\" \/>\n<meta property=\"article:modified_time\" content=\"2026-04-18T21:23:36+00:00\" \/>\n<meta name=\"twitter:card\" content=\"summary_large_image\" \/>\n<meta name=\"twitter:label1\" content=\"Dur\u00e9e de lecture estim\u00e9e\" \/>\n\t<meta name=\"twitter:data1\" content=\"1 minute\" \/>\n<script type=\"application\/ld+json\" class=\"yoast-schema-graph\">{\"@context\":\"https:\\\/\\\/schema.org\",\"@graph\":[{\"@type\":\"WebPage\",\"@id\":\"https:\\\/\\\/shop.bantam.ch\\\/fr\\\/produit\\\/detecteur-de-gaz-sans-fil-g-a-s-connect\\\/\",\"url\":\"https:\\\/\\\/shop.bantam.ch\\\/fr\\\/produit\\\/detecteur-de-gaz-sans-fil-g-a-s-connect\\\/\",\"name\":\"D\u00e9tecteur de gaz sans fil G.A.S. connect - Bantam Wankm\u00fcller SA\",\"isPartOf\":{\"@id\":\"https:\\\/\\\/shop.bantam.ch\\\/fr\\\/#website\"},\"primaryImageOfPage\":{\"@id\":\"https:\\\/\\\/shop.bantam.ch\\\/fr\\\/produit\\\/detecteur-de-gaz-sans-fil-g-a-s-connect\\\/#primaryimage\"},\"image\":{\"@id\":\"https:\\\/\\\/shop.bantam.ch\\\/fr\\\/produit\\\/detecteur-de-gaz-sans-fil-g-a-s-connect\\\/#primaryimage\"},\"thumbnailUrl\":\"https:\\\/\\\/shop.bantam.ch\\\/wp-content\\\/uploads\\\/2025\\\/03\\\/Movera-L-9949574100.jpg\",\"datePublished\":\"2025-03-14T13:32:49+00:00\",\"dateModified\":\"2026-04-18T21:23:36+00:00\",\"breadcrumb\":{\"@id\":\"https:\\\/\\\/shop.bantam.ch\\\/fr\\\/produit\\\/detecteur-de-gaz-sans-fil-g-a-s-connect\\\/#breadcrumb\"},\"inLanguage\":\"fr-FR\",\"potentialAction\":[{\"@type\":\"ReadAction\",\"target\":[\"https:\\\/\\\/shop.bantam.ch\\\/fr\\\/produit\\\/detecteur-de-gaz-sans-fil-g-a-s-connect\\\/\"]}]},{\"@type\":\"ImageObject\",\"inLanguage\":\"fr-FR\",\"@id\":\"https:\\\/\\\/shop.bantam.ch\\\/fr\\\/produit\\\/detecteur-de-gaz-sans-fil-g-a-s-connect\\\/#primaryimage\",\"url\":\"https:\\\/\\\/shop.bantam.ch\\\/wp-content\\\/uploads\\\/2025\\\/03\\\/Movera-L-9949574100.jpg\",\"contentUrl\":\"https:\\\/\\\/shop.bantam.ch\\\/wp-content\\\/uploads\\\/2025\\\/03\\\/Movera-L-9949574100.jpg\",\"width\":640,\"height\":427},{\"@type\":\"BreadcrumbList\",\"@id\":\"https:\\\/\\\/shop.bantam.ch\\\/fr\\\/produit\\\/detecteur-de-gaz-sans-fil-g-a-s-connect\\\/#breadcrumb\",\"itemListElement\":[{\"@type\":\"ListItem\",\"position\":1,\"name\":\"Accueil\",\"item\":\"https:\\\/\\\/shop.bantam.ch\\\/fr\\\/\"},{\"@type\":\"ListItem\",\"position\":2,\"name\":\"Boutique\",\"item\":\"https:\\\/\\\/shop.bantam.ch\\\/fr\\\/boutique\\\/\"},{\"@type\":\"ListItem\",\"position\":3,\"name\":\"D\u00e9tecteur de gaz sans fil G.A.S. connect\"}]},{\"@type\":\"WebSite\",\"@id\":\"https:\\\/\\\/shop.bantam.ch\\\/fr\\\/#website\",\"url\":\"https:\\\/\\\/shop.bantam.ch\\\/fr\\\/\",\"name\":\"Bantam Wankm\u00fcller SA\",\"description\":\"\",\"publisher\":{\"@id\":\"https:\\\/\\\/shop.bantam.ch\\\/fr\\\/#organization\"},\"inLanguage\":\"fr-FR\"},{\"@type\":\"Organization\",\"@id\":\"https:\\\/\\\/shop.bantam.ch\\\/fr\\\/#organization\",\"name\":\"Bantam Wankm\u00fcller SA\",\"url\":\"https:\\\/\\\/shop.bantam.ch\\\/fr\\\/\",\"logo\":{\"@type\":\"ImageObject\",\"inLanguage\":\"fr-FR\",\"@id\":\"https:\\\/\\\/shop.bantam.ch\\\/fr\\\/#\\\/schema\\\/logo\\\/image\\\/\",\"url\":\"https:\\\/\\\/shop.bantam.ch\\\/wp-content\\\/uploads\\\/2022\\\/12\\\/bantam-logo.png\",\"contentUrl\":\"https:\\\/\\\/shop.bantam.ch\\\/wp-content\\\/uploads\\\/2022\\\/12\\\/bantam-logo.png\",\"width\":320,\"height\":71,\"caption\":\"Bantam Wankm\u00fcller SA\"},\"image\":{\"@id\":\"https:\\\/\\\/shop.bantam.ch\\\/fr\\\/#\\\/schema\\\/logo\\\/image\\\/\"}}]}<\/script>\n<!-- \/ Yoast SEO plugin. -->","yoast_head_json":{"title":"D\u00e9tecteur de gaz sans fil G.A.S. connect - Bantam Wankm\u00fcller SA","robots":{"index":"index","follow":"follow","max-snippet":"max-snippet:-1","max-image-preview":"max-image-preview:large","max-video-preview":"max-video-preview:-1"},"canonical":"https:\/\/shop.bantam.ch\/fr\/produit\/detecteur-de-gaz-sans-fil-g-a-s-connect\/","og_locale":"fr_FR","og_type":"article","og_title":"D\u00e9tecteur de gaz sans fil G.A.S. connect - Bantam Wankm\u00fcller SA","og_description":"G.A.S.-connect est le compl\u00e9ment id\u00e9al du syst\u00e8me d&rsquo;alarme. Il d\u00e9tecte m\u00eame les plus petites quantit\u00e9s de propane, de butane et de gaz anesth\u00e9siants dans l&rsquo;air respir\u00e9 et donne l&rsquo;alarme de mani\u00e8re fiable. Le d\u00e9tecteur de gaz sans fil ne n\u00e9cessite qu&rsquo;un raccordement \u00e0 une alimentation en tension. Il envoie le signal d&rsquo;alarme sans fil par [&hellip;]","og_url":"https:\/\/shop.bantam.ch\/fr\/produit\/detecteur-de-gaz-sans-fil-g-a-s-connect\/","og_site_name":"Bantam Wankm\u00fcller SA","article_modified_time":"2026-04-18T21:23:36+00:00","twitter_card":"summary_large_image","twitter_misc":{"Dur\u00e9e de lecture estim\u00e9e":"1 minute"},"schema":{"@context":"https:\/\/schema.org","@graph":[{"@type":"WebPage","@id":"https:\/\/shop.bantam.ch\/fr\/produit\/detecteur-de-gaz-sans-fil-g-a-s-connect\/","url":"https:\/\/shop.bantam.ch\/fr\/produit\/detecteur-de-gaz-sans-fil-g-a-s-connect\/","name":"D\u00e9tecteur de gaz sans fil G.A.S. connect - Bantam Wankm\u00fcller SA","isPartOf":{"@id":"https:\/\/shop.bantam.ch\/fr\/#website"},"primaryImageOfPage":{"@id":"https:\/\/shop.bantam.ch\/fr\/produit\/detecteur-de-gaz-sans-fil-g-a-s-connect\/#primaryimage"},"image":{"@id":"https:\/\/shop.bantam.ch\/fr\/produit\/detecteur-de-gaz-sans-fil-g-a-s-connect\/#primaryimage"},"thumbnailUrl":"https:\/\/shop.bantam.ch\/wp-content\/uploads\/2025\/03\/Movera-L-9949574100.jpg","datePublished":"2025-03-14T13:32:49+00:00","dateModified":"2026-04-18T21:23:36+00:00","breadcrumb":{"@id":"https:\/\/shop.bantam.ch\/fr\/produit\/detecteur-de-gaz-sans-fil-g-a-s-connect\/#breadcrumb"},"inLanguage":"fr-FR","potentialAction":[{"@type":"ReadAction","target":["https:\/\/shop.bantam.ch\/fr\/produit\/detecteur-de-gaz-sans-fil-g-a-s-connect\/"]}]},{"@type":"ImageObject","inLanguage":"fr-FR","@id":"https:\/\/shop.bantam.ch\/fr\/produit\/detecteur-de-gaz-sans-fil-g-a-s-connect\/#primaryimage","url":"https:\/\/shop.bantam.ch\/wp-content\/uploads\/2025\/03\/Movera-L-9949574100.jpg","contentUrl":"https:\/\/shop.bantam.ch\/wp-content\/uploads\/2025\/03\/Movera-L-9949574100.jpg","width":640,"height":427},{"@type":"BreadcrumbList","@id":"https:\/\/shop.bantam.ch\/fr\/produit\/detecteur-de-gaz-sans-fil-g-a-s-connect\/#breadcrumb","itemListElement":[{"@type":"ListItem","position":1,"name":"Accueil","item":"https:\/\/shop.bantam.ch\/fr\/"},{"@type":"ListItem","position":2,"name":"Boutique","item":"https:\/\/shop.bantam.ch\/fr\/boutique\/"},{"@type":"ListItem","position":3,"name":"D\u00e9tecteur de gaz sans fil G.A.S. connect"}]},{"@type":"WebSite","@id":"https:\/\/shop.bantam.ch\/fr\/#website","url":"https:\/\/shop.bantam.ch\/fr\/","name":"Bantam Wankm\u00fcller SA","description":"","publisher":{"@id":"https:\/\/shop.bantam.ch\/fr\/#organization"},"inLanguage":"fr-FR"},{"@type":"Organization","@id":"https:\/\/shop.bantam.ch\/fr\/#organization","name":"Bantam Wankm\u00fcller SA","url":"https:\/\/shop.bantam.ch\/fr\/","logo":{"@type":"ImageObject","inLanguage":"fr-FR","@id":"https:\/\/shop.bantam.ch\/fr\/#\/schema\/logo\/image\/","url":"https:\/\/shop.bantam.ch\/wp-content\/uploads\/2022\/12\/bantam-logo.png","contentUrl":"https:\/\/shop.bantam.ch\/wp-content\/uploads\/2022\/12\/bantam-logo.png","width":320,"height":71,"caption":"Bantam Wankm\u00fcller SA"},"image":{"@id":"https:\/\/shop.bantam.ch\/fr\/#\/schema\/logo\/image\/"}}]}},"_links":{"self":[{"href":"https:\/\/shop.bantam.ch\/fr\/wp-json\/wp\/v2\/product\/211317","targetHints":{"allow":["GET"]}}],"collection":[{"href":"https:\/\/shop.bantam.ch\/fr\/wp-json\/wp\/v2\/product"}],"about":[{"href":"https:\/\/shop.bantam.ch\/fr\/wp-json\/wp\/v2\/types\/product"}],"wp:featuredmedia":[{"embeddable":true,"href":"https:\/\/shop.bantam.ch\/fr\/wp-json\/wp\/v2\/media\/211315"}],"wp:attachment":[{"href":"https:\/\/shop.bantam.ch\/fr\/wp-json\/wp\/v2\/media?parent=211317"}],"wp:term":[{"taxonomy":"product_featured_cat","embeddable":true,"href":"https:\/\/shop.bantam.ch\/fr\/wp-json\/wp\/v2\/product_featured_cat?post=211317"},{"taxonomy":"product_brand","embeddable":true,"href":"https:\/\/shop.bantam.ch\/fr\/wp-json\/wp\/v2\/product_brand?post=211317"},{"taxonomy":"product_cat","embeddable":true,"href":"https:\/\/shop.bantam.ch\/fr\/wp-json\/wp\/v2\/product_cat?post=211317"},{"taxonomy":"product_tag","embeddable":true,"href":"https:\/\/shop.bantam.ch\/fr\/wp-json\/wp\/v2\/product_tag?post=211317"}],"curies":[{"name":"wp","href":"https:\/\/api.w.org\/{rel}","templated":true}]}}