{"id":211267,"date":"2025-03-14T14:31:56","date_gmt":"2025-03-14T13:31:56","guid":{"rendered":"https:\/\/shop.bantam.ch\/produit\/protection-anti-eblouissement-pour-stores-peggy-peg\/"},"modified":"2026-05-01T01:35:24","modified_gmt":"2026-04-30T23:35:24","slug":"protection-anti-eblouissement-pour-stores-peggy-peg","status":"publish","type":"product","link":"https:\/\/shop.bantam.ch\/fr\/produit\/protection-anti-eblouissement-pour-stores-peggy-peg\/","title":{"rendered":"Protection anti-\u00e9blouissement pour stores Peggy Peg"},"content":{"rendered":"<p>Une protection modulaire, exactement l\u00e0 o\u00f9 elle est n\u00e9cessaire : Il suffit d&rsquo;introduire le SunBreak dans la barre du store, d&rsquo;ouvrir la fermeture \u00e9clair et de d\u00e9ployer le panneau en continu. Ainsi, gr\u00e2ce au mesh \u00e0 mailles fines et perm\u00e9able \u00e0 l&rsquo;air, on obtient exactement la protection visuelle ou solaire que l&rsquo;on souhaite. Gr\u00e2ce \u00e0 sa conception intelligente, le panneau SunBreak peut \u00eatre adapt\u00e9 rapidement et sans grand effort, par exemple en cas de changement de la position du soleil. Le SunBreak peut \u00eatre tendu \u00e0 l&rsquo;aide du hauban fourni afin d&rsquo;\u00e9viter qu&rsquo;il ne flotte en cas de vent l\u00e9ger. Gr\u00e2ce \u00e0 la suspension facile \u00e0 manipuler, le panneau glisse facilement dans toutes les positions souhait\u00e9es. Remarque : pour \u00e9viter d&rsquo;endommager le SunBreak, range-le dans son sac en cas de vent fort. Si l&rsquo;on souhaite une protection solaire plus importante, il est possible d&rsquo;assembler d&rsquo;autres SunBreak c\u00f4te \u00e0 c\u00f4te dans la barre du store \u00e0 l&rsquo;aide d&rsquo;une fermeture magn\u00e9tique. Le SunBreak est disponible en noir et en blanc.<br \/>\nLe SunBreak s&rsquo;enfile directement dans le bourrelet, comme un store banne. Le bourrelet du SunBreak mesure 5 mm et s&rsquo;adapte \u00e0 tous les stores courants. Il peut \u00eatre d\u00e9roul\u00e9 jusqu&rsquo;\u00e0 2 m au maximum. Une poche \u00e0 ustensiles est cousue \u00e0 l&rsquo;int\u00e9rieur de la housse et contient les \u00e9l\u00e9ments suivants.<\/p>\n<ul>\n<li>2 x piquets \u00e0 vis Peg&amp;Stop S (bleu) avec contre-\u00e9crou 2.0 (orange)<\/li>\n<li>2 x corde de tente pour tension de guidage 2m (blanc)<\/li>\n<li>2 x T-Connector (noir)<\/li>\n<li>2 x TieStrap mini (complet noir)<\/li>\n<\/ul>\n<p>Donn\u00e9es techniques :<\/p>\n<ul>\n<li>Largeur du module : 1,10 m<\/li>\n<li>Largeur de la bande : 1,0 6m<\/li>\n<li>Longueur de d\u00e9roulement : 2,0 0m max.<\/li>\n<li>Largeur du produit : 1,15m env.<\/li>\n<li>Bourrelet : 5mm<\/li>\n<li>Longueur de la toile : 2,00m max<\/li>\n<li>Mini TieStrap : 0,45m y compris les \u0153illets<\/li>\n<\/ul>\n","protected":false},"excerpt":{"rendered":"<p>Une protection modulaire, exactement l\u00e0 o\u00f9 elle est n\u00e9cessaire : Il suffit d&rsquo;introduire le SunBreak dans la barre du store, d&rsquo;ouvrir la fermeture \u00e9clair et de d\u00e9ployer le panneau en continu. Ainsi, gr\u00e2ce au mesh \u00e0 mailles fines et perm\u00e9able \u00e0 l&rsquo;air, on obtient exactement la protection visuelle ou solaire que l&rsquo;on souhaite. Gr\u00e2ce \u00e0 [&hellip;]<\/p>\n","protected":false},"featured_media":211257,"template":"","meta":{"_acf_changed":false},"product_featured_cat":[],"product_brand":[],"product_cat":[4219,4251],"product_tag":[],"class_list":{"0":"post-211267","1":"product","2":"type-product","3":"status-publish","4":"has-post-thumbnail","6":"product_cat-parois-avant","7":"product_cat-voile-dombrage-pour-camping-cars","9":"first","10":"instock","11":"taxable","12":"shipping-taxable","13":"purchasable","14":"product-type-variable"},"acf":[],"yoast_head":"<!-- This site is optimized with the Yoast SEO plugin v27.5 - https:\/\/yoast.com\/product\/yoast-seo-wordpress\/ -->\n<title>Protection anti-\u00e9blouissement pour stores Peggy Peg - Bantam<\/title>\n<meta name=\"robots\" content=\"index, follow, max-snippet:-1, max-image-preview:large, max-video-preview:-1\" \/>\n<link rel=\"canonical\" href=\"https:\/\/shop.bantam.ch\/fr\/produit\/protection-anti-eblouissement-pour-stores-peggy-peg\/\" \/>\n<meta property=\"og:locale\" content=\"fr_FR\" \/>\n<meta property=\"og:type\" content=\"article\" \/>\n<meta property=\"og:title\" content=\"Protection anti-\u00e9blouissement pour stores Peggy Peg - Bantam\" \/>\n<meta property=\"og:description\" content=\"Une protection modulaire, exactement l\u00e0 o\u00f9 elle est n\u00e9cessaire : Il suffit d&rsquo;introduire le SunBreak dans la barre du store, d&rsquo;ouvrir la fermeture \u00e9clair et de d\u00e9ployer le panneau en continu. Ainsi, gr\u00e2ce au mesh \u00e0 mailles fines et perm\u00e9able \u00e0 l&rsquo;air, on obtient exactement la protection visuelle ou solaire que l&rsquo;on souhaite. Gr\u00e2ce \u00e0 [&hellip;]\" \/>\n<meta property=\"og:url\" content=\"https:\/\/shop.bantam.ch\/fr\/produit\/protection-anti-eblouissement-pour-stores-peggy-peg\/\" \/>\n<meta property=\"og:site_name\" content=\"Bantam\" \/>\n<meta property=\"article:modified_time\" content=\"2026-04-30T23:35:24+00:00\" \/>\n<meta name=\"twitter:card\" content=\"summary_large_image\" \/>\n<meta name=\"twitter:label1\" content=\"Dur\u00e9e de lecture estim\u00e9e\" \/>\n\t<meta name=\"twitter:data1\" content=\"1 minute\" \/>\n<script type=\"application\/ld+json\" class=\"yoast-schema-graph\">{\"@context\":\"https:\\\/\\\/schema.org\",\"@graph\":[{\"@type\":\"WebPage\",\"@id\":\"https:\\\/\\\/shop.bantam.ch\\\/fr\\\/produit\\\/protection-anti-eblouissement-pour-stores-peggy-peg\\\/\",\"url\":\"https:\\\/\\\/shop.bantam.ch\\\/fr\\\/produit\\\/protection-anti-eblouissement-pour-stores-peggy-peg\\\/\",\"name\":\"Protection anti-\u00e9blouissement pour stores Peggy Peg - Bantam\",\"isPartOf\":{\"@id\":\"https:\\\/\\\/shop.bantam.ch\\\/fr\\\/#website\"},\"primaryImageOfPage\":{\"@id\":\"https:\\\/\\\/shop.bantam.ch\\\/fr\\\/produit\\\/protection-anti-eblouissement-pour-stores-peggy-peg\\\/#primaryimage\"},\"image\":{\"@id\":\"https:\\\/\\\/shop.bantam.ch\\\/fr\\\/produit\\\/protection-anti-eblouissement-pour-stores-peggy-peg\\\/#primaryimage\"},\"thumbnailUrl\":\"https:\\\/\\\/shop.bantam.ch\\\/wp-content\\\/uploads\\\/2025\\\/03\\\/Movera-L-9949526100.jpg\",\"datePublished\":\"2025-03-14T13:31:56+00:00\",\"dateModified\":\"2026-04-30T23:35:24+00:00\",\"breadcrumb\":{\"@id\":\"https:\\\/\\\/shop.bantam.ch\\\/fr\\\/produit\\\/protection-anti-eblouissement-pour-stores-peggy-peg\\\/#breadcrumb\"},\"inLanguage\":\"fr-FR\",\"potentialAction\":[{\"@type\":\"ReadAction\",\"target\":[\"https:\\\/\\\/shop.bantam.ch\\\/fr\\\/produit\\\/protection-anti-eblouissement-pour-stores-peggy-peg\\\/\"]}]},{\"@type\":\"ImageObject\",\"inLanguage\":\"fr-FR\",\"@id\":\"https:\\\/\\\/shop.bantam.ch\\\/fr\\\/produit\\\/protection-anti-eblouissement-pour-stores-peggy-peg\\\/#primaryimage\",\"url\":\"https:\\\/\\\/shop.bantam.ch\\\/wp-content\\\/uploads\\\/2025\\\/03\\\/Movera-L-9949526100.jpg\",\"contentUrl\":\"https:\\\/\\\/shop.bantam.ch\\\/wp-content\\\/uploads\\\/2025\\\/03\\\/Movera-L-9949526100.jpg\",\"width\":640,\"height\":640},{\"@type\":\"BreadcrumbList\",\"@id\":\"https:\\\/\\\/shop.bantam.ch\\\/fr\\\/produit\\\/protection-anti-eblouissement-pour-stores-peggy-peg\\\/#breadcrumb\",\"itemListElement\":[{\"@type\":\"ListItem\",\"position\":1,\"name\":\"Accueil\",\"item\":\"https:\\\/\\\/shop.bantam.ch\\\/fr\\\/\"},{\"@type\":\"ListItem\",\"position\":2,\"name\":\"Boutique\",\"item\":\"https:\\\/\\\/shop.bantam.ch\\\/fr\\\/boutique\\\/\"},{\"@type\":\"ListItem\",\"position\":3,\"name\":\"Protection anti-\u00e9blouissement pour stores Peggy Peg\"}]},{\"@type\":\"WebSite\",\"@id\":\"https:\\\/\\\/shop.bantam.ch\\\/fr\\\/#website\",\"url\":\"https:\\\/\\\/shop.bantam.ch\\\/fr\\\/\",\"name\":\"Bantam\",\"description\":\"\",\"publisher\":{\"@id\":\"https:\\\/\\\/shop.bantam.ch\\\/fr\\\/#organization\"},\"inLanguage\":\"fr-FR\"},{\"@type\":\"Organization\",\"@id\":\"https:\\\/\\\/shop.bantam.ch\\\/fr\\\/#organization\",\"name\":\"Bantam\",\"url\":\"https:\\\/\\\/shop.bantam.ch\\\/fr\\\/\",\"logo\":{\"@type\":\"ImageObject\",\"inLanguage\":\"fr-FR\",\"@id\":\"https:\\\/\\\/shop.bantam.ch\\\/fr\\\/#\\\/schema\\\/logo\\\/image\\\/\",\"url\":\"https:\\\/\\\/shop.bantam.ch\\\/wp-content\\\/uploads\\\/2022\\\/12\\\/bantam-logo.png\",\"contentUrl\":\"https:\\\/\\\/shop.bantam.ch\\\/wp-content\\\/uploads\\\/2022\\\/12\\\/bantam-logo.png\",\"width\":320,\"height\":71,\"caption\":\"Bantam\"},\"image\":{\"@id\":\"https:\\\/\\\/shop.bantam.ch\\\/fr\\\/#\\\/schema\\\/logo\\\/image\\\/\"}}]}<\/script>\n<!-- \/ Yoast SEO plugin. -->","yoast_head_json":{"title":"Protection anti-\u00e9blouissement pour stores Peggy Peg - Bantam","robots":{"index":"index","follow":"follow","max-snippet":"max-snippet:-1","max-image-preview":"max-image-preview:large","max-video-preview":"max-video-preview:-1"},"canonical":"https:\/\/shop.bantam.ch\/fr\/produit\/protection-anti-eblouissement-pour-stores-peggy-peg\/","og_locale":"fr_FR","og_type":"article","og_title":"Protection anti-\u00e9blouissement pour stores Peggy Peg - Bantam","og_description":"Une protection modulaire, exactement l\u00e0 o\u00f9 elle est n\u00e9cessaire : Il suffit d&rsquo;introduire le SunBreak dans la barre du store, d&rsquo;ouvrir la fermeture \u00e9clair et de d\u00e9ployer le panneau en continu. Ainsi, gr\u00e2ce au mesh \u00e0 mailles fines et perm\u00e9able \u00e0 l&rsquo;air, on obtient exactement la protection visuelle ou solaire que l&rsquo;on souhaite. Gr\u00e2ce \u00e0 [&hellip;]","og_url":"https:\/\/shop.bantam.ch\/fr\/produit\/protection-anti-eblouissement-pour-stores-peggy-peg\/","og_site_name":"Bantam","article_modified_time":"2026-04-30T23:35:24+00:00","twitter_card":"summary_large_image","twitter_misc":{"Dur\u00e9e de lecture estim\u00e9e":"1 minute"},"schema":{"@context":"https:\/\/schema.org","@graph":[{"@type":"WebPage","@id":"https:\/\/shop.bantam.ch\/fr\/produit\/protection-anti-eblouissement-pour-stores-peggy-peg\/","url":"https:\/\/shop.bantam.ch\/fr\/produit\/protection-anti-eblouissement-pour-stores-peggy-peg\/","name":"Protection anti-\u00e9blouissement pour stores Peggy Peg - Bantam","isPartOf":{"@id":"https:\/\/shop.bantam.ch\/fr\/#website"},"primaryImageOfPage":{"@id":"https:\/\/shop.bantam.ch\/fr\/produit\/protection-anti-eblouissement-pour-stores-peggy-peg\/#primaryimage"},"image":{"@id":"https:\/\/shop.bantam.ch\/fr\/produit\/protection-anti-eblouissement-pour-stores-peggy-peg\/#primaryimage"},"thumbnailUrl":"https:\/\/shop.bantam.ch\/wp-content\/uploads\/2025\/03\/Movera-L-9949526100.jpg","datePublished":"2025-03-14T13:31:56+00:00","dateModified":"2026-04-30T23:35:24+00:00","breadcrumb":{"@id":"https:\/\/shop.bantam.ch\/fr\/produit\/protection-anti-eblouissement-pour-stores-peggy-peg\/#breadcrumb"},"inLanguage":"fr-FR","potentialAction":[{"@type":"ReadAction","target":["https:\/\/shop.bantam.ch\/fr\/produit\/protection-anti-eblouissement-pour-stores-peggy-peg\/"]}]},{"@type":"ImageObject","inLanguage":"fr-FR","@id":"https:\/\/shop.bantam.ch\/fr\/produit\/protection-anti-eblouissement-pour-stores-peggy-peg\/#primaryimage","url":"https:\/\/shop.bantam.ch\/wp-content\/uploads\/2025\/03\/Movera-L-9949526100.jpg","contentUrl":"https:\/\/shop.bantam.ch\/wp-content\/uploads\/2025\/03\/Movera-L-9949526100.jpg","width":640,"height":640},{"@type":"BreadcrumbList","@id":"https:\/\/shop.bantam.ch\/fr\/produit\/protection-anti-eblouissement-pour-stores-peggy-peg\/#breadcrumb","itemListElement":[{"@type":"ListItem","position":1,"name":"Accueil","item":"https:\/\/shop.bantam.ch\/fr\/"},{"@type":"ListItem","position":2,"name":"Boutique","item":"https:\/\/shop.bantam.ch\/fr\/boutique\/"},{"@type":"ListItem","position":3,"name":"Protection anti-\u00e9blouissement pour stores Peggy Peg"}]},{"@type":"WebSite","@id":"https:\/\/shop.bantam.ch\/fr\/#website","url":"https:\/\/shop.bantam.ch\/fr\/","name":"Bantam","description":"","publisher":{"@id":"https:\/\/shop.bantam.ch\/fr\/#organization"},"inLanguage":"fr-FR"},{"@type":"Organization","@id":"https:\/\/shop.bantam.ch\/fr\/#organization","name":"Bantam","url":"https:\/\/shop.bantam.ch\/fr\/","logo":{"@type":"ImageObject","inLanguage":"fr-FR","@id":"https:\/\/shop.bantam.ch\/fr\/#\/schema\/logo\/image\/","url":"https:\/\/shop.bantam.ch\/wp-content\/uploads\/2022\/12\/bantam-logo.png","contentUrl":"https:\/\/shop.bantam.ch\/wp-content\/uploads\/2022\/12\/bantam-logo.png","width":320,"height":71,"caption":"Bantam"},"image":{"@id":"https:\/\/shop.bantam.ch\/fr\/#\/schema\/logo\/image\/"}}]}},"_links":{"self":[{"href":"https:\/\/shop.bantam.ch\/fr\/wp-json\/wp\/v2\/product\/211267","targetHints":{"allow":["GET"]}}],"collection":[{"href":"https:\/\/shop.bantam.ch\/fr\/wp-json\/wp\/v2\/product"}],"about":[{"href":"https:\/\/shop.bantam.ch\/fr\/wp-json\/wp\/v2\/types\/product"}],"wp:featuredmedia":[{"embeddable":true,"href":"https:\/\/shop.bantam.ch\/fr\/wp-json\/wp\/v2\/media\/211257"}],"wp:attachment":[{"href":"https:\/\/shop.bantam.ch\/fr\/wp-json\/wp\/v2\/media?parent=211267"}],"wp:term":[{"taxonomy":"product_featured_cat","embeddable":true,"href":"https:\/\/shop.bantam.ch\/fr\/wp-json\/wp\/v2\/product_featured_cat?post=211267"},{"taxonomy":"product_brand","embeddable":true,"href":"https:\/\/shop.bantam.ch\/fr\/wp-json\/wp\/v2\/product_brand?post=211267"},{"taxonomy":"product_cat","embeddable":true,"href":"https:\/\/shop.bantam.ch\/fr\/wp-json\/wp\/v2\/product_cat?post=211267"},{"taxonomy":"product_tag","embeddable":true,"href":"https:\/\/shop.bantam.ch\/fr\/wp-json\/wp\/v2\/product_tag?post=211267"}],"curies":[{"name":"wp","href":"https:\/\/api.w.org\/{rel}","templated":true}]}}