{"id":211215,"date":"2025-03-14T14:30:55","date_gmt":"2025-03-14T13:30:55","guid":{"rendered":"https:\/\/shop.bantam.ch\/produit\/retroviseur-de-caravane-emuk-kia\/"},"modified":"2026-05-06T01:35:02","modified_gmt":"2026-05-05T23:35:02","slug":"retroviseur-de-caravane-emuk-kia","status":"publish","type":"product","link":"https:\/\/shop.bantam.ch\/fr\/produit\/retroviseur-de-caravane-emuk-kia\/","title":{"rendered":"R\u00e9troviseur de caravane Emuk Kia"},"content":{"rendered":"<p>Le support ou le miroir sp\u00e9cialement adapt\u00e9 \u00e0 chaque r\u00e9troviseur de v\u00e9hicule (forme en fonte d&rsquo;aluminium) permet un montage pr\u00e9cis et garantit une assise parfaite sans vibrations. Montage rapide sans outils. Tous les composants des r\u00e9troviseurs sont fabriqu\u00e9s dans des mat\u00e9riaux r\u00e9sistants \u00e0 la corrosion et garantissent une grande long\u00e9vit\u00e9.<\/p>\n<p>Les avantages pour vous :<\/p>\n<p>\nLes r\u00e9troviseurs EMUK sont r\u00e9glables depuis le si\u00e8ge du conducteur et du passager, offrent un reflet clair et sans vibrations et un grand champ de vision. Ils sont homologu\u00e9s ECE et donc s\u00fbrs et fiables.<\/p>\n<p>Tous les r\u00e9troviseurs de caravane sp\u00e9ciaux mentionn\u00e9s sont \u00e9galement disponibles dans la couleur de la voiture (prix suppl\u00e9mentaire sur demande). D\u00e9lai de livraison : environ 15 jours ouvrables. Demandez \u00e0 votre revendeur sp\u00e9cialis\u00e9.<\/p>\n","protected":false},"excerpt":{"rendered":"<p>Le support ou le miroir sp\u00e9cialement adapt\u00e9 \u00e0 chaque r\u00e9troviseur de v\u00e9hicule (forme en fonte d&rsquo;aluminium) permet un montage pr\u00e9cis et garantit une assise parfaite sans vibrations. Montage rapide sans outils. Tous les composants des r\u00e9troviseurs sont fabriqu\u00e9s dans des mat\u00e9riaux r\u00e9sistants \u00e0 la corrosion et garantissent une grande long\u00e9vit\u00e9. Les avantages pour vous : [&hellip;]<\/p>\n","protected":false},"featured_media":211211,"template":"","meta":{"_acf_changed":false},"product_featured_cat":[],"product_brand":[],"product_cat":[4831],"product_tag":[],"class_list":{"0":"post-211215","1":"product","2":"type-product","3":"status-publish","4":"has-post-thumbnail","6":"product_cat-retroviseurs-de-caravane","8":"first","9":"instock","10":"taxable","11":"shipping-taxable","12":"purchasable","13":"product-type-variable"},"acf":[],"yoast_head":"<!-- This site is optimized with the Yoast SEO plugin v27.5 - https:\/\/yoast.com\/product\/yoast-seo-wordpress\/ -->\n<title>R\u00e9troviseur de caravane Emuk Kia - Bantam<\/title>\n<meta name=\"robots\" content=\"index, follow, max-snippet:-1, max-image-preview:large, max-video-preview:-1\" \/>\n<link rel=\"canonical\" href=\"https:\/\/shop.bantam.ch\/fr\/produit\/retroviseur-de-caravane-emuk-kia\/\" \/>\n<meta property=\"og:locale\" content=\"fr_FR\" \/>\n<meta property=\"og:type\" content=\"article\" \/>\n<meta property=\"og:title\" content=\"R\u00e9troviseur de caravane Emuk Kia - Bantam\" \/>\n<meta property=\"og:description\" content=\"Le support ou le miroir sp\u00e9cialement adapt\u00e9 \u00e0 chaque r\u00e9troviseur de v\u00e9hicule (forme en fonte d&rsquo;aluminium) permet un montage pr\u00e9cis et garantit une assise parfaite sans vibrations. Montage rapide sans outils. Tous les composants des r\u00e9troviseurs sont fabriqu\u00e9s dans des mat\u00e9riaux r\u00e9sistants \u00e0 la corrosion et garantissent une grande long\u00e9vit\u00e9. Les avantages pour vous : [&hellip;]\" \/>\n<meta property=\"og:url\" content=\"https:\/\/shop.bantam.ch\/fr\/produit\/retroviseur-de-caravane-emuk-kia\/\" \/>\n<meta property=\"og:site_name\" content=\"Bantam\" \/>\n<meta property=\"article:modified_time\" content=\"2026-05-05T23:35:02+00:00\" \/>\n<meta name=\"twitter:card\" content=\"summary_large_image\" \/>\n<meta name=\"twitter:label1\" content=\"Dur\u00e9e de lecture estim\u00e9e\" \/>\n\t<meta name=\"twitter:data1\" content=\"1 minute\" \/>\n<script type=\"application\/ld+json\" class=\"yoast-schema-graph\">{\"@context\":\"https:\\\/\\\/schema.org\",\"@graph\":[{\"@type\":\"WebPage\",\"@id\":\"https:\\\/\\\/shop.bantam.ch\\\/fr\\\/produit\\\/retroviseur-de-caravane-emuk-kia\\\/\",\"url\":\"https:\\\/\\\/shop.bantam.ch\\\/fr\\\/produit\\\/retroviseur-de-caravane-emuk-kia\\\/\",\"name\":\"R\u00e9troviseur de caravane Emuk Kia - Bantam\",\"isPartOf\":{\"@id\":\"https:\\\/\\\/shop.bantam.ch\\\/fr\\\/#website\"},\"primaryImageOfPage\":{\"@id\":\"https:\\\/\\\/shop.bantam.ch\\\/fr\\\/produit\\\/retroviseur-de-caravane-emuk-kia\\\/#primaryimage\"},\"image\":{\"@id\":\"https:\\\/\\\/shop.bantam.ch\\\/fr\\\/produit\\\/retroviseur-de-caravane-emuk-kia\\\/#primaryimage\"},\"thumbnailUrl\":\"https:\\\/\\\/shop.bantam.ch\\\/wp-content\\\/uploads\\\/2025\\\/03\\\/Movera-L-9949441100.jpg\",\"datePublished\":\"2025-03-14T13:30:55+00:00\",\"dateModified\":\"2026-05-05T23:35:02+00:00\",\"breadcrumb\":{\"@id\":\"https:\\\/\\\/shop.bantam.ch\\\/fr\\\/produit\\\/retroviseur-de-caravane-emuk-kia\\\/#breadcrumb\"},\"inLanguage\":\"fr-FR\",\"potentialAction\":[{\"@type\":\"ReadAction\",\"target\":[\"https:\\\/\\\/shop.bantam.ch\\\/fr\\\/produit\\\/retroviseur-de-caravane-emuk-kia\\\/\"]}]},{\"@type\":\"ImageObject\",\"inLanguage\":\"fr-FR\",\"@id\":\"https:\\\/\\\/shop.bantam.ch\\\/fr\\\/produit\\\/retroviseur-de-caravane-emuk-kia\\\/#primaryimage\",\"url\":\"https:\\\/\\\/shop.bantam.ch\\\/wp-content\\\/uploads\\\/2025\\\/03\\\/Movera-L-9949441100.jpg\",\"contentUrl\":\"https:\\\/\\\/shop.bantam.ch\\\/wp-content\\\/uploads\\\/2025\\\/03\\\/Movera-L-9949441100.jpg\",\"width\":640,\"height\":427},{\"@type\":\"BreadcrumbList\",\"@id\":\"https:\\\/\\\/shop.bantam.ch\\\/fr\\\/produit\\\/retroviseur-de-caravane-emuk-kia\\\/#breadcrumb\",\"itemListElement\":[{\"@type\":\"ListItem\",\"position\":1,\"name\":\"Accueil\",\"item\":\"https:\\\/\\\/shop.bantam.ch\\\/fr\\\/\"},{\"@type\":\"ListItem\",\"position\":2,\"name\":\"Boutique\",\"item\":\"https:\\\/\\\/shop.bantam.ch\\\/fr\\\/boutique\\\/\"},{\"@type\":\"ListItem\",\"position\":3,\"name\":\"R\u00e9troviseur de caravane Emuk Kia\"}]},{\"@type\":\"WebSite\",\"@id\":\"https:\\\/\\\/shop.bantam.ch\\\/fr\\\/#website\",\"url\":\"https:\\\/\\\/shop.bantam.ch\\\/fr\\\/\",\"name\":\"Bantam\",\"description\":\"\",\"publisher\":{\"@id\":\"https:\\\/\\\/shop.bantam.ch\\\/fr\\\/#organization\"},\"inLanguage\":\"fr-FR\"},{\"@type\":\"Organization\",\"@id\":\"https:\\\/\\\/shop.bantam.ch\\\/fr\\\/#organization\",\"name\":\"Bantam\",\"url\":\"https:\\\/\\\/shop.bantam.ch\\\/fr\\\/\",\"logo\":{\"@type\":\"ImageObject\",\"inLanguage\":\"fr-FR\",\"@id\":\"https:\\\/\\\/shop.bantam.ch\\\/fr\\\/#\\\/schema\\\/logo\\\/image\\\/\",\"url\":\"https:\\\/\\\/shop.bantam.ch\\\/wp-content\\\/uploads\\\/2022\\\/12\\\/bantam-logo.png\",\"contentUrl\":\"https:\\\/\\\/shop.bantam.ch\\\/wp-content\\\/uploads\\\/2022\\\/12\\\/bantam-logo.png\",\"width\":320,\"height\":71,\"caption\":\"Bantam\"},\"image\":{\"@id\":\"https:\\\/\\\/shop.bantam.ch\\\/fr\\\/#\\\/schema\\\/logo\\\/image\\\/\"}}]}<\/script>\n<!-- \/ Yoast SEO plugin. -->","yoast_head_json":{"title":"R\u00e9troviseur de caravane Emuk Kia - Bantam","robots":{"index":"index","follow":"follow","max-snippet":"max-snippet:-1","max-image-preview":"max-image-preview:large","max-video-preview":"max-video-preview:-1"},"canonical":"https:\/\/shop.bantam.ch\/fr\/produit\/retroviseur-de-caravane-emuk-kia\/","og_locale":"fr_FR","og_type":"article","og_title":"R\u00e9troviseur de caravane Emuk Kia - Bantam","og_description":"Le support ou le miroir sp\u00e9cialement adapt\u00e9 \u00e0 chaque r\u00e9troviseur de v\u00e9hicule (forme en fonte d&rsquo;aluminium) permet un montage pr\u00e9cis et garantit une assise parfaite sans vibrations. Montage rapide sans outils. Tous les composants des r\u00e9troviseurs sont fabriqu\u00e9s dans des mat\u00e9riaux r\u00e9sistants \u00e0 la corrosion et garantissent une grande long\u00e9vit\u00e9. Les avantages pour vous : [&hellip;]","og_url":"https:\/\/shop.bantam.ch\/fr\/produit\/retroviseur-de-caravane-emuk-kia\/","og_site_name":"Bantam","article_modified_time":"2026-05-05T23:35:02+00:00","twitter_card":"summary_large_image","twitter_misc":{"Dur\u00e9e de lecture estim\u00e9e":"1 minute"},"schema":{"@context":"https:\/\/schema.org","@graph":[{"@type":"WebPage","@id":"https:\/\/shop.bantam.ch\/fr\/produit\/retroviseur-de-caravane-emuk-kia\/","url":"https:\/\/shop.bantam.ch\/fr\/produit\/retroviseur-de-caravane-emuk-kia\/","name":"R\u00e9troviseur de caravane Emuk Kia - Bantam","isPartOf":{"@id":"https:\/\/shop.bantam.ch\/fr\/#website"},"primaryImageOfPage":{"@id":"https:\/\/shop.bantam.ch\/fr\/produit\/retroviseur-de-caravane-emuk-kia\/#primaryimage"},"image":{"@id":"https:\/\/shop.bantam.ch\/fr\/produit\/retroviseur-de-caravane-emuk-kia\/#primaryimage"},"thumbnailUrl":"https:\/\/shop.bantam.ch\/wp-content\/uploads\/2025\/03\/Movera-L-9949441100.jpg","datePublished":"2025-03-14T13:30:55+00:00","dateModified":"2026-05-05T23:35:02+00:00","breadcrumb":{"@id":"https:\/\/shop.bantam.ch\/fr\/produit\/retroviseur-de-caravane-emuk-kia\/#breadcrumb"},"inLanguage":"fr-FR","potentialAction":[{"@type":"ReadAction","target":["https:\/\/shop.bantam.ch\/fr\/produit\/retroviseur-de-caravane-emuk-kia\/"]}]},{"@type":"ImageObject","inLanguage":"fr-FR","@id":"https:\/\/shop.bantam.ch\/fr\/produit\/retroviseur-de-caravane-emuk-kia\/#primaryimage","url":"https:\/\/shop.bantam.ch\/wp-content\/uploads\/2025\/03\/Movera-L-9949441100.jpg","contentUrl":"https:\/\/shop.bantam.ch\/wp-content\/uploads\/2025\/03\/Movera-L-9949441100.jpg","width":640,"height":427},{"@type":"BreadcrumbList","@id":"https:\/\/shop.bantam.ch\/fr\/produit\/retroviseur-de-caravane-emuk-kia\/#breadcrumb","itemListElement":[{"@type":"ListItem","position":1,"name":"Accueil","item":"https:\/\/shop.bantam.ch\/fr\/"},{"@type":"ListItem","position":2,"name":"Boutique","item":"https:\/\/shop.bantam.ch\/fr\/boutique\/"},{"@type":"ListItem","position":3,"name":"R\u00e9troviseur de caravane Emuk Kia"}]},{"@type":"WebSite","@id":"https:\/\/shop.bantam.ch\/fr\/#website","url":"https:\/\/shop.bantam.ch\/fr\/","name":"Bantam","description":"","publisher":{"@id":"https:\/\/shop.bantam.ch\/fr\/#organization"},"inLanguage":"fr-FR"},{"@type":"Organization","@id":"https:\/\/shop.bantam.ch\/fr\/#organization","name":"Bantam","url":"https:\/\/shop.bantam.ch\/fr\/","logo":{"@type":"ImageObject","inLanguage":"fr-FR","@id":"https:\/\/shop.bantam.ch\/fr\/#\/schema\/logo\/image\/","url":"https:\/\/shop.bantam.ch\/wp-content\/uploads\/2022\/12\/bantam-logo.png","contentUrl":"https:\/\/shop.bantam.ch\/wp-content\/uploads\/2022\/12\/bantam-logo.png","width":320,"height":71,"caption":"Bantam"},"image":{"@id":"https:\/\/shop.bantam.ch\/fr\/#\/schema\/logo\/image\/"}}]}},"_links":{"self":[{"href":"https:\/\/shop.bantam.ch\/fr\/wp-json\/wp\/v2\/product\/211215","targetHints":{"allow":["GET"]}}],"collection":[{"href":"https:\/\/shop.bantam.ch\/fr\/wp-json\/wp\/v2\/product"}],"about":[{"href":"https:\/\/shop.bantam.ch\/fr\/wp-json\/wp\/v2\/types\/product"}],"wp:featuredmedia":[{"embeddable":true,"href":"https:\/\/shop.bantam.ch\/fr\/wp-json\/wp\/v2\/media\/211211"}],"wp:attachment":[{"href":"https:\/\/shop.bantam.ch\/fr\/wp-json\/wp\/v2\/media?parent=211215"}],"wp:term":[{"taxonomy":"product_featured_cat","embeddable":true,"href":"https:\/\/shop.bantam.ch\/fr\/wp-json\/wp\/v2\/product_featured_cat?post=211215"},{"taxonomy":"product_brand","embeddable":true,"href":"https:\/\/shop.bantam.ch\/fr\/wp-json\/wp\/v2\/product_brand?post=211215"},{"taxonomy":"product_cat","embeddable":true,"href":"https:\/\/shop.bantam.ch\/fr\/wp-json\/wp\/v2\/product_cat?post=211215"},{"taxonomy":"product_tag","embeddable":true,"href":"https:\/\/shop.bantam.ch\/fr\/wp-json\/wp\/v2\/product_tag?post=211215"}],"curies":[{"name":"wp","href":"https:\/\/api.w.org\/{rel}","templated":true}]}}