{"id":211205,"date":"2025-03-14T14:30:43","date_gmt":"2025-03-14T13:30:43","guid":{"rendered":"https:\/\/shop.bantam.ch\/produit\/coussin-de-compensation-air-lift-pour-pneus-jumeles-twin-trucks\/"},"modified":"2026-04-18T23:23:15","modified_gmt":"2026-04-18T21:23:15","slug":"coussin-de-compensation-air-lift-pour-pneus-jumeles-twin-trucks","status":"publish","type":"product","link":"https:\/\/shop.bantam.ch\/fr\/produit\/coussin-de-compensation-air-lift-pour-pneus-jumeles-twin-trucks\/","title":{"rendered":"Coussin de compensation Air-Lift pour pneus jumel\u00e9s Twin\/Trucks"},"content":{"rendered":"<p>L&rsquo;EMUK Air-Lift est un coussin de levage pneumatique tr\u00e8s r\u00e9sistant, r\u00e9sistant \u00e0 l&rsquo;usure, \u00e0 l&rsquo;essence, \u00e0 l&rsquo;huile et aux acides, sp\u00e9cialement con\u00e7u pour les camping-cars et les caravanes.<br \/>\nToutes les irr\u00e9gularit\u00e9s du sol et les diff\u00e9rences de hauteur du support peuvent \u00eatre compens\u00e9es en continu de 1,5 cm \u00e0 20 cm. La capacit\u00e9 de charge de l&rsquo;EMUK Air-Lift est de 17,5 tonnes et bat tous les records pr\u00e9c\u00e9dents en comparaison avec les cales de compensation traditionnelles.<\/p>\n<p>&nbsp;<\/p>\n<ul>\n<li>&nbsp;&nbsp;&nbsp; Dimensions : 72 x 43 x 2,6 cm<\/li>\n<li>&nbsp;&nbsp;&nbsp; Poids : 5,3 kg<\/li>\n<li>&nbsp;&nbsp;&nbsp; Capacit\u00e9 de charge : 17,5 t \u00e0 6 bar<\/li>\n<li>&nbsp;&nbsp;&nbsp; Hauteur max. Hauteur : 20 cm<\/li>\n<li>&nbsp;&nbsp;&nbsp; Hauteur min. non gonfl\u00e9e : 1,5 cm<\/li>\n<li>&nbsp;&nbsp;&nbsp; Gonflage &amp; d\u00e9gonflage : 1 soupape de voiture<\/li>\n<li>&nbsp;&nbsp;&nbsp; Test de pression test\u00e9 : 48 h \u00e0 5 bar<\/li>\n<li>&nbsp;&nbsp;&nbsp; Temp\u00e9rature d&rsquo;utilisation : -20 \u00b0C \u00e0 +60 \u00b0C<\/li>\n<\/ul>\n<p>Contenu de la livraison :<\/p>\n<p>2 coussins de levage Air-Lift (Twin)<br \/>\n2 soupapes de purge<br \/>\nSac de rangement<br \/>\nNiveau \u00e0 bulle<\/p>\n","protected":false},"excerpt":{"rendered":"<p>L&rsquo;EMUK Air-Lift est un coussin de levage pneumatique tr\u00e8s r\u00e9sistant, r\u00e9sistant \u00e0 l&rsquo;usure, \u00e0 l&rsquo;essence, \u00e0 l&rsquo;huile et aux acides, sp\u00e9cialement con\u00e7u pour les camping-cars et les caravanes. Toutes les irr\u00e9gularit\u00e9s du sol et les diff\u00e9rences de hauteur du support peuvent \u00eatre compens\u00e9es en continu de 1,5 cm \u00e0 20 cm. La capacit\u00e9 de charge [&hellip;]<\/p>\n","protected":false},"featured_media":211197,"template":"","meta":{"_acf_changed":false},"product_featured_cat":[],"product_brand":[],"product_cat":[4769],"product_tag":[],"class_list":{"0":"post-211205","1":"product","2":"type-product","3":"status-publish","4":"has-post-thumbnail","6":"product_cat-cales-dacces","8":"first","9":"instock","10":"taxable","11":"shipping-taxable","12":"purchasable","13":"product-type-simple"},"acf":[],"yoast_head":"<!-- This site is optimized with the Yoast SEO plugin v27.4 - https:\/\/yoast.com\/product\/yoast-seo-wordpress\/ -->\n<title>Coussin de compensation Air-Lift pour pneus jumel\u00e9s Twin\/Trucks - Bantam Wankm\u00fcller SA<\/title>\n<meta name=\"robots\" content=\"index, follow, max-snippet:-1, max-image-preview:large, max-video-preview:-1\" \/>\n<link rel=\"canonical\" href=\"https:\/\/shop.bantam.ch\/fr\/produit\/coussin-de-compensation-air-lift-pour-pneus-jumeles-twin-trucks\/\" \/>\n<meta property=\"og:locale\" content=\"fr_FR\" \/>\n<meta property=\"og:type\" content=\"article\" \/>\n<meta property=\"og:title\" content=\"Coussin de compensation Air-Lift pour pneus jumel\u00e9s Twin\/Trucks - Bantam Wankm\u00fcller SA\" \/>\n<meta property=\"og:description\" content=\"L&rsquo;EMUK Air-Lift est un coussin de levage pneumatique tr\u00e8s r\u00e9sistant, r\u00e9sistant \u00e0 l&rsquo;usure, \u00e0 l&rsquo;essence, \u00e0 l&rsquo;huile et aux acides, sp\u00e9cialement con\u00e7u pour les camping-cars et les caravanes. Toutes les irr\u00e9gularit\u00e9s du sol et les diff\u00e9rences de hauteur du support peuvent \u00eatre compens\u00e9es en continu de 1,5 cm \u00e0 20 cm. La capacit\u00e9 de charge [&hellip;]\" \/>\n<meta property=\"og:url\" content=\"https:\/\/shop.bantam.ch\/fr\/produit\/coussin-de-compensation-air-lift-pour-pneus-jumeles-twin-trucks\/\" \/>\n<meta property=\"og:site_name\" content=\"Bantam Wankm\u00fcller SA\" \/>\n<meta property=\"article:modified_time\" content=\"2026-04-18T21:23:15+00:00\" \/>\n<meta name=\"twitter:card\" content=\"summary_large_image\" \/>\n<meta name=\"twitter:label1\" content=\"Dur\u00e9e de lecture estim\u00e9e\" \/>\n\t<meta name=\"twitter:data1\" content=\"1 minute\" \/>\n<script type=\"application\/ld+json\" class=\"yoast-schema-graph\">{\"@context\":\"https:\\\/\\\/schema.org\",\"@graph\":[{\"@type\":\"WebPage\",\"@id\":\"https:\\\/\\\/shop.bantam.ch\\\/fr\\\/produit\\\/coussin-de-compensation-air-lift-pour-pneus-jumeles-twin-trucks\\\/\",\"url\":\"https:\\\/\\\/shop.bantam.ch\\\/fr\\\/produit\\\/coussin-de-compensation-air-lift-pour-pneus-jumeles-twin-trucks\\\/\",\"name\":\"Coussin de compensation Air-Lift pour pneus jumel\u00e9s Twin\\\/Trucks - Bantam Wankm\u00fcller SA\",\"isPartOf\":{\"@id\":\"https:\\\/\\\/shop.bantam.ch\\\/fr\\\/#website\"},\"primaryImageOfPage\":{\"@id\":\"https:\\\/\\\/shop.bantam.ch\\\/fr\\\/produit\\\/coussin-de-compensation-air-lift-pour-pneus-jumeles-twin-trucks\\\/#primaryimage\"},\"image\":{\"@id\":\"https:\\\/\\\/shop.bantam.ch\\\/fr\\\/produit\\\/coussin-de-compensation-air-lift-pour-pneus-jumeles-twin-trucks\\\/#primaryimage\"},\"thumbnailUrl\":\"https:\\\/\\\/shop.bantam.ch\\\/wp-content\\\/uploads\\\/2025\\\/03\\\/Movera-L-9949437100.jpg\",\"datePublished\":\"2025-03-14T13:30:43+00:00\",\"dateModified\":\"2026-04-18T21:23:15+00:00\",\"breadcrumb\":{\"@id\":\"https:\\\/\\\/shop.bantam.ch\\\/fr\\\/produit\\\/coussin-de-compensation-air-lift-pour-pneus-jumeles-twin-trucks\\\/#breadcrumb\"},\"inLanguage\":\"fr-FR\",\"potentialAction\":[{\"@type\":\"ReadAction\",\"target\":[\"https:\\\/\\\/shop.bantam.ch\\\/fr\\\/produit\\\/coussin-de-compensation-air-lift-pour-pneus-jumeles-twin-trucks\\\/\"]}]},{\"@type\":\"ImageObject\",\"inLanguage\":\"fr-FR\",\"@id\":\"https:\\\/\\\/shop.bantam.ch\\\/fr\\\/produit\\\/coussin-de-compensation-air-lift-pour-pneus-jumeles-twin-trucks\\\/#primaryimage\",\"url\":\"https:\\\/\\\/shop.bantam.ch\\\/wp-content\\\/uploads\\\/2025\\\/03\\\/Movera-L-9949437100.jpg\",\"contentUrl\":\"https:\\\/\\\/shop.bantam.ch\\\/wp-content\\\/uploads\\\/2025\\\/03\\\/Movera-L-9949437100.jpg\",\"width\":640,\"height\":427},{\"@type\":\"BreadcrumbList\",\"@id\":\"https:\\\/\\\/shop.bantam.ch\\\/fr\\\/produit\\\/coussin-de-compensation-air-lift-pour-pneus-jumeles-twin-trucks\\\/#breadcrumb\",\"itemListElement\":[{\"@type\":\"ListItem\",\"position\":1,\"name\":\"Accueil\",\"item\":\"https:\\\/\\\/shop.bantam.ch\\\/fr\\\/\"},{\"@type\":\"ListItem\",\"position\":2,\"name\":\"Boutique\",\"item\":\"https:\\\/\\\/shop.bantam.ch\\\/fr\\\/boutique\\\/\"},{\"@type\":\"ListItem\",\"position\":3,\"name\":\"Coussin de compensation Air-Lift pour pneus jumel\u00e9s Twin\\\/Trucks\"}]},{\"@type\":\"WebSite\",\"@id\":\"https:\\\/\\\/shop.bantam.ch\\\/fr\\\/#website\",\"url\":\"https:\\\/\\\/shop.bantam.ch\\\/fr\\\/\",\"name\":\"Bantam Wankm\u00fcller SA\",\"description\":\"\",\"publisher\":{\"@id\":\"https:\\\/\\\/shop.bantam.ch\\\/fr\\\/#organization\"},\"inLanguage\":\"fr-FR\"},{\"@type\":\"Organization\",\"@id\":\"https:\\\/\\\/shop.bantam.ch\\\/fr\\\/#organization\",\"name\":\"Bantam Wankm\u00fcller SA\",\"url\":\"https:\\\/\\\/shop.bantam.ch\\\/fr\\\/\",\"logo\":{\"@type\":\"ImageObject\",\"inLanguage\":\"fr-FR\",\"@id\":\"https:\\\/\\\/shop.bantam.ch\\\/fr\\\/#\\\/schema\\\/logo\\\/image\\\/\",\"url\":\"https:\\\/\\\/shop.bantam.ch\\\/wp-content\\\/uploads\\\/2022\\\/12\\\/bantam-logo.png\",\"contentUrl\":\"https:\\\/\\\/shop.bantam.ch\\\/wp-content\\\/uploads\\\/2022\\\/12\\\/bantam-logo.png\",\"width\":320,\"height\":71,\"caption\":\"Bantam Wankm\u00fcller SA\"},\"image\":{\"@id\":\"https:\\\/\\\/shop.bantam.ch\\\/fr\\\/#\\\/schema\\\/logo\\\/image\\\/\"}}]}<\/script>\n<!-- \/ Yoast SEO plugin. -->","yoast_head_json":{"title":"Coussin de compensation Air-Lift pour pneus jumel\u00e9s Twin\/Trucks - Bantam Wankm\u00fcller SA","robots":{"index":"index","follow":"follow","max-snippet":"max-snippet:-1","max-image-preview":"max-image-preview:large","max-video-preview":"max-video-preview:-1"},"canonical":"https:\/\/shop.bantam.ch\/fr\/produit\/coussin-de-compensation-air-lift-pour-pneus-jumeles-twin-trucks\/","og_locale":"fr_FR","og_type":"article","og_title":"Coussin de compensation Air-Lift pour pneus jumel\u00e9s Twin\/Trucks - Bantam Wankm\u00fcller SA","og_description":"L&rsquo;EMUK Air-Lift est un coussin de levage pneumatique tr\u00e8s r\u00e9sistant, r\u00e9sistant \u00e0 l&rsquo;usure, \u00e0 l&rsquo;essence, \u00e0 l&rsquo;huile et aux acides, sp\u00e9cialement con\u00e7u pour les camping-cars et les caravanes. Toutes les irr\u00e9gularit\u00e9s du sol et les diff\u00e9rences de hauteur du support peuvent \u00eatre compens\u00e9es en continu de 1,5 cm \u00e0 20 cm. La capacit\u00e9 de charge [&hellip;]","og_url":"https:\/\/shop.bantam.ch\/fr\/produit\/coussin-de-compensation-air-lift-pour-pneus-jumeles-twin-trucks\/","og_site_name":"Bantam Wankm\u00fcller SA","article_modified_time":"2026-04-18T21:23:15+00:00","twitter_card":"summary_large_image","twitter_misc":{"Dur\u00e9e de lecture estim\u00e9e":"1 minute"},"schema":{"@context":"https:\/\/schema.org","@graph":[{"@type":"WebPage","@id":"https:\/\/shop.bantam.ch\/fr\/produit\/coussin-de-compensation-air-lift-pour-pneus-jumeles-twin-trucks\/","url":"https:\/\/shop.bantam.ch\/fr\/produit\/coussin-de-compensation-air-lift-pour-pneus-jumeles-twin-trucks\/","name":"Coussin de compensation Air-Lift pour pneus jumel\u00e9s Twin\/Trucks - Bantam Wankm\u00fcller SA","isPartOf":{"@id":"https:\/\/shop.bantam.ch\/fr\/#website"},"primaryImageOfPage":{"@id":"https:\/\/shop.bantam.ch\/fr\/produit\/coussin-de-compensation-air-lift-pour-pneus-jumeles-twin-trucks\/#primaryimage"},"image":{"@id":"https:\/\/shop.bantam.ch\/fr\/produit\/coussin-de-compensation-air-lift-pour-pneus-jumeles-twin-trucks\/#primaryimage"},"thumbnailUrl":"https:\/\/shop.bantam.ch\/wp-content\/uploads\/2025\/03\/Movera-L-9949437100.jpg","datePublished":"2025-03-14T13:30:43+00:00","dateModified":"2026-04-18T21:23:15+00:00","breadcrumb":{"@id":"https:\/\/shop.bantam.ch\/fr\/produit\/coussin-de-compensation-air-lift-pour-pneus-jumeles-twin-trucks\/#breadcrumb"},"inLanguage":"fr-FR","potentialAction":[{"@type":"ReadAction","target":["https:\/\/shop.bantam.ch\/fr\/produit\/coussin-de-compensation-air-lift-pour-pneus-jumeles-twin-trucks\/"]}]},{"@type":"ImageObject","inLanguage":"fr-FR","@id":"https:\/\/shop.bantam.ch\/fr\/produit\/coussin-de-compensation-air-lift-pour-pneus-jumeles-twin-trucks\/#primaryimage","url":"https:\/\/shop.bantam.ch\/wp-content\/uploads\/2025\/03\/Movera-L-9949437100.jpg","contentUrl":"https:\/\/shop.bantam.ch\/wp-content\/uploads\/2025\/03\/Movera-L-9949437100.jpg","width":640,"height":427},{"@type":"BreadcrumbList","@id":"https:\/\/shop.bantam.ch\/fr\/produit\/coussin-de-compensation-air-lift-pour-pneus-jumeles-twin-trucks\/#breadcrumb","itemListElement":[{"@type":"ListItem","position":1,"name":"Accueil","item":"https:\/\/shop.bantam.ch\/fr\/"},{"@type":"ListItem","position":2,"name":"Boutique","item":"https:\/\/shop.bantam.ch\/fr\/boutique\/"},{"@type":"ListItem","position":3,"name":"Coussin de compensation Air-Lift pour pneus jumel\u00e9s Twin\/Trucks"}]},{"@type":"WebSite","@id":"https:\/\/shop.bantam.ch\/fr\/#website","url":"https:\/\/shop.bantam.ch\/fr\/","name":"Bantam Wankm\u00fcller SA","description":"","publisher":{"@id":"https:\/\/shop.bantam.ch\/fr\/#organization"},"inLanguage":"fr-FR"},{"@type":"Organization","@id":"https:\/\/shop.bantam.ch\/fr\/#organization","name":"Bantam Wankm\u00fcller SA","url":"https:\/\/shop.bantam.ch\/fr\/","logo":{"@type":"ImageObject","inLanguage":"fr-FR","@id":"https:\/\/shop.bantam.ch\/fr\/#\/schema\/logo\/image\/","url":"https:\/\/shop.bantam.ch\/wp-content\/uploads\/2022\/12\/bantam-logo.png","contentUrl":"https:\/\/shop.bantam.ch\/wp-content\/uploads\/2022\/12\/bantam-logo.png","width":320,"height":71,"caption":"Bantam Wankm\u00fcller SA"},"image":{"@id":"https:\/\/shop.bantam.ch\/fr\/#\/schema\/logo\/image\/"}}]}},"_links":{"self":[{"href":"https:\/\/shop.bantam.ch\/fr\/wp-json\/wp\/v2\/product\/211205","targetHints":{"allow":["GET"]}}],"collection":[{"href":"https:\/\/shop.bantam.ch\/fr\/wp-json\/wp\/v2\/product"}],"about":[{"href":"https:\/\/shop.bantam.ch\/fr\/wp-json\/wp\/v2\/types\/product"}],"wp:featuredmedia":[{"embeddable":true,"href":"https:\/\/shop.bantam.ch\/fr\/wp-json\/wp\/v2\/media\/211197"}],"wp:attachment":[{"href":"https:\/\/shop.bantam.ch\/fr\/wp-json\/wp\/v2\/media?parent=211205"}],"wp:term":[{"taxonomy":"product_featured_cat","embeddable":true,"href":"https:\/\/shop.bantam.ch\/fr\/wp-json\/wp\/v2\/product_featured_cat?post=211205"},{"taxonomy":"product_brand","embeddable":true,"href":"https:\/\/shop.bantam.ch\/fr\/wp-json\/wp\/v2\/product_brand?post=211205"},{"taxonomy":"product_cat","embeddable":true,"href":"https:\/\/shop.bantam.ch\/fr\/wp-json\/wp\/v2\/product_cat?post=211205"},{"taxonomy":"product_tag","embeddable":true,"href":"https:\/\/shop.bantam.ch\/fr\/wp-json\/wp\/v2\/product_tag?post=211205"}],"curies":[{"name":"wp","href":"https:\/\/api.w.org\/{rel}","templated":true}]}}