{"id":211179,"date":"2025-03-14T14:30:11","date_gmt":"2025-03-14T13:30:11","guid":{"rendered":"https:\/\/shop.bantam.ch\/produit\/tapis-dauvent-isabella\/"},"modified":"2026-04-18T01:39:31","modified_gmt":"2026-04-17T23:39:31","slug":"tapis-dauvent-isabella","status":"publish","type":"product","link":"https:\/\/shop.bantam.ch\/fr\/produit\/tapis-dauvent-isabella\/","title":{"rendered":"Tapis d\u2019auvent Isabella"},"content":{"rendered":"<p>Le tapis de store Isabella est enti\u00e8rement confectionn\u00e9. Le tapis IsabellaCarpet, tr\u00e8s r\u00e9sistant et \u00e9prouv\u00e9, sert de base. Celui-ci est en outre bord\u00e9 sur tous les c\u00f4t\u00e9s et muni d&rsquo;un \u0153illet d&rsquo;ancrage dans chaque coin.<br \/>\nLa base (Isabella Carpet) de ce tapis de store est fabriqu\u00e9e en Su\u00e8de dans le respect des normes environnementales les plus strictes (totalement exempte de phtalates) et avec 100 % d&rsquo;\u00e9nergies renouvelables, puis transform\u00e9e au Danemark. En ce qui concerne le poids, nous avons veill\u00e9 \u00e0 un bon rapport entre le poids du tissage (qui, avec le type de tissage, d\u00e9termine la dur\u00e9e de vie) et un poids de transport aussi faible que possible. Une sensation agr\u00e9able sous vos pieds est bien s\u00fbr une \u00e9vidence !<\/p>\n<ul>\n<li>Fabriqu\u00e9 dans le respect de l&rsquo;environnement et sans phtalates.<\/li>\n<li>Tr\u00e8s facile \u00e0 nettoyer et robuste<\/li>\n<li>R\u00e9sistant \u00e0 l&rsquo;eau et au feu<\/li>\n<li>R\u00e9sistant aux UV<\/li>\n<li>Rapport id\u00e9al entre la taille de rangement et la durabilit\u00e9<\/li>\n<\/ul>\n<p>Mat\u00e9riau :&nbsp;<br \/>\nCouche d&rsquo;usure 100 % polychlorure<\/p>\n","protected":false},"excerpt":{"rendered":"<p>Le tapis de store Isabella est enti\u00e8rement confectionn\u00e9. Le tapis IsabellaCarpet, tr\u00e8s r\u00e9sistant et \u00e9prouv\u00e9, sert de base. Celui-ci est en outre bord\u00e9 sur tous les c\u00f4t\u00e9s et muni d&rsquo;un \u0153illet d&rsquo;ancrage dans chaque coin. La base (Isabella Carpet) de ce tapis de store est fabriqu\u00e9e en Su\u00e8de dans le respect des normes environnementales les [&hellip;]<\/p>\n","protected":false},"featured_media":211175,"template":"","meta":{"_acf_changed":false},"product_featured_cat":[],"product_brand":[],"product_cat":[4261],"product_tag":[],"class_list":{"0":"post-211179","1":"product","2":"type-product","3":"status-publish","4":"has-post-thumbnail","6":"product_cat-tapis-de-tente-et-planchers","8":"first","9":"instock","10":"taxable","11":"shipping-taxable","12":"purchasable","13":"product-type-variable"},"acf":[],"yoast_head":"<!-- This site is optimized with the Yoast SEO plugin v27.4 - https:\/\/yoast.com\/product\/yoast-seo-wordpress\/ -->\n<title>Tapis d\u2019auvent Isabella - Bantam Wankm\u00fcller SA<\/title>\n<meta name=\"robots\" content=\"index, follow, max-snippet:-1, max-image-preview:large, max-video-preview:-1\" \/>\n<link rel=\"canonical\" href=\"https:\/\/shop.bantam.ch\/fr\/produit\/tapis-dauvent-isabella\/\" \/>\n<meta property=\"og:locale\" content=\"fr_FR\" \/>\n<meta property=\"og:type\" content=\"article\" \/>\n<meta property=\"og:title\" content=\"Tapis d\u2019auvent Isabella - Bantam Wankm\u00fcller SA\" \/>\n<meta property=\"og:description\" content=\"Le tapis de store Isabella est enti\u00e8rement confectionn\u00e9. Le tapis IsabellaCarpet, tr\u00e8s r\u00e9sistant et \u00e9prouv\u00e9, sert de base. Celui-ci est en outre bord\u00e9 sur tous les c\u00f4t\u00e9s et muni d&rsquo;un \u0153illet d&rsquo;ancrage dans chaque coin. La base (Isabella Carpet) de ce tapis de store est fabriqu\u00e9e en Su\u00e8de dans le respect des normes environnementales les [&hellip;]\" \/>\n<meta property=\"og:url\" content=\"https:\/\/shop.bantam.ch\/fr\/produit\/tapis-dauvent-isabella\/\" \/>\n<meta property=\"og:site_name\" content=\"Bantam Wankm\u00fcller SA\" \/>\n<meta property=\"article:modified_time\" content=\"2026-04-17T23:39:31+00:00\" \/>\n<meta name=\"twitter:card\" content=\"summary_large_image\" \/>\n<meta name=\"twitter:label1\" content=\"Dur\u00e9e de lecture estim\u00e9e\" \/>\n\t<meta name=\"twitter:data1\" content=\"1 minute\" \/>\n<script type=\"application\/ld+json\" class=\"yoast-schema-graph\">{\"@context\":\"https:\\\/\\\/schema.org\",\"@graph\":[{\"@type\":\"WebPage\",\"@id\":\"https:\\\/\\\/shop.bantam.ch\\\/fr\\\/produit\\\/tapis-dauvent-isabella\\\/\",\"url\":\"https:\\\/\\\/shop.bantam.ch\\\/fr\\\/produit\\\/tapis-dauvent-isabella\\\/\",\"name\":\"Tapis d\u2019auvent Isabella - Bantam Wankm\u00fcller SA\",\"isPartOf\":{\"@id\":\"https:\\\/\\\/shop.bantam.ch\\\/fr\\\/#website\"},\"primaryImageOfPage\":{\"@id\":\"https:\\\/\\\/shop.bantam.ch\\\/fr\\\/produit\\\/tapis-dauvent-isabella\\\/#primaryimage\"},\"image\":{\"@id\":\"https:\\\/\\\/shop.bantam.ch\\\/fr\\\/produit\\\/tapis-dauvent-isabella\\\/#primaryimage\"},\"thumbnailUrl\":\"https:\\\/\\\/shop.bantam.ch\\\/wp-content\\\/uploads\\\/2025\\\/03\\\/Movera-L-0107106100.jpg\",\"datePublished\":\"2025-03-14T13:30:11+00:00\",\"dateModified\":\"2026-04-17T23:39:31+00:00\",\"breadcrumb\":{\"@id\":\"https:\\\/\\\/shop.bantam.ch\\\/fr\\\/produit\\\/tapis-dauvent-isabella\\\/#breadcrumb\"},\"inLanguage\":\"fr-FR\",\"potentialAction\":[{\"@type\":\"ReadAction\",\"target\":[\"https:\\\/\\\/shop.bantam.ch\\\/fr\\\/produit\\\/tapis-dauvent-isabella\\\/\"]}]},{\"@type\":\"ImageObject\",\"inLanguage\":\"fr-FR\",\"@id\":\"https:\\\/\\\/shop.bantam.ch\\\/fr\\\/produit\\\/tapis-dauvent-isabella\\\/#primaryimage\",\"url\":\"https:\\\/\\\/shop.bantam.ch\\\/wp-content\\\/uploads\\\/2025\\\/03\\\/Movera-L-0107106100.jpg\",\"contentUrl\":\"https:\\\/\\\/shop.bantam.ch\\\/wp-content\\\/uploads\\\/2025\\\/03\\\/Movera-L-0107106100.jpg\",\"width\":640,\"height\":419},{\"@type\":\"BreadcrumbList\",\"@id\":\"https:\\\/\\\/shop.bantam.ch\\\/fr\\\/produit\\\/tapis-dauvent-isabella\\\/#breadcrumb\",\"itemListElement\":[{\"@type\":\"ListItem\",\"position\":1,\"name\":\"Accueil\",\"item\":\"https:\\\/\\\/shop.bantam.ch\\\/fr\\\/\"},{\"@type\":\"ListItem\",\"position\":2,\"name\":\"Boutique\",\"item\":\"https:\\\/\\\/shop.bantam.ch\\\/fr\\\/boutique\\\/\"},{\"@type\":\"ListItem\",\"position\":3,\"name\":\"Tapis d\u2019auvent Isabella\"}]},{\"@type\":\"WebSite\",\"@id\":\"https:\\\/\\\/shop.bantam.ch\\\/fr\\\/#website\",\"url\":\"https:\\\/\\\/shop.bantam.ch\\\/fr\\\/\",\"name\":\"Bantam Wankm\u00fcller SA\",\"description\":\"\",\"publisher\":{\"@id\":\"https:\\\/\\\/shop.bantam.ch\\\/fr\\\/#organization\"},\"inLanguage\":\"fr-FR\"},{\"@type\":\"Organization\",\"@id\":\"https:\\\/\\\/shop.bantam.ch\\\/fr\\\/#organization\",\"name\":\"Bantam Wankm\u00fcller SA\",\"url\":\"https:\\\/\\\/shop.bantam.ch\\\/fr\\\/\",\"logo\":{\"@type\":\"ImageObject\",\"inLanguage\":\"fr-FR\",\"@id\":\"https:\\\/\\\/shop.bantam.ch\\\/fr\\\/#\\\/schema\\\/logo\\\/image\\\/\",\"url\":\"https:\\\/\\\/shop.bantam.ch\\\/wp-content\\\/uploads\\\/2022\\\/12\\\/bantam-logo.png\",\"contentUrl\":\"https:\\\/\\\/shop.bantam.ch\\\/wp-content\\\/uploads\\\/2022\\\/12\\\/bantam-logo.png\",\"width\":320,\"height\":71,\"caption\":\"Bantam Wankm\u00fcller SA\"},\"image\":{\"@id\":\"https:\\\/\\\/shop.bantam.ch\\\/fr\\\/#\\\/schema\\\/logo\\\/image\\\/\"}}]}<\/script>\n<!-- \/ Yoast SEO plugin. -->","yoast_head_json":{"title":"Tapis d\u2019auvent Isabella - Bantam Wankm\u00fcller SA","robots":{"index":"index","follow":"follow","max-snippet":"max-snippet:-1","max-image-preview":"max-image-preview:large","max-video-preview":"max-video-preview:-1"},"canonical":"https:\/\/shop.bantam.ch\/fr\/produit\/tapis-dauvent-isabella\/","og_locale":"fr_FR","og_type":"article","og_title":"Tapis d\u2019auvent Isabella - Bantam Wankm\u00fcller SA","og_description":"Le tapis de store Isabella est enti\u00e8rement confectionn\u00e9. Le tapis IsabellaCarpet, tr\u00e8s r\u00e9sistant et \u00e9prouv\u00e9, sert de base. Celui-ci est en outre bord\u00e9 sur tous les c\u00f4t\u00e9s et muni d&rsquo;un \u0153illet d&rsquo;ancrage dans chaque coin. La base (Isabella Carpet) de ce tapis de store est fabriqu\u00e9e en Su\u00e8de dans le respect des normes environnementales les [&hellip;]","og_url":"https:\/\/shop.bantam.ch\/fr\/produit\/tapis-dauvent-isabella\/","og_site_name":"Bantam Wankm\u00fcller SA","article_modified_time":"2026-04-17T23:39:31+00:00","twitter_card":"summary_large_image","twitter_misc":{"Dur\u00e9e de lecture estim\u00e9e":"1 minute"},"schema":{"@context":"https:\/\/schema.org","@graph":[{"@type":"WebPage","@id":"https:\/\/shop.bantam.ch\/fr\/produit\/tapis-dauvent-isabella\/","url":"https:\/\/shop.bantam.ch\/fr\/produit\/tapis-dauvent-isabella\/","name":"Tapis d\u2019auvent Isabella - Bantam Wankm\u00fcller SA","isPartOf":{"@id":"https:\/\/shop.bantam.ch\/fr\/#website"},"primaryImageOfPage":{"@id":"https:\/\/shop.bantam.ch\/fr\/produit\/tapis-dauvent-isabella\/#primaryimage"},"image":{"@id":"https:\/\/shop.bantam.ch\/fr\/produit\/tapis-dauvent-isabella\/#primaryimage"},"thumbnailUrl":"https:\/\/shop.bantam.ch\/wp-content\/uploads\/2025\/03\/Movera-L-0107106100.jpg","datePublished":"2025-03-14T13:30:11+00:00","dateModified":"2026-04-17T23:39:31+00:00","breadcrumb":{"@id":"https:\/\/shop.bantam.ch\/fr\/produit\/tapis-dauvent-isabella\/#breadcrumb"},"inLanguage":"fr-FR","potentialAction":[{"@type":"ReadAction","target":["https:\/\/shop.bantam.ch\/fr\/produit\/tapis-dauvent-isabella\/"]}]},{"@type":"ImageObject","inLanguage":"fr-FR","@id":"https:\/\/shop.bantam.ch\/fr\/produit\/tapis-dauvent-isabella\/#primaryimage","url":"https:\/\/shop.bantam.ch\/wp-content\/uploads\/2025\/03\/Movera-L-0107106100.jpg","contentUrl":"https:\/\/shop.bantam.ch\/wp-content\/uploads\/2025\/03\/Movera-L-0107106100.jpg","width":640,"height":419},{"@type":"BreadcrumbList","@id":"https:\/\/shop.bantam.ch\/fr\/produit\/tapis-dauvent-isabella\/#breadcrumb","itemListElement":[{"@type":"ListItem","position":1,"name":"Accueil","item":"https:\/\/shop.bantam.ch\/fr\/"},{"@type":"ListItem","position":2,"name":"Boutique","item":"https:\/\/shop.bantam.ch\/fr\/boutique\/"},{"@type":"ListItem","position":3,"name":"Tapis d\u2019auvent Isabella"}]},{"@type":"WebSite","@id":"https:\/\/shop.bantam.ch\/fr\/#website","url":"https:\/\/shop.bantam.ch\/fr\/","name":"Bantam Wankm\u00fcller SA","description":"","publisher":{"@id":"https:\/\/shop.bantam.ch\/fr\/#organization"},"inLanguage":"fr-FR"},{"@type":"Organization","@id":"https:\/\/shop.bantam.ch\/fr\/#organization","name":"Bantam Wankm\u00fcller SA","url":"https:\/\/shop.bantam.ch\/fr\/","logo":{"@type":"ImageObject","inLanguage":"fr-FR","@id":"https:\/\/shop.bantam.ch\/fr\/#\/schema\/logo\/image\/","url":"https:\/\/shop.bantam.ch\/wp-content\/uploads\/2022\/12\/bantam-logo.png","contentUrl":"https:\/\/shop.bantam.ch\/wp-content\/uploads\/2022\/12\/bantam-logo.png","width":320,"height":71,"caption":"Bantam Wankm\u00fcller SA"},"image":{"@id":"https:\/\/shop.bantam.ch\/fr\/#\/schema\/logo\/image\/"}}]}},"_links":{"self":[{"href":"https:\/\/shop.bantam.ch\/fr\/wp-json\/wp\/v2\/product\/211179","targetHints":{"allow":["GET"]}}],"collection":[{"href":"https:\/\/shop.bantam.ch\/fr\/wp-json\/wp\/v2\/product"}],"about":[{"href":"https:\/\/shop.bantam.ch\/fr\/wp-json\/wp\/v2\/types\/product"}],"wp:featuredmedia":[{"embeddable":true,"href":"https:\/\/shop.bantam.ch\/fr\/wp-json\/wp\/v2\/media\/211175"}],"wp:attachment":[{"href":"https:\/\/shop.bantam.ch\/fr\/wp-json\/wp\/v2\/media?parent=211179"}],"wp:term":[{"taxonomy":"product_featured_cat","embeddable":true,"href":"https:\/\/shop.bantam.ch\/fr\/wp-json\/wp\/v2\/product_featured_cat?post=211179"},{"taxonomy":"product_brand","embeddable":true,"href":"https:\/\/shop.bantam.ch\/fr\/wp-json\/wp\/v2\/product_brand?post=211179"},{"taxonomy":"product_cat","embeddable":true,"href":"https:\/\/shop.bantam.ch\/fr\/wp-json\/wp\/v2\/product_cat?post=211179"},{"taxonomy":"product_tag","embeddable":true,"href":"https:\/\/shop.bantam.ch\/fr\/wp-json\/wp\/v2\/product_tag?post=211179"}],"curies":[{"name":"wp","href":"https:\/\/api.w.org\/{rel}","templated":true}]}}