{"id":211131,"date":"2025-03-14T14:28:49","date_gmt":"2025-03-14T13:28:49","guid":{"rendered":"https:\/\/shop.bantam.ch\/produit\/porte-velos-strada-e-bike-noir\/"},"modified":"2026-04-19T23:25:58","modified_gmt":"2026-04-19T21:25:58","slug":"porte-velos-strada-e-bike-noir","status":"publish","type":"product","link":"https:\/\/shop.bantam.ch\/fr\/produit\/porte-velos-strada-e-bike-noir\/","title":{"rendered":"Porte-v\u00e9los Strada E-Bike noir"},"content":{"rendered":"<ul>\n<li>Pour 2 v\u00e9los ou 2 v\u00e9los \u00e9lectriques<\/li>\n<li>Extensible \u00e0 3 v\u00e9los<\/li>\n<li>Toutes les tailles de v\u00e9los\/pneus<\/li>\n<li>Cadre de base en acier<\/li>\n<li>\u00c9paisseur du cadre 25 &#8211; 80 mm<\/li>\n<li>2 rails \u00e0 v\u00e9los en aluminium noir<\/li>\n<li>rails pour v\u00e9los distance 230 mm<\/li>\n<li>2 entretoises verrouillables<\/li>\n<li>Extensible et d\u00e9pliable<\/li>\n<li>Charge max. 60 kg<\/li>\n<li>Espacement tr\u00e8s important entre les rails pour v\u00e9los pour les moteurs \u00e9lectriques et les batteries en porte-\u00e0-faux.<\/li>\n<li>M\u00e9canisme de rabattement s\u00e9curis\u00e9 pour un acc\u00e8s rapide au coffre, m\u00eame en charge.<\/li>\n<li>Attelage de remorque \u00e0 verrouillage rapide pr\u00e9r\u00e9gl\u00e9<\/li>\n<li>Enti\u00e8rement \u00e9quip\u00e9 et pr\u00e9mont\u00e9<\/li>\n<li>S&rsquo;ins\u00e8re dans le coffre avec l&rsquo;\u00e9trier de retenue rabattu<\/li>\n<li>Support prot\u00e9g\u00e9 contre le vol<\/li>\n<li>V\u00e9los prot\u00e9g\u00e9s contre le vol<\/li>\n<li>Bras de pr\u00e9hension rembourr\u00e9s et verrouillables<\/li>\n<li>Bandes d&rsquo;arr\u00eat avec protection contre les forces de serrage<\/li>\n<li>Coques de roues librement positionnables<\/li>\n<li>Syst\u00e8me d&rsquo;\u00e9clairage avec protection des feux<\/li>\n<\/ul>\n","protected":false},"excerpt":{"rendered":"<p>Pour 2 v\u00e9los ou 2 v\u00e9los \u00e9lectriques Extensible \u00e0 3 v\u00e9los Toutes les tailles de v\u00e9los\/pneus Cadre de base en acier \u00c9paisseur du cadre 25 &#8211; 80 mm 2 rails \u00e0 v\u00e9los en aluminium noir rails pour v\u00e9los distance 230 mm 2 entretoises verrouillables Extensible et d\u00e9pliable Charge max. 60 kg Espacement tr\u00e8s important entre [&hellip;]<\/p>\n","protected":false},"featured_media":211127,"template":"","meta":{"_acf_changed":false},"product_featured_cat":[],"product_brand":[],"product_cat":[5137],"product_tag":[],"class_list":{"0":"post-211131","1":"product","2":"type-product","3":"status-publish","4":"has-post-thumbnail","6":"product_cat-porte-velos-arriere","8":"first","9":"instock","10":"taxable","11":"shipping-taxable","12":"purchasable","13":"product-type-simple"},"acf":[],"yoast_head":"<!-- This site is optimized with the Yoast SEO plugin v27.4 - https:\/\/yoast.com\/product\/yoast-seo-wordpress\/ -->\n<title>Porte-v\u00e9los Strada E-Bike noir - Bantam Wankm\u00fcller SA<\/title>\n<meta name=\"robots\" content=\"index, follow, max-snippet:-1, max-image-preview:large, max-video-preview:-1\" \/>\n<link rel=\"canonical\" href=\"https:\/\/shop.bantam.ch\/fr\/produit\/porte-velos-strada-e-bike-noir\/\" \/>\n<meta property=\"og:locale\" content=\"fr_FR\" \/>\n<meta property=\"og:type\" content=\"article\" \/>\n<meta property=\"og:title\" content=\"Porte-v\u00e9los Strada E-Bike noir - Bantam Wankm\u00fcller SA\" \/>\n<meta property=\"og:description\" content=\"Pour 2 v\u00e9los ou 2 v\u00e9los \u00e9lectriques Extensible \u00e0 3 v\u00e9los Toutes les tailles de v\u00e9los\/pneus Cadre de base en acier \u00c9paisseur du cadre 25 &#8211; 80 mm 2 rails \u00e0 v\u00e9los en aluminium noir rails pour v\u00e9los distance 230 mm 2 entretoises verrouillables Extensible et d\u00e9pliable Charge max. 60 kg Espacement tr\u00e8s important entre [&hellip;]\" \/>\n<meta property=\"og:url\" content=\"https:\/\/shop.bantam.ch\/fr\/produit\/porte-velos-strada-e-bike-noir\/\" \/>\n<meta property=\"og:site_name\" content=\"Bantam Wankm\u00fcller SA\" \/>\n<meta property=\"article:modified_time\" content=\"2026-04-19T21:25:58+00:00\" \/>\n<meta name=\"twitter:card\" content=\"summary_large_image\" \/>\n<meta name=\"twitter:label1\" content=\"Dur\u00e9e de lecture estim\u00e9e\" \/>\n\t<meta name=\"twitter:data1\" content=\"1 minute\" \/>\n<script type=\"application\/ld+json\" class=\"yoast-schema-graph\">{\"@context\":\"https:\\\/\\\/schema.org\",\"@graph\":[{\"@type\":\"WebPage\",\"@id\":\"https:\\\/\\\/shop.bantam.ch\\\/fr\\\/produit\\\/porte-velos-strada-e-bike-noir\\\/\",\"url\":\"https:\\\/\\\/shop.bantam.ch\\\/fr\\\/produit\\\/porte-velos-strada-e-bike-noir\\\/\",\"name\":\"Porte-v\u00e9los Strada E-Bike noir - Bantam Wankm\u00fcller SA\",\"isPartOf\":{\"@id\":\"https:\\\/\\\/shop.bantam.ch\\\/fr\\\/#website\"},\"primaryImageOfPage\":{\"@id\":\"https:\\\/\\\/shop.bantam.ch\\\/fr\\\/produit\\\/porte-velos-strada-e-bike-noir\\\/#primaryimage\"},\"image\":{\"@id\":\"https:\\\/\\\/shop.bantam.ch\\\/fr\\\/produit\\\/porte-velos-strada-e-bike-noir\\\/#primaryimage\"},\"thumbnailUrl\":\"https:\\\/\\\/shop.bantam.ch\\\/wp-content\\\/uploads\\\/2025\\\/03\\\/Movera-L-9947775100.jpg\",\"datePublished\":\"2025-03-14T13:28:49+00:00\",\"dateModified\":\"2026-04-19T21:25:58+00:00\",\"breadcrumb\":{\"@id\":\"https:\\\/\\\/shop.bantam.ch\\\/fr\\\/produit\\\/porte-velos-strada-e-bike-noir\\\/#breadcrumb\"},\"inLanguage\":\"fr-FR\",\"potentialAction\":[{\"@type\":\"ReadAction\",\"target\":[\"https:\\\/\\\/shop.bantam.ch\\\/fr\\\/produit\\\/porte-velos-strada-e-bike-noir\\\/\"]}]},{\"@type\":\"ImageObject\",\"inLanguage\":\"fr-FR\",\"@id\":\"https:\\\/\\\/shop.bantam.ch\\\/fr\\\/produit\\\/porte-velos-strada-e-bike-noir\\\/#primaryimage\",\"url\":\"https:\\\/\\\/shop.bantam.ch\\\/wp-content\\\/uploads\\\/2025\\\/03\\\/Movera-L-9947775100.jpg\",\"contentUrl\":\"https:\\\/\\\/shop.bantam.ch\\\/wp-content\\\/uploads\\\/2025\\\/03\\\/Movera-L-9947775100.jpg\",\"width\":640,\"height\":403},{\"@type\":\"BreadcrumbList\",\"@id\":\"https:\\\/\\\/shop.bantam.ch\\\/fr\\\/produit\\\/porte-velos-strada-e-bike-noir\\\/#breadcrumb\",\"itemListElement\":[{\"@type\":\"ListItem\",\"position\":1,\"name\":\"Accueil\",\"item\":\"https:\\\/\\\/shop.bantam.ch\\\/fr\\\/\"},{\"@type\":\"ListItem\",\"position\":2,\"name\":\"Boutique\",\"item\":\"https:\\\/\\\/shop.bantam.ch\\\/fr\\\/boutique\\\/\"},{\"@type\":\"ListItem\",\"position\":3,\"name\":\"Porte-v\u00e9los Strada E-Bike noir\"}]},{\"@type\":\"WebSite\",\"@id\":\"https:\\\/\\\/shop.bantam.ch\\\/fr\\\/#website\",\"url\":\"https:\\\/\\\/shop.bantam.ch\\\/fr\\\/\",\"name\":\"Bantam Wankm\u00fcller SA\",\"description\":\"\",\"publisher\":{\"@id\":\"https:\\\/\\\/shop.bantam.ch\\\/fr\\\/#organization\"},\"inLanguage\":\"fr-FR\"},{\"@type\":\"Organization\",\"@id\":\"https:\\\/\\\/shop.bantam.ch\\\/fr\\\/#organization\",\"name\":\"Bantam Wankm\u00fcller SA\",\"url\":\"https:\\\/\\\/shop.bantam.ch\\\/fr\\\/\",\"logo\":{\"@type\":\"ImageObject\",\"inLanguage\":\"fr-FR\",\"@id\":\"https:\\\/\\\/shop.bantam.ch\\\/fr\\\/#\\\/schema\\\/logo\\\/image\\\/\",\"url\":\"https:\\\/\\\/shop.bantam.ch\\\/wp-content\\\/uploads\\\/2022\\\/12\\\/bantam-logo.png\",\"contentUrl\":\"https:\\\/\\\/shop.bantam.ch\\\/wp-content\\\/uploads\\\/2022\\\/12\\\/bantam-logo.png\",\"width\":320,\"height\":71,\"caption\":\"Bantam Wankm\u00fcller SA\"},\"image\":{\"@id\":\"https:\\\/\\\/shop.bantam.ch\\\/fr\\\/#\\\/schema\\\/logo\\\/image\\\/\"}}]}<\/script>\n<!-- \/ Yoast SEO plugin. -->","yoast_head_json":{"title":"Porte-v\u00e9los Strada E-Bike noir - Bantam Wankm\u00fcller SA","robots":{"index":"index","follow":"follow","max-snippet":"max-snippet:-1","max-image-preview":"max-image-preview:large","max-video-preview":"max-video-preview:-1"},"canonical":"https:\/\/shop.bantam.ch\/fr\/produit\/porte-velos-strada-e-bike-noir\/","og_locale":"fr_FR","og_type":"article","og_title":"Porte-v\u00e9los Strada E-Bike noir - Bantam Wankm\u00fcller SA","og_description":"Pour 2 v\u00e9los ou 2 v\u00e9los \u00e9lectriques Extensible \u00e0 3 v\u00e9los Toutes les tailles de v\u00e9los\/pneus Cadre de base en acier \u00c9paisseur du cadre 25 &#8211; 80 mm 2 rails \u00e0 v\u00e9los en aluminium noir rails pour v\u00e9los distance 230 mm 2 entretoises verrouillables Extensible et d\u00e9pliable Charge max. 60 kg Espacement tr\u00e8s important entre [&hellip;]","og_url":"https:\/\/shop.bantam.ch\/fr\/produit\/porte-velos-strada-e-bike-noir\/","og_site_name":"Bantam Wankm\u00fcller SA","article_modified_time":"2026-04-19T21:25:58+00:00","twitter_card":"summary_large_image","twitter_misc":{"Dur\u00e9e de lecture estim\u00e9e":"1 minute"},"schema":{"@context":"https:\/\/schema.org","@graph":[{"@type":"WebPage","@id":"https:\/\/shop.bantam.ch\/fr\/produit\/porte-velos-strada-e-bike-noir\/","url":"https:\/\/shop.bantam.ch\/fr\/produit\/porte-velos-strada-e-bike-noir\/","name":"Porte-v\u00e9los Strada E-Bike noir - Bantam Wankm\u00fcller SA","isPartOf":{"@id":"https:\/\/shop.bantam.ch\/fr\/#website"},"primaryImageOfPage":{"@id":"https:\/\/shop.bantam.ch\/fr\/produit\/porte-velos-strada-e-bike-noir\/#primaryimage"},"image":{"@id":"https:\/\/shop.bantam.ch\/fr\/produit\/porte-velos-strada-e-bike-noir\/#primaryimage"},"thumbnailUrl":"https:\/\/shop.bantam.ch\/wp-content\/uploads\/2025\/03\/Movera-L-9947775100.jpg","datePublished":"2025-03-14T13:28:49+00:00","dateModified":"2026-04-19T21:25:58+00:00","breadcrumb":{"@id":"https:\/\/shop.bantam.ch\/fr\/produit\/porte-velos-strada-e-bike-noir\/#breadcrumb"},"inLanguage":"fr-FR","potentialAction":[{"@type":"ReadAction","target":["https:\/\/shop.bantam.ch\/fr\/produit\/porte-velos-strada-e-bike-noir\/"]}]},{"@type":"ImageObject","inLanguage":"fr-FR","@id":"https:\/\/shop.bantam.ch\/fr\/produit\/porte-velos-strada-e-bike-noir\/#primaryimage","url":"https:\/\/shop.bantam.ch\/wp-content\/uploads\/2025\/03\/Movera-L-9947775100.jpg","contentUrl":"https:\/\/shop.bantam.ch\/wp-content\/uploads\/2025\/03\/Movera-L-9947775100.jpg","width":640,"height":403},{"@type":"BreadcrumbList","@id":"https:\/\/shop.bantam.ch\/fr\/produit\/porte-velos-strada-e-bike-noir\/#breadcrumb","itemListElement":[{"@type":"ListItem","position":1,"name":"Accueil","item":"https:\/\/shop.bantam.ch\/fr\/"},{"@type":"ListItem","position":2,"name":"Boutique","item":"https:\/\/shop.bantam.ch\/fr\/boutique\/"},{"@type":"ListItem","position":3,"name":"Porte-v\u00e9los Strada E-Bike noir"}]},{"@type":"WebSite","@id":"https:\/\/shop.bantam.ch\/fr\/#website","url":"https:\/\/shop.bantam.ch\/fr\/","name":"Bantam Wankm\u00fcller SA","description":"","publisher":{"@id":"https:\/\/shop.bantam.ch\/fr\/#organization"},"inLanguage":"fr-FR"},{"@type":"Organization","@id":"https:\/\/shop.bantam.ch\/fr\/#organization","name":"Bantam Wankm\u00fcller SA","url":"https:\/\/shop.bantam.ch\/fr\/","logo":{"@type":"ImageObject","inLanguage":"fr-FR","@id":"https:\/\/shop.bantam.ch\/fr\/#\/schema\/logo\/image\/","url":"https:\/\/shop.bantam.ch\/wp-content\/uploads\/2022\/12\/bantam-logo.png","contentUrl":"https:\/\/shop.bantam.ch\/wp-content\/uploads\/2022\/12\/bantam-logo.png","width":320,"height":71,"caption":"Bantam Wankm\u00fcller SA"},"image":{"@id":"https:\/\/shop.bantam.ch\/fr\/#\/schema\/logo\/image\/"}}]}},"_links":{"self":[{"href":"https:\/\/shop.bantam.ch\/fr\/wp-json\/wp\/v2\/product\/211131","targetHints":{"allow":["GET"]}}],"collection":[{"href":"https:\/\/shop.bantam.ch\/fr\/wp-json\/wp\/v2\/product"}],"about":[{"href":"https:\/\/shop.bantam.ch\/fr\/wp-json\/wp\/v2\/types\/product"}],"wp:featuredmedia":[{"embeddable":true,"href":"https:\/\/shop.bantam.ch\/fr\/wp-json\/wp\/v2\/media\/211127"}],"wp:attachment":[{"href":"https:\/\/shop.bantam.ch\/fr\/wp-json\/wp\/v2\/media?parent=211131"}],"wp:term":[{"taxonomy":"product_featured_cat","embeddable":true,"href":"https:\/\/shop.bantam.ch\/fr\/wp-json\/wp\/v2\/product_featured_cat?post=211131"},{"taxonomy":"product_brand","embeddable":true,"href":"https:\/\/shop.bantam.ch\/fr\/wp-json\/wp\/v2\/product_brand?post=211131"},{"taxonomy":"product_cat","embeddable":true,"href":"https:\/\/shop.bantam.ch\/fr\/wp-json\/wp\/v2\/product_cat?post=211131"},{"taxonomy":"product_tag","embeddable":true,"href":"https:\/\/shop.bantam.ch\/fr\/wp-json\/wp\/v2\/product_tag?post=211131"}],"curies":[{"name":"wp","href":"https:\/\/api.w.org\/{rel}","templated":true}]}}