{"id":211125,"date":"2025-03-14T14:28:40","date_gmt":"2025-03-14T13:28:40","guid":{"rendered":"https:\/\/shop.bantam.ch\/produit\/aide-au-classement-go2\/"},"modified":"2026-04-18T23:23:07","modified_gmt":"2026-04-18T21:23:07","slug":"aide-au-classement-go2","status":"publish","type":"product","link":"https:\/\/shop.bantam.ch\/fr\/produit\/aide-au-classement-go2\/","title":{"rendered":"Aide au classement GO2"},"content":{"rendered":"<p>O2, le petit assistant de man\u0153uvre qui a tout d\u2019un grand. Man\u0153uvrez votre camping-car sans probl\u00e8me pour le garer \u00e0 l\u2019endroit voulu&nbsp;:<\/p>\n<ul>\n<li>L\u2019assistant de man\u0153uvre&nbsp;GO2 vous permet de vous garer en toute pr\u00e9cision et de proc\u00e9der \u00e0 un attelage ais\u00e9ment. Il vous suffit d\u2019engager\/d\u00e9sengager facilement le GO2 d\u2019un c\u00f4t\u00e9. Gr\u00e2ce au m\u00e9canisme sophistiqu\u00e9, il se manipule sans grands efforts.<\/li>\n<li>La t\u00e9l\u00e9commande est ergonomique et son fonctionnement est intuitif. Le symbole d\u2019un camping-car facilite les man\u0153uvres.<\/li>\n<li>D\u00e9marrage en douceur, man\u0153uvres pr\u00e9cises et arr\u00eat pr\u00e9cis<\/li>\n<li>Commande \u00e0 l\u2019aide d\u2019une t\u00e9l\u00e9commande ergonomique et intuitive<\/li>\n<li>Montage simple gr\u00e2ce au syst\u00e8me de fixation rapide \u00e9prouv\u00e9<\/li>\n<li>Faible poids (33&nbsp;kg)<\/li>\n<\/ul>\n<p>Montage \u00c0 l\u2019aide du kit de fixation compris dans la livraison, vous pouvez installer l\u2019assistant de man\u0153uvre GO2 sur tous les ch\u00e2ssis courants avec profil\u00e9 en&nbsp;L ou en U. D\u2019autres accessoires ne sont g\u00e9n\u00e9ralement pas n\u00e9cessaires. Pour tous les autres ch\u00e2ssis (par exemple, pour AL-KO, BPW, Knott et Eriba Touring), une multitude d\u2019accessoires de montage sont disponibles.<br \/>\nDonn\u00e9es techniques<\/p>\n<p>Le GO2 est adapt\u00e9 aux caravanes \u00e0 un essieu d\u2019un poids maximal autoris\u00e9 de 1&nbsp;800&nbsp;kg<br \/>\nNombre max. Capacit\u00e9 ascensionnelle 13&nbsp;%<br \/>\nTension d\u2019alimentation 12&nbsp;V<br \/>\nConsommation \u00e9lectrique max.&nbsp;: 100&nbsp;A<br \/>\nConsommation \u00e9lectrique moyenne 28&nbsp;A (sur le plat avec un poids maximal autoris\u00e9 de 1&nbsp;800&nbsp;kg)<br \/>\nVitesse maximale 9&nbsp;m\/min<br \/>\nPoids 33&nbsp;kg<\/p>\n","protected":false},"excerpt":{"rendered":"<p>O2, le petit assistant de man\u0153uvre qui a tout d\u2019un grand. Man\u0153uvrez votre camping-car sans probl\u00e8me pour le garer \u00e0 l\u2019endroit voulu&nbsp;: L\u2019assistant de man\u0153uvre&nbsp;GO2 vous permet de vous garer en toute pr\u00e9cision et de proc\u00e9der \u00e0 un attelage ais\u00e9ment. Il vous suffit d\u2019engager\/d\u00e9sengager facilement le GO2 d\u2019un c\u00f4t\u00e9. Gr\u00e2ce au m\u00e9canisme sophistiqu\u00e9, il se [&hellip;]<\/p>\n","protected":false},"featured_media":211123,"template":"","meta":{"_acf_changed":false},"product_featured_cat":[],"product_brand":[],"product_cat":[4821],"product_tag":[],"class_list":{"0":"post-211125","1":"product","2":"type-product","3":"status-publish","4":"has-post-thumbnail","6":"product_cat-aide-a-la-manoeuvre","8":"first","9":"instock","10":"taxable","11":"shipping-taxable","12":"purchasable","13":"product-type-simple"},"acf":[],"yoast_head":"<!-- This site is optimized with the Yoast SEO plugin v27.4 - https:\/\/yoast.com\/product\/yoast-seo-wordpress\/ -->\n<title>Aide au classement GO2 - Bantam Wankm\u00fcller SA<\/title>\n<meta name=\"robots\" content=\"index, follow, max-snippet:-1, max-image-preview:large, max-video-preview:-1\" \/>\n<link rel=\"canonical\" href=\"https:\/\/shop.bantam.ch\/fr\/produit\/aide-au-classement-go2\/\" \/>\n<meta property=\"og:locale\" content=\"fr_FR\" \/>\n<meta property=\"og:type\" content=\"article\" \/>\n<meta property=\"og:title\" content=\"Aide au classement GO2 - Bantam Wankm\u00fcller SA\" \/>\n<meta property=\"og:description\" content=\"O2, le petit assistant de man\u0153uvre qui a tout d\u2019un grand. Man\u0153uvrez votre camping-car sans probl\u00e8me pour le garer \u00e0 l\u2019endroit voulu&nbsp;: L\u2019assistant de man\u0153uvre&nbsp;GO2 vous permet de vous garer en toute pr\u00e9cision et de proc\u00e9der \u00e0 un attelage ais\u00e9ment. Il vous suffit d\u2019engager\/d\u00e9sengager facilement le GO2 d\u2019un c\u00f4t\u00e9. Gr\u00e2ce au m\u00e9canisme sophistiqu\u00e9, il se [&hellip;]\" \/>\n<meta property=\"og:url\" content=\"https:\/\/shop.bantam.ch\/fr\/produit\/aide-au-classement-go2\/\" \/>\n<meta property=\"og:site_name\" content=\"Bantam Wankm\u00fcller SA\" \/>\n<meta property=\"article:modified_time\" content=\"2026-04-18T21:23:07+00:00\" \/>\n<meta name=\"twitter:card\" content=\"summary_large_image\" \/>\n<meta name=\"twitter:label1\" content=\"Dur\u00e9e de lecture estim\u00e9e\" \/>\n\t<meta name=\"twitter:data1\" content=\"1 minute\" \/>\n<script type=\"application\/ld+json\" class=\"yoast-schema-graph\">{\"@context\":\"https:\\\/\\\/schema.org\",\"@graph\":[{\"@type\":\"WebPage\",\"@id\":\"https:\\\/\\\/shop.bantam.ch\\\/fr\\\/produit\\\/aide-au-classement-go2\\\/\",\"url\":\"https:\\\/\\\/shop.bantam.ch\\\/fr\\\/produit\\\/aide-au-classement-go2\\\/\",\"name\":\"Aide au classement GO2 - Bantam Wankm\u00fcller SA\",\"isPartOf\":{\"@id\":\"https:\\\/\\\/shop.bantam.ch\\\/fr\\\/#website\"},\"primaryImageOfPage\":{\"@id\":\"https:\\\/\\\/shop.bantam.ch\\\/fr\\\/produit\\\/aide-au-classement-go2\\\/#primaryimage\"},\"image\":{\"@id\":\"https:\\\/\\\/shop.bantam.ch\\\/fr\\\/produit\\\/aide-au-classement-go2\\\/#primaryimage\"},\"thumbnailUrl\":\"https:\\\/\\\/shop.bantam.ch\\\/wp-content\\\/uploads\\\/2025\\\/03\\\/Movera-L-9943712100.jpg\",\"datePublished\":\"2025-03-14T13:28:40+00:00\",\"dateModified\":\"2026-04-18T21:23:07+00:00\",\"breadcrumb\":{\"@id\":\"https:\\\/\\\/shop.bantam.ch\\\/fr\\\/produit\\\/aide-au-classement-go2\\\/#breadcrumb\"},\"inLanguage\":\"fr-FR\",\"potentialAction\":[{\"@type\":\"ReadAction\",\"target\":[\"https:\\\/\\\/shop.bantam.ch\\\/fr\\\/produit\\\/aide-au-classement-go2\\\/\"]}]},{\"@type\":\"ImageObject\",\"inLanguage\":\"fr-FR\",\"@id\":\"https:\\\/\\\/shop.bantam.ch\\\/fr\\\/produit\\\/aide-au-classement-go2\\\/#primaryimage\",\"url\":\"https:\\\/\\\/shop.bantam.ch\\\/wp-content\\\/uploads\\\/2025\\\/03\\\/Movera-L-9943712100.jpg\",\"contentUrl\":\"https:\\\/\\\/shop.bantam.ch\\\/wp-content\\\/uploads\\\/2025\\\/03\\\/Movera-L-9943712100.jpg\",\"width\":640,\"height\":573},{\"@type\":\"BreadcrumbList\",\"@id\":\"https:\\\/\\\/shop.bantam.ch\\\/fr\\\/produit\\\/aide-au-classement-go2\\\/#breadcrumb\",\"itemListElement\":[{\"@type\":\"ListItem\",\"position\":1,\"name\":\"Accueil\",\"item\":\"https:\\\/\\\/shop.bantam.ch\\\/fr\\\/\"},{\"@type\":\"ListItem\",\"position\":2,\"name\":\"Boutique\",\"item\":\"https:\\\/\\\/shop.bantam.ch\\\/fr\\\/boutique\\\/\"},{\"@type\":\"ListItem\",\"position\":3,\"name\":\"Aide au classement GO2\"}]},{\"@type\":\"WebSite\",\"@id\":\"https:\\\/\\\/shop.bantam.ch\\\/fr\\\/#website\",\"url\":\"https:\\\/\\\/shop.bantam.ch\\\/fr\\\/\",\"name\":\"Bantam Wankm\u00fcller SA\",\"description\":\"\",\"publisher\":{\"@id\":\"https:\\\/\\\/shop.bantam.ch\\\/fr\\\/#organization\"},\"inLanguage\":\"fr-FR\"},{\"@type\":\"Organization\",\"@id\":\"https:\\\/\\\/shop.bantam.ch\\\/fr\\\/#organization\",\"name\":\"Bantam Wankm\u00fcller SA\",\"url\":\"https:\\\/\\\/shop.bantam.ch\\\/fr\\\/\",\"logo\":{\"@type\":\"ImageObject\",\"inLanguage\":\"fr-FR\",\"@id\":\"https:\\\/\\\/shop.bantam.ch\\\/fr\\\/#\\\/schema\\\/logo\\\/image\\\/\",\"url\":\"https:\\\/\\\/shop.bantam.ch\\\/wp-content\\\/uploads\\\/2022\\\/12\\\/bantam-logo.png\",\"contentUrl\":\"https:\\\/\\\/shop.bantam.ch\\\/wp-content\\\/uploads\\\/2022\\\/12\\\/bantam-logo.png\",\"width\":320,\"height\":71,\"caption\":\"Bantam Wankm\u00fcller SA\"},\"image\":{\"@id\":\"https:\\\/\\\/shop.bantam.ch\\\/fr\\\/#\\\/schema\\\/logo\\\/image\\\/\"}}]}<\/script>\n<!-- \/ Yoast SEO plugin. -->","yoast_head_json":{"title":"Aide au classement GO2 - Bantam Wankm\u00fcller SA","robots":{"index":"index","follow":"follow","max-snippet":"max-snippet:-1","max-image-preview":"max-image-preview:large","max-video-preview":"max-video-preview:-1"},"canonical":"https:\/\/shop.bantam.ch\/fr\/produit\/aide-au-classement-go2\/","og_locale":"fr_FR","og_type":"article","og_title":"Aide au classement GO2 - Bantam Wankm\u00fcller SA","og_description":"O2, le petit assistant de man\u0153uvre qui a tout d\u2019un grand. Man\u0153uvrez votre camping-car sans probl\u00e8me pour le garer \u00e0 l\u2019endroit voulu&nbsp;: L\u2019assistant de man\u0153uvre&nbsp;GO2 vous permet de vous garer en toute pr\u00e9cision et de proc\u00e9der \u00e0 un attelage ais\u00e9ment. Il vous suffit d\u2019engager\/d\u00e9sengager facilement le GO2 d\u2019un c\u00f4t\u00e9. Gr\u00e2ce au m\u00e9canisme sophistiqu\u00e9, il se [&hellip;]","og_url":"https:\/\/shop.bantam.ch\/fr\/produit\/aide-au-classement-go2\/","og_site_name":"Bantam Wankm\u00fcller SA","article_modified_time":"2026-04-18T21:23:07+00:00","twitter_card":"summary_large_image","twitter_misc":{"Dur\u00e9e de lecture estim\u00e9e":"1 minute"},"schema":{"@context":"https:\/\/schema.org","@graph":[{"@type":"WebPage","@id":"https:\/\/shop.bantam.ch\/fr\/produit\/aide-au-classement-go2\/","url":"https:\/\/shop.bantam.ch\/fr\/produit\/aide-au-classement-go2\/","name":"Aide au classement GO2 - Bantam Wankm\u00fcller SA","isPartOf":{"@id":"https:\/\/shop.bantam.ch\/fr\/#website"},"primaryImageOfPage":{"@id":"https:\/\/shop.bantam.ch\/fr\/produit\/aide-au-classement-go2\/#primaryimage"},"image":{"@id":"https:\/\/shop.bantam.ch\/fr\/produit\/aide-au-classement-go2\/#primaryimage"},"thumbnailUrl":"https:\/\/shop.bantam.ch\/wp-content\/uploads\/2025\/03\/Movera-L-9943712100.jpg","datePublished":"2025-03-14T13:28:40+00:00","dateModified":"2026-04-18T21:23:07+00:00","breadcrumb":{"@id":"https:\/\/shop.bantam.ch\/fr\/produit\/aide-au-classement-go2\/#breadcrumb"},"inLanguage":"fr-FR","potentialAction":[{"@type":"ReadAction","target":["https:\/\/shop.bantam.ch\/fr\/produit\/aide-au-classement-go2\/"]}]},{"@type":"ImageObject","inLanguage":"fr-FR","@id":"https:\/\/shop.bantam.ch\/fr\/produit\/aide-au-classement-go2\/#primaryimage","url":"https:\/\/shop.bantam.ch\/wp-content\/uploads\/2025\/03\/Movera-L-9943712100.jpg","contentUrl":"https:\/\/shop.bantam.ch\/wp-content\/uploads\/2025\/03\/Movera-L-9943712100.jpg","width":640,"height":573},{"@type":"BreadcrumbList","@id":"https:\/\/shop.bantam.ch\/fr\/produit\/aide-au-classement-go2\/#breadcrumb","itemListElement":[{"@type":"ListItem","position":1,"name":"Accueil","item":"https:\/\/shop.bantam.ch\/fr\/"},{"@type":"ListItem","position":2,"name":"Boutique","item":"https:\/\/shop.bantam.ch\/fr\/boutique\/"},{"@type":"ListItem","position":3,"name":"Aide au classement GO2"}]},{"@type":"WebSite","@id":"https:\/\/shop.bantam.ch\/fr\/#website","url":"https:\/\/shop.bantam.ch\/fr\/","name":"Bantam Wankm\u00fcller SA","description":"","publisher":{"@id":"https:\/\/shop.bantam.ch\/fr\/#organization"},"inLanguage":"fr-FR"},{"@type":"Organization","@id":"https:\/\/shop.bantam.ch\/fr\/#organization","name":"Bantam Wankm\u00fcller SA","url":"https:\/\/shop.bantam.ch\/fr\/","logo":{"@type":"ImageObject","inLanguage":"fr-FR","@id":"https:\/\/shop.bantam.ch\/fr\/#\/schema\/logo\/image\/","url":"https:\/\/shop.bantam.ch\/wp-content\/uploads\/2022\/12\/bantam-logo.png","contentUrl":"https:\/\/shop.bantam.ch\/wp-content\/uploads\/2022\/12\/bantam-logo.png","width":320,"height":71,"caption":"Bantam Wankm\u00fcller SA"},"image":{"@id":"https:\/\/shop.bantam.ch\/fr\/#\/schema\/logo\/image\/"}}]}},"_links":{"self":[{"href":"https:\/\/shop.bantam.ch\/fr\/wp-json\/wp\/v2\/product\/211125","targetHints":{"allow":["GET"]}}],"collection":[{"href":"https:\/\/shop.bantam.ch\/fr\/wp-json\/wp\/v2\/product"}],"about":[{"href":"https:\/\/shop.bantam.ch\/fr\/wp-json\/wp\/v2\/types\/product"}],"wp:featuredmedia":[{"embeddable":true,"href":"https:\/\/shop.bantam.ch\/fr\/wp-json\/wp\/v2\/media\/211123"}],"wp:attachment":[{"href":"https:\/\/shop.bantam.ch\/fr\/wp-json\/wp\/v2\/media?parent=211125"}],"wp:term":[{"taxonomy":"product_featured_cat","embeddable":true,"href":"https:\/\/shop.bantam.ch\/fr\/wp-json\/wp\/v2\/product_featured_cat?post=211125"},{"taxonomy":"product_brand","embeddable":true,"href":"https:\/\/shop.bantam.ch\/fr\/wp-json\/wp\/v2\/product_brand?post=211125"},{"taxonomy":"product_cat","embeddable":true,"href":"https:\/\/shop.bantam.ch\/fr\/wp-json\/wp\/v2\/product_cat?post=211125"},{"taxonomy":"product_tag","embeddable":true,"href":"https:\/\/shop.bantam.ch\/fr\/wp-json\/wp\/v2\/product_tag?post=211125"}],"curies":[{"name":"wp","href":"https:\/\/api.w.org\/{rel}","templated":true}]}}